{"id":29729,"date":"2025-11-27T06:32:09","date_gmt":"2025-11-27T06:32:09","guid":{"rendered":"https:\/\/hardnesstests.com\/?post_type=product&#038;p=29729"},"modified":"2025-11-27T06:32:09","modified_gmt":"2025-11-27T06:32:09","slug":"chv-50-vickers-hardness-tester","status":"publish","type":"product","link":"https:\/\/hardnesstests.com\/fr\/produit\/chv-50-vickers-hardness-tester\/","title":{"rendered":"(CHV-50) Testeur de duret\u00e9 Vickers"},"content":{"rendered":"<h1 style=\"font-weight: 400;\"><strong>Principales fonctions et caract\u00e9ristiques de la machine :<\/strong><\/h1>\n<ol>\n<li style=\"font-weight: 400;\">Le syst\u00e8me optique con\u00e7u par des ing\u00e9nieurs en optique chevronn\u00e9s permet non seulement d'obtenir des images claires, mais peut \u00e9galement \u00eatre utilis\u00e9 comme un simple microscope. La luminosit\u00e9 est r\u00e9glable, la vision est confortable et il n'est pas facile de se fatiguer apr\u00e8s une utilisation prolong\u00e9e ;<\/li>\n<li style=\"font-weight: 400;\">The industrial display screen can display the test method, test force, measured indentation length, hardness value, test force holding time, and number of measurements;<\/li>\n<li style=\"font-weight: 400;\">La coque en aluminium moul\u00e9 est form\u00e9e en une seule \u00e9tape, la structure est stable et ne se d\u00e9forme pas, la peinture de la voiture est de haute qualit\u00e9 et la r\u00e9sistance aux rayures est forte. Il est toujours aussi brillant apr\u00e8s des ann\u00e9es d'utilisation ;<\/li>\n<li style=\"font-weight: 400;\">Notre soci\u00e9t\u00e9 a la capacit\u00e9 de d\u00e9velopper, concevoir, produire et traiter de mani\u00e8re ind\u00e9pendante, et nos machines offrent des services de remplacement des pi\u00e8ces \u00e0 vie et de mise \u00e0 niveau de la maintenance ;<\/li>\n<li style=\"font-weight: 400;\">The CHV-50 model can input the measured indentation length on the button to obtain the hardness value;<\/li>\n<li style=\"font-weight: 400;\">The CHV-50 model can achieve: observation-test-measurement position switching is completed by a manual turret;<\/li>\n<\/ol>\n<h1 style=\"font-weight: 400;\"><strong>Principales utilisations et champ d'application :<\/strong><\/h1>\n<ol>\n<li style=\"font-weight: 400;\">Steel, non-ferrous metals, metal foil, cemented carbide, metal sheet, microstructure, carburization;<\/li>\n<li style=\"font-weight: 400;\">Carburizing, nitriding and decarburizing layer, surface hardening layer, electroplating layer, coating, heat treatment;<\/li>\n<li style=\"font-weight: 400;\">Glass, chips, ceramic materials;<\/li>\n<\/ol>\n<h1 style=\"font-weight: 400;\"><strong>Param\u00e8tres techniques :<\/strong><\/h1>\n<table>\n<tbody>\n<tr>\n<td width=\"151\">Nom du param\u00e8tre<\/td>\n<td width=\"378\">Donn\u00e9es de param\u00e8tres<\/td>\n<\/tr>\n<tr>\n<td width=\"151\">\u00c9chelle de duret\u00e9 Vickers<\/td>\n<td width=\"378\">HV0.3, HV0.5, HV1, HV2, HV2.5, HV3\uff0cHV5\uff0cHV10\uff0cHV20\uff0cHV30\uff0cHV50<\/td>\n<\/tr>\n<tr>\n<td width=\"151\">Affichage<\/td>\n<td width=\"378\">4-digit hardness value, 4-digit diagonal length (D1, D2),<\/p>\n<p>holding time, number of tests, conversion scale, light brightness, test force<\/td>\n<\/tr>\n<tr>\n<td width=\"151\">Force d'essai (Kgf)<\/td>\n<td width=\"378\">0.3\u30010.5\u30011\u30012\u30012.5\u30013\u30015\u300110\u300120\u300130\u300150kgf<\/td>\n<\/tr>\n<tr>\n<td width=\"151\">Mode test<\/td>\n<td width=\"378\">HV\/HK<\/td>\n<\/tr>\n<tr>\n<td width=\"151\">Objectif et interrupteur de p\u00e9n\u00e9tration<\/td>\n<td width=\"378\">Manual Switch<\/td>\n<\/tr>\n<tr>\n<td width=\"151\">Agrandissement de la mesure<\/td>\n<td width=\"378\">Dual objective lens measurement can measure 10X and 20X<\/td>\n<\/tr>\n<tr>\n<td width=\"151\">Contr\u00f4le du chargement<\/td>\n<td width=\"378\">Automatique (chargement\/maintien\/d\u00e9chargement)<\/td>\n<\/tr>\n<tr>\n<td width=\"151\">Temps de maintien de la force d'essai (s)<\/td>\n<td width=\"378\">1~98<\/td>\n<\/tr>\n<tr>\n<td width=\"151\">Canal optique<\/td>\n<td width=\"378\">Dual light channels (eyepiece and CCD camera channel)<\/td>\n<\/tr>\n<tr>\n<td width=\"151\">Syst\u00e8me optique<\/td>\n<td width=\"378\">Objective lens: 10\u00d7, 20\u00d7 (optional 40X) Eyepiece magnification: 10\u00d7 (optional 15X)<\/p>\n<p>Total magnification (\u03bcm): 100\u00d7, 200\u00d7 Measuring range (\u03bcm): 400<\/p>\n<p>Resolution (\u03bcm): 0.5<\/td>\n<\/tr>\n<tr>\n<td width=\"151\">Norme d'ex\u00e9cution<\/td>\n<td width=\"378\">ISO 6507\uff0cASTM E92\uff0cJIS Z2244\uff0cGB\/T 4340.2<\/td>\n<\/tr>\n<tr>\n<td width=\"151\">Plage de mesure de la duret\u00e9<\/td>\n<td width=\"378\">(5-9999)HV<\/td>\n<\/tr>\n<tr>\n<td width=\"151\">XY test table (optional)<\/td>\n<td width=\"378\">Size (mm): 100\u00d7100 Travel range (mm): 25\u00d725<\/p>\n<p>Lecture minimale (mm) : 0.01<\/td>\n<\/tr>\n<tr>\n<td width=\"151\">Hauteur maximale de l'\u00e9prouvette (mm)<\/td>\n<td width=\"378\">165<\/td>\n<\/tr>\n<tr>\n<td width=\"151\">Largeur maximale de l'\u00e9prouvette (mm)<\/td>\n<td width=\"378\">130 (Distance from the center line of the pressure head to the machine wall)<\/td>\n<\/tr>\n<tr>\n<td width=\"151\">Tension d'alimentation<\/td>\n<td width=\"378\">AC220V\/50HZ<\/td>\n<\/tr>\n<tr>\n<td width=\"151\">Dimensions (mm)<\/td>\n<td width=\"378\">585\u00d7200\u00d7630<\/td>\n<\/tr>\n<tr>\n<td width=\"151\">Poids (kg)<\/td>\n<td width=\"378\">42<\/td>\n<\/tr>\n<\/tbody>\n<\/table>\n<h1 style=\"font-weight: 500;\"><strong>Standard Configuration<\/strong><\/h1>\n<table>\n<tbody>\n<tr>\n<td width=\"308\">Unit\u00e9 principale<\/td>\n<td width=\"238\">1 unit<\/td>\n<\/tr>\n<tr>\n<td width=\"308\">Large and medium &#8220;V&#8221; test bench<\/td>\n<td width=\"238\">1 each<\/td>\n<\/tr>\n<tr>\n<td width=\"308\">Vis de r\u00e9glage horizontal<\/td>\n<td width=\"238\">4 pi\u00e8ces<\/td>\n<\/tr>\n<tr>\n<td width=\"308\">Cordon d'alimentation<\/td>\n<td width=\"238\">1 b\u00e2tonnet<\/td>\n<\/tr>\n<tr>\n<td width=\"308\">10X micrometer eyepiece<\/td>\n<td width=\"238\">1 pi\u00e8ce<\/td>\n<\/tr>\n<tr>\n<td width=\"308\">Bloc de duret\u00e9 Vickers<\/td>\n<td width=\"238\">2 pi\u00e8ces<\/td>\n<\/tr>\n<tr>\n<td width=\"308\">2A spare fuse<\/td>\n<td width=\"238\">2 pi\u00e8ces<\/td>\n<\/tr>\n<tr>\n<td width=\"308\">Certificat de produit<\/td>\n<td width=\"238\">1 portion<\/td>\n<\/tr>\n<tr>\n<td width=\"308\">Manuel d'instruction du produit<\/td>\n<td width=\"238\">1 portion<\/td>\n<\/tr>\n<\/tbody>\n<\/table>\n<p style=\"font-weight: 400;\"><strong>Note: Optional hardness tester measurement software can eliminate human errors, computer operation, improve efficiency, and achieve more precise accuracy.<\/strong><\/p>","protected":false},"excerpt":{"rendered":"<p>The Vickers Hardness Tester is a high-tech product integrating optics, mechanics and electronics. It adopts a closed-loop loading control system, with high test force accuracy, good repeatability and stability of the displayed value. The display screen of the instrument is intuitive and clear, easy to operate, and has an energy-saving mode. It has a high-magnification optical measurement system and an optical dual-channel structure, as well as new technologies such as photoelectric and photocoupler sensors. Through key operation, the length of the measured indentation can be input on the key, and the hardness value, conversion scale, test force, test force holding time and number of measurements can be displayed on the screen.<\/p>","protected":false},"featured_media":29730,"comment_status":"open","ping_status":"closed","template":"","meta":[],"product_brand":[],"product_cat":[70,73],"product_tag":[106],"class_list":{"0":"post-29729","1":"product","2":"type-product","3":"status-publish","4":"has-post-thumbnail","6":"product_cat-hardness-tester","7":"product_cat-sensor-vickers-hardness-tester","8":"product_tag-sensor-vickers-hardness-tester","10":"first","11":"instock","12":"shipping-taxable","13":"product-type-simple"},"yoast_head":"<!-- This site is optimized with the Yoast SEO Premium plugin v25.4 (Yoast SEO v27.4) - https:\/\/yoast.com\/product\/yoast-seo-premium-wordpress\/ -->\n<title>(CHV-50) Vickers Hardness Tester - hardnesstests<\/title>\n<meta name=\"robots\" content=\"index, follow, max-snippet:-1, max-image-preview:large, max-video-preview:-1\" \/>\n<link rel=\"canonical\" href=\"https:\/\/hardnesstests.com\/fr\/produit\/chv-50-vickers-hardness-tester\/\" \/>\n<meta property=\"og:locale\" content=\"fr_FR\" \/>\n<meta property=\"og:type\" content=\"article\" \/>\n<meta property=\"og:title\" content=\"(CHV-50) Vickers Hardness Tester\" \/>\n<meta property=\"og:description\" content=\"The Vickers Hardness Tester is a high-tech product integrating optics, mechanics and electronics. It adopts a closed-loop loading control system, with high test force accuracy, good repeatability and stability of the displayed value. The display screen of the instrument is intuitive and clear, easy to operate, and has an energy-saving mode. It has a high-magnification optical measurement system and an optical dual-channel structure, as well as new technologies such as photoelectric and photocoupler sensors. Through key operation, the length of the measured indentation can be input on the key, and the hardness value, conversion scale, test force, test force holding time and number of measurements can be displayed on the screen.\" \/>\n<meta property=\"og:url\" content=\"https:\/\/hardnesstests.com\/fr\/produit\/chv-50-vickers-hardness-tester\/\" \/>\n<meta property=\"og:site_name\" content=\"hardnesstests\" \/>\n<meta property=\"og:image\" content=\"https:\/\/hardnesstests.com\/wp-content\/uploads\/2025\/11\/CHV-50\u7ef4\u6c0f\u786c\u5ea6\u8ba1.jpg\" \/>\n\t<meta property=\"og:image:width\" content=\"800\" \/>\n\t<meta property=\"og:image:height\" content=\"800\" \/>\n\t<meta property=\"og:image:type\" content=\"image\/jpeg\" \/>\n<meta name=\"twitter:card\" content=\"summary_large_image\" \/>\n<meta name=\"twitter:label1\" content=\"Dur\u00e9e de lecture estim\u00e9e\" \/>\n\t<meta name=\"twitter:data1\" content=\"2 minutes\" \/>\n<script type=\"application\/ld+json\" class=\"yoast-schema-graph\">{\"@context\":\"https:\\\/\\\/schema.org\",\"@graph\":[{\"@type\":\"WebPage\",\"@id\":\"https:\\\/\\\/hardnesstests.com\\\/product\\\/chv-50-vickers-hardness-tester\\\/\",\"url\":\"https:\\\/\\\/hardnesstests.com\\\/product\\\/chv-50-vickers-hardness-tester\\\/\",\"name\":\"(CHV-50) Vickers Hardness Tester - hardnesstests\",\"isPartOf\":{\"@id\":\"https:\\\/\\\/hardnesstests.com\\\/tr\\\/#website\"},\"primaryImageOfPage\":{\"@id\":\"https:\\\/\\\/hardnesstests.com\\\/product\\\/chv-50-vickers-hardness-tester\\\/#primaryimage\"},\"image\":{\"@id\":\"https:\\\/\\\/hardnesstests.com\\\/product\\\/chv-50-vickers-hardness-tester\\\/#primaryimage\"},\"thumbnailUrl\":\"https:\\\/\\\/hardnesstests.com\\\/wp-content\\\/uploads\\\/2025\\\/11\\\/CHV-50\u7ef4\u6c0f\u786c\u5ea6\u8ba1.jpg\",\"datePublished\":\"2025-11-27T06:32:09+00:00\",\"breadcrumb\":{\"@id\":\"https:\\\/\\\/hardnesstests.com\\\/product\\\/chv-50-vickers-hardness-tester\\\/#breadcrumb\"},\"inLanguage\":\"fr-FR\",\"potentialAction\":[{\"@type\":\"ReadAction\",\"target\":[\"https:\\\/\\\/hardnesstests.com\\\/product\\\/chv-50-vickers-hardness-tester\\\/\"]}]},{\"@type\":\"ImageObject\",\"inLanguage\":\"fr-FR\",\"@id\":\"https:\\\/\\\/hardnesstests.com\\\/product\\\/chv-50-vickers-hardness-tester\\\/#primaryimage\",\"url\":\"https:\\\/\\\/hardnesstests.com\\\/wp-content\\\/uploads\\\/2025\\\/11\\\/CHV-50\u7ef4\u6c0f\u786c\u5ea6\u8ba1.jpg\",\"contentUrl\":\"https:\\\/\\\/hardnesstests.com\\\/wp-content\\\/uploads\\\/2025\\\/11\\\/CHV-50\u7ef4\u6c0f\u786c\u5ea6\u8ba1.jpg\",\"width\":800,\"height\":800,\"caption\":\"(CHV-50) Vickers Hardness Tester\"},{\"@type\":\"BreadcrumbList\",\"@id\":\"https:\\\/\\\/hardnesstests.com\\\/product\\\/chv-50-vickers-hardness-tester\\\/#breadcrumb\",\"itemListElement\":[{\"@type\":\"ListItem\",\"position\":1,\"name\":\"\u9996\u9875\",\"item\":\"https:\\\/\\\/hardnesstests.com\\\/\"},{\"@type\":\"ListItem\",\"position\":2,\"name\":\"products\",\"item\":\"https:\\\/\\\/hardnesstests.com\\\/products\\\/\"},{\"@type\":\"ListItem\",\"position\":3,\"name\":\"(CHV-50) Vickers Hardness Tester\"}]},{\"@type\":\"WebSite\",\"@id\":\"https:\\\/\\\/hardnesstests.com\\\/tr\\\/#website\",\"url\":\"https:\\\/\\\/hardnesstests.com\\\/tr\\\/\",\"name\":\"hardnesstests\",\"description\":\"\",\"publisher\":{\"@id\":\"https:\\\/\\\/hardnesstests.com\\\/tr\\\/#organization\"},\"potentialAction\":[{\"@type\":\"SearchAction\",\"target\":{\"@type\":\"EntryPoint\",\"urlTemplate\":\"https:\\\/\\\/hardnesstests.com\\\/tr\\\/?s={search_term_string}\"},\"query-input\":{\"@type\":\"PropertyValueSpecification\",\"valueRequired\":true,\"valueName\":\"search_term_string\"}}],\"inLanguage\":\"fr-FR\"},{\"@type\":\"Organization\",\"@id\":\"https:\\\/\\\/hardnesstests.com\\\/tr\\\/#organization\",\"name\":\"hardnesstests\",\"url\":\"https:\\\/\\\/hardnesstests.com\\\/tr\\\/\",\"logo\":{\"@type\":\"ImageObject\",\"inLanguage\":\"fr-FR\",\"@id\":\"https:\\\/\\\/hardnesstests.com\\\/tr\\\/#\\\/schema\\\/logo\\\/image\\\/\",\"url\":\"https:\\\/\\\/hardnesstests.com\\\/wp-content\\\/uploads\\\/2021\\\/08\\\/\u5fae\u4fe1\u56fe\u7247_20251029102004_335_1287.png\",\"contentUrl\":\"https:\\\/\\\/hardnesstests.com\\\/wp-content\\\/uploads\\\/2021\\\/08\\\/\u5fae\u4fe1\u56fe\u7247_20251029102004_335_1287.png\",\"width\":1308,\"height\":467,\"caption\":\"hardnesstests\"},\"image\":{\"@id\":\"https:\\\/\\\/hardnesstests.com\\\/tr\\\/#\\\/schema\\\/logo\\\/image\\\/\"}}]}<\/script>\n<!-- \/ Yoast SEO Premium plugin. -->","yoast_head_json":{"title":"(CHV-50) Vickers Hardness Tester - hardnesstests","robots":{"index":"index","follow":"follow","max-snippet":"max-snippet:-1","max-image-preview":"max-image-preview:large","max-video-preview":"max-video-preview:-1"},"canonical":"https:\/\/hardnesstests.com\/fr\/produit\/chv-50-vickers-hardness-tester\/","og_locale":"fr_FR","og_type":"article","og_title":"(CHV-50) Vickers Hardness Tester","og_description":"The Vickers Hardness Tester is a high-tech product integrating optics, mechanics and electronics. It adopts a closed-loop loading control system, with high test force accuracy, good repeatability and stability of the displayed value. The display screen of the instrument is intuitive and clear, easy to operate, and has an energy-saving mode. It has a high-magnification optical measurement system and an optical dual-channel structure, as well as new technologies such as photoelectric and photocoupler sensors. Through key operation, the length of the measured indentation can be input on the key, and the hardness value, conversion scale, test force, test force holding time and number of measurements can be displayed on the screen.","og_url":"https:\/\/hardnesstests.com\/fr\/produit\/chv-50-vickers-hardness-tester\/","og_site_name":"hardnesstests","og_image":[{"width":800,"height":800,"url":"https:\/\/hardnesstests.com\/wp-content\/uploads\/2025\/11\/CHV-50\u7ef4\u6c0f\u786c\u5ea6\u8ba1.jpg","type":"image\/jpeg"}],"twitter_card":"summary_large_image","twitter_misc":{"Dur\u00e9e de lecture estim\u00e9e":"2 minutes"},"schema":{"@context":"https:\/\/schema.org","@graph":[{"@type":"WebPage","@id":"https:\/\/hardnesstests.com\/product\/chv-50-vickers-hardness-tester\/","url":"https:\/\/hardnesstests.com\/product\/chv-50-vickers-hardness-tester\/","name":"(CHV-50) Vickers Hardness Tester - hardnesstests","isPartOf":{"@id":"https:\/\/hardnesstests.com\/tr\/#website"},"primaryImageOfPage":{"@id":"https:\/\/hardnesstests.com\/product\/chv-50-vickers-hardness-tester\/#primaryimage"},"image":{"@id":"https:\/\/hardnesstests.com\/product\/chv-50-vickers-hardness-tester\/#primaryimage"},"thumbnailUrl":"https:\/\/hardnesstests.com\/wp-content\/uploads\/2025\/11\/CHV-50\u7ef4\u6c0f\u786c\u5ea6\u8ba1.jpg","datePublished":"2025-11-27T06:32:09+00:00","breadcrumb":{"@id":"https:\/\/hardnesstests.com\/product\/chv-50-vickers-hardness-tester\/#breadcrumb"},"inLanguage":"fr-FR","potentialAction":[{"@type":"ReadAction","target":["https:\/\/hardnesstests.com\/product\/chv-50-vickers-hardness-tester\/"]}]},{"@type":"ImageObject","inLanguage":"fr-FR","@id":"https:\/\/hardnesstests.com\/product\/chv-50-vickers-hardness-tester\/#primaryimage","url":"https:\/\/hardnesstests.com\/wp-content\/uploads\/2025\/11\/CHV-50\u7ef4\u6c0f\u786c\u5ea6\u8ba1.jpg","contentUrl":"https:\/\/hardnesstests.com\/wp-content\/uploads\/2025\/11\/CHV-50\u7ef4\u6c0f\u786c\u5ea6\u8ba1.jpg","width":800,"height":800,"caption":"(CHV-50) Vickers Hardness Tester"},{"@type":"BreadcrumbList","@id":"https:\/\/hardnesstests.com\/product\/chv-50-vickers-hardness-tester\/#breadcrumb","itemListElement":[{"@type":"ListItem","position":1,"name":"\u9996\u9875","item":"https:\/\/hardnesstests.com\/"},{"@type":"ListItem","position":2,"name":"products","item":"https:\/\/hardnesstests.com\/products\/"},{"@type":"ListItem","position":3,"name":"(CHV-50) Vickers Hardness Tester"}]},{"@type":"WebSite","@id":"https:\/\/hardnesstests.com\/tr\/#website","url":"https:\/\/hardnesstests.com\/tr\/","name":"hardnesstests","description":"","publisher":{"@id":"https:\/\/hardnesstests.com\/tr\/#organization"},"potentialAction":[{"@type":"SearchAction","target":{"@type":"EntryPoint","urlTemplate":"https:\/\/hardnesstests.com\/tr\/?s={search_term_string}"},"query-input":{"@type":"PropertyValueSpecification","valueRequired":true,"valueName":"search_term_string"}}],"inLanguage":"fr-FR"},{"@type":"Organization","@id":"https:\/\/hardnesstests.com\/tr\/#organization","name":"hardnesstests","url":"https:\/\/hardnesstests.com\/tr\/","logo":{"@type":"ImageObject","inLanguage":"fr-FR","@id":"https:\/\/hardnesstests.com\/tr\/#\/schema\/logo\/image\/","url":"https:\/\/hardnesstests.com\/wp-content\/uploads\/2021\/08\/\u5fae\u4fe1\u56fe\u7247_20251029102004_335_1287.png","contentUrl":"https:\/\/hardnesstests.com\/wp-content\/uploads\/2021\/08\/\u5fae\u4fe1\u56fe\u7247_20251029102004_335_1287.png","width":1308,"height":467,"caption":"hardnesstests"},"image":{"@id":"https:\/\/hardnesstests.com\/tr\/#\/schema\/logo\/image\/"}}]}},"_links":{"self":[{"href":"https:\/\/hardnesstests.com\/fr\/wp-json\/wp\/v2\/product\/29729","targetHints":{"allow":["GET"]}}],"collection":[{"href":"https:\/\/hardnesstests.com\/fr\/wp-json\/wp\/v2\/product"}],"about":[{"href":"https:\/\/hardnesstests.com\/fr\/wp-json\/wp\/v2\/types\/product"}],"replies":[{"embeddable":true,"href":"https:\/\/hardnesstests.com\/fr\/wp-json\/wp\/v2\/comments?post=29729"}],"version-history":[{"count":1,"href":"https:\/\/hardnesstests.com\/fr\/wp-json\/wp\/v2\/product\/29729\/revisions"}],"predecessor-version":[{"id":29731,"href":"https:\/\/hardnesstests.com\/fr\/wp-json\/wp\/v2\/product\/29729\/revisions\/29731"}],"wp:featuredmedia":[{"embeddable":true,"href":"https:\/\/hardnesstests.com\/fr\/wp-json\/wp\/v2\/media\/29730"}],"wp:attachment":[{"href":"https:\/\/hardnesstests.com\/fr\/wp-json\/wp\/v2\/media?parent=29729"}],"wp:term":[{"taxonomy":"product_brand","embeddable":true,"href":"https:\/\/hardnesstests.com\/fr\/wp-json\/wp\/v2\/product_brand?post=29729"},{"taxonomy":"product_cat","embeddable":true,"href":"https:\/\/hardnesstests.com\/fr\/wp-json\/wp\/v2\/product_cat?post=29729"},{"taxonomy":"product_tag","embeddable":true,"href":"https:\/\/hardnesstests.com\/fr\/wp-json\/wp\/v2\/product_tag?post=29729"}],"curies":[{"name":"wp","href":"https:\/\/api.w.org\/{rel}","templated":true}]}}