{"id":29671,"date":"2025-11-26T07:38:52","date_gmt":"2025-11-26T07:38:52","guid":{"rendered":"https:\/\/hardnesstests.com\/?post_type=product&#038;p=29671"},"modified":"2025-11-27T06:09:13","modified_gmt":"2025-11-27T06:09:13","slug":"pchbst-3000-visual-touch-screen-digital-display-brinell-hardness-tester","status":"publish","type":"product","link":"https:\/\/hardnesstests.com\/fr\/produit\/pchbst-3000-visual-touch-screen-digital-display-brinell-hardness-tester\/","title":{"rendered":"(PCHBST-3000) Appareil d'essai de duret\u00e9 Brinell \u00e0 \u00e9cran tactile visuel et \u00e0 affichage num\u00e9rique"},"content":{"rendered":"<p>Int\u00e9gration d'une tablette informatique industrielle, supportant l'extension USB<\/p>\n<p>Affichage visuel de l'indentation et mesure automatique de la duret\u00e9<\/p>\n<p>G\u00e9n\u00e9ration automatique d'un rapport WORD pour r\u00e9pondre aux besoins du personnel d'essai<\/p>\n<p style=\"font-weight: 400;\">PCHBST-3000 touch screen digital display Brinell hardness tester, only need to operate a touch tablet computer, easy to get the measurement! And all the parameters required for the test can be selected, modified and analyzed directly on the computer. By linking the CCD measurement and acquisition system, it can display clear indentation image dynamics on the PC in real time, and can also directly lock the indentation to automatically measure the hardness value, automatically save the test data, and generate a report. The operation is very simple and fast, eliminating human measurement errors. With a tablet computer as a platform, more application functions can be extended through the Internet, and devices such as external monitors and printers can also be connected.<\/p>\n<p style=\"font-weight: 400;\">Le syst\u00e8me logiciel de l'appareil d'essai de duret\u00e9 adopte une programmation intelligente par ordinateur, utilise la technologie du capteur photo\u00e9lectrique et s\u00e9lectionne ind\u00e9pendamment les conditions d'essai. La m\u00e9thode d'essai, les limites sup\u00e9rieure et inf\u00e9rieure peuvent \u00eatre affich\u00e9es sur l'\u00e9cran tactile multifonctionnel de 5,6 pouces, et la longueur d'indentation, la valeur de duret\u00e9 et la valeur de conversion peuvent \u00eatre mesur\u00e9es, la force d'essai, le temps de maintien, le nombre de mesures, et peuvent entrer l'ann\u00e9e, le mois, la date, les r\u00e9sultats d'essai et le traitement des donn\u00e9es, etc. et peuvent sortir les donn\u00e9es de mesure via une imprimante int\u00e9gr\u00e9e ou se connecter \u00e0 un ordinateur via une interface de donn\u00e9es. Le syst\u00e8me optique adopte une mesure optique LED \u00e0 fort grossissement, la clart\u00e9 de l'image est \u00e9lev\u00e9e, la luminosit\u00e9 est r\u00e9glable et le fonctionnement \u00e0 long terme n'est pas adapt\u00e9 \u00e0 la fatigue. Le syst\u00e8me mat\u00e9riel utilise une technologie avanc\u00e9e de chargement de capteurs \u00e9lectroniques. Gr\u00e2ce au syst\u00e8me de contr\u00f4le en boucle ferm\u00e9e, l'unit\u00e9 centrale contr\u00f4le le capteur pour collecter les signaux. Le moteur pas \u00e0 pas charge et d\u00e9charge automatiquement la force d'essai et peut compenser automatiquement la force d'essai pour garantir des valeurs de force plus pr\u00e9cises et de meilleures indications. Stabilisation. L'appareil est \u00e9galement \u00e9quip\u00e9 d'un dispositif d'arr\u00eat d'urgence qui r\u00e9pond aux normes de s\u00e9curit\u00e9 CE de l'UE. Avec un fonctionnement humanis\u00e9, la stabilit\u00e9 et la s\u00e9curit\u00e9 sont plus fiables.<\/p>\n<table>\n<tbody>\n<tr>\n<td>\n<h1><strong>Principales fonctions et caract\u00e9ristiques :<\/strong><\/h1>\n<\/td>\n<\/tr>\n<\/tbody>\n<\/table>\n<ol>\n<li style=\"font-weight: 400;\">Cette machine pr\u00e9sente les caract\u00e9ristiques suivantes : haute pr\u00e9cision, haute r\u00e9p\u00e9tabilit\u00e9 et stabilit\u00e9, simplicit\u00e9 d'utilisation, commodit\u00e9 et praticit\u00e9, co\u00fbt \u00e9lev\u00e9 ;<\/li>\n<li style=\"font-weight: 400;\">Poss\u00e8de une capacit\u00e9 de test de niveau 10 et peut tester une gamme plus large ;<\/li>\n<li style=\"font-weight: 400;\">\u00c9quip\u00e9 d'un oculaire de microm\u00e8tre \u00e0 affichage num\u00e9rique et d'un syst\u00e8me de calcul pr\u00e9cis des donn\u00e9es, la valeur de duret\u00e9 peut \u00eatre affich\u00e9e directement d'une simple pression ;<\/li>\n<li style=\"font-weight: 400;\">The system comes with a calibration function, which can manually adjust the input calibration instrument, and can also calibrate the eyepiece magnification.<\/li>\n<li style=\"font-weight: 400;\">Adjustable range of optical system brightness: 0-100<\/li>\n<li style=\"font-weight: 400;\">It can store up to 100 sets of test data<\/li>\n<li style=\"font-weight: 400;\">The operating system can be converted between Chinese and English<\/li>\n<li style=\"font-weight: 400;\">The main interface can display 5 conversion rulers at the same time<\/li>\n<li style=\"font-weight: 400;\">\u00c9quip\u00e9 d'une imprimante int\u00e9gr\u00e9e pour sortir les donn\u00e9es de mesure ou se connecter \u00e0 l'ordinateur pour transmettre les donn\u00e9es de mesure de l'h\u00f4te \u00e0 l'ordinateur pour l'\u00e9dition et l'enregistrement ;<\/li>\n<li style=\"font-weight: 400;\">\u00c9quip\u00e9 d'un moteur pas \u00e0 pas haute performance pour charger et d\u00e9charger automatiquement la force d'essai, le bruit g\u00e9n\u00e9r\u00e9 pendant l'essai est plus faible.<\/li>\n<li style=\"font-weight: 400;\">Gr\u00e2ce \u00e0 la technologie des capteurs photo\u00e9lectriques et au syst\u00e8me de contr\u00f4le par micro-ordinateur, il peut compenser automatiquement et les r\u00e9sultats des tests sont pr\u00e9cis et stables ;<\/li>\n<li style=\"font-weight: 400;\">La saisie automatique du diam\u00e8tre d'indentation et l'affichage direct de la valeur de duret\u00e9 permettent un double affichage de n'importe quelle unit\u00e9 de duret\u00e9, ce qui \u00e9vite l'utilisation d'un tableau de contr\u00f4le encombrant ;<\/li>\n<li style=\"font-weight: 400;\">Conception autonome de la mesure optique par LED \u00e0 fort grossissement, grande clart\u00e9 de l'image, luminosit\u00e9 r\u00e9glable, le fonctionnement \u00e0 long terme n'est pas adapt\u00e9 \u00e0 la fatigue ;<\/li>\n<li style=\"font-weight: 400;\">La coque est coul\u00e9e en une seule fois, la structure est stable et ne se d\u00e9forme pas, et elle peut fonctionner dans un environnement relativement difficile ;<\/li>\n<li style=\"font-weight: 400;\">The surface is treated with the car paint process, which has strong scratching ability and is still bright as new after years of use;<\/li>\n<\/ol>\n<h1 style=\"font-weight: 400;\">\u00a0<strong>Main purpose and scope of use<\/strong>:<\/h1>\n<ol>\n<li style=\"font-weight: 400;\">It is suitable for the hardness tester test of metal materials with large grains, which can reflect the comprehensive performance of the material;<\/li>\n<li style=\"font-weight: 400;\">Cast iron, steel, non-ferrous metals, especially for softer metals, such as pure aluminum, lead, tin, etc.<\/li>\n<li style=\"font-weight: 400;\">It can be used to measure the hardness of some non-metallic materials such as hard plastics, bakelite, etc.<\/li>\n<\/ol>\n<table>\n<tbody>\n<tr>\n<td>\n<h1><strong>Param\u00e8tres techniques :<\/strong><\/h1>\n<\/td>\n<\/tr>\n<\/tbody>\n<\/table>\n<table>\n<tbody>\n<tr>\n<td width=\"138\">Mod\u00e8le de produit<\/td>\n<td width=\"450\">PCHBST-3000<\/td>\n<\/tr>\n<tr>\n<td width=\"138\">R\u00e8gle de Brinell<\/td>\n<td width=\"450\">HBW2.5\/62.5 HBW2.5\/187.5 HBW5\/62.5 HBW5\/125 HBW5\/250 HBW5\/750 HBW10\/100\u3001 HBW10\/250 HBW10\/500 HBW10\/1000 HBW10\/1500 HBW10\/3000<\/td>\n<\/tr>\n<tr>\n<td width=\"138\">Force d'essai<\/td>\n<td width=\"450\">62.5kgf(612.9N)100kgf(980.7N)125kgf(1226N)187.5kgf(1839N)250kgf(2452N)500kgf(4903N)750kgf(7355N)1000kgf(8907N)1500kgf(14710N)3000kgf(29420N)<\/td>\n<\/tr>\n<tr>\n<td width=\"138\">Contr\u00f4le du chargement<\/td>\n<td width=\"450\">Automatique (chargement\/tenue\/d\u00e9chargement)<\/td>\n<\/tr>\n<tr>\n<td width=\"138\">Hauteur maximale de l'\u00e9chantillon<\/td>\n<td width=\"450\">220 mm<\/td>\n<\/tr>\n<tr>\n<td width=\"138\">Distance entre l'int\u00e9rieur et l'ext\u00e9rieur de la paroi<\/td>\n<td width=\"450\">135 mm<\/td>\n<\/tr>\n<tr>\n<td width=\"138\">Distance entre le p\u00e9n\u00e9trateur et la paroi sup\u00e9rieure<\/td>\n<td width=\"450\">55mm\uff08La distance entre le p\u00e9n\u00e9trateur et la paroi sup\u00e9rieure de la machine peut \u00eatre augment\u00e9e en adaptant le p\u00e9n\u00e9trateur \uff09<\/td>\n<\/tr>\n<tr>\n<td width=\"138\">Plus petite unit\u00e9 de mesure<\/td>\n<td width=\"450\">0,125um<\/td>\n<\/tr>\n<tr>\n<td width=\"138\">Temps d'attente<\/td>\n<td width=\"450\">0~60s<\/td>\n<\/tr>\n<tr>\n<td width=\"138\">Plage d'essai de duret\u00e9<\/td>\n<td width=\"450\">8~650HBW<\/td>\n<\/tr>\n<tr>\n<td width=\"138\">Lecture de la duret\u00e9<\/td>\n<td width=\"450\">PCAMesure automatique de la duret\u00e9<\/td>\n<\/tr>\n<tr>\n<td width=\"138\">Correction d'erreurs<\/td>\n<td width=\"450\">Le syst\u00e8me \u00e9talonne la duret\u00e9 \u00e0 tout moment<\/td>\n<\/tr>\n<tr>\n<td width=\"138\">Jugement qualifi\u00e9<\/td>\n<td width=\"450\">La gamme qualifi\u00e9e peut \u00eatre d\u00e9finie et la machine rappelle automatiquement si elle est qualifi\u00e9e.<\/td>\n<\/tr>\n<tr>\n<td width=\"138\">Grossissement total<\/td>\n<td width=\"450\">20X<\/td>\n<\/tr>\n<tr>\n<td width=\"138\">Norme ex\u00e9cutive<\/td>\n<td width=\"450\">EN ISO 6506, , ASTM E-10-08, GB\/T231.2\uff0cJJG150 -2005<\/td>\n<\/tr>\n<tr>\n<td width=\"138\">Sortie de donn\u00e9es<\/td>\n<td width=\"450\">Built-in printer, hyper terminal.<\/td>\n<\/tr>\n<tr>\n<td width=\"138\">l'alimentation \u00e9lectrique<\/td>\n<td width=\"450\">AC220<u>+<\/u>5%, 50~60Hz<\/td>\n<\/tr>\n<tr>\n<td width=\"138\">Taille totale (mm)<\/td>\n<td width=\"450\">520*210*745mm<\/td>\n<\/tr>\n<tr>\n<td width=\"138\">Poids de l'h\u00f4te<\/td>\n<td width=\"450\">Environ 125 kg<\/td>\n<\/tr>\n<\/tbody>\n<\/table>","protected":false},"excerpt":{"rendered":"<p data-start=\"171\" data-end=\"538\">Le <strong data-start=\"175\" data-end=\"190\">PCHBST-3000<\/strong> integrates an industrial tablet computer for <strong data-start=\"236\" data-end=\"265\">intuitive touch operation<\/strong> and supports <strong data-start=\"279\" data-end=\"296\">USB expansion<\/strong> for external devices like monitors and printers. It provides <strong data-start=\"358\" data-end=\"388\">affichage visuel de l'indentation<\/strong> with real-time CCD imaging, enabling automatic hardness measurement, data saving, and <strong data-start=\"475\" data-end=\"509\">instant WORD report generation<\/strong>, eliminating human errors.<\/p>\n<p data-start=\"540\" data-end=\"973\">Its <strong data-start=\"544\" data-end=\"575\">intelligent software system<\/strong> allows direct selection, modification, and analysis of test parameters. The <strong data-start=\"652\" data-end=\"692\">5.6-inch multifunctional touchscreen<\/strong> displays test force, hold time, indentation length, hardness value, conversions, and other test data. Advanced <strong data-start=\"804\" data-end=\"829\">photoelectric sensors<\/strong>, <strong data-start=\"831\" data-end=\"864\">high-magnification LED optics<\/strong>, and a <strong data-start=\"872\" data-end=\"914\">stepper motor with closed-loop control<\/strong> ensure <strong data-start=\"922\" data-end=\"970\">un fonctionnement pr\u00e9cis, stable et sans fatigue<\/strong>.<\/p>\n<p data-start=\"975\" data-end=\"1143\">Built-in <strong data-start=\"984\" data-end=\"1002\">emergency stop<\/strong> and EU CE compliance provide <strong data-start=\"1032\" data-end=\"1051\">reliable safety<\/strong>, while the tablet platform allows <strong data-start=\"1086\" data-end=\"1114\">internet-based expansion<\/strong> and flexible connectivity.<\/p>","protected":false},"featured_media":29672,"comment_status":"open","ping_status":"closed","template":"","meta":[],"product_brand":[],"product_cat":[75,70],"product_tag":[105],"class_list":{"0":"post-29671","1":"product","2":"type-product","3":"status-publish","4":"has-post-thumbnail","6":"product_cat-brinell-hardness-tester","7":"product_cat-hardness-tester","8":"product_tag-brinell-hardness-tester","10":"first","11":"instock","12":"shipping-taxable","13":"product-type-simple"},"yoast_head":"<!-- This site is optimized with the Yoast SEO Premium plugin v25.4 (Yoast SEO v27.4) - https:\/\/yoast.com\/product\/yoast-seo-premium-wordpress\/ -->\n<title>(PCHBST-3000) visual touch screen digital display Brinell hardness tester - hardnesstests<\/title>\n<meta name=\"robots\" content=\"index, follow, max-snippet:-1, max-image-preview:large, max-video-preview:-1\" \/>\n<link rel=\"canonical\" href=\"https:\/\/hardnesstests.com\/fr\/produit\/pchbst-3000-visual-touch-screen-digital-display-brinell-hardness-tester\/\" \/>\n<meta property=\"og:locale\" content=\"fr_FR\" \/>\n<meta property=\"og:type\" content=\"article\" \/>\n<meta property=\"og:title\" content=\"(PCHBST-3000) visual touch screen digital display Brinell hardness tester\" \/>\n<meta property=\"og:description\" content=\"The PCHBST-3000 integrates an industrial tablet computer for intuitive touch operation and supports USB expansion for external devices like monitors and printers. It provides visual indentation display with real-time CCD imaging, enabling automatic hardness measurement, data saving, and instant WORD report generation, eliminating human errors. Its intelligent software system allows direct selection, modification, and analysis of test parameters. The 5.6-inch multifunctional touchscreen displays test force, hold time, indentation length, hardness value, conversions, and other test data. Advanced photoelectric sensors, high-magnification LED optics, and a stepper motor with closed-loop control ensure accurate, stable, and fatigue-free operation. Built-in emergency stop and EU CE compliance provide reliable safety, while the tablet platform allows internet-based expansion and flexible connectivity.\" \/>\n<meta property=\"og:url\" content=\"https:\/\/hardnesstests.com\/fr\/produit\/pchbst-3000-visual-touch-screen-digital-display-brinell-hardness-tester\/\" \/>\n<meta property=\"og:site_name\" content=\"hardnesstests\" \/>\n<meta property=\"article:modified_time\" content=\"2025-11-27T06:09:13+00:00\" \/>\n<meta property=\"og:image\" content=\"https:\/\/hardnesstests.com\/wp-content\/uploads\/2025\/11\/PCHBST-3000\u89c6\u89c9\u89e6\u6478\u5c4f\u6570\u663e\u5e03\u6c0f\u786c\u5ea6\u8ba1.jpg\" \/>\n\t<meta property=\"og:image:width\" content=\"800\" \/>\n\t<meta property=\"og:image:height\" content=\"800\" \/>\n\t<meta property=\"og:image:type\" content=\"image\/jpeg\" \/>\n<meta name=\"twitter:card\" content=\"summary_large_image\" \/>\n<meta name=\"twitter:label1\" content=\"Dur\u00e9e de lecture estim\u00e9e\" \/>\n\t<meta name=\"twitter:data1\" content=\"4 minutes\" \/>\n<script type=\"application\/ld+json\" class=\"yoast-schema-graph\">{\"@context\":\"https:\\\/\\\/schema.org\",\"@graph\":[{\"@type\":\"WebPage\",\"@id\":\"https:\\\/\\\/hardnesstests.com\\\/product\\\/pchbst-3000-visual-touch-screen-digital-display-brinell-hardness-tester\\\/\",\"url\":\"https:\\\/\\\/hardnesstests.com\\\/product\\\/pchbst-3000-visual-touch-screen-digital-display-brinell-hardness-tester\\\/\",\"name\":\"(PCHBST-3000) visual touch screen digital display Brinell hardness tester - hardnesstests\",\"isPartOf\":{\"@id\":\"https:\\\/\\\/hardnesstests.com\\\/tr\\\/#website\"},\"primaryImageOfPage\":{\"@id\":\"https:\\\/\\\/hardnesstests.com\\\/product\\\/pchbst-3000-visual-touch-screen-digital-display-brinell-hardness-tester\\\/#primaryimage\"},\"image\":{\"@id\":\"https:\\\/\\\/hardnesstests.com\\\/product\\\/pchbst-3000-visual-touch-screen-digital-display-brinell-hardness-tester\\\/#primaryimage\"},\"thumbnailUrl\":\"https:\\\/\\\/hardnesstests.com\\\/wp-content\\\/uploads\\\/2025\\\/11\\\/PCHBST-3000\u89c6\u89c9\u89e6\u6478\u5c4f\u6570\u663e\u5e03\u6c0f\u786c\u5ea6\u8ba1.jpg\",\"datePublished\":\"2025-11-26T07:38:52+00:00\",\"dateModified\":\"2025-11-27T06:09:13+00:00\",\"breadcrumb\":{\"@id\":\"https:\\\/\\\/hardnesstests.com\\\/product\\\/pchbst-3000-visual-touch-screen-digital-display-brinell-hardness-tester\\\/#breadcrumb\"},\"inLanguage\":\"fr-FR\",\"potentialAction\":[{\"@type\":\"ReadAction\",\"target\":[\"https:\\\/\\\/hardnesstests.com\\\/product\\\/pchbst-3000-visual-touch-screen-digital-display-brinell-hardness-tester\\\/\"]}]},{\"@type\":\"ImageObject\",\"inLanguage\":\"fr-FR\",\"@id\":\"https:\\\/\\\/hardnesstests.com\\\/product\\\/pchbst-3000-visual-touch-screen-digital-display-brinell-hardness-tester\\\/#primaryimage\",\"url\":\"https:\\\/\\\/hardnesstests.com\\\/wp-content\\\/uploads\\\/2025\\\/11\\\/PCHBST-3000\u89c6\u89c9\u89e6\u6478\u5c4f\u6570\u663e\u5e03\u6c0f\u786c\u5ea6\u8ba1.jpg\",\"contentUrl\":\"https:\\\/\\\/hardnesstests.com\\\/wp-content\\\/uploads\\\/2025\\\/11\\\/PCHBST-3000\u89c6\u89c9\u89e6\u6478\u5c4f\u6570\u663e\u5e03\u6c0f\u786c\u5ea6\u8ba1.jpg\",\"width\":800,\"height\":800,\"caption\":\"(PCHBST-3000) visual touch screen digital display Brinell hardness tester\"},{\"@type\":\"BreadcrumbList\",\"@id\":\"https:\\\/\\\/hardnesstests.com\\\/product\\\/pchbst-3000-visual-touch-screen-digital-display-brinell-hardness-tester\\\/#breadcrumb\",\"itemListElement\":[{\"@type\":\"ListItem\",\"position\":1,\"name\":\"\u9996\u9875\",\"item\":\"https:\\\/\\\/hardnesstests.com\\\/\"},{\"@type\":\"ListItem\",\"position\":2,\"name\":\"products\",\"item\":\"https:\\\/\\\/hardnesstests.com\\\/products\\\/\"},{\"@type\":\"ListItem\",\"position\":3,\"name\":\"(PCHBST-3000) visual touch screen digital display Brinell hardness tester\"}]},{\"@type\":\"WebSite\",\"@id\":\"https:\\\/\\\/hardnesstests.com\\\/tr\\\/#website\",\"url\":\"https:\\\/\\\/hardnesstests.com\\\/tr\\\/\",\"name\":\"hardnesstests\",\"description\":\"\",\"publisher\":{\"@id\":\"https:\\\/\\\/hardnesstests.com\\\/tr\\\/#organization\"},\"potentialAction\":[{\"@type\":\"SearchAction\",\"target\":{\"@type\":\"EntryPoint\",\"urlTemplate\":\"https:\\\/\\\/hardnesstests.com\\\/tr\\\/?s={search_term_string}\"},\"query-input\":{\"@type\":\"PropertyValueSpecification\",\"valueRequired\":true,\"valueName\":\"search_term_string\"}}],\"inLanguage\":\"fr-FR\"},{\"@type\":\"Organization\",\"@id\":\"https:\\\/\\\/hardnesstests.com\\\/tr\\\/#organization\",\"name\":\"hardnesstests\",\"url\":\"https:\\\/\\\/hardnesstests.com\\\/tr\\\/\",\"logo\":{\"@type\":\"ImageObject\",\"inLanguage\":\"fr-FR\",\"@id\":\"https:\\\/\\\/hardnesstests.com\\\/tr\\\/#\\\/schema\\\/logo\\\/image\\\/\",\"url\":\"https:\\\/\\\/hardnesstests.com\\\/wp-content\\\/uploads\\\/2021\\\/08\\\/\u5fae\u4fe1\u56fe\u7247_20251029102004_335_1287.png\",\"contentUrl\":\"https:\\\/\\\/hardnesstests.com\\\/wp-content\\\/uploads\\\/2021\\\/08\\\/\u5fae\u4fe1\u56fe\u7247_20251029102004_335_1287.png\",\"width\":1308,\"height\":467,\"caption\":\"hardnesstests\"},\"image\":{\"@id\":\"https:\\\/\\\/hardnesstests.com\\\/tr\\\/#\\\/schema\\\/logo\\\/image\\\/\"}}]}<\/script>\n<!-- \/ Yoast SEO Premium plugin. -->","yoast_head_json":{"title":"(PCHBST-3000) visual touch screen digital display Brinell hardness tester - hardnesstests","robots":{"index":"index","follow":"follow","max-snippet":"max-snippet:-1","max-image-preview":"max-image-preview:large","max-video-preview":"max-video-preview:-1"},"canonical":"https:\/\/hardnesstests.com\/fr\/produit\/pchbst-3000-visual-touch-screen-digital-display-brinell-hardness-tester\/","og_locale":"fr_FR","og_type":"article","og_title":"(PCHBST-3000) visual touch screen digital display Brinell hardness tester","og_description":"The PCHBST-3000 integrates an industrial tablet computer for intuitive touch operation and supports USB expansion for external devices like monitors and printers. It provides visual indentation display with real-time CCD imaging, enabling automatic hardness measurement, data saving, and instant WORD report generation, eliminating human errors. Its intelligent software system allows direct selection, modification, and analysis of test parameters. The 5.6-inch multifunctional touchscreen displays test force, hold time, indentation length, hardness value, conversions, and other test data. Advanced photoelectric sensors, high-magnification LED optics, and a stepper motor with closed-loop control ensure accurate, stable, and fatigue-free operation. Built-in emergency stop and EU CE compliance provide reliable safety, while the tablet platform allows internet-based expansion and flexible connectivity.","og_url":"https:\/\/hardnesstests.com\/fr\/produit\/pchbst-3000-visual-touch-screen-digital-display-brinell-hardness-tester\/","og_site_name":"hardnesstests","article_modified_time":"2025-11-27T06:09:13+00:00","og_image":[{"width":800,"height":800,"url":"https:\/\/hardnesstests.com\/wp-content\/uploads\/2025\/11\/PCHBST-3000\u89c6\u89c9\u89e6\u6478\u5c4f\u6570\u663e\u5e03\u6c0f\u786c\u5ea6\u8ba1.jpg","type":"image\/jpeg"}],"twitter_card":"summary_large_image","twitter_misc":{"Dur\u00e9e de lecture estim\u00e9e":"4 minutes"},"schema":{"@context":"https:\/\/schema.org","@graph":[{"@type":"WebPage","@id":"https:\/\/hardnesstests.com\/product\/pchbst-3000-visual-touch-screen-digital-display-brinell-hardness-tester\/","url":"https:\/\/hardnesstests.com\/product\/pchbst-3000-visual-touch-screen-digital-display-brinell-hardness-tester\/","name":"(PCHBST-3000) visual touch screen digital display Brinell hardness tester - hardnesstests","isPartOf":{"@id":"https:\/\/hardnesstests.com\/tr\/#website"},"primaryImageOfPage":{"@id":"https:\/\/hardnesstests.com\/product\/pchbst-3000-visual-touch-screen-digital-display-brinell-hardness-tester\/#primaryimage"},"image":{"@id":"https:\/\/hardnesstests.com\/product\/pchbst-3000-visual-touch-screen-digital-display-brinell-hardness-tester\/#primaryimage"},"thumbnailUrl":"https:\/\/hardnesstests.com\/wp-content\/uploads\/2025\/11\/PCHBST-3000\u89c6\u89c9\u89e6\u6478\u5c4f\u6570\u663e\u5e03\u6c0f\u786c\u5ea6\u8ba1.jpg","datePublished":"2025-11-26T07:38:52+00:00","dateModified":"2025-11-27T06:09:13+00:00","breadcrumb":{"@id":"https:\/\/hardnesstests.com\/product\/pchbst-3000-visual-touch-screen-digital-display-brinell-hardness-tester\/#breadcrumb"},"inLanguage":"fr-FR","potentialAction":[{"@type":"ReadAction","target":["https:\/\/hardnesstests.com\/product\/pchbst-3000-visual-touch-screen-digital-display-brinell-hardness-tester\/"]}]},{"@type":"ImageObject","inLanguage":"fr-FR","@id":"https:\/\/hardnesstests.com\/product\/pchbst-3000-visual-touch-screen-digital-display-brinell-hardness-tester\/#primaryimage","url":"https:\/\/hardnesstests.com\/wp-content\/uploads\/2025\/11\/PCHBST-3000\u89c6\u89c9\u89e6\u6478\u5c4f\u6570\u663e\u5e03\u6c0f\u786c\u5ea6\u8ba1.jpg","contentUrl":"https:\/\/hardnesstests.com\/wp-content\/uploads\/2025\/11\/PCHBST-3000\u89c6\u89c9\u89e6\u6478\u5c4f\u6570\u663e\u5e03\u6c0f\u786c\u5ea6\u8ba1.jpg","width":800,"height":800,"caption":"(PCHBST-3000) visual touch screen digital display Brinell hardness tester"},{"@type":"BreadcrumbList","@id":"https:\/\/hardnesstests.com\/product\/pchbst-3000-visual-touch-screen-digital-display-brinell-hardness-tester\/#breadcrumb","itemListElement":[{"@type":"ListItem","position":1,"name":"\u9996\u9875","item":"https:\/\/hardnesstests.com\/"},{"@type":"ListItem","position":2,"name":"products","item":"https:\/\/hardnesstests.com\/products\/"},{"@type":"ListItem","position":3,"name":"(PCHBST-3000) visual touch screen digital display Brinell hardness tester"}]},{"@type":"WebSite","@id":"https:\/\/hardnesstests.com\/tr\/#website","url":"https:\/\/hardnesstests.com\/tr\/","name":"hardnesstests","description":"","publisher":{"@id":"https:\/\/hardnesstests.com\/tr\/#organization"},"potentialAction":[{"@type":"SearchAction","target":{"@type":"EntryPoint","urlTemplate":"https:\/\/hardnesstests.com\/tr\/?s={search_term_string}"},"query-input":{"@type":"PropertyValueSpecification","valueRequired":true,"valueName":"search_term_string"}}],"inLanguage":"fr-FR"},{"@type":"Organization","@id":"https:\/\/hardnesstests.com\/tr\/#organization","name":"hardnesstests","url":"https:\/\/hardnesstests.com\/tr\/","logo":{"@type":"ImageObject","inLanguage":"fr-FR","@id":"https:\/\/hardnesstests.com\/tr\/#\/schema\/logo\/image\/","url":"https:\/\/hardnesstests.com\/wp-content\/uploads\/2021\/08\/\u5fae\u4fe1\u56fe\u7247_20251029102004_335_1287.png","contentUrl":"https:\/\/hardnesstests.com\/wp-content\/uploads\/2021\/08\/\u5fae\u4fe1\u56fe\u7247_20251029102004_335_1287.png","width":1308,"height":467,"caption":"hardnesstests"},"image":{"@id":"https:\/\/hardnesstests.com\/tr\/#\/schema\/logo\/image\/"}}]}},"_links":{"self":[{"href":"https:\/\/hardnesstests.com\/fr\/wp-json\/wp\/v2\/product\/29671","targetHints":{"allow":["GET"]}}],"collection":[{"href":"https:\/\/hardnesstests.com\/fr\/wp-json\/wp\/v2\/product"}],"about":[{"href":"https:\/\/hardnesstests.com\/fr\/wp-json\/wp\/v2\/types\/product"}],"replies":[{"embeddable":true,"href":"https:\/\/hardnesstests.com\/fr\/wp-json\/wp\/v2\/comments?post=29671"}],"version-history":[{"count":3,"href":"https:\/\/hardnesstests.com\/fr\/wp-json\/wp\/v2\/product\/29671\/revisions"}],"predecessor-version":[{"id":29714,"href":"https:\/\/hardnesstests.com\/fr\/wp-json\/wp\/v2\/product\/29671\/revisions\/29714"}],"wp:featuredmedia":[{"embeddable":true,"href":"https:\/\/hardnesstests.com\/fr\/wp-json\/wp\/v2\/media\/29672"}],"wp:attachment":[{"href":"https:\/\/hardnesstests.com\/fr\/wp-json\/wp\/v2\/media?parent=29671"}],"wp:term":[{"taxonomy":"product_brand","embeddable":true,"href":"https:\/\/hardnesstests.com\/fr\/wp-json\/wp\/v2\/product_brand?post=29671"},{"taxonomy":"product_cat","embeddable":true,"href":"https:\/\/hardnesstests.com\/fr\/wp-json\/wp\/v2\/product_cat?post=29671"},{"taxonomy":"product_tag","embeddable":true,"href":"https:\/\/hardnesstests.com\/fr\/wp-json\/wp\/v2\/product_tag?post=29671"}],"curies":[{"name":"wp","href":"https:\/\/api.w.org\/{rel}","templated":true}]}}