{"id":29668,"date":"2025-11-26T07:36:20","date_gmt":"2025-11-26T07:36:20","guid":{"rendered":"https:\/\/hardnesstests.com\/?post_type=product&#038;p=29668"},"modified":"2025-11-27T06:06:02","modified_gmt":"2025-11-27T06:06:02","slug":"pchbst-3000z-visual-touch-screen-digital-brinell-hardness-tester","status":"publish","type":"product","link":"https:\/\/hardnesstests.com\/fr\/produit\/pchbst-3000z-visual-touch-screen-digital-brinell-hardness-tester\/","title":{"rendered":"(PCHBST-3000Z )Appareil d'essai de duret\u00e9 Brinell num\u00e9rique \u00e0 \u00e9cran tactile visuel"},"content":{"rendered":"<p>Int\u00e9gration d'une tablette informatique industrielle, supportant l'extension USB<\/p>\n<p>Affichage visuel de l'indentation et mesure automatique de la duret\u00e9<\/p>\n<p>G\u00e9n\u00e9ration automatique d'un rapport WORD pour r\u00e9pondre aux besoins du personnel d'essai<\/p>\n<p style=\"font-weight: 400;\">Le durom\u00e8tre Brinell num\u00e9rique visuel PCHBS-3000Z peut \u00eatre facilement mesur\u00e9 \u00e0 l'aide d'une tablette tactile ! Tous les param\u00e8tres n\u00e9cessaires \u00e0 l'essai peuvent \u00eatre directement s\u00e9lectionn\u00e9s, modifi\u00e9s et analys\u00e9s sur l'ordinateur. Le terminal PC est connect\u00e9 \u00e0 l'appareil de test de duret\u00e9 par le biais d'un protocole de communication pour contr\u00f4ler les pi\u00e8ces m\u00e9caniques mobiles de l'appareil de test de duret\u00e9. Il peut r\u00e9aliser : la position automatique de la tour multifonction, l'identification automatique de l'objectif et du p\u00e9n\u00e9trateur, le chargement automatique, le maintien automatique de la charge, le d\u00e9chargement automatique et la luminosit\u00e9. En reliant le syst\u00e8me de mesure et d'acquisition CCD int\u00e9gr\u00e9, une dynamique claire de l'image de l'indentation peut \u00eatre affich\u00e9e sur le PC en temps r\u00e9el, et l'indentation peut \u00e9galement \u00eatre directement verrouill\u00e9e pour mesurer automatiquement la valeur de duret\u00e9, enregistrer automatiquement les donn\u00e9es d'essai et g\u00e9n\u00e9rer un rapport. L'op\u00e9ration est tr\u00e8s simple et rapide, ce qui \u00e9limine les erreurs de mesure dues \u00e0 l'homme. Avec l'ordinateur tablette comme plateforme, davantage de fonctions d'application peuvent \u00eatre \u00e9tendues via Internet, et des \u00e9crans externes, des imprimantes et d'autres dispositifs peuvent \u00e9galement \u00eatre connect\u00e9s.<\/p>\n<p style=\"font-weight: 400;\">Le syst\u00e8me logiciel de l'appareil d'essai de duret\u00e9 adopte une programmation intelligente par ordinateur, utilise la technologie du capteur photo\u00e9lectrique et s\u00e9lectionne ind\u00e9pendamment les conditions d'essai. La m\u00e9thode d'essai, les limites sup\u00e9rieure et inf\u00e9rieure peuvent \u00eatre affich\u00e9es sur l'\u00e9cran tactile multifonctionnel de 5,6 pouces, et la longueur d'indentation, la valeur de duret\u00e9 et la valeur de conversion peuvent \u00eatre mesur\u00e9es, la force d'essai, le temps de maintien, le nombre de mesures, et peuvent entrer l'ann\u00e9e, le mois, la date, les r\u00e9sultats d'essai et le traitement des donn\u00e9es, etc. et peuvent sortir les donn\u00e9es de mesure via une imprimante int\u00e9gr\u00e9e ou se connecter \u00e0 un ordinateur via une interface de donn\u00e9es. Le syst\u00e8me optique adopte une mesure optique LED \u00e0 fort grossissement, la clart\u00e9 de l'image est \u00e9lev\u00e9e, la luminosit\u00e9 est r\u00e9glable et le fonctionnement \u00e0 long terme n'est pas adapt\u00e9 \u00e0 la fatigue. Le syst\u00e8me mat\u00e9riel utilise une technologie avanc\u00e9e de chargement de capteurs \u00e9lectroniques. Gr\u00e2ce au syst\u00e8me de contr\u00f4le en boucle ferm\u00e9e, l'unit\u00e9 centrale contr\u00f4le le capteur pour collecter les signaux. Le moteur pas \u00e0 pas charge et d\u00e9charge automatiquement la force d'essai et peut compenser automatiquement la force d'essai pour garantir des valeurs de force plus pr\u00e9cises et de meilleures indications. Stabilisation. L'appareil est \u00e9galement \u00e9quip\u00e9 d'un dispositif d'arr\u00eat d'urgence qui r\u00e9pond aux normes de s\u00e9curit\u00e9 CE de l'UE. Avec un fonctionnement humanis\u00e9, la stabilit\u00e9 et la s\u00e9curit\u00e9 sont plus fiables.<\/p>\n<table>\n<tbody>\n<tr>\n<td>\n<h1><strong>Principales fonctions et caract\u00e9ristiques :<\/strong><\/h1>\n<\/td>\n<\/tr>\n<\/tbody>\n<\/table>\n<ol>\n<li>Cette machine pr\u00e9sente les caract\u00e9ristiques suivantes : haute pr\u00e9cision, haute r\u00e9p\u00e9tabilit\u00e9 et stabilit\u00e9, simplicit\u00e9 d'utilisation, commodit\u00e9 et praticit\u00e9, co\u00fbt \u00e9lev\u00e9 ;<\/li>\n<li>Le syst\u00e8me demande automatiquement de mesurer l'\u00e9paisseur minimale du produit ;<\/li>\n<li>Poss\u00e8de une capacit\u00e9 de test de niveau 10 et peut tester une gamme plus large ;<\/li>\n<li>\u00c9quip\u00e9 d'un oculaire de microm\u00e8tre \u00e0 affichage num\u00e9rique et d'un syst\u00e8me de calcul pr\u00e9cis des donn\u00e9es, la valeur de duret\u00e9 peut \u00eatre affich\u00e9e directement d'une simple pression ;<\/li>\n<li>\u00c9quip\u00e9 d'une imprimante int\u00e9gr\u00e9e pour sortir les donn\u00e9es de mesure ou se connecter \u00e0 l'ordinateur pour transmettre les donn\u00e9es de mesure de l'h\u00f4te \u00e0 l'ordinateur pour l'\u00e9dition et l'enregistrement ;<\/li>\n<li>\u00c9quip\u00e9 d'un moteur pas \u00e0 pas haute performance pour charger et d\u00e9charger automatiquement la force d'essai, le bruit g\u00e9n\u00e9r\u00e9 pendant l'essai est plus faible.<\/li>\n<li style=\"font-weight: 400;\">Gr\u00e2ce \u00e0 la technologie des capteurs photo\u00e9lectriques et au syst\u00e8me de contr\u00f4le par micro-ordinateur, il peut compenser automatiquement et les r\u00e9sultats des tests sont pr\u00e9cis et stables ;<\/li>\n<li>La saisie automatique du diam\u00e8tre d'indentation et l'affichage direct de la valeur de duret\u00e9 permettent un double affichage de n'importe quelle unit\u00e9 de duret\u00e9, ce qui \u00e9vite l'utilisation d'un tableau de contr\u00f4le encombrant ;<\/li>\n<li>Conception autonome de la mesure optique par LED \u00e0 fort grossissement, grande clart\u00e9 de l'image, luminosit\u00e9 r\u00e9glable, le fonctionnement \u00e0 long terme n'est pas adapt\u00e9 \u00e0 la fatigue ;<\/li>\n<li>La coque est coul\u00e9e en une seule fois, la structure est stable et ne se d\u00e9forme pas, et elle peut fonctionner dans un environnement relativement difficile ;<\/li>\n<li>La surface est trait\u00e9e selon le proc\u00e9d\u00e9 de peinture automobile, ce qui lui conf\u00e8re une forte capacit\u00e9 de rayure et lui permet de rester aussi brillante que neuve apr\u00e8s des ann\u00e9es d'utilisation ;<\/li>\n<\/ol>\n<h1 style=\"font-weight: 400;\"><strong>Objectif principal et champ d'application :<\/strong><\/h1>\n<ol>\n<li style=\"font-weight: 400;\">Il convient \u00e0 l'essai de duret\u00e9 des mat\u00e9riaux m\u00e9talliques \u00e0 gros grains cristallins, qui peuvent refl\u00e9ter la performance globale du mat\u00e9riau ;<\/li>\n<li style=\"font-weight: 400;\">Fonte, acier, m\u00e9taux non ferreux, particuli\u00e8rement adapt\u00e9s aux m\u00e9taux plus tendres, tels que l'aluminium pur, le plomb, l'\u00e9tain, etc.<\/li>\n<li style=\"font-weight: 400;\">Il peut \u00eatre utilis\u00e9 pour mesurer la duret\u00e9 de certains mat\u00e9riaux non m\u00e9talliques, tels que le plastique dur, la bak\u00e9lite, etc.<\/li>\n<\/ol>\n<table>\n<tbody>\n<tr>\n<td>\n<h1><strong>Param\u00e8tres techniques :<\/strong><\/h1>\n<\/td>\n<\/tr>\n<\/tbody>\n<\/table>\n<table>\n<tbody>\n<tr>\n<td width=\"138\">Mod\u00e8le de produit<\/td>\n<td width=\"450\">PCHBS-3000Z<\/td>\n<\/tr>\n<tr>\n<td width=\"138\">R\u00e8gle de Brinell<\/td>\n<td width=\"450\">HBW2.5\/62.5 HBW2.5\/187.5 HBW5\/62.5 HBW5\/125 HBW5\/250 HBW5\/750 HBW10\/100\u3001 HBW10\/250 HBW10\/500 HBW10\/1000 HBW10\/1500 HBW10\/3000<\/td>\n<\/tr>\n<tr>\n<td width=\"138\">Force d'essai<\/td>\n<td width=\"450\">62.5kgf(612.9N)100kgf(980.7N)125kgf(1226N)187.5kgf(1839N)250kgf(2452N)500kgf(4903N)750kgf(7355N)1000kgf(8907N)1500kgf(14710N)3000kgf(29420N)<\/td>\n<\/tr>\n<tr>\n<td width=\"138\">Contr\u00f4le du chargement<\/td>\n<td width=\"450\">Automatique (chargement\/tenue\/d\u00e9chargement)<\/td>\n<\/tr>\n<tr>\n<td width=\"138\">Hauteur maximale de l'\u00e9chantillon<\/td>\n<td width=\"450\">220 mm<\/td>\n<\/tr>\n<tr>\n<td width=\"138\">Distance entre l'int\u00e9rieur et l'ext\u00e9rieur de la paroi<\/td>\n<td width=\"450\">135 mm<\/td>\n<\/tr>\n<tr>\n<td width=\"138\">Distance entre le p\u00e9n\u00e9trateur et la paroi sup\u00e9rieure<\/td>\n<td width=\"450\">55mm\uff08La distance entre le p\u00e9n\u00e9trateur et la paroi sup\u00e9rieure de la machine peut \u00eatre augment\u00e9e en adaptant le p\u00e9n\u00e9trateur \uff09<\/td>\n<\/tr>\n<tr>\n<td width=\"138\">Plus petite unit\u00e9 de mesure<\/td>\n<td width=\"450\">0,125um<\/td>\n<\/tr>\n<tr>\n<td width=\"138\">Temps d'attente<\/td>\n<td width=\"450\">0~60s<\/td>\n<\/tr>\n<tr>\n<td width=\"138\">Plage d'essai de duret\u00e9<\/td>\n<td width=\"450\">8~650HBW<\/td>\n<\/tr>\n<tr>\n<td width=\"138\">Tourelle<\/td>\n<td width=\"450\">Tourelle automatique<\/td>\n<\/tr>\n<tr>\n<td width=\"138\">Lecture de la duret\u00e9<\/td>\n<td width=\"450\">PCAMesure automatique de la duret\u00e9<\/td>\n<\/tr>\n<tr>\n<td width=\"138\">Correction d'erreurs<\/td>\n<td width=\"450\">Le syst\u00e8me \u00e9talonne la duret\u00e9 \u00e0 tout moment<\/td>\n<\/tr>\n<tr>\n<td width=\"138\">Jugement qualifi\u00e9<\/td>\n<td width=\"450\">La gamme qualifi\u00e9e peut \u00eatre d\u00e9finie et la machine rappelle automatiquement si elle est qualifi\u00e9e.<\/td>\n<\/tr>\n<tr>\n<td width=\"138\">Grossissement total<\/td>\n<td width=\"450\">20X<\/td>\n<\/tr>\n<tr>\n<td width=\"138\">Norme ex\u00e9cutive<\/td>\n<td width=\"450\">EN ISO 6506, , ASTM E-10-08, GB\/T231.2\uff0cJJG150 -2005<\/td>\n<\/tr>\n<tr>\n<td width=\"138\">Sortie de donn\u00e9es<\/td>\n<td width=\"450\">L'ordinateur enregistre directement les donn\u00e9es du test<\/td>\n<\/tr>\n<tr>\n<td width=\"138\">l'alimentation \u00e9lectrique<\/td>\n<td width=\"450\">AC220<u>+<\/u>5%, 50~60Hz<\/td>\n<\/tr>\n<tr>\n<td width=\"138\">Taille totale (mm)<\/td>\n<td width=\"450\">520*210*745mm<\/td>\n<\/tr>\n<tr>\n<td width=\"138\">Poids de l'h\u00f4te<\/td>\n<td width=\"450\">Environ 125 kg<\/td>\n<\/tr>\n<\/tbody>\n<\/table>","protected":false},"excerpt":{"rendered":"<p data-start=\"118\" data-end=\"188\"><strong data-start=\"118\" data-end=\"186\">PCHBST-3000Z Testeur de duret\u00e9 Brinell num\u00e9rique \u00e0 \u00e9cran tactile visuel<\/strong><\/p>\n<p data-start=\"190\" data-end=\"488\">Le <strong data-start=\"194\" data-end=\"210\">PCHBST-3000Z<\/strong> combine la pr\u00e9cision, l'automatisation et la facilit\u00e9 d'utilisation pour des essais de duret\u00e9 efficaces. Avec <strong data-start=\"301\" data-end=\"331\">affichage visuel de l'indentation<\/strong> et <strong data-start=\"336\" data-end=\"370\">mesure automatique de la duret\u00e9<\/strong>, Il permet une surveillance en temps r\u00e9el \u00e0 l'aide d'une tablette tactile ou d'un PC, avec <strong data-start=\"438\" data-end=\"485\">l'enregistrement automatique des donn\u00e9es et la g\u00e9n\u00e9ration de rapports<\/strong>.<\/p>\n<p data-start=\"490\" data-end=\"946\">\u00c9quip\u00e9 de <strong data-start=\"504\" data-end=\"539\">technologie des capteurs photo\u00e9lectriques<\/strong>, <strong data-start=\"541\" data-end=\"575\">moteur pas \u00e0 pas haute performance<\/strong>, et <strong data-start=\"581\" data-end=\"608\">Mesure optique des LED<\/strong>, le testeur s'assure que <strong data-start=\"629\" data-end=\"677\">un fonctionnement pr\u00e9cis, stable et sans fatigue<\/strong>. Les utilisateurs peuvent facilement s\u00e9lectionner les param\u00e8tres des tests, contr\u00f4ler les r\u00e9sultats et effectuer des conversions multi-unit\u00e9s d'une simple pression. Le syst\u00e8me prend en charge <strong data-start=\"809\" data-end=\"868\">chargement, maintien, d\u00e9chargement et compensation automatiques<\/strong>, et comprend un <strong data-start=\"886\" data-end=\"943\">arr\u00eat d'urgence pour assurer la s\u00e9curit\u00e9 (norme CE de l'UE)<\/strong>.<\/p>\n<p data-start=\"948\" data-end=\"1294\">Avec un <strong data-start=\"955\" data-end=\"978\">coque moul\u00e9e durable<\/strong> et <strong data-start=\"983\" data-end=\"1028\">peinture automobile r\u00e9sistante aux rayures<\/strong>, Il fonctionne de mani\u00e8re fiable dans des environnements exigeants. Sa large gamme d'essais couvre <strong data-start=\"1108\" data-end=\"1144\">m\u00e9taux \u00e0 gros grains cristallins<\/strong>, Les m\u00e9taux non ferreux, y compris la fonte, l'acier, les m\u00e9taux non ferreux et les m\u00e9taux plus tendres tels que l'aluminium, le plomb et l'\u00e9tain, ainsi que certains m\u00e9taux non ferreux, peuvent \u00eatre utilis\u00e9s pour la fabrication de produits de consommation. <strong data-start=\"1261\" data-end=\"1291\">plastiques durs et bak\u00e9lite<\/strong>.<\/p>","protected":false},"featured_media":29665,"comment_status":"open","ping_status":"closed","template":"","meta":[],"product_brand":[],"product_cat":[75,70],"product_tag":[105],"class_list":{"0":"post-29668","1":"product","2":"type-product","3":"status-publish","4":"has-post-thumbnail","6":"product_cat-brinell-hardness-tester","7":"product_cat-hardness-tester","8":"product_tag-brinell-hardness-tester","10":"first","11":"instock","12":"shipping-taxable","13":"product-type-simple"},"yoast_head":"<!-- This site is optimized with the Yoast SEO Premium plugin v25.4 (Yoast SEO v27.4) - https:\/\/yoast.com\/product\/yoast-seo-premium-wordpress\/ -->\n<title>(PCHBST-3000Z )Visual touch screen digital Brinell hardness tester - hardnesstests<\/title>\n<meta name=\"robots\" content=\"index, follow, max-snippet:-1, max-image-preview:large, max-video-preview:-1\" \/>\n<link rel=\"canonical\" href=\"https:\/\/hardnesstests.com\/fr\/produit\/pchbst-3000z-visual-touch-screen-digital-brinell-hardness-tester\/\" \/>\n<meta property=\"og:locale\" content=\"fr_FR\" \/>\n<meta property=\"og:type\" content=\"article\" \/>\n<meta property=\"og:title\" content=\"(PCHBST-3000Z )Visual touch screen digital Brinell hardness tester\" \/>\n<meta property=\"og:description\" content=\"PCHBST-3000Z Visual Touch Screen Digital Brinell Hardness Tester The PCHBST-3000Z combines precision, automation, and ease of use for efficient hardness testing. Featuring visual indentation display and automatic hardness measurement, it allows real-time monitoring through a touch tablet or PC, with automatic data saving and report generation. Equipped with photoelectric sensor technology, high-performance stepper motor, and LED optical measurement, the tester ensures accurate, stable, and fatigue-free operation. Users can easily select test parameters, monitor results, and perform multi-unit conversions with just a tap. The system supports automatic loading, holding, unloading, and compensation, and includes an emergency stop for safety compliance (EU CE standard). With a durable, cast shell and scratch-resistant automotive paint finish, it operates reliably in demanding environments. Its wide testing range covers metals with large crystal grains, including cast iron, steel, non-ferrous metals, and softer metals like aluminum, lead, and tin, as well as certain hard plastics and bakelite.\" \/>\n<meta property=\"og:url\" content=\"https:\/\/hardnesstests.com\/fr\/produit\/pchbst-3000z-visual-touch-screen-digital-brinell-hardness-tester\/\" \/>\n<meta property=\"og:site_name\" content=\"hardnesstests\" \/>\n<meta property=\"article:modified_time\" content=\"2025-11-27T06:06:02+00:00\" \/>\n<meta property=\"og:image\" content=\"https:\/\/hardnesstests.com\/wp-content\/uploads\/2025\/11\/PCHBST-3000Z\u53ef\u89c6\u89e6\u6478\u5c4f\u6570\u5b57\u5e03\u6c0f\u786c\u5ea6\u8ba1-1.jpg\" \/>\n\t<meta property=\"og:image:width\" content=\"800\" \/>\n\t<meta property=\"og:image:height\" content=\"800\" \/>\n\t<meta property=\"og:image:type\" content=\"image\/jpeg\" \/>\n<meta name=\"twitter:card\" content=\"summary_large_image\" \/>\n<meta name=\"twitter:label1\" content=\"Dur\u00e9e de lecture estim\u00e9e\" \/>\n\t<meta name=\"twitter:data1\" content=\"4 minutes\" \/>\n<script type=\"application\/ld+json\" class=\"yoast-schema-graph\">{\"@context\":\"https:\\\/\\\/schema.org\",\"@graph\":[{\"@type\":\"WebPage\",\"@id\":\"https:\\\/\\\/hardnesstests.com\\\/product\\\/pchbst-3000z-visual-touch-screen-digital-brinell-hardness-tester\\\/\",\"url\":\"https:\\\/\\\/hardnesstests.com\\\/product\\\/pchbst-3000z-visual-touch-screen-digital-brinell-hardness-tester\\\/\",\"name\":\"(PCHBST-3000Z )Visual touch screen digital Brinell hardness tester - hardnesstests\",\"isPartOf\":{\"@id\":\"https:\\\/\\\/hardnesstests.com\\\/tr\\\/#website\"},\"primaryImageOfPage\":{\"@id\":\"https:\\\/\\\/hardnesstests.com\\\/product\\\/pchbst-3000z-visual-touch-screen-digital-brinell-hardness-tester\\\/#primaryimage\"},\"image\":{\"@id\":\"https:\\\/\\\/hardnesstests.com\\\/product\\\/pchbst-3000z-visual-touch-screen-digital-brinell-hardness-tester\\\/#primaryimage\"},\"thumbnailUrl\":\"https:\\\/\\\/hardnesstests.com\\\/wp-content\\\/uploads\\\/2025\\\/11\\\/PCHBST-3000Z\u53ef\u89c6\u89e6\u6478\u5c4f\u6570\u5b57\u5e03\u6c0f\u786c\u5ea6\u8ba1-1.jpg\",\"datePublished\":\"2025-11-26T07:36:20+00:00\",\"dateModified\":\"2025-11-27T06:06:02+00:00\",\"breadcrumb\":{\"@id\":\"https:\\\/\\\/hardnesstests.com\\\/product\\\/pchbst-3000z-visual-touch-screen-digital-brinell-hardness-tester\\\/#breadcrumb\"},\"inLanguage\":\"fr-FR\",\"potentialAction\":[{\"@type\":\"ReadAction\",\"target\":[\"https:\\\/\\\/hardnesstests.com\\\/product\\\/pchbst-3000z-visual-touch-screen-digital-brinell-hardness-tester\\\/\"]}]},{\"@type\":\"ImageObject\",\"inLanguage\":\"fr-FR\",\"@id\":\"https:\\\/\\\/hardnesstests.com\\\/product\\\/pchbst-3000z-visual-touch-screen-digital-brinell-hardness-tester\\\/#primaryimage\",\"url\":\"https:\\\/\\\/hardnesstests.com\\\/wp-content\\\/uploads\\\/2025\\\/11\\\/PCHBST-3000Z\u53ef\u89c6\u89e6\u6478\u5c4f\u6570\u5b57\u5e03\u6c0f\u786c\u5ea6\u8ba1-1.jpg\",\"contentUrl\":\"https:\\\/\\\/hardnesstests.com\\\/wp-content\\\/uploads\\\/2025\\\/11\\\/PCHBST-3000Z\u53ef\u89c6\u89e6\u6478\u5c4f\u6570\u5b57\u5e03\u6c0f\u786c\u5ea6\u8ba1-1.jpg\",\"width\":800,\"height\":800,\"caption\":\"(PCHBST-3000Z )Visual touch screen digital Brinell hardness tester\"},{\"@type\":\"BreadcrumbList\",\"@id\":\"https:\\\/\\\/hardnesstests.com\\\/product\\\/pchbst-3000z-visual-touch-screen-digital-brinell-hardness-tester\\\/#breadcrumb\",\"itemListElement\":[{\"@type\":\"ListItem\",\"position\":1,\"name\":\"\u9996\u9875\",\"item\":\"https:\\\/\\\/hardnesstests.com\\\/\"},{\"@type\":\"ListItem\",\"position\":2,\"name\":\"products\",\"item\":\"https:\\\/\\\/hardnesstests.com\\\/products\\\/\"},{\"@type\":\"ListItem\",\"position\":3,\"name\":\"(PCHBST-3000Z )Visual touch screen digital Brinell hardness tester\"}]},{\"@type\":\"WebSite\",\"@id\":\"https:\\\/\\\/hardnesstests.com\\\/tr\\\/#website\",\"url\":\"https:\\\/\\\/hardnesstests.com\\\/tr\\\/\",\"name\":\"hardnesstests\",\"description\":\"\",\"publisher\":{\"@id\":\"https:\\\/\\\/hardnesstests.com\\\/tr\\\/#organization\"},\"potentialAction\":[{\"@type\":\"SearchAction\",\"target\":{\"@type\":\"EntryPoint\",\"urlTemplate\":\"https:\\\/\\\/hardnesstests.com\\\/tr\\\/?s={search_term_string}\"},\"query-input\":{\"@type\":\"PropertyValueSpecification\",\"valueRequired\":true,\"valueName\":\"search_term_string\"}}],\"inLanguage\":\"fr-FR\"},{\"@type\":\"Organization\",\"@id\":\"https:\\\/\\\/hardnesstests.com\\\/tr\\\/#organization\",\"name\":\"hardnesstests\",\"url\":\"https:\\\/\\\/hardnesstests.com\\\/tr\\\/\",\"logo\":{\"@type\":\"ImageObject\",\"inLanguage\":\"fr-FR\",\"@id\":\"https:\\\/\\\/hardnesstests.com\\\/tr\\\/#\\\/schema\\\/logo\\\/image\\\/\",\"url\":\"https:\\\/\\\/hardnesstests.com\\\/wp-content\\\/uploads\\\/2021\\\/08\\\/\u5fae\u4fe1\u56fe\u7247_20251029102004_335_1287.png\",\"contentUrl\":\"https:\\\/\\\/hardnesstests.com\\\/wp-content\\\/uploads\\\/2021\\\/08\\\/\u5fae\u4fe1\u56fe\u7247_20251029102004_335_1287.png\",\"width\":1308,\"height\":467,\"caption\":\"hardnesstests\"},\"image\":{\"@id\":\"https:\\\/\\\/hardnesstests.com\\\/tr\\\/#\\\/schema\\\/logo\\\/image\\\/\"}}]}<\/script>\n<!-- \/ Yoast SEO Premium plugin. -->","yoast_head_json":{"title":"(PCHBST-3000Z )Visual touch screen digital Brinell hardness tester - hardnesstests","robots":{"index":"index","follow":"follow","max-snippet":"max-snippet:-1","max-image-preview":"max-image-preview:large","max-video-preview":"max-video-preview:-1"},"canonical":"https:\/\/hardnesstests.com\/fr\/produit\/pchbst-3000z-visual-touch-screen-digital-brinell-hardness-tester\/","og_locale":"fr_FR","og_type":"article","og_title":"(PCHBST-3000Z )Visual touch screen digital Brinell hardness tester","og_description":"PCHBST-3000Z Visual Touch Screen Digital Brinell Hardness Tester The PCHBST-3000Z combines precision, automation, and ease of use for efficient hardness testing. Featuring visual indentation display and automatic hardness measurement, it allows real-time monitoring through a touch tablet or PC, with automatic data saving and report generation. Equipped with photoelectric sensor technology, high-performance stepper motor, and LED optical measurement, the tester ensures accurate, stable, and fatigue-free operation. Users can easily select test parameters, monitor results, and perform multi-unit conversions with just a tap. The system supports automatic loading, holding, unloading, and compensation, and includes an emergency stop for safety compliance (EU CE standard). With a durable, cast shell and scratch-resistant automotive paint finish, it operates reliably in demanding environments. Its wide testing range covers metals with large crystal grains, including cast iron, steel, non-ferrous metals, and softer metals like aluminum, lead, and tin, as well as certain hard plastics and bakelite.","og_url":"https:\/\/hardnesstests.com\/fr\/produit\/pchbst-3000z-visual-touch-screen-digital-brinell-hardness-tester\/","og_site_name":"hardnesstests","article_modified_time":"2025-11-27T06:06:02+00:00","og_image":[{"width":800,"height":800,"url":"https:\/\/hardnesstests.com\/wp-content\/uploads\/2025\/11\/PCHBST-3000Z\u53ef\u89c6\u89e6\u6478\u5c4f\u6570\u5b57\u5e03\u6c0f\u786c\u5ea6\u8ba1-1.jpg","type":"image\/jpeg"}],"twitter_card":"summary_large_image","twitter_misc":{"Dur\u00e9e de lecture estim\u00e9e":"4 minutes"},"schema":{"@context":"https:\/\/schema.org","@graph":[{"@type":"WebPage","@id":"https:\/\/hardnesstests.com\/product\/pchbst-3000z-visual-touch-screen-digital-brinell-hardness-tester\/","url":"https:\/\/hardnesstests.com\/product\/pchbst-3000z-visual-touch-screen-digital-brinell-hardness-tester\/","name":"(PCHBST-3000Z )Visual touch screen digital Brinell hardness tester - hardnesstests","isPartOf":{"@id":"https:\/\/hardnesstests.com\/tr\/#website"},"primaryImageOfPage":{"@id":"https:\/\/hardnesstests.com\/product\/pchbst-3000z-visual-touch-screen-digital-brinell-hardness-tester\/#primaryimage"},"image":{"@id":"https:\/\/hardnesstests.com\/product\/pchbst-3000z-visual-touch-screen-digital-brinell-hardness-tester\/#primaryimage"},"thumbnailUrl":"https:\/\/hardnesstests.com\/wp-content\/uploads\/2025\/11\/PCHBST-3000Z\u53ef\u89c6\u89e6\u6478\u5c4f\u6570\u5b57\u5e03\u6c0f\u786c\u5ea6\u8ba1-1.jpg","datePublished":"2025-11-26T07:36:20+00:00","dateModified":"2025-11-27T06:06:02+00:00","breadcrumb":{"@id":"https:\/\/hardnesstests.com\/product\/pchbst-3000z-visual-touch-screen-digital-brinell-hardness-tester\/#breadcrumb"},"inLanguage":"fr-FR","potentialAction":[{"@type":"ReadAction","target":["https:\/\/hardnesstests.com\/product\/pchbst-3000z-visual-touch-screen-digital-brinell-hardness-tester\/"]}]},{"@type":"ImageObject","inLanguage":"fr-FR","@id":"https:\/\/hardnesstests.com\/product\/pchbst-3000z-visual-touch-screen-digital-brinell-hardness-tester\/#primaryimage","url":"https:\/\/hardnesstests.com\/wp-content\/uploads\/2025\/11\/PCHBST-3000Z\u53ef\u89c6\u89e6\u6478\u5c4f\u6570\u5b57\u5e03\u6c0f\u786c\u5ea6\u8ba1-1.jpg","contentUrl":"https:\/\/hardnesstests.com\/wp-content\/uploads\/2025\/11\/PCHBST-3000Z\u53ef\u89c6\u89e6\u6478\u5c4f\u6570\u5b57\u5e03\u6c0f\u786c\u5ea6\u8ba1-1.jpg","width":800,"height":800,"caption":"(PCHBST-3000Z )Visual touch screen digital Brinell hardness tester"},{"@type":"BreadcrumbList","@id":"https:\/\/hardnesstests.com\/product\/pchbst-3000z-visual-touch-screen-digital-brinell-hardness-tester\/#breadcrumb","itemListElement":[{"@type":"ListItem","position":1,"name":"\u9996\u9875","item":"https:\/\/hardnesstests.com\/"},{"@type":"ListItem","position":2,"name":"products","item":"https:\/\/hardnesstests.com\/products\/"},{"@type":"ListItem","position":3,"name":"(PCHBST-3000Z )Visual touch screen digital Brinell hardness tester"}]},{"@type":"WebSite","@id":"https:\/\/hardnesstests.com\/tr\/#website","url":"https:\/\/hardnesstests.com\/tr\/","name":"hardnesstests","description":"","publisher":{"@id":"https:\/\/hardnesstests.com\/tr\/#organization"},"potentialAction":[{"@type":"SearchAction","target":{"@type":"EntryPoint","urlTemplate":"https:\/\/hardnesstests.com\/tr\/?s={search_term_string}"},"query-input":{"@type":"PropertyValueSpecification","valueRequired":true,"valueName":"search_term_string"}}],"inLanguage":"fr-FR"},{"@type":"Organization","@id":"https:\/\/hardnesstests.com\/tr\/#organization","name":"hardnesstests","url":"https:\/\/hardnesstests.com\/tr\/","logo":{"@type":"ImageObject","inLanguage":"fr-FR","@id":"https:\/\/hardnesstests.com\/tr\/#\/schema\/logo\/image\/","url":"https:\/\/hardnesstests.com\/wp-content\/uploads\/2021\/08\/\u5fae\u4fe1\u56fe\u7247_20251029102004_335_1287.png","contentUrl":"https:\/\/hardnesstests.com\/wp-content\/uploads\/2021\/08\/\u5fae\u4fe1\u56fe\u7247_20251029102004_335_1287.png","width":1308,"height":467,"caption":"hardnesstests"},"image":{"@id":"https:\/\/hardnesstests.com\/tr\/#\/schema\/logo\/image\/"}}]}},"_links":{"self":[{"href":"https:\/\/hardnesstests.com\/fr\/wp-json\/wp\/v2\/product\/29668","targetHints":{"allow":["GET"]}}],"collection":[{"href":"https:\/\/hardnesstests.com\/fr\/wp-json\/wp\/v2\/product"}],"about":[{"href":"https:\/\/hardnesstests.com\/fr\/wp-json\/wp\/v2\/types\/product"}],"replies":[{"embeddable":true,"href":"https:\/\/hardnesstests.com\/fr\/wp-json\/wp\/v2\/comments?post=29668"}],"version-history":[{"count":3,"href":"https:\/\/hardnesstests.com\/fr\/wp-json\/wp\/v2\/product\/29668\/revisions"}],"predecessor-version":[{"id":29712,"href":"https:\/\/hardnesstests.com\/fr\/wp-json\/wp\/v2\/product\/29668\/revisions\/29712"}],"wp:featuredmedia":[{"embeddable":true,"href":"https:\/\/hardnesstests.com\/fr\/wp-json\/wp\/v2\/media\/29665"}],"wp:attachment":[{"href":"https:\/\/hardnesstests.com\/fr\/wp-json\/wp\/v2\/media?parent=29668"}],"wp:term":[{"taxonomy":"product_brand","embeddable":true,"href":"https:\/\/hardnesstests.com\/fr\/wp-json\/wp\/v2\/product_brand?post=29668"},{"taxonomy":"product_cat","embeddable":true,"href":"https:\/\/hardnesstests.com\/fr\/wp-json\/wp\/v2\/product_cat?post=29668"},{"taxonomy":"product_tag","embeddable":true,"href":"https:\/\/hardnesstests.com\/fr\/wp-json\/wp\/v2\/product_tag?post=29668"}],"curies":[{"name":"wp","href":"https:\/\/api.w.org\/{rel}","templated":true}]}}