{"id":29657,"date":"2025-11-26T07:20:55","date_gmt":"2025-11-26T07:20:55","guid":{"rendered":"https:\/\/hardnesstests.com\/?post_type=product&#038;p=29657"},"modified":"2025-11-27T05:58:35","modified_gmt":"2025-11-27T05:58:35","slug":"hbst-3000-digital-display-brinell-hardness-tester","status":"publish","type":"product","link":"https:\/\/hardnesstests.com\/fr\/produit\/hbst-3000-digital-display-brinell-hardness-tester\/","title":{"rendered":"(HBST-3000) Appareil d'essai de duret\u00e9 Brinell \u00e0 affichage num\u00e9rique"},"content":{"rendered":"<table>\n<tbody>\n<tr>\n<td>\n<h1><strong>Principales fonctions et caract\u00e9ristiques :<\/strong><\/h1>\n<\/td>\n<\/tr>\n<\/tbody>\n<\/table>\n<ol>\n<li style=\"font-weight: 400;\">Cette machine pr\u00e9sente les caract\u00e9ristiques suivantes : haute pr\u00e9cision, haute r\u00e9p\u00e9tabilit\u00e9 et stabilit\u00e9, simplicit\u00e9 d'utilisation, commodit\u00e9 et praticit\u00e9, co\u00fbt \u00e9lev\u00e9 ;<\/li>\n<li style=\"font-weight: 400;\">Poss\u00e8de une capacit\u00e9 de test de niveau 10 et peut tester une gamme plus large ;<\/li>\n<li style=\"font-weight: 400;\">\u00c9quip\u00e9 d'un oculaire de microm\u00e8tre \u00e0 affichage num\u00e9rique et d'un syst\u00e8me de calcul pr\u00e9cis des donn\u00e9es, la valeur de duret\u00e9 peut \u00eatre affich\u00e9e directement d'une simple pression ;<\/li>\n<li style=\"font-weight: 400;\">The system comes with a calibration function, which can manually adjust the input calibration instrument, and can also calibrate the eyepiece magnification.<\/li>\n<li style=\"font-weight: 400;\">Adjustable range of optical system brightness: 0-100<\/li>\n<li style=\"font-weight: 400;\">It can store up to 100 sets of test data<\/li>\n<li style=\"font-weight: 400;\">The operating system can be converted between Chinese and English<\/li>\n<li style=\"font-weight: 400;\">The main interface can display 5 conversion rulers at the same time<\/li>\n<li style=\"font-weight: 400;\">\u00c9quip\u00e9 d'une imprimante int\u00e9gr\u00e9e pour sortir les donn\u00e9es de mesure ou se connecter \u00e0 l'ordinateur pour transmettre les donn\u00e9es de mesure de l'h\u00f4te \u00e0 l'ordinateur pour l'\u00e9dition et l'enregistrement ;<\/li>\n<li style=\"font-weight: 400;\">\u00c9quip\u00e9 d'un moteur pas \u00e0 pas haute performance pour charger et d\u00e9charger automatiquement la force d'essai, le bruit g\u00e9n\u00e9r\u00e9 pendant l'essai est plus faible.<\/li>\n<li style=\"font-weight: 400;\">Gr\u00e2ce \u00e0 la technologie des capteurs photo\u00e9lectriques et au syst\u00e8me de contr\u00f4le par micro-ordinateur, il peut compenser automatiquement et les r\u00e9sultats des tests sont pr\u00e9cis et stables ;<\/li>\n<li style=\"font-weight: 400;\">La saisie automatique du diam\u00e8tre d'indentation et l'affichage direct de la valeur de duret\u00e9 permettent un double affichage de n'importe quelle unit\u00e9 de duret\u00e9, ce qui \u00e9vite l'utilisation d'un tableau de contr\u00f4le encombrant ;<\/li>\n<li style=\"font-weight: 400;\">Conception autonome de la mesure optique par LED \u00e0 fort grossissement, grande clart\u00e9 de l'image, luminosit\u00e9 r\u00e9glable, le fonctionnement \u00e0 long terme n'est pas adapt\u00e9 \u00e0 la fatigue ;<\/li>\n<li style=\"font-weight: 400;\">La coque est coul\u00e9e en une seule fois, la structure est stable et ne se d\u00e9forme pas, et elle peut fonctionner dans un environnement relativement difficile ;<\/li>\n<li style=\"font-weight: 400;\">The surface is treated with the car paint process, which has strong scratching ability and is still bright as new after years of use;<\/li>\n<\/ol>\n<h1 style=\"font-weight: 400;\"><strong>Objectif principal et champ d'application :<\/strong><\/h1>\n<ol>\n<li style=\"font-weight: 400;\">It is suitable for the hardness tester test of metal materials with large grains, which can reflect the comprehensive performance of the material;<\/li>\n<li style=\"font-weight: 400;\">Cast iron, steel, non-ferrous metals, especially for softer metals, such as pure aluminum, lead, tin, etc.<\/li>\n<li style=\"font-weight: 400;\">It can be used to measure the hardness of some non-metallic materials such as hard plastics, bakelite, etc.<\/li>\n<\/ol>\n<table>\n<tbody>\n<tr>\n<td>\n<h1><strong>Param\u00e8tres techniques :<\/strong><\/h1>\n<\/td>\n<\/tr>\n<\/tbody>\n<\/table>\n<table>\n<tbody>\n<tr>\n<td width=\"138\">Product number<\/td>\n<td width=\"450\">HBST-3000<\/td>\n<\/tr>\n<tr>\n<td width=\"138\">Brinell ruler<\/td>\n<td width=\"450\">HBW2.5\/62.5 HBW2.5\/187.5 HBW5\/62.5 HBW5\/125 HBW5\/250 HBW5\/750 HBW10\/100\u3001 HBW10\/250 HBW10\/500 HBW10\/1000 HBW10\/1500 HBW10\/3000<\/td>\n<\/tr>\n<tr>\n<td width=\"138\">Force d'essai<\/td>\n<td width=\"450\">62.5kgf(612.9N)100kgf(980.7N)125kgf(1226N)187.5kgf(1839N)250kgf(2452N)500kgf(4903N)750kgf(7355N)1000kgf(8907N)1500kgf(14710N)3000kgf(29420N)<\/td>\n<\/tr>\n<tr>\n<td width=\"138\">Load control<\/td>\n<td width=\"450\">Automatic (loading\/loading\/unloading)<\/td>\n<\/tr>\n<tr>\n<td width=\"138\">Maximum height of the test piece<\/td>\n<td width=\"450\">220 mm<\/td>\n<\/tr>\n<tr>\n<td width=\"138\">Distance entre l'int\u00e9rieur et l'ext\u00e9rieur de la paroi<\/td>\n<td width=\"450\">135 mm<\/td>\n<\/tr>\n<tr>\n<td width=\"138\">Distance entre le p\u00e9n\u00e9trateur et la paroi sup\u00e9rieure<\/td>\n<td width=\"450\">55mm\uff08The head to the upper wall can be increased by customizing the indenter\uff09<\/td>\n<\/tr>\n<tr>\n<td width=\"138\">Minimum unit of measure<\/td>\n<td width=\"450\">0,125um<\/td>\n<\/tr>\n<tr>\n<td width=\"138\">Time of protection<\/td>\n<td width=\"450\">0~60s<\/td>\n<\/tr>\n<tr>\n<td width=\"138\">Plage d'essai de duret\u00e9<\/td>\n<td width=\"450\">3.18~653HBW<\/td>\n<\/tr>\n<tr>\n<td width=\"138\">Grossissement total<\/td>\n<td width=\"450\">20X<\/td>\n<\/tr>\n<tr>\n<td width=\"138\">Norme ex\u00e9cutive<\/td>\n<td width=\"450\">EN ISO 6506, , ASTM E-10-08, GB\/T231.2\uff0cJJG150 -2005<\/td>\n<\/tr>\n<tr>\n<td width=\"138\">Lecture de la duret\u00e9<\/td>\n<td width=\"450\">Automatic calculation<\/td>\n<\/tr>\n<tr>\n<td width=\"138\">Sortie de donn\u00e9es<\/td>\n<td width=\"450\">Built-in printer, HyperTerminal.<\/td>\n<\/tr>\n<tr>\n<td width=\"138\">Alimentation \u00e9lectrique<\/td>\n<td width=\"450\">AC220<u>+<\/u>5%, 50~60Hz<\/td>\n<\/tr>\n<tr>\n<td width=\"138\">Dimensions(mm)<\/td>\n<td width=\"450\">520*210*745mm<\/td>\n<\/tr>\n<tr>\n<td width=\"138\">Weight of host<\/td>\n<td width=\"450\">Environ 125 kg<\/td>\n<\/tr>\n<\/tbody>\n<\/table>","protected":false},"excerpt":{"rendered":"<p>HBST-3000 touch screen digital display Brinell hardness tester, the software system adopts computer intelligent programming, uses photoelectric sensor technology, through independent selection of test conditions, the test method, upper and lower limit range, and pressure measurement can be displayed on the 5.6-inch touch multifunctional display Trace length, hardness value, conversion value, test force, retention time, number of measurements, and can enter year, month, date, test results and data processing, etc., and can output measurement data through a built-in printer or connect to a computer through a data interface net. The optical system adopts high-magnification LED optical measurement, the image clarity is high, the brightness is adjustable, and the long-term operation is not suitable for fatigue. The hardware system adopts advanced electronic sensor loading technology. Through the closed-loop control system, the CPU controls the sensor to collect signals. The stepper motor automatically loads and unloads the test force, and can automatically compensate the test force to ensure more accurate force values and better indications. stability. At the same time, it is equipped with an emergency stop device, which meets the EU CE safety standards. With humanized operability, more reliable stability and safety.<\/p>","protected":false},"featured_media":29658,"comment_status":"open","ping_status":"closed","template":"","meta":[],"product_brand":[],"product_cat":[75,70],"product_tag":[105],"class_list":{"0":"post-29657","1":"product","2":"type-product","3":"status-publish","4":"has-post-thumbnail","6":"product_cat-brinell-hardness-tester","7":"product_cat-hardness-tester","8":"product_tag-brinell-hardness-tester","10":"first","11":"instock","12":"shipping-taxable","13":"product-type-simple"},"yoast_head":"<!-- This site is optimized with the Yoast SEO Premium plugin v25.4 (Yoast SEO v27.4) - https:\/\/yoast.com\/product\/yoast-seo-premium-wordpress\/ -->\n<title>(HBST-3000) Digital display Brinell hardness tester - hardnesstests<\/title>\n<meta name=\"robots\" content=\"index, follow, max-snippet:-1, max-image-preview:large, max-video-preview:-1\" \/>\n<link rel=\"canonical\" href=\"https:\/\/hardnesstests.com\/fr\/produit\/hbst-3000-digital-display-brinell-hardness-tester\/\" \/>\n<meta property=\"og:locale\" content=\"fr_FR\" \/>\n<meta property=\"og:type\" content=\"article\" \/>\n<meta property=\"og:title\" content=\"(HBST-3000) Digital display Brinell hardness tester\" \/>\n<meta property=\"og:description\" content=\"HBST-3000 touch screen digital display Brinell hardness tester, the software system adopts computer intelligent programming, uses photoelectric sensor technology, through independent selection of test conditions, the test method, upper and lower limit range, and pressure measurement can be displayed on the 5.6-inch touch multifunctional display Trace length, hardness value, conversion value, test force, retention time, number of measurements, and can enter year, month, date, test results and data processing, etc., and can output measurement data through a built-in printer or connect to a computer through a data interface net. The optical system adopts high-magnification LED optical measurement, the image clarity is high, the brightness is adjustable, and the long-term operation is not suitable for fatigue. The hardware system adopts advanced electronic sensor loading technology. Through the closed-loop control system, the CPU controls the sensor to collect signals. The stepper motor automatically loads and unloads the test force, and can automatically compensate the test force to ensure more accurate force values and better indications. stability. At the same time, it is equipped with an emergency stop device, which meets the EU CE safety standards. With humanized operability, more reliable stability and safety.\" \/>\n<meta property=\"og:url\" content=\"https:\/\/hardnesstests.com\/fr\/produit\/hbst-3000-digital-display-brinell-hardness-tester\/\" \/>\n<meta property=\"og:site_name\" content=\"hardnesstests\" \/>\n<meta property=\"article:modified_time\" content=\"2025-11-27T05:58:35+00:00\" \/>\n<meta property=\"og:image\" content=\"https:\/\/hardnesstests.com\/wp-content\/uploads\/2025\/11\/HBST-3000\u6570\u663e\u5e03\u6c0f\u786c\u5ea6\u8ba1.jpg\" \/>\n\t<meta property=\"og:image:width\" content=\"800\" \/>\n\t<meta property=\"og:image:height\" content=\"800\" \/>\n\t<meta property=\"og:image:type\" content=\"image\/jpeg\" \/>\n<meta name=\"twitter:card\" content=\"summary_large_image\" \/>\n<meta name=\"twitter:label1\" content=\"Dur\u00e9e de lecture estim\u00e9e\" \/>\n\t<meta name=\"twitter:data1\" content=\"2 minutes\" \/>\n<script type=\"application\/ld+json\" class=\"yoast-schema-graph\">{\"@context\":\"https:\\\/\\\/schema.org\",\"@graph\":[{\"@type\":\"WebPage\",\"@id\":\"https:\\\/\\\/hardnesstests.com\\\/product\\\/hbst-3000-digital-display-brinell-hardness-tester\\\/\",\"url\":\"https:\\\/\\\/hardnesstests.com\\\/product\\\/hbst-3000-digital-display-brinell-hardness-tester\\\/\",\"name\":\"(HBST-3000) Digital display Brinell hardness tester - hardnesstests\",\"isPartOf\":{\"@id\":\"https:\\\/\\\/hardnesstests.com\\\/tr\\\/#website\"},\"primaryImageOfPage\":{\"@id\":\"https:\\\/\\\/hardnesstests.com\\\/product\\\/hbst-3000-digital-display-brinell-hardness-tester\\\/#primaryimage\"},\"image\":{\"@id\":\"https:\\\/\\\/hardnesstests.com\\\/product\\\/hbst-3000-digital-display-brinell-hardness-tester\\\/#primaryimage\"},\"thumbnailUrl\":\"https:\\\/\\\/hardnesstests.com\\\/wp-content\\\/uploads\\\/2025\\\/11\\\/HBST-3000\u6570\u663e\u5e03\u6c0f\u786c\u5ea6\u8ba1.jpg\",\"datePublished\":\"2025-11-26T07:20:55+00:00\",\"dateModified\":\"2025-11-27T05:58:35+00:00\",\"breadcrumb\":{\"@id\":\"https:\\\/\\\/hardnesstests.com\\\/product\\\/hbst-3000-digital-display-brinell-hardness-tester\\\/#breadcrumb\"},\"inLanguage\":\"fr-FR\",\"potentialAction\":[{\"@type\":\"ReadAction\",\"target\":[\"https:\\\/\\\/hardnesstests.com\\\/product\\\/hbst-3000-digital-display-brinell-hardness-tester\\\/\"]}]},{\"@type\":\"ImageObject\",\"inLanguage\":\"fr-FR\",\"@id\":\"https:\\\/\\\/hardnesstests.com\\\/product\\\/hbst-3000-digital-display-brinell-hardness-tester\\\/#primaryimage\",\"url\":\"https:\\\/\\\/hardnesstests.com\\\/wp-content\\\/uploads\\\/2025\\\/11\\\/HBST-3000\u6570\u663e\u5e03\u6c0f\u786c\u5ea6\u8ba1.jpg\",\"contentUrl\":\"https:\\\/\\\/hardnesstests.com\\\/wp-content\\\/uploads\\\/2025\\\/11\\\/HBST-3000\u6570\u663e\u5e03\u6c0f\u786c\u5ea6\u8ba1.jpg\",\"width\":800,\"height\":800,\"caption\":\"(HBST-3000) Digital display Brinell hardness tester\"},{\"@type\":\"BreadcrumbList\",\"@id\":\"https:\\\/\\\/hardnesstests.com\\\/product\\\/hbst-3000-digital-display-brinell-hardness-tester\\\/#breadcrumb\",\"itemListElement\":[{\"@type\":\"ListItem\",\"position\":1,\"name\":\"\u9996\u9875\",\"item\":\"https:\\\/\\\/hardnesstests.com\\\/\"},{\"@type\":\"ListItem\",\"position\":2,\"name\":\"products\",\"item\":\"https:\\\/\\\/hardnesstests.com\\\/products\\\/\"},{\"@type\":\"ListItem\",\"position\":3,\"name\":\"(HBST-3000) Digital display Brinell hardness tester\"}]},{\"@type\":\"WebSite\",\"@id\":\"https:\\\/\\\/hardnesstests.com\\\/tr\\\/#website\",\"url\":\"https:\\\/\\\/hardnesstests.com\\\/tr\\\/\",\"name\":\"hardnesstests\",\"description\":\"\",\"publisher\":{\"@id\":\"https:\\\/\\\/hardnesstests.com\\\/tr\\\/#organization\"},\"potentialAction\":[{\"@type\":\"SearchAction\",\"target\":{\"@type\":\"EntryPoint\",\"urlTemplate\":\"https:\\\/\\\/hardnesstests.com\\\/tr\\\/?s={search_term_string}\"},\"query-input\":{\"@type\":\"PropertyValueSpecification\",\"valueRequired\":true,\"valueName\":\"search_term_string\"}}],\"inLanguage\":\"fr-FR\"},{\"@type\":\"Organization\",\"@id\":\"https:\\\/\\\/hardnesstests.com\\\/tr\\\/#organization\",\"name\":\"hardnesstests\",\"url\":\"https:\\\/\\\/hardnesstests.com\\\/tr\\\/\",\"logo\":{\"@type\":\"ImageObject\",\"inLanguage\":\"fr-FR\",\"@id\":\"https:\\\/\\\/hardnesstests.com\\\/tr\\\/#\\\/schema\\\/logo\\\/image\\\/\",\"url\":\"https:\\\/\\\/hardnesstests.com\\\/wp-content\\\/uploads\\\/2021\\\/08\\\/\u5fae\u4fe1\u56fe\u7247_20251029102004_335_1287.png\",\"contentUrl\":\"https:\\\/\\\/hardnesstests.com\\\/wp-content\\\/uploads\\\/2021\\\/08\\\/\u5fae\u4fe1\u56fe\u7247_20251029102004_335_1287.png\",\"width\":1308,\"height\":467,\"caption\":\"hardnesstests\"},\"image\":{\"@id\":\"https:\\\/\\\/hardnesstests.com\\\/tr\\\/#\\\/schema\\\/logo\\\/image\\\/\"}}]}<\/script>\n<!-- \/ Yoast SEO Premium plugin. -->","yoast_head_json":{"title":"(HBST-3000) Digital display Brinell hardness tester - hardnesstests","robots":{"index":"index","follow":"follow","max-snippet":"max-snippet:-1","max-image-preview":"max-image-preview:large","max-video-preview":"max-video-preview:-1"},"canonical":"https:\/\/hardnesstests.com\/fr\/produit\/hbst-3000-digital-display-brinell-hardness-tester\/","og_locale":"fr_FR","og_type":"article","og_title":"(HBST-3000) Digital display Brinell hardness tester","og_description":"HBST-3000 touch screen digital display Brinell hardness tester, the software system adopts computer intelligent programming, uses photoelectric sensor technology, through independent selection of test conditions, the test method, upper and lower limit range, and pressure measurement can be displayed on the 5.6-inch touch multifunctional display Trace length, hardness value, conversion value, test force, retention time, number of measurements, and can enter year, month, date, test results and data processing, etc., and can output measurement data through a built-in printer or connect to a computer through a data interface net. The optical system adopts high-magnification LED optical measurement, the image clarity is high, the brightness is adjustable, and the long-term operation is not suitable for fatigue. The hardware system adopts advanced electronic sensor loading technology. Through the closed-loop control system, the CPU controls the sensor to collect signals. The stepper motor automatically loads and unloads the test force, and can automatically compensate the test force to ensure more accurate force values and better indications. stability. At the same time, it is equipped with an emergency stop device, which meets the EU CE safety standards. With humanized operability, more reliable stability and safety.","og_url":"https:\/\/hardnesstests.com\/fr\/produit\/hbst-3000-digital-display-brinell-hardness-tester\/","og_site_name":"hardnesstests","article_modified_time":"2025-11-27T05:58:35+00:00","og_image":[{"width":800,"height":800,"url":"https:\/\/hardnesstests.com\/wp-content\/uploads\/2025\/11\/HBST-3000\u6570\u663e\u5e03\u6c0f\u786c\u5ea6\u8ba1.jpg","type":"image\/jpeg"}],"twitter_card":"summary_large_image","twitter_misc":{"Dur\u00e9e de lecture estim\u00e9e":"2 minutes"},"schema":{"@context":"https:\/\/schema.org","@graph":[{"@type":"WebPage","@id":"https:\/\/hardnesstests.com\/product\/hbst-3000-digital-display-brinell-hardness-tester\/","url":"https:\/\/hardnesstests.com\/product\/hbst-3000-digital-display-brinell-hardness-tester\/","name":"(HBST-3000) Digital display Brinell hardness tester - hardnesstests","isPartOf":{"@id":"https:\/\/hardnesstests.com\/tr\/#website"},"primaryImageOfPage":{"@id":"https:\/\/hardnesstests.com\/product\/hbst-3000-digital-display-brinell-hardness-tester\/#primaryimage"},"image":{"@id":"https:\/\/hardnesstests.com\/product\/hbst-3000-digital-display-brinell-hardness-tester\/#primaryimage"},"thumbnailUrl":"https:\/\/hardnesstests.com\/wp-content\/uploads\/2025\/11\/HBST-3000\u6570\u663e\u5e03\u6c0f\u786c\u5ea6\u8ba1.jpg","datePublished":"2025-11-26T07:20:55+00:00","dateModified":"2025-11-27T05:58:35+00:00","breadcrumb":{"@id":"https:\/\/hardnesstests.com\/product\/hbst-3000-digital-display-brinell-hardness-tester\/#breadcrumb"},"inLanguage":"fr-FR","potentialAction":[{"@type":"ReadAction","target":["https:\/\/hardnesstests.com\/product\/hbst-3000-digital-display-brinell-hardness-tester\/"]}]},{"@type":"ImageObject","inLanguage":"fr-FR","@id":"https:\/\/hardnesstests.com\/product\/hbst-3000-digital-display-brinell-hardness-tester\/#primaryimage","url":"https:\/\/hardnesstests.com\/wp-content\/uploads\/2025\/11\/HBST-3000\u6570\u663e\u5e03\u6c0f\u786c\u5ea6\u8ba1.jpg","contentUrl":"https:\/\/hardnesstests.com\/wp-content\/uploads\/2025\/11\/HBST-3000\u6570\u663e\u5e03\u6c0f\u786c\u5ea6\u8ba1.jpg","width":800,"height":800,"caption":"(HBST-3000) Digital display Brinell hardness tester"},{"@type":"BreadcrumbList","@id":"https:\/\/hardnesstests.com\/product\/hbst-3000-digital-display-brinell-hardness-tester\/#breadcrumb","itemListElement":[{"@type":"ListItem","position":1,"name":"\u9996\u9875","item":"https:\/\/hardnesstests.com\/"},{"@type":"ListItem","position":2,"name":"products","item":"https:\/\/hardnesstests.com\/products\/"},{"@type":"ListItem","position":3,"name":"(HBST-3000) Digital display Brinell hardness tester"}]},{"@type":"WebSite","@id":"https:\/\/hardnesstests.com\/tr\/#website","url":"https:\/\/hardnesstests.com\/tr\/","name":"hardnesstests","description":"","publisher":{"@id":"https:\/\/hardnesstests.com\/tr\/#organization"},"potentialAction":[{"@type":"SearchAction","target":{"@type":"EntryPoint","urlTemplate":"https:\/\/hardnesstests.com\/tr\/?s={search_term_string}"},"query-input":{"@type":"PropertyValueSpecification","valueRequired":true,"valueName":"search_term_string"}}],"inLanguage":"fr-FR"},{"@type":"Organization","@id":"https:\/\/hardnesstests.com\/tr\/#organization","name":"hardnesstests","url":"https:\/\/hardnesstests.com\/tr\/","logo":{"@type":"ImageObject","inLanguage":"fr-FR","@id":"https:\/\/hardnesstests.com\/tr\/#\/schema\/logo\/image\/","url":"https:\/\/hardnesstests.com\/wp-content\/uploads\/2021\/08\/\u5fae\u4fe1\u56fe\u7247_20251029102004_335_1287.png","contentUrl":"https:\/\/hardnesstests.com\/wp-content\/uploads\/2021\/08\/\u5fae\u4fe1\u56fe\u7247_20251029102004_335_1287.png","width":1308,"height":467,"caption":"hardnesstests"},"image":{"@id":"https:\/\/hardnesstests.com\/tr\/#\/schema\/logo\/image\/"}}]}},"_links":{"self":[{"href":"https:\/\/hardnesstests.com\/fr\/wp-json\/wp\/v2\/product\/29657","targetHints":{"allow":["GET"]}}],"collection":[{"href":"https:\/\/hardnesstests.com\/fr\/wp-json\/wp\/v2\/product"}],"about":[{"href":"https:\/\/hardnesstests.com\/fr\/wp-json\/wp\/v2\/types\/product"}],"replies":[{"embeddable":true,"href":"https:\/\/hardnesstests.com\/fr\/wp-json\/wp\/v2\/comments?post=29657"}],"version-history":[{"count":2,"href":"https:\/\/hardnesstests.com\/fr\/wp-json\/wp\/v2\/product\/29657\/revisions"}],"predecessor-version":[{"id":29707,"href":"https:\/\/hardnesstests.com\/fr\/wp-json\/wp\/v2\/product\/29657\/revisions\/29707"}],"wp:featuredmedia":[{"embeddable":true,"href":"https:\/\/hardnesstests.com\/fr\/wp-json\/wp\/v2\/media\/29658"}],"wp:attachment":[{"href":"https:\/\/hardnesstests.com\/fr\/wp-json\/wp\/v2\/media?parent=29657"}],"wp:term":[{"taxonomy":"product_brand","embeddable":true,"href":"https:\/\/hardnesstests.com\/fr\/wp-json\/wp\/v2\/product_brand?post=29657"},{"taxonomy":"product_cat","embeddable":true,"href":"https:\/\/hardnesstests.com\/fr\/wp-json\/wp\/v2\/product_cat?post=29657"},{"taxonomy":"product_tag","embeddable":true,"href":"https:\/\/hardnesstests.com\/fr\/wp-json\/wp\/v2\/product_tag?post=29657"}],"curies":[{"name":"wp","href":"https:\/\/api.w.org\/{rel}","templated":true}]}}