{"id":29651,"date":"2025-11-26T07:15:46","date_gmt":"2025-11-26T07:15:46","guid":{"rendered":"https:\/\/hardnesstests.com\/?post_type=product&#038;p=29651"},"modified":"2025-11-27T05:57:06","modified_gmt":"2025-11-27T05:57:06","slug":"dual-objective-lens-touch-screen-digital-display-automatic-rotary-brinell-hardness-testerhbst-3000zs","status":"publish","type":"product","link":"https:\/\/hardnesstests.com\/fr\/produit\/dual-objective-lens-touch-screen-digital-display-automatic-rotary-brinell-hardness-testerhbst-3000zs\/","title":{"rendered":"(Appareil d'essai de duret\u00e9 Brinell rotatif automatique \u00e0 \u00e9cran tactile et double objectif)HBST-3000ZS"},"content":{"rendered":"<table>\n<tbody>\n<tr>\n<td>\n<h1><strong>Principales fonctions et caract\u00e9ristiques :<\/strong><\/h1>\n<\/td>\n<\/tr>\n<\/tbody>\n<\/table>\n<ol>\n<li style=\"font-weight: 400;\">This machine has the characteristics of high precision, high repeatability and stability, simple operation, convenience and practicality, and extremely high cost performance;<\/li>\n<li style=\"font-weight: 400;\">It has 11 levels of test force and can test a wider range;<\/li>\n<li style=\"font-weight: 400;\">It is equipped with a digital display micrometer eyepiece and an accurate data calculation system, and the hardness value can be directly displayed with just a click;<\/li>\n<li style=\"font-weight: 400;\">The system has a calibration function, which can manually adjust the input calibration instrument and calibrate the eyepiece magnification.<\/li>\n<li style=\"font-weight: 400;\">The adjustable brightness range of the optical system: 0-100<\/li>\n<li style=\"font-weight: 400;\">It can store up to 100 sets of test data, and the average value and number of times can be displayed on the main interface. The product name can also be set.<\/li>\n<li style=\"font-weight: 400;\">The stored data can be viewed and printed in real time, and the current test results and all test records can be directly printed.<\/li>\n<li style=\"font-weight: 400;\">The operating system has 14 languages, which can be switched at will: Chinese, Traditional Chinese, English, Russian, German, French, Spanish, Portuguese, Turkish, Czech, Japanese, Korean, Thai, Vietnamese;<\/li>\n<li style=\"font-weight: 400;\">The main interface can display 4 conversion scales at the same time, and can switch: national standard (GB), American standard (ASTM) and international (ISO) standard, a total of 30 units can be converted: HRA, HRB, HRC, HRD, HRF, HR15N, HR30N, HR45N, HR15T, HR30T, HR45T, HV, HK, HBW, HBS, HS, HV50, HV10, HV5, MPa, Rm, Rm(c), Rm(Cr), Rm(CrV), Rm(CrNi), Rm(CrMo), Rm(NiMo) \u3001Rm(MnSi)\u3001Rm(High)\u3001Rm(STNL)<\/li>\n<li style=\"font-weight: 400;\">Equipped with built-in printer to output measurement data\u3002<\/li>\n<li style=\"font-weight: 400;\">Optional USB to export measurement data, or select upper software data output to edit and export measurement report<\/li>\n<li style=\"font-weight: 400;\">Equipped with high-performance stepper motor to automatically load and unload test force, less noise generated during the test<\/li>\n<li style=\"font-weight: 400;\">Gr\u00e2ce \u00e0 la technologie des capteurs photo\u00e9lectriques et au syst\u00e8me de contr\u00f4le par micro-ordinateur, il peut compenser automatiquement et les r\u00e9sultats des tests sont pr\u00e9cis et stables ;<\/li>\n<li style=\"font-weight: 400;\">Automatically input the indentation diameter and directly display the hardness value;<\/li>\n<li style=\"font-weight: 400;\">Self-designed high-magnification LED optical measurement, high image clarity, adjustable brightness, long-term operation without fatigue;<\/li>\n<li style=\"font-weight: 400;\">The shell structure is stable and non-deformed, and can work in relatively harsh environments;<\/li>\n<li style=\"font-weight: 400;\">The surface is treated with automotive paint technology, with strong scratch resistance, and it is still as bright as new after years of use;<\/li>\n<\/ol>\n<h1 style=\"font-weight: 400;\">Main uses and scope of use:<\/h1>\n<ol>\n<li style=\"font-weight: 400;\">Suitable for hardness test of metal materials with large grains, which can reflect the comprehensive performance of the material;<\/li>\n<li style=\"font-weight: 400;\">Cast iron, steel, non-ferrous metals, especially for softer metals such as pure aluminum, lead, tin, etc.<\/li>\n<li style=\"font-weight: 400;\">Can be used for the hardness test of some non-metallic materials such as hard plastics, bakelite, etc.<\/li>\n<\/ol>\n<table>\n<tbody>\n<tr>\n<td>\n<h1><strong>Param\u00e8tres techniques :<\/strong><\/h1>\n<\/td>\n<\/tr>\n<\/tbody>\n<\/table>\n<table>\n<tbody>\n<tr>\n<td width=\"138\">Mod\u00e8le de produit<\/td>\n<td width=\"450\">HBST-3000ZS<\/td>\n<\/tr>\n<tr>\n<td width=\"138\">Brinell scale<\/td>\n<td width=\"450\">HBW2.5\/31.25\u3001HBW2.5\/62.5\u3001HBW2.5\/187.5\u3001HBW5\/62.5 HBW5\/125\u3001\u00a0\u00a0\u00a0\u00a0HBW5\/250\u3001\u00a0\u00a0\u00a0\u00a0HBW5\/750\u00a0\u00a0\u00a0\u00a0\u00a0HBW10\/100\u00a0\u00a0\u00a0\u00a0\u00a0\u00a0HBW10\/250\u00a0\u00a0HBW10\/500\u3001HBW10\/1000\u00a0\u00a0\u00a0\u00a0HBW10\/1500\u00a0\u00a0HBW10\/3000<\/td>\n<\/tr>\n<tr>\n<td width=\"138\">Test force (11 levels)<\/td>\n<td width=\"450\">31.25kgf(306.5N)62.5kgf(612.9N)100kgf(980.7N)125kgf(1226N)187.5kgf(1839N)250kgf(2452N)500kgf(4903N)750kgf(7355N)1000kgf(8907N)1500kgf(14710N)3000kgf(29420N)<\/td>\n<\/tr>\n<tr>\n<td width=\"138\">Test force unit conversion<\/td>\n<td width=\"450\">gf\u3001mN)<\/td>\n<\/tr>\n<tr>\n<td width=\"138\">Lecture de la duret\u00e9<\/td>\n<td width=\"450\">Automatic calculation<\/td>\n<\/tr>\n<tr>\n<td width=\"138\">Hardness value unit conversion<\/td>\n<td width=\"450\">Automatic conversion: Vickers, Rockwell<\/td>\n<\/tr>\n<tr>\n<td width=\"138\">Screen<\/td>\n<td width=\"450\">8-inch touch screen, the machine will automatically sleep if not operated for a long time<\/td>\n<\/tr>\n<tr>\n<td width=\"138\">Loading process<\/td>\n<td width=\"450\">Real-time display of loading time and loading force curve, loading time &lt;8s<\/td>\n<\/tr>\n<tr>\n<td width=\"138\">Load control<\/td>\n<td width=\"450\">Automatique (chargement\/tenue\/d\u00e9chargement)<\/td>\n<\/tr>\n<tr>\n<td width=\"138\">Tourelle<\/td>\n<td width=\"450\">Automatic turret, the pressure head and objective lens rotate automatically<\/td>\n<\/tr>\n<tr>\n<td width=\"138\">Maximum test piece height<\/td>\n<td width=\"450\">370mm<\/td>\n<\/tr>\n<tr>\n<td width=\"138\">Distance entre l'int\u00e9rieur et l'ext\u00e9rieur de la paroi<\/td>\n<td width=\"450\">170mm<\/td>\n<\/tr>\n<tr>\n<td width=\"138\">Objective lens<\/td>\n<td width=\"450\">1X\u00a0\u30012X<\/td>\n<\/tr>\n<tr>\n<td width=\"138\">Eyepiece<\/td>\n<td width=\"450\">20X<\/td>\n<\/tr>\n<tr>\n<td width=\"138\">Grossissement total<\/td>\n<td width=\"450\">20X\u300140X<\/td>\n<\/tr>\n<tr>\n<td width=\"138\">Minimum measurement division value<\/td>\n<td width=\"450\">20 times: 0.6um 40 times: 0.30um<\/td>\n<\/tr>\n<tr>\n<td width=\"138\">Dwelling time<\/td>\n<td width=\"450\">2-99s<\/td>\n<\/tr>\n<tr>\n<td width=\"138\">Plage d'essai de duret\u00e9<\/td>\n<td width=\"450\">3.18~653HBW<\/td>\n<\/tr>\n<tr>\n<td width=\"138\">Implementation standard<\/td>\n<td width=\"450\">EN ISO 6506, , ASTM E-10-08, GB\/T231.2\uff0cJJG150 -2005<\/td>\n<\/tr>\n<tr>\n<td width=\"138\">Sortie de donn\u00e9es<\/td>\n<td width=\"450\">Built-in printer, or optional USB and host software, measurement software<\/td>\n<\/tr>\n<tr>\n<td width=\"138\">Alimentation \u00e9lectrique<\/td>\n<td width=\"450\">AC220+5%,50~60Hz<\/td>\n<\/tr>\n<tr>\n<td width=\"138\">Dimensions (mm)<\/td>\n<td width=\"450\">595*245*1000mm<\/td>\n<\/tr>\n<tr>\n<td width=\"138\">Main unit weight<\/td>\n<td width=\"450\">About 175kg<\/td>\n<\/tr>\n<\/tbody>\n<\/table>","protected":false},"excerpt":{"rendered":"<p>HBST-3000ZS dual objective lens touch screen digital display automatic brick tower Brinell hardness tester, the software system adopts computer intelligent programming, uses photoelectric sensing technology, and can display the test method, upper and lower limits on the 8-inch touch multi-function display screen by independently selecting the test conditions, measuring the indentation length value, hardness value, conversion value, test force, holding time, number of measurements, and can enter the date, test results and data processing, etc., and can output the measurement data through the built-in printer or connect to the computer through the data interface. The optical system adopts a high-magnification LED optical objective lens with high image clarity and adjustable brightness, and it is not easy to fatigue after long-term operation. The hardware system adopts advanced electronic sensor loading technology. Through a closed-loop control system, the system controls the sensor to collect signals, and the high-speed stepping motor automatically loads and unloads the test force, and can automatically compensate for the test force to ensure that the force value is more accurate and the indication is more stable. At the same time, it is equipped with an emergency stop device, which meets the EU CE safety standards. It has humanized operability, more reliable stability and safety.<\/p>","protected":false},"featured_media":29652,"comment_status":"open","ping_status":"closed","template":"","meta":[],"product_brand":[],"product_cat":[75,70],"product_tag":[105],"class_list":{"0":"post-29651","1":"product","2":"type-product","3":"status-publish","4":"has-post-thumbnail","6":"product_cat-brinell-hardness-tester","7":"product_cat-hardness-tester","8":"product_tag-brinell-hardness-tester","10":"first","11":"instock","12":"shipping-taxable","13":"product-type-simple"},"yoast_head":"<!-- This site is optimized with the Yoast SEO Premium plugin v25.4 (Yoast SEO v27.4) - https:\/\/yoast.com\/product\/yoast-seo-premium-wordpress\/ -->\n<title>(Dual objective lens touch screen digital display automatic rotary Brinell hardness tester)HBST-3000ZS - hardnesstests<\/title>\n<meta name=\"robots\" content=\"index, follow, max-snippet:-1, max-image-preview:large, max-video-preview:-1\" \/>\n<link rel=\"canonical\" href=\"https:\/\/hardnesstests.com\/fr\/produit\/dual-objective-lens-touch-screen-digital-display-automatic-rotary-brinell-hardness-testerhbst-3000zs\/\" \/>\n<meta property=\"og:locale\" content=\"fr_FR\" \/>\n<meta property=\"og:type\" content=\"article\" \/>\n<meta property=\"og:title\" content=\"(Dual objective lens touch screen digital display automatic rotary Brinell hardness tester)HBST-3000ZS\" \/>\n<meta property=\"og:description\" content=\"HBST-3000ZS dual objective lens touch screen digital display automatic brick tower Brinell hardness tester, the software system adopts computer intelligent programming, uses photoelectric sensing technology, and can display the test method, upper and lower limits on the 8-inch touch multi-function display screen by independently selecting the test conditions, measuring the indentation length value, hardness value, conversion value, test force, holding time, number of measurements, and can enter the date, test results and data processing, etc., and can output the measurement data through the built-in printer or connect to the computer through the data interface. The optical system adopts a high-magnification LED optical objective lens with high image clarity and adjustable brightness, and it is not easy to fatigue after long-term operation. The hardware system adopts advanced electronic sensor loading technology. Through a closed-loop control system, the system controls the sensor to collect signals, and the high-speed stepping motor automatically loads and unloads the test force, and can automatically compensate for the test force to ensure that the force value is more accurate and the indication is more stable. At the same time, it is equipped with an emergency stop device, which meets the EU CE safety standards. It has humanized operability, more reliable stability and safety.\" \/>\n<meta property=\"og:url\" content=\"https:\/\/hardnesstests.com\/fr\/produit\/dual-objective-lens-touch-screen-digital-display-automatic-rotary-brinell-hardness-testerhbst-3000zs\/\" \/>\n<meta property=\"og:site_name\" content=\"hardnesstests\" \/>\n<meta property=\"article:modified_time\" content=\"2025-11-27T05:57:06+00:00\" \/>\n<meta property=\"og:image\" content=\"https:\/\/hardnesstests.com\/wp-content\/uploads\/2025\/11\/HBST-3000ZS\u53cc\u7269\u955c\u89e6\u6478\u5c4f\u6570\u663e\u81ea\u52a8\u65cb\u8f6c\u5e03\u6c0f\u786c\u5ea6\u8ba1.jpg\" \/>\n\t<meta property=\"og:image:width\" content=\"800\" \/>\n\t<meta property=\"og:image:height\" content=\"800\" \/>\n\t<meta property=\"og:image:type\" content=\"image\/jpeg\" \/>\n<meta name=\"twitter:card\" content=\"summary_large_image\" \/>\n<meta name=\"twitter:label1\" content=\"Dur\u00e9e de lecture estim\u00e9e\" \/>\n\t<meta name=\"twitter:data1\" content=\"3 minutes\" \/>\n<script type=\"application\/ld+json\" class=\"yoast-schema-graph\">{\"@context\":\"https:\\\/\\\/schema.org\",\"@graph\":[{\"@type\":\"WebPage\",\"@id\":\"https:\\\/\\\/hardnesstests.com\\\/product\\\/dual-objective-lens-touch-screen-digital-display-automatic-rotary-brinell-hardness-testerhbst-3000zs\\\/\",\"url\":\"https:\\\/\\\/hardnesstests.com\\\/product\\\/dual-objective-lens-touch-screen-digital-display-automatic-rotary-brinell-hardness-testerhbst-3000zs\\\/\",\"name\":\"(Dual objective lens touch screen digital display automatic rotary Brinell hardness tester)HBST-3000ZS - hardnesstests\",\"isPartOf\":{\"@id\":\"https:\\\/\\\/hardnesstests.com\\\/tr\\\/#website\"},\"primaryImageOfPage\":{\"@id\":\"https:\\\/\\\/hardnesstests.com\\\/product\\\/dual-objective-lens-touch-screen-digital-display-automatic-rotary-brinell-hardness-testerhbst-3000zs\\\/#primaryimage\"},\"image\":{\"@id\":\"https:\\\/\\\/hardnesstests.com\\\/product\\\/dual-objective-lens-touch-screen-digital-display-automatic-rotary-brinell-hardness-testerhbst-3000zs\\\/#primaryimage\"},\"thumbnailUrl\":\"https:\\\/\\\/hardnesstests.com\\\/wp-content\\\/uploads\\\/2025\\\/11\\\/HBST-3000ZS\u53cc\u7269\u955c\u89e6\u6478\u5c4f\u6570\u663e\u81ea\u52a8\u65cb\u8f6c\u5e03\u6c0f\u786c\u5ea6\u8ba1.jpg\",\"datePublished\":\"2025-11-26T07:15:46+00:00\",\"dateModified\":\"2025-11-27T05:57:06+00:00\",\"breadcrumb\":{\"@id\":\"https:\\\/\\\/hardnesstests.com\\\/product\\\/dual-objective-lens-touch-screen-digital-display-automatic-rotary-brinell-hardness-testerhbst-3000zs\\\/#breadcrumb\"},\"inLanguage\":\"fr-FR\",\"potentialAction\":[{\"@type\":\"ReadAction\",\"target\":[\"https:\\\/\\\/hardnesstests.com\\\/product\\\/dual-objective-lens-touch-screen-digital-display-automatic-rotary-brinell-hardness-testerhbst-3000zs\\\/\"]}]},{\"@type\":\"ImageObject\",\"inLanguage\":\"fr-FR\",\"@id\":\"https:\\\/\\\/hardnesstests.com\\\/product\\\/dual-objective-lens-touch-screen-digital-display-automatic-rotary-brinell-hardness-testerhbst-3000zs\\\/#primaryimage\",\"url\":\"https:\\\/\\\/hardnesstests.com\\\/wp-content\\\/uploads\\\/2025\\\/11\\\/HBST-3000ZS\u53cc\u7269\u955c\u89e6\u6478\u5c4f\u6570\u663e\u81ea\u52a8\u65cb\u8f6c\u5e03\u6c0f\u786c\u5ea6\u8ba1.jpg\",\"contentUrl\":\"https:\\\/\\\/hardnesstests.com\\\/wp-content\\\/uploads\\\/2025\\\/11\\\/HBST-3000ZS\u53cc\u7269\u955c\u89e6\u6478\u5c4f\u6570\u663e\u81ea\u52a8\u65cb\u8f6c\u5e03\u6c0f\u786c\u5ea6\u8ba1.jpg\",\"width\":800,\"height\":800,\"caption\":\"(Dual objective lens touch screen digital display automatic rotary Brinell hardness tester)HBST-3000ZS\"},{\"@type\":\"BreadcrumbList\",\"@id\":\"https:\\\/\\\/hardnesstests.com\\\/product\\\/dual-objective-lens-touch-screen-digital-display-automatic-rotary-brinell-hardness-testerhbst-3000zs\\\/#breadcrumb\",\"itemListElement\":[{\"@type\":\"ListItem\",\"position\":1,\"name\":\"\u9996\u9875\",\"item\":\"https:\\\/\\\/hardnesstests.com\\\/\"},{\"@type\":\"ListItem\",\"position\":2,\"name\":\"products\",\"item\":\"https:\\\/\\\/hardnesstests.com\\\/products\\\/\"},{\"@type\":\"ListItem\",\"position\":3,\"name\":\"(Dual objective lens touch screen digital display automatic rotary Brinell hardness tester)HBST-3000ZS\"}]},{\"@type\":\"WebSite\",\"@id\":\"https:\\\/\\\/hardnesstests.com\\\/tr\\\/#website\",\"url\":\"https:\\\/\\\/hardnesstests.com\\\/tr\\\/\",\"name\":\"hardnesstests\",\"description\":\"\",\"publisher\":{\"@id\":\"https:\\\/\\\/hardnesstests.com\\\/tr\\\/#organization\"},\"potentialAction\":[{\"@type\":\"SearchAction\",\"target\":{\"@type\":\"EntryPoint\",\"urlTemplate\":\"https:\\\/\\\/hardnesstests.com\\\/tr\\\/?s={search_term_string}\"},\"query-input\":{\"@type\":\"PropertyValueSpecification\",\"valueRequired\":true,\"valueName\":\"search_term_string\"}}],\"inLanguage\":\"fr-FR\"},{\"@type\":\"Organization\",\"@id\":\"https:\\\/\\\/hardnesstests.com\\\/tr\\\/#organization\",\"name\":\"hardnesstests\",\"url\":\"https:\\\/\\\/hardnesstests.com\\\/tr\\\/\",\"logo\":{\"@type\":\"ImageObject\",\"inLanguage\":\"fr-FR\",\"@id\":\"https:\\\/\\\/hardnesstests.com\\\/tr\\\/#\\\/schema\\\/logo\\\/image\\\/\",\"url\":\"https:\\\/\\\/hardnesstests.com\\\/wp-content\\\/uploads\\\/2021\\\/08\\\/\u5fae\u4fe1\u56fe\u7247_20251029102004_335_1287.png\",\"contentUrl\":\"https:\\\/\\\/hardnesstests.com\\\/wp-content\\\/uploads\\\/2021\\\/08\\\/\u5fae\u4fe1\u56fe\u7247_20251029102004_335_1287.png\",\"width\":1308,\"height\":467,\"caption\":\"hardnesstests\"},\"image\":{\"@id\":\"https:\\\/\\\/hardnesstests.com\\\/tr\\\/#\\\/schema\\\/logo\\\/image\\\/\"}}]}<\/script>\n<!-- \/ Yoast SEO Premium plugin. -->","yoast_head_json":{"title":"(Dual objective lens touch screen digital display automatic rotary Brinell hardness tester)HBST-3000ZS - hardnesstests","robots":{"index":"index","follow":"follow","max-snippet":"max-snippet:-1","max-image-preview":"max-image-preview:large","max-video-preview":"max-video-preview:-1"},"canonical":"https:\/\/hardnesstests.com\/fr\/produit\/dual-objective-lens-touch-screen-digital-display-automatic-rotary-brinell-hardness-testerhbst-3000zs\/","og_locale":"fr_FR","og_type":"article","og_title":"(Dual objective lens touch screen digital display automatic rotary Brinell hardness tester)HBST-3000ZS","og_description":"HBST-3000ZS dual objective lens touch screen digital display automatic brick tower Brinell hardness tester, the software system adopts computer intelligent programming, uses photoelectric sensing technology, and can display the test method, upper and lower limits on the 8-inch touch multi-function display screen by independently selecting the test conditions, measuring the indentation length value, hardness value, conversion value, test force, holding time, number of measurements, and can enter the date, test results and data processing, etc., and can output the measurement data through the built-in printer or connect to the computer through the data interface. The optical system adopts a high-magnification LED optical objective lens with high image clarity and adjustable brightness, and it is not easy to fatigue after long-term operation. The hardware system adopts advanced electronic sensor loading technology. Through a closed-loop control system, the system controls the sensor to collect signals, and the high-speed stepping motor automatically loads and unloads the test force, and can automatically compensate for the test force to ensure that the force value is more accurate and the indication is more stable. At the same time, it is equipped with an emergency stop device, which meets the EU CE safety standards. It has humanized operability, more reliable stability and safety.","og_url":"https:\/\/hardnesstests.com\/fr\/produit\/dual-objective-lens-touch-screen-digital-display-automatic-rotary-brinell-hardness-testerhbst-3000zs\/","og_site_name":"hardnesstests","article_modified_time":"2025-11-27T05:57:06+00:00","og_image":[{"width":800,"height":800,"url":"https:\/\/hardnesstests.com\/wp-content\/uploads\/2025\/11\/HBST-3000ZS\u53cc\u7269\u955c\u89e6\u6478\u5c4f\u6570\u663e\u81ea\u52a8\u65cb\u8f6c\u5e03\u6c0f\u786c\u5ea6\u8ba1.jpg","type":"image\/jpeg"}],"twitter_card":"summary_large_image","twitter_misc":{"Dur\u00e9e de lecture estim\u00e9e":"3 minutes"},"schema":{"@context":"https:\/\/schema.org","@graph":[{"@type":"WebPage","@id":"https:\/\/hardnesstests.com\/product\/dual-objective-lens-touch-screen-digital-display-automatic-rotary-brinell-hardness-testerhbst-3000zs\/","url":"https:\/\/hardnesstests.com\/product\/dual-objective-lens-touch-screen-digital-display-automatic-rotary-brinell-hardness-testerhbst-3000zs\/","name":"(Dual objective lens touch screen digital display automatic rotary Brinell hardness tester)HBST-3000ZS - hardnesstests","isPartOf":{"@id":"https:\/\/hardnesstests.com\/tr\/#website"},"primaryImageOfPage":{"@id":"https:\/\/hardnesstests.com\/product\/dual-objective-lens-touch-screen-digital-display-automatic-rotary-brinell-hardness-testerhbst-3000zs\/#primaryimage"},"image":{"@id":"https:\/\/hardnesstests.com\/product\/dual-objective-lens-touch-screen-digital-display-automatic-rotary-brinell-hardness-testerhbst-3000zs\/#primaryimage"},"thumbnailUrl":"https:\/\/hardnesstests.com\/wp-content\/uploads\/2025\/11\/HBST-3000ZS\u53cc\u7269\u955c\u89e6\u6478\u5c4f\u6570\u663e\u81ea\u52a8\u65cb\u8f6c\u5e03\u6c0f\u786c\u5ea6\u8ba1.jpg","datePublished":"2025-11-26T07:15:46+00:00","dateModified":"2025-11-27T05:57:06+00:00","breadcrumb":{"@id":"https:\/\/hardnesstests.com\/product\/dual-objective-lens-touch-screen-digital-display-automatic-rotary-brinell-hardness-testerhbst-3000zs\/#breadcrumb"},"inLanguage":"fr-FR","potentialAction":[{"@type":"ReadAction","target":["https:\/\/hardnesstests.com\/product\/dual-objective-lens-touch-screen-digital-display-automatic-rotary-brinell-hardness-testerhbst-3000zs\/"]}]},{"@type":"ImageObject","inLanguage":"fr-FR","@id":"https:\/\/hardnesstests.com\/product\/dual-objective-lens-touch-screen-digital-display-automatic-rotary-brinell-hardness-testerhbst-3000zs\/#primaryimage","url":"https:\/\/hardnesstests.com\/wp-content\/uploads\/2025\/11\/HBST-3000ZS\u53cc\u7269\u955c\u89e6\u6478\u5c4f\u6570\u663e\u81ea\u52a8\u65cb\u8f6c\u5e03\u6c0f\u786c\u5ea6\u8ba1.jpg","contentUrl":"https:\/\/hardnesstests.com\/wp-content\/uploads\/2025\/11\/HBST-3000ZS\u53cc\u7269\u955c\u89e6\u6478\u5c4f\u6570\u663e\u81ea\u52a8\u65cb\u8f6c\u5e03\u6c0f\u786c\u5ea6\u8ba1.jpg","width":800,"height":800,"caption":"(Dual objective lens touch screen digital display automatic rotary Brinell hardness tester)HBST-3000ZS"},{"@type":"BreadcrumbList","@id":"https:\/\/hardnesstests.com\/product\/dual-objective-lens-touch-screen-digital-display-automatic-rotary-brinell-hardness-testerhbst-3000zs\/#breadcrumb","itemListElement":[{"@type":"ListItem","position":1,"name":"\u9996\u9875","item":"https:\/\/hardnesstests.com\/"},{"@type":"ListItem","position":2,"name":"products","item":"https:\/\/hardnesstests.com\/products\/"},{"@type":"ListItem","position":3,"name":"(Dual objective lens touch screen digital display automatic rotary Brinell hardness tester)HBST-3000ZS"}]},{"@type":"WebSite","@id":"https:\/\/hardnesstests.com\/tr\/#website","url":"https:\/\/hardnesstests.com\/tr\/","name":"hardnesstests","description":"","publisher":{"@id":"https:\/\/hardnesstests.com\/tr\/#organization"},"potentialAction":[{"@type":"SearchAction","target":{"@type":"EntryPoint","urlTemplate":"https:\/\/hardnesstests.com\/tr\/?s={search_term_string}"},"query-input":{"@type":"PropertyValueSpecification","valueRequired":true,"valueName":"search_term_string"}}],"inLanguage":"fr-FR"},{"@type":"Organization","@id":"https:\/\/hardnesstests.com\/tr\/#organization","name":"hardnesstests","url":"https:\/\/hardnesstests.com\/tr\/","logo":{"@type":"ImageObject","inLanguage":"fr-FR","@id":"https:\/\/hardnesstests.com\/tr\/#\/schema\/logo\/image\/","url":"https:\/\/hardnesstests.com\/wp-content\/uploads\/2021\/08\/\u5fae\u4fe1\u56fe\u7247_20251029102004_335_1287.png","contentUrl":"https:\/\/hardnesstests.com\/wp-content\/uploads\/2021\/08\/\u5fae\u4fe1\u56fe\u7247_20251029102004_335_1287.png","width":1308,"height":467,"caption":"hardnesstests"},"image":{"@id":"https:\/\/hardnesstests.com\/tr\/#\/schema\/logo\/image\/"}}]}},"_links":{"self":[{"href":"https:\/\/hardnesstests.com\/fr\/wp-json\/wp\/v2\/product\/29651","targetHints":{"allow":["GET"]}}],"collection":[{"href":"https:\/\/hardnesstests.com\/fr\/wp-json\/wp\/v2\/product"}],"about":[{"href":"https:\/\/hardnesstests.com\/fr\/wp-json\/wp\/v2\/types\/product"}],"replies":[{"embeddable":true,"href":"https:\/\/hardnesstests.com\/fr\/wp-json\/wp\/v2\/comments?post=29651"}],"version-history":[{"count":2,"href":"https:\/\/hardnesstests.com\/fr\/wp-json\/wp\/v2\/product\/29651\/revisions"}],"predecessor-version":[{"id":29705,"href":"https:\/\/hardnesstests.com\/fr\/wp-json\/wp\/v2\/product\/29651\/revisions\/29705"}],"wp:featuredmedia":[{"embeddable":true,"href":"https:\/\/hardnesstests.com\/fr\/wp-json\/wp\/v2\/media\/29652"}],"wp:attachment":[{"href":"https:\/\/hardnesstests.com\/fr\/wp-json\/wp\/v2\/media?parent=29651"}],"wp:term":[{"taxonomy":"product_brand","embeddable":true,"href":"https:\/\/hardnesstests.com\/fr\/wp-json\/wp\/v2\/product_brand?post=29651"},{"taxonomy":"product_cat","embeddable":true,"href":"https:\/\/hardnesstests.com\/fr\/wp-json\/wp\/v2\/product_cat?post=29651"},{"taxonomy":"product_tag","embeddable":true,"href":"https:\/\/hardnesstests.com\/fr\/wp-json\/wp\/v2\/product_tag?post=29651"}],"curies":[{"name":"wp","href":"https:\/\/api.w.org\/{rel}","templated":true}]}}