{"id":29648,"date":"2025-11-26T07:13:20","date_gmt":"2025-11-26T07:13:20","guid":{"rendered":"https:\/\/hardnesstests.com\/?post_type=product&#038;p=29648"},"modified":"2025-11-27T05:56:20","modified_gmt":"2025-11-27T05:56:20","slug":"hbs-3000z-digital-display-brinell-hardness-tester","status":"publish","type":"product","link":"https:\/\/hardnesstests.com\/fr\/produit\/hbs-3000z-digital-display-brinell-hardness-tester\/","title":{"rendered":"(HBS-3000Z) Appareil d'essai de duret\u00e9 Brinell \u00e0 affichage num\u00e9rique"},"content":{"rendered":"<table>\n<tbody>\n<tr>\n<td>\n<h1><strong>Principales fonctions et caract\u00e9ristiques :<\/strong><\/h1>\n<\/td>\n<\/tr>\n<\/tbody>\n<\/table>\n<ol>\n<li style=\"font-weight: 400;\">Cette machine pr\u00e9sente les caract\u00e9ristiques suivantes : haute pr\u00e9cision, haute r\u00e9p\u00e9tabilit\u00e9 et stabilit\u00e9, simplicit\u00e9 d'utilisation, commodit\u00e9 et praticit\u00e9, co\u00fbt \u00e9lev\u00e9 ;<\/li>\n<li style=\"font-weight: 400;\">Le syst\u00e8me demande automatiquement de mesurer l'\u00e9paisseur minimale du produit ;<\/li>\n<li style=\"font-weight: 400;\">Poss\u00e8de une capacit\u00e9 de test de niveau 10 et peut tester une gamme plus large ;<\/li>\n<li style=\"font-weight: 400;\">\u00c9quip\u00e9 d'un oculaire de microm\u00e8tre \u00e0 affichage num\u00e9rique et d'un syst\u00e8me de calcul pr\u00e9cis des donn\u00e9es, la valeur de duret\u00e9 peut \u00eatre affich\u00e9e directement d'une simple pression ;<\/li>\n<li style=\"font-weight: 400;\">\u00c9quip\u00e9 d'une imprimante int\u00e9gr\u00e9e pour sortir les donn\u00e9es de mesure ou se connecter \u00e0 l'ordinateur pour transmettre les donn\u00e9es de mesure de l'h\u00f4te \u00e0 l'ordinateur pour l'\u00e9dition et l'enregistrement ;<\/li>\n<li style=\"font-weight: 400;\">\u00c9quip\u00e9 d'un moteur pas \u00e0 pas haute performance pour charger et d\u00e9charger automatiquement la force d'essai, le bruit g\u00e9n\u00e9r\u00e9 pendant l'essai est plus faible.<\/li>\n<li style=\"font-weight: 400;\">Gr\u00e2ce \u00e0 la technologie des capteurs photo\u00e9lectriques et au syst\u00e8me de contr\u00f4le par micro-ordinateur, il peut compenser automatiquement et les r\u00e9sultats des tests sont pr\u00e9cis et stables ;<\/li>\n<li style=\"font-weight: 400;\">La saisie automatique du diam\u00e8tre d'indentation et l'affichage direct de la valeur de duret\u00e9 permettent un double affichage de n'importe quelle unit\u00e9 de duret\u00e9, ce qui \u00e9vite l'utilisation d'un tableau de contr\u00f4le encombrant ;<\/li>\n<li style=\"font-weight: 400;\">Conception autonome de la mesure optique par LED \u00e0 fort grossissement, grande clart\u00e9 de l'image, luminosit\u00e9 r\u00e9glable, le fonctionnement \u00e0 long terme n'est pas adapt\u00e9 \u00e0 la fatigue ;<\/li>\n<li style=\"font-weight: 400;\">La coque est coul\u00e9e en une seule fois, la structure est stable et ne se d\u00e9forme pas, et elle peut fonctionner dans un environnement relativement difficile ;<\/li>\n<li style=\"font-weight: 400;\">La surface est trait\u00e9e selon le proc\u00e9d\u00e9 de peinture automobile, ce qui lui conf\u00e8re une forte capacit\u00e9 de rayure et lui permet de rester aussi brillante que neuve apr\u00e8s des ann\u00e9es d'utilisation ;<\/li>\n<\/ol>\n<h1 style=\"font-weight: 400;\"><strong>Objectif principal et champ d'application :<\/strong><\/h1>\n<ol>\n<li style=\"font-weight: 400;\">Il convient \u00e0 l'essai de duret\u00e9 des mat\u00e9riaux m\u00e9talliques \u00e0 gros grains cristallins, qui peuvent refl\u00e9ter la performance globale du mat\u00e9riau ;<\/li>\n<li style=\"font-weight: 400;\">Fonte, acier, m\u00e9taux non ferreux, particuli\u00e8rement adapt\u00e9s aux m\u00e9taux plus tendres, tels que l'aluminium pur, le plomb, l'\u00e9tain, etc.<\/li>\n<li style=\"font-weight: 400;\">Il peut \u00eatre utilis\u00e9 pour mesurer la duret\u00e9 de certains mat\u00e9riaux non m\u00e9talliques, tels que le plastique dur, la bak\u00e9lite, etc.<\/li>\n<\/ol>\n<table>\n<tbody>\n<tr>\n<td>\n<h1><strong>Param\u00e8tres techniques :<\/strong><\/h1>\n<\/td>\n<\/tr>\n<\/tbody>\n<\/table>\n<table>\n<tbody>\n<tr>\n<td width=\"138\">Mod\u00e8le de produit<\/td>\n<td width=\"450\">HBS-3000Z<\/td>\n<\/tr>\n<tr>\n<td width=\"138\">Brinell ruler<\/td>\n<td width=\"450\">HBW2.5\/62.5 HBW2.5\/187.5 HBW5\/62.5 HBW5\/125 HBW5\/250 HBW5\/750 HBW10\/100, HBW10\/250 HBW10\/500 HBW10\/1000 HBW10\/1500 HBW10\/3000<\/td>\n<\/tr>\n<tr>\n<td width=\"138\">Force d'essai<\/td>\n<td width=\"450\">62.5kgf (612.9N) 100kgf (980.7N) 125kgf (1226N) 187.5kgf (1839N) 250kgf (2452N) 500kgf (4903N) 750kgf (7355N) 1000kgf (8907N) 1500kgf (14710N) 3000kgf (29420N)<\/td>\n<\/tr>\n<tr>\n<td width=\"138\">Load control<\/td>\n<td width=\"450\">Automatic (loading\/loading\/unloading)<\/td>\n<\/tr>\n<tr>\n<td width=\"138\">Tourelle<\/td>\n<td width=\"450\">Automatic turret head and objective lens rotate automatically<\/td>\n<\/tr>\n<tr>\n<td width=\"138\">Maximum height of the test piece<\/td>\n<td width=\"450\">220 mm<\/td>\n<\/tr>\n<tr>\n<td width=\"138\">Distance entre l'int\u00e9rieur et l'ext\u00e9rieur de la paroi<\/td>\n<td width=\"450\">135 mm<\/td>\n<\/tr>\n<tr>\n<td width=\"138\">Distance entre le p\u00e9n\u00e9trateur et la paroi sup\u00e9rieure<\/td>\n<td width=\"450\">55mm (can increase the pressure from the indenter to the upper wall by customizing the indenter)<\/td>\n<\/tr>\n<tr>\n<td width=\"138\">Minimum unit of measure<\/td>\n<td width=\"450\">0,125um<\/td>\n<\/tr>\n<tr>\n<td width=\"138\">Time of protection<\/td>\n<td width=\"450\">0~60s<\/td>\n<\/tr>\n<tr>\n<td width=\"138\">Plage d'essai de duret\u00e9<\/td>\n<td width=\"450\">8~650HBW<\/td>\n<\/tr>\n<tr>\n<td width=\"138\">Grossissement total<\/td>\n<td width=\"450\">20X<\/td>\n<\/tr>\n<tr>\n<td width=\"138\">Norme ex\u00e9cutive<\/td>\n<td width=\"450\">, EN ISO 6506, , ASTM E-10-08, GB\/T231.2\uff0cJJG150 -2005<\/td>\n<\/tr>\n<tr>\n<td width=\"138\">Lecture de la duret\u00e9<\/td>\n<td width=\"450\">Automatic calculation<\/td>\n<\/tr>\n<tr>\n<td width=\"138\">Sortie de donn\u00e9es<\/td>\n<td width=\"450\">Built-in printer, HyperTerminal.<\/td>\n<\/tr>\n<tr>\n<td width=\"138\">l'alimentation \u00e9lectrique<\/td>\n<td width=\"450\">AC220+5%, 50~60Hz<\/td>\n<\/tr>\n<tr>\n<td width=\"138\">Dimensions (mm)<\/td>\n<td width=\"450\">520*210*745mm<\/td>\n<\/tr>\n<tr>\n<td width=\"138\">Poids de l'h\u00f4te<\/td>\n<td width=\"450\">Environ 125 kg<\/td>\n<\/tr>\n<\/tbody>\n<\/table>","protected":false},"excerpt":{"rendered":"<p>HBS-3000ZThe software system of HBS-3000Z digital display automatic brick tower Brinell hardness tester adopts computer intelligent programming, uses photoelectric sensing technology, and can display the test method, upper and lower limit range, measure the indentation length, hardness value, conversion value, test force, holding time, and measurement times on the LCD screen by independently selecting the test conditions, and can key in the year, month, date, test results, data processing, etc, It can also output the measurement data through the built-in printer or connect with the computer through the data interface. The optical system adopts high magnification LED optical measurement, with high image definition, adjustable brightness, and long operation without fatigue. The hardware system adopts\u00a0advanced electronic sensor loading technology. Through the closed-loop control system, the CPU controls the sensor to collect signals. The stepping motor automatically loads and unloads the test force, and can automatically compensate the test force to ensure that the force value is more accurate and the indication is more stable. At the same time, it is equipped with an emergency stop device, which complies with EU CE safety standards. It has humanized operability, more reliable stability and security.<\/p>","protected":false},"featured_media":29649,"comment_status":"open","ping_status":"closed","template":"","meta":[],"product_brand":[],"product_cat":[75,70],"product_tag":[105],"class_list":{"0":"post-29648","1":"product","2":"type-product","3":"status-publish","4":"has-post-thumbnail","6":"product_cat-brinell-hardness-tester","7":"product_cat-hardness-tester","8":"product_tag-brinell-hardness-tester","10":"first","11":"instock","12":"shipping-taxable","13":"product-type-simple"},"yoast_head":"<!-- This site is optimized with the Yoast SEO Premium plugin v25.4 (Yoast SEO v27.4) - https:\/\/yoast.com\/product\/yoast-seo-premium-wordpress\/ -->\n<title>(HBS-3000Z) Digital display Brinell hardness tester - hardnesstests<\/title>\n<meta name=\"robots\" content=\"index, follow, max-snippet:-1, max-image-preview:large, max-video-preview:-1\" \/>\n<link rel=\"canonical\" href=\"https:\/\/hardnesstests.com\/fr\/produit\/hbs-3000z-digital-display-brinell-hardness-tester\/\" \/>\n<meta property=\"og:locale\" content=\"fr_FR\" \/>\n<meta property=\"og:type\" content=\"article\" \/>\n<meta property=\"og:title\" content=\"(HBS-3000Z) Digital display Brinell hardness tester\" \/>\n<meta property=\"og:description\" content=\"HBS-3000ZThe software system of HBS-3000Z digital display automatic brick tower Brinell hardness tester adopts computer intelligent programming, uses photoelectric sensing technology, and can display the test method, upper and lower limit range, measure the indentation length, hardness value, conversion value, test force, holding time, and measurement times on the LCD screen by independently selecting the test conditions, and can key in the year, month, date, test results, data processing, etc, It can also output the measurement data through the built-in printer or connect with the computer through the data interface. The optical system adopts high magnification LED optical measurement, with high image definition, adjustable brightness, and long operation without fatigue. The hardware system adopts\u00a0advanced electronic sensor loading technology. Through the closed-loop control system, the CPU controls the sensor to collect signals. The stepping motor automatically loads and unloads the test force, and can automatically compensate the test force to ensure that the force value is more accurate and the indication is more stable. At the same time, it is equipped with an emergency stop device, which complies with EU CE safety standards. It has humanized operability, more reliable stability and security.\" \/>\n<meta property=\"og:url\" content=\"https:\/\/hardnesstests.com\/fr\/produit\/hbs-3000z-digital-display-brinell-hardness-tester\/\" \/>\n<meta property=\"og:site_name\" content=\"hardnesstests\" \/>\n<meta property=\"article:modified_time\" content=\"2025-11-27T05:56:20+00:00\" \/>\n<meta property=\"og:image\" content=\"https:\/\/hardnesstests.com\/wp-content\/uploads\/2025\/11\/HBS-3000Z-\u6570\u663e\u5168\u81ea\u52a8\u8f6c\u5854\u5e03\u6c0f\u786c\u5ea6\u8ba1.jpg\" \/>\n\t<meta property=\"og:image:width\" content=\"800\" \/>\n\t<meta property=\"og:image:height\" content=\"800\" \/>\n\t<meta property=\"og:image:type\" content=\"image\/jpeg\" \/>\n<meta name=\"twitter:card\" content=\"summary_large_image\" \/>\n<meta name=\"twitter:label1\" content=\"Dur\u00e9e de lecture estim\u00e9e\" \/>\n\t<meta name=\"twitter:data1\" content=\"2 minutes\" \/>\n<script type=\"application\/ld+json\" class=\"yoast-schema-graph\">{\"@context\":\"https:\\\/\\\/schema.org\",\"@graph\":[{\"@type\":\"WebPage\",\"@id\":\"https:\\\/\\\/hardnesstests.com\\\/product\\\/hbs-3000z-digital-display-brinell-hardness-tester\\\/\",\"url\":\"https:\\\/\\\/hardnesstests.com\\\/product\\\/hbs-3000z-digital-display-brinell-hardness-tester\\\/\",\"name\":\"(HBS-3000Z) Digital display Brinell hardness tester - hardnesstests\",\"isPartOf\":{\"@id\":\"https:\\\/\\\/hardnesstests.com\\\/tr\\\/#website\"},\"primaryImageOfPage\":{\"@id\":\"https:\\\/\\\/hardnesstests.com\\\/product\\\/hbs-3000z-digital-display-brinell-hardness-tester\\\/#primaryimage\"},\"image\":{\"@id\":\"https:\\\/\\\/hardnesstests.com\\\/product\\\/hbs-3000z-digital-display-brinell-hardness-tester\\\/#primaryimage\"},\"thumbnailUrl\":\"https:\\\/\\\/hardnesstests.com\\\/wp-content\\\/uploads\\\/2025\\\/11\\\/HBS-3000Z-\u6570\u663e\u5168\u81ea\u52a8\u8f6c\u5854\u5e03\u6c0f\u786c\u5ea6\u8ba1.jpg\",\"datePublished\":\"2025-11-26T07:13:20+00:00\",\"dateModified\":\"2025-11-27T05:56:20+00:00\",\"breadcrumb\":{\"@id\":\"https:\\\/\\\/hardnesstests.com\\\/product\\\/hbs-3000z-digital-display-brinell-hardness-tester\\\/#breadcrumb\"},\"inLanguage\":\"fr-FR\",\"potentialAction\":[{\"@type\":\"ReadAction\",\"target\":[\"https:\\\/\\\/hardnesstests.com\\\/product\\\/hbs-3000z-digital-display-brinell-hardness-tester\\\/\"]}]},{\"@type\":\"ImageObject\",\"inLanguage\":\"fr-FR\",\"@id\":\"https:\\\/\\\/hardnesstests.com\\\/product\\\/hbs-3000z-digital-display-brinell-hardness-tester\\\/#primaryimage\",\"url\":\"https:\\\/\\\/hardnesstests.com\\\/wp-content\\\/uploads\\\/2025\\\/11\\\/HBS-3000Z-\u6570\u663e\u5168\u81ea\u52a8\u8f6c\u5854\u5e03\u6c0f\u786c\u5ea6\u8ba1.jpg\",\"contentUrl\":\"https:\\\/\\\/hardnesstests.com\\\/wp-content\\\/uploads\\\/2025\\\/11\\\/HBS-3000Z-\u6570\u663e\u5168\u81ea\u52a8\u8f6c\u5854\u5e03\u6c0f\u786c\u5ea6\u8ba1.jpg\",\"width\":800,\"height\":800,\"caption\":\"(HBS-3000Z) Digital display Brinell hardness tester\"},{\"@type\":\"BreadcrumbList\",\"@id\":\"https:\\\/\\\/hardnesstests.com\\\/product\\\/hbs-3000z-digital-display-brinell-hardness-tester\\\/#breadcrumb\",\"itemListElement\":[{\"@type\":\"ListItem\",\"position\":1,\"name\":\"\u9996\u9875\",\"item\":\"https:\\\/\\\/hardnesstests.com\\\/\"},{\"@type\":\"ListItem\",\"position\":2,\"name\":\"products\",\"item\":\"https:\\\/\\\/hardnesstests.com\\\/products\\\/\"},{\"@type\":\"ListItem\",\"position\":3,\"name\":\"(HBS-3000Z) Digital display Brinell hardness tester\"}]},{\"@type\":\"WebSite\",\"@id\":\"https:\\\/\\\/hardnesstests.com\\\/tr\\\/#website\",\"url\":\"https:\\\/\\\/hardnesstests.com\\\/tr\\\/\",\"name\":\"hardnesstests\",\"description\":\"\",\"publisher\":{\"@id\":\"https:\\\/\\\/hardnesstests.com\\\/tr\\\/#organization\"},\"potentialAction\":[{\"@type\":\"SearchAction\",\"target\":{\"@type\":\"EntryPoint\",\"urlTemplate\":\"https:\\\/\\\/hardnesstests.com\\\/tr\\\/?s={search_term_string}\"},\"query-input\":{\"@type\":\"PropertyValueSpecification\",\"valueRequired\":true,\"valueName\":\"search_term_string\"}}],\"inLanguage\":\"fr-FR\"},{\"@type\":\"Organization\",\"@id\":\"https:\\\/\\\/hardnesstests.com\\\/tr\\\/#organization\",\"name\":\"hardnesstests\",\"url\":\"https:\\\/\\\/hardnesstests.com\\\/tr\\\/\",\"logo\":{\"@type\":\"ImageObject\",\"inLanguage\":\"fr-FR\",\"@id\":\"https:\\\/\\\/hardnesstests.com\\\/tr\\\/#\\\/schema\\\/logo\\\/image\\\/\",\"url\":\"https:\\\/\\\/hardnesstests.com\\\/wp-content\\\/uploads\\\/2021\\\/08\\\/\u5fae\u4fe1\u56fe\u7247_20251029102004_335_1287.png\",\"contentUrl\":\"https:\\\/\\\/hardnesstests.com\\\/wp-content\\\/uploads\\\/2021\\\/08\\\/\u5fae\u4fe1\u56fe\u7247_20251029102004_335_1287.png\",\"width\":1308,\"height\":467,\"caption\":\"hardnesstests\"},\"image\":{\"@id\":\"https:\\\/\\\/hardnesstests.com\\\/tr\\\/#\\\/schema\\\/logo\\\/image\\\/\"}}]}<\/script>\n<!-- \/ Yoast SEO Premium plugin. -->","yoast_head_json":{"title":"(HBS-3000Z) Digital display Brinell hardness tester - hardnesstests","robots":{"index":"index","follow":"follow","max-snippet":"max-snippet:-1","max-image-preview":"max-image-preview:large","max-video-preview":"max-video-preview:-1"},"canonical":"https:\/\/hardnesstests.com\/fr\/produit\/hbs-3000z-digital-display-brinell-hardness-tester\/","og_locale":"fr_FR","og_type":"article","og_title":"(HBS-3000Z) Digital display Brinell hardness tester","og_description":"HBS-3000ZThe software system of HBS-3000Z digital display automatic brick tower Brinell hardness tester adopts computer intelligent programming, uses photoelectric sensing technology, and can display the test method, upper and lower limit range, measure the indentation length, hardness value, conversion value, test force, holding time, and measurement times on the LCD screen by independently selecting the test conditions, and can key in the year, month, date, test results, data processing, etc, It can also output the measurement data through the built-in printer or connect with the computer through the data interface. The optical system adopts high magnification LED optical measurement, with high image definition, adjustable brightness, and long operation without fatigue. The hardware system adopts\u00a0advanced electronic sensor loading technology. Through the closed-loop control system, the CPU controls the sensor to collect signals. The stepping motor automatically loads and unloads the test force, and can automatically compensate the test force to ensure that the force value is more accurate and the indication is more stable. At the same time, it is equipped with an emergency stop device, which complies with EU CE safety standards. It has humanized operability, more reliable stability and security.","og_url":"https:\/\/hardnesstests.com\/fr\/produit\/hbs-3000z-digital-display-brinell-hardness-tester\/","og_site_name":"hardnesstests","article_modified_time":"2025-11-27T05:56:20+00:00","og_image":[{"width":800,"height":800,"url":"https:\/\/hardnesstests.com\/wp-content\/uploads\/2025\/11\/HBS-3000Z-\u6570\u663e\u5168\u81ea\u52a8\u8f6c\u5854\u5e03\u6c0f\u786c\u5ea6\u8ba1.jpg","type":"image\/jpeg"}],"twitter_card":"summary_large_image","twitter_misc":{"Dur\u00e9e de lecture estim\u00e9e":"2 minutes"},"schema":{"@context":"https:\/\/schema.org","@graph":[{"@type":"WebPage","@id":"https:\/\/hardnesstests.com\/product\/hbs-3000z-digital-display-brinell-hardness-tester\/","url":"https:\/\/hardnesstests.com\/product\/hbs-3000z-digital-display-brinell-hardness-tester\/","name":"(HBS-3000Z) Digital display Brinell hardness tester - hardnesstests","isPartOf":{"@id":"https:\/\/hardnesstests.com\/tr\/#website"},"primaryImageOfPage":{"@id":"https:\/\/hardnesstests.com\/product\/hbs-3000z-digital-display-brinell-hardness-tester\/#primaryimage"},"image":{"@id":"https:\/\/hardnesstests.com\/product\/hbs-3000z-digital-display-brinell-hardness-tester\/#primaryimage"},"thumbnailUrl":"https:\/\/hardnesstests.com\/wp-content\/uploads\/2025\/11\/HBS-3000Z-\u6570\u663e\u5168\u81ea\u52a8\u8f6c\u5854\u5e03\u6c0f\u786c\u5ea6\u8ba1.jpg","datePublished":"2025-11-26T07:13:20+00:00","dateModified":"2025-11-27T05:56:20+00:00","breadcrumb":{"@id":"https:\/\/hardnesstests.com\/product\/hbs-3000z-digital-display-brinell-hardness-tester\/#breadcrumb"},"inLanguage":"fr-FR","potentialAction":[{"@type":"ReadAction","target":["https:\/\/hardnesstests.com\/product\/hbs-3000z-digital-display-brinell-hardness-tester\/"]}]},{"@type":"ImageObject","inLanguage":"fr-FR","@id":"https:\/\/hardnesstests.com\/product\/hbs-3000z-digital-display-brinell-hardness-tester\/#primaryimage","url":"https:\/\/hardnesstests.com\/wp-content\/uploads\/2025\/11\/HBS-3000Z-\u6570\u663e\u5168\u81ea\u52a8\u8f6c\u5854\u5e03\u6c0f\u786c\u5ea6\u8ba1.jpg","contentUrl":"https:\/\/hardnesstests.com\/wp-content\/uploads\/2025\/11\/HBS-3000Z-\u6570\u663e\u5168\u81ea\u52a8\u8f6c\u5854\u5e03\u6c0f\u786c\u5ea6\u8ba1.jpg","width":800,"height":800,"caption":"(HBS-3000Z) Digital display Brinell hardness tester"},{"@type":"BreadcrumbList","@id":"https:\/\/hardnesstests.com\/product\/hbs-3000z-digital-display-brinell-hardness-tester\/#breadcrumb","itemListElement":[{"@type":"ListItem","position":1,"name":"\u9996\u9875","item":"https:\/\/hardnesstests.com\/"},{"@type":"ListItem","position":2,"name":"products","item":"https:\/\/hardnesstests.com\/products\/"},{"@type":"ListItem","position":3,"name":"(HBS-3000Z) Digital display Brinell hardness tester"}]},{"@type":"WebSite","@id":"https:\/\/hardnesstests.com\/tr\/#website","url":"https:\/\/hardnesstests.com\/tr\/","name":"hardnesstests","description":"","publisher":{"@id":"https:\/\/hardnesstests.com\/tr\/#organization"},"potentialAction":[{"@type":"SearchAction","target":{"@type":"EntryPoint","urlTemplate":"https:\/\/hardnesstests.com\/tr\/?s={search_term_string}"},"query-input":{"@type":"PropertyValueSpecification","valueRequired":true,"valueName":"search_term_string"}}],"inLanguage":"fr-FR"},{"@type":"Organization","@id":"https:\/\/hardnesstests.com\/tr\/#organization","name":"hardnesstests","url":"https:\/\/hardnesstests.com\/tr\/","logo":{"@type":"ImageObject","inLanguage":"fr-FR","@id":"https:\/\/hardnesstests.com\/tr\/#\/schema\/logo\/image\/","url":"https:\/\/hardnesstests.com\/wp-content\/uploads\/2021\/08\/\u5fae\u4fe1\u56fe\u7247_20251029102004_335_1287.png","contentUrl":"https:\/\/hardnesstests.com\/wp-content\/uploads\/2021\/08\/\u5fae\u4fe1\u56fe\u7247_20251029102004_335_1287.png","width":1308,"height":467,"caption":"hardnesstests"},"image":{"@id":"https:\/\/hardnesstests.com\/tr\/#\/schema\/logo\/image\/"}}]}},"_links":{"self":[{"href":"https:\/\/hardnesstests.com\/fr\/wp-json\/wp\/v2\/product\/29648","targetHints":{"allow":["GET"]}}],"collection":[{"href":"https:\/\/hardnesstests.com\/fr\/wp-json\/wp\/v2\/product"}],"about":[{"href":"https:\/\/hardnesstests.com\/fr\/wp-json\/wp\/v2\/types\/product"}],"replies":[{"embeddable":true,"href":"https:\/\/hardnesstests.com\/fr\/wp-json\/wp\/v2\/comments?post=29648"}],"version-history":[{"count":2,"href":"https:\/\/hardnesstests.com\/fr\/wp-json\/wp\/v2\/product\/29648\/revisions"}],"predecessor-version":[{"id":29704,"href":"https:\/\/hardnesstests.com\/fr\/wp-json\/wp\/v2\/product\/29648\/revisions\/29704"}],"wp:featuredmedia":[{"embeddable":true,"href":"https:\/\/hardnesstests.com\/fr\/wp-json\/wp\/v2\/media\/29649"}],"wp:attachment":[{"href":"https:\/\/hardnesstests.com\/fr\/wp-json\/wp\/v2\/media?parent=29648"}],"wp:term":[{"taxonomy":"product_brand","embeddable":true,"href":"https:\/\/hardnesstests.com\/fr\/wp-json\/wp\/v2\/product_brand?post=29648"},{"taxonomy":"product_cat","embeddable":true,"href":"https:\/\/hardnesstests.com\/fr\/wp-json\/wp\/v2\/product_cat?post=29648"},{"taxonomy":"product_tag","embeddable":true,"href":"https:\/\/hardnesstests.com\/fr\/wp-json\/wp\/v2\/product_tag?post=29648"}],"curies":[{"name":"wp","href":"https:\/\/api.w.org\/{rel}","templated":true}]}}