{"id":29633,"date":"2025-11-26T07:01:28","date_gmt":"2025-11-26T07:01:28","guid":{"rendered":"https:\/\/hardnesstests.com\/?post_type=product&#038;p=29633"},"modified":"2025-11-27T05:52:54","modified_gmt":"2025-11-27T05:52:54","slug":"hbe-3000asdigital-display-electronic-brinell-hardness-tester","status":"publish","type":"product","link":"https:\/\/hardnesstests.com\/fr\/produit\/hbe-3000asdigital-display-electronic-brinell-hardness-tester\/","title":{"rendered":"(HBE-3000AS)Testeur de duret\u00e9 Brinell \u00e9lectronique \u00e0 affichage num\u00e9rique"},"content":{"rendered":"<table>\n<tbody>\n<tr>\n<td>\n<h1><strong>Principales fonctions et caract\u00e9ristiques :<\/strong><\/h1>\n<\/td>\n<\/tr>\n<\/tbody>\n<\/table>\n<ol>\n<li style=\"font-weight: 400;\">Equipped with precision sensors and CPU microcomputer control system, it can automatically compensate, and the test results are accurate and stable;<\/li>\n<li style=\"font-weight: 400;\">It has 10 levels of test force, which can test a wider range;<\/li>\n<li style=\"font-weight: 400;\">After measuring the indentation through the digital display eyepiece, the indentation length is directly measured to directly obtain the hardness value, which improves work efficiency;<\/li>\n<li style=\"font-weight: 400;\">Equipped with a built-in printer, the measurement data can be analyzed and printed.<\/li>\n<li style=\"font-weight: 400;\">Equipped with a high-performance stepper motor to automatically load and unload the test force, the noise generated during the test is smaller;<\/li>\n<li style=\"font-weight: 400;\">The shell is cast once, the structure is stable and does not deform, and it can work in a relatively harsh environment;<\/li>\n<li style=\"font-weight: 400;\">The surface is treated with automotive paint technology, with strong scratch resistance, and it is still bright as new after many years of use;<\/li>\n<li style=\"font-weight: 400;\">This machine can be equipped with Brinell image measurement software to greatly improve work efficiency<\/li>\n<\/ol>\n<p style=\"font-weight: 400;\"><strong>\u00a0<\/strong><\/p>\n<h1 style=\"font-weight: 400;\"><strong>Main uses and scope of use:<\/strong><\/h1>\n<ol>\n<li style=\"font-weight: 400;\">Suitable for hardness test of metal materials with large grains, which can reflect the comprehensive performance of the material;<\/li>\n<li style=\"font-weight: 400;\">Cast iron, steel, non-ferrous metals, alloys, especially for softer metals such as pure aluminum, lead, tin, etc.<\/li>\n<li style=\"font-weight: 400;\">Can be used for hardness test of some non-metallic materials such as hard plastics, bakelite, etc.<\/li>\n<\/ol>\n<table>\n<tbody>\n<tr>\n<td>\n<h1><strong>Param\u00e8tres techniques :<\/strong><\/h1>\n<\/td>\n<\/tr>\n<\/tbody>\n<\/table>\n<table width=\"588\">\n<tbody>\n<tr>\n<td width=\"138\">Mod\u00e8le de produit<\/td>\n<td width=\"450\">HBE-3000AS<\/td>\n<\/tr>\n<tr>\n<td width=\"138\">Brinell scale<\/td>\n<td width=\"450\">HBW2.5\/62.5 HBW2.5\/187.5 HBW5\/62.5 HBW5\/125 HBW5\/250 HBW5\/750 HBW10\/100\u3001 HBW10\/250 HBW10\/500 HBW10\/1000 HBW10\/1500 HBW10\/3000<\/td>\n<\/tr>\n<tr>\n<td width=\"138\">Force d'essai<\/td>\n<td width=\"450\">62.5kgf(612.9N)100kgf(980.7N)125kgf(1226N)187.5kgf(1839N)250kgf(2452N)500kgf(4903N)750kgf(7355N)1000kgf(8907N)1500kgf(14710N)3000kgf(29420N)<\/td>\n<\/tr>\n<tr>\n<td width=\"138\">Load control<\/td>\n<td width=\"450\">Automatique (chargement\/tenue\/d\u00e9chargement)<\/td>\n<\/tr>\n<tr>\n<td width=\"138\">Maximum specimen height<\/td>\n<td width=\"450\">220 mm<\/td>\n<\/tr>\n<tr>\n<td width=\"138\">Minimum measurement unit<\/td>\n<td width=\"450\">0.001mm<\/td>\n<\/tr>\n<tr>\n<td width=\"138\">Dwelling time<\/td>\n<td width=\"450\">0~60s<\/td>\n<\/tr>\n<tr>\n<td width=\"138\">Plage d'essai de duret\u00e9<\/td>\n<td width=\"450\">3.18~653HBW<\/td>\n<\/tr>\n<tr>\n<td width=\"138\">External digital display and reading microscope<\/td>\n<td width=\"450\">With built-in light source, the indentation can be clearly seen and measured.<\/td>\n<\/tr>\n<tr>\n<td width=\"138\">Grossissement total<\/td>\n<td width=\"450\">20X<\/td>\n<\/tr>\n<tr>\n<td width=\"138\">Implementation standard<\/td>\n<td width=\"450\">\u00a0EN ISO 6506, , ASTM E-10-08, GB\/T231.2\uff0cJJG150 -2005<\/td>\n<\/tr>\n<tr>\n<td width=\"138\">Distance between indenter and outer wall<\/td>\n<td width=\"450\">135 mm<\/td>\n<\/tr>\n<tr>\n<td width=\"138\">Distance between indenter and upper wall<\/td>\n<td width=\"450\">55mm (the distance from the indenter to the upper machine wall can be increased by customizing the indenter)<\/td>\n<\/tr>\n<tr>\n<td width=\"138\">Lecture de la duret\u00e9<\/td>\n<td width=\"450\">After measuring the indentation through the eyepiece, enter the indentation length by pressing the key to directly obtain the hardness value.<\/td>\n<\/tr>\n<tr>\n<td width=\"138\">Sortie de donn\u00e9es<\/td>\n<td width=\"450\">Built-in printer,<\/td>\n<\/tr>\n<tr>\n<td width=\"138\">Alimentation \u00e9lectrique<\/td>\n<td width=\"450\">AC220<u>+<\/u>5%, 50~60Hz<\/td>\n<\/tr>\n<tr>\n<td width=\"138\">Dimensions (mm)<\/td>\n<td width=\"450\">520*210*745mm<\/td>\n<\/tr>\n<tr>\n<td width=\"138\">Main unit weight<\/td>\n<td width=\"450\">120kg<\/td>\n<\/tr>\n<\/tbody>\n<\/table>","protected":false},"excerpt":{"rendered":"<p>The HBE-3000AS digital display electronic Brinell hardness tester adopts advanced electronic sensor loading technology. Through a closed-loop control system, the CPU controls the sensor to collect signals, and the stepper motor automatically loads and unloads the test force, and can automatically compensate for the test force to ensure more accurate force values and more stable indications. After measuring the indentation through the eyepiece, the indentation length is directly measured to directly obtain the hardness value, which improves work efficiency. At the same time, it is equipped with an emergency stop device, which complies with the EU CE safety standards, has more reliable operability and safety, and has a high cost-effectiveness. It is widely used in factory workshops, colleges and universities, scientific research institutions, laboratories.<\/p>","protected":false},"featured_media":29634,"comment_status":"open","ping_status":"closed","template":"","meta":[],"product_brand":[],"product_cat":[75,70],"product_tag":[105],"class_list":{"0":"post-29633","1":"product","2":"type-product","3":"status-publish","4":"has-post-thumbnail","6":"product_cat-brinell-hardness-tester","7":"product_cat-hardness-tester","8":"product_tag-brinell-hardness-tester","10":"first","11":"instock","12":"shipping-taxable","13":"product-type-simple"},"yoast_head":"<!-- This site is optimized with the Yoast SEO Premium plugin v25.4 (Yoast SEO v27.4) - https:\/\/yoast.com\/product\/yoast-seo-premium-wordpress\/ -->\n<title>(HBE-3000AS)Digital Display Electronic Brinell Hardness Tester - hardnesstests<\/title>\n<meta name=\"robots\" content=\"index, follow, max-snippet:-1, max-image-preview:large, max-video-preview:-1\" \/>\n<link rel=\"canonical\" href=\"https:\/\/hardnesstests.com\/fr\/produit\/hbe-3000asdigital-display-electronic-brinell-hardness-tester\/\" \/>\n<meta property=\"og:locale\" content=\"fr_FR\" \/>\n<meta property=\"og:type\" content=\"article\" \/>\n<meta property=\"og:title\" content=\"(HBE-3000AS)Digital Display Electronic Brinell Hardness Tester\" \/>\n<meta property=\"og:description\" content=\"The HBE-3000AS digital display electronic Brinell hardness tester adopts advanced electronic sensor loading technology. Through a closed-loop control system, the CPU controls the sensor to collect signals, and the stepper motor automatically loads and unloads the test force, and can automatically compensate for the test force to ensure more accurate force values and more stable indications. After measuring the indentation through the eyepiece, the indentation length is directly measured to directly obtain the hardness value, which improves work efficiency. At the same time, it is equipped with an emergency stop device, which complies with the EU CE safety standards, has more reliable operability and safety, and has a high cost-effectiveness. It is widely used in factory workshops, colleges and universities, scientific research institutions, laboratories.\" \/>\n<meta property=\"og:url\" content=\"https:\/\/hardnesstests.com\/fr\/produit\/hbe-3000asdigital-display-electronic-brinell-hardness-tester\/\" \/>\n<meta property=\"og:site_name\" content=\"hardnesstests\" \/>\n<meta property=\"article:modified_time\" content=\"2025-11-27T05:52:54+00:00\" \/>\n<meta property=\"og:image\" content=\"https:\/\/hardnesstests.com\/wp-content\/uploads\/2025\/11\/HBE-3000AS\u6570\u663e\u7535\u5b50\u5e03\u6c0f\u786c\u5ea6\u8ba1.jpg\" \/>\n\t<meta property=\"og:image:width\" content=\"800\" \/>\n\t<meta property=\"og:image:height\" content=\"800\" \/>\n\t<meta property=\"og:image:type\" content=\"image\/jpeg\" \/>\n<meta name=\"twitter:card\" content=\"summary_large_image\" \/>\n<meta name=\"twitter:label1\" content=\"Dur\u00e9e de lecture estim\u00e9e\" \/>\n\t<meta name=\"twitter:data1\" content=\"2 minutes\" \/>\n<script type=\"application\/ld+json\" class=\"yoast-schema-graph\">{\"@context\":\"https:\\\/\\\/schema.org\",\"@graph\":[{\"@type\":\"WebPage\",\"@id\":\"https:\\\/\\\/hardnesstests.com\\\/product\\\/hbe-3000asdigital-display-electronic-brinell-hardness-tester\\\/\",\"url\":\"https:\\\/\\\/hardnesstests.com\\\/product\\\/hbe-3000asdigital-display-electronic-brinell-hardness-tester\\\/\",\"name\":\"(HBE-3000AS)Digital Display Electronic Brinell Hardness Tester - hardnesstests\",\"isPartOf\":{\"@id\":\"https:\\\/\\\/hardnesstests.com\\\/tr\\\/#website\"},\"primaryImageOfPage\":{\"@id\":\"https:\\\/\\\/hardnesstests.com\\\/product\\\/hbe-3000asdigital-display-electronic-brinell-hardness-tester\\\/#primaryimage\"},\"image\":{\"@id\":\"https:\\\/\\\/hardnesstests.com\\\/product\\\/hbe-3000asdigital-display-electronic-brinell-hardness-tester\\\/#primaryimage\"},\"thumbnailUrl\":\"https:\\\/\\\/hardnesstests.com\\\/wp-content\\\/uploads\\\/2025\\\/11\\\/HBE-3000AS\u6570\u663e\u7535\u5b50\u5e03\u6c0f\u786c\u5ea6\u8ba1.jpg\",\"datePublished\":\"2025-11-26T07:01:28+00:00\",\"dateModified\":\"2025-11-27T05:52:54+00:00\",\"breadcrumb\":{\"@id\":\"https:\\\/\\\/hardnesstests.com\\\/product\\\/hbe-3000asdigital-display-electronic-brinell-hardness-tester\\\/#breadcrumb\"},\"inLanguage\":\"fr-FR\",\"potentialAction\":[{\"@type\":\"ReadAction\",\"target\":[\"https:\\\/\\\/hardnesstests.com\\\/product\\\/hbe-3000asdigital-display-electronic-brinell-hardness-tester\\\/\"]}]},{\"@type\":\"ImageObject\",\"inLanguage\":\"fr-FR\",\"@id\":\"https:\\\/\\\/hardnesstests.com\\\/product\\\/hbe-3000asdigital-display-electronic-brinell-hardness-tester\\\/#primaryimage\",\"url\":\"https:\\\/\\\/hardnesstests.com\\\/wp-content\\\/uploads\\\/2025\\\/11\\\/HBE-3000AS\u6570\u663e\u7535\u5b50\u5e03\u6c0f\u786c\u5ea6\u8ba1.jpg\",\"contentUrl\":\"https:\\\/\\\/hardnesstests.com\\\/wp-content\\\/uploads\\\/2025\\\/11\\\/HBE-3000AS\u6570\u663e\u7535\u5b50\u5e03\u6c0f\u786c\u5ea6\u8ba1.jpg\",\"width\":800,\"height\":800,\"caption\":\"(HBE-3000AS)Digital Display Electronic Brinell Hardness Tester\"},{\"@type\":\"BreadcrumbList\",\"@id\":\"https:\\\/\\\/hardnesstests.com\\\/product\\\/hbe-3000asdigital-display-electronic-brinell-hardness-tester\\\/#breadcrumb\",\"itemListElement\":[{\"@type\":\"ListItem\",\"position\":1,\"name\":\"\u9996\u9875\",\"item\":\"https:\\\/\\\/hardnesstests.com\\\/\"},{\"@type\":\"ListItem\",\"position\":2,\"name\":\"products\",\"item\":\"https:\\\/\\\/hardnesstests.com\\\/products\\\/\"},{\"@type\":\"ListItem\",\"position\":3,\"name\":\"(HBE-3000AS)Digital Display Electronic Brinell Hardness Tester\"}]},{\"@type\":\"WebSite\",\"@id\":\"https:\\\/\\\/hardnesstests.com\\\/tr\\\/#website\",\"url\":\"https:\\\/\\\/hardnesstests.com\\\/tr\\\/\",\"name\":\"hardnesstests\",\"description\":\"\",\"publisher\":{\"@id\":\"https:\\\/\\\/hardnesstests.com\\\/tr\\\/#organization\"},\"potentialAction\":[{\"@type\":\"SearchAction\",\"target\":{\"@type\":\"EntryPoint\",\"urlTemplate\":\"https:\\\/\\\/hardnesstests.com\\\/tr\\\/?s={search_term_string}\"},\"query-input\":{\"@type\":\"PropertyValueSpecification\",\"valueRequired\":true,\"valueName\":\"search_term_string\"}}],\"inLanguage\":\"fr-FR\"},{\"@type\":\"Organization\",\"@id\":\"https:\\\/\\\/hardnesstests.com\\\/tr\\\/#organization\",\"name\":\"hardnesstests\",\"url\":\"https:\\\/\\\/hardnesstests.com\\\/tr\\\/\",\"logo\":{\"@type\":\"ImageObject\",\"inLanguage\":\"fr-FR\",\"@id\":\"https:\\\/\\\/hardnesstests.com\\\/tr\\\/#\\\/schema\\\/logo\\\/image\\\/\",\"url\":\"https:\\\/\\\/hardnesstests.com\\\/wp-content\\\/uploads\\\/2021\\\/08\\\/\u5fae\u4fe1\u56fe\u7247_20251029102004_335_1287.png\",\"contentUrl\":\"https:\\\/\\\/hardnesstests.com\\\/wp-content\\\/uploads\\\/2021\\\/08\\\/\u5fae\u4fe1\u56fe\u7247_20251029102004_335_1287.png\",\"width\":1308,\"height\":467,\"caption\":\"hardnesstests\"},\"image\":{\"@id\":\"https:\\\/\\\/hardnesstests.com\\\/tr\\\/#\\\/schema\\\/logo\\\/image\\\/\"}}]}<\/script>\n<!-- \/ Yoast SEO Premium plugin. -->","yoast_head_json":{"title":"(HBE-3000AS)Digital Display Electronic Brinell Hardness Tester - hardnesstests","robots":{"index":"index","follow":"follow","max-snippet":"max-snippet:-1","max-image-preview":"max-image-preview:large","max-video-preview":"max-video-preview:-1"},"canonical":"https:\/\/hardnesstests.com\/fr\/produit\/hbe-3000asdigital-display-electronic-brinell-hardness-tester\/","og_locale":"fr_FR","og_type":"article","og_title":"(HBE-3000AS)Digital Display Electronic Brinell Hardness Tester","og_description":"The HBE-3000AS digital display electronic Brinell hardness tester adopts advanced electronic sensor loading technology. Through a closed-loop control system, the CPU controls the sensor to collect signals, and the stepper motor automatically loads and unloads the test force, and can automatically compensate for the test force to ensure more accurate force values and more stable indications. After measuring the indentation through the eyepiece, the indentation length is directly measured to directly obtain the hardness value, which improves work efficiency. At the same time, it is equipped with an emergency stop device, which complies with the EU CE safety standards, has more reliable operability and safety, and has a high cost-effectiveness. It is widely used in factory workshops, colleges and universities, scientific research institutions, laboratories.","og_url":"https:\/\/hardnesstests.com\/fr\/produit\/hbe-3000asdigital-display-electronic-brinell-hardness-tester\/","og_site_name":"hardnesstests","article_modified_time":"2025-11-27T05:52:54+00:00","og_image":[{"width":800,"height":800,"url":"https:\/\/hardnesstests.com\/wp-content\/uploads\/2025\/11\/HBE-3000AS\u6570\u663e\u7535\u5b50\u5e03\u6c0f\u786c\u5ea6\u8ba1.jpg","type":"image\/jpeg"}],"twitter_card":"summary_large_image","twitter_misc":{"Dur\u00e9e de lecture estim\u00e9e":"2 minutes"},"schema":{"@context":"https:\/\/schema.org","@graph":[{"@type":"WebPage","@id":"https:\/\/hardnesstests.com\/product\/hbe-3000asdigital-display-electronic-brinell-hardness-tester\/","url":"https:\/\/hardnesstests.com\/product\/hbe-3000asdigital-display-electronic-brinell-hardness-tester\/","name":"(HBE-3000AS)Digital Display Electronic Brinell Hardness Tester - hardnesstests","isPartOf":{"@id":"https:\/\/hardnesstests.com\/tr\/#website"},"primaryImageOfPage":{"@id":"https:\/\/hardnesstests.com\/product\/hbe-3000asdigital-display-electronic-brinell-hardness-tester\/#primaryimage"},"image":{"@id":"https:\/\/hardnesstests.com\/product\/hbe-3000asdigital-display-electronic-brinell-hardness-tester\/#primaryimage"},"thumbnailUrl":"https:\/\/hardnesstests.com\/wp-content\/uploads\/2025\/11\/HBE-3000AS\u6570\u663e\u7535\u5b50\u5e03\u6c0f\u786c\u5ea6\u8ba1.jpg","datePublished":"2025-11-26T07:01:28+00:00","dateModified":"2025-11-27T05:52:54+00:00","breadcrumb":{"@id":"https:\/\/hardnesstests.com\/product\/hbe-3000asdigital-display-electronic-brinell-hardness-tester\/#breadcrumb"},"inLanguage":"fr-FR","potentialAction":[{"@type":"ReadAction","target":["https:\/\/hardnesstests.com\/product\/hbe-3000asdigital-display-electronic-brinell-hardness-tester\/"]}]},{"@type":"ImageObject","inLanguage":"fr-FR","@id":"https:\/\/hardnesstests.com\/product\/hbe-3000asdigital-display-electronic-brinell-hardness-tester\/#primaryimage","url":"https:\/\/hardnesstests.com\/wp-content\/uploads\/2025\/11\/HBE-3000AS\u6570\u663e\u7535\u5b50\u5e03\u6c0f\u786c\u5ea6\u8ba1.jpg","contentUrl":"https:\/\/hardnesstests.com\/wp-content\/uploads\/2025\/11\/HBE-3000AS\u6570\u663e\u7535\u5b50\u5e03\u6c0f\u786c\u5ea6\u8ba1.jpg","width":800,"height":800,"caption":"(HBE-3000AS)Digital Display Electronic Brinell Hardness Tester"},{"@type":"BreadcrumbList","@id":"https:\/\/hardnesstests.com\/product\/hbe-3000asdigital-display-electronic-brinell-hardness-tester\/#breadcrumb","itemListElement":[{"@type":"ListItem","position":1,"name":"\u9996\u9875","item":"https:\/\/hardnesstests.com\/"},{"@type":"ListItem","position":2,"name":"products","item":"https:\/\/hardnesstests.com\/products\/"},{"@type":"ListItem","position":3,"name":"(HBE-3000AS)Digital Display Electronic Brinell Hardness Tester"}]},{"@type":"WebSite","@id":"https:\/\/hardnesstests.com\/tr\/#website","url":"https:\/\/hardnesstests.com\/tr\/","name":"hardnesstests","description":"","publisher":{"@id":"https:\/\/hardnesstests.com\/tr\/#organization"},"potentialAction":[{"@type":"SearchAction","target":{"@type":"EntryPoint","urlTemplate":"https:\/\/hardnesstests.com\/tr\/?s={search_term_string}"},"query-input":{"@type":"PropertyValueSpecification","valueRequired":true,"valueName":"search_term_string"}}],"inLanguage":"fr-FR"},{"@type":"Organization","@id":"https:\/\/hardnesstests.com\/tr\/#organization","name":"hardnesstests","url":"https:\/\/hardnesstests.com\/tr\/","logo":{"@type":"ImageObject","inLanguage":"fr-FR","@id":"https:\/\/hardnesstests.com\/tr\/#\/schema\/logo\/image\/","url":"https:\/\/hardnesstests.com\/wp-content\/uploads\/2021\/08\/\u5fae\u4fe1\u56fe\u7247_20251029102004_335_1287.png","contentUrl":"https:\/\/hardnesstests.com\/wp-content\/uploads\/2021\/08\/\u5fae\u4fe1\u56fe\u7247_20251029102004_335_1287.png","width":1308,"height":467,"caption":"hardnesstests"},"image":{"@id":"https:\/\/hardnesstests.com\/tr\/#\/schema\/logo\/image\/"}}]}},"_links":{"self":[{"href":"https:\/\/hardnesstests.com\/fr\/wp-json\/wp\/v2\/product\/29633","targetHints":{"allow":["GET"]}}],"collection":[{"href":"https:\/\/hardnesstests.com\/fr\/wp-json\/wp\/v2\/product"}],"about":[{"href":"https:\/\/hardnesstests.com\/fr\/wp-json\/wp\/v2\/types\/product"}],"replies":[{"embeddable":true,"href":"https:\/\/hardnesstests.com\/fr\/wp-json\/wp\/v2\/comments?post=29633"}],"version-history":[{"count":3,"href":"https:\/\/hardnesstests.com\/fr\/wp-json\/wp\/v2\/product\/29633\/revisions"}],"predecessor-version":[{"id":29699,"href":"https:\/\/hardnesstests.com\/fr\/wp-json\/wp\/v2\/product\/29633\/revisions\/29699"}],"wp:featuredmedia":[{"embeddable":true,"href":"https:\/\/hardnesstests.com\/fr\/wp-json\/wp\/v2\/media\/29634"}],"wp:attachment":[{"href":"https:\/\/hardnesstests.com\/fr\/wp-json\/wp\/v2\/media?parent=29633"}],"wp:term":[{"taxonomy":"product_brand","embeddable":true,"href":"https:\/\/hardnesstests.com\/fr\/wp-json\/wp\/v2\/product_brand?post=29633"},{"taxonomy":"product_cat","embeddable":true,"href":"https:\/\/hardnesstests.com\/fr\/wp-json\/wp\/v2\/product_cat?post=29633"},{"taxonomy":"product_tag","embeddable":true,"href":"https:\/\/hardnesstests.com\/fr\/wp-json\/wp\/v2\/product_tag?post=29633"}],"curies":[{"name":"wp","href":"https:\/\/api.w.org\/{rel}","templated":true}]}}