{"id":29630,"date":"2025-11-26T06:59:10","date_gmt":"2025-11-26T06:59:10","guid":{"rendered":"https:\/\/hardnesstests.com\/?post_type=product&#038;p=29630"},"modified":"2025-11-27T05:50:47","modified_gmt":"2025-11-27T05:50:47","slug":"sensor-touch-screen-digital-display-brinell-hardness-tester-cshbrv-250f","status":"publish","type":"product","link":"https:\/\/hardnesstests.com\/fr\/produit\/sensor-touch-screen-digital-display-brinell-hardness-tester-cshbrv-250f\/","title":{"rendered":"Testeur de duret\u00e9 Brinell \u00e0 capteur, \u00e9cran tactile et affichage num\u00e9rique (CSHBRV-250F)"},"content":{"rendered":"<h1 style=\"font-weight: 400;\">Main features of the instrument:<\/h1>\n<ol>\n<li style=\"font-weight: 400;\">Le syst\u00e8me optique con\u00e7u par des ing\u00e9nieurs en optique chevronn\u00e9s permet non seulement d'obtenir des images claires, mais peut \u00e9galement \u00eatre utilis\u00e9 comme un simple microscope. La luminosit\u00e9 est r\u00e9glable, la vision est confortable et il n'est pas facile de se fatiguer apr\u00e8s une utilisation prolong\u00e9e ;<\/li>\n<li style=\"font-weight: 400;\">The 8-inch LCD touch screen can intuitively display the hardness value, conversion hardness, test method, test force, brightness, dwell time, number of measurements, statistical data, test time and other test processes;<\/li>\n<li style=\"font-weight: 400;\">The system has a calibration function, and the input error can be manually adjusted to calibrate the instrument;<\/li>\n<li style=\"font-weight: 400;\">When testing the curved surface, it is automatically corrected according to the standard curved surface radius;<\/li>\n<li style=\"font-weight: 400;\">The adjustable brightness range of the optical system: 0-100;<\/li>\n<li style=\"font-weight: 400;\">It can store 100 sets of test data, and the test data can be viewed at any time, and the current data can be deleted or all test data can be cleared;<\/li>\n<li style=\"font-weight: 400;\">The test force unit can be manually selected to convert to each other, and the conversion unit is: (Kgf, N)<\/li>\n<li style=\"font-weight: 400;\">It can simultaneously display: maximum value, minimum value, average value, number of tests, test block name (test block number can be entered);<\/li>\n<li style=\"font-weight: 400;\">The main interface can display 4 conversion scales at the same time, and can switch between: national standard (GB), American standard (ASTM) and international (ISO) standards, a total of 21 measurement scales can be converted: HRA, HRB, HRC, HRD, HRE, HRF, HRG, HRK, HR15N, HR30N, HR45N, HR15T, HR30T, HR45T, HK, HBW, HS, HBS, HV, Rm (tensile strength), MPa (pressure);<\/li>\n<li style=\"font-weight: 400;\">With diagonal length memory function, the diagonal length is automatically memorized after shutdown, and can be measured directly after startup without secondary zeroing.<\/li>\n<li style=\"font-weight: 400;\">The upper and lower limits of the measurement range can be set and displayed on the main measurement interface. Unqualified valueswill automatically prompt an alarm;<\/li>\n<li style=\"font-weight: 400;\">The operating system has 13 languages, which can be switched at will: Chinese, English, Russian, German, French, Spanish, Portuguese, Turkish, Czech, Japanese, Korean, Thai, and Vietnamese;<\/li>\n<li style=\"font-weight: 400;\">It has three test methods: Brinell, Rockwell, and Vickers, and thirteen levels of test force, which can meet various hardness test requirements;<\/li>\n<li style=\"font-weight: 400;\">It is equipped with a built-in printer, and the test data can also be exported to a USB flash drive for storage and analysis via USB;<\/li>\n<li style=\"font-weight: 400;\">The one-time molding structure of the casting shell is stable and does not deform. The pure white car paint is of high grade and has strong scratch resistance. It is still bright as new after years of use;<\/li>\n<li style=\"font-weight: 400;\">Our company has the ability to independently develop, design, produce and process. Our machines provide lifetime parts replacement and maintenance upgrade services;<\/li>\n<\/ol>\n<p>&nbsp;<\/p>\n<h1 style=\"font-weight: 400;\">Main uses and scope of use of the instrument:<\/h1>\n<ol>\n<li style=\"font-weight: 400;\">Determine the Brinell, Vickers, and Rockwell hardness of ferrous metals, non-ferrous metals and cemented carbides:<\/li>\n<li style=\"font-weight: 400;\">Brinell hardness of castings, annealed steel, normalized steel, nonferrous metals and soft alloys;<\/li>\n<li style=\"font-weight: 400;\">Rockwell hardness of heat-treated materials such as quenching and tempering;<\/li>\n<li style=\"font-weight: 400;\">Vickers hardness of nitrided layers, ceramics, thin plates, metal sheets, electroplated layers, and tiny parts;<\/li>\n<\/ol>\n<p>&nbsp;<\/p>\n<h1 style=\"font-weight: 400;\">Detailed parameters of the instrument:<\/h1>\n<table width=\"613\">\n<tbody>\n<tr>\n<td width=\"114\">Mod\u00e8le de produit<\/td>\n<td width=\"498\">CSHBRV-250F<\/td>\n<\/tr>\n<tr>\n<td width=\"114\">Brown scale<\/td>\n<td width=\"498\">HB1\/30, HB2.5\/31.25, HB2.5\/62.5, HB2.5\/187.5, HB5\/62.5, HB10\/100, HB5\/250<\/td>\n<\/tr>\n<tr>\n<td width=\"114\">Rockwell scale<\/td>\n<td width=\"498\">HRA, HRB, HRC, HRD, HRE, HRF, HRG, HRH, HRK, HRL, HRM, HRR, HRS, HRV, HR15N, HR30N, HR45N, HR15T, HR30T, HR45T,<\/td>\n<\/tr>\n<tr>\n<td width=\"114\">Vickers scale<\/td>\n<td width=\"498\">HV5, HV10, HV20, HV30, HV100<\/td>\n<\/tr>\n<tr>\n<td rowspan=\"3\" width=\"114\">Force d'essai<\/td>\n<td width=\"498\">Rockwell test force: 15, 30, 45, 60, 100, 150Kgf<\/td>\n<\/tr>\n<tr>\n<td width=\"498\">Brinell test force: 30, 31.25, 62.5, 100, 187.5, 250Kgf<\/td>\n<\/tr>\n<tr>\n<td width=\"498\">Vickers test force: 5, 10, 20, 30, 100Kgf<\/td>\n<\/tr>\n<tr>\n<td width=\"114\">Mod\u00e8le de produit<\/td>\n<td width=\"498\">Brinell: 37.5\u00d7, Vickers: 75\u00d7<\/td>\n<\/tr>\n<tr>\n<td width=\"114\">Calibration (calibration)<\/td>\n<td width=\"498\">The machine can be calibrated using standard hardness blocks<\/td>\n<\/tr>\n<tr>\n<td width=\"114\">Maximum test piece height<\/td>\n<td width=\"498\">Rockwell 260mm Vickers Brinell 210mm<\/td>\n<\/tr>\n<tr>\n<td width=\"114\">Distance entre l'int\u00e9rieur et l'ext\u00e9rieur de la paroi<\/td>\n<td width=\"498\">165mm<\/td>\n<\/tr>\n<tr>\n<td width=\"114\">Plage d'essai de duret\u00e9<\/td>\n<td width=\"498\">Rockwell: 20-88HRA, 20-100HRB, 20-70HRC Brinell: 5-650HBW Vickers: 10-3000HV<\/td>\n<\/tr>\n<tr>\n<td width=\"114\">Lecture de la duret\u00e9<\/td>\n<td width=\"498\">Automatic calculation<\/td>\n<\/tr>\n<tr>\n<td width=\"114\">Alimentation \u00e9lectrique<\/td>\n<td width=\"498\">AC220+5%, 50~60Hz<\/td>\n<\/tr>\n<tr>\n<td width=\"114\">Dimensions (mm)<\/td>\n<td width=\"498\">550\u00d7200\u00d7720mm<\/td>\n<\/tr>\n<tr>\n<td width=\"114\">Main unit weight<\/td>\n<td width=\"498\">About 85kg<\/td>\n<\/tr>\n<\/tbody>\n<\/table>\n<h1 style=\"font-weight: 400;\">Standard configuration of the instrument:<\/h1>\n<table width=\"621\">\n<tbody>\n<tr>\n<td width=\"170\">Nom<\/td>\n<td width=\"170\">Quantity<\/td>\n<td width=\"148\">Nom<\/td>\n<td width=\"132\">Quantity<\/td>\n<\/tr>\n<tr>\n<td width=\"170\">Digital display eyepiece<\/td>\n<td width=\"170\">1 pi\u00e8ce<\/td>\n<td width=\"148\">Objective lens 2.5X, 5X<\/td>\n<td width=\"132\">1 each<\/td>\n<\/tr>\n<tr>\n<td width=\"170\">Vickers lighting lamp<\/td>\n<td width=\"170\">1 pi\u00e8ce<\/td>\n<td width=\"148\">Brinell lighting lamp<\/td>\n<td width=\"132\">1<\/td>\n<\/tr>\n<tr>\n<td width=\"170\">Rockwell 1\/16\u201d steel ball indenter<\/td>\n<td width=\"170\">1 pi\u00e8ce<\/td>\n<td width=\"148\">Rockwell diamond indenter<\/td>\n<td width=\"132\">1<\/td>\n<\/tr>\n<tr>\n<td width=\"170\">Brinell 2.5mm indenter<\/td>\n<td width=\"170\">1 pi\u00e8ce<\/td>\n<td width=\"148\">Brinell 5mm indenter<\/td>\n<td width=\"132\">1<\/td>\n<\/tr>\n<tr>\n<td width=\"170\">Vickers diamond indenter<\/td>\n<td width=\"170\">1 pi\u00e8ce<\/td>\n<td width=\"148\">Standard Rockwell hardness block<\/td>\n<td width=\"132\">3 pieces<\/td>\n<\/tr>\n<tr>\n<td width=\"170\">Standard Brinell hardness block<\/td>\n<td width=\"170\">1 pi\u00e8ce<\/td>\n<td width=\"148\">Standard Vickers hardness block<\/td>\n<td width=\"132\">1 pi\u00e8ce<\/td>\n<\/tr>\n<tr>\n<td width=\"170\">Medium and V-type test bench<\/td>\n<td width=\"170\">1 pi\u00e8ce<\/td>\n<td width=\"148\">Sliding test table<\/td>\n<td width=\"132\">1 pi\u00e8ce<\/td>\n<\/tr>\n<tr>\n<td width=\"170\">Cordon d'alimentation<\/td>\n<td width=\"170\">1 pi\u00e8ce<\/td>\n<td width=\"148\">Dust cover<\/td>\n<td width=\"132\">1<\/td>\n<\/tr>\n<\/tbody>\n<\/table>","protected":false},"excerpt":{"rendered":"<div class=\"main\">As a new generation of automatic hardness tester, the sensor touch screen digital display Brinell hardness tester is a high-tech product integrating optics, machinery and electronics. It adopts a closed-loop loading control system, with high test force accuracy, good repeatability and stability of the indicated value. The shell is cast in one piece, and the surface is treated with automotive paint. It has a novel shape, good reliability, operability and repeatability, and is fully functional with clear and intuitive display. It adopts automatic loading and unloading test force, and can perform three test methods of Brinell, Rockwell and Vickers. It is a multifunctional hardness tester with a thirty-second level measuring scale, which can meet various hardness test needs. The measuring device adopts a grating sensor, and the hardness indication is directly displayed on the LCD screen. It can automatically convert various hardness parameters. When testing a cylinder, it can automatically add a correction amount. It has the characteristics of high test accuracy, simple operation, high sensitivity, easy use, and stable indication. Equipped with a built-in printer, and can be equipped with an RS232 data cable to connect to a computer via a hyperterminal, or export measurement reports to a USB flash drive. The large-screen LCD touch screen display interface has rich display content and is easy to operate.<\/div>","protected":false},"featured_media":29631,"comment_status":"open","ping_status":"closed","template":"","meta":[],"product_brand":[],"product_cat":[75,70],"product_tag":[105],"class_list":{"0":"post-29630","1":"product","2":"type-product","3":"status-publish","4":"has-post-thumbnail","6":"product_cat-brinell-hardness-tester","7":"product_cat-hardness-tester","8":"product_tag-brinell-hardness-tester","10":"first","11":"instock","12":"shipping-taxable","13":"product-type-simple"},"yoast_head":"<!-- This site is optimized with the Yoast SEO Premium plugin v25.4 (Yoast SEO v27.4) - https:\/\/yoast.com\/product\/yoast-seo-premium-wordpress\/ -->\n<title>Sensor Touch Screen Digital Display Brinell Hardness Tester (CSHBRV-250F) - hardnesstests<\/title>\n<meta name=\"robots\" content=\"index, follow, max-snippet:-1, max-image-preview:large, max-video-preview:-1\" \/>\n<link rel=\"canonical\" href=\"https:\/\/hardnesstests.com\/fr\/produit\/sensor-touch-screen-digital-display-brinell-hardness-tester-cshbrv-250f\/\" \/>\n<meta property=\"og:locale\" content=\"fr_FR\" \/>\n<meta property=\"og:type\" content=\"article\" \/>\n<meta property=\"og:title\" content=\"Sensor Touch Screen Digital Display Brinell Hardness Tester (CSHBRV-250F)\" \/>\n<meta property=\"og:description\" content=\"As a new generation of automatic hardness tester, the sensor touch screen digital display Brinell hardness tester is a high-tech product integrating optics, machinery and electronics. It adopts a closed-loop loading control system, with high test force accuracy, good repeatability and stability of the indicated value. The shell is cast in one piece, and the surface is treated with automotive paint. It has a novel shape, good reliability, operability and repeatability, and is fully functional with clear and intuitive display. It adopts automatic loading and unloading test force, and can perform three test methods of Brinell, Rockwell and Vickers. It is a multifunctional hardness tester with a thirty-second level measuring scale, which can meet various hardness test needs. The measuring device adopts a grating sensor, and the hardness indication is directly displayed on the LCD screen. It can automatically convert various hardness parameters. When testing a cylinder, it can automatically add a correction amount. It has the characteristics of high test accuracy, simple operation, high sensitivity, easy use, and stable indication. Equipped with a built-in printer, and can be equipped with an RS232 data cable to connect to a computer via a hyperterminal, or export measurement reports to a USB flash drive. The large-screen LCD touch screen display interface has rich display content and is easy to operate.\" \/>\n<meta property=\"og:url\" content=\"https:\/\/hardnesstests.com\/fr\/produit\/sensor-touch-screen-digital-display-brinell-hardness-tester-cshbrv-250f\/\" \/>\n<meta property=\"og:site_name\" content=\"hardnesstests\" \/>\n<meta property=\"article:modified_time\" content=\"2025-11-27T05:50:47+00:00\" \/>\n<meta property=\"og:image\" content=\"https:\/\/hardnesstests.com\/wp-content\/uploads\/2025\/11\/CSHBRV-250F\u4f20\u611f\u5668\u89e6\u6478\u5c4f\u6570\u663e\u5e03\u6c0f\u786c\u5ea6\u8ba1.jpg\" \/>\n\t<meta property=\"og:image:width\" content=\"800\" \/>\n\t<meta property=\"og:image:height\" content=\"800\" \/>\n\t<meta property=\"og:image:type\" content=\"image\/jpeg\" \/>\n<meta name=\"twitter:card\" content=\"summary_large_image\" \/>\n<meta name=\"twitter:label1\" content=\"Dur\u00e9e de lecture estim\u00e9e\" \/>\n\t<meta name=\"twitter:data1\" content=\"4 minutes\" \/>\n<script type=\"application\/ld+json\" class=\"yoast-schema-graph\">{\"@context\":\"https:\\\/\\\/schema.org\",\"@graph\":[{\"@type\":\"WebPage\",\"@id\":\"https:\\\/\\\/hardnesstests.com\\\/product\\\/sensor-touch-screen-digital-display-brinell-hardness-tester-cshbrv-250f\\\/\",\"url\":\"https:\\\/\\\/hardnesstests.com\\\/product\\\/sensor-touch-screen-digital-display-brinell-hardness-tester-cshbrv-250f\\\/\",\"name\":\"Sensor Touch Screen Digital Display Brinell Hardness Tester (CSHBRV-250F) - hardnesstests\",\"isPartOf\":{\"@id\":\"https:\\\/\\\/hardnesstests.com\\\/tr\\\/#website\"},\"primaryImageOfPage\":{\"@id\":\"https:\\\/\\\/hardnesstests.com\\\/product\\\/sensor-touch-screen-digital-display-brinell-hardness-tester-cshbrv-250f\\\/#primaryimage\"},\"image\":{\"@id\":\"https:\\\/\\\/hardnesstests.com\\\/product\\\/sensor-touch-screen-digital-display-brinell-hardness-tester-cshbrv-250f\\\/#primaryimage\"},\"thumbnailUrl\":\"https:\\\/\\\/hardnesstests.com\\\/wp-content\\\/uploads\\\/2025\\\/11\\\/CSHBRV-250F\u4f20\u611f\u5668\u89e6\u6478\u5c4f\u6570\u663e\u5e03\u6c0f\u786c\u5ea6\u8ba1.jpg\",\"datePublished\":\"2025-11-26T06:59:10+00:00\",\"dateModified\":\"2025-11-27T05:50:47+00:00\",\"breadcrumb\":{\"@id\":\"https:\\\/\\\/hardnesstests.com\\\/product\\\/sensor-touch-screen-digital-display-brinell-hardness-tester-cshbrv-250f\\\/#breadcrumb\"},\"inLanguage\":\"fr-FR\",\"potentialAction\":[{\"@type\":\"ReadAction\",\"target\":[\"https:\\\/\\\/hardnesstests.com\\\/product\\\/sensor-touch-screen-digital-display-brinell-hardness-tester-cshbrv-250f\\\/\"]}]},{\"@type\":\"ImageObject\",\"inLanguage\":\"fr-FR\",\"@id\":\"https:\\\/\\\/hardnesstests.com\\\/product\\\/sensor-touch-screen-digital-display-brinell-hardness-tester-cshbrv-250f\\\/#primaryimage\",\"url\":\"https:\\\/\\\/hardnesstests.com\\\/wp-content\\\/uploads\\\/2025\\\/11\\\/CSHBRV-250F\u4f20\u611f\u5668\u89e6\u6478\u5c4f\u6570\u663e\u5e03\u6c0f\u786c\u5ea6\u8ba1.jpg\",\"contentUrl\":\"https:\\\/\\\/hardnesstests.com\\\/wp-content\\\/uploads\\\/2025\\\/11\\\/CSHBRV-250F\u4f20\u611f\u5668\u89e6\u6478\u5c4f\u6570\u663e\u5e03\u6c0f\u786c\u5ea6\u8ba1.jpg\",\"width\":800,\"height\":800,\"caption\":\"Sensor Touch Screen Digital Display Brinell Hardness Tester (CSHBRV-250F)\"},{\"@type\":\"BreadcrumbList\",\"@id\":\"https:\\\/\\\/hardnesstests.com\\\/product\\\/sensor-touch-screen-digital-display-brinell-hardness-tester-cshbrv-250f\\\/#breadcrumb\",\"itemListElement\":[{\"@type\":\"ListItem\",\"position\":1,\"name\":\"\u9996\u9875\",\"item\":\"https:\\\/\\\/hardnesstests.com\\\/\"},{\"@type\":\"ListItem\",\"position\":2,\"name\":\"products\",\"item\":\"https:\\\/\\\/hardnesstests.com\\\/products\\\/\"},{\"@type\":\"ListItem\",\"position\":3,\"name\":\"Sensor Touch Screen Digital Display Brinell Hardness Tester (CSHBRV-250F)\"}]},{\"@type\":\"WebSite\",\"@id\":\"https:\\\/\\\/hardnesstests.com\\\/tr\\\/#website\",\"url\":\"https:\\\/\\\/hardnesstests.com\\\/tr\\\/\",\"name\":\"hardnesstests\",\"description\":\"\",\"publisher\":{\"@id\":\"https:\\\/\\\/hardnesstests.com\\\/tr\\\/#organization\"},\"potentialAction\":[{\"@type\":\"SearchAction\",\"target\":{\"@type\":\"EntryPoint\",\"urlTemplate\":\"https:\\\/\\\/hardnesstests.com\\\/tr\\\/?s={search_term_string}\"},\"query-input\":{\"@type\":\"PropertyValueSpecification\",\"valueRequired\":true,\"valueName\":\"search_term_string\"}}],\"inLanguage\":\"fr-FR\"},{\"@type\":\"Organization\",\"@id\":\"https:\\\/\\\/hardnesstests.com\\\/tr\\\/#organization\",\"name\":\"hardnesstests\",\"url\":\"https:\\\/\\\/hardnesstests.com\\\/tr\\\/\",\"logo\":{\"@type\":\"ImageObject\",\"inLanguage\":\"fr-FR\",\"@id\":\"https:\\\/\\\/hardnesstests.com\\\/tr\\\/#\\\/schema\\\/logo\\\/image\\\/\",\"url\":\"https:\\\/\\\/hardnesstests.com\\\/wp-content\\\/uploads\\\/2021\\\/08\\\/\u5fae\u4fe1\u56fe\u7247_20251029102004_335_1287.png\",\"contentUrl\":\"https:\\\/\\\/hardnesstests.com\\\/wp-content\\\/uploads\\\/2021\\\/08\\\/\u5fae\u4fe1\u56fe\u7247_20251029102004_335_1287.png\",\"width\":1308,\"height\":467,\"caption\":\"hardnesstests\"},\"image\":{\"@id\":\"https:\\\/\\\/hardnesstests.com\\\/tr\\\/#\\\/schema\\\/logo\\\/image\\\/\"}}]}<\/script>\n<!-- \/ Yoast SEO Premium plugin. -->","yoast_head_json":{"title":"Sensor Touch Screen Digital Display Brinell Hardness Tester (CSHBRV-250F) - hardnesstests","robots":{"index":"index","follow":"follow","max-snippet":"max-snippet:-1","max-image-preview":"max-image-preview:large","max-video-preview":"max-video-preview:-1"},"canonical":"https:\/\/hardnesstests.com\/fr\/produit\/sensor-touch-screen-digital-display-brinell-hardness-tester-cshbrv-250f\/","og_locale":"fr_FR","og_type":"article","og_title":"Sensor Touch Screen Digital Display Brinell Hardness Tester (CSHBRV-250F)","og_description":"As a new generation of automatic hardness tester, the sensor touch screen digital display Brinell hardness tester is a high-tech product integrating optics, machinery and electronics. It adopts a closed-loop loading control system, with high test force accuracy, good repeatability and stability of the indicated value. The shell is cast in one piece, and the surface is treated with automotive paint. It has a novel shape, good reliability, operability and repeatability, and is fully functional with clear and intuitive display. It adopts automatic loading and unloading test force, and can perform three test methods of Brinell, Rockwell and Vickers. It is a multifunctional hardness tester with a thirty-second level measuring scale, which can meet various hardness test needs. The measuring device adopts a grating sensor, and the hardness indication is directly displayed on the LCD screen. It can automatically convert various hardness parameters. When testing a cylinder, it can automatically add a correction amount. It has the characteristics of high test accuracy, simple operation, high sensitivity, easy use, and stable indication. Equipped with a built-in printer, and can be equipped with an RS232 data cable to connect to a computer via a hyperterminal, or export measurement reports to a USB flash drive. The large-screen LCD touch screen display interface has rich display content and is easy to operate.","og_url":"https:\/\/hardnesstests.com\/fr\/produit\/sensor-touch-screen-digital-display-brinell-hardness-tester-cshbrv-250f\/","og_site_name":"hardnesstests","article_modified_time":"2025-11-27T05:50:47+00:00","og_image":[{"width":800,"height":800,"url":"https:\/\/hardnesstests.com\/wp-content\/uploads\/2025\/11\/CSHBRV-250F\u4f20\u611f\u5668\u89e6\u6478\u5c4f\u6570\u663e\u5e03\u6c0f\u786c\u5ea6\u8ba1.jpg","type":"image\/jpeg"}],"twitter_card":"summary_large_image","twitter_misc":{"Dur\u00e9e de lecture estim\u00e9e":"4 minutes"},"schema":{"@context":"https:\/\/schema.org","@graph":[{"@type":"WebPage","@id":"https:\/\/hardnesstests.com\/product\/sensor-touch-screen-digital-display-brinell-hardness-tester-cshbrv-250f\/","url":"https:\/\/hardnesstests.com\/product\/sensor-touch-screen-digital-display-brinell-hardness-tester-cshbrv-250f\/","name":"Sensor Touch Screen Digital Display Brinell Hardness Tester (CSHBRV-250F) - hardnesstests","isPartOf":{"@id":"https:\/\/hardnesstests.com\/tr\/#website"},"primaryImageOfPage":{"@id":"https:\/\/hardnesstests.com\/product\/sensor-touch-screen-digital-display-brinell-hardness-tester-cshbrv-250f\/#primaryimage"},"image":{"@id":"https:\/\/hardnesstests.com\/product\/sensor-touch-screen-digital-display-brinell-hardness-tester-cshbrv-250f\/#primaryimage"},"thumbnailUrl":"https:\/\/hardnesstests.com\/wp-content\/uploads\/2025\/11\/CSHBRV-250F\u4f20\u611f\u5668\u89e6\u6478\u5c4f\u6570\u663e\u5e03\u6c0f\u786c\u5ea6\u8ba1.jpg","datePublished":"2025-11-26T06:59:10+00:00","dateModified":"2025-11-27T05:50:47+00:00","breadcrumb":{"@id":"https:\/\/hardnesstests.com\/product\/sensor-touch-screen-digital-display-brinell-hardness-tester-cshbrv-250f\/#breadcrumb"},"inLanguage":"fr-FR","potentialAction":[{"@type":"ReadAction","target":["https:\/\/hardnesstests.com\/product\/sensor-touch-screen-digital-display-brinell-hardness-tester-cshbrv-250f\/"]}]},{"@type":"ImageObject","inLanguage":"fr-FR","@id":"https:\/\/hardnesstests.com\/product\/sensor-touch-screen-digital-display-brinell-hardness-tester-cshbrv-250f\/#primaryimage","url":"https:\/\/hardnesstests.com\/wp-content\/uploads\/2025\/11\/CSHBRV-250F\u4f20\u611f\u5668\u89e6\u6478\u5c4f\u6570\u663e\u5e03\u6c0f\u786c\u5ea6\u8ba1.jpg","contentUrl":"https:\/\/hardnesstests.com\/wp-content\/uploads\/2025\/11\/CSHBRV-250F\u4f20\u611f\u5668\u89e6\u6478\u5c4f\u6570\u663e\u5e03\u6c0f\u786c\u5ea6\u8ba1.jpg","width":800,"height":800,"caption":"Sensor Touch Screen Digital Display Brinell Hardness Tester (CSHBRV-250F)"},{"@type":"BreadcrumbList","@id":"https:\/\/hardnesstests.com\/product\/sensor-touch-screen-digital-display-brinell-hardness-tester-cshbrv-250f\/#breadcrumb","itemListElement":[{"@type":"ListItem","position":1,"name":"\u9996\u9875","item":"https:\/\/hardnesstests.com\/"},{"@type":"ListItem","position":2,"name":"products","item":"https:\/\/hardnesstests.com\/products\/"},{"@type":"ListItem","position":3,"name":"Sensor Touch Screen Digital Display Brinell Hardness Tester (CSHBRV-250F)"}]},{"@type":"WebSite","@id":"https:\/\/hardnesstests.com\/tr\/#website","url":"https:\/\/hardnesstests.com\/tr\/","name":"hardnesstests","description":"","publisher":{"@id":"https:\/\/hardnesstests.com\/tr\/#organization"},"potentialAction":[{"@type":"SearchAction","target":{"@type":"EntryPoint","urlTemplate":"https:\/\/hardnesstests.com\/tr\/?s={search_term_string}"},"query-input":{"@type":"PropertyValueSpecification","valueRequired":true,"valueName":"search_term_string"}}],"inLanguage":"fr-FR"},{"@type":"Organization","@id":"https:\/\/hardnesstests.com\/tr\/#organization","name":"hardnesstests","url":"https:\/\/hardnesstests.com\/tr\/","logo":{"@type":"ImageObject","inLanguage":"fr-FR","@id":"https:\/\/hardnesstests.com\/tr\/#\/schema\/logo\/image\/","url":"https:\/\/hardnesstests.com\/wp-content\/uploads\/2021\/08\/\u5fae\u4fe1\u56fe\u7247_20251029102004_335_1287.png","contentUrl":"https:\/\/hardnesstests.com\/wp-content\/uploads\/2021\/08\/\u5fae\u4fe1\u56fe\u7247_20251029102004_335_1287.png","width":1308,"height":467,"caption":"hardnesstests"},"image":{"@id":"https:\/\/hardnesstests.com\/tr\/#\/schema\/logo\/image\/"}}]}},"_links":{"self":[{"href":"https:\/\/hardnesstests.com\/fr\/wp-json\/wp\/v2\/product\/29630","targetHints":{"allow":["GET"]}}],"collection":[{"href":"https:\/\/hardnesstests.com\/fr\/wp-json\/wp\/v2\/product"}],"about":[{"href":"https:\/\/hardnesstests.com\/fr\/wp-json\/wp\/v2\/types\/product"}],"replies":[{"embeddable":true,"href":"https:\/\/hardnesstests.com\/fr\/wp-json\/wp\/v2\/comments?post=29630"}],"version-history":[{"count":2,"href":"https:\/\/hardnesstests.com\/fr\/wp-json\/wp\/v2\/product\/29630\/revisions"}],"predecessor-version":[{"id":29698,"href":"https:\/\/hardnesstests.com\/fr\/wp-json\/wp\/v2\/product\/29630\/revisions\/29698"}],"wp:featuredmedia":[{"embeddable":true,"href":"https:\/\/hardnesstests.com\/fr\/wp-json\/wp\/v2\/media\/29631"}],"wp:attachment":[{"href":"https:\/\/hardnesstests.com\/fr\/wp-json\/wp\/v2\/media?parent=29630"}],"wp:term":[{"taxonomy":"product_brand","embeddable":true,"href":"https:\/\/hardnesstests.com\/fr\/wp-json\/wp\/v2\/product_brand?post=29630"},{"taxonomy":"product_cat","embeddable":true,"href":"https:\/\/hardnesstests.com\/fr\/wp-json\/wp\/v2\/product_cat?post=29630"},{"taxonomy":"product_tag","embeddable":true,"href":"https:\/\/hardnesstests.com\/fr\/wp-json\/wp\/v2\/product_tag?post=29630"}],"curies":[{"name":"wp","href":"https:\/\/api.w.org\/{rel}","templated":true}]}}