{"id":29060,"date":"2025-10-20T06:26:58","date_gmt":"2025-10-20T06:26:58","guid":{"rendered":"https:\/\/hardnesstests.com\/?post_type=product&#038;p=29060"},"modified":"2025-11-27T07:16:29","modified_gmt":"2025-11-27T07:16:29","slug":"hqg-80-metallographic-sample-cutting-machine","status":"publish","type":"product","link":"https:\/\/hardnesstests.com\/fr\/produit\/hqg-80-metallographic-sample-cutting-machine\/","title":{"rendered":"(HQG-80) Machine \u00e0 d\u00e9couper les \u00e9chantillons m\u00e9tallographiques"},"content":{"rendered":"<h1><strong>Principales fonctions et caract\u00e9ristiques<\/strong><\/h1>\n<ol>\n<li>Les pi\u00e8ces principales et les composants tels que la chemise d'arbre et la surface de travail sont fabriqu\u00e9s dans des mat\u00e9riaux r\u00e9sistant \u00e0 la corrosion et ayant une longue dur\u00e9e de vie.<\/li>\n<li>L'\u00e9tabli et le cadre de fixation du moteur sont en alliage d'aluminium, et la surface est sabl\u00e9e, ce qui est beau et durable.<\/li>\n<li>La pi\u00e8ce \u00e0 usiner est fix\u00e9e par une attache rapide, ce qui est pratique, rapide, s\u00fbr et fiable (en option).<\/li>\n<li>Le m\u00e9canisme global tourne en douceur, avec un faible niveau de bruit et une longue dur\u00e9e de vie.<\/li>\n<li>La perspective adopte un panneau PC transparent r\u00e9sistant aux chocs, qui est s\u00fbr et fiable.<\/li>\n<li>La lumi\u00e8re LED \u00e9tanche est utilis\u00e9e pour l'\u00e9clairage, ce qui est pratique pour observer l'ensemble du processus de coupe.<\/li>\n<li>\u00c9quip\u00e9 d'un dispositif de refroidissement et d'un r\u00e9servoir d'eau, de sorte que le liquide de refroidissement peut \u00eatre recycl\u00e9, ce qui permet de r\u00e9aliser des \u00e9conomies et d'obtenir un rendement \u00e9lev\u00e9 8. Le diam\u00e8tre de coupe maximal est de 80 mm.<\/li>\n<\/ol>\n<h1 style=\"font-weight: 400;\"><strong>Param\u00e8tres techniques<\/strong><\/h1>\n<table width=\"586\">\n<tbody>\n<tr>\n<td width=\"145\">M\u00e9thode de coupe<\/td>\n<td width=\"441\">Alimentation manuelle, dans le sens des aiguilles d'une montre<\/td>\n<\/tr>\n<tr>\n<td width=\"145\">Taille de la feuille de coupe<\/td>\n<td width=\"441\">\u03a6300\u00d72\u00d7\u03a632mm<\/td>\n<\/tr>\n<tr>\n<td width=\"145\">Section de coupe maximale<\/td>\n<td width=\"441\">80X80mm<\/td>\n<\/tr>\n<tr>\n<td width=\"145\">Vitesse de rotation de la broche<\/td>\n<td width=\"441\">2800r\/min<\/td>\n<\/tr>\n<tr>\n<td width=\"145\">Puissance du moteur<\/td>\n<td width=\"441\">2,2 kW<\/td>\n<\/tr>\n<tr>\n<td width=\"145\">Puissance totale<\/td>\n<td width=\"441\">2,8 kW<\/td>\n<\/tr>\n<tr>\n<td width=\"145\">Dispositif de coupe<\/td>\n<td width=\"441\">Fixation du fil<\/td>\n<\/tr>\n<tr>\n<td width=\"145\">\u00e9clairage<\/td>\n<td width=\"441\">\u00c9clairage LED \u00e9tanche<\/td>\n<\/tr>\n<tr>\n<td width=\"145\">R\u00e9servoir d'eau<\/td>\n<td width=\"441\">R\u00e9servoir d'eau \u00e0 circulation automatique<\/td>\n<\/tr>\n<tr>\n<td width=\"145\">Puissance d'entr\u00e9e<\/td>\n<td width=\"441\">380V, 50Hz,\uff0cTriphas\u00e9 quatre fils<\/td>\n<\/tr>\n<tr>\n<td width=\"145\">Dimensions<\/td>\n<td width=\"441\">750X640X550mm<\/td>\n<\/tr>\n<tr>\n<td width=\"145\">poids<\/td>\n<td width=\"441\">100 kg<\/td>\n<\/tr>\n<\/tbody>\n<\/table>","protected":false},"excerpt":{"rendered":"<p>Dans le processus de pr\u00e9paration des \u00e9chantillons m\u00e9tallographiques, la d\u00e9coupe des \u00e9chantillons est la premi\u00e8re \u00e9tape importante de la pr\u00e9paration des \u00e9chantillons. La machine de d\u00e9coupe HQG-80 peut \u00eatre utilis\u00e9e pour d\u00e9couper des mat\u00e9riaux m\u00e9tallurgiques et p\u00e9trographiques g\u00e9n\u00e9raux afin de garantir une s\u00e9curit\u00e9 absolue. Pour d\u00e9couper les \u00e9chantillons, la machine adopte une structure \u00e0 double enveloppe enti\u00e8rement ferm\u00e9e et est \u00e9quip\u00e9e d'un r\u00e9servoir d'eau de refroidissement qui permet de recycler le liquide de refroidissement configur\u00e9. Afin de prolonger la dur\u00e9e de vie de l'\u00e9quipement et de faciliter le fonctionnement et l'entretien, le bo\u00eetier interne de la machine, les pi\u00e8ces principales telles que la bague de la meule, les m\u00e2choires et la surface de travail sont fabriqu\u00e9es en mat\u00e9riaux r\u00e9sistants \u00e0 la corrosion, ce qui en fait le meilleur \u00e9quipement pour couper les \u00e9chantillons. Il convient particuli\u00e8rement au laboratoire m\u00e9tallographique des usines, des universit\u00e9s et des instituts de recherche. Il s'agit d'un excellent \u00e9quipement pour la coupe d'\u00e9chantillons m\u00e9tallographiques.<\/p>","protected":false},"featured_media":29061,"comment_status":"open","ping_status":"closed","template":"","meta":[],"product_brand":[],"product_cat":[93,81],"product_tag":[108],"class_list":{"0":"post-29060","1":"product","2":"type-product","3":"status-publish","4":"has-post-thumbnail","6":"product_cat-metallographic-cutting-machine","7":"product_cat-sample-preparation-and-analysis","8":"product_tag-metallographic-cutting-machine","10":"first","11":"instock","12":"shipping-taxable","13":"product-type-simple"},"yoast_head":"<!-- This site is optimized with the Yoast SEO Premium plugin v25.4 (Yoast SEO v27.4) - https:\/\/yoast.com\/product\/yoast-seo-premium-wordpress\/ -->\n<title>(HQG-80) Metallographic sample cutting machine - hardnesstests<\/title>\n<meta name=\"robots\" content=\"index, follow, max-snippet:-1, max-image-preview:large, max-video-preview:-1\" \/>\n<link rel=\"canonical\" href=\"https:\/\/hardnesstests.com\/fr\/produit\/hqg-80-metallographic-sample-cutting-machine\/\" \/>\n<meta property=\"og:locale\" content=\"fr_FR\" \/>\n<meta property=\"og:type\" content=\"article\" \/>\n<meta property=\"og:title\" content=\"(HQG-80) Metallographic sample cutting machine\" \/>\n<meta property=\"og:description\" content=\"In the metallographic sample preparation process, the cutting of sample materials is the first important process of sample preparation. The HQG-80 cutting machine can be used to cut general metallographic and petrographic materials to ensure absolute safety. To cut samples, the machine adopts a fully enclosed double casing structure and is equipped with a cooling water tank, which can make the configured cooling liquid be recycled. In order to prolong the service life of the equipment and the convenience of operation and maintenance, the inner casing of the machine, The main parts such as the grinding wheel bushing, jaws and work surface are made of corrosion-resistant materials, which is the best equipment for cutting samples. It is especially suitable for the metallographic laboratory of factories, universities and research institutes. It is an excellent equipment for cutting metallographic samples.\" \/>\n<meta property=\"og:url\" content=\"https:\/\/hardnesstests.com\/fr\/produit\/hqg-80-metallographic-sample-cutting-machine\/\" \/>\n<meta property=\"og:site_name\" content=\"hardnesstests\" \/>\n<meta property=\"article:modified_time\" content=\"2025-11-27T07:16:29+00:00\" \/>\n<meta property=\"og:image\" content=\"https:\/\/hardnesstests.com\/wp-content\/uploads\/2025\/10\/HQG-80\u91d1\u76f8\u6837\u54c1\u5207\u5272\u673a.jpg\" \/>\n\t<meta property=\"og:image:width\" content=\"550\" \/>\n\t<meta property=\"og:image:height\" content=\"550\" \/>\n\t<meta property=\"og:image:type\" content=\"image\/jpeg\" \/>\n<meta name=\"twitter:card\" content=\"summary_large_image\" \/>\n<meta name=\"twitter:label1\" content=\"Dur\u00e9e de lecture estim\u00e9e\" \/>\n\t<meta name=\"twitter:data1\" content=\"1 minute\" \/>\n<script type=\"application\/ld+json\" class=\"yoast-schema-graph\">{\"@context\":\"https:\\\/\\\/schema.org\",\"@graph\":[{\"@type\":\"WebPage\",\"@id\":\"https:\\\/\\\/hardnesstests.com\\\/product\\\/hqg-80-metallographic-sample-cutting-machine\\\/\",\"url\":\"https:\\\/\\\/hardnesstests.com\\\/product\\\/hqg-80-metallographic-sample-cutting-machine\\\/\",\"name\":\"(HQG-80) Metallographic sample cutting machine - hardnesstests\",\"isPartOf\":{\"@id\":\"https:\\\/\\\/hardnesstests.com\\\/tr\\\/#website\"},\"primaryImageOfPage\":{\"@id\":\"https:\\\/\\\/hardnesstests.com\\\/product\\\/hqg-80-metallographic-sample-cutting-machine\\\/#primaryimage\"},\"image\":{\"@id\":\"https:\\\/\\\/hardnesstests.com\\\/product\\\/hqg-80-metallographic-sample-cutting-machine\\\/#primaryimage\"},\"thumbnailUrl\":\"https:\\\/\\\/hardnesstests.com\\\/wp-content\\\/uploads\\\/2025\\\/10\\\/HQG-80\u91d1\u76f8\u6837\u54c1\u5207\u5272\u673a.jpg\",\"datePublished\":\"2025-10-20T06:26:58+00:00\",\"dateModified\":\"2025-11-27T07:16:29+00:00\",\"breadcrumb\":{\"@id\":\"https:\\\/\\\/hardnesstests.com\\\/product\\\/hqg-80-metallographic-sample-cutting-machine\\\/#breadcrumb\"},\"inLanguage\":\"fr-FR\",\"potentialAction\":[{\"@type\":\"ReadAction\",\"target\":[\"https:\\\/\\\/hardnesstests.com\\\/product\\\/hqg-80-metallographic-sample-cutting-machine\\\/\"]}]},{\"@type\":\"ImageObject\",\"inLanguage\":\"fr-FR\",\"@id\":\"https:\\\/\\\/hardnesstests.com\\\/product\\\/hqg-80-metallographic-sample-cutting-machine\\\/#primaryimage\",\"url\":\"https:\\\/\\\/hardnesstests.com\\\/wp-content\\\/uploads\\\/2025\\\/10\\\/HQG-80\u91d1\u76f8\u6837\u54c1\u5207\u5272\u673a.jpg\",\"contentUrl\":\"https:\\\/\\\/hardnesstests.com\\\/wp-content\\\/uploads\\\/2025\\\/10\\\/HQG-80\u91d1\u76f8\u6837\u54c1\u5207\u5272\u673a.jpg\",\"width\":550,\"height\":550,\"caption\":\"(HQG-80) Metallographic sample cutting machine\"},{\"@type\":\"BreadcrumbList\",\"@id\":\"https:\\\/\\\/hardnesstests.com\\\/product\\\/hqg-80-metallographic-sample-cutting-machine\\\/#breadcrumb\",\"itemListElement\":[{\"@type\":\"ListItem\",\"position\":1,\"name\":\"\u9996\u9875\",\"item\":\"https:\\\/\\\/hardnesstests.com\\\/\"},{\"@type\":\"ListItem\",\"position\":2,\"name\":\"products\",\"item\":\"https:\\\/\\\/hardnesstests.com\\\/products\\\/\"},{\"@type\":\"ListItem\",\"position\":3,\"name\":\"(HQG-80) Metallographic sample cutting machine\"}]},{\"@type\":\"WebSite\",\"@id\":\"https:\\\/\\\/hardnesstests.com\\\/tr\\\/#website\",\"url\":\"https:\\\/\\\/hardnesstests.com\\\/tr\\\/\",\"name\":\"hardnesstests\",\"description\":\"\",\"publisher\":{\"@id\":\"https:\\\/\\\/hardnesstests.com\\\/tr\\\/#organization\"},\"potentialAction\":[{\"@type\":\"SearchAction\",\"target\":{\"@type\":\"EntryPoint\",\"urlTemplate\":\"https:\\\/\\\/hardnesstests.com\\\/tr\\\/?s={search_term_string}\"},\"query-input\":{\"@type\":\"PropertyValueSpecification\",\"valueRequired\":true,\"valueName\":\"search_term_string\"}}],\"inLanguage\":\"fr-FR\"},{\"@type\":\"Organization\",\"@id\":\"https:\\\/\\\/hardnesstests.com\\\/tr\\\/#organization\",\"name\":\"hardnesstests\",\"url\":\"https:\\\/\\\/hardnesstests.com\\\/tr\\\/\",\"logo\":{\"@type\":\"ImageObject\",\"inLanguage\":\"fr-FR\",\"@id\":\"https:\\\/\\\/hardnesstests.com\\\/tr\\\/#\\\/schema\\\/logo\\\/image\\\/\",\"url\":\"https:\\\/\\\/hardnesstests.com\\\/wp-content\\\/uploads\\\/2021\\\/08\\\/\u5fae\u4fe1\u56fe\u7247_20251029102004_335_1287.png\",\"contentUrl\":\"https:\\\/\\\/hardnesstests.com\\\/wp-content\\\/uploads\\\/2021\\\/08\\\/\u5fae\u4fe1\u56fe\u7247_20251029102004_335_1287.png\",\"width\":1308,\"height\":467,\"caption\":\"hardnesstests\"},\"image\":{\"@id\":\"https:\\\/\\\/hardnesstests.com\\\/tr\\\/#\\\/schema\\\/logo\\\/image\\\/\"}}]}<\/script>\n<!-- \/ Yoast SEO Premium plugin. -->","yoast_head_json":{"title":"(HQG-80) Metallographic sample cutting machine - hardnesstests","robots":{"index":"index","follow":"follow","max-snippet":"max-snippet:-1","max-image-preview":"max-image-preview:large","max-video-preview":"max-video-preview:-1"},"canonical":"https:\/\/hardnesstests.com\/fr\/produit\/hqg-80-metallographic-sample-cutting-machine\/","og_locale":"fr_FR","og_type":"article","og_title":"(HQG-80) Metallographic sample cutting machine","og_description":"In the metallographic sample preparation process, the cutting of sample materials is the first important process of sample preparation. The HQG-80 cutting machine can be used to cut general metallographic and petrographic materials to ensure absolute safety. To cut samples, the machine adopts a fully enclosed double casing structure and is equipped with a cooling water tank, which can make the configured cooling liquid be recycled. In order to prolong the service life of the equipment and the convenience of operation and maintenance, the inner casing of the machine, The main parts such as the grinding wheel bushing, jaws and work surface are made of corrosion-resistant materials, which is the best equipment for cutting samples. It is especially suitable for the metallographic laboratory of factories, universities and research institutes. It is an excellent equipment for cutting metallographic samples.","og_url":"https:\/\/hardnesstests.com\/fr\/produit\/hqg-80-metallographic-sample-cutting-machine\/","og_site_name":"hardnesstests","article_modified_time":"2025-11-27T07:16:29+00:00","og_image":[{"width":550,"height":550,"url":"https:\/\/hardnesstests.com\/wp-content\/uploads\/2025\/10\/HQG-80\u91d1\u76f8\u6837\u54c1\u5207\u5272\u673a.jpg","type":"image\/jpeg"}],"twitter_card":"summary_large_image","twitter_misc":{"Dur\u00e9e de lecture estim\u00e9e":"1 minute"},"schema":{"@context":"https:\/\/schema.org","@graph":[{"@type":"WebPage","@id":"https:\/\/hardnesstests.com\/product\/hqg-80-metallographic-sample-cutting-machine\/","url":"https:\/\/hardnesstests.com\/product\/hqg-80-metallographic-sample-cutting-machine\/","name":"(HQG-80) Metallographic sample cutting machine - hardnesstests","isPartOf":{"@id":"https:\/\/hardnesstests.com\/tr\/#website"},"primaryImageOfPage":{"@id":"https:\/\/hardnesstests.com\/product\/hqg-80-metallographic-sample-cutting-machine\/#primaryimage"},"image":{"@id":"https:\/\/hardnesstests.com\/product\/hqg-80-metallographic-sample-cutting-machine\/#primaryimage"},"thumbnailUrl":"https:\/\/hardnesstests.com\/wp-content\/uploads\/2025\/10\/HQG-80\u91d1\u76f8\u6837\u54c1\u5207\u5272\u673a.jpg","datePublished":"2025-10-20T06:26:58+00:00","dateModified":"2025-11-27T07:16:29+00:00","breadcrumb":{"@id":"https:\/\/hardnesstests.com\/product\/hqg-80-metallographic-sample-cutting-machine\/#breadcrumb"},"inLanguage":"fr-FR","potentialAction":[{"@type":"ReadAction","target":["https:\/\/hardnesstests.com\/product\/hqg-80-metallographic-sample-cutting-machine\/"]}]},{"@type":"ImageObject","inLanguage":"fr-FR","@id":"https:\/\/hardnesstests.com\/product\/hqg-80-metallographic-sample-cutting-machine\/#primaryimage","url":"https:\/\/hardnesstests.com\/wp-content\/uploads\/2025\/10\/HQG-80\u91d1\u76f8\u6837\u54c1\u5207\u5272\u673a.jpg","contentUrl":"https:\/\/hardnesstests.com\/wp-content\/uploads\/2025\/10\/HQG-80\u91d1\u76f8\u6837\u54c1\u5207\u5272\u673a.jpg","width":550,"height":550,"caption":"(HQG-80) Metallographic sample cutting machine"},{"@type":"BreadcrumbList","@id":"https:\/\/hardnesstests.com\/product\/hqg-80-metallographic-sample-cutting-machine\/#breadcrumb","itemListElement":[{"@type":"ListItem","position":1,"name":"\u9996\u9875","item":"https:\/\/hardnesstests.com\/"},{"@type":"ListItem","position":2,"name":"products","item":"https:\/\/hardnesstests.com\/products\/"},{"@type":"ListItem","position":3,"name":"(HQG-80) Metallographic sample cutting machine"}]},{"@type":"WebSite","@id":"https:\/\/hardnesstests.com\/tr\/#website","url":"https:\/\/hardnesstests.com\/tr\/","name":"hardnesstests","description":"","publisher":{"@id":"https:\/\/hardnesstests.com\/tr\/#organization"},"potentialAction":[{"@type":"SearchAction","target":{"@type":"EntryPoint","urlTemplate":"https:\/\/hardnesstests.com\/tr\/?s={search_term_string}"},"query-input":{"@type":"PropertyValueSpecification","valueRequired":true,"valueName":"search_term_string"}}],"inLanguage":"fr-FR"},{"@type":"Organization","@id":"https:\/\/hardnesstests.com\/tr\/#organization","name":"hardnesstests","url":"https:\/\/hardnesstests.com\/tr\/","logo":{"@type":"ImageObject","inLanguage":"fr-FR","@id":"https:\/\/hardnesstests.com\/tr\/#\/schema\/logo\/image\/","url":"https:\/\/hardnesstests.com\/wp-content\/uploads\/2021\/08\/\u5fae\u4fe1\u56fe\u7247_20251029102004_335_1287.png","contentUrl":"https:\/\/hardnesstests.com\/wp-content\/uploads\/2021\/08\/\u5fae\u4fe1\u56fe\u7247_20251029102004_335_1287.png","width":1308,"height":467,"caption":"hardnesstests"},"image":{"@id":"https:\/\/hardnesstests.com\/tr\/#\/schema\/logo\/image\/"}}]}},"_links":{"self":[{"href":"https:\/\/hardnesstests.com\/fr\/wp-json\/wp\/v2\/product\/29060","targetHints":{"allow":["GET"]}}],"collection":[{"href":"https:\/\/hardnesstests.com\/fr\/wp-json\/wp\/v2\/product"}],"about":[{"href":"https:\/\/hardnesstests.com\/fr\/wp-json\/wp\/v2\/types\/product"}],"replies":[{"embeddable":true,"href":"https:\/\/hardnesstests.com\/fr\/wp-json\/wp\/v2\/comments?post=29060"}],"version-history":[{"count":3,"href":"https:\/\/hardnesstests.com\/fr\/wp-json\/wp\/v2\/product\/29060\/revisions"}],"predecessor-version":[{"id":29747,"href":"https:\/\/hardnesstests.com\/fr\/wp-json\/wp\/v2\/product\/29060\/revisions\/29747"}],"wp:featuredmedia":[{"embeddable":true,"href":"https:\/\/hardnesstests.com\/fr\/wp-json\/wp\/v2\/media\/29061"}],"wp:attachment":[{"href":"https:\/\/hardnesstests.com\/fr\/wp-json\/wp\/v2\/media?parent=29060"}],"wp:term":[{"taxonomy":"product_brand","embeddable":true,"href":"https:\/\/hardnesstests.com\/fr\/wp-json\/wp\/v2\/product_brand?post=29060"},{"taxonomy":"product_cat","embeddable":true,"href":"https:\/\/hardnesstests.com\/fr\/wp-json\/wp\/v2\/product_cat?post=29060"},{"taxonomy":"product_tag","embeddable":true,"href":"https:\/\/hardnesstests.com\/fr\/wp-json\/wp\/v2\/product_tag?post=29060"}],"curies":[{"name":"wp","href":"https:\/\/api.w.org\/{rel}","templated":true}]}}