{"id":4400,"date":"2021-10-12T15:51:09","date_gmt":"2021-10-12T15:51:09","guid":{"rendered":"http:\/\/dummy.xtemos.com\/woodmart2\/elementor\/?page_id=4400"},"modified":"2026-03-04T02:27:39","modified_gmt":"2026-03-04T02:27:39","slug":"about-us","status":"publish","type":"page","link":"https:\/\/hardnesstests.com\/fr\/about-us\/","title":{"rendered":"A propos de nous"},"content":{"rendered":"<p><img loading=\"lazy\" decoding=\"async\" src=\"https:\/\/hardnesstests.com\/wp-content\/uploads\/2025\/10\/f1503619f3cf0c5d529614ea81691c3f.jpg\" sizes=\"auto, (max-width: 453px) 100vw, 453px\" srcset=\"https:\/\/hardnesstests.com\/wp-content\/uploads\/2025\/10\/f1503619f3cf0c5d529614ea81691c3f.jpg 453w, https:\/\/hardnesstests.com\/wp-content\/uploads\/2025\/10\/f1503619f3cf0c5d529614ea81691c3f-430x361.jpg 430w, https:\/\/hardnesstests.com\/wp-content\/uploads\/2025\/10\/f1503619f3cf0c5d529614ea81691c3f-150x126.jpg 150w, https:\/\/hardnesstests.com\/wp-content\/uploads\/2025\/10\/f1503619f3cf0c5d529614ea81691c3f-358x300.jpg 358w\" alt=\"\" width=\"453\" height=\"380\" \/><br \/><img loading=\"lazy\" decoding=\"async\" src=\"https:\/\/hardnesstests.com\/wp-content\/uploads\/2025\/10\/f7efa8c3fc0982c76f99894b5fdd0675.jpg\" sizes=\"auto, (max-width: 453px) 100vw, 453px\" srcset=\"https:\/\/hardnesstests.com\/wp-content\/uploads\/2025\/10\/f7efa8c3fc0982c76f99894b5fdd0675.jpg 453w, https:\/\/hardnesstests.com\/wp-content\/uploads\/2025\/10\/f7efa8c3fc0982c76f99894b5fdd0675-430x361.jpg 430w, https:\/\/hardnesstests.com\/wp-content\/uploads\/2025\/10\/f7efa8c3fc0982c76f99894b5fdd0675-150x126.jpg 150w, https:\/\/hardnesstests.com\/wp-content\/uploads\/2025\/10\/f7efa8c3fc0982c76f99894b5fdd0675-358x300.jpg 358w\" alt=\"\" width=\"453\" height=\"380\" \/><\/p>\n<h4>About Us<\/h4>\n<p>More than 14 years ago, the founder of Juhui Instrument began exploring the field of hardness testing equipment with the dream of &#8220;making the world recognize Chinese manufacturing&#8221;. At that time, most high-end hardness testers in China relied on imports, with high prices and numerous technical barriers. The founding team deeply understands that only by adhering to independent research and continuous innovation can we break through limitations. So, a group of engineers worked day and night to study, building experimental platforms from scratch, repeatedly overturning plans and improving processes, and finally developed a hardness tester with international competitiveness.<\/p>\n<p>Depuis de nombreuses ann\u00e9es, Juhui Instrument a toujours adh\u00e9r\u00e9 au principe de la \u201cqualit\u00e9 d'abord\u201d, non seulement en recherchant l'excellence dans la performance des produits, mais aussi en se concentrant sur l'exp\u00e9rience du client et la garantie du service. Notre croissance est indissociable de la confiance et de la coop\u00e9ration d'innombrables clients, ainsi que de la poursuite constante du progr\u00e8s technologique et de la modernisation industrielle.<\/p>\n<p>Aujourd'hui, Juhui Instrument est pass\u00e9 d'une petite \u00e9quipe de R&amp;D \u00e0 un fournisseur r\u00e9put\u00e9 d'\u00e9quipements d'essai de duret\u00e9, tant au niveau national qu'international. En nous tournant vers l'avenir, nous continuerons \u00e0 stimuler le d\u00e9veloppement par l'innovation, en apportant des solutions d'essai plus intelligentes et automatis\u00e9es aux clients du monde entier, et nous nous engageons \u00e0 devenir un partenaire de confiance \u00e0 long terme dans le domaine des essais de mat\u00e9riaux.<\/p>\n<p><img loading=\"lazy\" decoding=\"async\" src=\"https:\/\/hardnesstests.com\/wp-content\/uploads\/2025\/10\/f1503619f3cf0c5d529614ea81691c3f-150x150.jpg\" alt=\"\" width=\"150\" height=\"150\" \/><\/p>\n<h4>2012-2014<\/h4>\n<p class=\"ds-markdown-paragraph\">2012: Began independent research, development, and production of the full series of human resource plans.<\/p>\n<p class=\"ds-markdown-paragraph\">2013: Officially entered the market under the &#8220;Juhui&#8221; brand, marking the beginning of brand development.<\/p>\n<p class=\"ds-markdown-paragraph\">2014: Shanghai Juhui Instrument Manufacturing Co., Ltd. was formally established, entering a phase of standardized operations.<\/p>\n<h4>Phase de fondation<\/h4>\n<p><img loading=\"lazy\" decoding=\"async\" src=\"https:\/\/hardnesstests.com\/wp-content\/uploads\/2025\/10\/f7efa8c3fc0982c76f99894b5fdd0675-150x150.jpg\" alt=\"\" width=\"150\" height=\"150\" \/><\/p>\n<h4>2015-2017<\/h4>\n<p data-start=\"628\" data-end=\"777\"><strong data-start=\"628\" data-end=\"637\">2015:<\/strong> Obtenu <strong data-start=\"647\" data-end=\"687\">droits d'importation et d'exportation ind\u00e9pendants<\/strong>, Elle s'est d\u00e9velopp\u00e9e sur les march\u00e9s mondiaux et a lanc\u00e9 une gamme compl\u00e8te de produits m\u00e9tallographiques.<\/p>\n<p data-start=\"780\" data-end=\"900\"><strong data-start=\"780\" data-end=\"789\">2016:<\/strong> Construction et mise en service d'un <strong data-start=\"815\" data-end=\"857\">Nouvelle usine de fabrication \u00e0 Hangzhou<\/strong>, Ce qui permet d'augmenter consid\u00e9rablement la capacit\u00e9 de production.<\/p>\n<p data-start=\"903\" data-end=\"1023\"><strong data-start=\"903\" data-end=\"912\">2017:<\/strong> Atteint <strong data-start=\"922\" data-end=\"979\">Certification du syst\u00e8me de gestion de la qualit\u00e9 ISO 9001:2015<\/strong> et a mis en place le <strong data-start=\"1000\" data-end=\"1020\">Bureau de Chongqing<\/strong>.<\/p>\n<h4>Expansion et croissance<\/h4>\n<p><img loading=\"lazy\" decoding=\"async\" src=\"https:\/\/hardnesstests.com\/wp-content\/uploads\/2025\/10\/b25eb1665e05c3c224dab99e4e1253e1-150x150.jpg\" alt=\"\" width=\"150\" height=\"150\" \/><\/p>\n<h4>2018-2020<\/h4>\n<p data-start=\"1096\" data-end=\"1224\"><strong data-start=\"1096\" data-end=\"1105\">2018:<\/strong> Apr\u00e8s de multiples mises \u00e0 jour du produit et des tests rigoureux, la performance de l'\u00e9quipement a atteint les niveaux suivants <strong data-start=\"1194\" data-end=\"1221\">des niveaux \u00e0 la pointe de l'industrie<\/strong>.<\/p>\n<p data-start=\"1227\" data-end=\"1373\"><strong data-start=\"1227\" data-end=\"1236\">2019:<\/strong> Cr\u00e9ation de la filiale <strong data-start=\"1264\" data-end=\"1286\">\u201cInstruments du site\u201d<\/strong> et a obtenu <strong data-start=\"1300\" data-end=\"1320\">Certification CE<\/strong>, La Commission europ\u00e9enne a mis en place un syst\u00e8me de gestion de l'information qui garantit la conformit\u00e9 avec les normes internationales.<\/p>\n<p data-start=\"1376\" data-end=\"1512\"><strong data-start=\"1376\" data-end=\"1385\">2020:<\/strong> Mettre en place le <strong data-start=\"1397\" data-end=\"1414\">Bureau de Suzhou<\/strong>, et a obtenu plus de dix <strong data-start=\"1443\" data-end=\"1509\">les brevets de mod\u00e8les d'utilit\u00e9, les brevets de dessins et les droits d'auteur sur les logiciels<\/strong>.<\/p>\n<h4>Modernisation des technologies et am\u00e9lioration de l'image de marque<\/h4>\n<p><img loading=\"lazy\" decoding=\"async\" src=\"https:\/\/hardnesstests.com\/wp-content\/uploads\/2025\/10\/f7efa8c3fc0982c76f99894b5fdd0675-150x150.jpg\" alt=\"\" width=\"150\" height=\"150\" \/><\/p>\n<h4>2021-2023<\/h4>\n<p data-start=\"1580\" data-end=\"1736\"><strong data-start=\"1580\" data-end=\"1589\">2021:<\/strong> Devenu un <strong data-start=\"1600\" data-end=\"1639\">Pratiques de l'industrie et base de formation<\/strong> pour les <strong data-start=\"1648\" data-end=\"1733\">D\u00e9partement des sciences et de l'ing\u00e9nierie des instruments de l'Universit\u00e9 Jiao Tong de Shanghai<\/strong>.<\/p>\n<p data-start=\"1739\" data-end=\"1933\"><strong data-start=\"1739\" data-end=\"1748\">2022:<\/strong> Certifi\u00e9 en tant que <strong data-start=\"1764\" data-end=\"1818\">Petites et moyennes entreprises \u00e0 base technologique<\/strong>, et a inscrit un <strong data-start=\"1834\" data-end=\"1930\">partenariat strat\u00e9gique avec l'Institut de recherche sur les technologies d'essai de l'a\u00e9rospatiale de Leishan (P\u00e9kin)<\/strong>.<\/p>\n<p data-start=\"1936\" data-end=\"2046\"><strong data-start=\"1936\" data-end=\"1945\">2023:<\/strong> Honor\u00e9 en tant que <strong data-start=\"1959\" data-end=\"1992\">Entreprise nationale de haute technologie<\/strong> et s'est vu d\u00e9cerner le titre de <strong data-start=\"2018\" data-end=\"2043\">Entreprise de cr\u00e9dit AAA<\/strong>.<\/p>\n<h4>Innovation et coop\u00e9ration strat\u00e9gique<\/h4>\n<p><img loading=\"lazy\" decoding=\"async\" src=\"https:\/\/hardnesstests.com\/wp-content\/uploads\/2025\/10\/b25eb1665e05c3c224dab99e4e1253e1-150x150.jpg\" alt=\"\" width=\"150\" height=\"150\" \/><\/p>\n<h4>2024\u20132026<\/h4>\n<p><strong data-start=\"2091\" data-end=\"2100\">2024:<\/strong> Le <strong data-start=\"2105\" data-end=\"2139\">nouvelle base de production \u00e0 Wenzhou<\/strong> a \u00e9t\u00e9 achev\u00e9e et mise en service, ce qui a permis d'augmenter encore la capacit\u00e9 de production pour r\u00e9pondre \u00e0 la demande croissante du march\u00e9.<\/p>\n<p class=\"ds-markdown-paragraph\"><strong>2025<\/strong>: Deepened the &#8220;Quality First&#8221; strategy, leveraging the advanced manufacturing capabilities of the new Wenzhou base to comprehensively optimize the supply chain management system, achieving a dual leap in production efficiency and product quality.<\/p>\n<p class=\"ds-markdown-paragraph\"><strong>2026<\/strong>: While consolidating the domestic market, accelerating the expansion of overseas service networks, committed to promoting reliable &#8220;Made in China&#8221; testing solutions to a broader international stage and co-creating value with global users.<\/p>\n<p class=\"ds-markdown-paragraph\">With technical strength as our foundation and customer needs as our guide, we are dedicated to providing global users with reliable and innovative testing instrument solutions. Reflecting on our growth journey, we have consistently adhered to the development philosophy of &#8220;Quality First, Innovation and Collaboration, Global Presence.&#8221; Through continuous technological innovation and capacity upgrades, we persistently create value for the industry and our customers.<\/p>\n\n\n<p><\/p>","protected":false},"excerpt":{"rendered":"<p>About Us More than 14 years ago, the founder of Juhui Instrument began exploring the field of hardness testing equipment<\/p>","protected":false},"author":1,"featured_media":0,"parent":0,"menu_order":0,"comment_status":"closed","ping_status":"closed","template":"","meta":{"footnotes":""},"class_list":["post-4400","page","type-page","status-publish","hentry"],"yoast_head":"<!-- This site is optimized with the Yoast SEO Premium plugin v25.4 (Yoast SEO v27.4) - https:\/\/yoast.com\/product\/yoast-seo-premium-wordpress\/ -->\n<title>About us - hardnesstests<\/title>\n<meta name=\"description\" content=\"Learn about HardnessTests.com, a trusted provider of hardness testing equipment and metallography instruments. Expertise, quality, and reliable solutions.\" \/>\n<meta name=\"robots\" content=\"index, follow, max-snippet:-1, max-image-preview:large, max-video-preview:-1\" \/>\n<link rel=\"canonical\" href=\"https:\/\/hardnesstests.com\/fr\/about-us\/\" \/>\n<meta property=\"og:locale\" content=\"fr_FR\" \/>\n<meta property=\"og:type\" content=\"article\" \/>\n<meta property=\"og:title\" content=\"About us\" \/>\n<meta property=\"og:description\" content=\"Learn about HardnessTests.com, a trusted provider of hardness testing equipment and metallography instruments. Expertise, quality, and reliable solutions.\" \/>\n<meta property=\"og:url\" content=\"https:\/\/hardnesstests.com\/fr\/about-us\/\" \/>\n<meta property=\"og:site_name\" content=\"hardnesstests\" \/>\n<meta property=\"article:modified_time\" content=\"2026-03-04T02:27:39+00:00\" \/>\n<meta property=\"og:image\" content=\"https:\/\/hardnesstests.com\/wp-content\/uploads\/2025\/10\/f1503619f3cf0c5d529614ea81691c3f.jpg\" \/>\n<meta name=\"twitter:card\" content=\"summary_large_image\" \/>\n<meta name=\"twitter:label1\" content=\"Dur\u00e9e de lecture estim\u00e9e\" \/>\n\t<meta name=\"twitter:data1\" content=\"5 minutes\" \/>\n<script type=\"application\/ld+json\" class=\"yoast-schema-graph\">{\"@context\":\"https:\\\/\\\/schema.org\",\"@graph\":[{\"@type\":\"WebPage\",\"@id\":\"https:\\\/\\\/hardnesstests.com\\\/about-us\\\/\",\"url\":\"https:\\\/\\\/hardnesstests.com\\\/about-us\\\/\",\"name\":\"About us - hardnesstests\",\"isPartOf\":{\"@id\":\"https:\\\/\\\/hardnesstests.com\\\/tr\\\/#website\"},\"primaryImageOfPage\":{\"@id\":\"https:\\\/\\\/hardnesstests.com\\\/about-us\\\/#primaryimage\"},\"image\":{\"@id\":\"https:\\\/\\\/hardnesstests.com\\\/about-us\\\/#primaryimage\"},\"thumbnailUrl\":\"https:\\\/\\\/hardnesstests.com\\\/wp-content\\\/uploads\\\/2025\\\/10\\\/f1503619f3cf0c5d529614ea81691c3f.jpg\",\"datePublished\":\"2021-10-12T15:51:09+00:00\",\"dateModified\":\"2026-03-04T02:27:39+00:00\",\"description\":\"Learn about HardnessTests.com, a trusted provider of hardness testing equipment and metallography instruments. Expertise, quality, and reliable solutions.\",\"breadcrumb\":{\"@id\":\"https:\\\/\\\/hardnesstests.com\\\/about-us\\\/#breadcrumb\"},\"inLanguage\":\"fr-FR\",\"potentialAction\":[{\"@type\":\"ReadAction\",\"target\":[\"https:\\\/\\\/hardnesstests.com\\\/about-us\\\/\"]}]},{\"@type\":\"ImageObject\",\"inLanguage\":\"fr-FR\",\"@id\":\"https:\\\/\\\/hardnesstests.com\\\/about-us\\\/#primaryimage\",\"url\":\"https:\\\/\\\/hardnesstests.com\\\/wp-content\\\/uploads\\\/2025\\\/10\\\/f1503619f3cf0c5d529614ea81691c3f.jpg\",\"contentUrl\":\"https:\\\/\\\/hardnesstests.com\\\/wp-content\\\/uploads\\\/2025\\\/10\\\/f1503619f3cf0c5d529614ea81691c3f.jpg\"},{\"@type\":\"BreadcrumbList\",\"@id\":\"https:\\\/\\\/hardnesstests.com\\\/about-us\\\/#breadcrumb\",\"itemListElement\":[{\"@type\":\"ListItem\",\"position\":1,\"name\":\"\u9996\u9875\",\"item\":\"https:\\\/\\\/hardnesstests.com\\\/\"},{\"@type\":\"ListItem\",\"position\":2,\"name\":\"About us\"}]},{\"@type\":\"WebSite\",\"@id\":\"https:\\\/\\\/hardnesstests.com\\\/tr\\\/#website\",\"url\":\"https:\\\/\\\/hardnesstests.com\\\/tr\\\/\",\"name\":\"hardnesstests\",\"description\":\"\",\"publisher\":{\"@id\":\"https:\\\/\\\/hardnesstests.com\\\/tr\\\/#organization\"},\"potentialAction\":[{\"@type\":\"SearchAction\",\"target\":{\"@type\":\"EntryPoint\",\"urlTemplate\":\"https:\\\/\\\/hardnesstests.com\\\/tr\\\/?s={search_term_string}\"},\"query-input\":{\"@type\":\"PropertyValueSpecification\",\"valueRequired\":true,\"valueName\":\"search_term_string\"}}],\"inLanguage\":\"fr-FR\"},{\"@type\":\"Organization\",\"@id\":\"https:\\\/\\\/hardnesstests.com\\\/tr\\\/#organization\",\"name\":\"hardnesstests\",\"url\":\"https:\\\/\\\/hardnesstests.com\\\/tr\\\/\",\"logo\":{\"@type\":\"ImageObject\",\"inLanguage\":\"fr-FR\",\"@id\":\"https:\\\/\\\/hardnesstests.com\\\/tr\\\/#\\\/schema\\\/logo\\\/image\\\/\",\"url\":\"https:\\\/\\\/hardnesstests.com\\\/wp-content\\\/uploads\\\/2021\\\/08\\\/\u5fae\u4fe1\u56fe\u7247_20251029102004_335_1287.png\",\"contentUrl\":\"https:\\\/\\\/hardnesstests.com\\\/wp-content\\\/uploads\\\/2021\\\/08\\\/\u5fae\u4fe1\u56fe\u7247_20251029102004_335_1287.png\",\"width\":1308,\"height\":467,\"caption\":\"hardnesstests\"},\"image\":{\"@id\":\"https:\\\/\\\/hardnesstests.com\\\/tr\\\/#\\\/schema\\\/logo\\\/image\\\/\"}}]}<\/script>\n<!-- \/ Yoast SEO Premium plugin. -->","yoast_head_json":{"title":"About us - hardnesstests","description":"Learn about HardnessTests.com, a trusted provider of hardness testing equipment and metallography instruments. Expertise, quality, and reliable solutions.","robots":{"index":"index","follow":"follow","max-snippet":"max-snippet:-1","max-image-preview":"max-image-preview:large","max-video-preview":"max-video-preview:-1"},"canonical":"https:\/\/hardnesstests.com\/fr\/about-us\/","og_locale":"fr_FR","og_type":"article","og_title":"About us","og_description":"Learn about HardnessTests.com, a trusted provider of hardness testing equipment and metallography instruments. Expertise, quality, and reliable solutions.","og_url":"https:\/\/hardnesstests.com\/fr\/about-us\/","og_site_name":"hardnesstests","article_modified_time":"2026-03-04T02:27:39+00:00","og_image":[{"url":"https:\/\/hardnesstests.com\/wp-content\/uploads\/2025\/10\/f1503619f3cf0c5d529614ea81691c3f.jpg","type":"","width":"","height":""}],"twitter_card":"summary_large_image","twitter_misc":{"Dur\u00e9e de lecture estim\u00e9e":"5 minutes"},"schema":{"@context":"https:\/\/schema.org","@graph":[{"@type":"WebPage","@id":"https:\/\/hardnesstests.com\/about-us\/","url":"https:\/\/hardnesstests.com\/about-us\/","name":"About us - hardnesstests","isPartOf":{"@id":"https:\/\/hardnesstests.com\/tr\/#website"},"primaryImageOfPage":{"@id":"https:\/\/hardnesstests.com\/about-us\/#primaryimage"},"image":{"@id":"https:\/\/hardnesstests.com\/about-us\/#primaryimage"},"thumbnailUrl":"https:\/\/hardnesstests.com\/wp-content\/uploads\/2025\/10\/f1503619f3cf0c5d529614ea81691c3f.jpg","datePublished":"2021-10-12T15:51:09+00:00","dateModified":"2026-03-04T02:27:39+00:00","description":"Learn about HardnessTests.com, a trusted provider of hardness testing equipment and metallography instruments. Expertise, quality, and reliable solutions.","breadcrumb":{"@id":"https:\/\/hardnesstests.com\/about-us\/#breadcrumb"},"inLanguage":"fr-FR","potentialAction":[{"@type":"ReadAction","target":["https:\/\/hardnesstests.com\/about-us\/"]}]},{"@type":"ImageObject","inLanguage":"fr-FR","@id":"https:\/\/hardnesstests.com\/about-us\/#primaryimage","url":"https:\/\/hardnesstests.com\/wp-content\/uploads\/2025\/10\/f1503619f3cf0c5d529614ea81691c3f.jpg","contentUrl":"https:\/\/hardnesstests.com\/wp-content\/uploads\/2025\/10\/f1503619f3cf0c5d529614ea81691c3f.jpg"},{"@type":"BreadcrumbList","@id":"https:\/\/hardnesstests.com\/about-us\/#breadcrumb","itemListElement":[{"@type":"ListItem","position":1,"name":"\u9996\u9875","item":"https:\/\/hardnesstests.com\/"},{"@type":"ListItem","position":2,"name":"About us"}]},{"@type":"WebSite","@id":"https:\/\/hardnesstests.com\/tr\/#website","url":"https:\/\/hardnesstests.com\/tr\/","name":"hardnesstests","description":"","publisher":{"@id":"https:\/\/hardnesstests.com\/tr\/#organization"},"potentialAction":[{"@type":"SearchAction","target":{"@type":"EntryPoint","urlTemplate":"https:\/\/hardnesstests.com\/tr\/?s={search_term_string}"},"query-input":{"@type":"PropertyValueSpecification","valueRequired":true,"valueName":"search_term_string"}}],"inLanguage":"fr-FR"},{"@type":"Organization","@id":"https:\/\/hardnesstests.com\/tr\/#organization","name":"hardnesstests","url":"https:\/\/hardnesstests.com\/tr\/","logo":{"@type":"ImageObject","inLanguage":"fr-FR","@id":"https:\/\/hardnesstests.com\/tr\/#\/schema\/logo\/image\/","url":"https:\/\/hardnesstests.com\/wp-content\/uploads\/2021\/08\/\u5fae\u4fe1\u56fe\u7247_20251029102004_335_1287.png","contentUrl":"https:\/\/hardnesstests.com\/wp-content\/uploads\/2021\/08\/\u5fae\u4fe1\u56fe\u7247_20251029102004_335_1287.png","width":1308,"height":467,"caption":"hardnesstests"},"image":{"@id":"https:\/\/hardnesstests.com\/tr\/#\/schema\/logo\/image\/"}}]}},"_hostinger_reach_plugin_has_subscription_block":false,"_hostinger_reach_plugin_is_elementor":false,"_links":{"self":[{"href":"https:\/\/hardnesstests.com\/fr\/wp-json\/wp\/v2\/pages\/4400","targetHints":{"allow":["GET"]}}],"collection":[{"href":"https:\/\/hardnesstests.com\/fr\/wp-json\/wp\/v2\/pages"}],"about":[{"href":"https:\/\/hardnesstests.com\/fr\/wp-json\/wp\/v2\/types\/page"}],"author":[{"embeddable":true,"href":"https:\/\/hardnesstests.com\/fr\/wp-json\/wp\/v2\/users\/1"}],"replies":[{"embeddable":true,"href":"https:\/\/hardnesstests.com\/fr\/wp-json\/wp\/v2\/comments?post=4400"}],"version-history":[{"count":16,"href":"https:\/\/hardnesstests.com\/fr\/wp-json\/wp\/v2\/pages\/4400\/revisions"}],"predecessor-version":[{"id":30516,"href":"https:\/\/hardnesstests.com\/fr\/wp-json\/wp\/v2\/pages\/4400\/revisions\/30516"}],"wp:attachment":[{"href":"https:\/\/hardnesstests.com\/fr\/wp-json\/wp\/v2\/media?parent=4400"}],"curies":[{"name":"wp","href":"https:\/\/api.w.org\/{rel}","templated":true}]}}