{"id":30089,"date":"2025-11-28T06:23:29","date_gmt":"2025-11-28T06:23:29","guid":{"rendered":"https:\/\/hardnesstests.com\/?post_type=product&#038;p=30089"},"modified":"2025-11-28T06:23:29","modified_gmt":"2025-11-28T06:23:29","slug":"mp-1t-touch-screen-metallographic-sample-grinding-and-polishing-machine","status":"publish","type":"product","link":"https:\/\/hardnesstests.com\/es\/producto\/mp-1t-touch-screen-metallographic-sample-grinding-and-polishing-machine\/","title":{"rendered":"MP-1T (pantalla t\u00e1ctil) M\u00e1quina de esmerilado y pulido de muestras metalogr\u00e1ficas"},"content":{"rendered":"<h1 style=\"font-weight: 400;\"><strong>Ventajas del producto:<\/strong><\/h1>\n<ol>\n<li style=\"font-weight: 400;\">La carcasa est\u00e1 fabricada en ABS de alta gama moldeado en una sola pieza, con un aspecto novedoso, ambiente de alta gama y clase.<\/li>\n<li style=\"font-weight: 400;\">The faucet adopts full copper chrome plating technology, which has good corrosion resistance<\/li>\n<li style=\"font-weight: 400;\">High-end touch screen, simple operation and easy to use<\/li>\n<li style=\"font-weight: 400;\">Three-phase silent motor, large torque output<\/li>\n<li style=\"font-weight: 400;\">Stepless speed regulation plus eight-speed fixed speed, convenient and fast to meet various needs<\/li>\n<li style=\"font-weight: 400;\">Countdown function, the time can be set arbitrarily, and the machine will stop when the time comes. (Optional)<\/li>\n<li style=\"font-weight: 400;\">The grinding and polishing disc can rotate clockwise or counterclockwise to meet different needs<\/li>\n<\/ol>\n<h1 style=\"font-weight: 400;\"><strong>Par\u00e1metros t\u00e9cnicos:<\/strong><\/h1>\n<table width=\"555\">\n<tbody>\n<tr>\n<td width=\"145\">Name:<\/td>\n<td width=\"410\">Specifications:<\/td>\n<\/tr>\n<tr>\n<td>Di\u00e1metro del disco de amolar<\/td>\n<td width=\"410\">Standard\u00a0\u03c6203mm (other specifications can be customized)<\/td>\n<\/tr>\n<tr>\n<td>Velocidad del disco abrasivo<\/td>\n<td width=\"410\">50-1000r\/min (regulaci\u00f3n continua de la velocidad)<\/td>\n<\/tr>\n<tr>\n<td>Alimentaci\u00f3n<\/td>\n<td width=\"410\">Voltaje: 220V Frecuencia: 50HZ<\/td>\n<\/tr>\n<tr>\n<td>Motor<\/td>\n<td width=\"410\">0.25KW<\/td>\n<\/tr>\n<tr>\n<td>Dimensiones generales<\/td>\n<td width=\"410\">430X730X320mm<\/td>\n<\/tr>\n<tr>\n<td>Dimensiones de la caja de madera<\/td>\n<td width=\"410\">500X810X470<\/td>\n<\/tr>\n<tr>\n<td>Peso<\/td>\n<td width=\"410\">35Kg<\/td>\n<\/tr>\n<\/tbody>\n<\/table>\n<h1 style=\"font-weight: 400;\"><strong>Accesorios de env\u00edo:<\/strong><\/h1>\n<table width=\"550\">\n<tbody>\n<tr>\n<td width=\"142\">Nombre<\/td>\n<td width=\"89\">Quantity<\/td>\n<td width=\"113\">Unidad<\/td>\n<td width=\"206\">Notas<\/td>\n<\/tr>\n<tr>\n<td width=\"142\">Grinding disc\u00a0\u03a6203<\/td>\n<td width=\"89\">1<\/td>\n<td width=\"113\">pieza<\/td>\n<td width=\"206\">Ya instalado en el dispositivo<\/td>\n<\/tr>\n<tr>\n<td width=\"142\">Water retaining ring<\/td>\n<td width=\"89\">1<\/td>\n<td width=\"113\">pieza<\/td>\n<td width=\"206\">Ya instalado en el dispositivo<\/td>\n<\/tr>\n<tr>\n<td width=\"142\">Pressure ring\u00a0\u03a6203<\/td>\n<td width=\"89\">1<\/td>\n<td width=\"113\">pieza<\/td>\n<td width=\"206\">Ya instalado en el dispositivo<\/td>\n<\/tr>\n<tr>\n<td width=\"142\">Sandpaper<\/td>\n<td width=\"89\">1<\/td>\n<td width=\"113\">pieza<\/td>\n<td width=\"206\">\u03a6203mm<\/td>\n<\/tr>\n<tr>\n<td width=\"142\">Polishing cloth<\/td>\n<td width=\"89\">1<\/td>\n<td width=\"113\">pieza<\/td>\n<td width=\"206\">\u03a6203mm<\/td>\n<\/tr>\n<tr>\n<td width=\"142\">Tubo de entrada de agua<\/td>\n<td width=\"89\">1<\/td>\n<td width=\"113\">ra\u00edz<\/td>\n<td width=\"206\">Interfaz de 6 puntos<\/td>\n<\/tr>\n<tr>\n<td width=\"142\">Tubo de salida de agua<\/td>\n<td width=\"89\">1<\/td>\n<td width=\"113\">ra\u00edz<\/td>\n<td width=\"206\">\u03a632<\/td>\n<\/tr>\n<tr>\n<td width=\"142\">Documentos t\u00e9cnicos<\/td>\n<td colspan=\"3\" width=\"408\">1 copia del manual del producto 1 copia del certificado del producto<\/td>\n<\/tr>\n<\/tbody>\n<\/table>","protected":false},"excerpt":{"rendered":"<p>In the process of metallographic specimen preparation, grinding and polishing of the specimen are essential procedures. After grinding and polishing, the specimen can obtain a mirror-like surface. The MP-1T metallographic specimen grinding and polishing machine adopts a high-end touch screen, which can make the speed of the grinding and polishing disc infinitely adjustable between 50-1000r\/min. By replacing the metallographic sandpaper and polishing fabric, the grinding and polishing process of the specimen can be completed, showing a wider range of applicability. The shell adopts integral blister, with a novel appearance, and has the characteristics of stable rotation, low noise, convenient operation, high work efficiency, etc. It also has a built-in cooling device, which can cool the specimen during grinding and polishing to prevent the metallographic structure from being destroyed due to overheating of the specimen. It is suitable for metallographic laboratories in factories, colleges and universities, and scientific research institutions, and is an excellent equipment for grinding and polishing metallographic specimens.<\/p>","protected":false},"featured_media":30090,"comment_status":"open","ping_status":"closed","template":"","meta":[],"product_brand":[],"product_cat":[94,81],"product_tag":[115],"class_list":{"0":"post-30089","1":"product","2":"type-product","3":"status-publish","4":"has-post-thumbnail","6":"product_cat-metallographic-grinding-and-polishing-machine","7":"product_cat-sample-preparation-and-analysis","8":"product_tag-metallographic-grinding-polishing-machine","10":"first","11":"instock","12":"shipping-taxable","13":"product-type-simple"},"yoast_head":"<!-- This site is optimized with the Yoast SEO Premium plugin v25.4 (Yoast SEO v27.4) - https:\/\/yoast.com\/product\/yoast-seo-premium-wordpress\/ -->\n<title>MP-1T (touch screen) Metallographic sample grinding and polishing machine - hardnesstests<\/title>\n<meta name=\"robots\" content=\"index, follow, max-snippet:-1, max-image-preview:large, max-video-preview:-1\" \/>\n<link rel=\"canonical\" href=\"https:\/\/hardnesstests.com\/es\/producto\/mp-1t-touch-screen-metallographic-sample-grinding-and-polishing-machine\/\" \/>\n<meta property=\"og:locale\" content=\"es_ES\" \/>\n<meta property=\"og:type\" content=\"article\" \/>\n<meta property=\"og:title\" content=\"MP-1T (touch screen) Metallographic sample grinding and polishing machine\" \/>\n<meta property=\"og:description\" content=\"In the process of metallographic specimen preparation, grinding and polishing of the specimen are essential procedures. After grinding and polishing, the specimen can obtain a mirror-like surface. The MP-1T metallographic specimen grinding and polishing machine adopts a high-end touch screen, which can make the speed of the grinding and polishing disc infinitely adjustable between 50-1000r\/min. By replacing the metallographic sandpaper and polishing fabric, the grinding and polishing process of the specimen can be completed, showing a wider range of applicability. The shell adopts integral blister, with a novel appearance, and has the characteristics of stable rotation, low noise, convenient operation, high work efficiency, etc. It also has a built-in cooling device, which can cool the specimen during grinding and polishing to prevent the metallographic structure from being destroyed due to overheating of the specimen. It is suitable for metallographic laboratories in factories, colleges and universities, and scientific research institutions, and is an excellent equipment for grinding and polishing metallographic specimens.\" \/>\n<meta property=\"og:url\" content=\"https:\/\/hardnesstests.com\/es\/producto\/mp-1t-touch-screen-metallographic-sample-grinding-and-polishing-machine\/\" \/>\n<meta property=\"og:site_name\" content=\"hardnesstests\" \/>\n<meta property=\"og:image\" content=\"https:\/\/hardnesstests.com\/wp-content\/uploads\/2025\/11\/MP-1T.jpg\" \/>\n\t<meta property=\"og:image:width\" content=\"800\" \/>\n\t<meta property=\"og:image:height\" content=\"800\" \/>\n\t<meta property=\"og:image:type\" content=\"image\/jpeg\" \/>\n<meta name=\"twitter:card\" content=\"summary_large_image\" \/>\n<meta name=\"twitter:label1\" content=\"Tiempo de lectura\" \/>\n\t<meta name=\"twitter:data1\" content=\"1 minuto\" \/>\n<script type=\"application\/ld+json\" class=\"yoast-schema-graph\">{\"@context\":\"https:\\\/\\\/schema.org\",\"@graph\":[{\"@type\":\"WebPage\",\"@id\":\"https:\\\/\\\/hardnesstests.com\\\/product\\\/mp-1t-touch-screen-metallographic-sample-grinding-and-polishing-machine\\\/\",\"url\":\"https:\\\/\\\/hardnesstests.com\\\/product\\\/mp-1t-touch-screen-metallographic-sample-grinding-and-polishing-machine\\\/\",\"name\":\"MP-1T (touch screen) Metallographic sample grinding and polishing machine - hardnesstests\",\"isPartOf\":{\"@id\":\"https:\\\/\\\/hardnesstests.com\\\/tr\\\/#website\"},\"primaryImageOfPage\":{\"@id\":\"https:\\\/\\\/hardnesstests.com\\\/product\\\/mp-1t-touch-screen-metallographic-sample-grinding-and-polishing-machine\\\/#primaryimage\"},\"image\":{\"@id\":\"https:\\\/\\\/hardnesstests.com\\\/product\\\/mp-1t-touch-screen-metallographic-sample-grinding-and-polishing-machine\\\/#primaryimage\"},\"thumbnailUrl\":\"https:\\\/\\\/hardnesstests.com\\\/wp-content\\\/uploads\\\/2025\\\/11\\\/MP-1T.jpg\",\"datePublished\":\"2025-11-28T06:23:29+00:00\",\"breadcrumb\":{\"@id\":\"https:\\\/\\\/hardnesstests.com\\\/product\\\/mp-1t-touch-screen-metallographic-sample-grinding-and-polishing-machine\\\/#breadcrumb\"},\"inLanguage\":\"es\",\"potentialAction\":[{\"@type\":\"ReadAction\",\"target\":[\"https:\\\/\\\/hardnesstests.com\\\/product\\\/mp-1t-touch-screen-metallographic-sample-grinding-and-polishing-machine\\\/\"]}]},{\"@type\":\"ImageObject\",\"inLanguage\":\"es\",\"@id\":\"https:\\\/\\\/hardnesstests.com\\\/product\\\/mp-1t-touch-screen-metallographic-sample-grinding-and-polishing-machine\\\/#primaryimage\",\"url\":\"https:\\\/\\\/hardnesstests.com\\\/wp-content\\\/uploads\\\/2025\\\/11\\\/MP-1T.jpg\",\"contentUrl\":\"https:\\\/\\\/hardnesstests.com\\\/wp-content\\\/uploads\\\/2025\\\/11\\\/MP-1T.jpg\",\"width\":800,\"height\":800,\"caption\":\"MP-1T (touch screen) Metallographic sample grinding and polishing machine\"},{\"@type\":\"BreadcrumbList\",\"@id\":\"https:\\\/\\\/hardnesstests.com\\\/product\\\/mp-1t-touch-screen-metallographic-sample-grinding-and-polishing-machine\\\/#breadcrumb\",\"itemListElement\":[{\"@type\":\"ListItem\",\"position\":1,\"name\":\"\u9996\u9875\",\"item\":\"https:\\\/\\\/hardnesstests.com\\\/\"},{\"@type\":\"ListItem\",\"position\":2,\"name\":\"products\",\"item\":\"https:\\\/\\\/hardnesstests.com\\\/products\\\/\"},{\"@type\":\"ListItem\",\"position\":3,\"name\":\"MP-1T (touch screen) Metallographic sample grinding and polishing machine\"}]},{\"@type\":\"WebSite\",\"@id\":\"https:\\\/\\\/hardnesstests.com\\\/tr\\\/#website\",\"url\":\"https:\\\/\\\/hardnesstests.com\\\/tr\\\/\",\"name\":\"hardnesstests\",\"description\":\"\",\"publisher\":{\"@id\":\"https:\\\/\\\/hardnesstests.com\\\/tr\\\/#organization\"},\"potentialAction\":[{\"@type\":\"SearchAction\",\"target\":{\"@type\":\"EntryPoint\",\"urlTemplate\":\"https:\\\/\\\/hardnesstests.com\\\/tr\\\/?s={search_term_string}\"},\"query-input\":{\"@type\":\"PropertyValueSpecification\",\"valueRequired\":true,\"valueName\":\"search_term_string\"}}],\"inLanguage\":\"es\"},{\"@type\":\"Organization\",\"@id\":\"https:\\\/\\\/hardnesstests.com\\\/tr\\\/#organization\",\"name\":\"hardnesstests\",\"url\":\"https:\\\/\\\/hardnesstests.com\\\/tr\\\/\",\"logo\":{\"@type\":\"ImageObject\",\"inLanguage\":\"es\",\"@id\":\"https:\\\/\\\/hardnesstests.com\\\/tr\\\/#\\\/schema\\\/logo\\\/image\\\/\",\"url\":\"https:\\\/\\\/hardnesstests.com\\\/wp-content\\\/uploads\\\/2021\\\/08\\\/\u5fae\u4fe1\u56fe\u7247_20251029102004_335_1287.png\",\"contentUrl\":\"https:\\\/\\\/hardnesstests.com\\\/wp-content\\\/uploads\\\/2021\\\/08\\\/\u5fae\u4fe1\u56fe\u7247_20251029102004_335_1287.png\",\"width\":1308,\"height\":467,\"caption\":\"hardnesstests\"},\"image\":{\"@id\":\"https:\\\/\\\/hardnesstests.com\\\/tr\\\/#\\\/schema\\\/logo\\\/image\\\/\"}}]}<\/script>\n<!-- \/ Yoast SEO Premium plugin. -->","yoast_head_json":{"title":"MP-1T (touch screen) Metallographic sample grinding and polishing machine - hardnesstests","robots":{"index":"index","follow":"follow","max-snippet":"max-snippet:-1","max-image-preview":"max-image-preview:large","max-video-preview":"max-video-preview:-1"},"canonical":"https:\/\/hardnesstests.com\/es\/producto\/mp-1t-touch-screen-metallographic-sample-grinding-and-polishing-machine\/","og_locale":"es_ES","og_type":"article","og_title":"MP-1T (touch screen) Metallographic sample grinding and polishing machine","og_description":"In the process of metallographic specimen preparation, grinding and polishing of the specimen are essential procedures. After grinding and polishing, the specimen can obtain a mirror-like surface. The MP-1T metallographic specimen grinding and polishing machine adopts a high-end touch screen, which can make the speed of the grinding and polishing disc infinitely adjustable between 50-1000r\/min. By replacing the metallographic sandpaper and polishing fabric, the grinding and polishing process of the specimen can be completed, showing a wider range of applicability. The shell adopts integral blister, with a novel appearance, and has the characteristics of stable rotation, low noise, convenient operation, high work efficiency, etc. It also has a built-in cooling device, which can cool the specimen during grinding and polishing to prevent the metallographic structure from being destroyed due to overheating of the specimen. It is suitable for metallographic laboratories in factories, colleges and universities, and scientific research institutions, and is an excellent equipment for grinding and polishing metallographic specimens.","og_url":"https:\/\/hardnesstests.com\/es\/producto\/mp-1t-touch-screen-metallographic-sample-grinding-and-polishing-machine\/","og_site_name":"hardnesstests","og_image":[{"width":800,"height":800,"url":"https:\/\/hardnesstests.com\/wp-content\/uploads\/2025\/11\/MP-1T.jpg","type":"image\/jpeg"}],"twitter_card":"summary_large_image","twitter_misc":{"Tiempo de lectura":"1 minuto"},"schema":{"@context":"https:\/\/schema.org","@graph":[{"@type":"WebPage","@id":"https:\/\/hardnesstests.com\/product\/mp-1t-touch-screen-metallographic-sample-grinding-and-polishing-machine\/","url":"https:\/\/hardnesstests.com\/product\/mp-1t-touch-screen-metallographic-sample-grinding-and-polishing-machine\/","name":"MP-1T (touch screen) Metallographic sample grinding and polishing machine - hardnesstests","isPartOf":{"@id":"https:\/\/hardnesstests.com\/tr\/#website"},"primaryImageOfPage":{"@id":"https:\/\/hardnesstests.com\/product\/mp-1t-touch-screen-metallographic-sample-grinding-and-polishing-machine\/#primaryimage"},"image":{"@id":"https:\/\/hardnesstests.com\/product\/mp-1t-touch-screen-metallographic-sample-grinding-and-polishing-machine\/#primaryimage"},"thumbnailUrl":"https:\/\/hardnesstests.com\/wp-content\/uploads\/2025\/11\/MP-1T.jpg","datePublished":"2025-11-28T06:23:29+00:00","breadcrumb":{"@id":"https:\/\/hardnesstests.com\/product\/mp-1t-touch-screen-metallographic-sample-grinding-and-polishing-machine\/#breadcrumb"},"inLanguage":"es","potentialAction":[{"@type":"ReadAction","target":["https:\/\/hardnesstests.com\/product\/mp-1t-touch-screen-metallographic-sample-grinding-and-polishing-machine\/"]}]},{"@type":"ImageObject","inLanguage":"es","@id":"https:\/\/hardnesstests.com\/product\/mp-1t-touch-screen-metallographic-sample-grinding-and-polishing-machine\/#primaryimage","url":"https:\/\/hardnesstests.com\/wp-content\/uploads\/2025\/11\/MP-1T.jpg","contentUrl":"https:\/\/hardnesstests.com\/wp-content\/uploads\/2025\/11\/MP-1T.jpg","width":800,"height":800,"caption":"MP-1T (touch screen) Metallographic sample grinding and polishing machine"},{"@type":"BreadcrumbList","@id":"https:\/\/hardnesstests.com\/product\/mp-1t-touch-screen-metallographic-sample-grinding-and-polishing-machine\/#breadcrumb","itemListElement":[{"@type":"ListItem","position":1,"name":"\u9996\u9875","item":"https:\/\/hardnesstests.com\/"},{"@type":"ListItem","position":2,"name":"products","item":"https:\/\/hardnesstests.com\/products\/"},{"@type":"ListItem","position":3,"name":"MP-1T (touch screen) Metallographic sample grinding and polishing machine"}]},{"@type":"WebSite","@id":"https:\/\/hardnesstests.com\/tr\/#website","url":"https:\/\/hardnesstests.com\/tr\/","name":"hardnesstests","description":"","publisher":{"@id":"https:\/\/hardnesstests.com\/tr\/#organization"},"potentialAction":[{"@type":"SearchAction","target":{"@type":"EntryPoint","urlTemplate":"https:\/\/hardnesstests.com\/tr\/?s={search_term_string}"},"query-input":{"@type":"PropertyValueSpecification","valueRequired":true,"valueName":"search_term_string"}}],"inLanguage":"es"},{"@type":"Organization","@id":"https:\/\/hardnesstests.com\/tr\/#organization","name":"hardnesstests","url":"https:\/\/hardnesstests.com\/tr\/","logo":{"@type":"ImageObject","inLanguage":"es","@id":"https:\/\/hardnesstests.com\/tr\/#\/schema\/logo\/image\/","url":"https:\/\/hardnesstests.com\/wp-content\/uploads\/2021\/08\/\u5fae\u4fe1\u56fe\u7247_20251029102004_335_1287.png","contentUrl":"https:\/\/hardnesstests.com\/wp-content\/uploads\/2021\/08\/\u5fae\u4fe1\u56fe\u7247_20251029102004_335_1287.png","width":1308,"height":467,"caption":"hardnesstests"},"image":{"@id":"https:\/\/hardnesstests.com\/tr\/#\/schema\/logo\/image\/"}}]}},"_links":{"self":[{"href":"https:\/\/hardnesstests.com\/es\/wp-json\/wp\/v2\/product\/30089","targetHints":{"allow":["GET"]}}],"collection":[{"href":"https:\/\/hardnesstests.com\/es\/wp-json\/wp\/v2\/product"}],"about":[{"href":"https:\/\/hardnesstests.com\/es\/wp-json\/wp\/v2\/types\/product"}],"replies":[{"embeddable":true,"href":"https:\/\/hardnesstests.com\/es\/wp-json\/wp\/v2\/comments?post=30089"}],"version-history":[{"count":1,"href":"https:\/\/hardnesstests.com\/es\/wp-json\/wp\/v2\/product\/30089\/revisions"}],"predecessor-version":[{"id":30091,"href":"https:\/\/hardnesstests.com\/es\/wp-json\/wp\/v2\/product\/30089\/revisions\/30091"}],"wp:featuredmedia":[{"embeddable":true,"href":"https:\/\/hardnesstests.com\/es\/wp-json\/wp\/v2\/media\/30090"}],"wp:attachment":[{"href":"https:\/\/hardnesstests.com\/es\/wp-json\/wp\/v2\/media?parent=30089"}],"wp:term":[{"taxonomy":"product_brand","embeddable":true,"href":"https:\/\/hardnesstests.com\/es\/wp-json\/wp\/v2\/product_brand?post=30089"},{"taxonomy":"product_cat","embeddable":true,"href":"https:\/\/hardnesstests.com\/es\/wp-json\/wp\/v2\/product_cat?post=30089"},{"taxonomy":"product_tag","embeddable":true,"href":"https:\/\/hardnesstests.com\/es\/wp-json\/wp\/v2\/product_tag?post=30089"}],"curies":[{"name":"wp","href":"https:\/\/api.w.org\/{rel}","templated":true}]}}