{"id":30066,"date":"2025-11-28T06:05:42","date_gmt":"2025-11-28T06:05:42","guid":{"rendered":"https:\/\/hardnesstests.com\/?post_type=product&#038;p=30066"},"modified":"2025-11-28T06:05:42","modified_gmt":"2025-11-28T06:05:42","slug":"hmpb-1-semi-automatic-metallographic-specimen-grinding-and-polishing-machine","status":"publish","type":"product","link":"https:\/\/hardnesstests.com\/es\/producto\/hmpb-1-semi-automatic-metallographic-specimen-grinding-and-polishing-machine\/","title":{"rendered":"HMPB-1 M\u00e1quina semiautom\u00e1tica de esmerilado y pulido de muestras metalogr\u00e1ficas"},"content":{"rendered":"<h1><strong> Principales funciones y caracter\u00edsticas<\/strong><\/h1>\n<ol>\n<li>La carcasa est\u00e1 fabricada en ABS de alta gama moldeado en una sola pieza, con un aspecto novedoso, ambiente de alta gama y clase.<\/li>\n<li>El grifo est\u00e1 hecho de material 304, que es duradero y tiene buena resistencia a la corrosi\u00f3n.<\/li>\n<li>Control de pantalla t\u00e1ctil, la interfaz es clara e intuitiva, y el funcionamiento es sencillo.<\/li>\n<li>Con la funci\u00f3n de limpieza autom\u00e1tica, el dep\u00f3sito de recogida de aguas residuales se puede limpiar autom\u00e1ticamente para mantener limpio el dep\u00f3sito de recogida de aguas residuales (opcional).<\/li>\n<li>Regulaci\u00f3n continua de la velocidad m\u00e1s velocidad fija de ocho velocidades, c\u00f3moda y r\u00e1pida para satisfacer diversas necesidades.<\/li>\n<li>Sample pressurization does not require air source, elastic loading and pressure are adjustable.<\/li>\n<li>Countdown function, time can be set arbitrarily, and the machine will stop when the time comes.<\/li>\n<li>El disco de desbaste y pulido puede girar en sentido horario o antihorario para satisfacer diferentes necesidades.<\/li>\n<li>The grinding and polishing disc and the grinding head can be single-acting and linked, meeting the manual and automatic one-button switching use.<\/li>\n<li>Funci\u00f3n de inicio autom\u00e1tico con un solo bot\u00f3n, despu\u00e9s de colocar la muestra en el disco de sujeci\u00f3n, haga clic para iniciar, y el cabezal de esmerilado y el disco de esmerilado funcionar\u00e1n autom\u00e1ticamente.<\/li>\n<li>Centrado autom\u00e1tico para evitar el rectificado y pulido m\u00faltiple.<\/li>\n<\/ol>\n<h1 style=\"font-weight: 400;\"><strong>Par\u00e1metros t\u00e9cnicos<\/strong><\/h1>\n<table width=\"621\">\n<tbody>\n<tr>\n<td width=\"215\">Di\u00e1metro del disco de amolar<\/td>\n<td width=\"406\">Est\u00e1ndar \u03c6250mm (otras especificaciones pueden ser personalizadas)<\/td>\n<\/tr>\n<tr>\n<td width=\"215\">Velocidad del disco abrasivo<\/td>\n<td width=\"406\">50-1000r\/min (regulaci\u00f3n continua de la velocidad)<\/td>\n<\/tr>\n<tr>\n<td width=\"215\">Velocidad del disco abrasivo<\/td>\n<td width=\"406\">Velocidad fija de ocho velocidades<\/td>\n<\/tr>\n<tr>\n<td width=\"215\">Sentido de giro del disco abrasivo<\/td>\n<td width=\"406\">Avance y retroceso<\/td>\n<\/tr>\n<tr>\n<td width=\"215\">Velocidad del cabezal de rectificado<\/td>\n<td width=\"406\">60RPM<\/td>\n<\/tr>\n<tr>\n<td width=\"215\">M\u00e9todo de presi\u00f3n del cabezal de rectificado<\/td>\n<td width=\"406\">Presi\u00f3n mec\u00e1nica del muelle<\/td>\n<\/tr>\n<tr>\n<td width=\"215\">N\u00famero de pinzas<\/td>\n<td width=\"406\">4<\/td>\n<\/tr>\n<tr>\n<td width=\"215\">Funci\u00f3n de cuenta atr\u00e1s<\/td>\n<td width=\"406\">Time can be set arbitrarily, and the machine will stop automatically when the time comes<\/td>\n<\/tr>\n<tr>\n<td width=\"215\">Especificaciones de sujeci\u00f3n de las muestras<\/td>\n<td width=\"406\">Standard \u042430, (any specification of \u042422 \u042430 \u042445 can be selected, special specifications can be customized)<\/td>\n<\/tr>\n<tr>\n<td width=\"215\">Alimentaci\u00f3n<\/td>\n<td width=\"406\">Voltaje: 220V Frecuencia: 50HZ<\/td>\n<\/tr>\n<tr>\n<td width=\"215\">Potencia<\/td>\n<td width=\"406\">0.5KW<\/td>\n<\/tr>\n<tr>\n<td width=\"215\">Dimensiones<\/td>\n<td width=\"406\">430X730X530m<\/td>\n<\/tr>\n<tr>\n<td width=\"215\">Peso<\/td>\n<td width=\"406\">60Kg<\/td>\n<\/tr>\n<\/tbody>\n<\/table>","protected":false},"excerpt":{"rendered":"<p>In the process of metallographic specimen preparation, grinding and polishing of the specimen is an indispensable process. After grinding and polishing, the specimen can obtain a bright mirror-like surface. The HMPB-1 semi-automatic metallographic specimen grinding and polishing machine adopts a high-end touch screen and is equipped with an electric grinding and polishing head. It can grind and polish four samples at the same time. It has the characteristics of stable rotation, freeing hands, low noise, convenient operation, and high work efficiency. The speed of the grinding and polishing disc is infinitely adjustable between 50-1000r\/min. The grinding and polishing process of the specimen can be completed by replacing the metallographic sandpaper and polishing fabric, showing a wider range of applicability. The bottom shell adopts integral blister, with a novel appearance and a built-in cooling device, which can cool the specimen during grinding and polishing to prevent the metallographic structure from being damaged due to overheating of the specimen. It is suitable for metallographic laboratories in factories, colleges and universities, and scientific research institutions. It is an ideal equipment for grinding and polishing metallographic specimens.<\/p>","protected":false},"featured_media":30067,"comment_status":"open","ping_status":"closed","template":"","meta":[],"product_brand":[],"product_cat":[94,81],"product_tag":[115],"class_list":{"0":"post-30066","1":"product","2":"type-product","3":"status-publish","4":"has-post-thumbnail","6":"product_cat-metallographic-grinding-and-polishing-machine","7":"product_cat-sample-preparation-and-analysis","8":"product_tag-metallographic-grinding-polishing-machine","10":"first","11":"instock","12":"shipping-taxable","13":"product-type-simple"},"yoast_head":"<!-- This site is optimized with the Yoast SEO Premium plugin v25.4 (Yoast SEO v27.4) - https:\/\/yoast.com\/product\/yoast-seo-premium-wordpress\/ -->\n<title>HMPB-1 Semi-automatic Metallographic Specimen Grinding and Polishing Machine - hardnesstests<\/title>\n<meta name=\"robots\" content=\"index, follow, max-snippet:-1, max-image-preview:large, max-video-preview:-1\" \/>\n<link rel=\"canonical\" href=\"https:\/\/hardnesstests.com\/es\/producto\/hmpb-1-semi-automatic-metallographic-specimen-grinding-and-polishing-machine\/\" \/>\n<meta property=\"og:locale\" content=\"es_ES\" \/>\n<meta property=\"og:type\" content=\"article\" \/>\n<meta property=\"og:title\" content=\"HMPB-1 Semi-automatic Metallographic Specimen Grinding and Polishing Machine\" \/>\n<meta property=\"og:description\" content=\"In the process of metallographic specimen preparation, grinding and polishing of the specimen is an indispensable process. After grinding and polishing, the specimen can obtain a bright mirror-like surface. The HMPB-1 semi-automatic metallographic specimen grinding and polishing machine adopts a high-end touch screen and is equipped with an electric grinding and polishing head. It can grind and polish four samples at the same time. It has the characteristics of stable rotation, freeing hands, low noise, convenient operation, and high work efficiency. The speed of the grinding and polishing disc is infinitely adjustable between 50-1000r\/min. The grinding and polishing process of the specimen can be completed by replacing the metallographic sandpaper and polishing fabric, showing a wider range of applicability. The bottom shell adopts integral blister, with a novel appearance and a built-in cooling device, which can cool the specimen during grinding and polishing to prevent the metallographic structure from being damaged due to overheating of the specimen. It is suitable for metallographic laboratories in factories, colleges and universities, and scientific research institutions. It is an ideal equipment for grinding and polishing metallographic specimens.\" \/>\n<meta property=\"og:url\" content=\"https:\/\/hardnesstests.com\/es\/producto\/hmpb-1-semi-automatic-metallographic-specimen-grinding-and-polishing-machine\/\" \/>\n<meta property=\"og:site_name\" content=\"hardnesstests\" \/>\n<meta property=\"og:image\" content=\"https:\/\/hardnesstests.com\/wp-content\/uploads\/2025\/11\/HMPB-1.jpg\" \/>\n\t<meta property=\"og:image:width\" content=\"800\" \/>\n\t<meta property=\"og:image:height\" content=\"800\" \/>\n\t<meta property=\"og:image:type\" content=\"image\/jpeg\" \/>\n<meta name=\"twitter:card\" content=\"summary_large_image\" \/>\n<meta name=\"twitter:label1\" content=\"Tiempo de lectura\" \/>\n\t<meta name=\"twitter:data1\" content=\"1 minuto\" \/>\n<script type=\"application\/ld+json\" class=\"yoast-schema-graph\">{\"@context\":\"https:\\\/\\\/schema.org\",\"@graph\":[{\"@type\":\"WebPage\",\"@id\":\"https:\\\/\\\/hardnesstests.com\\\/product\\\/hmpb-1-semi-automatic-metallographic-specimen-grinding-and-polishing-machine\\\/\",\"url\":\"https:\\\/\\\/hardnesstests.com\\\/product\\\/hmpb-1-semi-automatic-metallographic-specimen-grinding-and-polishing-machine\\\/\",\"name\":\"HMPB-1 Semi-automatic Metallographic Specimen Grinding and Polishing Machine - hardnesstests\",\"isPartOf\":{\"@id\":\"https:\\\/\\\/hardnesstests.com\\\/tr\\\/#website\"},\"primaryImageOfPage\":{\"@id\":\"https:\\\/\\\/hardnesstests.com\\\/product\\\/hmpb-1-semi-automatic-metallographic-specimen-grinding-and-polishing-machine\\\/#primaryimage\"},\"image\":{\"@id\":\"https:\\\/\\\/hardnesstests.com\\\/product\\\/hmpb-1-semi-automatic-metallographic-specimen-grinding-and-polishing-machine\\\/#primaryimage\"},\"thumbnailUrl\":\"https:\\\/\\\/hardnesstests.com\\\/wp-content\\\/uploads\\\/2025\\\/11\\\/HMPB-1.jpg\",\"datePublished\":\"2025-11-28T06:05:42+00:00\",\"breadcrumb\":{\"@id\":\"https:\\\/\\\/hardnesstests.com\\\/product\\\/hmpb-1-semi-automatic-metallographic-specimen-grinding-and-polishing-machine\\\/#breadcrumb\"},\"inLanguage\":\"es\",\"potentialAction\":[{\"@type\":\"ReadAction\",\"target\":[\"https:\\\/\\\/hardnesstests.com\\\/product\\\/hmpb-1-semi-automatic-metallographic-specimen-grinding-and-polishing-machine\\\/\"]}]},{\"@type\":\"ImageObject\",\"inLanguage\":\"es\",\"@id\":\"https:\\\/\\\/hardnesstests.com\\\/product\\\/hmpb-1-semi-automatic-metallographic-specimen-grinding-and-polishing-machine\\\/#primaryimage\",\"url\":\"https:\\\/\\\/hardnesstests.com\\\/wp-content\\\/uploads\\\/2025\\\/11\\\/HMPB-1.jpg\",\"contentUrl\":\"https:\\\/\\\/hardnesstests.com\\\/wp-content\\\/uploads\\\/2025\\\/11\\\/HMPB-1.jpg\",\"width\":800,\"height\":800,\"caption\":\"HMPB-1 Semi-automatic Metallographic Specimen Grinding and Polishing Machine\"},{\"@type\":\"BreadcrumbList\",\"@id\":\"https:\\\/\\\/hardnesstests.com\\\/product\\\/hmpb-1-semi-automatic-metallographic-specimen-grinding-and-polishing-machine\\\/#breadcrumb\",\"itemListElement\":[{\"@type\":\"ListItem\",\"position\":1,\"name\":\"\u9996\u9875\",\"item\":\"https:\\\/\\\/hardnesstests.com\\\/\"},{\"@type\":\"ListItem\",\"position\":2,\"name\":\"products\",\"item\":\"https:\\\/\\\/hardnesstests.com\\\/products\\\/\"},{\"@type\":\"ListItem\",\"position\":3,\"name\":\"HMPB-1 Semi-automatic Metallographic Specimen Grinding and Polishing Machine\"}]},{\"@type\":\"WebSite\",\"@id\":\"https:\\\/\\\/hardnesstests.com\\\/tr\\\/#website\",\"url\":\"https:\\\/\\\/hardnesstests.com\\\/tr\\\/\",\"name\":\"hardnesstests\",\"description\":\"\",\"publisher\":{\"@id\":\"https:\\\/\\\/hardnesstests.com\\\/tr\\\/#organization\"},\"potentialAction\":[{\"@type\":\"SearchAction\",\"target\":{\"@type\":\"EntryPoint\",\"urlTemplate\":\"https:\\\/\\\/hardnesstests.com\\\/tr\\\/?s={search_term_string}\"},\"query-input\":{\"@type\":\"PropertyValueSpecification\",\"valueRequired\":true,\"valueName\":\"search_term_string\"}}],\"inLanguage\":\"es\"},{\"@type\":\"Organization\",\"@id\":\"https:\\\/\\\/hardnesstests.com\\\/tr\\\/#organization\",\"name\":\"hardnesstests\",\"url\":\"https:\\\/\\\/hardnesstests.com\\\/tr\\\/\",\"logo\":{\"@type\":\"ImageObject\",\"inLanguage\":\"es\",\"@id\":\"https:\\\/\\\/hardnesstests.com\\\/tr\\\/#\\\/schema\\\/logo\\\/image\\\/\",\"url\":\"https:\\\/\\\/hardnesstests.com\\\/wp-content\\\/uploads\\\/2021\\\/08\\\/\u5fae\u4fe1\u56fe\u7247_20251029102004_335_1287.png\",\"contentUrl\":\"https:\\\/\\\/hardnesstests.com\\\/wp-content\\\/uploads\\\/2021\\\/08\\\/\u5fae\u4fe1\u56fe\u7247_20251029102004_335_1287.png\",\"width\":1308,\"height\":467,\"caption\":\"hardnesstests\"},\"image\":{\"@id\":\"https:\\\/\\\/hardnesstests.com\\\/tr\\\/#\\\/schema\\\/logo\\\/image\\\/\"}}]}<\/script>\n<!-- \/ Yoast SEO Premium plugin. -->","yoast_head_json":{"title":"HMPB-1 Semi-automatic Metallographic Specimen Grinding and Polishing Machine - hardnesstests","robots":{"index":"index","follow":"follow","max-snippet":"max-snippet:-1","max-image-preview":"max-image-preview:large","max-video-preview":"max-video-preview:-1"},"canonical":"https:\/\/hardnesstests.com\/es\/producto\/hmpb-1-semi-automatic-metallographic-specimen-grinding-and-polishing-machine\/","og_locale":"es_ES","og_type":"article","og_title":"HMPB-1 Semi-automatic Metallographic Specimen Grinding and Polishing Machine","og_description":"In the process of metallographic specimen preparation, grinding and polishing of the specimen is an indispensable process. After grinding and polishing, the specimen can obtain a bright mirror-like surface. The HMPB-1 semi-automatic metallographic specimen grinding and polishing machine adopts a high-end touch screen and is equipped with an electric grinding and polishing head. It can grind and polish four samples at the same time. It has the characteristics of stable rotation, freeing hands, low noise, convenient operation, and high work efficiency. The speed of the grinding and polishing disc is infinitely adjustable between 50-1000r\/min. The grinding and polishing process of the specimen can be completed by replacing the metallographic sandpaper and polishing fabric, showing a wider range of applicability. The bottom shell adopts integral blister, with a novel appearance and a built-in cooling device, which can cool the specimen during grinding and polishing to prevent the metallographic structure from being damaged due to overheating of the specimen. It is suitable for metallographic laboratories in factories, colleges and universities, and scientific research institutions. It is an ideal equipment for grinding and polishing metallographic specimens.","og_url":"https:\/\/hardnesstests.com\/es\/producto\/hmpb-1-semi-automatic-metallographic-specimen-grinding-and-polishing-machine\/","og_site_name":"hardnesstests","og_image":[{"width":800,"height":800,"url":"https:\/\/hardnesstests.com\/wp-content\/uploads\/2025\/11\/HMPB-1.jpg","type":"image\/jpeg"}],"twitter_card":"summary_large_image","twitter_misc":{"Tiempo de lectura":"1 minuto"},"schema":{"@context":"https:\/\/schema.org","@graph":[{"@type":"WebPage","@id":"https:\/\/hardnesstests.com\/product\/hmpb-1-semi-automatic-metallographic-specimen-grinding-and-polishing-machine\/","url":"https:\/\/hardnesstests.com\/product\/hmpb-1-semi-automatic-metallographic-specimen-grinding-and-polishing-machine\/","name":"HMPB-1 Semi-automatic Metallographic Specimen Grinding and Polishing Machine - hardnesstests","isPartOf":{"@id":"https:\/\/hardnesstests.com\/tr\/#website"},"primaryImageOfPage":{"@id":"https:\/\/hardnesstests.com\/product\/hmpb-1-semi-automatic-metallographic-specimen-grinding-and-polishing-machine\/#primaryimage"},"image":{"@id":"https:\/\/hardnesstests.com\/product\/hmpb-1-semi-automatic-metallographic-specimen-grinding-and-polishing-machine\/#primaryimage"},"thumbnailUrl":"https:\/\/hardnesstests.com\/wp-content\/uploads\/2025\/11\/HMPB-1.jpg","datePublished":"2025-11-28T06:05:42+00:00","breadcrumb":{"@id":"https:\/\/hardnesstests.com\/product\/hmpb-1-semi-automatic-metallographic-specimen-grinding-and-polishing-machine\/#breadcrumb"},"inLanguage":"es","potentialAction":[{"@type":"ReadAction","target":["https:\/\/hardnesstests.com\/product\/hmpb-1-semi-automatic-metallographic-specimen-grinding-and-polishing-machine\/"]}]},{"@type":"ImageObject","inLanguage":"es","@id":"https:\/\/hardnesstests.com\/product\/hmpb-1-semi-automatic-metallographic-specimen-grinding-and-polishing-machine\/#primaryimage","url":"https:\/\/hardnesstests.com\/wp-content\/uploads\/2025\/11\/HMPB-1.jpg","contentUrl":"https:\/\/hardnesstests.com\/wp-content\/uploads\/2025\/11\/HMPB-1.jpg","width":800,"height":800,"caption":"HMPB-1 Semi-automatic Metallographic Specimen Grinding and Polishing Machine"},{"@type":"BreadcrumbList","@id":"https:\/\/hardnesstests.com\/product\/hmpb-1-semi-automatic-metallographic-specimen-grinding-and-polishing-machine\/#breadcrumb","itemListElement":[{"@type":"ListItem","position":1,"name":"\u9996\u9875","item":"https:\/\/hardnesstests.com\/"},{"@type":"ListItem","position":2,"name":"products","item":"https:\/\/hardnesstests.com\/products\/"},{"@type":"ListItem","position":3,"name":"HMPB-1 Semi-automatic Metallographic Specimen Grinding and Polishing Machine"}]},{"@type":"WebSite","@id":"https:\/\/hardnesstests.com\/tr\/#website","url":"https:\/\/hardnesstests.com\/tr\/","name":"hardnesstests","description":"","publisher":{"@id":"https:\/\/hardnesstests.com\/tr\/#organization"},"potentialAction":[{"@type":"SearchAction","target":{"@type":"EntryPoint","urlTemplate":"https:\/\/hardnesstests.com\/tr\/?s={search_term_string}"},"query-input":{"@type":"PropertyValueSpecification","valueRequired":true,"valueName":"search_term_string"}}],"inLanguage":"es"},{"@type":"Organization","@id":"https:\/\/hardnesstests.com\/tr\/#organization","name":"hardnesstests","url":"https:\/\/hardnesstests.com\/tr\/","logo":{"@type":"ImageObject","inLanguage":"es","@id":"https:\/\/hardnesstests.com\/tr\/#\/schema\/logo\/image\/","url":"https:\/\/hardnesstests.com\/wp-content\/uploads\/2021\/08\/\u5fae\u4fe1\u56fe\u7247_20251029102004_335_1287.png","contentUrl":"https:\/\/hardnesstests.com\/wp-content\/uploads\/2021\/08\/\u5fae\u4fe1\u56fe\u7247_20251029102004_335_1287.png","width":1308,"height":467,"caption":"hardnesstests"},"image":{"@id":"https:\/\/hardnesstests.com\/tr\/#\/schema\/logo\/image\/"}}]}},"_links":{"self":[{"href":"https:\/\/hardnesstests.com\/es\/wp-json\/wp\/v2\/product\/30066","targetHints":{"allow":["GET"]}}],"collection":[{"href":"https:\/\/hardnesstests.com\/es\/wp-json\/wp\/v2\/product"}],"about":[{"href":"https:\/\/hardnesstests.com\/es\/wp-json\/wp\/v2\/types\/product"}],"replies":[{"embeddable":true,"href":"https:\/\/hardnesstests.com\/es\/wp-json\/wp\/v2\/comments?post=30066"}],"version-history":[{"count":1,"href":"https:\/\/hardnesstests.com\/es\/wp-json\/wp\/v2\/product\/30066\/revisions"}],"predecessor-version":[{"id":30068,"href":"https:\/\/hardnesstests.com\/es\/wp-json\/wp\/v2\/product\/30066\/revisions\/30068"}],"wp:featuredmedia":[{"embeddable":true,"href":"https:\/\/hardnesstests.com\/es\/wp-json\/wp\/v2\/media\/30067"}],"wp:attachment":[{"href":"https:\/\/hardnesstests.com\/es\/wp-json\/wp\/v2\/media?parent=30066"}],"wp:term":[{"taxonomy":"product_brand","embeddable":true,"href":"https:\/\/hardnesstests.com\/es\/wp-json\/wp\/v2\/product_brand?post=30066"},{"taxonomy":"product_cat","embeddable":true,"href":"https:\/\/hardnesstests.com\/es\/wp-json\/wp\/v2\/product_cat?post=30066"},{"taxonomy":"product_tag","embeddable":true,"href":"https:\/\/hardnesstests.com\/es\/wp-json\/wp\/v2\/product_tag?post=30066"}],"curies":[{"name":"wp","href":"https:\/\/api.w.org\/{rel}","templated":true}]}}