{"id":30063,"date":"2025-11-28T06:03:53","date_gmt":"2025-11-28T06:03:53","guid":{"rendered":"https:\/\/hardnesstests.com\/?post_type=product&#038;p=30063"},"modified":"2025-11-28T06:03:53","modified_gmt":"2025-11-28T06:03:53","slug":"hmp-2b-fully-automatic-metallographic-sample-grinding-and-polishing-machine","status":"publish","type":"product","link":"https:\/\/hardnesstests.com\/es\/producto\/hmp-2b-fully-automatic-metallographic-sample-grinding-and-polishing-machine\/","title":{"rendered":"HMP-2B M\u00e1quina totalmente autom\u00e1tica de esmerilado y pulido de muestras metalogr\u00e1ficas"},"content":{"rendered":"<h1 style=\"font-weight: 400;\"><strong>Ventajas del producto:<\/strong><\/h1>\n<ol>\n<li style=\"font-weight: 400;\">La base est\u00e1 hecha de material de aleaci\u00f3n de aluminio, que es ligero, tiene buena absorci\u00f3n de impactos y resistencia a la corrosi\u00f3n.<\/li>\n<li style=\"font-weight: 400;\">La carcasa est\u00e1 hecha de ABS de alta gama, que tiene un aspecto novedoso, de alta gama y con clase.<\/li>\n<li style=\"font-weight: 400;\">Control de pantalla t\u00e1ctil, interfaz clara e intuitiva, f\u00e1cil de manejar.<\/li>\n<li style=\"font-weight: 400;\">Puede ser temporizada, de velocidad fija y de presi\u00f3n fija.<\/li>\n<li style=\"font-weight: 400;\">El sumidero de boquillas incorporado se limpia autom\u00e1ticamente.<\/li>\n<li style=\"font-weight: 400;\">Regulaci\u00f3n de velocidad infinita o de cuatro velocidades, c\u00f3moda y r\u00e1pida.<\/li>\n<li style=\"font-weight: 400;\">Se puede poner en marcha en simple efecto o acoplamiento, seg\u00fan sea necesario.<\/li>\n<li style=\"font-weight: 400;\">Puede almacenar m\u00e1s de 100 conjuntos de f\u00f3rmulas de procesos de esmerilado y pulido para una llamada r\u00e1pida.<\/li>\n<li style=\"font-weight: 400;\">El dise\u00f1o del disco magn\u00e9tico permite un cambio r\u00e1pido del disco, y es m\u00e1s c\u00f3modo y r\u00e1pido cambiar el papel de lija y la tela de pulido.<\/li>\n<li style=\"font-weight: 400;\">El dise\u00f1o de rotaci\u00f3n libre de la placa de sujeci\u00f3n de muestras, combinado con el sistema de iluminaci\u00f3n interior, resulta c\u00f3modo para tomar y colocar muestras.<\/li>\n<li style=\"font-weight: 400;\">El cabezal de rectificado adopta el bloqueo autom\u00e1tico de embrague electromagn\u00e9tico, que es conveniente y r\u00e1pido. (Opcional)<\/li>\n<li style=\"font-weight: 400;\">Toda la m\u00e1quina adopta motores DC sin escobillas y motores paso a paso, que giran suavemente, tienen bajo nivel de ruido y larga vida \u00fatil.<\/li>\n<li style=\"font-weight: 400;\">Dise\u00f1o de doble disco, control dual de doble disco, doble eficacia en la preparaci\u00f3n de muestras.<\/li>\n<li style=\"font-weight: 400;\">Centrado autom\u00e1tico para evitar el esmerilado y pulido m\u00faltiple<\/li>\n<\/ol>\n<h1 style=\"font-weight: 400;\"><strong>Par\u00e1metros t\u00e9cnicos:<\/strong><\/h1>\n<table width=\"549\">\n<tbody>\n<tr>\n<td width=\"181\">Nombre<\/td>\n<td width=\"369\">Especificaciones<\/td>\n<\/tr>\n<tr>\n<td width=\"181\">Di\u00e1metro del disco de amolar<\/td>\n<td width=\"369\">Est\u00e1ndar \u03c6254mm<\/td>\n<\/tr>\n<tr>\n<td width=\"181\">Velocidad del disco abrasivo<\/td>\n<td width=\"369\">100-1000r\/min (regulaci\u00f3n de velocidad continua) Regulaci\u00f3n de velocidad de cuatro velocidades 300 500 800 1000r\/min<\/td>\n<\/tr>\n<tr>\n<td width=\"181\">Velocidad del cabezal de rectificado<\/td>\n<td width=\"369\">0-120r\/min<\/td>\n<\/tr>\n<tr>\n<td width=\"181\">Sentido de giro del disco abrasivo<\/td>\n<td width=\"369\">Avance y retroceso bidireccionales<\/td>\n<\/tr>\n<tr>\n<td width=\"181\">Potencia del motor del disco abrasivo<\/td>\n<td width=\"369\">2,2 KW<\/td>\n<\/tr>\n<tr>\n<td width=\"181\">Sentido de giro del cabezal de rectificado<\/td>\n<td width=\"369\">En el sentido de las agujas del reloj<\/td>\n<\/tr>\n<tr>\n<td width=\"181\">Potencia del motor del cabezal de rectificado<\/td>\n<td width=\"369\">0,2 KW<\/td>\n<\/tr>\n<tr>\n<td width=\"181\">M\u00e9todo de bloqueo del cabezal de rectificado<\/td>\n<td width=\"369\">Manual (autom\u00e1tico opcional)<\/td>\n<\/tr>\n<tr>\n<td width=\"181\">Tiempo ajustable<\/td>\n<td width=\"369\">0-99min<\/td>\n<\/tr>\n<tr>\n<td width=\"181\">M\u00e9todo de presi\u00f3n<\/td>\n<td width=\"369\">Presurizaci\u00f3n neum\u00e1tica central<\/td>\n<\/tr>\n<tr>\n<td width=\"181\">M\u00e9todo de ajuste de la presi\u00f3n<\/td>\n<td width=\"369\">Regulaci\u00f3n mec\u00e1nica de la presi\u00f3n<\/td>\n<\/tr>\n<tr>\n<td width=\"181\">Rango de presi\u00f3n<\/td>\n<td width=\"369\">0-0,3Mpa (com\u00fanmente utilizado 0,05-0,3Mpa)<\/td>\n<\/tr>\n<tr>\n<td width=\"181\">Especificaciones de sujeci\u00f3n de las muestras<\/td>\n<td width=\"369\">Est\u00e1ndar \u042430 (otros se pueden personalizar)<\/td>\n<\/tr>\n<tr>\n<td width=\"181\">N\u00famero de mordazas<\/td>\n<td width=\"369\">6<\/td>\n<\/tr>\n<tr>\n<td width=\"181\">Alimentaci\u00f3n<\/td>\n<td width=\"369\">Voltaje: 220V Frecuencia: 50HZ<\/td>\n<\/tr>\n<tr>\n<td width=\"181\">Potencia total<\/td>\n<td width=\"369\">2,8 KW<\/td>\n<\/tr>\n<tr>\n<td width=\"181\">Dimensiones generales<\/td>\n<td width=\"369\">770X730X700mm<\/td>\n<\/tr>\n<tr>\n<td width=\"181\">Dimensiones de la caja de madera<\/td>\n<td width=\"369\">950X810X810<\/td>\n<\/tr>\n<tr>\n<td width=\"181\">Peso<\/td>\n<td width=\"369\">100Kg<\/td>\n<\/tr>\n<\/tbody>\n<\/table>","protected":false},"excerpt":{"rendered":"<p>La HMP-2B es una rectificadora y pulidora de doble disco totalmente autom\u00e1tica que integra prerectificado, rectificado y pulido. Utiliza tecnolog\u00eda de microordenador de un chip para el control a trav\u00e9s de una pantalla t\u00e1ctil. El disco de esmerilado y pulido se acciona mediante un motor DC sin escobillas y una correa trapezoidal. El cabezal de rectificado es accionado por un motor paso a paso y una correa s\u00edncrona. Tiene las caracter\u00edsticas de rotaci\u00f3n suave, bajo ruido, seguridad y fiabilidad. Puede ajustar la velocidad del cabezal de esmerilado y del disco de esmerilado y pulido seg\u00fan las necesidades del usuario, ajustar la presi\u00f3n y el tiempo de preparaci\u00f3n de la muestra por s\u00ed mismo para satisfacer diferentes necesidades. Tiene su propio sistema de iluminaci\u00f3n para facilitar la colocaci\u00f3n y extracci\u00f3n de la muestra. Tiene su propio dispositivo de refrigeraci\u00f3n para enfriar la muestra durante el esmerilado para evitar que la estructura metalogr\u00e1fica se da\u00f1e debido al sobrecalentamiento de la muestra. Es una opci\u00f3n ideal para equipos de preparaci\u00f3n de muestras metalogr\u00e1ficas en f\u00e1bricas, instituciones de investigaci\u00f3n cient\u00edfica y laboratorios de colegios y universidades.<\/p>","protected":false},"featured_media":30064,"comment_status":"open","ping_status":"closed","template":"","meta":[],"product_brand":[],"product_cat":[94,81],"product_tag":[115],"class_list":{"0":"post-30063","1":"product","2":"type-product","3":"status-publish","4":"has-post-thumbnail","6":"product_cat-metallographic-grinding-and-polishing-machine","7":"product_cat-sample-preparation-and-analysis","8":"product_tag-metallographic-grinding-polishing-machine","10":"first","11":"instock","12":"shipping-taxable","13":"product-type-simple"},"yoast_head":"<!-- This site is optimized with the Yoast SEO Premium plugin v25.4 (Yoast SEO v27.4) - https:\/\/yoast.com\/product\/yoast-seo-premium-wordpress\/ -->\n<title>HMP-2B Fully automatic metallographic sample grinding and polishing machine - hardnesstests<\/title>\n<meta name=\"robots\" content=\"index, follow, max-snippet:-1, max-image-preview:large, max-video-preview:-1\" \/>\n<link rel=\"canonical\" href=\"https:\/\/hardnesstests.com\/es\/producto\/hmp-2b-fully-automatic-metallographic-sample-grinding-and-polishing-machine\/\" \/>\n<meta property=\"og:locale\" content=\"es_ES\" \/>\n<meta property=\"og:type\" content=\"article\" \/>\n<meta property=\"og:title\" content=\"HMP-2B Fully automatic metallographic sample grinding and polishing machine\" \/>\n<meta property=\"og:description\" content=\"HMP-2B is a double-disc fully automatic grinding and polishing machine that integrates pre-grinding, grinding and polishing. It uses single-chip microcomputer technology to control through a touch screen. The grinding and polishing disc is driven by a DC brushless motor and a V-belt. The grinding head is driven by a stepper motor and a synchronous belt. It has the characteristics of smooth rotation, low noise, safety and reliability. It can adjust the speed of the grinding head and the grinding and polishing disc according to user needs, set the pressure and sample preparation time by itself to meet different needs. It has its own lighting system for easy sample placement and removal. It has its own cooling device to cool the sample during grinding to prevent the metallographic structure from being damaged due to overheating of the sample. It is an ideal choice for metallographic sample preparation equipment in factories, scientific research institutions and laboratories of colleges and universities.\" \/>\n<meta property=\"og:url\" content=\"https:\/\/hardnesstests.com\/es\/producto\/hmp-2b-fully-automatic-metallographic-sample-grinding-and-polishing-machine\/\" \/>\n<meta property=\"og:site_name\" content=\"hardnesstests\" \/>\n<meta property=\"og:image\" content=\"https:\/\/hardnesstests.com\/wp-content\/uploads\/2025\/11\/HMP-2B.jpg\" \/>\n\t<meta property=\"og:image:width\" content=\"800\" \/>\n\t<meta property=\"og:image:height\" content=\"800\" \/>\n\t<meta property=\"og:image:type\" content=\"image\/jpeg\" \/>\n<meta name=\"twitter:card\" content=\"summary_large_image\" \/>\n<meta name=\"twitter:label1\" content=\"Tiempo de lectura\" \/>\n\t<meta name=\"twitter:data1\" content=\"2 minutos\" \/>\n<script type=\"application\/ld+json\" class=\"yoast-schema-graph\">{\"@context\":\"https:\\\/\\\/schema.org\",\"@graph\":[{\"@type\":\"WebPage\",\"@id\":\"https:\\\/\\\/hardnesstests.com\\\/product\\\/hmp-2b-fully-automatic-metallographic-sample-grinding-and-polishing-machine\\\/\",\"url\":\"https:\\\/\\\/hardnesstests.com\\\/product\\\/hmp-2b-fully-automatic-metallographic-sample-grinding-and-polishing-machine\\\/\",\"name\":\"HMP-2B Fully automatic metallographic sample grinding and polishing machine - hardnesstests\",\"isPartOf\":{\"@id\":\"https:\\\/\\\/hardnesstests.com\\\/tr\\\/#website\"},\"primaryImageOfPage\":{\"@id\":\"https:\\\/\\\/hardnesstests.com\\\/product\\\/hmp-2b-fully-automatic-metallographic-sample-grinding-and-polishing-machine\\\/#primaryimage\"},\"image\":{\"@id\":\"https:\\\/\\\/hardnesstests.com\\\/product\\\/hmp-2b-fully-automatic-metallographic-sample-grinding-and-polishing-machine\\\/#primaryimage\"},\"thumbnailUrl\":\"https:\\\/\\\/hardnesstests.com\\\/wp-content\\\/uploads\\\/2025\\\/11\\\/HMP-2B.jpg\",\"datePublished\":\"2025-11-28T06:03:53+00:00\",\"breadcrumb\":{\"@id\":\"https:\\\/\\\/hardnesstests.com\\\/product\\\/hmp-2b-fully-automatic-metallographic-sample-grinding-and-polishing-machine\\\/#breadcrumb\"},\"inLanguage\":\"es\",\"potentialAction\":[{\"@type\":\"ReadAction\",\"target\":[\"https:\\\/\\\/hardnesstests.com\\\/product\\\/hmp-2b-fully-automatic-metallographic-sample-grinding-and-polishing-machine\\\/\"]}]},{\"@type\":\"ImageObject\",\"inLanguage\":\"es\",\"@id\":\"https:\\\/\\\/hardnesstests.com\\\/product\\\/hmp-2b-fully-automatic-metallographic-sample-grinding-and-polishing-machine\\\/#primaryimage\",\"url\":\"https:\\\/\\\/hardnesstests.com\\\/wp-content\\\/uploads\\\/2025\\\/11\\\/HMP-2B.jpg\",\"contentUrl\":\"https:\\\/\\\/hardnesstests.com\\\/wp-content\\\/uploads\\\/2025\\\/11\\\/HMP-2B.jpg\",\"width\":800,\"height\":800,\"caption\":\"HMP-2B Fully automatic metallographic sample grinding and polishing machine\"},{\"@type\":\"BreadcrumbList\",\"@id\":\"https:\\\/\\\/hardnesstests.com\\\/product\\\/hmp-2b-fully-automatic-metallographic-sample-grinding-and-polishing-machine\\\/#breadcrumb\",\"itemListElement\":[{\"@type\":\"ListItem\",\"position\":1,\"name\":\"\u9996\u9875\",\"item\":\"https:\\\/\\\/hardnesstests.com\\\/\"},{\"@type\":\"ListItem\",\"position\":2,\"name\":\"products\",\"item\":\"https:\\\/\\\/hardnesstests.com\\\/products\\\/\"},{\"@type\":\"ListItem\",\"position\":3,\"name\":\"HMP-2B Fully automatic metallographic sample grinding and polishing machine\"}]},{\"@type\":\"WebSite\",\"@id\":\"https:\\\/\\\/hardnesstests.com\\\/tr\\\/#website\",\"url\":\"https:\\\/\\\/hardnesstests.com\\\/tr\\\/\",\"name\":\"hardnesstests\",\"description\":\"\",\"publisher\":{\"@id\":\"https:\\\/\\\/hardnesstests.com\\\/tr\\\/#organization\"},\"potentialAction\":[{\"@type\":\"SearchAction\",\"target\":{\"@type\":\"EntryPoint\",\"urlTemplate\":\"https:\\\/\\\/hardnesstests.com\\\/tr\\\/?s={search_term_string}\"},\"query-input\":{\"@type\":\"PropertyValueSpecification\",\"valueRequired\":true,\"valueName\":\"search_term_string\"}}],\"inLanguage\":\"es\"},{\"@type\":\"Organization\",\"@id\":\"https:\\\/\\\/hardnesstests.com\\\/tr\\\/#organization\",\"name\":\"hardnesstests\",\"url\":\"https:\\\/\\\/hardnesstests.com\\\/tr\\\/\",\"logo\":{\"@type\":\"ImageObject\",\"inLanguage\":\"es\",\"@id\":\"https:\\\/\\\/hardnesstests.com\\\/tr\\\/#\\\/schema\\\/logo\\\/image\\\/\",\"url\":\"https:\\\/\\\/hardnesstests.com\\\/wp-content\\\/uploads\\\/2021\\\/08\\\/\u5fae\u4fe1\u56fe\u7247_20251029102004_335_1287.png\",\"contentUrl\":\"https:\\\/\\\/hardnesstests.com\\\/wp-content\\\/uploads\\\/2021\\\/08\\\/\u5fae\u4fe1\u56fe\u7247_20251029102004_335_1287.png\",\"width\":1308,\"height\":467,\"caption\":\"hardnesstests\"},\"image\":{\"@id\":\"https:\\\/\\\/hardnesstests.com\\\/tr\\\/#\\\/schema\\\/logo\\\/image\\\/\"}}]}<\/script>\n<!-- \/ Yoast SEO Premium plugin. -->","yoast_head_json":{"title":"HMP-2B Fully automatic metallographic sample grinding and polishing machine - hardnesstests","robots":{"index":"index","follow":"follow","max-snippet":"max-snippet:-1","max-image-preview":"max-image-preview:large","max-video-preview":"max-video-preview:-1"},"canonical":"https:\/\/hardnesstests.com\/es\/producto\/hmp-2b-fully-automatic-metallographic-sample-grinding-and-polishing-machine\/","og_locale":"es_ES","og_type":"article","og_title":"HMP-2B Fully automatic metallographic sample grinding and polishing machine","og_description":"HMP-2B is a double-disc fully automatic grinding and polishing machine that integrates pre-grinding, grinding and polishing. It uses single-chip microcomputer technology to control through a touch screen. The grinding and polishing disc is driven by a DC brushless motor and a V-belt. The grinding head is driven by a stepper motor and a synchronous belt. It has the characteristics of smooth rotation, low noise, safety and reliability. It can adjust the speed of the grinding head and the grinding and polishing disc according to user needs, set the pressure and sample preparation time by itself to meet different needs. It has its own lighting system for easy sample placement and removal. It has its own cooling device to cool the sample during grinding to prevent the metallographic structure from being damaged due to overheating of the sample. It is an ideal choice for metallographic sample preparation equipment in factories, scientific research institutions and laboratories of colleges and universities.","og_url":"https:\/\/hardnesstests.com\/es\/producto\/hmp-2b-fully-automatic-metallographic-sample-grinding-and-polishing-machine\/","og_site_name":"hardnesstests","og_image":[{"width":800,"height":800,"url":"https:\/\/hardnesstests.com\/wp-content\/uploads\/2025\/11\/HMP-2B.jpg","type":"image\/jpeg"}],"twitter_card":"summary_large_image","twitter_misc":{"Tiempo de lectura":"2 minutos"},"schema":{"@context":"https:\/\/schema.org","@graph":[{"@type":"WebPage","@id":"https:\/\/hardnesstests.com\/product\/hmp-2b-fully-automatic-metallographic-sample-grinding-and-polishing-machine\/","url":"https:\/\/hardnesstests.com\/product\/hmp-2b-fully-automatic-metallographic-sample-grinding-and-polishing-machine\/","name":"HMP-2B Fully automatic metallographic sample grinding and polishing machine - hardnesstests","isPartOf":{"@id":"https:\/\/hardnesstests.com\/tr\/#website"},"primaryImageOfPage":{"@id":"https:\/\/hardnesstests.com\/product\/hmp-2b-fully-automatic-metallographic-sample-grinding-and-polishing-machine\/#primaryimage"},"image":{"@id":"https:\/\/hardnesstests.com\/product\/hmp-2b-fully-automatic-metallographic-sample-grinding-and-polishing-machine\/#primaryimage"},"thumbnailUrl":"https:\/\/hardnesstests.com\/wp-content\/uploads\/2025\/11\/HMP-2B.jpg","datePublished":"2025-11-28T06:03:53+00:00","breadcrumb":{"@id":"https:\/\/hardnesstests.com\/product\/hmp-2b-fully-automatic-metallographic-sample-grinding-and-polishing-machine\/#breadcrumb"},"inLanguage":"es","potentialAction":[{"@type":"ReadAction","target":["https:\/\/hardnesstests.com\/product\/hmp-2b-fully-automatic-metallographic-sample-grinding-and-polishing-machine\/"]}]},{"@type":"ImageObject","inLanguage":"es","@id":"https:\/\/hardnesstests.com\/product\/hmp-2b-fully-automatic-metallographic-sample-grinding-and-polishing-machine\/#primaryimage","url":"https:\/\/hardnesstests.com\/wp-content\/uploads\/2025\/11\/HMP-2B.jpg","contentUrl":"https:\/\/hardnesstests.com\/wp-content\/uploads\/2025\/11\/HMP-2B.jpg","width":800,"height":800,"caption":"HMP-2B Fully automatic metallographic sample grinding and polishing machine"},{"@type":"BreadcrumbList","@id":"https:\/\/hardnesstests.com\/product\/hmp-2b-fully-automatic-metallographic-sample-grinding-and-polishing-machine\/#breadcrumb","itemListElement":[{"@type":"ListItem","position":1,"name":"\u9996\u9875","item":"https:\/\/hardnesstests.com\/"},{"@type":"ListItem","position":2,"name":"products","item":"https:\/\/hardnesstests.com\/products\/"},{"@type":"ListItem","position":3,"name":"HMP-2B Fully automatic metallographic sample grinding and polishing machine"}]},{"@type":"WebSite","@id":"https:\/\/hardnesstests.com\/tr\/#website","url":"https:\/\/hardnesstests.com\/tr\/","name":"hardnesstests","description":"","publisher":{"@id":"https:\/\/hardnesstests.com\/tr\/#organization"},"potentialAction":[{"@type":"SearchAction","target":{"@type":"EntryPoint","urlTemplate":"https:\/\/hardnesstests.com\/tr\/?s={search_term_string}"},"query-input":{"@type":"PropertyValueSpecification","valueRequired":true,"valueName":"search_term_string"}}],"inLanguage":"es"},{"@type":"Organization","@id":"https:\/\/hardnesstests.com\/tr\/#organization","name":"hardnesstests","url":"https:\/\/hardnesstests.com\/tr\/","logo":{"@type":"ImageObject","inLanguage":"es","@id":"https:\/\/hardnesstests.com\/tr\/#\/schema\/logo\/image\/","url":"https:\/\/hardnesstests.com\/wp-content\/uploads\/2021\/08\/\u5fae\u4fe1\u56fe\u7247_20251029102004_335_1287.png","contentUrl":"https:\/\/hardnesstests.com\/wp-content\/uploads\/2021\/08\/\u5fae\u4fe1\u56fe\u7247_20251029102004_335_1287.png","width":1308,"height":467,"caption":"hardnesstests"},"image":{"@id":"https:\/\/hardnesstests.com\/tr\/#\/schema\/logo\/image\/"}}]}},"_links":{"self":[{"href":"https:\/\/hardnesstests.com\/es\/wp-json\/wp\/v2\/product\/30063","targetHints":{"allow":["GET"]}}],"collection":[{"href":"https:\/\/hardnesstests.com\/es\/wp-json\/wp\/v2\/product"}],"about":[{"href":"https:\/\/hardnesstests.com\/es\/wp-json\/wp\/v2\/types\/product"}],"replies":[{"embeddable":true,"href":"https:\/\/hardnesstests.com\/es\/wp-json\/wp\/v2\/comments?post=30063"}],"version-history":[{"count":1,"href":"https:\/\/hardnesstests.com\/es\/wp-json\/wp\/v2\/product\/30063\/revisions"}],"predecessor-version":[{"id":30065,"href":"https:\/\/hardnesstests.com\/es\/wp-json\/wp\/v2\/product\/30063\/revisions\/30065"}],"wp:featuredmedia":[{"embeddable":true,"href":"https:\/\/hardnesstests.com\/es\/wp-json\/wp\/v2\/media\/30064"}],"wp:attachment":[{"href":"https:\/\/hardnesstests.com\/es\/wp-json\/wp\/v2\/media?parent=30063"}],"wp:term":[{"taxonomy":"product_brand","embeddable":true,"href":"https:\/\/hardnesstests.com\/es\/wp-json\/wp\/v2\/product_brand?post=30063"},{"taxonomy":"product_cat","embeddable":true,"href":"https:\/\/hardnesstests.com\/es\/wp-json\/wp\/v2\/product_cat?post=30063"},{"taxonomy":"product_tag","embeddable":true,"href":"https:\/\/hardnesstests.com\/es\/wp-json\/wp\/v2\/product_tag?post=30063"}],"curies":[{"name":"wp","href":"https:\/\/api.w.org\/{rel}","templated":true}]}}