{"id":30060,"date":"2025-11-28T06:01:43","date_gmt":"2025-11-28T06:01:43","guid":{"rendered":"https:\/\/hardnesstests.com\/?post_type=product&#038;p=30060"},"modified":"2025-11-28T06:01:43","modified_gmt":"2025-11-28T06:01:43","slug":"hmp-2ab-automatic-metallographic-sample-grinding-and-polishing-machine","status":"publish","type":"product","link":"https:\/\/hardnesstests.com\/es\/producto\/hmp-2ab-automatic-metallographic-sample-grinding-and-polishing-machine\/","title":{"rendered":"HMP-2AB M\u00e1quina autom\u00e1tica de esmerilado y pulido de muestras metalogr\u00e1ficas"},"content":{"rendered":"<table>\n<tbody>\n<tr>\n<td>\n<h1><strong>Funciones y caracter\u00edsticas principales:<\/strong><\/h1>\n<\/td>\n<\/tr>\n<\/tbody>\n<\/table>\n<ol>\n<li style=\"font-weight: 400;\">La base est\u00e1 hecha de aleaci\u00f3n de aluminio fundido y moldeado integral, que es ligero de peso, bueno en la absorci\u00f3n de impactos y anti-corrosi\u00f3n.<\/li>\n<li style=\"font-weight: 400;\">La carcasa es de ABS bl\u00edster, de aspecto novedoso y anticorrosi\u00f3n.<\/li>\n<li style=\"font-weight: 400;\">El grifo adopta un proceso de cromado totalmente de cobre, que tiene una buena resistencia a la corrosi\u00f3n.<\/li>\n<li style=\"font-weight: 400;\">Adopta un control y una pantalla t\u00e1ctiles, f\u00e1ciles de manejar, claros e intuitivos.<\/li>\n<li style=\"font-weight: 400;\">Tiene la funci\u00f3n de sincronizaci\u00f3n, velocidad y presi\u00f3n.<\/li>\n<li style=\"font-weight: 400;\">La boquilla incorporada se limpia autom\u00e1ticamente en el dep\u00f3sito de recogida de suciedad.<\/li>\n<li style=\"font-weight: 400;\">Soporta regulaci\u00f3n de velocidad continua o modo de regulaci\u00f3n de velocidad de cuatro velocidades, haciendo la regulaci\u00f3n de velocidad m\u00e1s conveniente.<\/li>\n<li style=\"font-weight: 400;\">El cabezal de rectificado se bloquea autom\u00e1ticamente con embrague electromagn\u00e9tico, lo que resulta c\u00f3modo y r\u00e1pido.<\/li>\n<li style=\"font-weight: 400;\">Soporta una sola acci\u00f3n y el inicio de la vinculaci\u00f3n de la placa de esmerilado y pulido y la cabeza de esmerilado y pulido, que es m\u00e1s flexible de usar<\/li>\n<li style=\"font-weight: 400;\">Se pueden almacenar m\u00e1s de 10 conjuntos de par\u00e1metros de procesos de esmerilado y pulido para recuperarlos r\u00e1pidamente.<\/li>\n<li style=\"font-weight: 400;\">El dise\u00f1o del disco magn\u00e9tico permite un cambio r\u00e1pido del disco, y es m\u00e1s eficaz para sustituir el papel de lija y la tela de pulido.<\/li>\n<li style=\"font-weight: 400;\">El mandril de muestras se afloja y aprieta autom\u00e1ticamente, con el sistema de iluminaci\u00f3n interna, que es conveniente para tomar y colocar muestras.<\/li>\n<li style=\"font-weight: 400;\">Equipada con una placa de sujeci\u00f3n r\u00e1pida de muestras, que puede sustituirse en cualquier momento por placas de sujeci\u00f3n de diferentes di\u00e1metros.<\/li>\n<li style=\"font-weight: 400;\">Toda la m\u00e1quina adopta un motor DC sin escobillas y paso a paso, con rotaci\u00f3n estable, bajo nivel de ruido y larga vida \u00fatil.<\/li>\n<li style=\"font-weight: 400;\">M\u00e9todo de doble presi\u00f3n, presi\u00f3n central y presi\u00f3n en un punto, funciones m\u00e1s potentes<\/li>\n<li style=\"font-weight: 400;\">El uso del doble disco de doble control es m\u00e1s flexible, por lo que la preparaci\u00f3n de muestras es m\u00e1s eficiente<\/li>\n<li style=\"font-weight: 400;\">Funci\u00f3n de inicio autom\u00e1tico con una sola tecla. Despu\u00e9s de colocar la muestra en la placa de sujeci\u00f3n, haga clic en Inicio, el cabezal de presi\u00f3n presionar\u00e1 autom\u00e1ticamente hacia abajo, el cabezal de molienda y la placa de molienda se ejecutar\u00e1n autom\u00e1ticamente, el grifo descargar\u00e1 autom\u00e1ticamente el agua, y el grifo se cerrar\u00e1 autom\u00e1ticamente despu\u00e9s de la molienda y el pulido se ha completado.<\/li>\n<li style=\"font-weight: 400;\">El bot\u00f3n de parada de emergencia puede detener el funcionamiento de forma r\u00e1pida y c\u00f3moda, lo que resulta m\u00e1s seguro.<\/li>\n<\/ol>\n<table>\n<tbody>\n<tr>\n<td>\n<h1><strong>Par\u00e1metros t\u00e9cnicos:<\/strong><\/h1>\n<\/td>\n<\/tr>\n<\/tbody>\n<\/table>\n<table>\n<tbody>\n<tr>\n<td width=\"254\">Modelo de producto<\/td>\n<td width=\"324\">Modelo de producto<\/td>\n<\/tr>\n<tr>\n<td width=\"254\">N\u00famero de discos abrasivos<\/td>\n<td width=\"324\">N\u00famero de discos abrasivos<\/td>\n<\/tr>\n<tr>\n<td width=\"254\">Di\u00e1metro del disco de esmerilado y pulido<\/td>\n<td width=\"324\">Di\u00e1metro del disco de esmerilado y pulido<\/td>\n<\/tr>\n<tr>\n<td width=\"254\">Velocidad de rotaci\u00f3n de la placa de esmerilado y pulido<\/td>\n<td width=\"324\">Velocidad de rotaci\u00f3n de la placa de esmerilado y pulido<\/td>\n<\/tr>\n<tr>\n<td width=\"254\">Sentido de rotaci\u00f3n del disco de esmerilado y pulido<\/td>\n<td width=\"324\">Sentido de rotaci\u00f3n del disco de esmerilado y pulido<\/td>\n<\/tr>\n<tr>\n<td width=\"254\">Potencia del motor del disco abrasivo<\/td>\n<td width=\"324\">Potencia del motor del disco abrasivo<\/td>\n<\/tr>\n<tr>\n<td width=\"254\">Sentido de rotaci\u00f3n del cabezal de rectificado<\/td>\n<td width=\"324\">En el sentido de las agujas del reloj<\/td>\n<\/tr>\n<tr>\n<td width=\"254\">Velocidad de rotaci\u00f3n del cabezal de rectificado<\/td>\n<td width=\"324\">0-150r\/min<\/td>\n<\/tr>\n<tr>\n<td width=\"254\">Motor del cabezal de rectificado<\/td>\n<td width=\"324\">Motor paso a paso 200 W<\/td>\n<\/tr>\n<tr>\n<td width=\"254\">M\u00e9todo de bloqueo del cabezal de rectificado<\/td>\n<td width=\"324\">autom\u00e1tico<\/td>\n<\/tr>\n<tr>\n<td width=\"254\">Tiempo ajustable<\/td>\n<td width=\"324\">0-99min<\/td>\n<\/tr>\n<tr>\n<td width=\"254\">M\u00e9todo de ajuste de la presi\u00f3n<\/td>\n<td width=\"324\">Regulaci\u00f3n autom\u00e1tica de la presi\u00f3n dentro del sistema<\/td>\n<\/tr>\n<tr>\n<td width=\"254\">M\u00e9todo de presi\u00f3n<\/td>\n<td width=\"324\">Presi\u00f3n neum\u00e1tica en un punto y presi\u00f3n neum\u00e1tica central<\/td>\n<\/tr>\n<tr>\n<td width=\"254\">Presi\u00f3n presurizada<\/td>\n<td width=\"324\">Centro: 0-150N (rango com\u00fan 40-120N) Punto \u00fanico: 0-90N<\/td>\n<\/tr>\n<tr>\n<td width=\"254\">N\u00famero de pinzas<\/td>\n<td width=\"324\">6<\/td>\n<\/tr>\n<tr>\n<td width=\"254\">Resistencia del espesor de la probeta<\/td>\n<td width=\"324\">8-22mm\uff08se puede personalizar\uff09<\/td>\n<\/tr>\n<tr>\n<td width=\"254\">Especificaciones de sujeci\u00f3n de las muestras<\/td>\n<td width=\"324\">Est\u00e1ndar \u042430, (\u042422 \u042430 \u042445 cualquier especificaci\u00f3n es opcional, las especificaciones especiales se pueden personalizar).<\/td>\n<\/tr>\n<tr>\n<td width=\"254\">Fuente de alimentaci\u00f3n<\/td>\n<td width=\"324\">220V 50Hz<\/td>\n<\/tr>\n<tr>\n<td width=\"254\">Potencia total<\/td>\n<td width=\"324\">2,8 KW<\/td>\n<\/tr>\n<tr>\n<td width=\"254\">Dimensiones<\/td>\n<td width=\"324\">755*660*710mm<\/td>\n<\/tr>\n<tr>\n<td width=\"254\">Peso<\/td>\n<td width=\"324\">100 kg<\/td>\n<\/tr>\n<\/tbody>\n<\/table>","protected":false},"excerpt":{"rendered":"<p>https:\/\/youtu.be\/htBKuq6adFA<\/p>","protected":false},"featured_media":30061,"comment_status":"open","ping_status":"closed","template":"","meta":[],"product_brand":[],"product_cat":[94,81],"product_tag":[115],"class_list":{"0":"post-30060","1":"product","2":"type-product","3":"status-publish","4":"has-post-thumbnail","6":"product_cat-metallographic-grinding-and-polishing-machine","7":"product_cat-sample-preparation-and-analysis","8":"product_tag-metallographic-grinding-polishing-machine","10":"first","11":"instock","12":"shipping-taxable","13":"product-type-simple"},"yoast_head":"<!-- This site is optimized with the Yoast SEO Premium plugin v25.4 (Yoast SEO v27.4) - https:\/\/yoast.com\/product\/yoast-seo-premium-wordpress\/ -->\n<title>HMP-2AB Automatic metallographic sample grinding and polishing machine - hardnesstests<\/title>\n<meta name=\"robots\" content=\"index, follow, max-snippet:-1, max-image-preview:large, max-video-preview:-1\" \/>\n<link rel=\"canonical\" href=\"https:\/\/hardnesstests.com\/es\/producto\/hmp-2ab-automatic-metallographic-sample-grinding-and-polishing-machine\/\" \/>\n<meta property=\"og:locale\" content=\"es_ES\" \/>\n<meta property=\"og:type\" content=\"article\" \/>\n<meta property=\"og:title\" content=\"HMP-2AB Automatic metallographic sample grinding and polishing machine\" \/>\n<meta property=\"og:description\" content=\"https:\/\/youtu.be\/htBKuq6adFA\" \/>\n<meta property=\"og:url\" content=\"https:\/\/hardnesstests.com\/es\/producto\/hmp-2ab-automatic-metallographic-sample-grinding-and-polishing-machine\/\" \/>\n<meta property=\"og:site_name\" content=\"hardnesstests\" \/>\n<meta property=\"og:image\" content=\"https:\/\/hardnesstests.com\/wp-content\/uploads\/2025\/11\/HMP-2AB.jpg\" \/>\n\t<meta property=\"og:image:width\" content=\"800\" \/>\n\t<meta property=\"og:image:height\" content=\"800\" \/>\n\t<meta property=\"og:image:type\" content=\"image\/jpeg\" \/>\n<meta name=\"twitter:card\" content=\"summary_large_image\" \/>\n<meta name=\"twitter:label1\" content=\"Tiempo de lectura\" \/>\n\t<meta name=\"twitter:data1\" content=\"2 minutos\" \/>\n<script type=\"application\/ld+json\" class=\"yoast-schema-graph\">{\"@context\":\"https:\\\/\\\/schema.org\",\"@graph\":[{\"@type\":\"WebPage\",\"@id\":\"https:\\\/\\\/hardnesstests.com\\\/product\\\/hmp-2ab-automatic-metallographic-sample-grinding-and-polishing-machine\\\/\",\"url\":\"https:\\\/\\\/hardnesstests.com\\\/product\\\/hmp-2ab-automatic-metallographic-sample-grinding-and-polishing-machine\\\/\",\"name\":\"HMP-2AB Automatic metallographic sample grinding and polishing machine - hardnesstests\",\"isPartOf\":{\"@id\":\"https:\\\/\\\/hardnesstests.com\\\/tr\\\/#website\"},\"primaryImageOfPage\":{\"@id\":\"https:\\\/\\\/hardnesstests.com\\\/product\\\/hmp-2ab-automatic-metallographic-sample-grinding-and-polishing-machine\\\/#primaryimage\"},\"image\":{\"@id\":\"https:\\\/\\\/hardnesstests.com\\\/product\\\/hmp-2ab-automatic-metallographic-sample-grinding-and-polishing-machine\\\/#primaryimage\"},\"thumbnailUrl\":\"https:\\\/\\\/hardnesstests.com\\\/wp-content\\\/uploads\\\/2025\\\/11\\\/HMP-2AB.jpg\",\"datePublished\":\"2025-11-28T06:01:43+00:00\",\"breadcrumb\":{\"@id\":\"https:\\\/\\\/hardnesstests.com\\\/product\\\/hmp-2ab-automatic-metallographic-sample-grinding-and-polishing-machine\\\/#breadcrumb\"},\"inLanguage\":\"es\",\"potentialAction\":[{\"@type\":\"ReadAction\",\"target\":[\"https:\\\/\\\/hardnesstests.com\\\/product\\\/hmp-2ab-automatic-metallographic-sample-grinding-and-polishing-machine\\\/\"]}]},{\"@type\":\"ImageObject\",\"inLanguage\":\"es\",\"@id\":\"https:\\\/\\\/hardnesstests.com\\\/product\\\/hmp-2ab-automatic-metallographic-sample-grinding-and-polishing-machine\\\/#primaryimage\",\"url\":\"https:\\\/\\\/hardnesstests.com\\\/wp-content\\\/uploads\\\/2025\\\/11\\\/HMP-2AB.jpg\",\"contentUrl\":\"https:\\\/\\\/hardnesstests.com\\\/wp-content\\\/uploads\\\/2025\\\/11\\\/HMP-2AB.jpg\",\"width\":800,\"height\":800,\"caption\":\"HMP-2AB Automatic metallographic sample grinding and polishing machine\"},{\"@type\":\"BreadcrumbList\",\"@id\":\"https:\\\/\\\/hardnesstests.com\\\/product\\\/hmp-2ab-automatic-metallographic-sample-grinding-and-polishing-machine\\\/#breadcrumb\",\"itemListElement\":[{\"@type\":\"ListItem\",\"position\":1,\"name\":\"\u9996\u9875\",\"item\":\"https:\\\/\\\/hardnesstests.com\\\/\"},{\"@type\":\"ListItem\",\"position\":2,\"name\":\"products\",\"item\":\"https:\\\/\\\/hardnesstests.com\\\/products\\\/\"},{\"@type\":\"ListItem\",\"position\":3,\"name\":\"HMP-2AB Automatic metallographic sample grinding and polishing machine\"}]},{\"@type\":\"WebSite\",\"@id\":\"https:\\\/\\\/hardnesstests.com\\\/tr\\\/#website\",\"url\":\"https:\\\/\\\/hardnesstests.com\\\/tr\\\/\",\"name\":\"hardnesstests\",\"description\":\"\",\"publisher\":{\"@id\":\"https:\\\/\\\/hardnesstests.com\\\/tr\\\/#organization\"},\"potentialAction\":[{\"@type\":\"SearchAction\",\"target\":{\"@type\":\"EntryPoint\",\"urlTemplate\":\"https:\\\/\\\/hardnesstests.com\\\/tr\\\/?s={search_term_string}\"},\"query-input\":{\"@type\":\"PropertyValueSpecification\",\"valueRequired\":true,\"valueName\":\"search_term_string\"}}],\"inLanguage\":\"es\"},{\"@type\":\"Organization\",\"@id\":\"https:\\\/\\\/hardnesstests.com\\\/tr\\\/#organization\",\"name\":\"hardnesstests\",\"url\":\"https:\\\/\\\/hardnesstests.com\\\/tr\\\/\",\"logo\":{\"@type\":\"ImageObject\",\"inLanguage\":\"es\",\"@id\":\"https:\\\/\\\/hardnesstests.com\\\/tr\\\/#\\\/schema\\\/logo\\\/image\\\/\",\"url\":\"https:\\\/\\\/hardnesstests.com\\\/wp-content\\\/uploads\\\/2021\\\/08\\\/\u5fae\u4fe1\u56fe\u7247_20251029102004_335_1287.png\",\"contentUrl\":\"https:\\\/\\\/hardnesstests.com\\\/wp-content\\\/uploads\\\/2021\\\/08\\\/\u5fae\u4fe1\u56fe\u7247_20251029102004_335_1287.png\",\"width\":1308,\"height\":467,\"caption\":\"hardnesstests\"},\"image\":{\"@id\":\"https:\\\/\\\/hardnesstests.com\\\/tr\\\/#\\\/schema\\\/logo\\\/image\\\/\"}}]}<\/script>\n<!-- \/ Yoast SEO Premium plugin. -->","yoast_head_json":{"title":"HMP-2AB Automatic metallographic sample grinding and polishing machine - hardnesstests","robots":{"index":"index","follow":"follow","max-snippet":"max-snippet:-1","max-image-preview":"max-image-preview:large","max-video-preview":"max-video-preview:-1"},"canonical":"https:\/\/hardnesstests.com\/es\/producto\/hmp-2ab-automatic-metallographic-sample-grinding-and-polishing-machine\/","og_locale":"es_ES","og_type":"article","og_title":"HMP-2AB Automatic metallographic sample grinding and polishing machine","og_description":"https:\/\/youtu.be\/htBKuq6adFA","og_url":"https:\/\/hardnesstests.com\/es\/producto\/hmp-2ab-automatic-metallographic-sample-grinding-and-polishing-machine\/","og_site_name":"hardnesstests","og_image":[{"width":800,"height":800,"url":"https:\/\/hardnesstests.com\/wp-content\/uploads\/2025\/11\/HMP-2AB.jpg","type":"image\/jpeg"}],"twitter_card":"summary_large_image","twitter_misc":{"Tiempo de lectura":"2 minutos"},"schema":{"@context":"https:\/\/schema.org","@graph":[{"@type":"WebPage","@id":"https:\/\/hardnesstests.com\/product\/hmp-2ab-automatic-metallographic-sample-grinding-and-polishing-machine\/","url":"https:\/\/hardnesstests.com\/product\/hmp-2ab-automatic-metallographic-sample-grinding-and-polishing-machine\/","name":"HMP-2AB Automatic metallographic sample grinding and polishing machine - hardnesstests","isPartOf":{"@id":"https:\/\/hardnesstests.com\/tr\/#website"},"primaryImageOfPage":{"@id":"https:\/\/hardnesstests.com\/product\/hmp-2ab-automatic-metallographic-sample-grinding-and-polishing-machine\/#primaryimage"},"image":{"@id":"https:\/\/hardnesstests.com\/product\/hmp-2ab-automatic-metallographic-sample-grinding-and-polishing-machine\/#primaryimage"},"thumbnailUrl":"https:\/\/hardnesstests.com\/wp-content\/uploads\/2025\/11\/HMP-2AB.jpg","datePublished":"2025-11-28T06:01:43+00:00","breadcrumb":{"@id":"https:\/\/hardnesstests.com\/product\/hmp-2ab-automatic-metallographic-sample-grinding-and-polishing-machine\/#breadcrumb"},"inLanguage":"es","potentialAction":[{"@type":"ReadAction","target":["https:\/\/hardnesstests.com\/product\/hmp-2ab-automatic-metallographic-sample-grinding-and-polishing-machine\/"]}]},{"@type":"ImageObject","inLanguage":"es","@id":"https:\/\/hardnesstests.com\/product\/hmp-2ab-automatic-metallographic-sample-grinding-and-polishing-machine\/#primaryimage","url":"https:\/\/hardnesstests.com\/wp-content\/uploads\/2025\/11\/HMP-2AB.jpg","contentUrl":"https:\/\/hardnesstests.com\/wp-content\/uploads\/2025\/11\/HMP-2AB.jpg","width":800,"height":800,"caption":"HMP-2AB Automatic metallographic sample grinding and polishing machine"},{"@type":"BreadcrumbList","@id":"https:\/\/hardnesstests.com\/product\/hmp-2ab-automatic-metallographic-sample-grinding-and-polishing-machine\/#breadcrumb","itemListElement":[{"@type":"ListItem","position":1,"name":"\u9996\u9875","item":"https:\/\/hardnesstests.com\/"},{"@type":"ListItem","position":2,"name":"products","item":"https:\/\/hardnesstests.com\/products\/"},{"@type":"ListItem","position":3,"name":"HMP-2AB Automatic metallographic sample grinding and polishing machine"}]},{"@type":"WebSite","@id":"https:\/\/hardnesstests.com\/tr\/#website","url":"https:\/\/hardnesstests.com\/tr\/","name":"hardnesstests","description":"","publisher":{"@id":"https:\/\/hardnesstests.com\/tr\/#organization"},"potentialAction":[{"@type":"SearchAction","target":{"@type":"EntryPoint","urlTemplate":"https:\/\/hardnesstests.com\/tr\/?s={search_term_string}"},"query-input":{"@type":"PropertyValueSpecification","valueRequired":true,"valueName":"search_term_string"}}],"inLanguage":"es"},{"@type":"Organization","@id":"https:\/\/hardnesstests.com\/tr\/#organization","name":"hardnesstests","url":"https:\/\/hardnesstests.com\/tr\/","logo":{"@type":"ImageObject","inLanguage":"es","@id":"https:\/\/hardnesstests.com\/tr\/#\/schema\/logo\/image\/","url":"https:\/\/hardnesstests.com\/wp-content\/uploads\/2021\/08\/\u5fae\u4fe1\u56fe\u7247_20251029102004_335_1287.png","contentUrl":"https:\/\/hardnesstests.com\/wp-content\/uploads\/2021\/08\/\u5fae\u4fe1\u56fe\u7247_20251029102004_335_1287.png","width":1308,"height":467,"caption":"hardnesstests"},"image":{"@id":"https:\/\/hardnesstests.com\/tr\/#\/schema\/logo\/image\/"}}]}},"_links":{"self":[{"href":"https:\/\/hardnesstests.com\/es\/wp-json\/wp\/v2\/product\/30060","targetHints":{"allow":["GET"]}}],"collection":[{"href":"https:\/\/hardnesstests.com\/es\/wp-json\/wp\/v2\/product"}],"about":[{"href":"https:\/\/hardnesstests.com\/es\/wp-json\/wp\/v2\/types\/product"}],"replies":[{"embeddable":true,"href":"https:\/\/hardnesstests.com\/es\/wp-json\/wp\/v2\/comments?post=30060"}],"version-history":[{"count":1,"href":"https:\/\/hardnesstests.com\/es\/wp-json\/wp\/v2\/product\/30060\/revisions"}],"predecessor-version":[{"id":30062,"href":"https:\/\/hardnesstests.com\/es\/wp-json\/wp\/v2\/product\/30060\/revisions\/30062"}],"wp:featuredmedia":[{"embeddable":true,"href":"https:\/\/hardnesstests.com\/es\/wp-json\/wp\/v2\/media\/30061"}],"wp:attachment":[{"href":"https:\/\/hardnesstests.com\/es\/wp-json\/wp\/v2\/media?parent=30060"}],"wp:term":[{"taxonomy":"product_brand","embeddable":true,"href":"https:\/\/hardnesstests.com\/es\/wp-json\/wp\/v2\/product_brand?post=30060"},{"taxonomy":"product_cat","embeddable":true,"href":"https:\/\/hardnesstests.com\/es\/wp-json\/wp\/v2\/product_cat?post=30060"},{"taxonomy":"product_tag","embeddable":true,"href":"https:\/\/hardnesstests.com\/es\/wp-json\/wp\/v2\/product_tag?post=30060"}],"curies":[{"name":"wp","href":"https:\/\/api.w.org\/{rel}","templated":true}]}}