{"id":30031,"date":"2025-11-28T05:36:20","date_gmt":"2025-11-28T05:36:20","guid":{"rendered":"https:\/\/hardnesstests.com\/?post_type=product&#038;p=30031"},"modified":"2025-11-28T05:36:20","modified_gmt":"2025-11-28T05:36:20","slug":"%ef%bc%88lx-cs%ef%bc%89-digital-shore-hardness-tester","status":"publish","type":"product","link":"https:\/\/hardnesstests.com\/es\/producto\/%ef%bc%88lx-cs%ef%bc%89-digital-shore-hardness-tester\/","title":{"rendered":"\uff08LX-CS\uff09 Dur\u00f3metro digital Shore"},"content":{"rendered":"<h1 style=\"font-weight: 400;\"><strong>Norma del producto y aplicaciones:<\/strong><\/h1>\n<ol>\n<li style=\"font-weight: 400;\">Los productos se fabrican de acuerdo con las normas internacionales ISO 868 e ISO 7619 y cumplen las normas GB\/T531, JB6148 y JJG304.<\/li>\n<li style=\"font-weight: 400;\">\u00a0It is suitable for measuring the hardness of an image-molded microporous material made of a foaming agent with a stress of 0.5kg\/cm2 or more when the compression rate is 50%, and it can also be used for the hardness test of other materials with similar hardness.<\/li>\n<\/ol>\n<h1 style=\"font-weight: 400;\"><strong>Par\u00e1metros t\u00e9cnicos:<\/strong><\/h1>\n<table>\n<tbody>\n<tr>\n<td width=\"187\">Rango de medici\u00f3n<\/td>\n<td width=\"293\">0-100HD<\/td>\n<\/tr>\n<tr>\n<td width=\"187\">Error de medici\u00f3n<\/td>\n<td width=\"293\">Dentro de 10-90 grados\uff0cerror&lt;\u00b11 grados<\/td>\n<\/tr>\n<tr>\n<td width=\"187\">Resoluci\u00f3n<\/td>\n<td width=\"293\">0,5 grados<\/td>\n<\/tr>\n<tr>\n<td width=\"187\">Golpe de aguja<\/td>\n<td width=\"293\">2,5 mm<\/td>\n<\/tr>\n<tr>\n<td width=\"187\">Presi\u00f3n en el extremo de la aguja<\/td>\n<td width=\"293\">0,55N-8,05N<\/td>\n<\/tr>\n<tr>\n<td width=\"187\">Tama\u00f1o de la cabeza de la aguja<\/td>\n<td width=\"293\">SR2.5MM<\/td>\n<\/tr>\n<tr>\n<td width=\"187\">Tama\u00f1o del producto<\/td>\n<td width=\"293\">115\u00d760\u00d725mm<\/td>\n<\/tr>\n<tr>\n<td width=\"187\">Peso<\/td>\n<td width=\"293\">Unos 160 g<\/td>\n<\/tr>\n<\/tbody>\n<\/table>\n<p style=\"font-weight: 400;\">Observaciones: Puede elegir el soporte de prueba para que la prueba sea m\u00e1s estable y precisa.<\/p>","protected":false},"excerpt":{"rendered":"<p>Dur\u00f3metro Shore (dur\u00f3metro de caucho) es ampliamente utilizado en la medici\u00f3n de la dureza de caucho y pl\u00e1stico. Con las caracter\u00edsticas de la estructura simple, del uso conveniente, del cuerpo peque\u00f1o, del peso ligero, y de la lectura intuitiva, puede llevar la medida de mano, o puede ser fijado en el mismo tipo de soporte de carga fijo para hacer juego la producci\u00f3n.<\/p>","protected":false},"featured_media":30032,"comment_status":"open","ping_status":"closed","template":"","meta":[],"product_brand":[],"product_cat":[70,79],"product_tag":[114],"class_list":{"0":"post-30031","1":"product","2":"type-product","3":"status-publish","4":"has-post-thumbnail","6":"product_cat-hardness-tester","7":"product_cat-shore-hardness-tester","8":"product_tag-methods-shore-durometer-test","10":"first","11":"instock","12":"shipping-taxable","13":"product-type-simple"},"yoast_head":"<!-- This site is optimized with the Yoast SEO Premium plugin v25.4 (Yoast SEO v27.4) - https:\/\/yoast.com\/product\/yoast-seo-premium-wordpress\/ -->\n<title>\uff08LX-CS\uff09 Digital Shore Hardness Tester - hardnesstests<\/title>\n<meta name=\"robots\" content=\"index, follow, max-snippet:-1, max-image-preview:large, max-video-preview:-1\" \/>\n<link rel=\"canonical\" href=\"https:\/\/hardnesstests.com\/es\/producto\/\uff08lx-cs\uff09-digital-shore-hardness-tester\/\" \/>\n<meta property=\"og:locale\" content=\"es_ES\" \/>\n<meta property=\"og:type\" content=\"article\" \/>\n<meta property=\"og:title\" content=\"\uff08LX-CS\uff09 Digital Shore Hardness Tester\" \/>\n<meta property=\"og:description\" content=\"Shore hardness tester (rubber hardness tester) is widely used in hardness measurement of rubber and plastic. With the features of simple structure, convenient use, small body, light weight, and intuitive reading, it can carry hand-held measurement, or it can be set on the same type of fixed load holder for matching production.\" \/>\n<meta property=\"og:url\" content=\"https:\/\/hardnesstests.com\/es\/producto\/\uff08lx-cs\uff09-digital-shore-hardness-tester\/\" \/>\n<meta property=\"og:site_name\" content=\"hardnesstests\" \/>\n<meta property=\"og:image\" content=\"https:\/\/hardnesstests.com\/wp-content\/uploads\/2025\/11\/LX-CS\u6570\u663e\u90b5\u6c0f\u786c\u5ea6\u8ba1.jpg\" \/>\n\t<meta property=\"og:image:width\" content=\"550\" \/>\n\t<meta property=\"og:image:height\" content=\"550\" \/>\n\t<meta property=\"og:image:type\" content=\"image\/jpeg\" \/>\n<meta name=\"twitter:card\" content=\"summary_large_image\" \/>\n<meta name=\"twitter:label1\" content=\"Tiempo de lectura\" \/>\n\t<meta name=\"twitter:data1\" content=\"1 minuto\" \/>\n<script type=\"application\/ld+json\" class=\"yoast-schema-graph\">{\"@context\":\"https:\\\/\\\/schema.org\",\"@graph\":[{\"@type\":\"WebPage\",\"@id\":\"https:\\\/\\\/hardnesstests.com\\\/product\\\/%ef%bc%88lx-cs%ef%bc%89-digital-shore-hardness-tester\\\/\",\"url\":\"https:\\\/\\\/hardnesstests.com\\\/product\\\/%ef%bc%88lx-cs%ef%bc%89-digital-shore-hardness-tester\\\/\",\"name\":\"\uff08LX-CS\uff09 Digital Shore Hardness Tester - hardnesstests\",\"isPartOf\":{\"@id\":\"https:\\\/\\\/hardnesstests.com\\\/tr\\\/#website\"},\"primaryImageOfPage\":{\"@id\":\"https:\\\/\\\/hardnesstests.com\\\/product\\\/%ef%bc%88lx-cs%ef%bc%89-digital-shore-hardness-tester\\\/#primaryimage\"},\"image\":{\"@id\":\"https:\\\/\\\/hardnesstests.com\\\/product\\\/%ef%bc%88lx-cs%ef%bc%89-digital-shore-hardness-tester\\\/#primaryimage\"},\"thumbnailUrl\":\"https:\\\/\\\/hardnesstests.com\\\/wp-content\\\/uploads\\\/2025\\\/11\\\/LX-CS\u6570\u663e\u90b5\u6c0f\u786c\u5ea6\u8ba1.jpg\",\"datePublished\":\"2025-11-28T05:36:20+00:00\",\"breadcrumb\":{\"@id\":\"https:\\\/\\\/hardnesstests.com\\\/product\\\/%ef%bc%88lx-cs%ef%bc%89-digital-shore-hardness-tester\\\/#breadcrumb\"},\"inLanguage\":\"es\",\"potentialAction\":[{\"@type\":\"ReadAction\",\"target\":[\"https:\\\/\\\/hardnesstests.com\\\/product\\\/%ef%bc%88lx-cs%ef%bc%89-digital-shore-hardness-tester\\\/\"]}]},{\"@type\":\"ImageObject\",\"inLanguage\":\"es\",\"@id\":\"https:\\\/\\\/hardnesstests.com\\\/product\\\/%ef%bc%88lx-cs%ef%bc%89-digital-shore-hardness-tester\\\/#primaryimage\",\"url\":\"https:\\\/\\\/hardnesstests.com\\\/wp-content\\\/uploads\\\/2025\\\/11\\\/LX-CS\u6570\u663e\u90b5\u6c0f\u786c\u5ea6\u8ba1.jpg\",\"contentUrl\":\"https:\\\/\\\/hardnesstests.com\\\/wp-content\\\/uploads\\\/2025\\\/11\\\/LX-CS\u6570\u663e\u90b5\u6c0f\u786c\u5ea6\u8ba1.jpg\",\"width\":550,\"height\":550,\"caption\":\"\uff08LX-CS\uff09 Digital Shore Hardness Tester\"},{\"@type\":\"BreadcrumbList\",\"@id\":\"https:\\\/\\\/hardnesstests.com\\\/product\\\/%ef%bc%88lx-cs%ef%bc%89-digital-shore-hardness-tester\\\/#breadcrumb\",\"itemListElement\":[{\"@type\":\"ListItem\",\"position\":1,\"name\":\"\u9996\u9875\",\"item\":\"https:\\\/\\\/hardnesstests.com\\\/\"},{\"@type\":\"ListItem\",\"position\":2,\"name\":\"products\",\"item\":\"https:\\\/\\\/hardnesstests.com\\\/products\\\/\"},{\"@type\":\"ListItem\",\"position\":3,\"name\":\"\uff08LX-CS\uff09 Digital Shore Hardness Tester\"}]},{\"@type\":\"WebSite\",\"@id\":\"https:\\\/\\\/hardnesstests.com\\\/tr\\\/#website\",\"url\":\"https:\\\/\\\/hardnesstests.com\\\/tr\\\/\",\"name\":\"hardnesstests\",\"description\":\"\",\"publisher\":{\"@id\":\"https:\\\/\\\/hardnesstests.com\\\/tr\\\/#organization\"},\"potentialAction\":[{\"@type\":\"SearchAction\",\"target\":{\"@type\":\"EntryPoint\",\"urlTemplate\":\"https:\\\/\\\/hardnesstests.com\\\/tr\\\/?s={search_term_string}\"},\"query-input\":{\"@type\":\"PropertyValueSpecification\",\"valueRequired\":true,\"valueName\":\"search_term_string\"}}],\"inLanguage\":\"es\"},{\"@type\":\"Organization\",\"@id\":\"https:\\\/\\\/hardnesstests.com\\\/tr\\\/#organization\",\"name\":\"hardnesstests\",\"url\":\"https:\\\/\\\/hardnesstests.com\\\/tr\\\/\",\"logo\":{\"@type\":\"ImageObject\",\"inLanguage\":\"es\",\"@id\":\"https:\\\/\\\/hardnesstests.com\\\/tr\\\/#\\\/schema\\\/logo\\\/image\\\/\",\"url\":\"https:\\\/\\\/hardnesstests.com\\\/wp-content\\\/uploads\\\/2021\\\/08\\\/\u5fae\u4fe1\u56fe\u7247_20251029102004_335_1287.png\",\"contentUrl\":\"https:\\\/\\\/hardnesstests.com\\\/wp-content\\\/uploads\\\/2021\\\/08\\\/\u5fae\u4fe1\u56fe\u7247_20251029102004_335_1287.png\",\"width\":1308,\"height\":467,\"caption\":\"hardnesstests\"},\"image\":{\"@id\":\"https:\\\/\\\/hardnesstests.com\\\/tr\\\/#\\\/schema\\\/logo\\\/image\\\/\"}}]}<\/script>\n<!-- \/ Yoast SEO Premium plugin. -->","yoast_head_json":{"title":"\uff08LX-CS\uff09 Digital Shore Hardness Tester - hardnesstests","robots":{"index":"index","follow":"follow","max-snippet":"max-snippet:-1","max-image-preview":"max-image-preview:large","max-video-preview":"max-video-preview:-1"},"canonical":"https:\/\/hardnesstests.com\/es\/producto\/\uff08lx-cs\uff09-digital-shore-hardness-tester\/","og_locale":"es_ES","og_type":"article","og_title":"\uff08LX-CS\uff09 Digital Shore Hardness Tester","og_description":"Shore hardness tester (rubber hardness tester) is widely used in hardness measurement of rubber and plastic. With the features of simple structure, convenient use, small body, light weight, and intuitive reading, it can carry hand-held measurement, or it can be set on the same type of fixed load holder for matching production.","og_url":"https:\/\/hardnesstests.com\/es\/producto\/\uff08lx-cs\uff09-digital-shore-hardness-tester\/","og_site_name":"hardnesstests","og_image":[{"width":550,"height":550,"url":"https:\/\/hardnesstests.com\/wp-content\/uploads\/2025\/11\/LX-CS\u6570\u663e\u90b5\u6c0f\u786c\u5ea6\u8ba1.jpg","type":"image\/jpeg"}],"twitter_card":"summary_large_image","twitter_misc":{"Tiempo de lectura":"1 minuto"},"schema":{"@context":"https:\/\/schema.org","@graph":[{"@type":"WebPage","@id":"https:\/\/hardnesstests.com\/product\/%ef%bc%88lx-cs%ef%bc%89-digital-shore-hardness-tester\/","url":"https:\/\/hardnesstests.com\/product\/%ef%bc%88lx-cs%ef%bc%89-digital-shore-hardness-tester\/","name":"\uff08LX-CS\uff09 Digital Shore Hardness Tester - hardnesstests","isPartOf":{"@id":"https:\/\/hardnesstests.com\/tr\/#website"},"primaryImageOfPage":{"@id":"https:\/\/hardnesstests.com\/product\/%ef%bc%88lx-cs%ef%bc%89-digital-shore-hardness-tester\/#primaryimage"},"image":{"@id":"https:\/\/hardnesstests.com\/product\/%ef%bc%88lx-cs%ef%bc%89-digital-shore-hardness-tester\/#primaryimage"},"thumbnailUrl":"https:\/\/hardnesstests.com\/wp-content\/uploads\/2025\/11\/LX-CS\u6570\u663e\u90b5\u6c0f\u786c\u5ea6\u8ba1.jpg","datePublished":"2025-11-28T05:36:20+00:00","breadcrumb":{"@id":"https:\/\/hardnesstests.com\/product\/%ef%bc%88lx-cs%ef%bc%89-digital-shore-hardness-tester\/#breadcrumb"},"inLanguage":"es","potentialAction":[{"@type":"ReadAction","target":["https:\/\/hardnesstests.com\/product\/%ef%bc%88lx-cs%ef%bc%89-digital-shore-hardness-tester\/"]}]},{"@type":"ImageObject","inLanguage":"es","@id":"https:\/\/hardnesstests.com\/product\/%ef%bc%88lx-cs%ef%bc%89-digital-shore-hardness-tester\/#primaryimage","url":"https:\/\/hardnesstests.com\/wp-content\/uploads\/2025\/11\/LX-CS\u6570\u663e\u90b5\u6c0f\u786c\u5ea6\u8ba1.jpg","contentUrl":"https:\/\/hardnesstests.com\/wp-content\/uploads\/2025\/11\/LX-CS\u6570\u663e\u90b5\u6c0f\u786c\u5ea6\u8ba1.jpg","width":550,"height":550,"caption":"\uff08LX-CS\uff09 Digital Shore Hardness Tester"},{"@type":"BreadcrumbList","@id":"https:\/\/hardnesstests.com\/product\/%ef%bc%88lx-cs%ef%bc%89-digital-shore-hardness-tester\/#breadcrumb","itemListElement":[{"@type":"ListItem","position":1,"name":"\u9996\u9875","item":"https:\/\/hardnesstests.com\/"},{"@type":"ListItem","position":2,"name":"products","item":"https:\/\/hardnesstests.com\/products\/"},{"@type":"ListItem","position":3,"name":"\uff08LX-CS\uff09 Digital Shore Hardness Tester"}]},{"@type":"WebSite","@id":"https:\/\/hardnesstests.com\/tr\/#website","url":"https:\/\/hardnesstests.com\/tr\/","name":"hardnesstests","description":"","publisher":{"@id":"https:\/\/hardnesstests.com\/tr\/#organization"},"potentialAction":[{"@type":"SearchAction","target":{"@type":"EntryPoint","urlTemplate":"https:\/\/hardnesstests.com\/tr\/?s={search_term_string}"},"query-input":{"@type":"PropertyValueSpecification","valueRequired":true,"valueName":"search_term_string"}}],"inLanguage":"es"},{"@type":"Organization","@id":"https:\/\/hardnesstests.com\/tr\/#organization","name":"hardnesstests","url":"https:\/\/hardnesstests.com\/tr\/","logo":{"@type":"ImageObject","inLanguage":"es","@id":"https:\/\/hardnesstests.com\/tr\/#\/schema\/logo\/image\/","url":"https:\/\/hardnesstests.com\/wp-content\/uploads\/2021\/08\/\u5fae\u4fe1\u56fe\u7247_20251029102004_335_1287.png","contentUrl":"https:\/\/hardnesstests.com\/wp-content\/uploads\/2021\/08\/\u5fae\u4fe1\u56fe\u7247_20251029102004_335_1287.png","width":1308,"height":467,"caption":"hardnesstests"},"image":{"@id":"https:\/\/hardnesstests.com\/tr\/#\/schema\/logo\/image\/"}}]}},"_links":{"self":[{"href":"https:\/\/hardnesstests.com\/es\/wp-json\/wp\/v2\/product\/30031","targetHints":{"allow":["GET"]}}],"collection":[{"href":"https:\/\/hardnesstests.com\/es\/wp-json\/wp\/v2\/product"}],"about":[{"href":"https:\/\/hardnesstests.com\/es\/wp-json\/wp\/v2\/types\/product"}],"replies":[{"embeddable":true,"href":"https:\/\/hardnesstests.com\/es\/wp-json\/wp\/v2\/comments?post=30031"}],"version-history":[{"count":1,"href":"https:\/\/hardnesstests.com\/es\/wp-json\/wp\/v2\/product\/30031\/revisions"}],"predecessor-version":[{"id":30033,"href":"https:\/\/hardnesstests.com\/es\/wp-json\/wp\/v2\/product\/30031\/revisions\/30033"}],"wp:featuredmedia":[{"embeddable":true,"href":"https:\/\/hardnesstests.com\/es\/wp-json\/wp\/v2\/media\/30032"}],"wp:attachment":[{"href":"https:\/\/hardnesstests.com\/es\/wp-json\/wp\/v2\/media?parent=30031"}],"wp:term":[{"taxonomy":"product_brand","embeddable":true,"href":"https:\/\/hardnesstests.com\/es\/wp-json\/wp\/v2\/product_brand?post=30031"},{"taxonomy":"product_cat","embeddable":true,"href":"https:\/\/hardnesstests.com\/es\/wp-json\/wp\/v2\/product_cat?post=30031"},{"taxonomy":"product_tag","embeddable":true,"href":"https:\/\/hardnesstests.com\/es\/wp-json\/wp\/v2\/product_tag?post=30031"}],"curies":[{"name":"wp","href":"https:\/\/api.w.org\/{rel}","templated":true}]}}