{"id":29981,"date":"2025-11-28T03:27:03","date_gmt":"2025-11-28T03:27:03","guid":{"rendered":"https:\/\/hardnesstests.com\/?post_type=product&#038;p=29981"},"modified":"2025-11-28T03:27:03","modified_gmt":"2025-11-28T03:27:03","slug":"touch-screen-digital-display-automatic-turret-type-vickers-hardness-testerhvst-50z","status":"publish","type":"product","link":"https:\/\/hardnesstests.com\/es\/producto\/touch-screen-digital-display-automatic-turret-type-vickers-hardness-testerhvst-50z\/","title":{"rendered":"Pantalla t\u00e1ctil digital de tipo torreta autom\u00e1tica Vickers Dur\u00f3metro (HVST-50Z)"},"content":{"rendered":"<h1 style=\"font-weight: 400;\"><strong>Funciones y caracter\u00edsticas principales:<\/strong><\/h1>\n<ol>\n<li style=\"font-weight: 400;\">El sistema \u00f3ptico dise\u00f1ado por ingenieros \u00f3pticos superiores no s\u00f3lo ofrece im\u00e1genes n\u00edtidas, sino que tambi\u00e9n puede utilizarse como un microscopio sencillo, con brillo ajustable, visi\u00f3n c\u00f3moda y no es f\u00e1cil que se fatigue tras un funcionamiento prolongado;<\/li>\n<li style=\"font-weight: 400;\">The 7-inch touch screen can display the test method, test force, upper and lower limits of hardness value, measured indentation length, hardness value, test force retention time, measurement times and can enter year, month, date, test results and data processing Wait;<\/li>\n<li style=\"font-weight: 400;\">The system comes with a calibration function, and each test force can be manually adjusted to input the error calibration instrument;<\/li>\n<li style=\"font-weight: 400;\">The adjustable range of optical system brightness: 0-100;<\/li>\n<li style=\"font-weight: 400;\">It can store up to 100 sets of test data, and display the average value and test times data on the main interface;<\/li>\n<li style=\"font-weight: 400;\">The test force unit can be manually selected for mutual conversion, the conversion unit is: (Kgf, N)<\/li>\n<li style=\"font-weight: 400;\">The main interface can display 4 conversion scales at the same time, and can switch between national standards, American standards and international standards. A total of 18 measurement scales can be converted: HRA, HRB, HRC, HRD, HRE, HRF, HRG, HRH, HRK , HR15N, HR30N, HR45N, HR15T, HR30T, HR45T, HV, HK, HBW;<\/li>\n<li style=\"font-weight: 400;\">Both objective lenses can directly measure the hardness,<\/li>\n<li style=\"font-weight: 400;\">With diagonal length memory function, the diagonal length will be automatically memorized after shutting down, and it will be measured directly after starting up, no need to reset it twice.<\/li>\n<li style=\"font-weight: 400;\">The measuring scale can be converted into HK Knoop hardness;<\/li>\n<li style=\"font-weight: 400;\">Test data can be directly exported via USB<\/li>\n<li style=\"font-weight: 400;\">The upper and lower limit measurement range can be set and displayed on the main measurement interface<\/li>\n<li style=\"font-weight: 400;\">The operating system can be converted between Chinese and English;<\/li>\n<li style=\"font-weight: 400;\">Optional built-in printer, test data can also be output to U disk via USB for storage and analysis;<\/li>\n<li style=\"font-weight: 400;\">The HSVT-50Z model is realistic: the measured length can directly confirm the hardness value;<\/li>\n<li style=\"font-weight: 400;\">HVST-50Z model can realize: the position switch of observation-test-measurement is completed by automatic turret<\/li>\n<li style=\"font-weight: 400;\">The cast aluminum shell has a stable structure without deformation at one time, and the pure white car paint has a high grade, strong scratch resistance, and it is still bright as new after many years of use;<\/li>\n<li style=\"font-weight: 400;\">Our company has the ability to develop, design, produce and process by ourselves, and provide parts replacement and maintenance upgrade services for our machines for life<\/li>\n<\/ol>\n<h1 style=\"font-weight: 400;\"><strong>\u00c1mbito de aplicaci\u00f3n principal:<\/strong><\/h1>\n<ol>\n<li style=\"font-weight: 400;\">Hierro y acero, metales no ferrosos, l\u00e1minas met\u00e1licas, aleaciones duras, chapas met\u00e1licas, microestructuras, carbonizaci\u00f3n;<\/li>\n<li style=\"font-weight: 400;\">Capas de carburaci\u00f3n, nitruraci\u00f3n y descarburaci\u00f3n, capa endurecida superficial, capa de chapado, revestimiento, tratamiento t\u00e9rmico;<\/li>\n<li style=\"font-weight: 400;\">vidrio, obleas, materiales cer\u00e1micos;<\/li>\n<\/ol>\n<h1 style=\"font-weight: 400;\"><strong>Par\u00e1metros t\u00e9cnicos:<\/strong><\/h1>\n<table style=\"font-weight: 400;\">\n<tbody>\n<tr>\n<td width=\"259\">nombre del par\u00e1metro<\/td>\n<td width=\"294\">Datos de los par\u00e1metros<\/td>\n<\/tr>\n<tr>\n<td width=\"259\">Escala de dureza Vickers<\/td>\n<td width=\"294\">HV1,HV5,HV10,HV20,HV30,HV50<\/td>\n<\/tr>\n<tr>\n<td width=\"259\">mostrar<\/td>\n<td width=\"294\">Valor de dureza de 5 d\u00edgitos, longitud diagonal de 4 d\u00edgitos (D1, D2),<\/p>\n<p>Tiempo de espera, n\u00famero de pruebas, media, desviaci\u00f3n t\u00edpica, rendimiento<\/td>\n<\/tr>\n<tr>\n<td width=\"259\">Fuerza de ensayo (Kgf)<\/td>\n<td width=\"294\">1.0Kgf(9.8N)\u30015.0Kgf(49.0N)\u300110Kgf(98.0N)\u3001<\/p>\n<p>20Kgf(196N)\u300130Kgf(294N)\u300150Kgf(490N)<\/td>\n<\/tr>\n<tr>\n<td width=\"259\">Control de carga<\/td>\n<td width=\"294\">Autom\u00e1tico (carga\/retenci\u00f3n\/desinstalaci\u00f3n)<\/td>\n<\/tr>\n<tr>\n<td width=\"259\">Tiempo de retenci\u00f3n de la fuerza de ensayo<\/td>\n<td width=\"294\">1\uff5e99<\/td>\n<\/tr>\n<tr>\n<td width=\"259\">Canal \u00f3ptico<\/td>\n<td width=\"294\">Canales de luz dobles (oculares y canales de c\u00e1mara CCD)<\/td>\n<\/tr>\n<tr>\n<td width=\"259\">Sistema \u00f3ptico<\/td>\n<td width=\"294\">Objetivos: 10\u00d7, 20\u00d7<\/p>\n<p>Eyepiece Magnification: 10\u00d7(can be changed to 15X)<\/p>\n<p>Total magnification (\u03bcm): 100\u00d7, 200\u00d7(can be changed to 150X,300X)<\/p>\n<p>Rango de medici\u00f3n (\u03bcm): 400<\/p>\n<p>Resoluci\u00f3n (\u03bcm): 0.125<\/td>\n<\/tr>\n<tr>\n<td width=\"259\">Rango de medici\u00f3n de la dureza<\/td>\n<td width=\"294\">(5-3000)HV<\/td>\n<\/tr>\n<tr>\n<td width=\"259\">Banco de pruebas XY (opcional)<\/td>\n<td width=\"294\">Tama\u00f1o (mm): 100\u00d7100<\/p>\n<p>Rango de recorrido (mm): 25\u00d725<\/p>\n<p>Lectura m\u00ednima (mm): 0.01<\/td>\n<\/tr>\n<tr>\n<td width=\"259\">Altura m\u00e1xima de la probeta (mm)<\/td>\n<td width=\"294\">165<\/td>\n<\/tr>\n<tr>\n<td width=\"259\">Anchura m\u00e1xima de la probeta (mm)<\/td>\n<td width=\"294\">130 (distancia de la l\u00ednea central del penetrador a la pared)<\/td>\n<\/tr>\n<tr>\n<td width=\"259\">Data output (optional)<\/td>\n<td width=\"294\">Built-in printer, test data can also be output to U disk via USB for storage and analysis<\/td>\n<\/tr>\n<tr>\n<td width=\"259\">tensi\u00f3n<\/td>\n<td width=\"294\">AC220V\/50HZ<\/td>\n<\/tr>\n<tr>\n<td width=\"259\">Tama\u00f1o total (mm)<\/td>\n<td width=\"294\">585\u00d7200\u00d7630<\/td>\n<\/tr>\n<tr>\n<td width=\"259\">Peso (kg)<\/td>\n<td width=\"294\">42<\/td>\n<\/tr>\n<\/tbody>\n<\/table>\n<h1 style=\"font-weight: 400;\"><strong>Configuraci\u00f3n est\u00e1ndar<\/strong><\/h1>\n<table style=\"font-weight: 400;\">\n<tbody>\n<tr>\n<td width=\"277\">Ordenador anfitri\u00f3n<\/td>\n<td width=\"277\">1<\/td>\n<\/tr>\n<tr>\n<td width=\"277\">peso<\/td>\n<td width=\"277\">3<\/td>\n<\/tr>\n<tr>\n<td width=\"277\">Bancos de pruebas en \u201cV\u201d grandes y medianos<\/td>\n<td width=\"277\">1 por unidad<\/td>\n<\/tr>\n<tr>\n<td width=\"277\">Tornillo de ajuste horizontal<\/td>\n<td width=\"277\">4<\/td>\n<\/tr>\n<tr>\n<td width=\"277\">Cable de alimentaci\u00f3n<\/td>\n<td width=\"277\">1<\/td>\n<\/tr>\n<tr>\n<td width=\"277\">Ocular de microscopio digital 10X<\/td>\n<td width=\"277\">1<\/td>\n<\/tr>\n<tr>\n<td width=\"277\">Bloque de dureza Vickers<\/td>\n<td width=\"277\">2<\/td>\n<\/tr>\n<tr>\n<td width=\"277\">Fusible de repuesto 2A<\/td>\n<td width=\"277\">2<\/td>\n<\/tr>\n<tr>\n<td width=\"277\">Certificado del producto<\/td>\n<td width=\"277\">1<\/td>\n<\/tr>\n<tr>\n<td width=\"277\">Manual de instrucciones<\/td>\n<td width=\"277\">1<\/td>\n<\/tr>\n<\/tbody>\n<\/table>\n<p style=\"font-weight: 400;\">Remarks: Optional internal printer, one-click printing of measurement data. Optional hardness meter measurement software, eliminate human error, computer operation, improve efficiency, accuracy is more accurate.<\/p>","protected":false},"excerpt":{"rendered":"<p>The digital turret-type Vickers hardness tester can meet the basic Vickers hardness test requirements. The upgraded digital micrometer eyepiece can directly read the measurement length, so that the measurement value can be obtained more quickly and accurately. The tower can automatically switch the eyepiece and indenter to avoid artificial errors and damage the instrument, and also greatly improve the efficiency. With 7-inch LCD touch screen, you can provide more measurement data, control is more comprehensive and accurate.<\/p>","protected":false},"featured_media":29982,"comment_status":"open","ping_status":"closed","template":"","meta":[],"product_brand":[],"product_cat":[70,72],"product_tag":[113],"class_list":{"0":"post-29981","1":"product","2":"type-product","3":"status-publish","4":"has-post-thumbnail","6":"product_cat-hardness-tester","7":"product_cat-vickers-hardness-tester","8":"product_tag-vickers-hardness-tester","10":"first","11":"instock","12":"shipping-taxable","13":"product-type-simple"},"yoast_head":"<!-- This site is optimized with the Yoast SEO Premium plugin v25.4 (Yoast SEO v27.4) - https:\/\/yoast.com\/product\/yoast-seo-premium-wordpress\/ -->\n<title>Touch screen digital display automatic turret type Vickers Hardness Tester(HVST-50Z) - hardnesstests<\/title>\n<meta name=\"robots\" content=\"index, follow, max-snippet:-1, max-image-preview:large, max-video-preview:-1\" \/>\n<link rel=\"canonical\" href=\"https:\/\/hardnesstests.com\/es\/producto\/touch-screen-digital-display-automatic-turret-type-vickers-hardness-testerhvst-50z\/\" \/>\n<meta property=\"og:locale\" content=\"es_ES\" \/>\n<meta property=\"og:type\" content=\"article\" \/>\n<meta property=\"og:title\" content=\"Touch screen digital display automatic turret type Vickers Hardness Tester(HVST-50Z)\" \/>\n<meta property=\"og:description\" content=\"The digital turret-type Vickers hardness tester can meet the basic Vickers hardness test requirements. The upgraded digital micrometer eyepiece can directly read the measurement length, so that the measurement value can be obtained more quickly and accurately. The tower can automatically switch the eyepiece and indenter to avoid artificial errors and damage the instrument, and also greatly improve the efficiency. With 7-inch LCD touch screen, you can provide more measurement data, control is more comprehensive and accurate.\" \/>\n<meta property=\"og:url\" content=\"https:\/\/hardnesstests.com\/es\/producto\/touch-screen-digital-display-automatic-turret-type-vickers-hardness-testerhvst-50z\/\" \/>\n<meta property=\"og:site_name\" content=\"hardnesstests\" \/>\n<meta property=\"og:image\" content=\"https:\/\/hardnesstests.com\/wp-content\/uploads\/2025\/11\/HVST-50Z\u89e6\u6478\u5c4f\u6570\u663e\u81ea\u52a8\u8f6c\u5854\u578b.jpg\" \/>\n\t<meta property=\"og:image:width\" content=\"800\" \/>\n\t<meta property=\"og:image:height\" content=\"800\" \/>\n\t<meta property=\"og:image:type\" content=\"image\/jpeg\" \/>\n<meta name=\"twitter:card\" content=\"summary_large_image\" \/>\n<meta name=\"twitter:label1\" content=\"Tiempo de lectura\" \/>\n\t<meta name=\"twitter:data1\" content=\"3 minutos\" \/>\n<script type=\"application\/ld+json\" class=\"yoast-schema-graph\">{\"@context\":\"https:\\\/\\\/schema.org\",\"@graph\":[{\"@type\":\"WebPage\",\"@id\":\"https:\\\/\\\/hardnesstests.com\\\/product\\\/touch-screen-digital-display-automatic-turret-type-vickers-hardness-testerhvst-50z\\\/\",\"url\":\"https:\\\/\\\/hardnesstests.com\\\/product\\\/touch-screen-digital-display-automatic-turret-type-vickers-hardness-testerhvst-50z\\\/\",\"name\":\"Touch screen digital display automatic turret type Vickers Hardness Tester(HVST-50Z) - hardnesstests\",\"isPartOf\":{\"@id\":\"https:\\\/\\\/hardnesstests.com\\\/tr\\\/#website\"},\"primaryImageOfPage\":{\"@id\":\"https:\\\/\\\/hardnesstests.com\\\/product\\\/touch-screen-digital-display-automatic-turret-type-vickers-hardness-testerhvst-50z\\\/#primaryimage\"},\"image\":{\"@id\":\"https:\\\/\\\/hardnesstests.com\\\/product\\\/touch-screen-digital-display-automatic-turret-type-vickers-hardness-testerhvst-50z\\\/#primaryimage\"},\"thumbnailUrl\":\"https:\\\/\\\/hardnesstests.com\\\/wp-content\\\/uploads\\\/2025\\\/11\\\/HVST-50Z\u89e6\u6478\u5c4f\u6570\u663e\u81ea\u52a8\u8f6c\u5854\u578b.jpg\",\"datePublished\":\"2025-11-28T03:27:03+00:00\",\"breadcrumb\":{\"@id\":\"https:\\\/\\\/hardnesstests.com\\\/product\\\/touch-screen-digital-display-automatic-turret-type-vickers-hardness-testerhvst-50z\\\/#breadcrumb\"},\"inLanguage\":\"es\",\"potentialAction\":[{\"@type\":\"ReadAction\",\"target\":[\"https:\\\/\\\/hardnesstests.com\\\/product\\\/touch-screen-digital-display-automatic-turret-type-vickers-hardness-testerhvst-50z\\\/\"]}]},{\"@type\":\"ImageObject\",\"inLanguage\":\"es\",\"@id\":\"https:\\\/\\\/hardnesstests.com\\\/product\\\/touch-screen-digital-display-automatic-turret-type-vickers-hardness-testerhvst-50z\\\/#primaryimage\",\"url\":\"https:\\\/\\\/hardnesstests.com\\\/wp-content\\\/uploads\\\/2025\\\/11\\\/HVST-50Z\u89e6\u6478\u5c4f\u6570\u663e\u81ea\u52a8\u8f6c\u5854\u578b.jpg\",\"contentUrl\":\"https:\\\/\\\/hardnesstests.com\\\/wp-content\\\/uploads\\\/2025\\\/11\\\/HVST-50Z\u89e6\u6478\u5c4f\u6570\u663e\u81ea\u52a8\u8f6c\u5854\u578b.jpg\",\"width\":800,\"height\":800,\"caption\":\"Touch screen digital display automatic turret type Vickers Hardness Tester(HVST-50Z)\"},{\"@type\":\"BreadcrumbList\",\"@id\":\"https:\\\/\\\/hardnesstests.com\\\/product\\\/touch-screen-digital-display-automatic-turret-type-vickers-hardness-testerhvst-50z\\\/#breadcrumb\",\"itemListElement\":[{\"@type\":\"ListItem\",\"position\":1,\"name\":\"\u9996\u9875\",\"item\":\"https:\\\/\\\/hardnesstests.com\\\/\"},{\"@type\":\"ListItem\",\"position\":2,\"name\":\"products\",\"item\":\"https:\\\/\\\/hardnesstests.com\\\/products\\\/\"},{\"@type\":\"ListItem\",\"position\":3,\"name\":\"Touch screen digital display automatic turret type Vickers Hardness Tester(HVST-50Z)\"}]},{\"@type\":\"WebSite\",\"@id\":\"https:\\\/\\\/hardnesstests.com\\\/tr\\\/#website\",\"url\":\"https:\\\/\\\/hardnesstests.com\\\/tr\\\/\",\"name\":\"hardnesstests\",\"description\":\"\",\"publisher\":{\"@id\":\"https:\\\/\\\/hardnesstests.com\\\/tr\\\/#organization\"},\"potentialAction\":[{\"@type\":\"SearchAction\",\"target\":{\"@type\":\"EntryPoint\",\"urlTemplate\":\"https:\\\/\\\/hardnesstests.com\\\/tr\\\/?s={search_term_string}\"},\"query-input\":{\"@type\":\"PropertyValueSpecification\",\"valueRequired\":true,\"valueName\":\"search_term_string\"}}],\"inLanguage\":\"es\"},{\"@type\":\"Organization\",\"@id\":\"https:\\\/\\\/hardnesstests.com\\\/tr\\\/#organization\",\"name\":\"hardnesstests\",\"url\":\"https:\\\/\\\/hardnesstests.com\\\/tr\\\/\",\"logo\":{\"@type\":\"ImageObject\",\"inLanguage\":\"es\",\"@id\":\"https:\\\/\\\/hardnesstests.com\\\/tr\\\/#\\\/schema\\\/logo\\\/image\\\/\",\"url\":\"https:\\\/\\\/hardnesstests.com\\\/wp-content\\\/uploads\\\/2021\\\/08\\\/\u5fae\u4fe1\u56fe\u7247_20251029102004_335_1287.png\",\"contentUrl\":\"https:\\\/\\\/hardnesstests.com\\\/wp-content\\\/uploads\\\/2021\\\/08\\\/\u5fae\u4fe1\u56fe\u7247_20251029102004_335_1287.png\",\"width\":1308,\"height\":467,\"caption\":\"hardnesstests\"},\"image\":{\"@id\":\"https:\\\/\\\/hardnesstests.com\\\/tr\\\/#\\\/schema\\\/logo\\\/image\\\/\"}}]}<\/script>\n<!-- \/ Yoast SEO Premium plugin. -->","yoast_head_json":{"title":"Touch screen digital display automatic turret type Vickers Hardness Tester(HVST-50Z) - hardnesstests","robots":{"index":"index","follow":"follow","max-snippet":"max-snippet:-1","max-image-preview":"max-image-preview:large","max-video-preview":"max-video-preview:-1"},"canonical":"https:\/\/hardnesstests.com\/es\/producto\/touch-screen-digital-display-automatic-turret-type-vickers-hardness-testerhvst-50z\/","og_locale":"es_ES","og_type":"article","og_title":"Touch screen digital display automatic turret type Vickers Hardness Tester(HVST-50Z)","og_description":"The digital turret-type Vickers hardness tester can meet the basic Vickers hardness test requirements. The upgraded digital micrometer eyepiece can directly read the measurement length, so that the measurement value can be obtained more quickly and accurately. The tower can automatically switch the eyepiece and indenter to avoid artificial errors and damage the instrument, and also greatly improve the efficiency. With 7-inch LCD touch screen, you can provide more measurement data, control is more comprehensive and accurate.","og_url":"https:\/\/hardnesstests.com\/es\/producto\/touch-screen-digital-display-automatic-turret-type-vickers-hardness-testerhvst-50z\/","og_site_name":"hardnesstests","og_image":[{"width":800,"height":800,"url":"https:\/\/hardnesstests.com\/wp-content\/uploads\/2025\/11\/HVST-50Z\u89e6\u6478\u5c4f\u6570\u663e\u81ea\u52a8\u8f6c\u5854\u578b.jpg","type":"image\/jpeg"}],"twitter_card":"summary_large_image","twitter_misc":{"Tiempo de lectura":"3 minutos"},"schema":{"@context":"https:\/\/schema.org","@graph":[{"@type":"WebPage","@id":"https:\/\/hardnesstests.com\/product\/touch-screen-digital-display-automatic-turret-type-vickers-hardness-testerhvst-50z\/","url":"https:\/\/hardnesstests.com\/product\/touch-screen-digital-display-automatic-turret-type-vickers-hardness-testerhvst-50z\/","name":"Touch screen digital display automatic turret type Vickers Hardness Tester(HVST-50Z) - hardnesstests","isPartOf":{"@id":"https:\/\/hardnesstests.com\/tr\/#website"},"primaryImageOfPage":{"@id":"https:\/\/hardnesstests.com\/product\/touch-screen-digital-display-automatic-turret-type-vickers-hardness-testerhvst-50z\/#primaryimage"},"image":{"@id":"https:\/\/hardnesstests.com\/product\/touch-screen-digital-display-automatic-turret-type-vickers-hardness-testerhvst-50z\/#primaryimage"},"thumbnailUrl":"https:\/\/hardnesstests.com\/wp-content\/uploads\/2025\/11\/HVST-50Z\u89e6\u6478\u5c4f\u6570\u663e\u81ea\u52a8\u8f6c\u5854\u578b.jpg","datePublished":"2025-11-28T03:27:03+00:00","breadcrumb":{"@id":"https:\/\/hardnesstests.com\/product\/touch-screen-digital-display-automatic-turret-type-vickers-hardness-testerhvst-50z\/#breadcrumb"},"inLanguage":"es","potentialAction":[{"@type":"ReadAction","target":["https:\/\/hardnesstests.com\/product\/touch-screen-digital-display-automatic-turret-type-vickers-hardness-testerhvst-50z\/"]}]},{"@type":"ImageObject","inLanguage":"es","@id":"https:\/\/hardnesstests.com\/product\/touch-screen-digital-display-automatic-turret-type-vickers-hardness-testerhvst-50z\/#primaryimage","url":"https:\/\/hardnesstests.com\/wp-content\/uploads\/2025\/11\/HVST-50Z\u89e6\u6478\u5c4f\u6570\u663e\u81ea\u52a8\u8f6c\u5854\u578b.jpg","contentUrl":"https:\/\/hardnesstests.com\/wp-content\/uploads\/2025\/11\/HVST-50Z\u89e6\u6478\u5c4f\u6570\u663e\u81ea\u52a8\u8f6c\u5854\u578b.jpg","width":800,"height":800,"caption":"Touch screen digital display automatic turret type Vickers Hardness Tester(HVST-50Z)"},{"@type":"BreadcrumbList","@id":"https:\/\/hardnesstests.com\/product\/touch-screen-digital-display-automatic-turret-type-vickers-hardness-testerhvst-50z\/#breadcrumb","itemListElement":[{"@type":"ListItem","position":1,"name":"\u9996\u9875","item":"https:\/\/hardnesstests.com\/"},{"@type":"ListItem","position":2,"name":"products","item":"https:\/\/hardnesstests.com\/products\/"},{"@type":"ListItem","position":3,"name":"Touch screen digital display automatic turret type Vickers Hardness Tester(HVST-50Z)"}]},{"@type":"WebSite","@id":"https:\/\/hardnesstests.com\/tr\/#website","url":"https:\/\/hardnesstests.com\/tr\/","name":"hardnesstests","description":"","publisher":{"@id":"https:\/\/hardnesstests.com\/tr\/#organization"},"potentialAction":[{"@type":"SearchAction","target":{"@type":"EntryPoint","urlTemplate":"https:\/\/hardnesstests.com\/tr\/?s={search_term_string}"},"query-input":{"@type":"PropertyValueSpecification","valueRequired":true,"valueName":"search_term_string"}}],"inLanguage":"es"},{"@type":"Organization","@id":"https:\/\/hardnesstests.com\/tr\/#organization","name":"hardnesstests","url":"https:\/\/hardnesstests.com\/tr\/","logo":{"@type":"ImageObject","inLanguage":"es","@id":"https:\/\/hardnesstests.com\/tr\/#\/schema\/logo\/image\/","url":"https:\/\/hardnesstests.com\/wp-content\/uploads\/2021\/08\/\u5fae\u4fe1\u56fe\u7247_20251029102004_335_1287.png","contentUrl":"https:\/\/hardnesstests.com\/wp-content\/uploads\/2021\/08\/\u5fae\u4fe1\u56fe\u7247_20251029102004_335_1287.png","width":1308,"height":467,"caption":"hardnesstests"},"image":{"@id":"https:\/\/hardnesstests.com\/tr\/#\/schema\/logo\/image\/"}}]}},"_links":{"self":[{"href":"https:\/\/hardnesstests.com\/es\/wp-json\/wp\/v2\/product\/29981","targetHints":{"allow":["GET"]}}],"collection":[{"href":"https:\/\/hardnesstests.com\/es\/wp-json\/wp\/v2\/product"}],"about":[{"href":"https:\/\/hardnesstests.com\/es\/wp-json\/wp\/v2\/types\/product"}],"replies":[{"embeddable":true,"href":"https:\/\/hardnesstests.com\/es\/wp-json\/wp\/v2\/comments?post=29981"}],"version-history":[{"count":1,"href":"https:\/\/hardnesstests.com\/es\/wp-json\/wp\/v2\/product\/29981\/revisions"}],"predecessor-version":[{"id":29983,"href":"https:\/\/hardnesstests.com\/es\/wp-json\/wp\/v2\/product\/29981\/revisions\/29983"}],"wp:featuredmedia":[{"embeddable":true,"href":"https:\/\/hardnesstests.com\/es\/wp-json\/wp\/v2\/media\/29982"}],"wp:attachment":[{"href":"https:\/\/hardnesstests.com\/es\/wp-json\/wp\/v2\/media?parent=29981"}],"wp:term":[{"taxonomy":"product_brand","embeddable":true,"href":"https:\/\/hardnesstests.com\/es\/wp-json\/wp\/v2\/product_brand?post=29981"},{"taxonomy":"product_cat","embeddable":true,"href":"https:\/\/hardnesstests.com\/es\/wp-json\/wp\/v2\/product_cat?post=29981"},{"taxonomy":"product_tag","embeddable":true,"href":"https:\/\/hardnesstests.com\/es\/wp-json\/wp\/v2\/product_tag?post=29981"}],"curies":[{"name":"wp","href":"https:\/\/api.w.org\/{rel}","templated":true}]}}