{"id":29960,"date":"2025-11-28T03:16:00","date_gmt":"2025-11-28T03:16:00","guid":{"rendered":"https:\/\/hardnesstests.com\/?post_type=product&#038;p=29960"},"modified":"2025-11-28T03:16:00","modified_gmt":"2025-11-28T03:16:00","slug":"hvs-30zdigital-display-automatic-turret-type-vickers-hardness-tester","status":"publish","type":"product","link":"https:\/\/hardnesstests.com\/es\/producto\/hvs-30zdigital-display-automatic-turret-type-vickers-hardness-tester\/","title":{"rendered":"(HVS-30Z)Pantalla digital autom\u00e1tica tipo torreta Dur\u00f3metro Vickers"},"content":{"rendered":"<h1 style=\"font-weight: 400;\"><strong>Funciones y caracter\u00edsticas principales:<\/strong><\/h1>\n<ol>\n<li style=\"font-weight: 400;\">El sistema \u00f3ptico dise\u00f1ado por ingenieros \u00f3pticos superiores no s\u00f3lo ofrece im\u00e1genes n\u00edtidas, sino que tambi\u00e9n puede utilizarse como un microscopio sencillo con brillo ajustable y visi\u00f3n c\u00f3moda.<\/li>\n<li style=\"font-weight: 400;\">La pantalla industrial LCD de gran tama\u00f1o puede mostrar los m\u00e9todos de prueba, la fuerza de prueba, la medici\u00f3n de la longitud de indentaci\u00f3n, el valor de dureza, el tiempo de retenci\u00f3n de la fuerza de prueba, el n\u00famero de mediciones y el tipo en a\u00f1o, mes, fecha, los resultados de la prueba y el procesamiento de datos;<\/li>\n<li style=\"font-weight: 400;\">Moldeado de aluminio fundido, la estructura es estable y no se deforma, pintura automotriz de alto grado, capacidad anti-ara\u00f1azos, el uso durante muchos a\u00f1os sigue siendo brillante como nuevo;<\/li>\n<\/ol>\n<ol start=\"4\">\n<li style=\"font-weight: 400;\">Nuestra empresa tiene sus propias capacidades de I+D, producci\u00f3n y procesamiento. Nuestras m\u00e1quinas ofrecen servicios de sustituci\u00f3n de piezas y actualizaci\u00f3n de mantenimiento de por vida.<\/li>\n<li style=\"font-weight: 400;\">HVS-30Zmodel can directly confirm the hardness value by measuring the actual length;<\/li>\n<li style=\"font-weight: 400;\">HVS-30Z models can be realized: observation &#8211; test &#8211; measurement of the position switch by the automatic turret to complete;<\/li>\n<li style=\"font-weight: 400;\">Pantalla grande LCD opcional; pantalla grande LCD para facilitar la observaci\u00f3n, las condiciones de prueba, el proceso de prueba es sencillo;<\/li>\n<li style=\"font-weight: 400;\">Impresora interna opcional; impresi\u00f3n directa de los resultados y datos de las pruebas;<\/li>\n<\/ol>\n<h1 style=\"font-weight: 400;\"><strong>\u00c1mbito de aplicaci\u00f3n principal:<\/strong><\/h1>\n<ol>\n<li style=\"font-weight: 400;\">Hierro y acero, metales no ferrosos, l\u00e1minas met\u00e1licas, aleaciones duras, chapas met\u00e1licas, microestructuras, carbonizaci\u00f3n;<\/li>\n<li style=\"font-weight: 400;\">Capas de carburaci\u00f3n, nitruraci\u00f3n y descarburaci\u00f3n, capa endurecida superficial, capa de chapado, revestimiento, tratamiento t\u00e9rmico;<\/li>\n<li style=\"font-weight: 400;\">vidrio, obleas, materiales cer\u00e1micos;<\/li>\n<\/ol>\n<h1 style=\"font-weight: 400;\"><strong>Par\u00e1metros t\u00e9cnicos:<\/strong><\/h1>\n<table>\n<tbody>\n<tr>\n<td width=\"186\">nombre del par\u00e1metro<\/td>\n<td width=\"368\">Datos de los par\u00e1metros<\/td>\n<\/tr>\n<tr>\n<td width=\"186\">Escala de dureza Vickers<\/td>\n<td width=\"368\">HV1,HV3,HV5,HV10,HV20,HV30<\/td>\n<\/tr>\n<tr>\n<td width=\"186\">mostrar<\/td>\n<td width=\"368\">Valor de dureza de 5 d\u00edgitos, longitud diagonal de 4 d\u00edgitos (D1, D2),<\/p>\n<p>Tiempo de espera, n\u00famero de pruebas, media, desviaci\u00f3n t\u00edpica, rendimiento<\/td>\n<\/tr>\n<tr>\n<td width=\"186\">Fuerza de ensayo (Kgf)<\/td>\n<td width=\"368\">1.0Kgf(9.8N)\u30013.0Kgf(29.4N)\u30015.0Kgf(49.0N)\u3001<\/p>\n<p>10Kgf(98.0N)\u300120Kgf(196N)\u300130Kgf(294N)<\/td>\n<\/tr>\n<tr>\n<td width=\"186\">Control de carga<\/td>\n<td width=\"368\">Autom\u00e1tico (carga\/retenci\u00f3n\/desinstalaci\u00f3n)<\/td>\n<\/tr>\n<tr>\n<td width=\"186\">Tiempo de retenci\u00f3n de la fuerza de ensayo<\/td>\n<td width=\"368\">1\uff5e99<\/td>\n<\/tr>\n<tr>\n<td width=\"186\">Canal \u00f3ptico<\/td>\n<td width=\"368\">Canales de luz dobles (oculares y canales de c\u00e1mara CCD)<\/td>\n<\/tr>\n<tr>\n<td width=\"186\">Sistema \u00f3ptico<\/td>\n<td width=\"368\">Objetivos: 10\u00d7, 20\u00d7<\/p>\n<p>Aumento del ocular: 10\u00d7<\/p>\n<p>Aumento total (\u03bcm): 100\u00d7, 200\u00d7<\/p>\n<p>Rango de medici\u00f3n (\u03bcm): 400<\/p>\n<p>Resoluci\u00f3n (\u03bcm): 0.125<\/td>\n<\/tr>\n<tr>\n<td width=\"186\">Rango de medici\u00f3n de la dureza<\/td>\n<td width=\"368\">(5-3000)HV<\/td>\n<\/tr>\n<tr>\n<td width=\"186\">Banco de pruebas XY (opcional)<\/td>\n<td width=\"368\">Tama\u00f1o (mm): 100\u00d7100<\/p>\n<p>Rango de recorrido (mm): 25\u00d725<\/p>\n<p>Lectura m\u00ednima (mm): 0.01<\/td>\n<\/tr>\n<tr>\n<td width=\"186\">Altura m\u00e1xima de la probeta (mm)<\/td>\n<td width=\"368\">165<\/td>\n<\/tr>\n<tr>\n<td width=\"186\">Anchura m\u00e1xima de la probeta (mm)<\/td>\n<td width=\"368\">130 (distancia de la l\u00ednea central del penetrador a la pared)<\/td>\n<\/tr>\n<tr>\n<td width=\"186\">Salida de datos<\/td>\n<td width=\"368\">Interfaz de mini impresora integrada de reserva, (interfaz serie RS232) instalaci\u00f3n opcional<\/td>\n<\/tr>\n<tr>\n<td width=\"186\">tensi\u00f3n<\/td>\n<td width=\"368\">AC220V\/50HZ<\/td>\n<\/tr>\n<tr>\n<td width=\"186\">Tama\u00f1o total (mm)<\/td>\n<td width=\"368\">585\u00d7200\u00d7630<\/td>\n<\/tr>\n<tr>\n<td width=\"186\">Peso (kg)<\/td>\n<td width=\"368\">42<\/td>\n<\/tr>\n<\/tbody>\n<\/table>\n<h1 style=\"font-weight: 400;\"><strong>Configuraci\u00f3n est\u00e1ndar<\/strong><strong>\uff1a<\/strong><\/h1>\n<table>\n<tbody>\n<tr>\n<td width=\"258\">Ordenador anfitri\u00f3n<\/td>\n<td width=\"277\">1<\/td>\n<\/tr>\n<tr>\n<td width=\"258\">peso<\/td>\n<td width=\"277\">3<\/td>\n<\/tr>\n<tr>\n<td width=\"258\">Plataforma de medici\u00f3n cruzada<\/td>\n<td width=\"277\">1<\/td>\n<\/tr>\n<tr>\n<td width=\"258\">Mesa de sujeci\u00f3n plana<\/td>\n<td width=\"277\">1<\/td>\n<\/tr>\n<tr>\n<td width=\"258\">Tornillo de ajuste horizontal<\/td>\n<td width=\"277\">4<\/td>\n<\/tr>\n<tr>\n<td width=\"258\">Cable de alimentaci\u00f3n<\/td>\n<td width=\"277\">1<\/td>\n<\/tr>\n<tr>\n<td width=\"258\">Ocular de microscopio digital 10X<\/td>\n<td width=\"277\">1<\/td>\n<\/tr>\n<tr>\n<td width=\"258\">Bloque de dureza Vickers<\/td>\n<td width=\"277\">2<\/td>\n<\/tr>\n<tr>\n<td width=\"258\">Fusible de repuesto 2A<\/td>\n<td width=\"277\">2<\/td>\n<\/tr>\n<tr>\n<td width=\"258\">Certificado del producto<\/td>\n<td width=\"277\">1<\/td>\n<\/tr>\n<tr>\n<td width=\"258\">Manual de instrucciones<\/td>\n<td width=\"277\">1<\/td>\n<\/tr>\n<\/tbody>\n<\/table>\n<p style=\"font-weight: 400;\">Remarks: Optional built-in printer, measurement data, a key print, can also upload the computer. Optional hardness meter measurement software, eliminate human error, computer operation, improve efficiency, accuracy is more accurate.<\/p>","protected":false},"excerpt":{"rendered":"<p>The digital turret-type Vickers hardness tester can meet the basic Vickers hardness test requirements. The upgraded digital micrometer eyepiece can directly read the measurement length, so that the measurement value can be obtained more quickly and accurately. The tower can automatically switch the eyepiece and indenter to avoid artificial errors and damage the instrument, and also greatly improve the efficiency.<\/p>","protected":false},"featured_media":29961,"comment_status":"open","ping_status":"closed","template":"","meta":[],"product_brand":[],"product_cat":[70,72],"product_tag":[113],"class_list":{"0":"post-29960","1":"product","2":"type-product","3":"status-publish","4":"has-post-thumbnail","6":"product_cat-hardness-tester","7":"product_cat-vickers-hardness-tester","8":"product_tag-vickers-hardness-tester","10":"first","11":"instock","12":"shipping-taxable","13":"product-type-simple"},"yoast_head":"<!-- This site is optimized with the Yoast SEO Premium plugin v25.4 (Yoast SEO v27.4) - https:\/\/yoast.com\/product\/yoast-seo-premium-wordpress\/ -->\n<title>(HVS-30Z)Digital display automatic turret type Vickers Hardness Tester - hardnesstests<\/title>\n<meta name=\"robots\" content=\"index, follow, max-snippet:-1, max-image-preview:large, max-video-preview:-1\" \/>\n<link rel=\"canonical\" href=\"https:\/\/hardnesstests.com\/es\/producto\/hvs-30zdigital-display-automatic-turret-type-vickers-hardness-tester\/\" \/>\n<meta property=\"og:locale\" content=\"es_ES\" \/>\n<meta property=\"og:type\" content=\"article\" \/>\n<meta property=\"og:title\" content=\"(HVS-30Z)Digital display automatic turret type Vickers Hardness Tester\" \/>\n<meta property=\"og:description\" content=\"The digital turret-type Vickers hardness tester can meet the basic Vickers hardness test requirements. The upgraded digital micrometer eyepiece can directly read the measurement length, so that the measurement value can be obtained more quickly and accurately. The tower can automatically switch the eyepiece and indenter to avoid artificial errors and damage the instrument, and also greatly improve the efficiency.\" \/>\n<meta property=\"og:url\" content=\"https:\/\/hardnesstests.com\/es\/producto\/hvs-30zdigital-display-automatic-turret-type-vickers-hardness-tester\/\" \/>\n<meta property=\"og:site_name\" content=\"hardnesstests\" \/>\n<meta property=\"og:image\" content=\"https:\/\/hardnesstests.com\/wp-content\/uploads\/2025\/11\/HVS-30Z\u81ea\u52a8\u8f6c\u5854\u6570\u663e\u7ef4\u6c0f\u786c\u5ea6\u8ba1.jpg\" \/>\n\t<meta property=\"og:image:width\" content=\"800\" \/>\n\t<meta property=\"og:image:height\" content=\"800\" \/>\n\t<meta property=\"og:image:type\" content=\"image\/jpeg\" \/>\n<meta name=\"twitter:card\" content=\"summary_large_image\" \/>\n<meta name=\"twitter:label1\" content=\"Tiempo de lectura\" \/>\n\t<meta name=\"twitter:data1\" content=\"2 minutos\" \/>\n<script type=\"application\/ld+json\" class=\"yoast-schema-graph\">{\"@context\":\"https:\\\/\\\/schema.org\",\"@graph\":[{\"@type\":\"WebPage\",\"@id\":\"https:\\\/\\\/hardnesstests.com\\\/product\\\/hvs-30zdigital-display-automatic-turret-type-vickers-hardness-tester\\\/\",\"url\":\"https:\\\/\\\/hardnesstests.com\\\/product\\\/hvs-30zdigital-display-automatic-turret-type-vickers-hardness-tester\\\/\",\"name\":\"(HVS-30Z)Digital display automatic turret type Vickers Hardness Tester - hardnesstests\",\"isPartOf\":{\"@id\":\"https:\\\/\\\/hardnesstests.com\\\/tr\\\/#website\"},\"primaryImageOfPage\":{\"@id\":\"https:\\\/\\\/hardnesstests.com\\\/product\\\/hvs-30zdigital-display-automatic-turret-type-vickers-hardness-tester\\\/#primaryimage\"},\"image\":{\"@id\":\"https:\\\/\\\/hardnesstests.com\\\/product\\\/hvs-30zdigital-display-automatic-turret-type-vickers-hardness-tester\\\/#primaryimage\"},\"thumbnailUrl\":\"https:\\\/\\\/hardnesstests.com\\\/wp-content\\\/uploads\\\/2025\\\/11\\\/HVS-30Z\u81ea\u52a8\u8f6c\u5854\u6570\u663e\u7ef4\u6c0f\u786c\u5ea6\u8ba1.jpg\",\"datePublished\":\"2025-11-28T03:16:00+00:00\",\"breadcrumb\":{\"@id\":\"https:\\\/\\\/hardnesstests.com\\\/product\\\/hvs-30zdigital-display-automatic-turret-type-vickers-hardness-tester\\\/#breadcrumb\"},\"inLanguage\":\"es\",\"potentialAction\":[{\"@type\":\"ReadAction\",\"target\":[\"https:\\\/\\\/hardnesstests.com\\\/product\\\/hvs-30zdigital-display-automatic-turret-type-vickers-hardness-tester\\\/\"]}]},{\"@type\":\"ImageObject\",\"inLanguage\":\"es\",\"@id\":\"https:\\\/\\\/hardnesstests.com\\\/product\\\/hvs-30zdigital-display-automatic-turret-type-vickers-hardness-tester\\\/#primaryimage\",\"url\":\"https:\\\/\\\/hardnesstests.com\\\/wp-content\\\/uploads\\\/2025\\\/11\\\/HVS-30Z\u81ea\u52a8\u8f6c\u5854\u6570\u663e\u7ef4\u6c0f\u786c\u5ea6\u8ba1.jpg\",\"contentUrl\":\"https:\\\/\\\/hardnesstests.com\\\/wp-content\\\/uploads\\\/2025\\\/11\\\/HVS-30Z\u81ea\u52a8\u8f6c\u5854\u6570\u663e\u7ef4\u6c0f\u786c\u5ea6\u8ba1.jpg\",\"width\":800,\"height\":800,\"caption\":\"(HVS-30Z)Digital display automatic turret type Vickers Hardness Tester\"},{\"@type\":\"BreadcrumbList\",\"@id\":\"https:\\\/\\\/hardnesstests.com\\\/product\\\/hvs-30zdigital-display-automatic-turret-type-vickers-hardness-tester\\\/#breadcrumb\",\"itemListElement\":[{\"@type\":\"ListItem\",\"position\":1,\"name\":\"\u9996\u9875\",\"item\":\"https:\\\/\\\/hardnesstests.com\\\/\"},{\"@type\":\"ListItem\",\"position\":2,\"name\":\"products\",\"item\":\"https:\\\/\\\/hardnesstests.com\\\/products\\\/\"},{\"@type\":\"ListItem\",\"position\":3,\"name\":\"(HVS-30Z)Digital display automatic turret type Vickers Hardness Tester\"}]},{\"@type\":\"WebSite\",\"@id\":\"https:\\\/\\\/hardnesstests.com\\\/tr\\\/#website\",\"url\":\"https:\\\/\\\/hardnesstests.com\\\/tr\\\/\",\"name\":\"hardnesstests\",\"description\":\"\",\"publisher\":{\"@id\":\"https:\\\/\\\/hardnesstests.com\\\/tr\\\/#organization\"},\"potentialAction\":[{\"@type\":\"SearchAction\",\"target\":{\"@type\":\"EntryPoint\",\"urlTemplate\":\"https:\\\/\\\/hardnesstests.com\\\/tr\\\/?s={search_term_string}\"},\"query-input\":{\"@type\":\"PropertyValueSpecification\",\"valueRequired\":true,\"valueName\":\"search_term_string\"}}],\"inLanguage\":\"es\"},{\"@type\":\"Organization\",\"@id\":\"https:\\\/\\\/hardnesstests.com\\\/tr\\\/#organization\",\"name\":\"hardnesstests\",\"url\":\"https:\\\/\\\/hardnesstests.com\\\/tr\\\/\",\"logo\":{\"@type\":\"ImageObject\",\"inLanguage\":\"es\",\"@id\":\"https:\\\/\\\/hardnesstests.com\\\/tr\\\/#\\\/schema\\\/logo\\\/image\\\/\",\"url\":\"https:\\\/\\\/hardnesstests.com\\\/wp-content\\\/uploads\\\/2021\\\/08\\\/\u5fae\u4fe1\u56fe\u7247_20251029102004_335_1287.png\",\"contentUrl\":\"https:\\\/\\\/hardnesstests.com\\\/wp-content\\\/uploads\\\/2021\\\/08\\\/\u5fae\u4fe1\u56fe\u7247_20251029102004_335_1287.png\",\"width\":1308,\"height\":467,\"caption\":\"hardnesstests\"},\"image\":{\"@id\":\"https:\\\/\\\/hardnesstests.com\\\/tr\\\/#\\\/schema\\\/logo\\\/image\\\/\"}}]}<\/script>\n<!-- \/ Yoast SEO Premium plugin. -->","yoast_head_json":{"title":"(HVS-30Z)Digital display automatic turret type Vickers Hardness Tester - hardnesstests","robots":{"index":"index","follow":"follow","max-snippet":"max-snippet:-1","max-image-preview":"max-image-preview:large","max-video-preview":"max-video-preview:-1"},"canonical":"https:\/\/hardnesstests.com\/es\/producto\/hvs-30zdigital-display-automatic-turret-type-vickers-hardness-tester\/","og_locale":"es_ES","og_type":"article","og_title":"(HVS-30Z)Digital display automatic turret type Vickers Hardness Tester","og_description":"The digital turret-type Vickers hardness tester can meet the basic Vickers hardness test requirements. The upgraded digital micrometer eyepiece can directly read the measurement length, so that the measurement value can be obtained more quickly and accurately. The tower can automatically switch the eyepiece and indenter to avoid artificial errors and damage the instrument, and also greatly improve the efficiency.","og_url":"https:\/\/hardnesstests.com\/es\/producto\/hvs-30zdigital-display-automatic-turret-type-vickers-hardness-tester\/","og_site_name":"hardnesstests","og_image":[{"width":800,"height":800,"url":"https:\/\/hardnesstests.com\/wp-content\/uploads\/2025\/11\/HVS-30Z\u81ea\u52a8\u8f6c\u5854\u6570\u663e\u7ef4\u6c0f\u786c\u5ea6\u8ba1.jpg","type":"image\/jpeg"}],"twitter_card":"summary_large_image","twitter_misc":{"Tiempo de lectura":"2 minutos"},"schema":{"@context":"https:\/\/schema.org","@graph":[{"@type":"WebPage","@id":"https:\/\/hardnesstests.com\/product\/hvs-30zdigital-display-automatic-turret-type-vickers-hardness-tester\/","url":"https:\/\/hardnesstests.com\/product\/hvs-30zdigital-display-automatic-turret-type-vickers-hardness-tester\/","name":"(HVS-30Z)Digital display automatic turret type Vickers Hardness Tester - hardnesstests","isPartOf":{"@id":"https:\/\/hardnesstests.com\/tr\/#website"},"primaryImageOfPage":{"@id":"https:\/\/hardnesstests.com\/product\/hvs-30zdigital-display-automatic-turret-type-vickers-hardness-tester\/#primaryimage"},"image":{"@id":"https:\/\/hardnesstests.com\/product\/hvs-30zdigital-display-automatic-turret-type-vickers-hardness-tester\/#primaryimage"},"thumbnailUrl":"https:\/\/hardnesstests.com\/wp-content\/uploads\/2025\/11\/HVS-30Z\u81ea\u52a8\u8f6c\u5854\u6570\u663e\u7ef4\u6c0f\u786c\u5ea6\u8ba1.jpg","datePublished":"2025-11-28T03:16:00+00:00","breadcrumb":{"@id":"https:\/\/hardnesstests.com\/product\/hvs-30zdigital-display-automatic-turret-type-vickers-hardness-tester\/#breadcrumb"},"inLanguage":"es","potentialAction":[{"@type":"ReadAction","target":["https:\/\/hardnesstests.com\/product\/hvs-30zdigital-display-automatic-turret-type-vickers-hardness-tester\/"]}]},{"@type":"ImageObject","inLanguage":"es","@id":"https:\/\/hardnesstests.com\/product\/hvs-30zdigital-display-automatic-turret-type-vickers-hardness-tester\/#primaryimage","url":"https:\/\/hardnesstests.com\/wp-content\/uploads\/2025\/11\/HVS-30Z\u81ea\u52a8\u8f6c\u5854\u6570\u663e\u7ef4\u6c0f\u786c\u5ea6\u8ba1.jpg","contentUrl":"https:\/\/hardnesstests.com\/wp-content\/uploads\/2025\/11\/HVS-30Z\u81ea\u52a8\u8f6c\u5854\u6570\u663e\u7ef4\u6c0f\u786c\u5ea6\u8ba1.jpg","width":800,"height":800,"caption":"(HVS-30Z)Digital display automatic turret type Vickers Hardness Tester"},{"@type":"BreadcrumbList","@id":"https:\/\/hardnesstests.com\/product\/hvs-30zdigital-display-automatic-turret-type-vickers-hardness-tester\/#breadcrumb","itemListElement":[{"@type":"ListItem","position":1,"name":"\u9996\u9875","item":"https:\/\/hardnesstests.com\/"},{"@type":"ListItem","position":2,"name":"products","item":"https:\/\/hardnesstests.com\/products\/"},{"@type":"ListItem","position":3,"name":"(HVS-30Z)Digital display automatic turret type Vickers Hardness Tester"}]},{"@type":"WebSite","@id":"https:\/\/hardnesstests.com\/tr\/#website","url":"https:\/\/hardnesstests.com\/tr\/","name":"hardnesstests","description":"","publisher":{"@id":"https:\/\/hardnesstests.com\/tr\/#organization"},"potentialAction":[{"@type":"SearchAction","target":{"@type":"EntryPoint","urlTemplate":"https:\/\/hardnesstests.com\/tr\/?s={search_term_string}"},"query-input":{"@type":"PropertyValueSpecification","valueRequired":true,"valueName":"search_term_string"}}],"inLanguage":"es"},{"@type":"Organization","@id":"https:\/\/hardnesstests.com\/tr\/#organization","name":"hardnesstests","url":"https:\/\/hardnesstests.com\/tr\/","logo":{"@type":"ImageObject","inLanguage":"es","@id":"https:\/\/hardnesstests.com\/tr\/#\/schema\/logo\/image\/","url":"https:\/\/hardnesstests.com\/wp-content\/uploads\/2021\/08\/\u5fae\u4fe1\u56fe\u7247_20251029102004_335_1287.png","contentUrl":"https:\/\/hardnesstests.com\/wp-content\/uploads\/2021\/08\/\u5fae\u4fe1\u56fe\u7247_20251029102004_335_1287.png","width":1308,"height":467,"caption":"hardnesstests"},"image":{"@id":"https:\/\/hardnesstests.com\/tr\/#\/schema\/logo\/image\/"}}]}},"_links":{"self":[{"href":"https:\/\/hardnesstests.com\/es\/wp-json\/wp\/v2\/product\/29960","targetHints":{"allow":["GET"]}}],"collection":[{"href":"https:\/\/hardnesstests.com\/es\/wp-json\/wp\/v2\/product"}],"about":[{"href":"https:\/\/hardnesstests.com\/es\/wp-json\/wp\/v2\/types\/product"}],"replies":[{"embeddable":true,"href":"https:\/\/hardnesstests.com\/es\/wp-json\/wp\/v2\/comments?post=29960"}],"version-history":[{"count":1,"href":"https:\/\/hardnesstests.com\/es\/wp-json\/wp\/v2\/product\/29960\/revisions"}],"predecessor-version":[{"id":29962,"href":"https:\/\/hardnesstests.com\/es\/wp-json\/wp\/v2\/product\/29960\/revisions\/29962"}],"wp:featuredmedia":[{"embeddable":true,"href":"https:\/\/hardnesstests.com\/es\/wp-json\/wp\/v2\/media\/29961"}],"wp:attachment":[{"href":"https:\/\/hardnesstests.com\/es\/wp-json\/wp\/v2\/media?parent=29960"}],"wp:term":[{"taxonomy":"product_brand","embeddable":true,"href":"https:\/\/hardnesstests.com\/es\/wp-json\/wp\/v2\/product_brand?post=29960"},{"taxonomy":"product_cat","embeddable":true,"href":"https:\/\/hardnesstests.com\/es\/wp-json\/wp\/v2\/product_cat?post=29960"},{"taxonomy":"product_tag","embeddable":true,"href":"https:\/\/hardnesstests.com\/es\/wp-json\/wp\/v2\/product_tag?post=29960"}],"curies":[{"name":"wp","href":"https:\/\/api.w.org\/{rel}","templated":true}]}}