{"id":29926,"date":"2025-11-28T02:45:18","date_gmt":"2025-11-28T02:45:18","guid":{"rendered":"https:\/\/hardnesstests.com\/?post_type=product&#038;p=29926"},"modified":"2025-11-28T02:45:18","modified_gmt":"2025-11-28T02:45:18","slug":"hv-5","status":"publish","type":"product","link":"https:\/\/hardnesstests.com\/es\/producto\/hv-5\/","title":{"rendered":"HV-5"},"content":{"rendered":"<h1 style=\"font-weight: 400;\"><strong>Funciones y caracter\u00edsticas principales:<\/strong><\/h1>\n<ol>\n<li style=\"font-weight: 400;\">El sistema \u00f3ptico dise\u00f1ado por ingenieros \u00f3pticos superiores no s\u00f3lo ofrece im\u00e1genes n\u00edtidas, sino que tambi\u00e9n puede utilizarse como un microscopio sencillo con brillo ajustable y visi\u00f3n c\u00f3moda.<\/li>\n<li style=\"font-weight: 400;\">En la pantalla de visualizaci\u00f3n industrial, el valor de dureza se puede mostrar visualmente, la dureza se puede convertir, el m\u00e9todo de prueba, la fuerza de prueba, el tiempo de la carga y el n\u00famero de mediciones, y el proceso de prueba se puede entender intuitivamente.<\/li>\n<li style=\"font-weight: 400;\">Moldeado de aluminio fundido, la estructura es estable y no se deforma, pintura automotriz de alto grado, capacidad anti-ara\u00f1azos, el uso durante muchos a\u00f1os sigue siendo brillante como nuevo;<\/li>\n<\/ol>\n<ol start=\"4\">\n<li style=\"font-weight: 400;\">Nuestra empresa tiene sus propias capacidades de I+D, producci\u00f3n y procesamiento. Nuestras m\u00e1quinas ofrecen servicios de sustituci\u00f3n de piezas y actualizaci\u00f3n de mantenimiento de por vida.<\/li>\n<li style=\"font-weight: 400;\">HV-5Z models can be achieved: observation &#8211; test &#8211; measurement of the position switch by the automatic turret<\/li>\n<\/ol>\n<h1 style=\"font-weight: 400;\"><strong>Objetivo principal y \u00e1mbito de aplicaci\u00f3n:<\/strong><\/h1>\n<ol>\n<li style=\"font-weight: 400;\">Hierro y acero, metales no ferrosos, l\u00e1minas met\u00e1licas, aleaciones duras, chapas met\u00e1licas, microestructuras<\/li>\n<li style=\"font-weight: 400;\">Carburizing, nitriding and decarburization layers, surface hardened layer, plating layer, coating<\/li>\n<li style=\"font-weight: 400;\">glass, wafers, ceramic materials, carbonization;<\/li>\n<\/ol>\n<h1 style=\"font-weight: 400;\"><strong>T<\/strong><strong>echnical Parameters:<\/strong><\/h1>\n<table style=\"font-weight: 400;\" width=\"580\">\n<tbody>\n<tr>\n<td width=\"259\">nombre del par\u00e1metro<\/td>\n<td width=\"322\">Datos de los par\u00e1metros<\/td>\n<\/tr>\n<tr>\n<td width=\"259\">Escala de dureza Vickers<\/td>\n<td width=\"322\">HV0.3,HV0.5,HV1.0,HV2.0,HV3.0,HV5.0<\/td>\n<\/tr>\n<tr>\n<td width=\"259\">mostrar<\/td>\n<td width=\"322\">Valor de dureza de 5 d\u00edgitos, longitud diagonal de 4 d\u00edgitos (D1, D2),<\/p>\n<p>Tiempo de espera, n\u00famero de pruebas, media, desviaci\u00f3n t\u00edpica, rendimiento<\/td>\n<\/tr>\n<tr>\n<td width=\"259\">Fuerza de ensayo (Kgf)<\/td>\n<td width=\"322\">0.3,0.5,1.0,2.0,3.0,5.0<\/td>\n<\/tr>\n<tr>\n<td width=\"259\">Control de carga<\/td>\n<td width=\"322\">Autom\u00e1tico (carga\/retenci\u00f3n\/desinstalaci\u00f3n)<\/td>\n<\/tr>\n<tr>\n<td width=\"259\">Tiempo de retenci\u00f3n de la fuerza de ensayo<\/td>\n<td width=\"322\">1\uff5e99<\/td>\n<\/tr>\n<tr>\n<td width=\"259\">Canal \u00f3ptico<\/td>\n<td width=\"322\">Canales de luz dobles (oculares y canales de c\u00e1mara CCD)<\/td>\n<\/tr>\n<tr>\n<td width=\"259\">Sistema \u00f3ptico<\/td>\n<td width=\"322\">Objectives: 10\u00d7, 20\u00d7(Customizable 40X)<\/p>\n<p>Aumento del ocular: 10\u00d7<\/p>\n<p>Aumento total (\u03bcm): 100\u00d7, 200\u00d7<\/p>\n<p>Campo de medici\u00f3n: 800\u03bcm 400\u03bcm<\/p>\n<p>Resoluci\u00f3n :1\u03bcm 0,5\u03bcm<\/td>\n<\/tr>\n<tr>\n<td width=\"259\">Rango de medici\u00f3n de la dureza<\/td>\n<td width=\"322\">(5-3000)HV<\/td>\n<\/tr>\n<tr>\n<td width=\"259\">Banco de pruebas XY (opcional)<\/td>\n<td width=\"322\">Tama\u00f1o (mm): 100\u00d7100<\/p>\n<p>Rango de recorrido (mm): 25\u00d725<\/p>\n<p>Lectura m\u00ednima (mm): 0.01<\/td>\n<\/tr>\n<tr>\n<td width=\"259\">Altura m\u00e1xima de la probeta (mm)<\/td>\n<td width=\"322\">165<\/td>\n<\/tr>\n<tr>\n<td width=\"259\">Anchura m\u00e1xima de la probeta (mm)<\/td>\n<td width=\"322\">130 (distancia de la l\u00ednea central del penetrador a la pared)<\/td>\n<\/tr>\n<tr>\n<td width=\"259\">Nivel ejecutivo<\/td>\n<td width=\"322\">GB\/T4340.2 Chinese Standard (GB\/T4340.2 Chinese Standard),<\/p>\n<p>JJG151 Inspection Rule (JJG151 Inspection Rule)<\/td>\n<\/tr>\n<tr>\n<td width=\"259\">tensi\u00f3n<\/td>\n<td width=\"322\">AC220V\/50HZ<\/td>\n<\/tr>\n<tr>\n<td width=\"259\">Tama\u00f1o total (mm)<\/td>\n<td width=\"322\">585\u00d7200\u00d7630<\/td>\n<\/tr>\n<tr>\n<td width=\"259\">Peso (kg)<\/td>\n<td width=\"322\">42<\/td>\n<\/tr>\n<\/tbody>\n<\/table>\n<h1 style=\"font-weight: 400;\"><strong>Configuraci\u00f3n est\u00e1ndar<\/strong><\/h1>\n<table style=\"font-weight: 400;\">\n<tbody>\n<tr>\n<td width=\"277\">Ordenador anfitri\u00f3n<\/td>\n<td width=\"277\">1<\/td>\n<\/tr>\n<tr>\n<td width=\"277\">Peso<\/td>\n<td width=\"277\">3<\/td>\n<\/tr>\n<tr>\n<td width=\"277\">Cross measuring platform<\/td>\n<td width=\"277\">1<\/td>\n<\/tr>\n<tr>\n<td width=\"277\">Mesa de sujeci\u00f3n plana<\/td>\n<td width=\"277\">1<\/td>\n<\/tr>\n<tr>\n<td width=\"277\">Tornillo de ajuste horizontal<\/td>\n<td width=\"277\">4<\/td>\n<\/tr>\n<tr>\n<td width=\"277\">Cable de alimentaci\u00f3n<\/td>\n<td width=\"277\">1<\/td>\n<\/tr>\n<tr>\n<td width=\"277\">Ocular de microscopio digital 10X<\/td>\n<td width=\"277\">1<\/td>\n<\/tr>\n<tr>\n<td width=\"277\">Bloque de dureza Vickers<\/td>\n<td width=\"277\">2<\/td>\n<\/tr>\n<tr>\n<td width=\"277\">Fusible de repuesto 2A<\/td>\n<td width=\"277\">2<\/td>\n<\/tr>\n<tr>\n<td width=\"277\">Certificado del producto<\/td>\n<td width=\"277\">1<\/td>\n<\/tr>\n<tr>\n<td width=\"277\">Manual de instrucciones<\/td>\n<td width=\"277\">1<\/td>\n<\/tr>\n<\/tbody>\n<\/table>\n<p style=\"font-weight: 400;\">Observaciones: Software de medici\u00f3n del medidor de dureza opcional, eliminar el error humano, la operaci\u00f3n de la computadora, mejorar la eficiencia, la precisi\u00f3n es m\u00e1s precisa.<\/p>","protected":false},"excerpt":{"rendered":"<p>The automatic turret-type Vickers hardness tester is a high-tech product of electromechanical and electromechanical integration. The hardness tester is novel in design, has good reliability, operability, and repeatability and is an ideal product for testing Vickers hardness. The machine uses computer software programming, optical measurement system. Through the soft key input, the measurement of Vickers and Knoop hardness can be selected, the intensity of the measuring light source can be adjusted, the time of charge can be selected, the test method and test force can be displayed on the LCD display, and the indentation pair can be measured through the panel input. The length of the corner line and the screen directly read the hardness value, making it simple to check the table. Easy to use, high measurement accuracy.<\/p>","protected":false},"featured_media":29927,"comment_status":"open","ping_status":"closed","template":"","meta":[],"product_brand":[],"product_cat":[70,72],"product_tag":[113],"class_list":{"0":"post-29926","1":"product","2":"type-product","3":"status-publish","4":"has-post-thumbnail","6":"product_cat-hardness-tester","7":"product_cat-vickers-hardness-tester","8":"product_tag-vickers-hardness-tester","10":"first","11":"instock","12":"shipping-taxable","13":"product-type-simple"},"yoast_head":"<!-- This site is optimized with the Yoast SEO Premium plugin v25.4 (Yoast SEO v27.4) - https:\/\/yoast.com\/product\/yoast-seo-premium-wordpress\/ -->\n<title>HV-5 - hardnesstests<\/title>\n<meta name=\"robots\" content=\"index, follow, max-snippet:-1, max-image-preview:large, max-video-preview:-1\" \/>\n<link rel=\"canonical\" href=\"https:\/\/hardnesstests.com\/es\/producto\/hv-5\/\" \/>\n<meta property=\"og:locale\" content=\"es_ES\" \/>\n<meta property=\"og:type\" content=\"article\" \/>\n<meta property=\"og:title\" content=\"HV-5\" \/>\n<meta property=\"og:description\" content=\"The automatic turret-type Vickers hardness tester is a high-tech product of electromechanical and electromechanical integration. The hardness tester is novel in design, has good reliability, operability, and repeatability and is an ideal product for testing Vickers hardness. The machine uses computer software programming, optical measurement system. Through the soft key input, the measurement of Vickers and Knoop hardness can be selected, the intensity of the measuring light source can be adjusted, the time of charge can be selected, the test method and test force can be displayed on the LCD display, and the indentation pair can be measured through the panel input. The length of the corner line and the screen directly read the hardness value, making it simple to check the table. Easy to use, high measurement accuracy.\" \/>\n<meta property=\"og:url\" content=\"https:\/\/hardnesstests.com\/es\/producto\/hv-5\/\" \/>\n<meta property=\"og:site_name\" content=\"hardnesstests\" \/>\n<meta property=\"og:image\" content=\"https:\/\/hardnesstests.com\/wp-content\/uploads\/2025\/11\/HV-5\u624b\u52a8\u8f6c\u5854\u7ef4\u6c0f\u786c\u5ea6\u8ba1.jpg\" \/>\n\t<meta property=\"og:image:width\" content=\"800\" \/>\n\t<meta property=\"og:image:height\" content=\"800\" \/>\n\t<meta property=\"og:image:type\" content=\"image\/jpeg\" \/>\n<meta name=\"twitter:card\" content=\"summary_large_image\" \/>\n<meta name=\"twitter:label1\" content=\"Tiempo de lectura\" \/>\n\t<meta name=\"twitter:data1\" content=\"2 minutos\" \/>\n<script type=\"application\/ld+json\" class=\"yoast-schema-graph\">{\"@context\":\"https:\\\/\\\/schema.org\",\"@graph\":[{\"@type\":\"WebPage\",\"@id\":\"https:\\\/\\\/hardnesstests.com\\\/product\\\/hv-5\\\/\",\"url\":\"https:\\\/\\\/hardnesstests.com\\\/product\\\/hv-5\\\/\",\"name\":\"HV-5 - hardnesstests\",\"isPartOf\":{\"@id\":\"https:\\\/\\\/hardnesstests.com\\\/tr\\\/#website\"},\"primaryImageOfPage\":{\"@id\":\"https:\\\/\\\/hardnesstests.com\\\/product\\\/hv-5\\\/#primaryimage\"},\"image\":{\"@id\":\"https:\\\/\\\/hardnesstests.com\\\/product\\\/hv-5\\\/#primaryimage\"},\"thumbnailUrl\":\"https:\\\/\\\/hardnesstests.com\\\/wp-content\\\/uploads\\\/2025\\\/11\\\/HV-5\u624b\u52a8\u8f6c\u5854\u7ef4\u6c0f\u786c\u5ea6\u8ba1.jpg\",\"datePublished\":\"2025-11-28T02:45:18+00:00\",\"breadcrumb\":{\"@id\":\"https:\\\/\\\/hardnesstests.com\\\/product\\\/hv-5\\\/#breadcrumb\"},\"inLanguage\":\"es\",\"potentialAction\":[{\"@type\":\"ReadAction\",\"target\":[\"https:\\\/\\\/hardnesstests.com\\\/product\\\/hv-5\\\/\"]}]},{\"@type\":\"ImageObject\",\"inLanguage\":\"es\",\"@id\":\"https:\\\/\\\/hardnesstests.com\\\/product\\\/hv-5\\\/#primaryimage\",\"url\":\"https:\\\/\\\/hardnesstests.com\\\/wp-content\\\/uploads\\\/2025\\\/11\\\/HV-5\u624b\u52a8\u8f6c\u5854\u7ef4\u6c0f\u786c\u5ea6\u8ba1.jpg\",\"contentUrl\":\"https:\\\/\\\/hardnesstests.com\\\/wp-content\\\/uploads\\\/2025\\\/11\\\/HV-5\u624b\u52a8\u8f6c\u5854\u7ef4\u6c0f\u786c\u5ea6\u8ba1.jpg\",\"width\":800,\"height\":800,\"caption\":\"HV-5\"},{\"@type\":\"BreadcrumbList\",\"@id\":\"https:\\\/\\\/hardnesstests.com\\\/product\\\/hv-5\\\/#breadcrumb\",\"itemListElement\":[{\"@type\":\"ListItem\",\"position\":1,\"name\":\"\u9996\u9875\",\"item\":\"https:\\\/\\\/hardnesstests.com\\\/\"},{\"@type\":\"ListItem\",\"position\":2,\"name\":\"products\",\"item\":\"https:\\\/\\\/hardnesstests.com\\\/products\\\/\"},{\"@type\":\"ListItem\",\"position\":3,\"name\":\"HV-5\"}]},{\"@type\":\"WebSite\",\"@id\":\"https:\\\/\\\/hardnesstests.com\\\/tr\\\/#website\",\"url\":\"https:\\\/\\\/hardnesstests.com\\\/tr\\\/\",\"name\":\"hardnesstests\",\"description\":\"\",\"publisher\":{\"@id\":\"https:\\\/\\\/hardnesstests.com\\\/tr\\\/#organization\"},\"potentialAction\":[{\"@type\":\"SearchAction\",\"target\":{\"@type\":\"EntryPoint\",\"urlTemplate\":\"https:\\\/\\\/hardnesstests.com\\\/tr\\\/?s={search_term_string}\"},\"query-input\":{\"@type\":\"PropertyValueSpecification\",\"valueRequired\":true,\"valueName\":\"search_term_string\"}}],\"inLanguage\":\"es\"},{\"@type\":\"Organization\",\"@id\":\"https:\\\/\\\/hardnesstests.com\\\/tr\\\/#organization\",\"name\":\"hardnesstests\",\"url\":\"https:\\\/\\\/hardnesstests.com\\\/tr\\\/\",\"logo\":{\"@type\":\"ImageObject\",\"inLanguage\":\"es\",\"@id\":\"https:\\\/\\\/hardnesstests.com\\\/tr\\\/#\\\/schema\\\/logo\\\/image\\\/\",\"url\":\"https:\\\/\\\/hardnesstests.com\\\/wp-content\\\/uploads\\\/2021\\\/08\\\/\u5fae\u4fe1\u56fe\u7247_20251029102004_335_1287.png\",\"contentUrl\":\"https:\\\/\\\/hardnesstests.com\\\/wp-content\\\/uploads\\\/2021\\\/08\\\/\u5fae\u4fe1\u56fe\u7247_20251029102004_335_1287.png\",\"width\":1308,\"height\":467,\"caption\":\"hardnesstests\"},\"image\":{\"@id\":\"https:\\\/\\\/hardnesstests.com\\\/tr\\\/#\\\/schema\\\/logo\\\/image\\\/\"}}]}<\/script>\n<!-- \/ Yoast SEO Premium plugin. -->","yoast_head_json":{"title":"HV-5 - hardnesstests","robots":{"index":"index","follow":"follow","max-snippet":"max-snippet:-1","max-image-preview":"max-image-preview:large","max-video-preview":"max-video-preview:-1"},"canonical":"https:\/\/hardnesstests.com\/es\/producto\/hv-5\/","og_locale":"es_ES","og_type":"article","og_title":"HV-5","og_description":"The automatic turret-type Vickers hardness tester is a high-tech product of electromechanical and electromechanical integration. The hardness tester is novel in design, has good reliability, operability, and repeatability and is an ideal product for testing Vickers hardness. The machine uses computer software programming, optical measurement system. Through the soft key input, the measurement of Vickers and Knoop hardness can be selected, the intensity of the measuring light source can be adjusted, the time of charge can be selected, the test method and test force can be displayed on the LCD display, and the indentation pair can be measured through the panel input. The length of the corner line and the screen directly read the hardness value, making it simple to check the table. Easy to use, high measurement accuracy.","og_url":"https:\/\/hardnesstests.com\/es\/producto\/hv-5\/","og_site_name":"hardnesstests","og_image":[{"width":800,"height":800,"url":"https:\/\/hardnesstests.com\/wp-content\/uploads\/2025\/11\/HV-5\u624b\u52a8\u8f6c\u5854\u7ef4\u6c0f\u786c\u5ea6\u8ba1.jpg","type":"image\/jpeg"}],"twitter_card":"summary_large_image","twitter_misc":{"Tiempo de lectura":"2 minutos"},"schema":{"@context":"https:\/\/schema.org","@graph":[{"@type":"WebPage","@id":"https:\/\/hardnesstests.com\/product\/hv-5\/","url":"https:\/\/hardnesstests.com\/product\/hv-5\/","name":"HV-5 - hardnesstests","isPartOf":{"@id":"https:\/\/hardnesstests.com\/tr\/#website"},"primaryImageOfPage":{"@id":"https:\/\/hardnesstests.com\/product\/hv-5\/#primaryimage"},"image":{"@id":"https:\/\/hardnesstests.com\/product\/hv-5\/#primaryimage"},"thumbnailUrl":"https:\/\/hardnesstests.com\/wp-content\/uploads\/2025\/11\/HV-5\u624b\u52a8\u8f6c\u5854\u7ef4\u6c0f\u786c\u5ea6\u8ba1.jpg","datePublished":"2025-11-28T02:45:18+00:00","breadcrumb":{"@id":"https:\/\/hardnesstests.com\/product\/hv-5\/#breadcrumb"},"inLanguage":"es","potentialAction":[{"@type":"ReadAction","target":["https:\/\/hardnesstests.com\/product\/hv-5\/"]}]},{"@type":"ImageObject","inLanguage":"es","@id":"https:\/\/hardnesstests.com\/product\/hv-5\/#primaryimage","url":"https:\/\/hardnesstests.com\/wp-content\/uploads\/2025\/11\/HV-5\u624b\u52a8\u8f6c\u5854\u7ef4\u6c0f\u786c\u5ea6\u8ba1.jpg","contentUrl":"https:\/\/hardnesstests.com\/wp-content\/uploads\/2025\/11\/HV-5\u624b\u52a8\u8f6c\u5854\u7ef4\u6c0f\u786c\u5ea6\u8ba1.jpg","width":800,"height":800,"caption":"HV-5"},{"@type":"BreadcrumbList","@id":"https:\/\/hardnesstests.com\/product\/hv-5\/#breadcrumb","itemListElement":[{"@type":"ListItem","position":1,"name":"\u9996\u9875","item":"https:\/\/hardnesstests.com\/"},{"@type":"ListItem","position":2,"name":"products","item":"https:\/\/hardnesstests.com\/products\/"},{"@type":"ListItem","position":3,"name":"HV-5"}]},{"@type":"WebSite","@id":"https:\/\/hardnesstests.com\/tr\/#website","url":"https:\/\/hardnesstests.com\/tr\/","name":"hardnesstests","description":"","publisher":{"@id":"https:\/\/hardnesstests.com\/tr\/#organization"},"potentialAction":[{"@type":"SearchAction","target":{"@type":"EntryPoint","urlTemplate":"https:\/\/hardnesstests.com\/tr\/?s={search_term_string}"},"query-input":{"@type":"PropertyValueSpecification","valueRequired":true,"valueName":"search_term_string"}}],"inLanguage":"es"},{"@type":"Organization","@id":"https:\/\/hardnesstests.com\/tr\/#organization","name":"hardnesstests","url":"https:\/\/hardnesstests.com\/tr\/","logo":{"@type":"ImageObject","inLanguage":"es","@id":"https:\/\/hardnesstests.com\/tr\/#\/schema\/logo\/image\/","url":"https:\/\/hardnesstests.com\/wp-content\/uploads\/2021\/08\/\u5fae\u4fe1\u56fe\u7247_20251029102004_335_1287.png","contentUrl":"https:\/\/hardnesstests.com\/wp-content\/uploads\/2021\/08\/\u5fae\u4fe1\u56fe\u7247_20251029102004_335_1287.png","width":1308,"height":467,"caption":"hardnesstests"},"image":{"@id":"https:\/\/hardnesstests.com\/tr\/#\/schema\/logo\/image\/"}}]}},"_links":{"self":[{"href":"https:\/\/hardnesstests.com\/es\/wp-json\/wp\/v2\/product\/29926","targetHints":{"allow":["GET"]}}],"collection":[{"href":"https:\/\/hardnesstests.com\/es\/wp-json\/wp\/v2\/product"}],"about":[{"href":"https:\/\/hardnesstests.com\/es\/wp-json\/wp\/v2\/types\/product"}],"replies":[{"embeddable":true,"href":"https:\/\/hardnesstests.com\/es\/wp-json\/wp\/v2\/comments?post=29926"}],"version-history":[{"count":1,"href":"https:\/\/hardnesstests.com\/es\/wp-json\/wp\/v2\/product\/29926\/revisions"}],"predecessor-version":[{"id":29928,"href":"https:\/\/hardnesstests.com\/es\/wp-json\/wp\/v2\/product\/29926\/revisions\/29928"}],"wp:featuredmedia":[{"embeddable":true,"href":"https:\/\/hardnesstests.com\/es\/wp-json\/wp\/v2\/media\/29927"}],"wp:attachment":[{"href":"https:\/\/hardnesstests.com\/es\/wp-json\/wp\/v2\/media?parent=29926"}],"wp:term":[{"taxonomy":"product_brand","embeddable":true,"href":"https:\/\/hardnesstests.com\/es\/wp-json\/wp\/v2\/product_brand?post=29926"},{"taxonomy":"product_cat","embeddable":true,"href":"https:\/\/hardnesstests.com\/es\/wp-json\/wp\/v2\/product_cat?post=29926"},{"taxonomy":"product_tag","embeddable":true,"href":"https:\/\/hardnesstests.com\/es\/wp-json\/wp\/v2\/product_tag?post=29926"}],"curies":[{"name":"wp","href":"https:\/\/api.w.org\/{rel}","templated":true}]}}