{"id":29907,"date":"2025-11-28T01:58:36","date_gmt":"2025-11-28T01:58:36","guid":{"rendered":"https:\/\/hardnesstests.com\/?post_type=product&#038;p=29907"},"modified":"2025-11-28T01:58:36","modified_gmt":"2025-11-28T01:58:36","slug":"%ef%bc%88hv-1000z%ef%bc%89automatic-turret-type-micro-hardness-tester","status":"publish","type":"product","link":"https:\/\/hardnesstests.com\/es\/producto\/%ef%bc%88hv-1000z%ef%bc%89automatic-turret-type-micro-hardness-tester\/","title":{"rendered":"\uff08HV-1000Z\uff09Microdur\u00f3metro autom\u00e1tico de torreta"},"content":{"rendered":"<h1 style=\"font-weight: 400;\"><strong>Funciones y caracter\u00edsticas principales:<\/strong><\/h1>\n<ol>\n<li style=\"font-weight: 400;\">The optical system designed by senior optical engineers not only has clear images, but also can be used as a simple microscope. The brightness is adjustable, and it is visually comfortable. Long-time operation will not make you fatigued.<\/li>\n<li style=\"font-weight: 400;\">The industrial display screen can directly display the hardness value, the conversion hardness, the test method, the test force, the retention time, the number of measurements, and the test process is intuitive and clear;<\/li>\n<li style=\"font-weight: 400;\">Cast aluminum shell molding, stable structure won\u2019t be easily deformed, pure white car paint high grade, anti-scratch ability, use for many years is still bright as new;<\/li>\n<li style=\"font-weight: 400;\">Our company has its own R &amp; D design, production and processing capabilities, our machine life to provide parts replacement and maintenance upgrades<\/li>\n<li style=\"font-weight: 400;\">HV-1000Z model can be achieved: observation &#8211; test &#8211; measurement of the position switch by the automatic turret<\/li>\n<\/ol>\n<h1 style=\"font-weight: 400;\"><strong>Application:<\/strong><\/h1>\n<ol>\n<li style=\"font-weight: 400;\">Hierro y acero, metales no ferrosos, l\u00e1minas met\u00e1licas, aleaciones duras, chapas met\u00e1licas, microestructuras<\/li>\n<li style=\"font-weight: 400;\">Capas de carburaci\u00f3n, nitruraci\u00f3n y descarburaci\u00f3n, capas de endurecimiento superficial, chapado, revestimientos<\/li>\n<li style=\"font-weight: 400;\">Glass, wafers, ceramic materials<\/li>\n<\/ol>\n<h1 style=\"font-weight: 400;\"><strong>Par\u00e1metros t\u00e9cnicos:<\/strong><\/h1>\n<table style=\"font-weight: 400;\" width=\"568\">\n<tbody>\n<tr>\n<td width=\"206\">Nombre del par\u00e1metro<\/td>\n<td width=\"362\">Datos de los par\u00e1metros<\/td>\n<\/tr>\n<tr>\n<td width=\"206\">Escala de microdureza<\/td>\n<td width=\"362\">HV0.01,HV0.025,HV0.05,HV0.1,HV0.2,HV0.3,HV0.5,HV1<\/td>\n<\/tr>\n<tr>\n<td width=\"206\">Mostrar<\/td>\n<td width=\"362\">Tiempo de mantenimiento (segundos), valor de dureza<\/td>\n<\/tr>\n<tr>\n<td width=\"206\">Fuerza de ensayo (gf)<\/td>\n<td width=\"362\">10,25,50,100,200,300,500,1000<\/td>\n<\/tr>\n<tr>\n<td width=\"206\">Control de carga<\/td>\n<td width=\"362\">Autom\u00e1tico (carga\/retenci\u00f3n\/desinstalaci\u00f3n)<\/td>\n<\/tr>\n<tr>\n<td width=\"206\">Tiempo de retenci\u00f3n de la fuerza de ensayo (s)<\/td>\n<td width=\"362\">5 ~ 60<\/td>\n<\/tr>\n<tr>\n<td width=\"206\">Selecci\u00f3n de la fuerza de ensayo<\/td>\n<td width=\"362\">Bot\u00f3n selector externo, la fuerza de prueba se muestra autom\u00e1ticamente en la pantalla LCD<\/td>\n<\/tr>\n<tr>\n<td width=\"206\">Aumento objetivo<\/td>\n<td width=\"362\">10\u00d7, 40\u00d7<\/td>\n<\/tr>\n<tr>\n<td width=\"206\">Canal \u00f3ptico<\/td>\n<td width=\"362\">Canales de luz dobles (oculares y canales de c\u00e1mara CCD)<\/td>\n<\/tr>\n<tr>\n<td width=\"206\">Sistema \u00f3ptico<\/td>\n<td width=\"362\">1. Manual micrometer eyepiece (10 times); total magnification (\u03bcm): 100\u00d7 (observation), 400\u00d7 (measurement);<\/p>\n<p>2. The manual micrometer eyepiece can be changed 15 times, the total magnification is: 150X (observation), 600X (measurement)<\/p>\n<p>3. Rango de medici\u00f3n (\u03bcm): 200; 4. Resoluci\u00f3n (\u03bcm): 0.25<\/td>\n<\/tr>\n<tr>\n<td width=\"206\">Rango de medici\u00f3n de la dureza<\/td>\n<td width=\"362\">(5-3000) HV<\/td>\n<\/tr>\n<tr>\n<td width=\"206\">Plataforma de pruebas XY<\/td>\n<td width=\"362\">Tama\u00f1o (mm): 100\u00d7100<br \/>\nRango de recorrido (mm): 25\u00d725<br \/>\nLectura m\u00ednima (mm): 0.01<\/td>\n<\/tr>\n<tr>\n<td width=\"206\">Altura m\u00e1xima de la probeta (mm)<\/td>\n<td width=\"362\">110<\/td>\n<\/tr>\n<tr>\n<td width=\"206\">Anchura m\u00e1xima de la probeta (mm)<\/td>\n<td width=\"362\">85 (distancia de la l\u00ednea central del penetrador a la pared)<\/td>\n<\/tr>\n<tr>\n<td width=\"206\">Tensi\u00f3n<\/td>\n<td width=\"362\">AC220V\/50HZ<\/td>\n<\/tr>\n<tr>\n<td width=\"206\">Peso (kg)<\/td>\n<td width=\"362\">35<\/td>\n<\/tr>\n<tr>\n<td width=\"206\">Dimensiones<\/td>\n<td width=\"362\">(540\u00d7200\u00d7530)mm<\/td>\n<\/tr>\n<\/tbody>\n<\/table>\n<h1 style=\"font-weight: 400;\"><strong>Configuraci\u00f3n est\u00e1ndar:<\/strong><\/h1>\n<table style=\"font-weight: 400;\" width=\"568\">\n<tbody>\n<tr>\n<td width=\"268\">1.\u00a0Host ( Micro Vickers indenter\u00a0x1, 10x objective x1, 40x objective x1)<\/td>\n<td width=\"300\">2. Test platform, weight, microscope accessory box;<\/td>\n<\/tr>\n<tr>\n<td width=\"268\">3.Pesas x6<\/td>\n<td width=\"300\">4.Barra de pesas x1<\/td>\n<\/tr>\n<tr>\n<td width=\"268\">5.Mesa transversal x1<\/td>\n<td width=\"300\">6.Mesa de sujeci\u00f3n de chapas x1<\/td>\n<\/tr>\n<tr>\n<td width=\"268\">7.Mesa de sujeci\u00f3n de boca plana x1<\/td>\n<td width=\"300\">8.Mesa de sujeci\u00f3n del filamento x1<\/td>\n<\/tr>\n<tr>\n<td width=\"268\">9.Nivel metro x1<\/td>\n<td width=\"300\">10.Destornillador x2<\/td>\n<\/tr>\n<tr>\n<td width=\"268\">11.Tornillos de ajuste horizontal x4<\/td>\n<td width=\"300\">12.Cable de alimentaci\u00f3n externo x1<\/td>\n<\/tr>\n<tr>\n<td width=\"268\">13,10\u00d7 Micr\u00f3metro digital Oculares x1<\/td>\n<td width=\"300\">14.Micro Vickers hardness block x2 (HV1, HV0.2\u00a0x1 for each )<\/td>\n<\/tr>\n<tr>\n<td width=\"268\">15.Fusibles (1 A) x2<\/td>\n<td width=\"300\">16.Certificaci\u00f3n del producto x1<\/td>\n<\/tr>\n<tr>\n<td width=\"268\">17.Manual de instrucciones del producto x1<\/td>\n<td width=\"300\">18.Funda antipolvo x1<\/td>\n<\/tr>\n<\/tbody>\n<\/table>\n<h1 style=\"font-weight: 400;\"><strong>Nota:<\/strong><\/h1>\n<ol>\n<li style=\"font-weight: 400;\">Optional side-sway lifting system makes the lifting system more stable and accurate<\/li>\n<li style=\"font-weight: 400;\">Software de medici\u00f3n de medidor de dureza opcional, eliminar el error humano, la operaci\u00f3n de la computadora, mejorar la eficiencia, la precisi\u00f3n es m\u00e1s precisa.<\/li>\n<li style=\"font-weight: 400;\">Cooperation institutions: Nanjing University of Science and Technology, Hefei University of Technology, Harbin Institute of Technology, Wuxi Jiangnan University, Guilin University of Electronic Technology, etc.<\/li>\n<\/ol>","protected":false},"excerpt":{"rendered":"<p>The automatic turret type microhardness tester is a high-tech product of optical and mechanical integration. The hardness tester is novel in shape, has good reliability, operability and repeatability, and is an ideal product for testing microhardness. The machine uses C language programming, high-magnification optical measurement system and optical dual-channel structure, new technologies such as optoelectronics and photocouple sensing. Through key operation, the length of the measured indentation can be input on the key, the hardness value, the conversion scale, the test force, the test force holding time and the number of measurements can be displayed on the LCD screen.<\/p>","protected":false},"featured_media":29908,"comment_status":"open","ping_status":"closed","template":"","meta":[],"product_brand":[],"product_cat":[70,91],"product_tag":[101],"class_list":{"0":"post-29907","1":"product","2":"type-product","3":"status-publish","4":"has-post-thumbnail","6":"product_cat-hardness-tester","7":"product_cat-micro-vickers-hardness-tester","8":"product_tag-micro-vickers-hardness-tester","10":"first","11":"instock","12":"shipping-taxable","13":"product-type-simple"},"yoast_head":"<!-- This site is optimized with the Yoast SEO Premium plugin v25.4 (Yoast SEO v27.4) - https:\/\/yoast.com\/product\/yoast-seo-premium-wordpress\/ -->\n<title>\uff08HV-1000Z\uff09Automatic turret type micro hardness tester - hardnesstests<\/title>\n<meta name=\"robots\" content=\"index, follow, max-snippet:-1, max-image-preview:large, max-video-preview:-1\" \/>\n<link rel=\"canonical\" href=\"https:\/\/hardnesstests.com\/es\/producto\/\uff08hv-1000z\uff09automatic-turret-type-micro-hardness-tester\/\" \/>\n<meta property=\"og:locale\" content=\"es_ES\" \/>\n<meta property=\"og:type\" content=\"article\" \/>\n<meta property=\"og:title\" content=\"\uff08HV-1000Z\uff09Automatic turret type micro hardness tester\" \/>\n<meta property=\"og:description\" content=\"The automatic turret type microhardness tester is a high-tech product of optical and mechanical integration. The hardness tester is novel in shape, has good reliability, operability and repeatability, and is an ideal product for testing microhardness. The machine uses C language programming, high-magnification optical measurement system and optical dual-channel structure, new technologies such as optoelectronics and photocouple sensing. Through key operation, the length of the measured indentation can be input on the key, the hardness value, the conversion scale, the test force, the test force holding time and the number of measurements can be displayed on the LCD screen.\" \/>\n<meta property=\"og:url\" content=\"https:\/\/hardnesstests.com\/es\/producto\/\uff08hv-1000z\uff09automatic-turret-type-micro-hardness-tester\/\" \/>\n<meta property=\"og:site_name\" content=\"hardnesstests\" \/>\n<meta property=\"og:image\" content=\"https:\/\/hardnesstests.com\/wp-content\/uploads\/2025\/11\/HV-1000Z-\u81ea\u52a8\u8f6c\u5854\u663e\u5fae\u7ef4\u6c0f\u786c\u5ea6\u8ba1.jpg\" \/>\n\t<meta property=\"og:image:width\" content=\"800\" \/>\n\t<meta property=\"og:image:height\" content=\"800\" \/>\n\t<meta property=\"og:image:type\" content=\"image\/jpeg\" \/>\n<meta name=\"twitter:card\" content=\"summary_large_image\" \/>\n<meta name=\"twitter:label1\" content=\"Tiempo de lectura\" \/>\n\t<meta name=\"twitter:data1\" content=\"2 minutos\" \/>\n<script type=\"application\/ld+json\" class=\"yoast-schema-graph\">{\"@context\":\"https:\\\/\\\/schema.org\",\"@graph\":[{\"@type\":\"WebPage\",\"@id\":\"https:\\\/\\\/hardnesstests.com\\\/product\\\/%ef%bc%88hv-1000z%ef%bc%89automatic-turret-type-micro-hardness-tester\\\/\",\"url\":\"https:\\\/\\\/hardnesstests.com\\\/product\\\/%ef%bc%88hv-1000z%ef%bc%89automatic-turret-type-micro-hardness-tester\\\/\",\"name\":\"\uff08HV-1000Z\uff09Automatic turret type micro hardness tester - hardnesstests\",\"isPartOf\":{\"@id\":\"https:\\\/\\\/hardnesstests.com\\\/tr\\\/#website\"},\"primaryImageOfPage\":{\"@id\":\"https:\\\/\\\/hardnesstests.com\\\/product\\\/%ef%bc%88hv-1000z%ef%bc%89automatic-turret-type-micro-hardness-tester\\\/#primaryimage\"},\"image\":{\"@id\":\"https:\\\/\\\/hardnesstests.com\\\/product\\\/%ef%bc%88hv-1000z%ef%bc%89automatic-turret-type-micro-hardness-tester\\\/#primaryimage\"},\"thumbnailUrl\":\"https:\\\/\\\/hardnesstests.com\\\/wp-content\\\/uploads\\\/2025\\\/11\\\/HV-1000Z-\u81ea\u52a8\u8f6c\u5854\u663e\u5fae\u7ef4\u6c0f\u786c\u5ea6\u8ba1.jpg\",\"datePublished\":\"2025-11-28T01:58:36+00:00\",\"breadcrumb\":{\"@id\":\"https:\\\/\\\/hardnesstests.com\\\/product\\\/%ef%bc%88hv-1000z%ef%bc%89automatic-turret-type-micro-hardness-tester\\\/#breadcrumb\"},\"inLanguage\":\"es\",\"potentialAction\":[{\"@type\":\"ReadAction\",\"target\":[\"https:\\\/\\\/hardnesstests.com\\\/product\\\/%ef%bc%88hv-1000z%ef%bc%89automatic-turret-type-micro-hardness-tester\\\/\"]}]},{\"@type\":\"ImageObject\",\"inLanguage\":\"es\",\"@id\":\"https:\\\/\\\/hardnesstests.com\\\/product\\\/%ef%bc%88hv-1000z%ef%bc%89automatic-turret-type-micro-hardness-tester\\\/#primaryimage\",\"url\":\"https:\\\/\\\/hardnesstests.com\\\/wp-content\\\/uploads\\\/2025\\\/11\\\/HV-1000Z-\u81ea\u52a8\u8f6c\u5854\u663e\u5fae\u7ef4\u6c0f\u786c\u5ea6\u8ba1.jpg\",\"contentUrl\":\"https:\\\/\\\/hardnesstests.com\\\/wp-content\\\/uploads\\\/2025\\\/11\\\/HV-1000Z-\u81ea\u52a8\u8f6c\u5854\u663e\u5fae\u7ef4\u6c0f\u786c\u5ea6\u8ba1.jpg\",\"width\":800,\"height\":800,\"caption\":\"\uff08HV-1000Z\uff09Automatic turret type micro hardness tester\"},{\"@type\":\"BreadcrumbList\",\"@id\":\"https:\\\/\\\/hardnesstests.com\\\/product\\\/%ef%bc%88hv-1000z%ef%bc%89automatic-turret-type-micro-hardness-tester\\\/#breadcrumb\",\"itemListElement\":[{\"@type\":\"ListItem\",\"position\":1,\"name\":\"\u9996\u9875\",\"item\":\"https:\\\/\\\/hardnesstests.com\\\/\"},{\"@type\":\"ListItem\",\"position\":2,\"name\":\"products\",\"item\":\"https:\\\/\\\/hardnesstests.com\\\/products\\\/\"},{\"@type\":\"ListItem\",\"position\":3,\"name\":\"\uff08HV-1000Z\uff09Automatic turret type micro hardness tester\"}]},{\"@type\":\"WebSite\",\"@id\":\"https:\\\/\\\/hardnesstests.com\\\/tr\\\/#website\",\"url\":\"https:\\\/\\\/hardnesstests.com\\\/tr\\\/\",\"name\":\"hardnesstests\",\"description\":\"\",\"publisher\":{\"@id\":\"https:\\\/\\\/hardnesstests.com\\\/tr\\\/#organization\"},\"potentialAction\":[{\"@type\":\"SearchAction\",\"target\":{\"@type\":\"EntryPoint\",\"urlTemplate\":\"https:\\\/\\\/hardnesstests.com\\\/tr\\\/?s={search_term_string}\"},\"query-input\":{\"@type\":\"PropertyValueSpecification\",\"valueRequired\":true,\"valueName\":\"search_term_string\"}}],\"inLanguage\":\"es\"},{\"@type\":\"Organization\",\"@id\":\"https:\\\/\\\/hardnesstests.com\\\/tr\\\/#organization\",\"name\":\"hardnesstests\",\"url\":\"https:\\\/\\\/hardnesstests.com\\\/tr\\\/\",\"logo\":{\"@type\":\"ImageObject\",\"inLanguage\":\"es\",\"@id\":\"https:\\\/\\\/hardnesstests.com\\\/tr\\\/#\\\/schema\\\/logo\\\/image\\\/\",\"url\":\"https:\\\/\\\/hardnesstests.com\\\/wp-content\\\/uploads\\\/2021\\\/08\\\/\u5fae\u4fe1\u56fe\u7247_20251029102004_335_1287.png\",\"contentUrl\":\"https:\\\/\\\/hardnesstests.com\\\/wp-content\\\/uploads\\\/2021\\\/08\\\/\u5fae\u4fe1\u56fe\u7247_20251029102004_335_1287.png\",\"width\":1308,\"height\":467,\"caption\":\"hardnesstests\"},\"image\":{\"@id\":\"https:\\\/\\\/hardnesstests.com\\\/tr\\\/#\\\/schema\\\/logo\\\/image\\\/\"}}]}<\/script>\n<!-- \/ Yoast SEO Premium plugin. -->","yoast_head_json":{"title":"\uff08HV-1000Z\uff09Automatic turret type micro hardness tester - hardnesstests","robots":{"index":"index","follow":"follow","max-snippet":"max-snippet:-1","max-image-preview":"max-image-preview:large","max-video-preview":"max-video-preview:-1"},"canonical":"https:\/\/hardnesstests.com\/es\/producto\/\uff08hv-1000z\uff09automatic-turret-type-micro-hardness-tester\/","og_locale":"es_ES","og_type":"article","og_title":"\uff08HV-1000Z\uff09Automatic turret type micro hardness tester","og_description":"The automatic turret type microhardness tester is a high-tech product of optical and mechanical integration. The hardness tester is novel in shape, has good reliability, operability and repeatability, and is an ideal product for testing microhardness. The machine uses C language programming, high-magnification optical measurement system and optical dual-channel structure, new technologies such as optoelectronics and photocouple sensing. Through key operation, the length of the measured indentation can be input on the key, the hardness value, the conversion scale, the test force, the test force holding time and the number of measurements can be displayed on the LCD screen.","og_url":"https:\/\/hardnesstests.com\/es\/producto\/\uff08hv-1000z\uff09automatic-turret-type-micro-hardness-tester\/","og_site_name":"hardnesstests","og_image":[{"width":800,"height":800,"url":"https:\/\/hardnesstests.com\/wp-content\/uploads\/2025\/11\/HV-1000Z-\u81ea\u52a8\u8f6c\u5854\u663e\u5fae\u7ef4\u6c0f\u786c\u5ea6\u8ba1.jpg","type":"image\/jpeg"}],"twitter_card":"summary_large_image","twitter_misc":{"Tiempo de lectura":"2 minutos"},"schema":{"@context":"https:\/\/schema.org","@graph":[{"@type":"WebPage","@id":"https:\/\/hardnesstests.com\/product\/%ef%bc%88hv-1000z%ef%bc%89automatic-turret-type-micro-hardness-tester\/","url":"https:\/\/hardnesstests.com\/product\/%ef%bc%88hv-1000z%ef%bc%89automatic-turret-type-micro-hardness-tester\/","name":"\uff08HV-1000Z\uff09Automatic turret type micro hardness tester - hardnesstests","isPartOf":{"@id":"https:\/\/hardnesstests.com\/tr\/#website"},"primaryImageOfPage":{"@id":"https:\/\/hardnesstests.com\/product\/%ef%bc%88hv-1000z%ef%bc%89automatic-turret-type-micro-hardness-tester\/#primaryimage"},"image":{"@id":"https:\/\/hardnesstests.com\/product\/%ef%bc%88hv-1000z%ef%bc%89automatic-turret-type-micro-hardness-tester\/#primaryimage"},"thumbnailUrl":"https:\/\/hardnesstests.com\/wp-content\/uploads\/2025\/11\/HV-1000Z-\u81ea\u52a8\u8f6c\u5854\u663e\u5fae\u7ef4\u6c0f\u786c\u5ea6\u8ba1.jpg","datePublished":"2025-11-28T01:58:36+00:00","breadcrumb":{"@id":"https:\/\/hardnesstests.com\/product\/%ef%bc%88hv-1000z%ef%bc%89automatic-turret-type-micro-hardness-tester\/#breadcrumb"},"inLanguage":"es","potentialAction":[{"@type":"ReadAction","target":["https:\/\/hardnesstests.com\/product\/%ef%bc%88hv-1000z%ef%bc%89automatic-turret-type-micro-hardness-tester\/"]}]},{"@type":"ImageObject","inLanguage":"es","@id":"https:\/\/hardnesstests.com\/product\/%ef%bc%88hv-1000z%ef%bc%89automatic-turret-type-micro-hardness-tester\/#primaryimage","url":"https:\/\/hardnesstests.com\/wp-content\/uploads\/2025\/11\/HV-1000Z-\u81ea\u52a8\u8f6c\u5854\u663e\u5fae\u7ef4\u6c0f\u786c\u5ea6\u8ba1.jpg","contentUrl":"https:\/\/hardnesstests.com\/wp-content\/uploads\/2025\/11\/HV-1000Z-\u81ea\u52a8\u8f6c\u5854\u663e\u5fae\u7ef4\u6c0f\u786c\u5ea6\u8ba1.jpg","width":800,"height":800,"caption":"\uff08HV-1000Z\uff09Automatic turret type micro hardness tester"},{"@type":"BreadcrumbList","@id":"https:\/\/hardnesstests.com\/product\/%ef%bc%88hv-1000z%ef%bc%89automatic-turret-type-micro-hardness-tester\/#breadcrumb","itemListElement":[{"@type":"ListItem","position":1,"name":"\u9996\u9875","item":"https:\/\/hardnesstests.com\/"},{"@type":"ListItem","position":2,"name":"products","item":"https:\/\/hardnesstests.com\/products\/"},{"@type":"ListItem","position":3,"name":"\uff08HV-1000Z\uff09Automatic turret type micro hardness tester"}]},{"@type":"WebSite","@id":"https:\/\/hardnesstests.com\/tr\/#website","url":"https:\/\/hardnesstests.com\/tr\/","name":"hardnesstests","description":"","publisher":{"@id":"https:\/\/hardnesstests.com\/tr\/#organization"},"potentialAction":[{"@type":"SearchAction","target":{"@type":"EntryPoint","urlTemplate":"https:\/\/hardnesstests.com\/tr\/?s={search_term_string}"},"query-input":{"@type":"PropertyValueSpecification","valueRequired":true,"valueName":"search_term_string"}}],"inLanguage":"es"},{"@type":"Organization","@id":"https:\/\/hardnesstests.com\/tr\/#organization","name":"hardnesstests","url":"https:\/\/hardnesstests.com\/tr\/","logo":{"@type":"ImageObject","inLanguage":"es","@id":"https:\/\/hardnesstests.com\/tr\/#\/schema\/logo\/image\/","url":"https:\/\/hardnesstests.com\/wp-content\/uploads\/2021\/08\/\u5fae\u4fe1\u56fe\u7247_20251029102004_335_1287.png","contentUrl":"https:\/\/hardnesstests.com\/wp-content\/uploads\/2021\/08\/\u5fae\u4fe1\u56fe\u7247_20251029102004_335_1287.png","width":1308,"height":467,"caption":"hardnesstests"},"image":{"@id":"https:\/\/hardnesstests.com\/tr\/#\/schema\/logo\/image\/"}}]}},"_links":{"self":[{"href":"https:\/\/hardnesstests.com\/es\/wp-json\/wp\/v2\/product\/29907","targetHints":{"allow":["GET"]}}],"collection":[{"href":"https:\/\/hardnesstests.com\/es\/wp-json\/wp\/v2\/product"}],"about":[{"href":"https:\/\/hardnesstests.com\/es\/wp-json\/wp\/v2\/types\/product"}],"replies":[{"embeddable":true,"href":"https:\/\/hardnesstests.com\/es\/wp-json\/wp\/v2\/comments?post=29907"}],"version-history":[{"count":1,"href":"https:\/\/hardnesstests.com\/es\/wp-json\/wp\/v2\/product\/29907\/revisions"}],"predecessor-version":[{"id":29909,"href":"https:\/\/hardnesstests.com\/es\/wp-json\/wp\/v2\/product\/29907\/revisions\/29909"}],"wp:featuredmedia":[{"embeddable":true,"href":"https:\/\/hardnesstests.com\/es\/wp-json\/wp\/v2\/media\/29908"}],"wp:attachment":[{"href":"https:\/\/hardnesstests.com\/es\/wp-json\/wp\/v2\/media?parent=29907"}],"wp:term":[{"taxonomy":"product_brand","embeddable":true,"href":"https:\/\/hardnesstests.com\/es\/wp-json\/wp\/v2\/product_brand?post=29907"},{"taxonomy":"product_cat","embeddable":true,"href":"https:\/\/hardnesstests.com\/es\/wp-json\/wp\/v2\/product_cat?post=29907"},{"taxonomy":"product_tag","embeddable":true,"href":"https:\/\/hardnesstests.com\/es\/wp-json\/wp\/v2\/product_tag?post=29907"}],"curies":[{"name":"wp","href":"https:\/\/api.w.org\/{rel}","templated":true}]}}