{"id":29904,"date":"2025-11-28T01:57:21","date_gmt":"2025-11-28T01:57:21","guid":{"rendered":"https:\/\/hardnesstests.com\/?post_type=product&#038;p=29904"},"modified":"2025-11-28T01:57:22","modified_gmt":"2025-11-28T01:57:22","slug":"%ef%bc%88hv-1000%ef%bc%89micro-hardness-tester-2","status":"publish","type":"product","link":"https:\/\/hardnesstests.com\/es\/producto\/%ef%bc%88hv-1000%ef%bc%89micro-hardness-tester-2\/","title":{"rendered":"\uff08HV-1000\uff09Microdur\u00f3metro"},"content":{"rendered":"<p style=\"font-weight: 400;\">El micro dur\u00f3metro puede cumplir los requisitos b\u00e1sicos de la prueba de dureza Vickers, y el sistema de control actualizado puede proporcionar m\u00e1s datos de medici\u00f3n, y el control es m\u00e1s completo y preciso.<\/p>\n<h1 style=\"font-weight: 400;\"><strong>Funciones y caracter\u00edsticas principales:<\/strong><\/h1>\n<ol>\n<li style=\"font-weight: 400;\">El sistema \u00f3ptico dise\u00f1ado por ingenieros \u00f3pticos superiores no s\u00f3lo ofrece im\u00e1genes n\u00edtidas, sino que tambi\u00e9n puede utilizarse como un microscopio sencillo, con brillo ajustable, visi\u00f3n c\u00f3moda y no es f\u00e1cil que se fatigue tras un funcionamiento prolongado;<\/li>\n<li style=\"font-weight: 400;\">La pantalla de visualizaci\u00f3n industrial puede mostrar directamente el valor de dureza, convertir la dureza, el m\u00e9todo de prueba, la fuerza de prueba, el tiempo de mantenimiento, los tiempos de medici\u00f3n, y el proceso de prueba es intuitivo y claro;<\/li>\n<li style=\"font-weight: 400;\">La carcasa de aluminio fundido se forma de una sola vez, la estructura es estable y no se deforma, la pintura blanca pura del coche es de alto grado, la resistencia a los ara\u00f1azos es fuerte, y sigue siendo brillante como nuevo despu\u00e9s de a\u00f1os de uso;<\/li>\n<li style=\"font-weight: 400;\">Nuestra empresa tiene la capacidad de investigar, desarrollar, dise\u00f1ar, producir y procesar por s\u00ed misma, y proporcionar servicios de sustituci\u00f3n de piezas y actualizaci\u00f3n de mantenimiento para nuestras m\u00e1quinas de por vida;<\/li>\n<\/ol>\n<h1 style=\"font-weight: 400;\"><strong>Objetivo principal y \u00e1mbito de aplicaci\u00f3n:<\/strong><\/h1>\n<ol>\n<li style=\"font-weight: 400;\">Hierro y acero, metales no ferrosos, l\u00e1minas met\u00e1licas, aleaciones duras, chapas met\u00e1licas, microestructuras<\/li>\n<li style=\"font-weight: 400;\">Capas de carburaci\u00f3n, nitruraci\u00f3n y descarburaci\u00f3n, capas de endurecimiento superficial, chapado, revestimientos<\/li>\n<li style=\"font-weight: 400;\">Vidrio, obleas, cer\u00e1mica<\/li>\n<\/ol>\n<h1 style=\"font-weight: 400;\"><strong>Par\u00e1metros t\u00e9cnicos:<\/strong><\/h1>\n<table width=\"568\">\n<tbody>\n<tr>\n<td width=\"213\">Nombre del par\u00e1metro<\/td>\n<td width=\"355\">Datos de los par\u00e1metros<\/td>\n<\/tr>\n<tr>\n<td width=\"213\">Escala de microdureza<\/td>\n<td width=\"355\">HV0.01,HV0.025,HV0.05,HV0.1,HV0.2,HV0.3,HV0.5,HV1<\/td>\n<\/tr>\n<tr>\n<td width=\"213\">Mostrar<\/td>\n<td width=\"355\">Tiempo de mantenimiento (segundos), valor de dureza<\/td>\n<\/tr>\n<tr>\n<td width=\"213\">Fuerza de ensayo (gf)<\/td>\n<td width=\"355\">10,25,50,100,200,300,500,1000<\/td>\n<\/tr>\n<tr>\n<td width=\"213\">Control de carga<\/td>\n<td width=\"355\">Autom\u00e1tico (carga\/retenci\u00f3n\/desinstalaci\u00f3n)<\/td>\n<\/tr>\n<tr>\n<td width=\"213\">Tiempo de retenci\u00f3n de la fuerza de ensayo (s)<\/td>\n<td width=\"355\">5 ~60<\/td>\n<\/tr>\n<tr>\n<td width=\"213\">Selecci\u00f3n de la fuerza de ensayo<\/td>\n<td width=\"355\">Bot\u00f3n selector externo, la fuerza de prueba se muestra autom\u00e1ticamente en la pantalla LCD<\/td>\n<\/tr>\n<tr>\n<td width=\"213\">Aumento objetivo<\/td>\n<td width=\"355\">10\u00d7, 40\u00d7<\/td>\n<\/tr>\n<tr>\n<td width=\"213\">Canal \u00f3ptico<\/td>\n<td width=\"355\">Canales de luz dobles (oculares y canales de c\u00e1mara CCD)<\/td>\n<\/tr>\n<tr>\n<td width=\"213\">Sistema \u00f3ptico<\/td>\n<td width=\"355\">1. Ocular microm\u00e9trico manual;<\/p>\n<p>2. Aumento total (\u03bcm): 100\u00d7 (observaci\u00f3n), 400\u00d7 (medici\u00f3n);<\/p>\n<p>3. Rango de medici\u00f3n (\u03bcm): 200; 4. Resoluci\u00f3n (\u03bcm): 0.25<\/td>\n<\/tr>\n<tr>\n<td width=\"213\">Rango de medici\u00f3n de la dureza<\/td>\n<td width=\"355\">(5-3000) HV<\/td>\n<\/tr>\n<tr>\n<td width=\"213\">Plataforma de pruebas XY<\/td>\n<td width=\"355\">Tama\u00f1o (mm): 100\u00d7100<br \/>\nRango de recorrido (mm): 25\u00d725<br \/>\nLectura m\u00ednima (mm): 0.01<\/td>\n<\/tr>\n<tr>\n<td width=\"213\">Altura m\u00e1xima de la probeta (mm)<\/td>\n<td width=\"355\">110<\/td>\n<\/tr>\n<tr>\n<td width=\"213\">Anchura m\u00e1xima de la probeta (mm)<\/td>\n<td width=\"355\">85 (distancia de la l\u00ednea central del penetrador a la pared)<\/td>\n<\/tr>\n<tr>\n<td width=\"213\">Tensi\u00f3n<\/td>\n<td width=\"355\">AC220V\/50HZ<\/td>\n<\/tr>\n<tr>\n<td width=\"213\">Peso (kg)<\/td>\n<td width=\"355\">35<\/td>\n<\/tr>\n<tr>\n<td width=\"213\">Dimensiones<\/td>\n<td width=\"355\">(540\u00d7200\u00d7530)mm<\/td>\n<\/tr>\n<\/tbody>\n<\/table>\n<h1 style=\"font-weight: 400;\"><strong>Configuraci\u00f3n est\u00e1ndar:<\/strong><\/h1>\n<table width=\"568\">\n<tbody>\n<tr>\n<td width=\"268\">1.Host (penetrador Micro Vickers x1, objetivo 10x x1, objetivo 40x x1)<\/td>\n<td width=\"300\">2.Plataforma de pruebas, peso, caja de accesorios del microscopio;<\/td>\n<\/tr>\n<tr>\n<td width=\"268\">3.Pesas x6<\/td>\n<td width=\"300\">4.Barra de pesas x1<\/td>\n<\/tr>\n<tr>\n<td width=\"268\">5.Mesa transversal x1<\/td>\n<td width=\"300\">6.Mesa de sujeci\u00f3n de chapas x1<\/td>\n<\/tr>\n<tr>\n<td width=\"268\">7.Mesa de sujeci\u00f3n de boca plana x1<\/td>\n<td width=\"300\">8.Mesa de sujeci\u00f3n del filamento x1<\/td>\n<\/tr>\n<tr>\n<td width=\"268\">9.Nivel metro x1<\/td>\n<td width=\"300\">10.Destornillador x2<\/td>\n<\/tr>\n<tr>\n<td width=\"268\">11.Tornillos de ajuste horizontal x4<\/td>\n<td width=\"300\">12.Cable de alimentaci\u00f3n externo x1<\/td>\n<\/tr>\n<tr>\n<td width=\"268\">13,10\u00d7 Micr\u00f3metro digital Oculares x1<\/td>\n<td width=\"300\">14.Micro Bloque de dureza Vickers x2 (HV1, HV0.2 x1 para cada uno )<\/td>\n<\/tr>\n<tr>\n<td width=\"268\">15.Fusibles (1 A) x2<\/td>\n<td width=\"300\">16.Certificaci\u00f3n del producto x1<\/td>\n<\/tr>\n<tr>\n<td width=\"268\">17.Manual de instrucciones del producto x1<\/td>\n<td width=\"300\">18.Funda antipolvo x1<\/td>\n<\/tr>\n<\/tbody>\n<\/table>\n<h1 style=\"font-weight: 400;\"><strong>Nota:<\/strong><\/h1>\n<ol>\n<li style=\"font-weight: 400;\">El sistema de elevaci\u00f3n lateral opcional hace que el sistema de elevaci\u00f3n sea m\u00e1s estable y preciso.<\/li>\n<li style=\"font-weight: 400;\">Software de medici\u00f3n de medidor de dureza opcional, eliminar el error humano, la operaci\u00f3n de la computadora, mejorar la eficiencia, la precisi\u00f3n es m\u00e1s precisa.<\/li>\n<\/ol>","protected":false},"excerpt":{"rendered":"<p>https:\/\/youtu.be\/63nfvxWjBTo<\/p>","protected":false},"featured_media":29905,"comment_status":"open","ping_status":"closed","template":"","meta":[],"product_brand":[],"product_cat":[70,91],"product_tag":[101],"class_list":{"0":"post-29904","1":"product","2":"type-product","3":"status-publish","4":"has-post-thumbnail","6":"product_cat-hardness-tester","7":"product_cat-micro-vickers-hardness-tester","8":"product_tag-micro-vickers-hardness-tester","10":"first","11":"instock","12":"shipping-taxable","13":"product-type-simple"},"yoast_head":"<!-- This site is optimized with the Yoast SEO Premium plugin v25.4 (Yoast SEO v27.4) - https:\/\/yoast.com\/product\/yoast-seo-premium-wordpress\/ -->\n<title>\uff08HV-1000\uff09Micro hardness tester - hardnesstests<\/title>\n<meta name=\"robots\" content=\"index, follow, max-snippet:-1, max-image-preview:large, max-video-preview:-1\" \/>\n<link rel=\"canonical\" href=\"https:\/\/hardnesstests.com\/es\/producto\/\uff08hv-1000\uff09micro-hardness-tester-2\/\" \/>\n<meta property=\"og:locale\" content=\"es_ES\" \/>\n<meta property=\"og:type\" content=\"article\" \/>\n<meta property=\"og:title\" content=\"\uff08HV-1000\uff09Micro hardness tester\" \/>\n<meta property=\"og:description\" content=\"https:\/\/youtu.be\/63nfvxWjBTo\" \/>\n<meta property=\"og:url\" content=\"https:\/\/hardnesstests.com\/es\/producto\/\uff08hv-1000\uff09micro-hardness-tester-2\/\" \/>\n<meta property=\"og:site_name\" content=\"hardnesstests\" \/>\n<meta property=\"article:modified_time\" content=\"2025-11-28T01:57:22+00:00\" \/>\n<meta property=\"og:image\" content=\"https:\/\/hardnesstests.com\/wp-content\/uploads\/2025\/11\/HV-1000-\u624b\u52a8\u8f6c\u5854\u663e\u5fae-\u5df2\u4f20.jpg\" \/>\n\t<meta property=\"og:image:width\" content=\"800\" \/>\n\t<meta property=\"og:image:height\" content=\"800\" \/>\n\t<meta property=\"og:image:type\" content=\"image\/jpeg\" \/>\n<meta name=\"twitter:card\" content=\"summary_large_image\" \/>\n<meta name=\"twitter:label1\" content=\"Tiempo de lectura\" \/>\n\t<meta name=\"twitter:data1\" content=\"2 minutos\" \/>\n<script type=\"application\/ld+json\" class=\"yoast-schema-graph\">{\"@context\":\"https:\\\/\\\/schema.org\",\"@graph\":[{\"@type\":\"WebPage\",\"@id\":\"https:\\\/\\\/hardnesstests.com\\\/product\\\/%ef%bc%88hv-1000%ef%bc%89micro-hardness-tester-2\\\/\",\"url\":\"https:\\\/\\\/hardnesstests.com\\\/product\\\/%ef%bc%88hv-1000%ef%bc%89micro-hardness-tester-2\\\/\",\"name\":\"\uff08HV-1000\uff09Micro hardness tester - hardnesstests\",\"isPartOf\":{\"@id\":\"https:\\\/\\\/hardnesstests.com\\\/tr\\\/#website\"},\"primaryImageOfPage\":{\"@id\":\"https:\\\/\\\/hardnesstests.com\\\/product\\\/%ef%bc%88hv-1000%ef%bc%89micro-hardness-tester-2\\\/#primaryimage\"},\"image\":{\"@id\":\"https:\\\/\\\/hardnesstests.com\\\/product\\\/%ef%bc%88hv-1000%ef%bc%89micro-hardness-tester-2\\\/#primaryimage\"},\"thumbnailUrl\":\"https:\\\/\\\/hardnesstests.com\\\/wp-content\\\/uploads\\\/2025\\\/11\\\/HV-1000-\u624b\u52a8\u8f6c\u5854\u663e\u5fae-\u5df2\u4f20.jpg\",\"datePublished\":\"2025-11-28T01:57:21+00:00\",\"dateModified\":\"2025-11-28T01:57:22+00:00\",\"breadcrumb\":{\"@id\":\"https:\\\/\\\/hardnesstests.com\\\/product\\\/%ef%bc%88hv-1000%ef%bc%89micro-hardness-tester-2\\\/#breadcrumb\"},\"inLanguage\":\"es\",\"potentialAction\":[{\"@type\":\"ReadAction\",\"target\":[\"https:\\\/\\\/hardnesstests.com\\\/product\\\/%ef%bc%88hv-1000%ef%bc%89micro-hardness-tester-2\\\/\"]}]},{\"@type\":\"ImageObject\",\"inLanguage\":\"es\",\"@id\":\"https:\\\/\\\/hardnesstests.com\\\/product\\\/%ef%bc%88hv-1000%ef%bc%89micro-hardness-tester-2\\\/#primaryimage\",\"url\":\"https:\\\/\\\/hardnesstests.com\\\/wp-content\\\/uploads\\\/2025\\\/11\\\/HV-1000-\u624b\u52a8\u8f6c\u5854\u663e\u5fae-\u5df2\u4f20.jpg\",\"contentUrl\":\"https:\\\/\\\/hardnesstests.com\\\/wp-content\\\/uploads\\\/2025\\\/11\\\/HV-1000-\u624b\u52a8\u8f6c\u5854\u663e\u5fae-\u5df2\u4f20.jpg\",\"width\":800,\"height\":800,\"caption\":\"\uff08HV-1000\uff09Micro hardness tester\"},{\"@type\":\"BreadcrumbList\",\"@id\":\"https:\\\/\\\/hardnesstests.com\\\/product\\\/%ef%bc%88hv-1000%ef%bc%89micro-hardness-tester-2\\\/#breadcrumb\",\"itemListElement\":[{\"@type\":\"ListItem\",\"position\":1,\"name\":\"\u9996\u9875\",\"item\":\"https:\\\/\\\/hardnesstests.com\\\/\"},{\"@type\":\"ListItem\",\"position\":2,\"name\":\"products\",\"item\":\"https:\\\/\\\/hardnesstests.com\\\/products\\\/\"},{\"@type\":\"ListItem\",\"position\":3,\"name\":\"\uff08HV-1000\uff09Micro hardness tester\"}]},{\"@type\":\"WebSite\",\"@id\":\"https:\\\/\\\/hardnesstests.com\\\/tr\\\/#website\",\"url\":\"https:\\\/\\\/hardnesstests.com\\\/tr\\\/\",\"name\":\"hardnesstests\",\"description\":\"\",\"publisher\":{\"@id\":\"https:\\\/\\\/hardnesstests.com\\\/tr\\\/#organization\"},\"potentialAction\":[{\"@type\":\"SearchAction\",\"target\":{\"@type\":\"EntryPoint\",\"urlTemplate\":\"https:\\\/\\\/hardnesstests.com\\\/tr\\\/?s={search_term_string}\"},\"query-input\":{\"@type\":\"PropertyValueSpecification\",\"valueRequired\":true,\"valueName\":\"search_term_string\"}}],\"inLanguage\":\"es\"},{\"@type\":\"Organization\",\"@id\":\"https:\\\/\\\/hardnesstests.com\\\/tr\\\/#organization\",\"name\":\"hardnesstests\",\"url\":\"https:\\\/\\\/hardnesstests.com\\\/tr\\\/\",\"logo\":{\"@type\":\"ImageObject\",\"inLanguage\":\"es\",\"@id\":\"https:\\\/\\\/hardnesstests.com\\\/tr\\\/#\\\/schema\\\/logo\\\/image\\\/\",\"url\":\"https:\\\/\\\/hardnesstests.com\\\/wp-content\\\/uploads\\\/2021\\\/08\\\/\u5fae\u4fe1\u56fe\u7247_20251029102004_335_1287.png\",\"contentUrl\":\"https:\\\/\\\/hardnesstests.com\\\/wp-content\\\/uploads\\\/2021\\\/08\\\/\u5fae\u4fe1\u56fe\u7247_20251029102004_335_1287.png\",\"width\":1308,\"height\":467,\"caption\":\"hardnesstests\"},\"image\":{\"@id\":\"https:\\\/\\\/hardnesstests.com\\\/tr\\\/#\\\/schema\\\/logo\\\/image\\\/\"}}]}<\/script>\n<!-- \/ Yoast SEO Premium plugin. -->","yoast_head_json":{"title":"\uff08HV-1000\uff09Micro hardness tester - hardnesstests","robots":{"index":"index","follow":"follow","max-snippet":"max-snippet:-1","max-image-preview":"max-image-preview:large","max-video-preview":"max-video-preview:-1"},"canonical":"https:\/\/hardnesstests.com\/es\/producto\/\uff08hv-1000\uff09micro-hardness-tester-2\/","og_locale":"es_ES","og_type":"article","og_title":"\uff08HV-1000\uff09Micro hardness tester","og_description":"https:\/\/youtu.be\/63nfvxWjBTo","og_url":"https:\/\/hardnesstests.com\/es\/producto\/\uff08hv-1000\uff09micro-hardness-tester-2\/","og_site_name":"hardnesstests","article_modified_time":"2025-11-28T01:57:22+00:00","og_image":[{"width":800,"height":800,"url":"https:\/\/hardnesstests.com\/wp-content\/uploads\/2025\/11\/HV-1000-\u624b\u52a8\u8f6c\u5854\u663e\u5fae-\u5df2\u4f20.jpg","type":"image\/jpeg"}],"twitter_card":"summary_large_image","twitter_misc":{"Tiempo de lectura":"2 minutos"},"schema":{"@context":"https:\/\/schema.org","@graph":[{"@type":"WebPage","@id":"https:\/\/hardnesstests.com\/product\/%ef%bc%88hv-1000%ef%bc%89micro-hardness-tester-2\/","url":"https:\/\/hardnesstests.com\/product\/%ef%bc%88hv-1000%ef%bc%89micro-hardness-tester-2\/","name":"\uff08HV-1000\uff09Micro hardness tester - hardnesstests","isPartOf":{"@id":"https:\/\/hardnesstests.com\/tr\/#website"},"primaryImageOfPage":{"@id":"https:\/\/hardnesstests.com\/product\/%ef%bc%88hv-1000%ef%bc%89micro-hardness-tester-2\/#primaryimage"},"image":{"@id":"https:\/\/hardnesstests.com\/product\/%ef%bc%88hv-1000%ef%bc%89micro-hardness-tester-2\/#primaryimage"},"thumbnailUrl":"https:\/\/hardnesstests.com\/wp-content\/uploads\/2025\/11\/HV-1000-\u624b\u52a8\u8f6c\u5854\u663e\u5fae-\u5df2\u4f20.jpg","datePublished":"2025-11-28T01:57:21+00:00","dateModified":"2025-11-28T01:57:22+00:00","breadcrumb":{"@id":"https:\/\/hardnesstests.com\/product\/%ef%bc%88hv-1000%ef%bc%89micro-hardness-tester-2\/#breadcrumb"},"inLanguage":"es","potentialAction":[{"@type":"ReadAction","target":["https:\/\/hardnesstests.com\/product\/%ef%bc%88hv-1000%ef%bc%89micro-hardness-tester-2\/"]}]},{"@type":"ImageObject","inLanguage":"es","@id":"https:\/\/hardnesstests.com\/product\/%ef%bc%88hv-1000%ef%bc%89micro-hardness-tester-2\/#primaryimage","url":"https:\/\/hardnesstests.com\/wp-content\/uploads\/2025\/11\/HV-1000-\u624b\u52a8\u8f6c\u5854\u663e\u5fae-\u5df2\u4f20.jpg","contentUrl":"https:\/\/hardnesstests.com\/wp-content\/uploads\/2025\/11\/HV-1000-\u624b\u52a8\u8f6c\u5854\u663e\u5fae-\u5df2\u4f20.jpg","width":800,"height":800,"caption":"\uff08HV-1000\uff09Micro hardness tester"},{"@type":"BreadcrumbList","@id":"https:\/\/hardnesstests.com\/product\/%ef%bc%88hv-1000%ef%bc%89micro-hardness-tester-2\/#breadcrumb","itemListElement":[{"@type":"ListItem","position":1,"name":"\u9996\u9875","item":"https:\/\/hardnesstests.com\/"},{"@type":"ListItem","position":2,"name":"products","item":"https:\/\/hardnesstests.com\/products\/"},{"@type":"ListItem","position":3,"name":"\uff08HV-1000\uff09Micro hardness tester"}]},{"@type":"WebSite","@id":"https:\/\/hardnesstests.com\/tr\/#website","url":"https:\/\/hardnesstests.com\/tr\/","name":"hardnesstests","description":"","publisher":{"@id":"https:\/\/hardnesstests.com\/tr\/#organization"},"potentialAction":[{"@type":"SearchAction","target":{"@type":"EntryPoint","urlTemplate":"https:\/\/hardnesstests.com\/tr\/?s={search_term_string}"},"query-input":{"@type":"PropertyValueSpecification","valueRequired":true,"valueName":"search_term_string"}}],"inLanguage":"es"},{"@type":"Organization","@id":"https:\/\/hardnesstests.com\/tr\/#organization","name":"hardnesstests","url":"https:\/\/hardnesstests.com\/tr\/","logo":{"@type":"ImageObject","inLanguage":"es","@id":"https:\/\/hardnesstests.com\/tr\/#\/schema\/logo\/image\/","url":"https:\/\/hardnesstests.com\/wp-content\/uploads\/2021\/08\/\u5fae\u4fe1\u56fe\u7247_20251029102004_335_1287.png","contentUrl":"https:\/\/hardnesstests.com\/wp-content\/uploads\/2021\/08\/\u5fae\u4fe1\u56fe\u7247_20251029102004_335_1287.png","width":1308,"height":467,"caption":"hardnesstests"},"image":{"@id":"https:\/\/hardnesstests.com\/tr\/#\/schema\/logo\/image\/"}}]}},"_links":{"self":[{"href":"https:\/\/hardnesstests.com\/es\/wp-json\/wp\/v2\/product\/29904","targetHints":{"allow":["GET"]}}],"collection":[{"href":"https:\/\/hardnesstests.com\/es\/wp-json\/wp\/v2\/product"}],"about":[{"href":"https:\/\/hardnesstests.com\/es\/wp-json\/wp\/v2\/types\/product"}],"replies":[{"embeddable":true,"href":"https:\/\/hardnesstests.com\/es\/wp-json\/wp\/v2\/comments?post=29904"}],"version-history":[{"count":1,"href":"https:\/\/hardnesstests.com\/es\/wp-json\/wp\/v2\/product\/29904\/revisions"}],"predecessor-version":[{"id":29906,"href":"https:\/\/hardnesstests.com\/es\/wp-json\/wp\/v2\/product\/29904\/revisions\/29906"}],"wp:featuredmedia":[{"embeddable":true,"href":"https:\/\/hardnesstests.com\/es\/wp-json\/wp\/v2\/media\/29905"}],"wp:attachment":[{"href":"https:\/\/hardnesstests.com\/es\/wp-json\/wp\/v2\/media?parent=29904"}],"wp:term":[{"taxonomy":"product_brand","embeddable":true,"href":"https:\/\/hardnesstests.com\/es\/wp-json\/wp\/v2\/product_brand?post=29904"},{"taxonomy":"product_cat","embeddable":true,"href":"https:\/\/hardnesstests.com\/es\/wp-json\/wp\/v2\/product_cat?post=29904"},{"taxonomy":"product_tag","embeddable":true,"href":"https:\/\/hardnesstests.com\/es\/wp-json\/wp\/v2\/product_tag?post=29904"}],"curies":[{"name":"wp","href":"https:\/\/api.w.org\/{rel}","templated":true}]}}