{"id":29898,"date":"2025-11-28T01:52:08","date_gmt":"2025-11-28T01:52:08","guid":{"rendered":"https:\/\/hardnesstests.com\/?post_type=product&#038;p=29898"},"modified":"2025-11-28T01:52:08","modified_gmt":"2025-11-28T01:52:08","slug":"hvst-1000ztouch-screen-digital-display-automatic-turret-micro-hardness-tester","status":"publish","type":"product","link":"https:\/\/hardnesstests.com\/es\/producto\/hvst-1000ztouch-screen-digital-display-automatic-turret-micro-hardness-tester\/","title":{"rendered":"(HVST-1000Z)Pantalla t\u00e1ctil digital torreta autom\u00e1tica micro dur\u00f3metro"},"content":{"rendered":"<h1 style=\"font-weight: 400;\"><strong>Funciones y caracter\u00edsticas principales:<\/strong><\/h1>\n<ol>\n<li style=\"font-weight: 400;\">El sistema \u00f3ptico dise\u00f1ado por ingenieros \u00f3pticos superiores no s\u00f3lo ofrece im\u00e1genes n\u00edtidas, sino que tambi\u00e9n puede utilizarse como un microscopio sencillo, con brillo ajustable, visi\u00f3n c\u00f3moda y no es f\u00e1cil que se fatigue tras un funcionamiento prolongado;<\/li>\n<li style=\"font-weight: 400;\">The 7-inch LCD touch screen can directly display the hardness value, conversion hardness, test method, test force, brightness, dwell time, measurement times, statistical data, upper and lower limit measurement range, test time and other test processes are intuitive and clear;<\/li>\n<li style=\"font-weight: 400;\">The system comes with a calibration function, which can manually adjust the input error calibration instrument;<\/li>\n<li style=\"font-weight: 400;\">The adjustable range of optical system brightness: 0-100;<\/li>\n<li style=\"font-weight: 400;\">It can store up to 100 sets of test data;<\/li>\n<li style=\"font-weight: 400;\">The test force unit can be manually selected for mutual conversion, the conversion unit is: (Kgf, N)<\/li>\n<li style=\"font-weight: 400;\">Simultaneous display: maximum value, minimum value, average value, maximum error, sample difference;<\/li>\n<li style=\"font-weight: 400;\">The main interface can display 4 conversion rulers at the same time, and can switch: national standard, American standard and international standard. A total of 18 measurement rulers can be converted: HRA, HRB, HRC, HRD, HRE, HRF, HRG, HRH, HRK , HR15N, HR30N, HR45N, HR15T, HR30T, HR45T, HV, HK, HBW;<\/li>\n<li style=\"font-weight: 400;\">Both objective lenses can directly measure the hardness,<\/li>\n<li style=\"font-weight: 400;\">With diagonal length memory function, the diagonal length will be automatically memorized after shutting down, and it will be measured directly after turning on, without the need for secondary reset.<\/li>\n<li style=\"font-weight: 400;\">The upper and lower limit measurement range can be set and displayed on the main measurement interface;<\/li>\n<li style=\"font-weight: 400;\">The measuring scale can be converted into HK Knoop hardness;<\/li>\n<li style=\"font-weight: 400;\">The operating system can be converted between Chinese and English;<\/li>\n<li style=\"font-weight: 400;\">Optional built-in printer, test data can also be output to U disk via USB for storage and analysis;<\/li>\n<li style=\"font-weight: 400;\">HVST-1000Z model can be realistic: the measured length can directly confirm the hardness value;<\/li>\n<li style=\"font-weight: 400;\">HVST-1000Z model can realize: the position switch of observation-test-measurement is completed by automatic turret<\/li>\n<\/ol>\n<ol start=\"17\">\n<li style=\"font-weight: 400;\">The cast aluminum shell has a stable structure without deformation at one time, and the pure white car paint has a high grade, strong scratch resistance, and it is still bright as new after many years of use;<\/li>\n<li style=\"font-weight: 400;\">Our company has the ability to develop, design, produce and process by ourselves, and provide parts replacement and maintenance upgrade services for our machines for life;<\/li>\n<\/ol>\n<h1 style=\"font-weight: 400;\"><strong>Objetivo principal y \u00e1mbito de aplicaci\u00f3n:<\/strong><\/h1>\n<ol>\n<li>Hierro y acero, metales no ferrosos, l\u00e1minas met\u00e1licas, aleaciones duras, chapas met\u00e1licas, microestructuras<\/li>\n<li>Capas de carburaci\u00f3n, nitruraci\u00f3n y descarburaci\u00f3n, capas de endurecimiento superficial, chapado, revestimientos<\/li>\n<li>Glass, wafer,<\/li>\n<\/ol>\n<h1 style=\"font-weight: 400;\"><strong>Par\u00e1metros t\u00e9cnicos:<\/strong><\/h1>\n<table style=\"font-weight: 400;\" width=\"568\">\n<tbody>\n<tr>\n<td width=\"213\">Nombre del par\u00e1metro<\/td>\n<td width=\"355\">Datos de los par\u00e1metros<\/td>\n<\/tr>\n<tr>\n<td width=\"213\">Escala de microdureza<\/td>\n<td width=\"355\">HV0.01,HV0.025,HV0.05,HV0.1,HV0.2,HV0.3,HV0.5,HV1<\/td>\n<\/tr>\n<tr>\n<td width=\"213\">Mostrar<\/td>\n<td width=\"355\">7- inch LCD touch screen<\/td>\n<\/tr>\n<tr>\n<td width=\"213\">Fuerza de ensayo (gf)<\/td>\n<td width=\"355\">10,25,50,100,200,300,500,1000<\/td>\n<\/tr>\n<tr>\n<td width=\"213\">Control de carga<\/td>\n<td width=\"355\">Autom\u00e1tico (carga\/retenci\u00f3n\/desinstalaci\u00f3n)<\/td>\n<\/tr>\n<tr>\n<td width=\"213\">Tiempo de retenci\u00f3n de la fuerza de ensayo (s)<\/td>\n<td width=\"355\">5~ 60<\/td>\n<\/tr>\n<tr>\n<td width=\"213\">Selecci\u00f3n de la fuerza de ensayo<\/td>\n<td width=\"355\">External force selection knob, the test force is automatically displayed on the 7-inch LCD touch display<\/td>\n<\/tr>\n<tr>\n<td width=\"213\">Aumento objetivo<\/td>\n<td width=\"355\">10\u00d7, 40\u00d7<\/td>\n<\/tr>\n<tr>\n<td width=\"213\">Canal \u00f3ptico<\/td>\n<td width=\"355\">Canales de luz dobles (oculares y canales de c\u00e1mara CCD)<\/td>\n<\/tr>\n<tr>\n<td width=\"213\">Sistema \u00f3ptico<\/td>\n<td width=\"355\">1. Automatic digital encoder; 2. Total magnification (\u03bcm): 100\u00d7 (observation), 400\u00d7 (measurement);<\/p>\n<p>Optional 15X eyepiece, total magnification: 150X (observation), 600X (measurement)<\/p>\n<p>3. Measuring range (\u03bcm): 200; 4. Resolution (\u03bcm): 0.01<\/td>\n<\/tr>\n<tr>\n<td width=\"213\">Rango de medici\u00f3n de la dureza<\/td>\n<td width=\"355\">(5-3000) HV<\/td>\n<\/tr>\n<tr>\n<td width=\"213\">Plataforma de pruebas XY<\/td>\n<td width=\"355\">Tama\u00f1o (mm): 100\u00d7100<br \/>\nRango de recorrido (mm): 25\u00d725<br \/>\nLectura m\u00ednima (mm): 0.01<\/td>\n<\/tr>\n<tr>\n<td width=\"213\">Maximum height of specimen<\/td>\n<td width=\"355\">110(mm)<\/td>\n<\/tr>\n<tr>\n<td width=\"213\">Anchura m\u00e1xima de la probeta (mm)<\/td>\n<td width=\"355\">85(The distance from the center line of the indenter to the wall of the machine)<\/td>\n<\/tr>\n<tr>\n<td width=\"213\">Tensi\u00f3n<\/td>\n<td width=\"355\">AC220V\/50HZ<\/td>\n<\/tr>\n<tr>\n<td width=\"213\">Peso (kg)<\/td>\n<td width=\"355\">35<\/td>\n<\/tr>\n<tr>\n<td width=\"213\">Dimensiones<\/td>\n<td width=\"355\">(540\u00d7200\u00d7530)mm<\/td>\n<\/tr>\n<\/tbody>\n<\/table>\n<h1 style=\"font-weight: 400;\"><strong>Configuraci\u00f3n est\u00e1ndar:<\/strong><\/h1>\n<table style=\"font-weight: 400;\" width=\"568\">\n<tbody>\n<tr>\n<td width=\"268\">1.Host ( Micro Vickers indenter\u00a0x1, 10x objective x1, 40x objective x1)<\/td>\n<td width=\"300\">2.Plataforma de pruebas, peso, caja de accesorios del microscopio;<\/td>\n<\/tr>\n<tr>\n<td width=\"268\">3.Pesas x6<\/td>\n<td width=\"300\">4.Barra de pesas x1<\/td>\n<\/tr>\n<tr>\n<td width=\"268\">5.Mesa transversal x1<\/td>\n<td width=\"300\">6.Mesa de sujeci\u00f3n de chapas x1<\/td>\n<\/tr>\n<tr>\n<td width=\"268\">7.Mesa de sujeci\u00f3n de boca plana x1<\/td>\n<td width=\"300\">8.Mesa de sujeci\u00f3n del filamento x1<\/td>\n<\/tr>\n<tr>\n<td width=\"268\">9.Nivel metro x1<\/td>\n<td width=\"300\">10.Destornillador x2<\/td>\n<\/tr>\n<tr>\n<td width=\"268\">11.Tornillos de ajuste horizontal x4<\/td>\n<td width=\"300\">12.Cable de alimentaci\u00f3n externo x1<\/td>\n<\/tr>\n<tr>\n<td width=\"268\">13,10\u00d7 Micr\u00f3metro digital Oculares x1<\/td>\n<td width=\"300\">14.Micro Vickers hardness block x2 (HV1, HV0.2\u00a0x1 for each )<\/td>\n<\/tr>\n<tr>\n<td width=\"268\">15.Fusibles (1 A) x2<\/td>\n<td width=\"300\">16.Certificaci\u00f3n del producto x1<\/td>\n<\/tr>\n<tr>\n<td width=\"268\">17.Manual de instrucciones del producto x1<\/td>\n<td width=\"300\">18.Funda antipolvo x1<\/td>\n<\/tr>\n<\/tbody>\n<\/table>\n<h1 style=\"font-weight: 400;\"><strong>Nota:<\/strong><\/h1>\n<ol>\n<li style=\"font-weight: 400;\">Optional side-sway lifting system makes the lifting system more stable and accurate.<\/li>\n<li style=\"font-weight: 400;\">Side-sway lifting system, optional Z-axis jog, improve efficiency.<\/li>\n<li style=\"font-weight: 400;\">Optional built-in printer, one-click printing of measurement data.<\/li>\n<li style=\"font-weight: 400;\">Optional computer measurement software, computer operation, improve efficiency, eliminate human error, more accurate accuracy, can produce data reports.<\/li>\n<\/ol>","protected":false},"excerpt":{"rendered":"<p style=\"font-weight: 400;\">This digital display automatic turret micro hardness tester is a new generation of multifunctional touch screen micro hardness tester newly developed by our company. The hardness tester is novel in shape and has good reliability, operability and repeatability. It is a test micro Ideal product for hardness. The machine uses C language programming, high-magnification optical measurement system and optical dual-channel structure, new technologies such as optoelectronics, photocouple sensing, etc., in addition to meeting the basic Vickers hardness test requirements, the upgraded digital display micrometer eyepiece can directly Read the measured length to obtain the measured value more quickly and accurately. The upgraded control operating system adopts a 7-inch LCD touch screen, which can provide more measurement data, and the control is more comprehensive and accurate.<\/p>\n<p style=\"font-weight: 400;\">(Side-sway lifting system is optional, standard hand-screw)<\/p>","protected":false},"featured_media":29899,"comment_status":"open","ping_status":"closed","template":"","meta":[],"product_brand":[],"product_cat":[70,91],"product_tag":[101],"class_list":{"0":"post-29898","1":"product","2":"type-product","3":"status-publish","4":"has-post-thumbnail","6":"product_cat-hardness-tester","7":"product_cat-micro-vickers-hardness-tester","8":"product_tag-micro-vickers-hardness-tester","10":"first","11":"instock","12":"shipping-taxable","13":"product-type-simple"},"yoast_head":"<!-- This site is optimized with the Yoast SEO Premium plugin v25.4 (Yoast SEO v27.4) - https:\/\/yoast.com\/product\/yoast-seo-premium-wordpress\/ -->\n<title>(HVST-1000Z)Touch screen digital display automatic turret micro hardness tester - hardnesstests<\/title>\n<meta name=\"robots\" content=\"index, follow, max-snippet:-1, max-image-preview:large, max-video-preview:-1\" \/>\n<link rel=\"canonical\" href=\"https:\/\/hardnesstests.com\/es\/producto\/hvst-1000ztouch-screen-digital-display-automatic-turret-micro-hardness-tester\/\" \/>\n<meta property=\"og:locale\" content=\"es_ES\" \/>\n<meta property=\"og:type\" content=\"article\" \/>\n<meta property=\"og:title\" content=\"(HVST-1000Z)Touch screen digital display automatic turret micro hardness tester\" \/>\n<meta property=\"og:description\" content=\"This digital display automatic turret micro hardness tester is a new generation of multifunctional touch screen micro hardness tester newly developed by our company. The hardness tester is novel in shape and has good reliability, operability and repeatability. It is a test micro Ideal product for hardness. The machine uses C language programming, high-magnification optical measurement system and optical dual-channel structure, new technologies such as optoelectronics, photocouple sensing, etc., in addition to meeting the basic Vickers hardness test requirements, the upgraded digital display micrometer eyepiece can directly Read the measured length to obtain the measured value more quickly and accurately. The upgraded control operating system adopts a 7-inch LCD touch screen, which can provide more measurement data, and the control is more comprehensive and accurate. (Side-sway lifting system is optional, standard hand-screw)\" \/>\n<meta property=\"og:url\" content=\"https:\/\/hardnesstests.com\/es\/producto\/hvst-1000ztouch-screen-digital-display-automatic-turret-micro-hardness-tester\/\" \/>\n<meta property=\"og:site_name\" content=\"hardnesstests\" \/>\n<meta property=\"og:image\" content=\"https:\/\/hardnesstests.com\/wp-content\/uploads\/2025\/11\/HVST-1000Z-\u89e6\u6478\u5c4f\u6570\u663e\u663e\u5fae\u7ef4\u6c0f\u81ea\u52a8\u8f6c\u5854\u786c\u5ea6\u8ba1.jpg\" \/>\n\t<meta property=\"og:image:width\" content=\"800\" \/>\n\t<meta property=\"og:image:height\" content=\"800\" \/>\n\t<meta property=\"og:image:type\" content=\"image\/jpeg\" \/>\n<meta name=\"twitter:card\" content=\"summary_large_image\" \/>\n<meta name=\"twitter:label1\" content=\"Tiempo de lectura\" \/>\n\t<meta name=\"twitter:data1\" content=\"3 minutos\" \/>\n<script type=\"application\/ld+json\" class=\"yoast-schema-graph\">{\"@context\":\"https:\\\/\\\/schema.org\",\"@graph\":[{\"@type\":\"WebPage\",\"@id\":\"https:\\\/\\\/hardnesstests.com\\\/product\\\/hvst-1000ztouch-screen-digital-display-automatic-turret-micro-hardness-tester\\\/\",\"url\":\"https:\\\/\\\/hardnesstests.com\\\/product\\\/hvst-1000ztouch-screen-digital-display-automatic-turret-micro-hardness-tester\\\/\",\"name\":\"(HVST-1000Z)Touch screen digital display automatic turret micro hardness tester - hardnesstests\",\"isPartOf\":{\"@id\":\"https:\\\/\\\/hardnesstests.com\\\/tr\\\/#website\"},\"primaryImageOfPage\":{\"@id\":\"https:\\\/\\\/hardnesstests.com\\\/product\\\/hvst-1000ztouch-screen-digital-display-automatic-turret-micro-hardness-tester\\\/#primaryimage\"},\"image\":{\"@id\":\"https:\\\/\\\/hardnesstests.com\\\/product\\\/hvst-1000ztouch-screen-digital-display-automatic-turret-micro-hardness-tester\\\/#primaryimage\"},\"thumbnailUrl\":\"https:\\\/\\\/hardnesstests.com\\\/wp-content\\\/uploads\\\/2025\\\/11\\\/HVST-1000Z-\u89e6\u6478\u5c4f\u6570\u663e\u663e\u5fae\u7ef4\u6c0f\u81ea\u52a8\u8f6c\u5854\u786c\u5ea6\u8ba1.jpg\",\"datePublished\":\"2025-11-28T01:52:08+00:00\",\"breadcrumb\":{\"@id\":\"https:\\\/\\\/hardnesstests.com\\\/product\\\/hvst-1000ztouch-screen-digital-display-automatic-turret-micro-hardness-tester\\\/#breadcrumb\"},\"inLanguage\":\"es\",\"potentialAction\":[{\"@type\":\"ReadAction\",\"target\":[\"https:\\\/\\\/hardnesstests.com\\\/product\\\/hvst-1000ztouch-screen-digital-display-automatic-turret-micro-hardness-tester\\\/\"]}]},{\"@type\":\"ImageObject\",\"inLanguage\":\"es\",\"@id\":\"https:\\\/\\\/hardnesstests.com\\\/product\\\/hvst-1000ztouch-screen-digital-display-automatic-turret-micro-hardness-tester\\\/#primaryimage\",\"url\":\"https:\\\/\\\/hardnesstests.com\\\/wp-content\\\/uploads\\\/2025\\\/11\\\/HVST-1000Z-\u89e6\u6478\u5c4f\u6570\u663e\u663e\u5fae\u7ef4\u6c0f\u81ea\u52a8\u8f6c\u5854\u786c\u5ea6\u8ba1.jpg\",\"contentUrl\":\"https:\\\/\\\/hardnesstests.com\\\/wp-content\\\/uploads\\\/2025\\\/11\\\/HVST-1000Z-\u89e6\u6478\u5c4f\u6570\u663e\u663e\u5fae\u7ef4\u6c0f\u81ea\u52a8\u8f6c\u5854\u786c\u5ea6\u8ba1.jpg\",\"width\":800,\"height\":800,\"caption\":\"(HVST-1000Z)Touch screen digital display automatic turret micro hardness tester\"},{\"@type\":\"BreadcrumbList\",\"@id\":\"https:\\\/\\\/hardnesstests.com\\\/product\\\/hvst-1000ztouch-screen-digital-display-automatic-turret-micro-hardness-tester\\\/#breadcrumb\",\"itemListElement\":[{\"@type\":\"ListItem\",\"position\":1,\"name\":\"\u9996\u9875\",\"item\":\"https:\\\/\\\/hardnesstests.com\\\/\"},{\"@type\":\"ListItem\",\"position\":2,\"name\":\"products\",\"item\":\"https:\\\/\\\/hardnesstests.com\\\/products\\\/\"},{\"@type\":\"ListItem\",\"position\":3,\"name\":\"(HVST-1000Z)Touch screen digital display automatic turret micro hardness tester\"}]},{\"@type\":\"WebSite\",\"@id\":\"https:\\\/\\\/hardnesstests.com\\\/tr\\\/#website\",\"url\":\"https:\\\/\\\/hardnesstests.com\\\/tr\\\/\",\"name\":\"hardnesstests\",\"description\":\"\",\"publisher\":{\"@id\":\"https:\\\/\\\/hardnesstests.com\\\/tr\\\/#organization\"},\"potentialAction\":[{\"@type\":\"SearchAction\",\"target\":{\"@type\":\"EntryPoint\",\"urlTemplate\":\"https:\\\/\\\/hardnesstests.com\\\/tr\\\/?s={search_term_string}\"},\"query-input\":{\"@type\":\"PropertyValueSpecification\",\"valueRequired\":true,\"valueName\":\"search_term_string\"}}],\"inLanguage\":\"es\"},{\"@type\":\"Organization\",\"@id\":\"https:\\\/\\\/hardnesstests.com\\\/tr\\\/#organization\",\"name\":\"hardnesstests\",\"url\":\"https:\\\/\\\/hardnesstests.com\\\/tr\\\/\",\"logo\":{\"@type\":\"ImageObject\",\"inLanguage\":\"es\",\"@id\":\"https:\\\/\\\/hardnesstests.com\\\/tr\\\/#\\\/schema\\\/logo\\\/image\\\/\",\"url\":\"https:\\\/\\\/hardnesstests.com\\\/wp-content\\\/uploads\\\/2021\\\/08\\\/\u5fae\u4fe1\u56fe\u7247_20251029102004_335_1287.png\",\"contentUrl\":\"https:\\\/\\\/hardnesstests.com\\\/wp-content\\\/uploads\\\/2021\\\/08\\\/\u5fae\u4fe1\u56fe\u7247_20251029102004_335_1287.png\",\"width\":1308,\"height\":467,\"caption\":\"hardnesstests\"},\"image\":{\"@id\":\"https:\\\/\\\/hardnesstests.com\\\/tr\\\/#\\\/schema\\\/logo\\\/image\\\/\"}}]}<\/script>\n<!-- \/ Yoast SEO Premium plugin. -->","yoast_head_json":{"title":"(HVST-1000Z)Touch screen digital display automatic turret micro hardness tester - hardnesstests","robots":{"index":"index","follow":"follow","max-snippet":"max-snippet:-1","max-image-preview":"max-image-preview:large","max-video-preview":"max-video-preview:-1"},"canonical":"https:\/\/hardnesstests.com\/es\/producto\/hvst-1000ztouch-screen-digital-display-automatic-turret-micro-hardness-tester\/","og_locale":"es_ES","og_type":"article","og_title":"(HVST-1000Z)Touch screen digital display automatic turret micro hardness tester","og_description":"This digital display automatic turret micro hardness tester is a new generation of multifunctional touch screen micro hardness tester newly developed by our company. The hardness tester is novel in shape and has good reliability, operability and repeatability. It is a test micro Ideal product for hardness. The machine uses C language programming, high-magnification optical measurement system and optical dual-channel structure, new technologies such as optoelectronics, photocouple sensing, etc., in addition to meeting the basic Vickers hardness test requirements, the upgraded digital display micrometer eyepiece can directly Read the measured length to obtain the measured value more quickly and accurately. The upgraded control operating system adopts a 7-inch LCD touch screen, which can provide more measurement data, and the control is more comprehensive and accurate. (Side-sway lifting system is optional, standard hand-screw)","og_url":"https:\/\/hardnesstests.com\/es\/producto\/hvst-1000ztouch-screen-digital-display-automatic-turret-micro-hardness-tester\/","og_site_name":"hardnesstests","og_image":[{"width":800,"height":800,"url":"https:\/\/hardnesstests.com\/wp-content\/uploads\/2025\/11\/HVST-1000Z-\u89e6\u6478\u5c4f\u6570\u663e\u663e\u5fae\u7ef4\u6c0f\u81ea\u52a8\u8f6c\u5854\u786c\u5ea6\u8ba1.jpg","type":"image\/jpeg"}],"twitter_card":"summary_large_image","twitter_misc":{"Tiempo de lectura":"3 minutos"},"schema":{"@context":"https:\/\/schema.org","@graph":[{"@type":"WebPage","@id":"https:\/\/hardnesstests.com\/product\/hvst-1000ztouch-screen-digital-display-automatic-turret-micro-hardness-tester\/","url":"https:\/\/hardnesstests.com\/product\/hvst-1000ztouch-screen-digital-display-automatic-turret-micro-hardness-tester\/","name":"(HVST-1000Z)Touch screen digital display automatic turret micro hardness tester - hardnesstests","isPartOf":{"@id":"https:\/\/hardnesstests.com\/tr\/#website"},"primaryImageOfPage":{"@id":"https:\/\/hardnesstests.com\/product\/hvst-1000ztouch-screen-digital-display-automatic-turret-micro-hardness-tester\/#primaryimage"},"image":{"@id":"https:\/\/hardnesstests.com\/product\/hvst-1000ztouch-screen-digital-display-automatic-turret-micro-hardness-tester\/#primaryimage"},"thumbnailUrl":"https:\/\/hardnesstests.com\/wp-content\/uploads\/2025\/11\/HVST-1000Z-\u89e6\u6478\u5c4f\u6570\u663e\u663e\u5fae\u7ef4\u6c0f\u81ea\u52a8\u8f6c\u5854\u786c\u5ea6\u8ba1.jpg","datePublished":"2025-11-28T01:52:08+00:00","breadcrumb":{"@id":"https:\/\/hardnesstests.com\/product\/hvst-1000ztouch-screen-digital-display-automatic-turret-micro-hardness-tester\/#breadcrumb"},"inLanguage":"es","potentialAction":[{"@type":"ReadAction","target":["https:\/\/hardnesstests.com\/product\/hvst-1000ztouch-screen-digital-display-automatic-turret-micro-hardness-tester\/"]}]},{"@type":"ImageObject","inLanguage":"es","@id":"https:\/\/hardnesstests.com\/product\/hvst-1000ztouch-screen-digital-display-automatic-turret-micro-hardness-tester\/#primaryimage","url":"https:\/\/hardnesstests.com\/wp-content\/uploads\/2025\/11\/HVST-1000Z-\u89e6\u6478\u5c4f\u6570\u663e\u663e\u5fae\u7ef4\u6c0f\u81ea\u52a8\u8f6c\u5854\u786c\u5ea6\u8ba1.jpg","contentUrl":"https:\/\/hardnesstests.com\/wp-content\/uploads\/2025\/11\/HVST-1000Z-\u89e6\u6478\u5c4f\u6570\u663e\u663e\u5fae\u7ef4\u6c0f\u81ea\u52a8\u8f6c\u5854\u786c\u5ea6\u8ba1.jpg","width":800,"height":800,"caption":"(HVST-1000Z)Touch screen digital display automatic turret micro hardness tester"},{"@type":"BreadcrumbList","@id":"https:\/\/hardnesstests.com\/product\/hvst-1000ztouch-screen-digital-display-automatic-turret-micro-hardness-tester\/#breadcrumb","itemListElement":[{"@type":"ListItem","position":1,"name":"\u9996\u9875","item":"https:\/\/hardnesstests.com\/"},{"@type":"ListItem","position":2,"name":"products","item":"https:\/\/hardnesstests.com\/products\/"},{"@type":"ListItem","position":3,"name":"(HVST-1000Z)Touch screen digital display automatic turret micro hardness tester"}]},{"@type":"WebSite","@id":"https:\/\/hardnesstests.com\/tr\/#website","url":"https:\/\/hardnesstests.com\/tr\/","name":"hardnesstests","description":"","publisher":{"@id":"https:\/\/hardnesstests.com\/tr\/#organization"},"potentialAction":[{"@type":"SearchAction","target":{"@type":"EntryPoint","urlTemplate":"https:\/\/hardnesstests.com\/tr\/?s={search_term_string}"},"query-input":{"@type":"PropertyValueSpecification","valueRequired":true,"valueName":"search_term_string"}}],"inLanguage":"es"},{"@type":"Organization","@id":"https:\/\/hardnesstests.com\/tr\/#organization","name":"hardnesstests","url":"https:\/\/hardnesstests.com\/tr\/","logo":{"@type":"ImageObject","inLanguage":"es","@id":"https:\/\/hardnesstests.com\/tr\/#\/schema\/logo\/image\/","url":"https:\/\/hardnesstests.com\/wp-content\/uploads\/2021\/08\/\u5fae\u4fe1\u56fe\u7247_20251029102004_335_1287.png","contentUrl":"https:\/\/hardnesstests.com\/wp-content\/uploads\/2021\/08\/\u5fae\u4fe1\u56fe\u7247_20251029102004_335_1287.png","width":1308,"height":467,"caption":"hardnesstests"},"image":{"@id":"https:\/\/hardnesstests.com\/tr\/#\/schema\/logo\/image\/"}}]}},"_links":{"self":[{"href":"https:\/\/hardnesstests.com\/es\/wp-json\/wp\/v2\/product\/29898","targetHints":{"allow":["GET"]}}],"collection":[{"href":"https:\/\/hardnesstests.com\/es\/wp-json\/wp\/v2\/product"}],"about":[{"href":"https:\/\/hardnesstests.com\/es\/wp-json\/wp\/v2\/types\/product"}],"replies":[{"embeddable":true,"href":"https:\/\/hardnesstests.com\/es\/wp-json\/wp\/v2\/comments?post=29898"}],"version-history":[{"count":1,"href":"https:\/\/hardnesstests.com\/es\/wp-json\/wp\/v2\/product\/29898\/revisions"}],"predecessor-version":[{"id":29900,"href":"https:\/\/hardnesstests.com\/es\/wp-json\/wp\/v2\/product\/29898\/revisions\/29900"}],"wp:featuredmedia":[{"embeddable":true,"href":"https:\/\/hardnesstests.com\/es\/wp-json\/wp\/v2\/media\/29899"}],"wp:attachment":[{"href":"https:\/\/hardnesstests.com\/es\/wp-json\/wp\/v2\/media?parent=29898"}],"wp:term":[{"taxonomy":"product_brand","embeddable":true,"href":"https:\/\/hardnesstests.com\/es\/wp-json\/wp\/v2\/product_brand?post=29898"},{"taxonomy":"product_cat","embeddable":true,"href":"https:\/\/hardnesstests.com\/es\/wp-json\/wp\/v2\/product_cat?post=29898"},{"taxonomy":"product_tag","embeddable":true,"href":"https:\/\/hardnesstests.com\/es\/wp-json\/wp\/v2\/product_tag?post=29898"}],"curies":[{"name":"wp","href":"https:\/\/api.w.org\/{rel}","templated":true}]}}