{"id":29888,"date":"2025-11-28T01:42:12","date_gmt":"2025-11-28T01:42:12","guid":{"rendered":"https:\/\/hardnesstests.com\/?post_type=product&#038;p=29888"},"modified":"2025-11-28T01:42:12","modified_gmt":"2025-11-28T01:42:12","slug":"hvs-1000z-large-screendigital-automatic-turret-type-side-shaking-lifting-system-microhardness-tester","status":"publish","type":"product","link":"https:\/\/hardnesstests.com\/es\/producto\/hvs-1000z-large-screendigital-automatic-turret-type-side-shaking-lifting-system-microhardness-tester\/","title":{"rendered":"(HVS-1000Z pantalla grande)Digital autom\u00e1tico tipo torreta (sistema de elevaci\u00f3n lateral) Microdur\u00f3metro"},"content":{"rendered":"<h1 style=\"font-weight: 400;\"><strong>Funciones y caracter\u00edsticas principales:<\/strong><\/h1>\n<ol>\n<li style=\"font-weight: 400;\">The optical system designed by senior optical engineers not only has clear images, but can also be used as a simple microscope. The brightness is adjustable, the vision is comfortable, and long-term operation does not cause fatigue;<\/li>\n<li style=\"font-weight: 400;\">The large LCD screen of the industrial display can display the test method, test force, measured indentation length, hardness value, converted hardness, test force holding time, number of measurements, and can enter the year, month, date, test results and data processing, etc.;<\/li>\n<li style=\"font-weight: 400;\">The cast aluminum shell is formed in one step, the structure is stable and does not deform, the pure white car paint is high-grade, and the scratch resistance is strong. It is still bright as new after years of use;<\/li>\n<li style=\"font-weight: 400;\">Our company has the ability to independently develop, design, produce and process, and the machine provides lifetime parts replacement and maintenance upgrade services;<\/li>\n<li style=\"font-weight: 400;\">The HVS-1000Z model can realize: the hardness value can be directly confirmed by measuring the length.<\/li>\n<li style=\"font-weight: 400;\">The HVS-1000Z model can realize: the position switching of observation-test-measurement is completed by the automatic turret.<\/li>\n<li style=\"font-weight: 400;\">The side-shaking lifting system greatly improves the stability and accuracy, and there is no need to focus again after the test is completed.<\/li>\n<\/ol>\n<h1 style=\"font-weight: 400;\"><strong>Main uses and scope of application:<\/strong><\/h1>\n<ol>\n<li style=\"font-weight: 400;\">Steel, non-ferrous metals, metal foils, hard alloys, metal sheets, microstructures<\/li>\n<li style=\"font-weight: 400;\">Carburizing, nitriding and decarburizing layers, surface hardening layers, electroplating layers, coatings<\/li>\n<li style=\"font-weight: 400;\">Glass, wafers, ceramic materials<\/li>\n<\/ol>\n<h1 style=\"font-weight: 400;\"><strong>Par\u00e1metros t\u00e9cnicos:<\/strong><\/h1>\n<table>\n<tbody>\n<tr>\n<td width=\"151\">Nombre del par\u00e1metro<\/td>\n<td width=\"378\">Datos de los par\u00e1metros<\/td>\n<\/tr>\n<tr>\n<td width=\"151\">Microhardness scale<\/td>\n<td width=\"378\">HV0.01,HV0.025,HV0.05,HV0.1,HV0.2,HV0.3,HV0.5,HV1<\/td>\n<\/tr>\n<tr>\n<td width=\"151\">Mostrar<\/td>\n<td width=\"378\">Tiempo de mantenimiento (segundos), valor de dureza<\/td>\n<\/tr>\n<tr>\n<td width=\"151\">Fuerza de ensayo (gf)<\/td>\n<td width=\"378\">10\uff0c25\uff0c50\uff0c100\uff0c200\uff0c300\uff0c500\uff0c1000<\/td>\n<\/tr>\n<tr>\n<td width=\"151\">Control de carga<\/td>\n<td width=\"378\">Automatic (load\/hold\/unload)<\/td>\n<\/tr>\n<tr>\n<td width=\"151\">Test force holding time (s)<\/td>\n<td width=\"378\">5\uff5e60<\/td>\n<\/tr>\n<tr>\n<td width=\"151\">Selecci\u00f3n de la fuerza de ensayo<\/td>\n<td width=\"378\">External force selection knob, the test force is automatically displayed on the LCD screen<\/td>\n<\/tr>\n<tr>\n<td width=\"151\">Aumento objetivo<\/td>\n<td width=\"378\">10\u00d7\uff0c40\u00d7<\/td>\n<\/tr>\n<tr>\n<td width=\"151\">Canal \u00f3ptico<\/td>\n<td width=\"378\">Dual light channels (eyepiece and CCD camera channel)<\/td>\n<\/tr>\n<tr>\n<td width=\"151\">Sistema \u00f3ptico<\/td>\n<td width=\"378\">1. Automatic digital encoder;<\/p>\n<p>2. Aumento total (\u03bcm): 100\u00d7 (observaci\u00f3n), 400\u00d7 (medici\u00f3n);<\/p>\n<p>3. Measuring range (\u03bcm): 200;<\/p>\n<p>4. Resolution (\u03bcm): 0.01<\/td>\n<\/tr>\n<tr>\n<td width=\"151\">Rango de medici\u00f3n de la dureza<\/td>\n<td width=\"378\">(5-3000)HV<\/td>\n<\/tr>\n<tr>\n<td width=\"151\">XY test table<\/td>\n<td width=\"378\">Tama\u00f1o (mm): 100\u00d7100<\/p>\n<p>Rango de recorrido (mm): 25\u00d725<\/p>\n<p>Lectura m\u00ednima (mm): 0.01<\/td>\n<\/tr>\n<tr>\n<td width=\"151\">(Digital display cross measurement platform is optional)<\/td>\n<td width=\"378\">110<\/td>\n<\/tr>\n<tr>\n<td width=\"151\">Maximum test piece height (mm)<\/td>\n<td width=\"378\">85 (Distance from the center line of the pressure head to the machine wall)<\/td>\n<\/tr>\n<tr>\n<td width=\"151\">Maximum test piece width (mm)<\/td>\n<td width=\"378\">Reserved built-in micro printer interface (RS232 serial interface), optional installation<\/td>\n<\/tr>\n<tr>\n<td width=\"151\">Salida de datos<\/td>\n<td width=\"378\">AC220V\/50HZ<\/td>\n<\/tr>\n<tr>\n<td width=\"151\">Power supply voltage<\/td>\n<td width=\"378\">35<\/td>\n<\/tr>\n<tr>\n<td width=\"151\">Peso (kg)<\/td>\n<td width=\"378\">\u00a0(540\u00d7200\u00d7530)mm<\/td>\n<\/tr>\n<\/tbody>\n<\/table>\n<h1 style=\"font-weight: 400;\"><strong>Standard Configuration<\/strong><\/h1>\n<table>\n<tbody>\n<tr>\n<td width=\"312\">1. Main unit (one micro-Vickers indenter, one 10X and one 40X objective lens);<\/td>\n<td width=\"312\">2. Test bench, weights, microscope accessory box;<\/td>\n<\/tr>\n<tr>\n<td width=\"312\">3. Weights 6 pcs<\/td>\n<td width=\"312\">4. Weight rod 1 piece<\/td>\n<\/tr>\n<tr>\n<td width=\"312\">5. Cross workbench 1 pc<\/td>\n<td width=\"312\">6. Thin sheet clamping table 1 piece<\/td>\n<\/tr>\n<tr>\n<td width=\"312\">7. Flat clamping table 1 pc<\/td>\n<td width=\"312\">8. Wire clamping table 1 piece<\/td>\n<\/tr>\n<tr>\n<td width=\"312\">9. Level 1 pc<\/td>\n<td width=\"312\">10. Screwdriver 2 pieces<\/td>\n<\/tr>\n<tr>\n<td width=\"312\">11. Level adjustment screws 4 pcs<\/td>\n<td width=\"312\">12. External power cord 1 piece<\/td>\n<\/tr>\n<tr>\n<td width=\"312\">13. 10\u00d7 digital micrometer eyepiece 1 pc<\/td>\n<td width=\"312\">14. Micro Vickers hardness block 2 pieces (one each for HV1 and HV0.2)<\/td>\n<\/tr>\n<tr>\n<td width=\"312\">15. Fuse (1 A) 2 pcs<\/td>\n<td width=\"312\">16. Product certificate 1 piece<\/td>\n<\/tr>\n<tr>\n<td width=\"312\">17. Product instruction manual 1 copy<\/td>\n<td width=\"312\">18. Dust cover 1 piece<\/td>\n<\/tr>\n<\/tbody>\n<\/table>","protected":false},"excerpt":{"rendered":"<p style=\"font-weight: 400;\">The digital automatic turret type microhardness tester can meet the basic Vickers hardness test requirements. The upgraded digital display micrometer eyepiece can directly read the measured length, so as to obtain the measured value more quickly and accurately. The upgraded turret can automatically switch the eyepiece and the indenter to avoid damage to the instrument caused by human error, and also greatly improve efficiency.<\/p>\n<p>The upgraded side-shaking lifting system has higher accuracy and more stable lifting platform during testing. There is no need to focus again after the test is completed. The large LCD screen is convenient for observation, and the test conditions and test process are intuitive and clear.<\/p>","protected":false},"featured_media":29889,"comment_status":"open","ping_status":"closed","template":"","meta":[],"product_brand":[],"product_cat":[70,91],"product_tag":[101],"class_list":{"0":"post-29888","1":"product","2":"type-product","3":"status-publish","4":"has-post-thumbnail","6":"product_cat-hardness-tester","7":"product_cat-micro-vickers-hardness-tester","8":"product_tag-micro-vickers-hardness-tester","10":"first","11":"instock","12":"shipping-taxable","13":"product-type-simple"},"yoast_head":"<!-- This site is optimized with the Yoast SEO Premium plugin v25.4 (Yoast SEO v27.4) - https:\/\/yoast.com\/product\/yoast-seo-premium-wordpress\/ -->\n<title>(HVS-1000Z large screen)Digital automatic turret type (side-shaking lifting system) Microhardness tester - hardnesstests<\/title>\n<meta name=\"robots\" content=\"index, follow, max-snippet:-1, max-image-preview:large, max-video-preview:-1\" \/>\n<link rel=\"canonical\" href=\"https:\/\/hardnesstests.com\/es\/producto\/hvs-1000z-large-screendigital-automatic-turret-type-side-shaking-lifting-system-microhardness-tester\/\" \/>\n<meta property=\"og:locale\" content=\"es_ES\" \/>\n<meta property=\"og:type\" content=\"article\" \/>\n<meta property=\"og:title\" content=\"(HVS-1000Z large screen)Digital automatic turret type (side-shaking lifting system) Microhardness tester\" \/>\n<meta property=\"og:description\" content=\"The digital automatic turret type microhardness tester can meet the basic Vickers hardness test requirements. The upgraded digital display micrometer eyepiece can directly read the measured length, so as to obtain the measured value more quickly and accurately. The upgraded turret can automatically switch the eyepiece and the indenter to avoid damage to the instrument caused by human error, and also greatly improve efficiency. The upgraded side-shaking lifting system has higher accuracy and more stable lifting platform during testing. There is no need to focus again after the test is completed. The large LCD screen is convenient for observation, and the test conditions and test process are intuitive and clear.\" \/>\n<meta property=\"og:url\" content=\"https:\/\/hardnesstests.com\/es\/producto\/hvs-1000z-large-screendigital-automatic-turret-type-side-shaking-lifting-system-microhardness-tester\/\" \/>\n<meta property=\"og:site_name\" content=\"hardnesstests\" \/>\n<meta property=\"og:image\" content=\"https:\/\/hardnesstests.com\/wp-content\/uploads\/2025\/11\/HVS-1000Z-\u6570\u663e\u81ea\u52a8\u8f6c\u5854\u578b\u663e\u5fae\u786c\u5ea6\u8ba1\uff08\u5927\u5c4f-\u4fa7\u6447\u5347\u964d\u7cfb\u7edf\uff09.jpg\" \/>\n\t<meta property=\"og:image:width\" content=\"800\" \/>\n\t<meta property=\"og:image:height\" content=\"800\" \/>\n\t<meta property=\"og:image:type\" content=\"image\/jpeg\" \/>\n<meta name=\"twitter:card\" content=\"summary_large_image\" \/>\n<meta name=\"twitter:label1\" content=\"Tiempo de lectura\" \/>\n\t<meta name=\"twitter:data1\" content=\"2 minutos\" \/>\n<script type=\"application\/ld+json\" class=\"yoast-schema-graph\">{\"@context\":\"https:\\\/\\\/schema.org\",\"@graph\":[{\"@type\":\"WebPage\",\"@id\":\"https:\\\/\\\/hardnesstests.com\\\/product\\\/hvs-1000z-large-screendigital-automatic-turret-type-side-shaking-lifting-system-microhardness-tester\\\/\",\"url\":\"https:\\\/\\\/hardnesstests.com\\\/product\\\/hvs-1000z-large-screendigital-automatic-turret-type-side-shaking-lifting-system-microhardness-tester\\\/\",\"name\":\"(HVS-1000Z large screen)Digital automatic turret type (side-shaking lifting system) Microhardness tester - hardnesstests\",\"isPartOf\":{\"@id\":\"https:\\\/\\\/hardnesstests.com\\\/tr\\\/#website\"},\"primaryImageOfPage\":{\"@id\":\"https:\\\/\\\/hardnesstests.com\\\/product\\\/hvs-1000z-large-screendigital-automatic-turret-type-side-shaking-lifting-system-microhardness-tester\\\/#primaryimage\"},\"image\":{\"@id\":\"https:\\\/\\\/hardnesstests.com\\\/product\\\/hvs-1000z-large-screendigital-automatic-turret-type-side-shaking-lifting-system-microhardness-tester\\\/#primaryimage\"},\"thumbnailUrl\":\"https:\\\/\\\/hardnesstests.com\\\/wp-content\\\/uploads\\\/2025\\\/11\\\/HVS-1000Z-\u6570\u663e\u81ea\u52a8\u8f6c\u5854\u578b\u663e\u5fae\u786c\u5ea6\u8ba1\uff08\u5927\u5c4f-\u4fa7\u6447\u5347\u964d\u7cfb\u7edf\uff09.jpg\",\"datePublished\":\"2025-11-28T01:42:12+00:00\",\"breadcrumb\":{\"@id\":\"https:\\\/\\\/hardnesstests.com\\\/product\\\/hvs-1000z-large-screendigital-automatic-turret-type-side-shaking-lifting-system-microhardness-tester\\\/#breadcrumb\"},\"inLanguage\":\"es\",\"potentialAction\":[{\"@type\":\"ReadAction\",\"target\":[\"https:\\\/\\\/hardnesstests.com\\\/product\\\/hvs-1000z-large-screendigital-automatic-turret-type-side-shaking-lifting-system-microhardness-tester\\\/\"]}]},{\"@type\":\"ImageObject\",\"inLanguage\":\"es\",\"@id\":\"https:\\\/\\\/hardnesstests.com\\\/product\\\/hvs-1000z-large-screendigital-automatic-turret-type-side-shaking-lifting-system-microhardness-tester\\\/#primaryimage\",\"url\":\"https:\\\/\\\/hardnesstests.com\\\/wp-content\\\/uploads\\\/2025\\\/11\\\/HVS-1000Z-\u6570\u663e\u81ea\u52a8\u8f6c\u5854\u578b\u663e\u5fae\u786c\u5ea6\u8ba1\uff08\u5927\u5c4f-\u4fa7\u6447\u5347\u964d\u7cfb\u7edf\uff09.jpg\",\"contentUrl\":\"https:\\\/\\\/hardnesstests.com\\\/wp-content\\\/uploads\\\/2025\\\/11\\\/HVS-1000Z-\u6570\u663e\u81ea\u52a8\u8f6c\u5854\u578b\u663e\u5fae\u786c\u5ea6\u8ba1\uff08\u5927\u5c4f-\u4fa7\u6447\u5347\u964d\u7cfb\u7edf\uff09.jpg\",\"width\":800,\"height\":800,\"caption\":\"(HVS-1000Z large screen)Digital automatic turret type (side-shaking lifting system) Microhardness tester\"},{\"@type\":\"BreadcrumbList\",\"@id\":\"https:\\\/\\\/hardnesstests.com\\\/product\\\/hvs-1000z-large-screendigital-automatic-turret-type-side-shaking-lifting-system-microhardness-tester\\\/#breadcrumb\",\"itemListElement\":[{\"@type\":\"ListItem\",\"position\":1,\"name\":\"\u9996\u9875\",\"item\":\"https:\\\/\\\/hardnesstests.com\\\/\"},{\"@type\":\"ListItem\",\"position\":2,\"name\":\"products\",\"item\":\"https:\\\/\\\/hardnesstests.com\\\/products\\\/\"},{\"@type\":\"ListItem\",\"position\":3,\"name\":\"(HVS-1000Z large screen)Digital automatic turret type (side-shaking lifting system) Microhardness tester\"}]},{\"@type\":\"WebSite\",\"@id\":\"https:\\\/\\\/hardnesstests.com\\\/tr\\\/#website\",\"url\":\"https:\\\/\\\/hardnesstests.com\\\/tr\\\/\",\"name\":\"hardnesstests\",\"description\":\"\",\"publisher\":{\"@id\":\"https:\\\/\\\/hardnesstests.com\\\/tr\\\/#organization\"},\"potentialAction\":[{\"@type\":\"SearchAction\",\"target\":{\"@type\":\"EntryPoint\",\"urlTemplate\":\"https:\\\/\\\/hardnesstests.com\\\/tr\\\/?s={search_term_string}\"},\"query-input\":{\"@type\":\"PropertyValueSpecification\",\"valueRequired\":true,\"valueName\":\"search_term_string\"}}],\"inLanguage\":\"es\"},{\"@type\":\"Organization\",\"@id\":\"https:\\\/\\\/hardnesstests.com\\\/tr\\\/#organization\",\"name\":\"hardnesstests\",\"url\":\"https:\\\/\\\/hardnesstests.com\\\/tr\\\/\",\"logo\":{\"@type\":\"ImageObject\",\"inLanguage\":\"es\",\"@id\":\"https:\\\/\\\/hardnesstests.com\\\/tr\\\/#\\\/schema\\\/logo\\\/image\\\/\",\"url\":\"https:\\\/\\\/hardnesstests.com\\\/wp-content\\\/uploads\\\/2021\\\/08\\\/\u5fae\u4fe1\u56fe\u7247_20251029102004_335_1287.png\",\"contentUrl\":\"https:\\\/\\\/hardnesstests.com\\\/wp-content\\\/uploads\\\/2021\\\/08\\\/\u5fae\u4fe1\u56fe\u7247_20251029102004_335_1287.png\",\"width\":1308,\"height\":467,\"caption\":\"hardnesstests\"},\"image\":{\"@id\":\"https:\\\/\\\/hardnesstests.com\\\/tr\\\/#\\\/schema\\\/logo\\\/image\\\/\"}}]}<\/script>\n<!-- \/ Yoast SEO Premium plugin. -->","yoast_head_json":{"title":"(HVS-1000Z large screen)Digital automatic turret type (side-shaking lifting system) Microhardness tester - hardnesstests","robots":{"index":"index","follow":"follow","max-snippet":"max-snippet:-1","max-image-preview":"max-image-preview:large","max-video-preview":"max-video-preview:-1"},"canonical":"https:\/\/hardnesstests.com\/es\/producto\/hvs-1000z-large-screendigital-automatic-turret-type-side-shaking-lifting-system-microhardness-tester\/","og_locale":"es_ES","og_type":"article","og_title":"(HVS-1000Z large screen)Digital automatic turret type (side-shaking lifting system) Microhardness tester","og_description":"The digital automatic turret type microhardness tester can meet the basic Vickers hardness test requirements. The upgraded digital display micrometer eyepiece can directly read the measured length, so as to obtain the measured value more quickly and accurately. The upgraded turret can automatically switch the eyepiece and the indenter to avoid damage to the instrument caused by human error, and also greatly improve efficiency. The upgraded side-shaking lifting system has higher accuracy and more stable lifting platform during testing. There is no need to focus again after the test is completed. The large LCD screen is convenient for observation, and the test conditions and test process are intuitive and clear.","og_url":"https:\/\/hardnesstests.com\/es\/producto\/hvs-1000z-large-screendigital-automatic-turret-type-side-shaking-lifting-system-microhardness-tester\/","og_site_name":"hardnesstests","og_image":[{"width":800,"height":800,"url":"https:\/\/hardnesstests.com\/wp-content\/uploads\/2025\/11\/HVS-1000Z-\u6570\u663e\u81ea\u52a8\u8f6c\u5854\u578b\u663e\u5fae\u786c\u5ea6\u8ba1\uff08\u5927\u5c4f-\u4fa7\u6447\u5347\u964d\u7cfb\u7edf\uff09.jpg","type":"image\/jpeg"}],"twitter_card":"summary_large_image","twitter_misc":{"Tiempo de lectura":"2 minutos"},"schema":{"@context":"https:\/\/schema.org","@graph":[{"@type":"WebPage","@id":"https:\/\/hardnesstests.com\/product\/hvs-1000z-large-screendigital-automatic-turret-type-side-shaking-lifting-system-microhardness-tester\/","url":"https:\/\/hardnesstests.com\/product\/hvs-1000z-large-screendigital-automatic-turret-type-side-shaking-lifting-system-microhardness-tester\/","name":"(HVS-1000Z large screen)Digital automatic turret type (side-shaking lifting system) Microhardness tester - hardnesstests","isPartOf":{"@id":"https:\/\/hardnesstests.com\/tr\/#website"},"primaryImageOfPage":{"@id":"https:\/\/hardnesstests.com\/product\/hvs-1000z-large-screendigital-automatic-turret-type-side-shaking-lifting-system-microhardness-tester\/#primaryimage"},"image":{"@id":"https:\/\/hardnesstests.com\/product\/hvs-1000z-large-screendigital-automatic-turret-type-side-shaking-lifting-system-microhardness-tester\/#primaryimage"},"thumbnailUrl":"https:\/\/hardnesstests.com\/wp-content\/uploads\/2025\/11\/HVS-1000Z-\u6570\u663e\u81ea\u52a8\u8f6c\u5854\u578b\u663e\u5fae\u786c\u5ea6\u8ba1\uff08\u5927\u5c4f-\u4fa7\u6447\u5347\u964d\u7cfb\u7edf\uff09.jpg","datePublished":"2025-11-28T01:42:12+00:00","breadcrumb":{"@id":"https:\/\/hardnesstests.com\/product\/hvs-1000z-large-screendigital-automatic-turret-type-side-shaking-lifting-system-microhardness-tester\/#breadcrumb"},"inLanguage":"es","potentialAction":[{"@type":"ReadAction","target":["https:\/\/hardnesstests.com\/product\/hvs-1000z-large-screendigital-automatic-turret-type-side-shaking-lifting-system-microhardness-tester\/"]}]},{"@type":"ImageObject","inLanguage":"es","@id":"https:\/\/hardnesstests.com\/product\/hvs-1000z-large-screendigital-automatic-turret-type-side-shaking-lifting-system-microhardness-tester\/#primaryimage","url":"https:\/\/hardnesstests.com\/wp-content\/uploads\/2025\/11\/HVS-1000Z-\u6570\u663e\u81ea\u52a8\u8f6c\u5854\u578b\u663e\u5fae\u786c\u5ea6\u8ba1\uff08\u5927\u5c4f-\u4fa7\u6447\u5347\u964d\u7cfb\u7edf\uff09.jpg","contentUrl":"https:\/\/hardnesstests.com\/wp-content\/uploads\/2025\/11\/HVS-1000Z-\u6570\u663e\u81ea\u52a8\u8f6c\u5854\u578b\u663e\u5fae\u786c\u5ea6\u8ba1\uff08\u5927\u5c4f-\u4fa7\u6447\u5347\u964d\u7cfb\u7edf\uff09.jpg","width":800,"height":800,"caption":"(HVS-1000Z large screen)Digital automatic turret type (side-shaking lifting system) Microhardness tester"},{"@type":"BreadcrumbList","@id":"https:\/\/hardnesstests.com\/product\/hvs-1000z-large-screendigital-automatic-turret-type-side-shaking-lifting-system-microhardness-tester\/#breadcrumb","itemListElement":[{"@type":"ListItem","position":1,"name":"\u9996\u9875","item":"https:\/\/hardnesstests.com\/"},{"@type":"ListItem","position":2,"name":"products","item":"https:\/\/hardnesstests.com\/products\/"},{"@type":"ListItem","position":3,"name":"(HVS-1000Z large screen)Digital automatic turret type (side-shaking lifting system) Microhardness tester"}]},{"@type":"WebSite","@id":"https:\/\/hardnesstests.com\/tr\/#website","url":"https:\/\/hardnesstests.com\/tr\/","name":"hardnesstests","description":"","publisher":{"@id":"https:\/\/hardnesstests.com\/tr\/#organization"},"potentialAction":[{"@type":"SearchAction","target":{"@type":"EntryPoint","urlTemplate":"https:\/\/hardnesstests.com\/tr\/?s={search_term_string}"},"query-input":{"@type":"PropertyValueSpecification","valueRequired":true,"valueName":"search_term_string"}}],"inLanguage":"es"},{"@type":"Organization","@id":"https:\/\/hardnesstests.com\/tr\/#organization","name":"hardnesstests","url":"https:\/\/hardnesstests.com\/tr\/","logo":{"@type":"ImageObject","inLanguage":"es","@id":"https:\/\/hardnesstests.com\/tr\/#\/schema\/logo\/image\/","url":"https:\/\/hardnesstests.com\/wp-content\/uploads\/2021\/08\/\u5fae\u4fe1\u56fe\u7247_20251029102004_335_1287.png","contentUrl":"https:\/\/hardnesstests.com\/wp-content\/uploads\/2021\/08\/\u5fae\u4fe1\u56fe\u7247_20251029102004_335_1287.png","width":1308,"height":467,"caption":"hardnesstests"},"image":{"@id":"https:\/\/hardnesstests.com\/tr\/#\/schema\/logo\/image\/"}}]}},"_links":{"self":[{"href":"https:\/\/hardnesstests.com\/es\/wp-json\/wp\/v2\/product\/29888","targetHints":{"allow":["GET"]}}],"collection":[{"href":"https:\/\/hardnesstests.com\/es\/wp-json\/wp\/v2\/product"}],"about":[{"href":"https:\/\/hardnesstests.com\/es\/wp-json\/wp\/v2\/types\/product"}],"replies":[{"embeddable":true,"href":"https:\/\/hardnesstests.com\/es\/wp-json\/wp\/v2\/comments?post=29888"}],"version-history":[{"count":1,"href":"https:\/\/hardnesstests.com\/es\/wp-json\/wp\/v2\/product\/29888\/revisions"}],"predecessor-version":[{"id":29890,"href":"https:\/\/hardnesstests.com\/es\/wp-json\/wp\/v2\/product\/29888\/revisions\/29890"}],"wp:featuredmedia":[{"embeddable":true,"href":"https:\/\/hardnesstests.com\/es\/wp-json\/wp\/v2\/media\/29889"}],"wp:attachment":[{"href":"https:\/\/hardnesstests.com\/es\/wp-json\/wp\/v2\/media?parent=29888"}],"wp:term":[{"taxonomy":"product_brand","embeddable":true,"href":"https:\/\/hardnesstests.com\/es\/wp-json\/wp\/v2\/product_brand?post=29888"},{"taxonomy":"product_cat","embeddable":true,"href":"https:\/\/hardnesstests.com\/es\/wp-json\/wp\/v2\/product_cat?post=29888"},{"taxonomy":"product_tag","embeddable":true,"href":"https:\/\/hardnesstests.com\/es\/wp-json\/wp\/v2\/product_tag?post=29888"}],"curies":[{"name":"wp","href":"https:\/\/api.w.org\/{rel}","templated":true}]}}