{"id":29879,"date":"2025-11-28T01:33:24","date_gmt":"2025-11-28T01:33:24","guid":{"rendered":"https:\/\/hardnesstests.com\/?post_type=product&#038;p=29879"},"modified":"2025-11-28T01:33:25","modified_gmt":"2025-11-28T01:33:25","slug":"hvs-1000-large-screendigital-display-micro-hardness-tester","status":"publish","type":"product","link":"https:\/\/hardnesstests.com\/es\/producto\/hvs-1000-large-screendigital-display-micro-hardness-tester\/","title":{"rendered":"(HVS-1000 pantalla grande)Microdur\u00f3metro con pantalla digital"},"content":{"rendered":"<h1 style=\"font-weight: 400;\"><strong>Funciones y caracter\u00edsticas principales:<\/strong><\/h1>\n<ol>\n<li>The optical system designed by senior optical engineers not only has clear images, but also can be used as a simple microscope. The brightness is adjustable, and it is visually comfortable. Long-time operation is not easy to fatigue operators.<\/li>\n<li>Industrial display LCD large-screen display can display test method, test force, measuring indentation length, hardness value, converted hardness value, test force holding time, number of measurements and can be typed into year, month, date, test results and data processing, etc.<\/li>\n<li>Cast aluminum shell molding, with stable structure and is not easy to be deformed, pure white car paint high grade, anti-scratch ability, using for many years is still bright as new;<\/li>\n<li>Our company has the ability of self-developing, designing, producing and processing. The machine provides parts replacement and maintenance upgrade service for life;<\/li>\n<li>HVS-1000 models can be directly measured by the actual measurement of the length to obtain the hardness value.<\/li>\n<\/ol>\n<h1><strong>Objetivo principal y \u00e1mbito de aplicaci\u00f3n:<\/strong><\/h1>\n<ol>\n<li>Hierro y acero, metales no ferrosos, l\u00e1minas met\u00e1licas, aleaciones duras, chapas met\u00e1licas, microestructuras<\/li>\n<li>Capas de carburaci\u00f3n, nitruraci\u00f3n y descarburaci\u00f3n, capas de endurecimiento superficial, chapado, revestimientos<\/li>\n<li>Glass, wafers, ceramic materials<\/li>\n<\/ol>\n<h1 style=\"font-weight: 400;\"><strong>Par\u00e1metros t\u00e9cnicos:<\/strong><\/h1>\n<table style=\"font-weight: 400;\" width=\"600\">\n<tbody>\n<tr>\n<td width=\"213\">Nombre del par\u00e1metro<\/td>\n<td width=\"387\">Datos de los par\u00e1metros<\/td>\n<\/tr>\n<tr>\n<td width=\"213\">Escala de microdureza<\/td>\n<td width=\"387\">HV0.01,HV0.025,HV0.05,HV0.1,HV0.2,HV0.3,HV0.5,HV1<\/td>\n<\/tr>\n<tr>\n<td width=\"213\">Mostrar<\/td>\n<td width=\"387\">Tiempo de mantenimiento (segundos), valor de dureza<\/td>\n<\/tr>\n<tr>\n<td width=\"213\">Fuerza de ensayo (gf)<\/td>\n<td width=\"387\">10,25,50,100,200,300,500,1000<\/td>\n<\/tr>\n<tr>\n<td width=\"213\">Control de carga<\/td>\n<td width=\"387\">Autom\u00e1tico (carga\/retenci\u00f3n\/desinstalaci\u00f3n)<\/td>\n<\/tr>\n<tr>\n<td width=\"213\">Tiempo de retenci\u00f3n de la fuerza de ensayo (s)<\/td>\n<td width=\"387\">5 ~ 60<\/td>\n<\/tr>\n<tr>\n<td width=\"213\">Selecci\u00f3n de la fuerza de ensayo<\/td>\n<td width=\"387\">Bot\u00f3n selector externo, la fuerza de prueba se muestra autom\u00e1ticamente en la pantalla LCD<\/td>\n<\/tr>\n<tr>\n<td width=\"213\">Aumento objetivo<\/td>\n<td width=\"387\">10\u00d7, 40\u00d7<\/td>\n<\/tr>\n<tr>\n<td width=\"213\">Canal \u00f3ptico<\/td>\n<td width=\"387\">Canales de luz dobles (oculares y canales de c\u00e1mara CCD)<\/td>\n<\/tr>\n<tr>\n<td width=\"213\">Sistema \u00f3ptico<\/td>\n<td width=\"387\">1.Automatic digital encoder;<br \/>\n2.The total magnification (\u03bcm): 100 \u00d7 (observation), 400 \u00d7 (measurement);<br \/>\n3.Measuring range (\u03bcm): 200;<br \/>\n4.Resolution (\u03bcm): 0.01<\/td>\n<\/tr>\n<tr>\n<td width=\"213\">Rango de medici\u00f3n de la dureza<\/td>\n<td width=\"387\">(5-3000) HV<\/td>\n<\/tr>\n<tr>\n<td width=\"213\">Plataforma de pruebas XY<\/td>\n<td width=\"387\">Tama\u00f1o (mm): 100\u00d7100<br \/>\nRango de recorrido (mm): 25\u00d725<br \/>\nLectura m\u00ednima (mm): 0.01<\/td>\n<\/tr>\n<tr>\n<td width=\"213\">Maximum height of specimen<\/td>\n<td width=\"387\">110(mm)<\/td>\n<\/tr>\n<tr>\n<td width=\"213\">Anchura m\u00e1xima de la probeta (mm)<\/td>\n<td width=\"387\">85 (distancia de la l\u00ednea central del penetrador a la pared)<\/td>\n<\/tr>\n<tr>\n<td width=\"213\">Salida de datos<\/td>\n<td width=\"387\">Reserve built-in mini printer interface (RS232 serial interface), optional installation<\/td>\n<\/tr>\n<tr>\n<td width=\"213\">Tensi\u00f3n<\/td>\n<td width=\"387\">AC220V\/50HZ<\/td>\n<\/tr>\n<tr>\n<td width=\"213\">Peso (kg)<\/td>\n<td width=\"387\">35<\/td>\n<\/tr>\n<tr>\n<td width=\"213\">Dimensiones<\/td>\n<td width=\"387\">(540\u00d7200\u00d7530)mm<\/td>\n<\/tr>\n<\/tbody>\n<\/table>\n<h1 style=\"font-weight: 400;\"><strong>Configuraci\u00f3n est\u00e1ndar:<\/strong><\/h1>\n<table style=\"font-weight: 400;\" width=\"568\">\n<tbody>\n<tr>\n<td width=\"268\">1.Host ( Micro Vickers indenter\u00a0x1, 10x objective x1, 40x objective x1)<\/td>\n<td width=\"300\">2.Plataforma de pruebas, peso, caja de accesorios del microscopio;<\/td>\n<\/tr>\n<tr>\n<td width=\"268\">3.Pesas x6<\/td>\n<td width=\"300\">4.Barra de pesas x1<\/td>\n<\/tr>\n<tr>\n<td width=\"268\">5.Mesa transversal x1<\/td>\n<td width=\"300\">6.Mesa de sujeci\u00f3n de chapas x1<\/td>\n<\/tr>\n<tr>\n<td width=\"268\">7.Mesa de sujeci\u00f3n de boca plana x1<\/td>\n<td width=\"300\">8.Mesa de sujeci\u00f3n del filamento x1<\/td>\n<\/tr>\n<tr>\n<td width=\"268\">9.Nivel metro x1<\/td>\n<td width=\"300\">10.Destornillador x2<\/td>\n<\/tr>\n<tr>\n<td width=\"268\">11.Tornillos de ajuste horizontal x4<\/td>\n<td width=\"300\">12.Cable de alimentaci\u00f3n externo x1<\/td>\n<\/tr>\n<tr>\n<td width=\"268\">13,10\u00d7 Micr\u00f3metro digital Oculares x1<\/td>\n<td width=\"300\">14.Micro Vickers hardness block x2 (HV1, HV0.2\u00a0x1 for each )<\/td>\n<\/tr>\n<tr>\n<td width=\"268\">15.Fusibles (1 A) x2<\/td>\n<td width=\"300\">16.Certificaci\u00f3n del producto x1<\/td>\n<\/tr>\n<tr>\n<td width=\"268\">17.Manual de instrucciones del producto x1<\/td>\n<td width=\"300\">18.Funda antipolvo x1<\/td>\n<\/tr>\n<\/tbody>\n<\/table>\n<h1><strong>Nota:<\/strong><\/h1>\n<ol>\n<li>El sistema de elevaci\u00f3n lateral opcional hace que el sistema de elevaci\u00f3n sea m\u00e1s estable y preciso.<\/li>\n<li>Optional built-in printer, measurement data, a key print, can also upload the computer.<\/li>\n<li>Optional hardness meter measurement software can eliminate manual error, computer operation, improve efficiency and accuracy.<\/li>\n<\/ol>","protected":false},"excerpt":{"rendered":"<p>The digital micro hardness tester can meet the basic Vickers hardness test requirements. The upgraded digital micrometer can directly read the measurement length, so that the measured value can be obtained more quickly and accurately. The LCD large-screen display is convenient for observation, test conditions, and the test process is straightforward.<\/p>","protected":false},"featured_media":29880,"comment_status":"open","ping_status":"closed","template":"","meta":[],"product_brand":[],"product_cat":[70,91],"product_tag":[101],"class_list":{"0":"post-29879","1":"product","2":"type-product","3":"status-publish","4":"has-post-thumbnail","6":"product_cat-hardness-tester","7":"product_cat-micro-vickers-hardness-tester","8":"product_tag-micro-vickers-hardness-tester","10":"first","11":"instock","12":"shipping-taxable","13":"product-type-simple"},"yoast_head":"<!-- This site is optimized with the Yoast SEO Premium plugin v25.4 (Yoast SEO v27.4) - https:\/\/yoast.com\/product\/yoast-seo-premium-wordpress\/ -->\n<title>(HVS-1000 large screen)Digital display micro hardness tester - hardnesstests<\/title>\n<meta name=\"robots\" content=\"index, follow, max-snippet:-1, max-image-preview:large, max-video-preview:-1\" \/>\n<link rel=\"canonical\" href=\"https:\/\/hardnesstests.com\/es\/producto\/hvs-1000-large-screendigital-display-micro-hardness-tester\/\" \/>\n<meta property=\"og:locale\" content=\"es_ES\" \/>\n<meta property=\"og:type\" content=\"article\" \/>\n<meta property=\"og:title\" content=\"(HVS-1000 large screen)Digital display micro hardness tester\" \/>\n<meta property=\"og:description\" content=\"The digital micro hardness tester can meet the basic Vickers hardness test requirements. The upgraded digital micrometer can directly read the measurement length, so that the measured value can be obtained more quickly and accurately. The LCD large-screen display is convenient for observation, test conditions, and the test process is straightforward.\" \/>\n<meta property=\"og:url\" content=\"https:\/\/hardnesstests.com\/es\/producto\/hvs-1000-large-screendigital-display-micro-hardness-tester\/\" \/>\n<meta property=\"og:site_name\" content=\"hardnesstests\" \/>\n<meta property=\"article:modified_time\" content=\"2025-11-28T01:33:25+00:00\" \/>\n<meta property=\"og:image\" content=\"https:\/\/hardnesstests.com\/wp-content\/uploads\/2025\/11\/HVS-1000-\u6570\u663e\u663e\u5fae\u786c\u5ea6\u8ba1\uff08\u5927\u5c4f\uff09.jpg\" \/>\n\t<meta property=\"og:image:width\" content=\"800\" \/>\n\t<meta property=\"og:image:height\" content=\"800\" \/>\n\t<meta property=\"og:image:type\" content=\"image\/jpeg\" \/>\n<meta name=\"twitter:card\" content=\"summary_large_image\" \/>\n<meta name=\"twitter:label1\" content=\"Tiempo de lectura\" \/>\n\t<meta name=\"twitter:data1\" content=\"2 minutos\" \/>\n<script type=\"application\/ld+json\" class=\"yoast-schema-graph\">{\"@context\":\"https:\\\/\\\/schema.org\",\"@graph\":[{\"@type\":\"WebPage\",\"@id\":\"https:\\\/\\\/hardnesstests.com\\\/product\\\/hvs-1000-large-screendigital-display-micro-hardness-tester\\\/\",\"url\":\"https:\\\/\\\/hardnesstests.com\\\/product\\\/hvs-1000-large-screendigital-display-micro-hardness-tester\\\/\",\"name\":\"(HVS-1000 large screen)Digital display micro hardness tester - hardnesstests\",\"isPartOf\":{\"@id\":\"https:\\\/\\\/hardnesstests.com\\\/tr\\\/#website\"},\"primaryImageOfPage\":{\"@id\":\"https:\\\/\\\/hardnesstests.com\\\/product\\\/hvs-1000-large-screendigital-display-micro-hardness-tester\\\/#primaryimage\"},\"image\":{\"@id\":\"https:\\\/\\\/hardnesstests.com\\\/product\\\/hvs-1000-large-screendigital-display-micro-hardness-tester\\\/#primaryimage\"},\"thumbnailUrl\":\"https:\\\/\\\/hardnesstests.com\\\/wp-content\\\/uploads\\\/2025\\\/11\\\/HVS-1000-\u6570\u663e\u663e\u5fae\u786c\u5ea6\u8ba1\uff08\u5927\u5c4f\uff09.jpg\",\"datePublished\":\"2025-11-28T01:33:24+00:00\",\"dateModified\":\"2025-11-28T01:33:25+00:00\",\"breadcrumb\":{\"@id\":\"https:\\\/\\\/hardnesstests.com\\\/product\\\/hvs-1000-large-screendigital-display-micro-hardness-tester\\\/#breadcrumb\"},\"inLanguage\":\"es\",\"potentialAction\":[{\"@type\":\"ReadAction\",\"target\":[\"https:\\\/\\\/hardnesstests.com\\\/product\\\/hvs-1000-large-screendigital-display-micro-hardness-tester\\\/\"]}]},{\"@type\":\"ImageObject\",\"inLanguage\":\"es\",\"@id\":\"https:\\\/\\\/hardnesstests.com\\\/product\\\/hvs-1000-large-screendigital-display-micro-hardness-tester\\\/#primaryimage\",\"url\":\"https:\\\/\\\/hardnesstests.com\\\/wp-content\\\/uploads\\\/2025\\\/11\\\/HVS-1000-\u6570\u663e\u663e\u5fae\u786c\u5ea6\u8ba1\uff08\u5927\u5c4f\uff09.jpg\",\"contentUrl\":\"https:\\\/\\\/hardnesstests.com\\\/wp-content\\\/uploads\\\/2025\\\/11\\\/HVS-1000-\u6570\u663e\u663e\u5fae\u786c\u5ea6\u8ba1\uff08\u5927\u5c4f\uff09.jpg\",\"width\":800,\"height\":800,\"caption\":\"(HVS-1000 large screen)Digital display micro hardness tester\"},{\"@type\":\"BreadcrumbList\",\"@id\":\"https:\\\/\\\/hardnesstests.com\\\/product\\\/hvs-1000-large-screendigital-display-micro-hardness-tester\\\/#breadcrumb\",\"itemListElement\":[{\"@type\":\"ListItem\",\"position\":1,\"name\":\"\u9996\u9875\",\"item\":\"https:\\\/\\\/hardnesstests.com\\\/\"},{\"@type\":\"ListItem\",\"position\":2,\"name\":\"products\",\"item\":\"https:\\\/\\\/hardnesstests.com\\\/products\\\/\"},{\"@type\":\"ListItem\",\"position\":3,\"name\":\"(HVS-1000 large screen)Digital display micro hardness tester\"}]},{\"@type\":\"WebSite\",\"@id\":\"https:\\\/\\\/hardnesstests.com\\\/tr\\\/#website\",\"url\":\"https:\\\/\\\/hardnesstests.com\\\/tr\\\/\",\"name\":\"hardnesstests\",\"description\":\"\",\"publisher\":{\"@id\":\"https:\\\/\\\/hardnesstests.com\\\/tr\\\/#organization\"},\"potentialAction\":[{\"@type\":\"SearchAction\",\"target\":{\"@type\":\"EntryPoint\",\"urlTemplate\":\"https:\\\/\\\/hardnesstests.com\\\/tr\\\/?s={search_term_string}\"},\"query-input\":{\"@type\":\"PropertyValueSpecification\",\"valueRequired\":true,\"valueName\":\"search_term_string\"}}],\"inLanguage\":\"es\"},{\"@type\":\"Organization\",\"@id\":\"https:\\\/\\\/hardnesstests.com\\\/tr\\\/#organization\",\"name\":\"hardnesstests\",\"url\":\"https:\\\/\\\/hardnesstests.com\\\/tr\\\/\",\"logo\":{\"@type\":\"ImageObject\",\"inLanguage\":\"es\",\"@id\":\"https:\\\/\\\/hardnesstests.com\\\/tr\\\/#\\\/schema\\\/logo\\\/image\\\/\",\"url\":\"https:\\\/\\\/hardnesstests.com\\\/wp-content\\\/uploads\\\/2021\\\/08\\\/\u5fae\u4fe1\u56fe\u7247_20251029102004_335_1287.png\",\"contentUrl\":\"https:\\\/\\\/hardnesstests.com\\\/wp-content\\\/uploads\\\/2021\\\/08\\\/\u5fae\u4fe1\u56fe\u7247_20251029102004_335_1287.png\",\"width\":1308,\"height\":467,\"caption\":\"hardnesstests\"},\"image\":{\"@id\":\"https:\\\/\\\/hardnesstests.com\\\/tr\\\/#\\\/schema\\\/logo\\\/image\\\/\"}}]}<\/script>\n<!-- \/ Yoast SEO Premium plugin. -->","yoast_head_json":{"title":"(HVS-1000 large screen)Digital display micro hardness tester - hardnesstests","robots":{"index":"index","follow":"follow","max-snippet":"max-snippet:-1","max-image-preview":"max-image-preview:large","max-video-preview":"max-video-preview:-1"},"canonical":"https:\/\/hardnesstests.com\/es\/producto\/hvs-1000-large-screendigital-display-micro-hardness-tester\/","og_locale":"es_ES","og_type":"article","og_title":"(HVS-1000 large screen)Digital display micro hardness tester","og_description":"The digital micro hardness tester can meet the basic Vickers hardness test requirements. The upgraded digital micrometer can directly read the measurement length, so that the measured value can be obtained more quickly and accurately. The LCD large-screen display is convenient for observation, test conditions, and the test process is straightforward.","og_url":"https:\/\/hardnesstests.com\/es\/producto\/hvs-1000-large-screendigital-display-micro-hardness-tester\/","og_site_name":"hardnesstests","article_modified_time":"2025-11-28T01:33:25+00:00","og_image":[{"width":800,"height":800,"url":"https:\/\/hardnesstests.com\/wp-content\/uploads\/2025\/11\/HVS-1000-\u6570\u663e\u663e\u5fae\u786c\u5ea6\u8ba1\uff08\u5927\u5c4f\uff09.jpg","type":"image\/jpeg"}],"twitter_card":"summary_large_image","twitter_misc":{"Tiempo de lectura":"2 minutos"},"schema":{"@context":"https:\/\/schema.org","@graph":[{"@type":"WebPage","@id":"https:\/\/hardnesstests.com\/product\/hvs-1000-large-screendigital-display-micro-hardness-tester\/","url":"https:\/\/hardnesstests.com\/product\/hvs-1000-large-screendigital-display-micro-hardness-tester\/","name":"(HVS-1000 large screen)Digital display micro hardness tester - hardnesstests","isPartOf":{"@id":"https:\/\/hardnesstests.com\/tr\/#website"},"primaryImageOfPage":{"@id":"https:\/\/hardnesstests.com\/product\/hvs-1000-large-screendigital-display-micro-hardness-tester\/#primaryimage"},"image":{"@id":"https:\/\/hardnesstests.com\/product\/hvs-1000-large-screendigital-display-micro-hardness-tester\/#primaryimage"},"thumbnailUrl":"https:\/\/hardnesstests.com\/wp-content\/uploads\/2025\/11\/HVS-1000-\u6570\u663e\u663e\u5fae\u786c\u5ea6\u8ba1\uff08\u5927\u5c4f\uff09.jpg","datePublished":"2025-11-28T01:33:24+00:00","dateModified":"2025-11-28T01:33:25+00:00","breadcrumb":{"@id":"https:\/\/hardnesstests.com\/product\/hvs-1000-large-screendigital-display-micro-hardness-tester\/#breadcrumb"},"inLanguage":"es","potentialAction":[{"@type":"ReadAction","target":["https:\/\/hardnesstests.com\/product\/hvs-1000-large-screendigital-display-micro-hardness-tester\/"]}]},{"@type":"ImageObject","inLanguage":"es","@id":"https:\/\/hardnesstests.com\/product\/hvs-1000-large-screendigital-display-micro-hardness-tester\/#primaryimage","url":"https:\/\/hardnesstests.com\/wp-content\/uploads\/2025\/11\/HVS-1000-\u6570\u663e\u663e\u5fae\u786c\u5ea6\u8ba1\uff08\u5927\u5c4f\uff09.jpg","contentUrl":"https:\/\/hardnesstests.com\/wp-content\/uploads\/2025\/11\/HVS-1000-\u6570\u663e\u663e\u5fae\u786c\u5ea6\u8ba1\uff08\u5927\u5c4f\uff09.jpg","width":800,"height":800,"caption":"(HVS-1000 large screen)Digital display micro hardness tester"},{"@type":"BreadcrumbList","@id":"https:\/\/hardnesstests.com\/product\/hvs-1000-large-screendigital-display-micro-hardness-tester\/#breadcrumb","itemListElement":[{"@type":"ListItem","position":1,"name":"\u9996\u9875","item":"https:\/\/hardnesstests.com\/"},{"@type":"ListItem","position":2,"name":"products","item":"https:\/\/hardnesstests.com\/products\/"},{"@type":"ListItem","position":3,"name":"(HVS-1000 large screen)Digital display micro hardness tester"}]},{"@type":"WebSite","@id":"https:\/\/hardnesstests.com\/tr\/#website","url":"https:\/\/hardnesstests.com\/tr\/","name":"hardnesstests","description":"","publisher":{"@id":"https:\/\/hardnesstests.com\/tr\/#organization"},"potentialAction":[{"@type":"SearchAction","target":{"@type":"EntryPoint","urlTemplate":"https:\/\/hardnesstests.com\/tr\/?s={search_term_string}"},"query-input":{"@type":"PropertyValueSpecification","valueRequired":true,"valueName":"search_term_string"}}],"inLanguage":"es"},{"@type":"Organization","@id":"https:\/\/hardnesstests.com\/tr\/#organization","name":"hardnesstests","url":"https:\/\/hardnesstests.com\/tr\/","logo":{"@type":"ImageObject","inLanguage":"es","@id":"https:\/\/hardnesstests.com\/tr\/#\/schema\/logo\/image\/","url":"https:\/\/hardnesstests.com\/wp-content\/uploads\/2021\/08\/\u5fae\u4fe1\u56fe\u7247_20251029102004_335_1287.png","contentUrl":"https:\/\/hardnesstests.com\/wp-content\/uploads\/2021\/08\/\u5fae\u4fe1\u56fe\u7247_20251029102004_335_1287.png","width":1308,"height":467,"caption":"hardnesstests"},"image":{"@id":"https:\/\/hardnesstests.com\/tr\/#\/schema\/logo\/image\/"}}]}},"_links":{"self":[{"href":"https:\/\/hardnesstests.com\/es\/wp-json\/wp\/v2\/product\/29879","targetHints":{"allow":["GET"]}}],"collection":[{"href":"https:\/\/hardnesstests.com\/es\/wp-json\/wp\/v2\/product"}],"about":[{"href":"https:\/\/hardnesstests.com\/es\/wp-json\/wp\/v2\/types\/product"}],"replies":[{"embeddable":true,"href":"https:\/\/hardnesstests.com\/es\/wp-json\/wp\/v2\/comments?post=29879"}],"version-history":[{"count":1,"href":"https:\/\/hardnesstests.com\/es\/wp-json\/wp\/v2\/product\/29879\/revisions"}],"predecessor-version":[{"id":29881,"href":"https:\/\/hardnesstests.com\/es\/wp-json\/wp\/v2\/product\/29879\/revisions\/29881"}],"wp:featuredmedia":[{"embeddable":true,"href":"https:\/\/hardnesstests.com\/es\/wp-json\/wp\/v2\/media\/29880"}],"wp:attachment":[{"href":"https:\/\/hardnesstests.com\/es\/wp-json\/wp\/v2\/media?parent=29879"}],"wp:term":[{"taxonomy":"product_brand","embeddable":true,"href":"https:\/\/hardnesstests.com\/es\/wp-json\/wp\/v2\/product_brand?post=29879"},{"taxonomy":"product_cat","embeddable":true,"href":"https:\/\/hardnesstests.com\/es\/wp-json\/wp\/v2\/product_cat?post=29879"},{"taxonomy":"product_tag","embeddable":true,"href":"https:\/\/hardnesstests.com\/es\/wp-json\/wp\/v2\/product_tag?post=29879"}],"curies":[{"name":"wp","href":"https:\/\/api.w.org\/{rel}","templated":true}]}}