{"id":29871,"date":"2025-11-27T09:33:36","date_gmt":"2025-11-27T09:33:36","guid":{"rendered":"https:\/\/hardnesstests.com\/?post_type=product&#038;p=29871"},"modified":"2025-11-27T09:33:37","modified_gmt":"2025-11-27T09:33:37","slug":"w-b92-series-webster-hardness-tester","status":"publish","type":"product","link":"https:\/\/hardnesstests.com\/es\/producto\/w-b92-series-webster-hardness-tester\/","title":{"rendered":"Dur\u00f3metro Webster Serie W-B92"},"content":{"rendered":"<h1 style=\"font-weight: 400;\"><strong>Funciones y caracter\u00edsticas principales:<\/strong><\/h1>\n<ol>\n<li style=\"font-weight: 400;\">The Webster hardness tester is suitable for testing profiles, pipes and plates, and is particularly suitable for rapid, non-destructive inspection of product hardness at production sites, sales sites or construction sites. ;<\/li>\n<li style=\"font-weight: 400;\">El bloque de dureza est\u00e1ndar se prueba con una m\u00e1quina de dureza est\u00e1ndar;<\/li>\n<li style=\"font-weight: 400;\">El valor de dureza Webster puede convertirse en valores de dureza Vickers, Rockwell, Brinell y resistencia a la tracci\u00f3n de uso com\u00fan;<\/li>\n<\/ol>\n<h1 style=\"font-weight: 400;\"><strong>Main uses and scope of application:<\/strong><\/h1>\n<ol>\n<li style=\"font-weight: 400;\">Determine whether the workpiece has been heat treated and check the heat treatment effect<\/li>\n<li style=\"font-weight: 400;\">Determine whether the workpiece is made of inappropriate alloys<\/li>\n<li style=\"font-weight: 400;\">Test long, heavy workpieces or assemblies that are inconvenient to send to the laboratory<\/li>\n<li style=\"font-weight: 400;\">Se utiliza para la inspecci\u00f3n de la producci\u00f3n, la inspecci\u00f3n de aceptaci\u00f3n y la inspecci\u00f3n de supervisi\u00f3n de la calidad<\/li>\n<\/ol>\n<h1 style=\"font-weight: 400;\"><strong>Main technical parameters:<\/strong><\/h1>\n<ol>\n<li style=\"font-weight: 400;\">Measuring range: 0-20HW<\/li>\n<li style=\"font-weight: 400;\">Accuracy: 0.5HW<\/li>\n<li style=\"font-weight: 400;\">Measuring range: equivalent to Rockwell hardness 50~92HRB;<\/li>\n<\/ol>\n<p style=\"font-weight: 400;\">Vickers hardness 90~253HV;<\/p>\n<p style=\"font-weight: 400;\">Brinell hardness 85.5~241HB;<\/p>\n<p style=\"font-weight: 400;\">Tensile strength 285~810MPa\/mm2;<\/p>\n<p style=\"font-weight: 400;\">(Data source: International standard ISO\/8265-2003 (E))<\/p>\n<table>\n<tbody>\n<tr>\n<td width=\"242\">Tama\u00f1o\/di\u00e1metro de la muestra mm<\/td>\n<td width=\"47\"><strong>Weight Kg<\/strong><\/td>\n<td width=\"57\"><strong>Total weightKg<\/strong><\/td>\n<td width=\"104\"><strong>Paking size mm<\/strong><\/td>\n<\/tr>\n<tr>\n<td width=\"242\">Plate with thickness\u00a0\u22646, pipe with profile inner diameter\u00a0\u226510<\/td>\n<td width=\"47\">0.5<\/td>\n<td width=\"57\">1.1<\/td>\n<td width=\"104\">280\u00d7230\u00d780<\/td>\n<\/tr>\n<\/tbody>\n<\/table>\n<h1 style=\"font-weight: 400;\"><strong>Standard Configuration:<\/strong><\/h1>\n<table>\n<tbody>\n<tr>\n<td width=\"104\">Anfitri\u00f3n<\/td>\n<td width=\"104\">1 set<\/td>\n<td width=\"104\">Bloque de dureza est\u00e1ndar<\/td>\n<td width=\"104\">1 piece<\/td>\n<\/tr>\n<tr>\n<td width=\"104\">Spare pressure pin<\/td>\n<td width=\"104\">1 piece<\/td>\n<td width=\"104\">Llave de calibraci\u00f3n<\/td>\n<td width=\"104\">1 piece<\/td>\n<\/tr>\n<tr>\n<td width=\"104\">Destornillador peque\u00f1o<\/td>\n<td width=\"104\">1<\/td>\n<td width=\"104\">Caja de instrumentos<\/td>\n<td width=\"104\">1 piece<\/td>\n<\/tr>\n<\/tbody>\n<\/table>\n<h1 style=\"font-weight: 400;\"><strong>Accesorios opcionales para el dur\u00f3metro Webster:<\/strong><\/h1>\n<ol>\n<li>Indentador<\/li>\n<li>Bloque de dureza est\u00e1ndar<\/li>\n<\/ol>","protected":false},"excerpt":{"rendered":"<p>The W-B92 Webster hardness tester is a portable hardness tester operated with one hand. It can be used for quick on-site testing of the hardness of mild steel materials such as low carbon steel and stainless steel. The test is fast and simple, and only one card is needed. The hardness value can be read directly.<\/p>","protected":false},"featured_media":29872,"comment_status":"open","ping_status":"closed","template":"","meta":[],"product_brand":[],"product_cat":[70,77],"product_tag":[112],"class_list":{"0":"post-29871","1":"product","2":"type-product","3":"status-publish","4":"has-post-thumbnail","6":"product_cat-hardness-tester","7":"product_cat-webster-hardness-tester","8":"product_tag-webster-hardness-tester","10":"first","11":"instock","12":"shipping-taxable","13":"product-type-simple"},"yoast_head":"<!-- This site is optimized with the Yoast SEO Premium plugin v25.4 (Yoast SEO v27.4) - https:\/\/yoast.com\/product\/yoast-seo-premium-wordpress\/ -->\n<title>W-B92 Series Webster Hardness Tester - hardnesstests<\/title>\n<meta name=\"robots\" content=\"index, follow, max-snippet:-1, max-image-preview:large, max-video-preview:-1\" \/>\n<link rel=\"canonical\" href=\"https:\/\/hardnesstests.com\/es\/producto\/w-b92-series-webster-hardness-tester\/\" \/>\n<meta property=\"og:locale\" content=\"es_ES\" \/>\n<meta property=\"og:type\" content=\"article\" \/>\n<meta property=\"og:title\" content=\"W-B92 Series Webster Hardness Tester\" \/>\n<meta property=\"og:description\" content=\"The W-B92 Webster hardness tester is a portable hardness tester operated with one hand. It can be used for quick on-site testing of the hardness of mild steel materials such as low carbon steel and stainless steel. The test is fast and simple, and only one card is needed. The hardness value can be read directly.\" \/>\n<meta property=\"og:url\" content=\"https:\/\/hardnesstests.com\/es\/producto\/w-b92-series-webster-hardness-tester\/\" \/>\n<meta property=\"og:site_name\" content=\"hardnesstests\" \/>\n<meta property=\"article:modified_time\" content=\"2025-11-27T09:33:37+00:00\" \/>\n<meta property=\"og:image\" content=\"https:\/\/hardnesstests.com\/wp-content\/uploads\/2025\/11\/W-B92-B\u7cfb\u5217\u97e6\u6c0f\u786c\u5ea6\u8ba1.jpg\" \/>\n\t<meta property=\"og:image:width\" content=\"467\" \/>\n\t<meta property=\"og:image:height\" content=\"467\" \/>\n\t<meta property=\"og:image:type\" content=\"image\/jpeg\" \/>\n<meta name=\"twitter:card\" content=\"summary_large_image\" \/>\n<meta name=\"twitter:label1\" content=\"Tiempo de lectura\" \/>\n\t<meta name=\"twitter:data1\" content=\"1 minuto\" \/>\n<script type=\"application\/ld+json\" class=\"yoast-schema-graph\">{\"@context\":\"https:\\\/\\\/schema.org\",\"@graph\":[{\"@type\":\"WebPage\",\"@id\":\"https:\\\/\\\/hardnesstests.com\\\/product\\\/w-b92-series-webster-hardness-tester\\\/\",\"url\":\"https:\\\/\\\/hardnesstests.com\\\/product\\\/w-b92-series-webster-hardness-tester\\\/\",\"name\":\"W-B92 Series Webster Hardness Tester - hardnesstests\",\"isPartOf\":{\"@id\":\"https:\\\/\\\/hardnesstests.com\\\/tr\\\/#website\"},\"primaryImageOfPage\":{\"@id\":\"https:\\\/\\\/hardnesstests.com\\\/product\\\/w-b92-series-webster-hardness-tester\\\/#primaryimage\"},\"image\":{\"@id\":\"https:\\\/\\\/hardnesstests.com\\\/product\\\/w-b92-series-webster-hardness-tester\\\/#primaryimage\"},\"thumbnailUrl\":\"https:\\\/\\\/hardnesstests.com\\\/wp-content\\\/uploads\\\/2025\\\/11\\\/W-B92-B\u7cfb\u5217\u97e6\u6c0f\u786c\u5ea6\u8ba1.jpg\",\"datePublished\":\"2025-11-27T09:33:36+00:00\",\"dateModified\":\"2025-11-27T09:33:37+00:00\",\"breadcrumb\":{\"@id\":\"https:\\\/\\\/hardnesstests.com\\\/product\\\/w-b92-series-webster-hardness-tester\\\/#breadcrumb\"},\"inLanguage\":\"es\",\"potentialAction\":[{\"@type\":\"ReadAction\",\"target\":[\"https:\\\/\\\/hardnesstests.com\\\/product\\\/w-b92-series-webster-hardness-tester\\\/\"]}]},{\"@type\":\"ImageObject\",\"inLanguage\":\"es\",\"@id\":\"https:\\\/\\\/hardnesstests.com\\\/product\\\/w-b92-series-webster-hardness-tester\\\/#primaryimage\",\"url\":\"https:\\\/\\\/hardnesstests.com\\\/wp-content\\\/uploads\\\/2025\\\/11\\\/W-B92-B\u7cfb\u5217\u97e6\u6c0f\u786c\u5ea6\u8ba1.jpg\",\"contentUrl\":\"https:\\\/\\\/hardnesstests.com\\\/wp-content\\\/uploads\\\/2025\\\/11\\\/W-B92-B\u7cfb\u5217\u97e6\u6c0f\u786c\u5ea6\u8ba1.jpg\",\"width\":467,\"height\":467,\"caption\":\"W-B92 Series Webster Hardness Tester\"},{\"@type\":\"BreadcrumbList\",\"@id\":\"https:\\\/\\\/hardnesstests.com\\\/product\\\/w-b92-series-webster-hardness-tester\\\/#breadcrumb\",\"itemListElement\":[{\"@type\":\"ListItem\",\"position\":1,\"name\":\"\u9996\u9875\",\"item\":\"https:\\\/\\\/hardnesstests.com\\\/\"},{\"@type\":\"ListItem\",\"position\":2,\"name\":\"products\",\"item\":\"https:\\\/\\\/hardnesstests.com\\\/products\\\/\"},{\"@type\":\"ListItem\",\"position\":3,\"name\":\"W-B92 Series Webster Hardness Tester\"}]},{\"@type\":\"WebSite\",\"@id\":\"https:\\\/\\\/hardnesstests.com\\\/tr\\\/#website\",\"url\":\"https:\\\/\\\/hardnesstests.com\\\/tr\\\/\",\"name\":\"hardnesstests\",\"description\":\"\",\"publisher\":{\"@id\":\"https:\\\/\\\/hardnesstests.com\\\/tr\\\/#organization\"},\"potentialAction\":[{\"@type\":\"SearchAction\",\"target\":{\"@type\":\"EntryPoint\",\"urlTemplate\":\"https:\\\/\\\/hardnesstests.com\\\/tr\\\/?s={search_term_string}\"},\"query-input\":{\"@type\":\"PropertyValueSpecification\",\"valueRequired\":true,\"valueName\":\"search_term_string\"}}],\"inLanguage\":\"es\"},{\"@type\":\"Organization\",\"@id\":\"https:\\\/\\\/hardnesstests.com\\\/tr\\\/#organization\",\"name\":\"hardnesstests\",\"url\":\"https:\\\/\\\/hardnesstests.com\\\/tr\\\/\",\"logo\":{\"@type\":\"ImageObject\",\"inLanguage\":\"es\",\"@id\":\"https:\\\/\\\/hardnesstests.com\\\/tr\\\/#\\\/schema\\\/logo\\\/image\\\/\",\"url\":\"https:\\\/\\\/hardnesstests.com\\\/wp-content\\\/uploads\\\/2021\\\/08\\\/\u5fae\u4fe1\u56fe\u7247_20251029102004_335_1287.png\",\"contentUrl\":\"https:\\\/\\\/hardnesstests.com\\\/wp-content\\\/uploads\\\/2021\\\/08\\\/\u5fae\u4fe1\u56fe\u7247_20251029102004_335_1287.png\",\"width\":1308,\"height\":467,\"caption\":\"hardnesstests\"},\"image\":{\"@id\":\"https:\\\/\\\/hardnesstests.com\\\/tr\\\/#\\\/schema\\\/logo\\\/image\\\/\"}}]}<\/script>\n<!-- \/ Yoast SEO Premium plugin. -->","yoast_head_json":{"title":"W-B92 Series Webster Hardness Tester - hardnesstests","robots":{"index":"index","follow":"follow","max-snippet":"max-snippet:-1","max-image-preview":"max-image-preview:large","max-video-preview":"max-video-preview:-1"},"canonical":"https:\/\/hardnesstests.com\/es\/producto\/w-b92-series-webster-hardness-tester\/","og_locale":"es_ES","og_type":"article","og_title":"W-B92 Series Webster Hardness Tester","og_description":"The W-B92 Webster hardness tester is a portable hardness tester operated with one hand. It can be used for quick on-site testing of the hardness of mild steel materials such as low carbon steel and stainless steel. The test is fast and simple, and only one card is needed. The hardness value can be read directly.","og_url":"https:\/\/hardnesstests.com\/es\/producto\/w-b92-series-webster-hardness-tester\/","og_site_name":"hardnesstests","article_modified_time":"2025-11-27T09:33:37+00:00","og_image":[{"width":467,"height":467,"url":"https:\/\/hardnesstests.com\/wp-content\/uploads\/2025\/11\/W-B92-B\u7cfb\u5217\u97e6\u6c0f\u786c\u5ea6\u8ba1.jpg","type":"image\/jpeg"}],"twitter_card":"summary_large_image","twitter_misc":{"Tiempo de lectura":"1 minuto"},"schema":{"@context":"https:\/\/schema.org","@graph":[{"@type":"WebPage","@id":"https:\/\/hardnesstests.com\/product\/w-b92-series-webster-hardness-tester\/","url":"https:\/\/hardnesstests.com\/product\/w-b92-series-webster-hardness-tester\/","name":"W-B92 Series Webster Hardness Tester - hardnesstests","isPartOf":{"@id":"https:\/\/hardnesstests.com\/tr\/#website"},"primaryImageOfPage":{"@id":"https:\/\/hardnesstests.com\/product\/w-b92-series-webster-hardness-tester\/#primaryimage"},"image":{"@id":"https:\/\/hardnesstests.com\/product\/w-b92-series-webster-hardness-tester\/#primaryimage"},"thumbnailUrl":"https:\/\/hardnesstests.com\/wp-content\/uploads\/2025\/11\/W-B92-B\u7cfb\u5217\u97e6\u6c0f\u786c\u5ea6\u8ba1.jpg","datePublished":"2025-11-27T09:33:36+00:00","dateModified":"2025-11-27T09:33:37+00:00","breadcrumb":{"@id":"https:\/\/hardnesstests.com\/product\/w-b92-series-webster-hardness-tester\/#breadcrumb"},"inLanguage":"es","potentialAction":[{"@type":"ReadAction","target":["https:\/\/hardnesstests.com\/product\/w-b92-series-webster-hardness-tester\/"]}]},{"@type":"ImageObject","inLanguage":"es","@id":"https:\/\/hardnesstests.com\/product\/w-b92-series-webster-hardness-tester\/#primaryimage","url":"https:\/\/hardnesstests.com\/wp-content\/uploads\/2025\/11\/W-B92-B\u7cfb\u5217\u97e6\u6c0f\u786c\u5ea6\u8ba1.jpg","contentUrl":"https:\/\/hardnesstests.com\/wp-content\/uploads\/2025\/11\/W-B92-B\u7cfb\u5217\u97e6\u6c0f\u786c\u5ea6\u8ba1.jpg","width":467,"height":467,"caption":"W-B92 Series Webster Hardness Tester"},{"@type":"BreadcrumbList","@id":"https:\/\/hardnesstests.com\/product\/w-b92-series-webster-hardness-tester\/#breadcrumb","itemListElement":[{"@type":"ListItem","position":1,"name":"\u9996\u9875","item":"https:\/\/hardnesstests.com\/"},{"@type":"ListItem","position":2,"name":"products","item":"https:\/\/hardnesstests.com\/products\/"},{"@type":"ListItem","position":3,"name":"W-B92 Series Webster Hardness Tester"}]},{"@type":"WebSite","@id":"https:\/\/hardnesstests.com\/tr\/#website","url":"https:\/\/hardnesstests.com\/tr\/","name":"hardnesstests","description":"","publisher":{"@id":"https:\/\/hardnesstests.com\/tr\/#organization"},"potentialAction":[{"@type":"SearchAction","target":{"@type":"EntryPoint","urlTemplate":"https:\/\/hardnesstests.com\/tr\/?s={search_term_string}"},"query-input":{"@type":"PropertyValueSpecification","valueRequired":true,"valueName":"search_term_string"}}],"inLanguage":"es"},{"@type":"Organization","@id":"https:\/\/hardnesstests.com\/tr\/#organization","name":"hardnesstests","url":"https:\/\/hardnesstests.com\/tr\/","logo":{"@type":"ImageObject","inLanguage":"es","@id":"https:\/\/hardnesstests.com\/tr\/#\/schema\/logo\/image\/","url":"https:\/\/hardnesstests.com\/wp-content\/uploads\/2021\/08\/\u5fae\u4fe1\u56fe\u7247_20251029102004_335_1287.png","contentUrl":"https:\/\/hardnesstests.com\/wp-content\/uploads\/2021\/08\/\u5fae\u4fe1\u56fe\u7247_20251029102004_335_1287.png","width":1308,"height":467,"caption":"hardnesstests"},"image":{"@id":"https:\/\/hardnesstests.com\/tr\/#\/schema\/logo\/image\/"}}]}},"_links":{"self":[{"href":"https:\/\/hardnesstests.com\/es\/wp-json\/wp\/v2\/product\/29871","targetHints":{"allow":["GET"]}}],"collection":[{"href":"https:\/\/hardnesstests.com\/es\/wp-json\/wp\/v2\/product"}],"about":[{"href":"https:\/\/hardnesstests.com\/es\/wp-json\/wp\/v2\/types\/product"}],"replies":[{"embeddable":true,"href":"https:\/\/hardnesstests.com\/es\/wp-json\/wp\/v2\/comments?post=29871"}],"version-history":[{"count":1,"href":"https:\/\/hardnesstests.com\/es\/wp-json\/wp\/v2\/product\/29871\/revisions"}],"predecessor-version":[{"id":29873,"href":"https:\/\/hardnesstests.com\/es\/wp-json\/wp\/v2\/product\/29871\/revisions\/29873"}],"wp:featuredmedia":[{"embeddable":true,"href":"https:\/\/hardnesstests.com\/es\/wp-json\/wp\/v2\/media\/29872"}],"wp:attachment":[{"href":"https:\/\/hardnesstests.com\/es\/wp-json\/wp\/v2\/media?parent=29871"}],"wp:term":[{"taxonomy":"product_brand","embeddable":true,"href":"https:\/\/hardnesstests.com\/es\/wp-json\/wp\/v2\/product_brand?post=29871"},{"taxonomy":"product_cat","embeddable":true,"href":"https:\/\/hardnesstests.com\/es\/wp-json\/wp\/v2\/product_cat?post=29871"},{"taxonomy":"product_tag","embeddable":true,"href":"https:\/\/hardnesstests.com\/es\/wp-json\/wp\/v2\/product_tag?post=29871"}],"curies":[{"name":"wp","href":"https:\/\/api.w.org\/{rel}","templated":true}]}}