{"id":29868,"date":"2025-11-27T09:30:56","date_gmt":"2025-11-27T09:30:56","guid":{"rendered":"https:\/\/hardnesstests.com\/?post_type=product&#038;p=29868"},"modified":"2025-11-27T09:30:56","modified_gmt":"2025-11-27T09:30:56","slug":"w-b75-b-series-webster-hardness-tester","status":"publish","type":"product","link":"https:\/\/hardnesstests.com\/es\/producto\/w-b75-b-series-webster-hardness-tester\/","title":{"rendered":"Dur\u00f3metro Webster Serie W-B75\/B"},"content":{"rendered":"<h1 style=\"font-weight: 400;\"><strong>Principales funciones y caracter\u00edsticas<\/strong><strong>\uff1a<\/strong><\/h1>\n<ol>\n<li style=\"font-weight: 400;\">El dur\u00f3metro Webster es adecuado para probar perfiles, tuber\u00edas y placas, y es especialmente adecuado para la inspecci\u00f3n de calificaci\u00f3n r\u00e1pida y no destructiva de la dureza del producto en el sitio de producci\u00f3n, sitio de ventas o sitio de construcci\u00f3n. \uff1b<\/li>\n<li style=\"font-weight: 400;\">El bloque de dureza est\u00e1ndar se prueba con una m\u00e1quina de dureza est\u00e1ndar;<\/li>\n<li style=\"font-weight: 400;\">El valor de dureza Webster puede convertirse en valores de dureza Vickers, Rockwell, Brinell y resistencia a la tracci\u00f3n de uso com\u00fan;<\/li>\n<\/ol>\n<h1 style=\"font-weight: 400;\"><strong>Objetivo principal y \u00e1mbito de aplicaci\u00f3n<\/strong><strong>\uff1a<\/strong><\/h1>\n<ol>\n<li style=\"font-weight: 400;\">Determinar si la pieza tiene tratamiento t\u00e9rmico y comprobar el efecto del tratamiento t\u00e9rmico<\/li>\n<li style=\"font-weight: 400;\">Determinar si la pieza se procesa a partir de aleaciones inadecuadas.<\/li>\n<li style=\"font-weight: 400;\">Resulta inc\u00f3modo realizar pruebas en piezas o conjuntos largos y pesados que no se pueden enviar al laboratorio.<\/li>\n<li style=\"font-weight: 400;\">Se utiliza para la inspecci\u00f3n de la producci\u00f3n, la inspecci\u00f3n de aceptaci\u00f3n y la inspecci\u00f3n de supervisi\u00f3n de la calidad<\/li>\n<\/ol>\n<h1 style=\"font-weight: 400;\"><strong>Principales par\u00e1metros t\u00e9cnicos<\/strong><strong>\uff1a<\/strong><\/h1>\n<ol>\n<li style=\"font-weight: 400;\">Cantidad Proceso: 0-20HW<\/li>\n<li style=\"font-weight: 400;\">Precisi\u00f3n: 0,5HW<\/li>\n<li style=\"font-weight: 400;\">Rango de medici\u00f3n: equivalente a una dureza Rockwell de 63\uff5e105HRF;<\/li>\n<\/ol>\n<h1 style=\"font-weight: 400;\"><strong>W-BB75\/BSelecci\u00f3n del dur\u00f3metro de la serie Webster:<\/strong><\/h1>\n<table>\n<tbody>\n<tr>\n<td width=\"75\"><strong>modelo<\/strong><\/td>\n<td width=\"196\"><strong>Tama\u00f1o\/di\u00e1metro de la muestra mm<\/strong><\/td>\n<td width=\"93\"><strong>Peso neto Kg<\/strong><\/td>\n<td width=\"80\"><strong>Peso total Kg<\/strong><\/td>\n<td width=\"114\"><strong>Tama\u00f1o del embalaje mm<\/strong><\/td>\n<\/tr>\n<tr>\n<td width=\"75\"><strong>W-B75<\/strong><\/td>\n<td width=\"196\">Placas con espesor \u22646, tubos con di\u00e1metro interior del perfil \u226510<\/td>\n<td width=\"93\">0.5<\/td>\n<td width=\"80\">1.1<\/td>\n<td width=\"114\">280\u00d7230\u00d780<\/td>\n<\/tr>\n<tr>\n<td width=\"75\"><strong>W-B75B<\/strong><\/td>\n<td width=\"196\">Placas con espesor \u22648, tubos con di\u00e1metro interior del perfil \u22656<\/td>\n<td width=\"93\">0.5<\/td>\n<td width=\"80\">1.1<\/td>\n<td width=\"114\">280\u00d7230\u00d780<\/td>\n<\/tr>\n<\/tbody>\n<\/table>\n<h1 style=\"font-weight: 400;\"><strong>Configuraci\u00f3n est\u00e1ndar<\/strong><strong>\uff1a<\/strong><\/h1>\n<table>\n<tbody>\n<tr>\n<td width=\"104\">Anfitri\u00f3n<\/td>\n<td width=\"104\">1<\/td>\n<td width=\"104\">Bloque de dureza est\u00e1ndar<\/td>\n<td width=\"104\">1<\/td>\n<\/tr>\n<tr>\n<td width=\"104\">Penetrador de repuesto<\/td>\n<td width=\"104\">1<\/td>\n<td width=\"104\">Llave de correcci\u00f3n<\/td>\n<td width=\"104\">1<\/td>\n<\/tr>\n<tr>\n<td width=\"104\">Destornillador peque\u00f1o<\/td>\n<td width=\"104\">1<\/td>\n<td width=\"104\">Caja de instrumentos<\/td>\n<td width=\"104\">1<\/td>\n<\/tr>\n<\/tbody>\n<\/table>\n<h1 style=\"font-weight: 400;\"><strong>Accesorios opcionales para el dur\u00f3metro Webster:<\/strong><\/h1>\n<ol>\n<li style=\"font-weight: 400;\">Aguja de presi\u00f3n<\/li>\n<li style=\"font-weight: 400;\">Bloque de dureza est\u00e1ndar<\/li>\n<\/ol>","protected":false},"excerpt":{"rendered":"<p>El Dur\u00f3metro Webster W-B75\/B es un dur\u00f3metro port\u00e1til de una sola mano, que se puede utilizar para probar r\u00e1pidamente la dureza del lat\u00f3n blando y otros materiales in situ. La prueba es r\u00e1pida y sencilla, con una tarjeta, y el valor de dureza se puede leer directamente.<\/p>","protected":false},"featured_media":29869,"comment_status":"open","ping_status":"closed","template":"","meta":[],"product_brand":[],"product_cat":[70,77],"product_tag":[112],"class_list":{"0":"post-29868","1":"product","2":"type-product","3":"status-publish","4":"has-post-thumbnail","6":"product_cat-hardness-tester","7":"product_cat-webster-hardness-tester","8":"product_tag-webster-hardness-tester","10":"first","11":"instock","12":"shipping-taxable","13":"product-type-simple"},"yoast_head":"<!-- This site is optimized with the Yoast SEO Premium plugin v25.4 (Yoast SEO v27.4) - https:\/\/yoast.com\/product\/yoast-seo-premium-wordpress\/ -->\n<title>W-B75\/B Series Webster Hardness Tester - hardnesstests<\/title>\n<meta name=\"robots\" content=\"index, follow, max-snippet:-1, max-image-preview:large, max-video-preview:-1\" \/>\n<link rel=\"canonical\" href=\"https:\/\/hardnesstests.com\/es\/producto\/w-b75-b-series-webster-hardness-tester\/\" \/>\n<meta property=\"og:locale\" content=\"es_ES\" \/>\n<meta property=\"og:type\" content=\"article\" \/>\n<meta property=\"og:title\" content=\"W-B75\/B Series Webster Hardness Tester\" \/>\n<meta property=\"og:description\" content=\"W-B75\/B Webster Hardness Tester is a portable one-handed hardness tester, which can be used to quickly test the hardness of soft brass and other materials on site. The test is quick and simple, with one card, and the hardness value can be read directly.\" \/>\n<meta property=\"og:url\" content=\"https:\/\/hardnesstests.com\/es\/producto\/w-b75-b-series-webster-hardness-tester\/\" \/>\n<meta property=\"og:site_name\" content=\"hardnesstests\" \/>\n<meta property=\"og:image\" content=\"https:\/\/hardnesstests.com\/wp-content\/uploads\/2025\/11\/W-B75-B\u7cfb\u5217\u97e6\u6c0f\u786c\u5ea6\u8ba1.jpg\" \/>\n\t<meta property=\"og:image:width\" content=\"550\" \/>\n\t<meta property=\"og:image:height\" content=\"550\" \/>\n\t<meta property=\"og:image:type\" content=\"image\/jpeg\" \/>\n<meta name=\"twitter:card\" content=\"summary_large_image\" \/>\n<meta name=\"twitter:label1\" content=\"Tiempo de lectura\" \/>\n\t<meta name=\"twitter:data1\" content=\"1 minuto\" \/>\n<script type=\"application\/ld+json\" class=\"yoast-schema-graph\">{\"@context\":\"https:\\\/\\\/schema.org\",\"@graph\":[{\"@type\":\"WebPage\",\"@id\":\"https:\\\/\\\/hardnesstests.com\\\/product\\\/w-b75-b-series-webster-hardness-tester\\\/\",\"url\":\"https:\\\/\\\/hardnesstests.com\\\/product\\\/w-b75-b-series-webster-hardness-tester\\\/\",\"name\":\"W-B75\\\/B Series Webster Hardness Tester - hardnesstests\",\"isPartOf\":{\"@id\":\"https:\\\/\\\/hardnesstests.com\\\/tr\\\/#website\"},\"primaryImageOfPage\":{\"@id\":\"https:\\\/\\\/hardnesstests.com\\\/product\\\/w-b75-b-series-webster-hardness-tester\\\/#primaryimage\"},\"image\":{\"@id\":\"https:\\\/\\\/hardnesstests.com\\\/product\\\/w-b75-b-series-webster-hardness-tester\\\/#primaryimage\"},\"thumbnailUrl\":\"https:\\\/\\\/hardnesstests.com\\\/wp-content\\\/uploads\\\/2025\\\/11\\\/W-B75-B\u7cfb\u5217\u97e6\u6c0f\u786c\u5ea6\u8ba1.jpg\",\"datePublished\":\"2025-11-27T09:30:56+00:00\",\"breadcrumb\":{\"@id\":\"https:\\\/\\\/hardnesstests.com\\\/product\\\/w-b75-b-series-webster-hardness-tester\\\/#breadcrumb\"},\"inLanguage\":\"es\",\"potentialAction\":[{\"@type\":\"ReadAction\",\"target\":[\"https:\\\/\\\/hardnesstests.com\\\/product\\\/w-b75-b-series-webster-hardness-tester\\\/\"]}]},{\"@type\":\"ImageObject\",\"inLanguage\":\"es\",\"@id\":\"https:\\\/\\\/hardnesstests.com\\\/product\\\/w-b75-b-series-webster-hardness-tester\\\/#primaryimage\",\"url\":\"https:\\\/\\\/hardnesstests.com\\\/wp-content\\\/uploads\\\/2025\\\/11\\\/W-B75-B\u7cfb\u5217\u97e6\u6c0f\u786c\u5ea6\u8ba1.jpg\",\"contentUrl\":\"https:\\\/\\\/hardnesstests.com\\\/wp-content\\\/uploads\\\/2025\\\/11\\\/W-B75-B\u7cfb\u5217\u97e6\u6c0f\u786c\u5ea6\u8ba1.jpg\",\"width\":550,\"height\":550,\"caption\":\"W-B75\\\/B Series Webster Hardness Tester\"},{\"@type\":\"BreadcrumbList\",\"@id\":\"https:\\\/\\\/hardnesstests.com\\\/product\\\/w-b75-b-series-webster-hardness-tester\\\/#breadcrumb\",\"itemListElement\":[{\"@type\":\"ListItem\",\"position\":1,\"name\":\"\u9996\u9875\",\"item\":\"https:\\\/\\\/hardnesstests.com\\\/\"},{\"@type\":\"ListItem\",\"position\":2,\"name\":\"products\",\"item\":\"https:\\\/\\\/hardnesstests.com\\\/products\\\/\"},{\"@type\":\"ListItem\",\"position\":3,\"name\":\"W-B75\\\/B Series Webster Hardness Tester\"}]},{\"@type\":\"WebSite\",\"@id\":\"https:\\\/\\\/hardnesstests.com\\\/tr\\\/#website\",\"url\":\"https:\\\/\\\/hardnesstests.com\\\/tr\\\/\",\"name\":\"hardnesstests\",\"description\":\"\",\"publisher\":{\"@id\":\"https:\\\/\\\/hardnesstests.com\\\/tr\\\/#organization\"},\"potentialAction\":[{\"@type\":\"SearchAction\",\"target\":{\"@type\":\"EntryPoint\",\"urlTemplate\":\"https:\\\/\\\/hardnesstests.com\\\/tr\\\/?s={search_term_string}\"},\"query-input\":{\"@type\":\"PropertyValueSpecification\",\"valueRequired\":true,\"valueName\":\"search_term_string\"}}],\"inLanguage\":\"es\"},{\"@type\":\"Organization\",\"@id\":\"https:\\\/\\\/hardnesstests.com\\\/tr\\\/#organization\",\"name\":\"hardnesstests\",\"url\":\"https:\\\/\\\/hardnesstests.com\\\/tr\\\/\",\"logo\":{\"@type\":\"ImageObject\",\"inLanguage\":\"es\",\"@id\":\"https:\\\/\\\/hardnesstests.com\\\/tr\\\/#\\\/schema\\\/logo\\\/image\\\/\",\"url\":\"https:\\\/\\\/hardnesstests.com\\\/wp-content\\\/uploads\\\/2021\\\/08\\\/\u5fae\u4fe1\u56fe\u7247_20251029102004_335_1287.png\",\"contentUrl\":\"https:\\\/\\\/hardnesstests.com\\\/wp-content\\\/uploads\\\/2021\\\/08\\\/\u5fae\u4fe1\u56fe\u7247_20251029102004_335_1287.png\",\"width\":1308,\"height\":467,\"caption\":\"hardnesstests\"},\"image\":{\"@id\":\"https:\\\/\\\/hardnesstests.com\\\/tr\\\/#\\\/schema\\\/logo\\\/image\\\/\"}}]}<\/script>\n<!-- \/ Yoast SEO Premium plugin. -->","yoast_head_json":{"title":"W-B75\/B Series Webster Hardness Tester - hardnesstests","robots":{"index":"index","follow":"follow","max-snippet":"max-snippet:-1","max-image-preview":"max-image-preview:large","max-video-preview":"max-video-preview:-1"},"canonical":"https:\/\/hardnesstests.com\/es\/producto\/w-b75-b-series-webster-hardness-tester\/","og_locale":"es_ES","og_type":"article","og_title":"W-B75\/B Series Webster Hardness Tester","og_description":"W-B75\/B Webster Hardness Tester is a portable one-handed hardness tester, which can be used to quickly test the hardness of soft brass and other materials on site. The test is quick and simple, with one card, and the hardness value can be read directly.","og_url":"https:\/\/hardnesstests.com\/es\/producto\/w-b75-b-series-webster-hardness-tester\/","og_site_name":"hardnesstests","og_image":[{"width":550,"height":550,"url":"https:\/\/hardnesstests.com\/wp-content\/uploads\/2025\/11\/W-B75-B\u7cfb\u5217\u97e6\u6c0f\u786c\u5ea6\u8ba1.jpg","type":"image\/jpeg"}],"twitter_card":"summary_large_image","twitter_misc":{"Tiempo de lectura":"1 minuto"},"schema":{"@context":"https:\/\/schema.org","@graph":[{"@type":"WebPage","@id":"https:\/\/hardnesstests.com\/product\/w-b75-b-series-webster-hardness-tester\/","url":"https:\/\/hardnesstests.com\/product\/w-b75-b-series-webster-hardness-tester\/","name":"W-B75\/B Series Webster Hardness Tester - hardnesstests","isPartOf":{"@id":"https:\/\/hardnesstests.com\/tr\/#website"},"primaryImageOfPage":{"@id":"https:\/\/hardnesstests.com\/product\/w-b75-b-series-webster-hardness-tester\/#primaryimage"},"image":{"@id":"https:\/\/hardnesstests.com\/product\/w-b75-b-series-webster-hardness-tester\/#primaryimage"},"thumbnailUrl":"https:\/\/hardnesstests.com\/wp-content\/uploads\/2025\/11\/W-B75-B\u7cfb\u5217\u97e6\u6c0f\u786c\u5ea6\u8ba1.jpg","datePublished":"2025-11-27T09:30:56+00:00","breadcrumb":{"@id":"https:\/\/hardnesstests.com\/product\/w-b75-b-series-webster-hardness-tester\/#breadcrumb"},"inLanguage":"es","potentialAction":[{"@type":"ReadAction","target":["https:\/\/hardnesstests.com\/product\/w-b75-b-series-webster-hardness-tester\/"]}]},{"@type":"ImageObject","inLanguage":"es","@id":"https:\/\/hardnesstests.com\/product\/w-b75-b-series-webster-hardness-tester\/#primaryimage","url":"https:\/\/hardnesstests.com\/wp-content\/uploads\/2025\/11\/W-B75-B\u7cfb\u5217\u97e6\u6c0f\u786c\u5ea6\u8ba1.jpg","contentUrl":"https:\/\/hardnesstests.com\/wp-content\/uploads\/2025\/11\/W-B75-B\u7cfb\u5217\u97e6\u6c0f\u786c\u5ea6\u8ba1.jpg","width":550,"height":550,"caption":"W-B75\/B Series Webster Hardness Tester"},{"@type":"BreadcrumbList","@id":"https:\/\/hardnesstests.com\/product\/w-b75-b-series-webster-hardness-tester\/#breadcrumb","itemListElement":[{"@type":"ListItem","position":1,"name":"\u9996\u9875","item":"https:\/\/hardnesstests.com\/"},{"@type":"ListItem","position":2,"name":"products","item":"https:\/\/hardnesstests.com\/products\/"},{"@type":"ListItem","position":3,"name":"W-B75\/B Series Webster Hardness Tester"}]},{"@type":"WebSite","@id":"https:\/\/hardnesstests.com\/tr\/#website","url":"https:\/\/hardnesstests.com\/tr\/","name":"hardnesstests","description":"","publisher":{"@id":"https:\/\/hardnesstests.com\/tr\/#organization"},"potentialAction":[{"@type":"SearchAction","target":{"@type":"EntryPoint","urlTemplate":"https:\/\/hardnesstests.com\/tr\/?s={search_term_string}"},"query-input":{"@type":"PropertyValueSpecification","valueRequired":true,"valueName":"search_term_string"}}],"inLanguage":"es"},{"@type":"Organization","@id":"https:\/\/hardnesstests.com\/tr\/#organization","name":"hardnesstests","url":"https:\/\/hardnesstests.com\/tr\/","logo":{"@type":"ImageObject","inLanguage":"es","@id":"https:\/\/hardnesstests.com\/tr\/#\/schema\/logo\/image\/","url":"https:\/\/hardnesstests.com\/wp-content\/uploads\/2021\/08\/\u5fae\u4fe1\u56fe\u7247_20251029102004_335_1287.png","contentUrl":"https:\/\/hardnesstests.com\/wp-content\/uploads\/2021\/08\/\u5fae\u4fe1\u56fe\u7247_20251029102004_335_1287.png","width":1308,"height":467,"caption":"hardnesstests"},"image":{"@id":"https:\/\/hardnesstests.com\/tr\/#\/schema\/logo\/image\/"}}]}},"_links":{"self":[{"href":"https:\/\/hardnesstests.com\/es\/wp-json\/wp\/v2\/product\/29868","targetHints":{"allow":["GET"]}}],"collection":[{"href":"https:\/\/hardnesstests.com\/es\/wp-json\/wp\/v2\/product"}],"about":[{"href":"https:\/\/hardnesstests.com\/es\/wp-json\/wp\/v2\/types\/product"}],"replies":[{"embeddable":true,"href":"https:\/\/hardnesstests.com\/es\/wp-json\/wp\/v2\/comments?post=29868"}],"version-history":[{"count":1,"href":"https:\/\/hardnesstests.com\/es\/wp-json\/wp\/v2\/product\/29868\/revisions"}],"predecessor-version":[{"id":29870,"href":"https:\/\/hardnesstests.com\/es\/wp-json\/wp\/v2\/product\/29868\/revisions\/29870"}],"wp:featuredmedia":[{"embeddable":true,"href":"https:\/\/hardnesstests.com\/es\/wp-json\/wp\/v2\/media\/29869"}],"wp:attachment":[{"href":"https:\/\/hardnesstests.com\/es\/wp-json\/wp\/v2\/media?parent=29868"}],"wp:term":[{"taxonomy":"product_brand","embeddable":true,"href":"https:\/\/hardnesstests.com\/es\/wp-json\/wp\/v2\/product_brand?post=29868"},{"taxonomy":"product_cat","embeddable":true,"href":"https:\/\/hardnesstests.com\/es\/wp-json\/wp\/v2\/product_cat?post=29868"},{"taxonomy":"product_tag","embeddable":true,"href":"https:\/\/hardnesstests.com\/es\/wp-json\/wp\/v2\/product_tag?post=29868"}],"curies":[{"name":"wp","href":"https:\/\/api.w.org\/{rel}","templated":true}]}}