{"id":29857,"date":"2025-11-27T09:21:02","date_gmt":"2025-11-27T09:21:02","guid":{"rendered":"https:\/\/hardnesstests.com\/?post_type=product&#038;p=29857"},"modified":"2025-11-27T09:21:02","modified_gmt":"2025-11-27T09:21:02","slug":"xq-1t-semi-automatic-metallographic-specimen-mounting-machine","status":"publish","type":"product","link":"https:\/\/hardnesstests.com\/es\/producto\/xq-1t-semi-automatic-metallographic-specimen-mounting-machine\/","title":{"rendered":"M\u00e1quina semiautom\u00e1tica de montaje de probetas metalogr\u00e1ficas XQ-1T"},"content":{"rendered":"<h1><strong> Principales funciones y caracter\u00edsticas<\/strong><\/h1>\n<ol>\n<li>The shell is made of SPCC, with a novel appearance, high-end atmosphere and class.<\/li>\n<li>Control de pantalla t\u00e1ctil, interfaz clara e intuitiva, f\u00e1cil de manejar.<\/li>\n<li>Adopta presurizaci\u00f3n de transmisi\u00f3n mec\u00e1nica de precisi\u00f3n, duradera.<\/li>\n<li>The whole process is semi-automatic closed-loop control, and the touch screen operation is more intuitive and convenient.<\/li>\n<li>With built-in cooling system, faster cooling and higher inlay efficiency.<\/li>\n<li>Existe una gran variedad de especificaciones de moldes, y se pueden personalizar moldes especiales seg\u00fan las necesidades del cliente.<\/li>\n<li>It can be DIY operated according to customer needs, which is more flexible and convenient to use.<\/li>\n<li>More than 100 sets of inlay process formulas can be stored, which is convenient for quick call and serial production.<\/li>\n<li>It can meet various customized needs of customers according to customer needs, and provide all-round one-stop service.<\/li>\n<li>El programa tiene incorporado un algoritmo inteligente, y se puede seleccionar el modo de tiempo y el modo de temperatura (especialmente para los usuarios noveles).<\/li>\n<li>Optional chiller to realize refrigeration cycle to solve the faucet constraint. (Optional)<\/li>\n<\/ol>\n<h1><strong>Technical parameters<\/strong><\/h1>\n<table width=\"558\">\n<tbody>\n<tr>\n<td width=\"151\">Nombre<\/td>\n<td width=\"406\">Parameters<\/td>\n<\/tr>\n<tr>\n<td width=\"151\">Especificaciones del molde<\/td>\n<td width=\"406\">Standard\u00a0\u03c630 (optional:\u00a0\u03c622,\u00a0\u03c645), special customization available<\/td>\n<\/tr>\n<tr>\n<td width=\"151\">Effective depth of mold<\/td>\n<td width=\"406\">35mm<\/td>\n<\/tr>\n<tr>\n<td width=\"151\">Potencia calor\u00edfica<\/td>\n<td width=\"406\">500W<\/td>\n<\/tr>\n<tr>\n<td width=\"151\">Force method<\/td>\n<td width=\"406\">Manual mechanical pressurization<\/td>\n<\/tr>\n<tr>\n<td width=\"151\">Rango de ajuste de la temperatura<\/td>\n<td width=\"406\">0-190 degrees Celsius<\/td>\n<\/tr>\n<tr>\n<td width=\"151\">Rango de ajuste del aislamiento<\/td>\n<td width=\"406\">0-99 minutos<\/td>\n<\/tr>\n<tr>\n<td width=\"151\">Rango de ajuste de refrigeraci\u00f3n<\/td>\n<td width=\"406\">0-99 minutos<\/td>\n<\/tr>\n<tr>\n<td width=\"151\">Cooling method<\/td>\n<td width=\"406\">Water cooling<\/td>\n<\/tr>\n<tr>\n<td width=\"151\">Suitable inlay materials<\/td>\n<td width=\"406\">Thermosetting<\/td>\n<\/tr>\n<tr>\n<td width=\"151\">Inlay process formula<\/td>\n<td width=\"406\">100 sets<\/td>\n<\/tr>\n<tr>\n<td width=\"151\">Alimentaci\u00f3n<\/td>\n<td width=\"406\">Voltaje: 220V Frecuencia: 50HZ<\/td>\n<\/tr>\n<tr>\n<td width=\"151\">Potencia total<\/td>\n<td width=\"406\">600W<\/td>\n<\/tr>\n<tr>\n<td width=\"151\">Dimensiones<\/td>\n<td width=\"406\">270X380X450<\/td>\n<\/tr>\n<tr>\n<td width=\"151\">Peso<\/td>\n<td width=\"406\">40KG<\/td>\n<\/tr>\n<\/tbody>\n<\/table>\n<h1 style=\"font-weight: 400;\"><strong>Configuration List<\/strong><\/h1>\n<table width=\"574\">\n<tbody>\n<tr>\n<td width=\"168\">Product accessories<\/td>\n<td width=\"159\">unit<\/td>\n<td width=\"115\">Quantity<\/td>\n<td width=\"132\">Note<\/td>\n<\/tr>\n<tr>\n<td width=\"168\">\u03a630 montaje del molde<\/td>\n<td width=\"159\">1<\/td>\n<td width=\"115\">pieces<\/td>\n<td width=\"132\">Installed on the device<\/td>\n<\/tr>\n<tr>\n<td width=\"168\">Material de incrustaci\u00f3n (negro)<\/td>\n<td width=\"159\">100<\/td>\n<td width=\"115\">grams<\/td>\n<td width=\"132\">&nbsp;<\/td>\n<\/tr>\n<tr>\n<td width=\"168\">Cuchara<\/td>\n<td width=\"159\">1<\/td>\n<td width=\"115\">pieces<\/td>\n<td width=\"132\">&nbsp;<\/td>\n<\/tr>\n<tr>\n<td width=\"168\">Embudo<\/td>\n<td width=\"159\">1<\/td>\n<td width=\"115\">pieces<\/td>\n<td width=\"132\">&nbsp;<\/td>\n<\/tr>\n<tr>\n<td width=\"168\">Tubo de entrada de agua<\/td>\n<td width=\"159\">1<\/td>\n<td width=\"115\">roots<\/td>\n<td width=\"132\">6 points interface<\/td>\n<\/tr>\n<tr>\n<td width=\"168\">Tubo de salida de agua<\/td>\n<td width=\"159\">1<\/td>\n<td width=\"115\">roots<\/td>\n<td width=\"132\">\u03a632<\/td>\n<\/tr>\n<tr>\n<td width=\"168\">Documentos t\u00e9cnicos<\/td>\n<td colspan=\"3\" width=\"406\">1 copia del manual del producto 1 copia del certificado del producto<\/td>\n<\/tr>\n<\/tbody>\n<\/table>","protected":false},"excerpt":{"rendered":"<p>The XQ-1T semi-automatic metallographic specimen embedding machine is used to embed and shape small or irregular shaped specimens that are not easy to hold by hand with thermosetting plastics. It is also an essential pre-process for grinding and polishing. After embedding, its external dimensions are fixed and uniform, which is convenient for hand holding or subsequent fully automatic grinding and polishing (it can be used together with our company&#8217;s automatic grinding and polishing machine for better results). It is particularly suitable for specimens that need to protect the edges or need to be automatically polished. Embedding the specimen is an essential process. It is especially suitable for metallographic laboratories in factories, colleges and universities, and scientific research institutions. It is an excellent choice for metallographic specimen embedding.<\/p>","protected":false},"featured_media":29858,"comment_status":"open","ping_status":"closed","template":"","meta":[],"product_brand":[],"product_cat":[95,81],"product_tag":[111],"class_list":{"0":"post-29857","1":"product","2":"type-product","3":"status-publish","4":"has-post-thumbnail","6":"product_cat-metallographic-mounting-machine","7":"product_cat-sample-preparation-and-analysis","8":"product_tag-metallographic-mounting-machine","10":"first","11":"instock","12":"shipping-taxable","13":"product-type-simple"},"yoast_head":"<!-- This site is optimized with the Yoast SEO Premium plugin v25.4 (Yoast SEO v27.4) - https:\/\/yoast.com\/product\/yoast-seo-premium-wordpress\/ -->\n<title>XQ-1T Semi-automatic Metallographic Specimen Mounting Machine - hardnesstests<\/title>\n<meta name=\"robots\" content=\"index, follow, max-snippet:-1, max-image-preview:large, max-video-preview:-1\" \/>\n<link rel=\"canonical\" href=\"https:\/\/hardnesstests.com\/es\/producto\/xq-1t-semi-automatic-metallographic-specimen-mounting-machine\/\" \/>\n<meta property=\"og:locale\" content=\"es_ES\" \/>\n<meta property=\"og:type\" content=\"article\" \/>\n<meta property=\"og:title\" content=\"XQ-1T Semi-automatic Metallographic Specimen Mounting Machine\" \/>\n<meta property=\"og:description\" content=\"The XQ-1T semi-automatic metallographic specimen embedding machine is used to embed and shape small or irregular shaped specimens that are not easy to hold by hand with thermosetting plastics. It is also an essential pre-process for grinding and polishing. After embedding, its external dimensions are fixed and uniform, which is convenient for hand holding or subsequent fully automatic grinding and polishing (it can be used together with our company&#039;s automatic grinding and polishing machine for better results). It is particularly suitable for specimens that need to protect the edges or need to be automatically polished. Embedding the specimen is an essential process. It is especially suitable for metallographic laboratories in factories, colleges and universities, and scientific research institutions. It is an excellent choice for metallographic specimen embedding.\" \/>\n<meta property=\"og:url\" content=\"https:\/\/hardnesstests.com\/es\/producto\/xq-1t-semi-automatic-metallographic-specimen-mounting-machine\/\" \/>\n<meta property=\"og:site_name\" content=\"hardnesstests\" \/>\n<meta property=\"og:image\" content=\"https:\/\/hardnesstests.com\/wp-content\/uploads\/2025\/11\/XQ-1T-\u534a\u81ea\u52a8\u91d1\u76f8\u8bd5\u6837\u9576\u5d4c\u673a.jpg\" \/>\n\t<meta property=\"og:image:width\" content=\"800\" \/>\n\t<meta property=\"og:image:height\" content=\"800\" \/>\n\t<meta property=\"og:image:type\" content=\"image\/jpeg\" \/>\n<meta name=\"twitter:card\" content=\"summary_large_image\" \/>\n<meta name=\"twitter:label1\" content=\"Tiempo de lectura\" \/>\n\t<meta name=\"twitter:data1\" content=\"1 minuto\" \/>\n<script type=\"application\/ld+json\" class=\"yoast-schema-graph\">{\"@context\":\"https:\\\/\\\/schema.org\",\"@graph\":[{\"@type\":\"WebPage\",\"@id\":\"https:\\\/\\\/hardnesstests.com\\\/product\\\/xq-1t-semi-automatic-metallographic-specimen-mounting-machine\\\/\",\"url\":\"https:\\\/\\\/hardnesstests.com\\\/product\\\/xq-1t-semi-automatic-metallographic-specimen-mounting-machine\\\/\",\"name\":\"XQ-1T Semi-automatic Metallographic Specimen Mounting Machine - hardnesstests\",\"isPartOf\":{\"@id\":\"https:\\\/\\\/hardnesstests.com\\\/tr\\\/#website\"},\"primaryImageOfPage\":{\"@id\":\"https:\\\/\\\/hardnesstests.com\\\/product\\\/xq-1t-semi-automatic-metallographic-specimen-mounting-machine\\\/#primaryimage\"},\"image\":{\"@id\":\"https:\\\/\\\/hardnesstests.com\\\/product\\\/xq-1t-semi-automatic-metallographic-specimen-mounting-machine\\\/#primaryimage\"},\"thumbnailUrl\":\"https:\\\/\\\/hardnesstests.com\\\/wp-content\\\/uploads\\\/2025\\\/11\\\/XQ-1T-\u534a\u81ea\u52a8\u91d1\u76f8\u8bd5\u6837\u9576\u5d4c\u673a.jpg\",\"datePublished\":\"2025-11-27T09:21:02+00:00\",\"breadcrumb\":{\"@id\":\"https:\\\/\\\/hardnesstests.com\\\/product\\\/xq-1t-semi-automatic-metallographic-specimen-mounting-machine\\\/#breadcrumb\"},\"inLanguage\":\"es\",\"potentialAction\":[{\"@type\":\"ReadAction\",\"target\":[\"https:\\\/\\\/hardnesstests.com\\\/product\\\/xq-1t-semi-automatic-metallographic-specimen-mounting-machine\\\/\"]}]},{\"@type\":\"ImageObject\",\"inLanguage\":\"es\",\"@id\":\"https:\\\/\\\/hardnesstests.com\\\/product\\\/xq-1t-semi-automatic-metallographic-specimen-mounting-machine\\\/#primaryimage\",\"url\":\"https:\\\/\\\/hardnesstests.com\\\/wp-content\\\/uploads\\\/2025\\\/11\\\/XQ-1T-\u534a\u81ea\u52a8\u91d1\u76f8\u8bd5\u6837\u9576\u5d4c\u673a.jpg\",\"contentUrl\":\"https:\\\/\\\/hardnesstests.com\\\/wp-content\\\/uploads\\\/2025\\\/11\\\/XQ-1T-\u534a\u81ea\u52a8\u91d1\u76f8\u8bd5\u6837\u9576\u5d4c\u673a.jpg\",\"width\":800,\"height\":800,\"caption\":\"XQ-1T Semi-automatic Metallographic Specimen Mounting Machine\"},{\"@type\":\"BreadcrumbList\",\"@id\":\"https:\\\/\\\/hardnesstests.com\\\/product\\\/xq-1t-semi-automatic-metallographic-specimen-mounting-machine\\\/#breadcrumb\",\"itemListElement\":[{\"@type\":\"ListItem\",\"position\":1,\"name\":\"\u9996\u9875\",\"item\":\"https:\\\/\\\/hardnesstests.com\\\/\"},{\"@type\":\"ListItem\",\"position\":2,\"name\":\"products\",\"item\":\"https:\\\/\\\/hardnesstests.com\\\/products\\\/\"},{\"@type\":\"ListItem\",\"position\":3,\"name\":\"XQ-1T Semi-automatic Metallographic Specimen Mounting Machine\"}]},{\"@type\":\"WebSite\",\"@id\":\"https:\\\/\\\/hardnesstests.com\\\/tr\\\/#website\",\"url\":\"https:\\\/\\\/hardnesstests.com\\\/tr\\\/\",\"name\":\"hardnesstests\",\"description\":\"\",\"publisher\":{\"@id\":\"https:\\\/\\\/hardnesstests.com\\\/tr\\\/#organization\"},\"potentialAction\":[{\"@type\":\"SearchAction\",\"target\":{\"@type\":\"EntryPoint\",\"urlTemplate\":\"https:\\\/\\\/hardnesstests.com\\\/tr\\\/?s={search_term_string}\"},\"query-input\":{\"@type\":\"PropertyValueSpecification\",\"valueRequired\":true,\"valueName\":\"search_term_string\"}}],\"inLanguage\":\"es\"},{\"@type\":\"Organization\",\"@id\":\"https:\\\/\\\/hardnesstests.com\\\/tr\\\/#organization\",\"name\":\"hardnesstests\",\"url\":\"https:\\\/\\\/hardnesstests.com\\\/tr\\\/\",\"logo\":{\"@type\":\"ImageObject\",\"inLanguage\":\"es\",\"@id\":\"https:\\\/\\\/hardnesstests.com\\\/tr\\\/#\\\/schema\\\/logo\\\/image\\\/\",\"url\":\"https:\\\/\\\/hardnesstests.com\\\/wp-content\\\/uploads\\\/2021\\\/08\\\/\u5fae\u4fe1\u56fe\u7247_20251029102004_335_1287.png\",\"contentUrl\":\"https:\\\/\\\/hardnesstests.com\\\/wp-content\\\/uploads\\\/2021\\\/08\\\/\u5fae\u4fe1\u56fe\u7247_20251029102004_335_1287.png\",\"width\":1308,\"height\":467,\"caption\":\"hardnesstests\"},\"image\":{\"@id\":\"https:\\\/\\\/hardnesstests.com\\\/tr\\\/#\\\/schema\\\/logo\\\/image\\\/\"}}]}<\/script>\n<!-- \/ Yoast SEO Premium plugin. -->","yoast_head_json":{"title":"XQ-1T Semi-automatic Metallographic Specimen Mounting Machine - hardnesstests","robots":{"index":"index","follow":"follow","max-snippet":"max-snippet:-1","max-image-preview":"max-image-preview:large","max-video-preview":"max-video-preview:-1"},"canonical":"https:\/\/hardnesstests.com\/es\/producto\/xq-1t-semi-automatic-metallographic-specimen-mounting-machine\/","og_locale":"es_ES","og_type":"article","og_title":"XQ-1T Semi-automatic Metallographic Specimen Mounting Machine","og_description":"The XQ-1T semi-automatic metallographic specimen embedding machine is used to embed and shape small or irregular shaped specimens that are not easy to hold by hand with thermosetting plastics. It is also an essential pre-process for grinding and polishing. After embedding, its external dimensions are fixed and uniform, which is convenient for hand holding or subsequent fully automatic grinding and polishing (it can be used together with our company's automatic grinding and polishing machine for better results). It is particularly suitable for specimens that need to protect the edges or need to be automatically polished. Embedding the specimen is an essential process. It is especially suitable for metallographic laboratories in factories, colleges and universities, and scientific research institutions. It is an excellent choice for metallographic specimen embedding.","og_url":"https:\/\/hardnesstests.com\/es\/producto\/xq-1t-semi-automatic-metallographic-specimen-mounting-machine\/","og_site_name":"hardnesstests","og_image":[{"width":800,"height":800,"url":"https:\/\/hardnesstests.com\/wp-content\/uploads\/2025\/11\/XQ-1T-\u534a\u81ea\u52a8\u91d1\u76f8\u8bd5\u6837\u9576\u5d4c\u673a.jpg","type":"image\/jpeg"}],"twitter_card":"summary_large_image","twitter_misc":{"Tiempo de lectura":"1 minuto"},"schema":{"@context":"https:\/\/schema.org","@graph":[{"@type":"WebPage","@id":"https:\/\/hardnesstests.com\/product\/xq-1t-semi-automatic-metallographic-specimen-mounting-machine\/","url":"https:\/\/hardnesstests.com\/product\/xq-1t-semi-automatic-metallographic-specimen-mounting-machine\/","name":"XQ-1T Semi-automatic Metallographic Specimen Mounting Machine - hardnesstests","isPartOf":{"@id":"https:\/\/hardnesstests.com\/tr\/#website"},"primaryImageOfPage":{"@id":"https:\/\/hardnesstests.com\/product\/xq-1t-semi-automatic-metallographic-specimen-mounting-machine\/#primaryimage"},"image":{"@id":"https:\/\/hardnesstests.com\/product\/xq-1t-semi-automatic-metallographic-specimen-mounting-machine\/#primaryimage"},"thumbnailUrl":"https:\/\/hardnesstests.com\/wp-content\/uploads\/2025\/11\/XQ-1T-\u534a\u81ea\u52a8\u91d1\u76f8\u8bd5\u6837\u9576\u5d4c\u673a.jpg","datePublished":"2025-11-27T09:21:02+00:00","breadcrumb":{"@id":"https:\/\/hardnesstests.com\/product\/xq-1t-semi-automatic-metallographic-specimen-mounting-machine\/#breadcrumb"},"inLanguage":"es","potentialAction":[{"@type":"ReadAction","target":["https:\/\/hardnesstests.com\/product\/xq-1t-semi-automatic-metallographic-specimen-mounting-machine\/"]}]},{"@type":"ImageObject","inLanguage":"es","@id":"https:\/\/hardnesstests.com\/product\/xq-1t-semi-automatic-metallographic-specimen-mounting-machine\/#primaryimage","url":"https:\/\/hardnesstests.com\/wp-content\/uploads\/2025\/11\/XQ-1T-\u534a\u81ea\u52a8\u91d1\u76f8\u8bd5\u6837\u9576\u5d4c\u673a.jpg","contentUrl":"https:\/\/hardnesstests.com\/wp-content\/uploads\/2025\/11\/XQ-1T-\u534a\u81ea\u52a8\u91d1\u76f8\u8bd5\u6837\u9576\u5d4c\u673a.jpg","width":800,"height":800,"caption":"XQ-1T Semi-automatic Metallographic Specimen Mounting Machine"},{"@type":"BreadcrumbList","@id":"https:\/\/hardnesstests.com\/product\/xq-1t-semi-automatic-metallographic-specimen-mounting-machine\/#breadcrumb","itemListElement":[{"@type":"ListItem","position":1,"name":"\u9996\u9875","item":"https:\/\/hardnesstests.com\/"},{"@type":"ListItem","position":2,"name":"products","item":"https:\/\/hardnesstests.com\/products\/"},{"@type":"ListItem","position":3,"name":"XQ-1T Semi-automatic Metallographic Specimen Mounting Machine"}]},{"@type":"WebSite","@id":"https:\/\/hardnesstests.com\/tr\/#website","url":"https:\/\/hardnesstests.com\/tr\/","name":"hardnesstests","description":"","publisher":{"@id":"https:\/\/hardnesstests.com\/tr\/#organization"},"potentialAction":[{"@type":"SearchAction","target":{"@type":"EntryPoint","urlTemplate":"https:\/\/hardnesstests.com\/tr\/?s={search_term_string}"},"query-input":{"@type":"PropertyValueSpecification","valueRequired":true,"valueName":"search_term_string"}}],"inLanguage":"es"},{"@type":"Organization","@id":"https:\/\/hardnesstests.com\/tr\/#organization","name":"hardnesstests","url":"https:\/\/hardnesstests.com\/tr\/","logo":{"@type":"ImageObject","inLanguage":"es","@id":"https:\/\/hardnesstests.com\/tr\/#\/schema\/logo\/image\/","url":"https:\/\/hardnesstests.com\/wp-content\/uploads\/2021\/08\/\u5fae\u4fe1\u56fe\u7247_20251029102004_335_1287.png","contentUrl":"https:\/\/hardnesstests.com\/wp-content\/uploads\/2021\/08\/\u5fae\u4fe1\u56fe\u7247_20251029102004_335_1287.png","width":1308,"height":467,"caption":"hardnesstests"},"image":{"@id":"https:\/\/hardnesstests.com\/tr\/#\/schema\/logo\/image\/"}}]}},"_links":{"self":[{"href":"https:\/\/hardnesstests.com\/es\/wp-json\/wp\/v2\/product\/29857","targetHints":{"allow":["GET"]}}],"collection":[{"href":"https:\/\/hardnesstests.com\/es\/wp-json\/wp\/v2\/product"}],"about":[{"href":"https:\/\/hardnesstests.com\/es\/wp-json\/wp\/v2\/types\/product"}],"replies":[{"embeddable":true,"href":"https:\/\/hardnesstests.com\/es\/wp-json\/wp\/v2\/comments?post=29857"}],"version-history":[{"count":1,"href":"https:\/\/hardnesstests.com\/es\/wp-json\/wp\/v2\/product\/29857\/revisions"}],"predecessor-version":[{"id":29859,"href":"https:\/\/hardnesstests.com\/es\/wp-json\/wp\/v2\/product\/29857\/revisions\/29859"}],"wp:featuredmedia":[{"embeddable":true,"href":"https:\/\/hardnesstests.com\/es\/wp-json\/wp\/v2\/media\/29858"}],"wp:attachment":[{"href":"https:\/\/hardnesstests.com\/es\/wp-json\/wp\/v2\/media?parent=29857"}],"wp:term":[{"taxonomy":"product_brand","embeddable":true,"href":"https:\/\/hardnesstests.com\/es\/wp-json\/wp\/v2\/product_brand?post=29857"},{"taxonomy":"product_cat","embeddable":true,"href":"https:\/\/hardnesstests.com\/es\/wp-json\/wp\/v2\/product_cat?post=29857"},{"taxonomy":"product_tag","embeddable":true,"href":"https:\/\/hardnesstests.com\/es\/wp-json\/wp\/v2\/product_tag?post=29857"}],"curies":[{"name":"wp","href":"https:\/\/api.w.org\/{rel}","templated":true}]}}