{"id":29848,"date":"2025-11-27T09:15:23","date_gmt":"2025-11-27T09:15:23","guid":{"rendered":"https:\/\/hardnesstests.com\/?post_type=product&#038;p=29848"},"modified":"2025-11-27T09:15:23","modified_gmt":"2025-11-27T09:15:23","slug":"metallographic-specimen-high-pressure-mounting-machine-cold-mountinghgxqz-1","status":"publish","type":"product","link":"https:\/\/hardnesstests.com\/es\/producto\/metallographic-specimen-high-pressure-mounting-machine-cold-mountinghgxqz-1\/","title":{"rendered":"M\u00e1quina de montaje a alta presi\u00f3n de muestras metalogr\u00e1ficas (montaje en fr\u00edo)HGXQZ-1"},"content":{"rendered":"<h1 style=\"font-weight: 400;\"><strong>Ventajas del producto:<\/strong><\/h1>\n<ol>\n<li style=\"font-weight: 400;\">The shell is made of SPCC, with a novel appearance and high-end atmosphere.<\/li>\n<li style=\"font-weight: 400;\">Control de pantalla t\u00e1ctil, interfaz clara e intuitiva, f\u00e1cil de manejar.<\/li>\n<li style=\"font-weight: 400;\">The internal integrated multiple explosion-proof system is safe and reliable.<\/li>\n<li style=\"font-weight: 400;\">Todo el proceso es totalmente autom\u00e1tico con control de bucle cerrado, y todos los procesos de incrustaci\u00f3n pueden completarse autom\u00e1ticamente con un solo bot\u00f3n.<\/li>\n<li style=\"font-weight: 400;\">It can be timed, set pressure, and real-time pressure collection to understand the internal situation at all times.<\/li>\n<li style=\"font-weight: 400;\">It can be operated manually or automatically, and can be DIY operated at will according to customer needs, which is more flexible and convenient to use.<\/li>\n<li style=\"font-weight: 400;\">The internal pressure can be changed in real time according to needs, and it is precisely controllable.<\/li>\n<li style=\"font-weight: 400;\">It can meet various customized needs of customers according to customer needs, and provide all-round one-stop service.<\/li>\n<li style=\"font-weight: 400;\">A variety of mold specifications are available, and 8 samples can be inlaid at the same time, which instantly doubles the inlay efficiency.<\/li>\n<li style=\"font-weight: 400;\">The program has built-in intelligent algorithms, which can automatically compensate for pressure according to customer-set parameters.<\/li>\n<\/ol>\n<h1 style=\"font-weight: 400;\"><strong>Par\u00e1metros t\u00e9cnicos:<\/strong><\/h1>\n<table width=\"100%\">\n<tbody>\n<tr>\n<td width=\"28%\">Nombre<\/td>\n<td width=\"71%\">Especificaciones<\/td>\n<\/tr>\n<tr>\n<td width=\"28%\">Especificaciones del molde<\/td>\n<td width=\"71%\">Standard \u03c630 (optional: \u03c625, \u03c640), special customization available<\/td>\n<\/tr>\n<tr>\n<td width=\"28%\">Working pressure<\/td>\n<td width=\"71%\">Can be set by yourself (0.5-2bar)<\/td>\n<\/tr>\n<tr>\n<td width=\"28%\">Pressure setting range<\/td>\n<td width=\"71%\">0.5-2bar<\/td>\n<\/tr>\n<tr>\n<td width=\"28%\">Time setting range<\/td>\n<td width=\"71%\">0-99 minutos<\/td>\n<\/tr>\n<tr>\n<td width=\"28%\">Inner cavity size<\/td>\n<td width=\"71%\">\u03c6180X180mm<\/td>\n<\/tr>\n<tr>\n<td width=\"28%\">Alimentaci\u00f3n<\/td>\n<td width=\"71%\">Voltaje: 220V Frecuencia: 50HZ<\/td>\n<\/tr>\n<tr>\n<td width=\"28%\">Dimensiones generales<\/td>\n<td width=\"71%\">350X500X350<\/td>\n<\/tr>\n<tr>\n<td width=\"28%\">Dimensiones de la caja de madera<\/td>\n<td width=\"71%\"><\/td>\n<\/tr>\n<tr>\n<td width=\"28%\">Peso<\/td>\n<td width=\"71%\">15KG<\/td>\n<\/tr>\n<\/tbody>\n<\/table>\n<h1 style=\"font-weight: 400;\"><strong>Accesorios de env\u00edo:<\/strong><\/h1>\n<table width=\"100%\">\n<tbody>\n<tr>\n<td width=\"30%\">Nombre<\/td>\n<td width=\"14%\"><strong>cantidad<\/strong><\/td>\n<td width=\"14%\"><strong>Unidad<\/strong><\/td>\n<td width=\"40%\">Notas<\/td>\n<\/tr>\n<tr>\n<td width=\"30%\">\u03a630<\/td>\n<td width=\"14%\"><strong>2<\/strong><\/td>\n<td width=\"14%\"><strong>pieza<\/strong><\/td>\n<td width=\"40%\">Accesorios de entrega<\/td>\n<\/tr>\n<tr>\n<td width=\"30%\">Inlay set<\/td>\n<td width=\"14%\"><strong>1<\/strong><\/td>\n<td width=\"14%\"><strong>KG<\/strong><\/td>\n<td width=\"40%\">Accesorios de entrega<\/td>\n<\/tr>\n<tr>\n<td width=\"30%\">Pneumatic double-joint<\/td>\n<td width=\"14%\"><strong>1<\/strong><\/td>\n<td width=\"14%\"><strong>pieza<\/strong><\/td>\n<td width=\"40%\">Ya instalado en el dispositivo<\/td>\n<\/tr>\n<tr>\n<td width=\"30%\">Air pump (communication linkage)<\/td>\n<td width=\"14%\"><strong>1<\/strong><\/td>\n<td width=\"14%\"><strong>set<\/strong><\/td>\n<td width=\"40%\">Optional<\/td>\n<\/tr>\n<tr>\n<td width=\"30%\">Documentos t\u00e9cnicos<\/td>\n<td colspan=\"3\" width=\"69%\"><strong>1 copia del manual del producto 1 copia del certificado del producto<\/strong><\/td>\n<\/tr>\n<\/tbody>\n<\/table>","protected":false},"excerpt":{"rendered":"<p>Inlaying of metallographic specimens is a very important step in the preparation of metallographic specimens, especially for some small and difficult to hold samples or samples with irregular shapes. After inlaying, the external dimensions are fixed and uniform, which is convenient for holding or subsequent automatic grinding and polishing (it can be used together with our company&#8217;s automatic grinding and polishing machine for better results). When the product cannot be formed at high temperature, a high-pressure inlay machine is required. The high-pressure cold inlay machine adopts high-pressure technology design, with a maximum pressure of 2 bar, which can ensure that the cold inlay pattern fully squeezes out bubbles during the curing process, ensures that the cold inlay resin is quickly cured, and does not affect the physical and chemical properties of the mixture of cold inlay resin and curing agent at all. Therefore, it can be used for the rapid curing of all cold inlay resins and make high-quality specimens. It is especially suitable for metallographic laboratories in factories, colleges and universities and scientific research institutions, and is an excellent choice for metallographic specimen inlay.<\/p>","protected":false},"featured_media":29849,"comment_status":"open","ping_status":"closed","template":"","meta":[],"product_brand":[],"product_cat":[95,81],"product_tag":[111],"class_list":{"0":"post-29848","1":"product","2":"type-product","3":"status-publish","4":"has-post-thumbnail","6":"product_cat-metallographic-mounting-machine","7":"product_cat-sample-preparation-and-analysis","8":"product_tag-metallographic-mounting-machine","10":"first","11":"instock","12":"shipping-taxable","13":"product-type-simple"},"yoast_head":"<!-- This site is optimized with the Yoast SEO Premium plugin v25.4 (Yoast SEO v27.4) - https:\/\/yoast.com\/product\/yoast-seo-premium-wordpress\/ -->\n<title>Metallographic specimen high-pressure mounting machine (cold mounting)HGXQZ-1 - hardnesstests<\/title>\n<meta name=\"robots\" content=\"index, follow, max-snippet:-1, max-image-preview:large, max-video-preview:-1\" \/>\n<link rel=\"canonical\" href=\"https:\/\/hardnesstests.com\/es\/producto\/metallographic-specimen-high-pressure-mounting-machine-cold-mountinghgxqz-1\/\" \/>\n<meta property=\"og:locale\" content=\"es_ES\" \/>\n<meta property=\"og:type\" content=\"article\" \/>\n<meta property=\"og:title\" content=\"Metallographic specimen high-pressure mounting machine (cold mounting)HGXQZ-1\" \/>\n<meta property=\"og:description\" content=\"Inlaying of metallographic specimens is a very important step in the preparation of metallographic specimens, especially for some small and difficult to hold samples or samples with irregular shapes. After inlaying, the external dimensions are fixed and uniform, which is convenient for holding or subsequent automatic grinding and polishing (it can be used together with our company&#039;s automatic grinding and polishing machine for better results). When the product cannot be formed at high temperature, a high-pressure inlay machine is required. The high-pressure cold inlay machine adopts high-pressure technology design, with a maximum pressure of 2 bar, which can ensure that the cold inlay pattern fully squeezes out bubbles during the curing process, ensures that the cold inlay resin is quickly cured, and does not affect the physical and chemical properties of the mixture of cold inlay resin and curing agent at all. Therefore, it can be used for the rapid curing of all cold inlay resins and make high-quality specimens. It is especially suitable for metallographic laboratories in factories, colleges and universities and scientific research institutions, and is an excellent choice for metallographic specimen inlay.\" \/>\n<meta property=\"og:url\" content=\"https:\/\/hardnesstests.com\/es\/producto\/metallographic-specimen-high-pressure-mounting-machine-cold-mountinghgxqz-1\/\" \/>\n<meta property=\"og:site_name\" content=\"hardnesstests\" \/>\n<meta property=\"og:image\" content=\"https:\/\/hardnesstests.com\/wp-content\/uploads\/2025\/11\/HGXQZ-1\u91d1\u76f8\u8bd5\u6837\u9ad8\u538b\u9576\u5d4c\u673a\uff08\u51b7\u9576\u5d4c\uff09.jpg\" \/>\n\t<meta property=\"og:image:width\" content=\"800\" \/>\n\t<meta property=\"og:image:height\" content=\"800\" \/>\n\t<meta property=\"og:image:type\" content=\"image\/jpeg\" \/>\n<meta name=\"twitter:card\" content=\"summary_large_image\" \/>\n<meta name=\"twitter:label1\" content=\"Tiempo de lectura\" \/>\n\t<meta name=\"twitter:data1\" content=\"1 minuto\" \/>\n<script type=\"application\/ld+json\" class=\"yoast-schema-graph\">{\"@context\":\"https:\\\/\\\/schema.org\",\"@graph\":[{\"@type\":\"WebPage\",\"@id\":\"https:\\\/\\\/hardnesstests.com\\\/product\\\/metallographic-specimen-high-pressure-mounting-machine-cold-mountinghgxqz-1\\\/\",\"url\":\"https:\\\/\\\/hardnesstests.com\\\/product\\\/metallographic-specimen-high-pressure-mounting-machine-cold-mountinghgxqz-1\\\/\",\"name\":\"Metallographic specimen high-pressure mounting machine (cold mounting)HGXQZ-1 - hardnesstests\",\"isPartOf\":{\"@id\":\"https:\\\/\\\/hardnesstests.com\\\/tr\\\/#website\"},\"primaryImageOfPage\":{\"@id\":\"https:\\\/\\\/hardnesstests.com\\\/product\\\/metallographic-specimen-high-pressure-mounting-machine-cold-mountinghgxqz-1\\\/#primaryimage\"},\"image\":{\"@id\":\"https:\\\/\\\/hardnesstests.com\\\/product\\\/metallographic-specimen-high-pressure-mounting-machine-cold-mountinghgxqz-1\\\/#primaryimage\"},\"thumbnailUrl\":\"https:\\\/\\\/hardnesstests.com\\\/wp-content\\\/uploads\\\/2025\\\/11\\\/HGXQZ-1\u91d1\u76f8\u8bd5\u6837\u9ad8\u538b\u9576\u5d4c\u673a\uff08\u51b7\u9576\u5d4c\uff09.jpg\",\"datePublished\":\"2025-11-27T09:15:23+00:00\",\"breadcrumb\":{\"@id\":\"https:\\\/\\\/hardnesstests.com\\\/product\\\/metallographic-specimen-high-pressure-mounting-machine-cold-mountinghgxqz-1\\\/#breadcrumb\"},\"inLanguage\":\"es\",\"potentialAction\":[{\"@type\":\"ReadAction\",\"target\":[\"https:\\\/\\\/hardnesstests.com\\\/product\\\/metallographic-specimen-high-pressure-mounting-machine-cold-mountinghgxqz-1\\\/\"]}]},{\"@type\":\"ImageObject\",\"inLanguage\":\"es\",\"@id\":\"https:\\\/\\\/hardnesstests.com\\\/product\\\/metallographic-specimen-high-pressure-mounting-machine-cold-mountinghgxqz-1\\\/#primaryimage\",\"url\":\"https:\\\/\\\/hardnesstests.com\\\/wp-content\\\/uploads\\\/2025\\\/11\\\/HGXQZ-1\u91d1\u76f8\u8bd5\u6837\u9ad8\u538b\u9576\u5d4c\u673a\uff08\u51b7\u9576\u5d4c\uff09.jpg\",\"contentUrl\":\"https:\\\/\\\/hardnesstests.com\\\/wp-content\\\/uploads\\\/2025\\\/11\\\/HGXQZ-1\u91d1\u76f8\u8bd5\u6837\u9ad8\u538b\u9576\u5d4c\u673a\uff08\u51b7\u9576\u5d4c\uff09.jpg\",\"width\":800,\"height\":800,\"caption\":\"Metallographic specimen high-pressure mounting machine (cold mounting)HGXQZ-1\"},{\"@type\":\"BreadcrumbList\",\"@id\":\"https:\\\/\\\/hardnesstests.com\\\/product\\\/metallographic-specimen-high-pressure-mounting-machine-cold-mountinghgxqz-1\\\/#breadcrumb\",\"itemListElement\":[{\"@type\":\"ListItem\",\"position\":1,\"name\":\"\u9996\u9875\",\"item\":\"https:\\\/\\\/hardnesstests.com\\\/\"},{\"@type\":\"ListItem\",\"position\":2,\"name\":\"products\",\"item\":\"https:\\\/\\\/hardnesstests.com\\\/products\\\/\"},{\"@type\":\"ListItem\",\"position\":3,\"name\":\"Metallographic specimen high-pressure mounting machine (cold mounting)HGXQZ-1\"}]},{\"@type\":\"WebSite\",\"@id\":\"https:\\\/\\\/hardnesstests.com\\\/tr\\\/#website\",\"url\":\"https:\\\/\\\/hardnesstests.com\\\/tr\\\/\",\"name\":\"hardnesstests\",\"description\":\"\",\"publisher\":{\"@id\":\"https:\\\/\\\/hardnesstests.com\\\/tr\\\/#organization\"},\"potentialAction\":[{\"@type\":\"SearchAction\",\"target\":{\"@type\":\"EntryPoint\",\"urlTemplate\":\"https:\\\/\\\/hardnesstests.com\\\/tr\\\/?s={search_term_string}\"},\"query-input\":{\"@type\":\"PropertyValueSpecification\",\"valueRequired\":true,\"valueName\":\"search_term_string\"}}],\"inLanguage\":\"es\"},{\"@type\":\"Organization\",\"@id\":\"https:\\\/\\\/hardnesstests.com\\\/tr\\\/#organization\",\"name\":\"hardnesstests\",\"url\":\"https:\\\/\\\/hardnesstests.com\\\/tr\\\/\",\"logo\":{\"@type\":\"ImageObject\",\"inLanguage\":\"es\",\"@id\":\"https:\\\/\\\/hardnesstests.com\\\/tr\\\/#\\\/schema\\\/logo\\\/image\\\/\",\"url\":\"https:\\\/\\\/hardnesstests.com\\\/wp-content\\\/uploads\\\/2021\\\/08\\\/\u5fae\u4fe1\u56fe\u7247_20251029102004_335_1287.png\",\"contentUrl\":\"https:\\\/\\\/hardnesstests.com\\\/wp-content\\\/uploads\\\/2021\\\/08\\\/\u5fae\u4fe1\u56fe\u7247_20251029102004_335_1287.png\",\"width\":1308,\"height\":467,\"caption\":\"hardnesstests\"},\"image\":{\"@id\":\"https:\\\/\\\/hardnesstests.com\\\/tr\\\/#\\\/schema\\\/logo\\\/image\\\/\"}}]}<\/script>\n<!-- \/ Yoast SEO Premium plugin. -->","yoast_head_json":{"title":"Metallographic specimen high-pressure mounting machine (cold mounting)HGXQZ-1 - hardnesstests","robots":{"index":"index","follow":"follow","max-snippet":"max-snippet:-1","max-image-preview":"max-image-preview:large","max-video-preview":"max-video-preview:-1"},"canonical":"https:\/\/hardnesstests.com\/es\/producto\/metallographic-specimen-high-pressure-mounting-machine-cold-mountinghgxqz-1\/","og_locale":"es_ES","og_type":"article","og_title":"Metallographic specimen high-pressure mounting machine (cold mounting)HGXQZ-1","og_description":"Inlaying of metallographic specimens is a very important step in the preparation of metallographic specimens, especially for some small and difficult to hold samples or samples with irregular shapes. After inlaying, the external dimensions are fixed and uniform, which is convenient for holding or subsequent automatic grinding and polishing (it can be used together with our company's automatic grinding and polishing machine for better results). When the product cannot be formed at high temperature, a high-pressure inlay machine is required. The high-pressure cold inlay machine adopts high-pressure technology design, with a maximum pressure of 2 bar, which can ensure that the cold inlay pattern fully squeezes out bubbles during the curing process, ensures that the cold inlay resin is quickly cured, and does not affect the physical and chemical properties of the mixture of cold inlay resin and curing agent at all. Therefore, it can be used for the rapid curing of all cold inlay resins and make high-quality specimens. It is especially suitable for metallographic laboratories in factories, colleges and universities and scientific research institutions, and is an excellent choice for metallographic specimen inlay.","og_url":"https:\/\/hardnesstests.com\/es\/producto\/metallographic-specimen-high-pressure-mounting-machine-cold-mountinghgxqz-1\/","og_site_name":"hardnesstests","og_image":[{"width":800,"height":800,"url":"https:\/\/hardnesstests.com\/wp-content\/uploads\/2025\/11\/HGXQZ-1\u91d1\u76f8\u8bd5\u6837\u9ad8\u538b\u9576\u5d4c\u673a\uff08\u51b7\u9576\u5d4c\uff09.jpg","type":"image\/jpeg"}],"twitter_card":"summary_large_image","twitter_misc":{"Tiempo de lectura":"1 minuto"},"schema":{"@context":"https:\/\/schema.org","@graph":[{"@type":"WebPage","@id":"https:\/\/hardnesstests.com\/product\/metallographic-specimen-high-pressure-mounting-machine-cold-mountinghgxqz-1\/","url":"https:\/\/hardnesstests.com\/product\/metallographic-specimen-high-pressure-mounting-machine-cold-mountinghgxqz-1\/","name":"Metallographic specimen high-pressure mounting machine (cold mounting)HGXQZ-1 - hardnesstests","isPartOf":{"@id":"https:\/\/hardnesstests.com\/tr\/#website"},"primaryImageOfPage":{"@id":"https:\/\/hardnesstests.com\/product\/metallographic-specimen-high-pressure-mounting-machine-cold-mountinghgxqz-1\/#primaryimage"},"image":{"@id":"https:\/\/hardnesstests.com\/product\/metallographic-specimen-high-pressure-mounting-machine-cold-mountinghgxqz-1\/#primaryimage"},"thumbnailUrl":"https:\/\/hardnesstests.com\/wp-content\/uploads\/2025\/11\/HGXQZ-1\u91d1\u76f8\u8bd5\u6837\u9ad8\u538b\u9576\u5d4c\u673a\uff08\u51b7\u9576\u5d4c\uff09.jpg","datePublished":"2025-11-27T09:15:23+00:00","breadcrumb":{"@id":"https:\/\/hardnesstests.com\/product\/metallographic-specimen-high-pressure-mounting-machine-cold-mountinghgxqz-1\/#breadcrumb"},"inLanguage":"es","potentialAction":[{"@type":"ReadAction","target":["https:\/\/hardnesstests.com\/product\/metallographic-specimen-high-pressure-mounting-machine-cold-mountinghgxqz-1\/"]}]},{"@type":"ImageObject","inLanguage":"es","@id":"https:\/\/hardnesstests.com\/product\/metallographic-specimen-high-pressure-mounting-machine-cold-mountinghgxqz-1\/#primaryimage","url":"https:\/\/hardnesstests.com\/wp-content\/uploads\/2025\/11\/HGXQZ-1\u91d1\u76f8\u8bd5\u6837\u9ad8\u538b\u9576\u5d4c\u673a\uff08\u51b7\u9576\u5d4c\uff09.jpg","contentUrl":"https:\/\/hardnesstests.com\/wp-content\/uploads\/2025\/11\/HGXQZ-1\u91d1\u76f8\u8bd5\u6837\u9ad8\u538b\u9576\u5d4c\u673a\uff08\u51b7\u9576\u5d4c\uff09.jpg","width":800,"height":800,"caption":"Metallographic specimen high-pressure mounting machine (cold mounting)HGXQZ-1"},{"@type":"BreadcrumbList","@id":"https:\/\/hardnesstests.com\/product\/metallographic-specimen-high-pressure-mounting-machine-cold-mountinghgxqz-1\/#breadcrumb","itemListElement":[{"@type":"ListItem","position":1,"name":"\u9996\u9875","item":"https:\/\/hardnesstests.com\/"},{"@type":"ListItem","position":2,"name":"products","item":"https:\/\/hardnesstests.com\/products\/"},{"@type":"ListItem","position":3,"name":"Metallographic specimen high-pressure mounting machine (cold mounting)HGXQZ-1"}]},{"@type":"WebSite","@id":"https:\/\/hardnesstests.com\/tr\/#website","url":"https:\/\/hardnesstests.com\/tr\/","name":"hardnesstests","description":"","publisher":{"@id":"https:\/\/hardnesstests.com\/tr\/#organization"},"potentialAction":[{"@type":"SearchAction","target":{"@type":"EntryPoint","urlTemplate":"https:\/\/hardnesstests.com\/tr\/?s={search_term_string}"},"query-input":{"@type":"PropertyValueSpecification","valueRequired":true,"valueName":"search_term_string"}}],"inLanguage":"es"},{"@type":"Organization","@id":"https:\/\/hardnesstests.com\/tr\/#organization","name":"hardnesstests","url":"https:\/\/hardnesstests.com\/tr\/","logo":{"@type":"ImageObject","inLanguage":"es","@id":"https:\/\/hardnesstests.com\/tr\/#\/schema\/logo\/image\/","url":"https:\/\/hardnesstests.com\/wp-content\/uploads\/2021\/08\/\u5fae\u4fe1\u56fe\u7247_20251029102004_335_1287.png","contentUrl":"https:\/\/hardnesstests.com\/wp-content\/uploads\/2021\/08\/\u5fae\u4fe1\u56fe\u7247_20251029102004_335_1287.png","width":1308,"height":467,"caption":"hardnesstests"},"image":{"@id":"https:\/\/hardnesstests.com\/tr\/#\/schema\/logo\/image\/"}}]}},"_links":{"self":[{"href":"https:\/\/hardnesstests.com\/es\/wp-json\/wp\/v2\/product\/29848","targetHints":{"allow":["GET"]}}],"collection":[{"href":"https:\/\/hardnesstests.com\/es\/wp-json\/wp\/v2\/product"}],"about":[{"href":"https:\/\/hardnesstests.com\/es\/wp-json\/wp\/v2\/types\/product"}],"replies":[{"embeddable":true,"href":"https:\/\/hardnesstests.com\/es\/wp-json\/wp\/v2\/comments?post=29848"}],"version-history":[{"count":1,"href":"https:\/\/hardnesstests.com\/es\/wp-json\/wp\/v2\/product\/29848\/revisions"}],"predecessor-version":[{"id":29850,"href":"https:\/\/hardnesstests.com\/es\/wp-json\/wp\/v2\/product\/29848\/revisions\/29850"}],"wp:featuredmedia":[{"embeddable":true,"href":"https:\/\/hardnesstests.com\/es\/wp-json\/wp\/v2\/media\/29849"}],"wp:attachment":[{"href":"https:\/\/hardnesstests.com\/es\/wp-json\/wp\/v2\/media?parent=29848"}],"wp:term":[{"taxonomy":"product_brand","embeddable":true,"href":"https:\/\/hardnesstests.com\/es\/wp-json\/wp\/v2\/product_brand?post=29848"},{"taxonomy":"product_cat","embeddable":true,"href":"https:\/\/hardnesstests.com\/es\/wp-json\/wp\/v2\/product_cat?post=29848"},{"taxonomy":"product_tag","embeddable":true,"href":"https:\/\/hardnesstests.com\/es\/wp-json\/wp\/v2\/product_tag?post=29848"}],"curies":[{"name":"wp","href":"https:\/\/api.w.org\/{rel}","templated":true}]}}