{"id":29841,"date":"2025-11-27T08:59:38","date_gmt":"2025-11-27T08:59:38","guid":{"rendered":"https:\/\/hardnesstests.com\/?post_type=product&#038;p=29841"},"modified":"2025-11-27T08:59:38","modified_gmt":"2025-11-27T08:59:38","slug":"touch-screen-digital-display-plastic-rockwell-hardness-tester-xhrts-150","status":"publish","type":"product","link":"https:\/\/hardnesstests.com\/es\/producto\/touch-screen-digital-display-plastic-rockwell-hardness-tester-xhrts-150\/","title":{"rendered":"Dur\u00f3metro Rockwell de pl\u00e1stico con pantalla t\u00e1ctil digital (XHRTS-150)"},"content":{"rendered":"<h1 style=\"font-weight: 400;\"><strong>Main features and features:<\/strong><\/h1>\n<p style=\"font-weight: 400;\">Principales funciones y caracter\u00edsticas del instrumento<\/p>\n<ol>\n<li style=\"font-weight: 400;\">The 7-inch LCD touch screen can directly display the hardness value, convert the hardness, test method, test force, brightness, initial test force retention time, total test force retention time, elastic recovery time, measurement times, statistical data, test time Wait for the test process to be intuitive and clear;<\/li>\n<li style=\"font-weight: 400;\">The system comes with a calibration function, which can automatically adjust the error range of 80-120%, or calibrate the instrument separately for low and high values<\/li>\n<li style=\"font-weight: 400;\">Al comprobar la superficie curva, se corrige autom\u00e1ticamente seg\u00fan el radio de superficie curva est\u00e1ndar;<\/li>\n<li style=\"font-weight: 400;\">100 sets of test data can be stored, and the test data can be viewed at any time, and the current data can also be deleted or all the test data can be cleared;<\/li>\n<li style=\"font-weight: 400;\">The test force units can be converted mutually, the conversion unit is: (Kgf, N)<\/li>\n<li style=\"font-weight: 400;\">Simultaneous display: maximum value, minimum value, average value, test times, product name;<\/li>\n<li style=\"font-weight: 400;\">The main interface can display 4 conversion scales at the same time, and can switch: National Standard (GB), American Standard (ASTM) and International (ISO) Standards. A total of 20 measuring scales can be converted: HRA, HRB, HRC, HRD, HRE, HRF, HRG, HRK, HR15N, HR30N, HR45N, HR15T, HR30T, HR45T, HK, HBW, HS, HBS, HV, Rm (tensile strength),<\/li>\n<li style=\"font-weight: 400;\">The screen sleep time can be set, and it will automatically enter the sleep state if it is not operated for a long time, saving environmental protection;<\/li>\n<li style=\"font-weight: 400;\">The upper and lower limit measurement range can be set, displayed on the main measurement interface, and the unqualified value will automatically prompt an alarm;<\/li>\n<li style=\"font-weight: 400;\">There are 14 languages in the operating system, which can be switched at will: Chinese, Traditional Chinese, English, Russian, German, French, Spanish, Portuguese, Turkish, Czech, Japanese, Korean, Thai, Vietnamese;<\/li>\n<li style=\"font-weight: 400;\">Equipped with a built-in printer, test data can also be output to U disk via USB for storage and analysis;<\/li>\n<li style=\"font-weight: 400;\">The casting shell has a stable and non-deformed structure in one-time molding, high-grade pure white car paint, strong scratch resistance, and it is still bright as new after many years of use;<\/li>\n<li style=\"font-weight: 400;\">Our company has the ability to develop, design and produce on its own. Our machines provide parts replacement and maintenance upgrade services for life;<\/li>\n<\/ol>\n<h1 style=\"font-weight: 400;\"><strong>Main use and scope of application:<\/strong><\/h1>\n<p style=\"font-weight: 400;\">Cast and forged parts \u00b7 Sample testing and acceptance testing<\/p>\n<p style=\"font-weight: 400;\">Planar and cylindrical workpieces \u00b7Steel, non-ferrous metals<\/p>\n<p style=\"font-weight: 400;\">Automotive and aerospace industry \u00b7Carbide, ceramic, stainless steel<\/p>\n<p style=\"font-weight: 400;\">Laboratory and workshop non-metallic plastics, hard rubber, synthetic resins, friction materials and softer metals<\/p>\n<h2 style=\"font-weight: 400;\"><strong>The main technical parameters:<\/strong><\/h2>\n<table>\n<tbody>\n<tr>\n<td width=\"165\">Nombre<\/td>\n<td width=\"331\">data<\/td>\n<\/tr>\n<tr>\n<td width=\"165\">Intial test force(N)<\/td>\n<td width=\"331\">10kgf(98.07N)\u00a0\u00a0\u00a0allowable error\u00a0\u00b12.0%<\/td>\n<\/tr>\n<tr>\n<td width=\"165\">Total test force (N)<\/td>\n<td width=\"331\">60kgf(588N)\u00a0\u00a0\u00a0100kgf(980N)\u00a0\u00a0\u00a0\u00a0150kgf(1471N)<\/td>\n<\/tr>\n<tr>\n<td width=\"165\">Rockwell ruler<\/td>\n<td width=\"331\">HRE\u3001HRM\u3001HRL\u3001HRR\u3001HRF\u3001HRG\u3001HRH\u3001HRK<\/td>\n<\/tr>\n<tr>\n<td width=\"165\">Inspection standard<\/td>\n<td width=\"331\">GB\/T230 National Standard, JJG884 Verification Regulation<\/td>\n<\/tr>\n<tr>\n<td width=\"165\">accuracy<\/td>\n<td width=\"331\">0.1HR<\/td>\n<\/tr>\n<tr>\n<td width=\"165\">Durating time(s)<\/td>\n<td width=\"331\">1-60<\/td>\n<\/tr>\n<tr>\n<td width=\"165\">Hardness reading<\/td>\n<td width=\"331\">Tourch screen LCD digital diplay<\/td>\n<\/tr>\n<tr>\n<td width=\"165\">Max height of the test piece(mm)<\/td>\n<td width=\"331\">170<\/td>\n<\/tr>\n<tr>\n<td width=\"165\">Indenter center to body distance (mm)<\/td>\n<td width=\"331\">165<\/td>\n<\/tr>\n<tr>\n<td width=\"165\">Dimension (mm)<\/td>\n<td width=\"331\">550\u00d7220\u00d7730<\/td>\n<\/tr>\n<tr>\n<td width=\"165\">Alimentaci\u00f3n<\/td>\n<td width=\"331\">220V\/50HZ<\/td>\n<\/tr>\n<tr>\n<td width=\"165\">Peso (kg)<\/td>\n<td width=\"331\">85<\/td>\n<\/tr>\n<tr>\n<td width=\"165\">Rango de medici\u00f3n<\/td>\n<td width=\"331\">HRD:40-77 HRE:70-94 HRF:60-100 HRG:30-94 HRH:80-100\u00a0\u00a0HRK:40-100\u00a0\u00a0HRL:100-120\u00a0\u00a0HRM:85-110 HRR:114-125<\/td>\n<\/tr>\n<\/tbody>\n<\/table>","protected":false},"excerpt":{"rendered":"<p>XHRTS-150 color touch screen digital display plastic Rockwell hardness tester is a new generation of high-performance products with high performance, high precision and stable performance. Its appearance is novel, the shell is cast in one piece, the stability is high, and its touch screen interface is menud. The operation is simple, intuitive and convenient. The measuring device adopts grating sensor and computer control, and the hardness indication value is directly displayed on the liquid crystal screen. It is a mechanical and electrical integration hardness testing instrument. It can automatically convert various hardness parameters to each other to identify the minimum thickness of the test piece. When the cylinder is tested, the correction amount is automatically added. Built-in printer to read the relevant test results. Automated operation, eliminating human error and reading errors! At the same time, the machine is also equipped with an emergency stop device, which is safer to use!<\/p>","protected":false},"featured_media":29842,"comment_status":"open","ping_status":"closed","template":"","meta":[],"product_brand":[],"product_cat":[70,74],"product_tag":[109],"class_list":{"0":"post-29841","1":"product","2":"type-product","3":"status-publish","4":"has-post-thumbnail","6":"product_cat-hardness-tester","7":"product_cat-rockwell-hardness-tester","8":"product_tag-methods-rockwell-hardness-test","10":"first","11":"instock","12":"shipping-taxable","13":"product-type-simple"},"yoast_head":"<!-- This site is optimized with the Yoast SEO Premium plugin v25.4 (Yoast SEO v27.4) - https:\/\/yoast.com\/product\/yoast-seo-premium-wordpress\/ -->\n<title>Touch screen digital display plastic Rockwell hardness tester (XHRTS-150) - hardnesstests<\/title>\n<meta name=\"robots\" content=\"index, follow, max-snippet:-1, max-image-preview:large, max-video-preview:-1\" \/>\n<link rel=\"canonical\" href=\"https:\/\/hardnesstests.com\/es\/producto\/touch-screen-digital-display-plastic-rockwell-hardness-tester-xhrts-150\/\" \/>\n<meta property=\"og:locale\" content=\"es_ES\" \/>\n<meta property=\"og:type\" content=\"article\" \/>\n<meta property=\"og:title\" content=\"Touch screen digital display plastic Rockwell hardness tester (XHRTS-150)\" \/>\n<meta property=\"og:description\" content=\"XHRTS-150 color touch screen digital display plastic Rockwell hardness tester is a new generation of high-performance products with high performance, high precision and stable performance. Its appearance is novel, the shell is cast in one piece, the stability is high, and its touch screen interface is menud. The operation is simple, intuitive and convenient. The measuring device adopts grating sensor and computer control, and the hardness indication value is directly displayed on the liquid crystal screen. It is a mechanical and electrical integration hardness testing instrument. It can automatically convert various hardness parameters to each other to identify the minimum thickness of the test piece. When the cylinder is tested, the correction amount is automatically added. Built-in printer to read the relevant test results. Automated operation, eliminating human error and reading errors! At the same time, the machine is also equipped with an emergency stop device, which is safer to use!\" \/>\n<meta property=\"og:url\" content=\"https:\/\/hardnesstests.com\/es\/producto\/touch-screen-digital-display-plastic-rockwell-hardness-tester-xhrts-150\/\" \/>\n<meta property=\"og:site_name\" content=\"hardnesstests\" \/>\n<meta property=\"og:image\" content=\"https:\/\/hardnesstests.com\/wp-content\/uploads\/2025\/11\/XHRTS-150\u89e6\u6478\u5c4f\u6570\u663e\u5851\u6599\u6d1b\u6c0f\u786c\u5ea6\u8ba1.jpg\" \/>\n\t<meta property=\"og:image:width\" content=\"800\" \/>\n\t<meta property=\"og:image:height\" content=\"800\" \/>\n\t<meta property=\"og:image:type\" content=\"image\/jpeg\" \/>\n<meta name=\"twitter:card\" content=\"summary_large_image\" \/>\n<meta name=\"twitter:label1\" content=\"Tiempo de lectura\" \/>\n\t<meta name=\"twitter:data1\" content=\"3 minutos\" \/>\n<script type=\"application\/ld+json\" class=\"yoast-schema-graph\">{\"@context\":\"https:\\\/\\\/schema.org\",\"@graph\":[{\"@type\":\"WebPage\",\"@id\":\"https:\\\/\\\/hardnesstests.com\\\/product\\\/touch-screen-digital-display-plastic-rockwell-hardness-tester-xhrts-150\\\/\",\"url\":\"https:\\\/\\\/hardnesstests.com\\\/product\\\/touch-screen-digital-display-plastic-rockwell-hardness-tester-xhrts-150\\\/\",\"name\":\"Touch screen digital display plastic Rockwell hardness tester (XHRTS-150) - hardnesstests\",\"isPartOf\":{\"@id\":\"https:\\\/\\\/hardnesstests.com\\\/tr\\\/#website\"},\"primaryImageOfPage\":{\"@id\":\"https:\\\/\\\/hardnesstests.com\\\/product\\\/touch-screen-digital-display-plastic-rockwell-hardness-tester-xhrts-150\\\/#primaryimage\"},\"image\":{\"@id\":\"https:\\\/\\\/hardnesstests.com\\\/product\\\/touch-screen-digital-display-plastic-rockwell-hardness-tester-xhrts-150\\\/#primaryimage\"},\"thumbnailUrl\":\"https:\\\/\\\/hardnesstests.com\\\/wp-content\\\/uploads\\\/2025\\\/11\\\/XHRTS-150\u89e6\u6478\u5c4f\u6570\u663e\u5851\u6599\u6d1b\u6c0f\u786c\u5ea6\u8ba1.jpg\",\"datePublished\":\"2025-11-27T08:59:38+00:00\",\"breadcrumb\":{\"@id\":\"https:\\\/\\\/hardnesstests.com\\\/product\\\/touch-screen-digital-display-plastic-rockwell-hardness-tester-xhrts-150\\\/#breadcrumb\"},\"inLanguage\":\"es\",\"potentialAction\":[{\"@type\":\"ReadAction\",\"target\":[\"https:\\\/\\\/hardnesstests.com\\\/product\\\/touch-screen-digital-display-plastic-rockwell-hardness-tester-xhrts-150\\\/\"]}]},{\"@type\":\"ImageObject\",\"inLanguage\":\"es\",\"@id\":\"https:\\\/\\\/hardnesstests.com\\\/product\\\/touch-screen-digital-display-plastic-rockwell-hardness-tester-xhrts-150\\\/#primaryimage\",\"url\":\"https:\\\/\\\/hardnesstests.com\\\/wp-content\\\/uploads\\\/2025\\\/11\\\/XHRTS-150\u89e6\u6478\u5c4f\u6570\u663e\u5851\u6599\u6d1b\u6c0f\u786c\u5ea6\u8ba1.jpg\",\"contentUrl\":\"https:\\\/\\\/hardnesstests.com\\\/wp-content\\\/uploads\\\/2025\\\/11\\\/XHRTS-150\u89e6\u6478\u5c4f\u6570\u663e\u5851\u6599\u6d1b\u6c0f\u786c\u5ea6\u8ba1.jpg\",\"width\":800,\"height\":800,\"caption\":\"Touch screen digital display plastic Rockwell hardness tester (XHRTS-150)\"},{\"@type\":\"BreadcrumbList\",\"@id\":\"https:\\\/\\\/hardnesstests.com\\\/product\\\/touch-screen-digital-display-plastic-rockwell-hardness-tester-xhrts-150\\\/#breadcrumb\",\"itemListElement\":[{\"@type\":\"ListItem\",\"position\":1,\"name\":\"\u9996\u9875\",\"item\":\"https:\\\/\\\/hardnesstests.com\\\/\"},{\"@type\":\"ListItem\",\"position\":2,\"name\":\"products\",\"item\":\"https:\\\/\\\/hardnesstests.com\\\/products\\\/\"},{\"@type\":\"ListItem\",\"position\":3,\"name\":\"Touch screen digital display plastic Rockwell hardness tester (XHRTS-150)\"}]},{\"@type\":\"WebSite\",\"@id\":\"https:\\\/\\\/hardnesstests.com\\\/tr\\\/#website\",\"url\":\"https:\\\/\\\/hardnesstests.com\\\/tr\\\/\",\"name\":\"hardnesstests\",\"description\":\"\",\"publisher\":{\"@id\":\"https:\\\/\\\/hardnesstests.com\\\/tr\\\/#organization\"},\"potentialAction\":[{\"@type\":\"SearchAction\",\"target\":{\"@type\":\"EntryPoint\",\"urlTemplate\":\"https:\\\/\\\/hardnesstests.com\\\/tr\\\/?s={search_term_string}\"},\"query-input\":{\"@type\":\"PropertyValueSpecification\",\"valueRequired\":true,\"valueName\":\"search_term_string\"}}],\"inLanguage\":\"es\"},{\"@type\":\"Organization\",\"@id\":\"https:\\\/\\\/hardnesstests.com\\\/tr\\\/#organization\",\"name\":\"hardnesstests\",\"url\":\"https:\\\/\\\/hardnesstests.com\\\/tr\\\/\",\"logo\":{\"@type\":\"ImageObject\",\"inLanguage\":\"es\",\"@id\":\"https:\\\/\\\/hardnesstests.com\\\/tr\\\/#\\\/schema\\\/logo\\\/image\\\/\",\"url\":\"https:\\\/\\\/hardnesstests.com\\\/wp-content\\\/uploads\\\/2021\\\/08\\\/\u5fae\u4fe1\u56fe\u7247_20251029102004_335_1287.png\",\"contentUrl\":\"https:\\\/\\\/hardnesstests.com\\\/wp-content\\\/uploads\\\/2021\\\/08\\\/\u5fae\u4fe1\u56fe\u7247_20251029102004_335_1287.png\",\"width\":1308,\"height\":467,\"caption\":\"hardnesstests\"},\"image\":{\"@id\":\"https:\\\/\\\/hardnesstests.com\\\/tr\\\/#\\\/schema\\\/logo\\\/image\\\/\"}}]}<\/script>\n<!-- \/ Yoast SEO Premium plugin. -->","yoast_head_json":{"title":"Touch screen digital display plastic Rockwell hardness tester (XHRTS-150) - hardnesstests","robots":{"index":"index","follow":"follow","max-snippet":"max-snippet:-1","max-image-preview":"max-image-preview:large","max-video-preview":"max-video-preview:-1"},"canonical":"https:\/\/hardnesstests.com\/es\/producto\/touch-screen-digital-display-plastic-rockwell-hardness-tester-xhrts-150\/","og_locale":"es_ES","og_type":"article","og_title":"Touch screen digital display plastic Rockwell hardness tester (XHRTS-150)","og_description":"XHRTS-150 color touch screen digital display plastic Rockwell hardness tester is a new generation of high-performance products with high performance, high precision and stable performance. Its appearance is novel, the shell is cast in one piece, the stability is high, and its touch screen interface is menud. The operation is simple, intuitive and convenient. The measuring device adopts grating sensor and computer control, and the hardness indication value is directly displayed on the liquid crystal screen. It is a mechanical and electrical integration hardness testing instrument. It can automatically convert various hardness parameters to each other to identify the minimum thickness of the test piece. When the cylinder is tested, the correction amount is automatically added. Built-in printer to read the relevant test results. Automated operation, eliminating human error and reading errors! At the same time, the machine is also equipped with an emergency stop device, which is safer to use!","og_url":"https:\/\/hardnesstests.com\/es\/producto\/touch-screen-digital-display-plastic-rockwell-hardness-tester-xhrts-150\/","og_site_name":"hardnesstests","og_image":[{"width":800,"height":800,"url":"https:\/\/hardnesstests.com\/wp-content\/uploads\/2025\/11\/XHRTS-150\u89e6\u6478\u5c4f\u6570\u663e\u5851\u6599\u6d1b\u6c0f\u786c\u5ea6\u8ba1.jpg","type":"image\/jpeg"}],"twitter_card":"summary_large_image","twitter_misc":{"Tiempo de lectura":"3 minutos"},"schema":{"@context":"https:\/\/schema.org","@graph":[{"@type":"WebPage","@id":"https:\/\/hardnesstests.com\/product\/touch-screen-digital-display-plastic-rockwell-hardness-tester-xhrts-150\/","url":"https:\/\/hardnesstests.com\/product\/touch-screen-digital-display-plastic-rockwell-hardness-tester-xhrts-150\/","name":"Touch screen digital display plastic Rockwell hardness tester (XHRTS-150) - hardnesstests","isPartOf":{"@id":"https:\/\/hardnesstests.com\/tr\/#website"},"primaryImageOfPage":{"@id":"https:\/\/hardnesstests.com\/product\/touch-screen-digital-display-plastic-rockwell-hardness-tester-xhrts-150\/#primaryimage"},"image":{"@id":"https:\/\/hardnesstests.com\/product\/touch-screen-digital-display-plastic-rockwell-hardness-tester-xhrts-150\/#primaryimage"},"thumbnailUrl":"https:\/\/hardnesstests.com\/wp-content\/uploads\/2025\/11\/XHRTS-150\u89e6\u6478\u5c4f\u6570\u663e\u5851\u6599\u6d1b\u6c0f\u786c\u5ea6\u8ba1.jpg","datePublished":"2025-11-27T08:59:38+00:00","breadcrumb":{"@id":"https:\/\/hardnesstests.com\/product\/touch-screen-digital-display-plastic-rockwell-hardness-tester-xhrts-150\/#breadcrumb"},"inLanguage":"es","potentialAction":[{"@type":"ReadAction","target":["https:\/\/hardnesstests.com\/product\/touch-screen-digital-display-plastic-rockwell-hardness-tester-xhrts-150\/"]}]},{"@type":"ImageObject","inLanguage":"es","@id":"https:\/\/hardnesstests.com\/product\/touch-screen-digital-display-plastic-rockwell-hardness-tester-xhrts-150\/#primaryimage","url":"https:\/\/hardnesstests.com\/wp-content\/uploads\/2025\/11\/XHRTS-150\u89e6\u6478\u5c4f\u6570\u663e\u5851\u6599\u6d1b\u6c0f\u786c\u5ea6\u8ba1.jpg","contentUrl":"https:\/\/hardnesstests.com\/wp-content\/uploads\/2025\/11\/XHRTS-150\u89e6\u6478\u5c4f\u6570\u663e\u5851\u6599\u6d1b\u6c0f\u786c\u5ea6\u8ba1.jpg","width":800,"height":800,"caption":"Touch screen digital display plastic Rockwell hardness tester (XHRTS-150)"},{"@type":"BreadcrumbList","@id":"https:\/\/hardnesstests.com\/product\/touch-screen-digital-display-plastic-rockwell-hardness-tester-xhrts-150\/#breadcrumb","itemListElement":[{"@type":"ListItem","position":1,"name":"\u9996\u9875","item":"https:\/\/hardnesstests.com\/"},{"@type":"ListItem","position":2,"name":"products","item":"https:\/\/hardnesstests.com\/products\/"},{"@type":"ListItem","position":3,"name":"Touch screen digital display plastic Rockwell hardness tester (XHRTS-150)"}]},{"@type":"WebSite","@id":"https:\/\/hardnesstests.com\/tr\/#website","url":"https:\/\/hardnesstests.com\/tr\/","name":"hardnesstests","description":"","publisher":{"@id":"https:\/\/hardnesstests.com\/tr\/#organization"},"potentialAction":[{"@type":"SearchAction","target":{"@type":"EntryPoint","urlTemplate":"https:\/\/hardnesstests.com\/tr\/?s={search_term_string}"},"query-input":{"@type":"PropertyValueSpecification","valueRequired":true,"valueName":"search_term_string"}}],"inLanguage":"es"},{"@type":"Organization","@id":"https:\/\/hardnesstests.com\/tr\/#organization","name":"hardnesstests","url":"https:\/\/hardnesstests.com\/tr\/","logo":{"@type":"ImageObject","inLanguage":"es","@id":"https:\/\/hardnesstests.com\/tr\/#\/schema\/logo\/image\/","url":"https:\/\/hardnesstests.com\/wp-content\/uploads\/2021\/08\/\u5fae\u4fe1\u56fe\u7247_20251029102004_335_1287.png","contentUrl":"https:\/\/hardnesstests.com\/wp-content\/uploads\/2021\/08\/\u5fae\u4fe1\u56fe\u7247_20251029102004_335_1287.png","width":1308,"height":467,"caption":"hardnesstests"},"image":{"@id":"https:\/\/hardnesstests.com\/tr\/#\/schema\/logo\/image\/"}}]}},"_links":{"self":[{"href":"https:\/\/hardnesstests.com\/es\/wp-json\/wp\/v2\/product\/29841","targetHints":{"allow":["GET"]}}],"collection":[{"href":"https:\/\/hardnesstests.com\/es\/wp-json\/wp\/v2\/product"}],"about":[{"href":"https:\/\/hardnesstests.com\/es\/wp-json\/wp\/v2\/types\/product"}],"replies":[{"embeddable":true,"href":"https:\/\/hardnesstests.com\/es\/wp-json\/wp\/v2\/comments?post=29841"}],"version-history":[{"count":1,"href":"https:\/\/hardnesstests.com\/es\/wp-json\/wp\/v2\/product\/29841\/revisions"}],"predecessor-version":[{"id":29843,"href":"https:\/\/hardnesstests.com\/es\/wp-json\/wp\/v2\/product\/29841\/revisions\/29843"}],"wp:featuredmedia":[{"embeddable":true,"href":"https:\/\/hardnesstests.com\/es\/wp-json\/wp\/v2\/media\/29842"}],"wp:attachment":[{"href":"https:\/\/hardnesstests.com\/es\/wp-json\/wp\/v2\/media?parent=29841"}],"wp:term":[{"taxonomy":"product_brand","embeddable":true,"href":"https:\/\/hardnesstests.com\/es\/wp-json\/wp\/v2\/product_brand?post=29841"},{"taxonomy":"product_cat","embeddable":true,"href":"https:\/\/hardnesstests.com\/es\/wp-json\/wp\/v2\/product_cat?post=29841"},{"taxonomy":"product_tag","embeddable":true,"href":"https:\/\/hardnesstests.com\/es\/wp-json\/wp\/v2\/product_tag?post=29841"}],"curies":[{"name":"wp","href":"https:\/\/api.w.org\/{rel}","templated":true}]}}