{"id":29822,"date":"2025-11-27T08:40:17","date_gmt":"2025-11-27T08:40:17","guid":{"rendered":"https:\/\/hardnesstests.com\/?post_type=product&#038;p=29822"},"modified":"2025-11-27T08:40:18","modified_gmt":"2025-11-27T08:40:18","slug":"hrts-150z-fully-automatic-touch-screen-digital-rockwell-hardness-tester","status":"publish","type":"product","link":"https:\/\/hardnesstests.com\/es\/producto\/hrts-150z-fully-automatic-touch-screen-digital-rockwell-hardness-tester\/","title":{"rendered":"(HRTS-150Z) Dur\u00f3metro Rockwell digital con pantalla t\u00e1ctil totalmente autom\u00e1tico"},"content":{"rendered":"<h1 style=\"font-weight: 400;\"><strong>Principales funciones y caracter\u00edsticas del instrumento<\/strong><\/h1>\n<ol>\n<li style=\"font-weight: 400;\">The 7-inch LCD touch screen can intuitively display the hardness value, converted hardness, test method, test force, brightness, initial test force holding time, total test force holding time, elastic recovery time, number of measurements, statistical data, test time and other test processes. The test process is intuitive and clear;<\/li>\n<li style=\"font-weight: 400;\">El sistema tiene una funci\u00f3n de calibraci\u00f3n incorporada, que puede ajustar autom\u00e1ticamente el rango de error de 80-120%, o calibrar el instrumento por separado con valores bajos y altos<\/li>\n<li style=\"font-weight: 400;\">Al comprobar la superficie curva, se corrige autom\u00e1ticamente seg\u00fan el radio de superficie curva est\u00e1ndar;<\/li>\n<li style=\"font-weight: 400;\">It can store 100 sets of test data, and the test data can be viewed at any time, and the current data can be deleted or all test data can be cleared; the average value and number of times can be displayed on the main interface. The product name can also be set.<\/li>\n<li style=\"font-weight: 400;\">Test force units can be converted to each other, the conversion units are: (Kgf, N)<\/li>\n<li style=\"font-weight: 400;\">Can simultaneously display: maximum value, minimum value, average value, number of tests, product name;<\/li>\n<li style=\"font-weight: 400;\">The main interface can simultaneously display 4 conversion scales, and can switch: national standard (GB), American standard (ASTM) and international (ISO) standard, a total of 20 measurement scales can be converted: HRA, HRB, HRC, HRD, HRE, HRF, HRG, HRK, HR15N, HR30N, HR45N, HR15T, HR30T, HR45T, HK, HBW, HS, HBS, HV, Rm (tensile strength),<\/li>\n<li style=\"font-weight: 400;\">Se puede ajustar el tiempo de suspensi\u00f3n de la pantalla, que entrar\u00e1 autom\u00e1ticamente en estado de suspensi\u00f3n tras una inactividad prolongada, lo que es respetuoso con el medio ambiente;<\/li>\n<li style=\"font-weight: 400;\">Se pueden establecer los l\u00edmites superior e inferior del rango de medici\u00f3n, que se mostrar\u00e1n en la interfaz de medici\u00f3n principal, y el valor no cualificado provocar\u00e1 autom\u00e1ticamente una alarma;<\/li>\n<li style=\"font-weight: 400;\">El sistema operativo tiene 14 idiomas, que pueden cambiarse a voluntad: Chino, chino tradicional, ingl\u00e9s, ruso, alem\u00e1n, franc\u00e9s, espa\u00f1ol, portugu\u00e9s, turco, checo, japon\u00e9s, coreano, tailand\u00e9s y vietnamita;<\/li>\n<li style=\"font-weight: 400;\">Equipped with a built-in printer, the test data can also be exported to a USB flash drive via USB for storage and analysis;<\/li>\n<li style=\"font-weight: 400;\">The one-time molding structure of the casting shell is stable and does not deform. The pure white car paint is of high grade and has strong scratch resistance. It is still bright as new after years of use;<\/li>\n<li style=\"font-weight: 400;\">Our company has the ability to independently develop, design and produce, and our machines provide lifetime parts replacement and maintenance upgrade services;<\/li>\n<\/ol>\n<h1 style=\"font-weight: 400;\"><strong>Principales usos y alcance del instrumento:<\/strong><\/h1>\n<ol>\n<li style=\"font-weight: 400;\">Determinar la dureza Rockwell de metales ferrosos, metales no ferrosos y aleaciones duras:<\/li>\n<li style=\"font-weight: 400;\">Dureza Rockwell de piezas de fundici\u00f3n, acero recocido, acero normalizado, metales no ferrosos y aleaciones blandas;<\/li>\n<li style=\"font-weight: 400;\">Dureza Rockwell de los materiales tratados t\u00e9rmicamente, como el temple y el revenido;<\/li>\n<\/ol>\n<h1 style=\"font-weight: 400;\"><strong>Par\u00e1metros detallados del instrumento:<\/strong><\/h1>\n<table>\n<tbody>\n<tr>\n<td width=\"158\">Nombre del par\u00e1metro<\/td>\n<td width=\"390\">Datos de los par\u00e1metros<\/td>\n<\/tr>\n<tr>\n<td width=\"158\">Initial test force (N)<\/td>\n<td width=\"390\">10kgf (98.07N) error permitido \u00b12.0%<\/td>\n<\/tr>\n<tr>\n<td width=\"158\">Total test force (N)<\/td>\n<td width=\"390\">60kgf(588N)\u00a0\u00a0\u00a0100kgf(980N)\u00a0\u00a0\u00a0\u00a0150kgf(1471N)<\/td>\n<\/tr>\n<tr>\n<td width=\"158\">Rockwell scale<\/td>\n<td width=\"390\">HRA\u3001HRB\u3001HRC\u3001HRD\u3001HRE\u3001HRF\u3001HRG\u3001HRH\u3001HRK\u00a0\u00a0HRL\u3001HRM\u3001HRP\u3001HRR\u3001HRS\u3001HRV<\/td>\n<\/tr>\n<tr>\n<td width=\"158\">Test standard<\/td>\n<td width=\"390\">Normas nacionales GB\/T230.1, GB\/T230.2, procedimientos de verificaci\u00f3n JJG112<\/p>\n<p>GB\/T2848, GB\/T3773 normas originales, EN10109, ASTM E18, ISO 6508<\/td>\n<\/tr>\n<tr>\n<td width=\"158\">Precisi\u00f3n<\/td>\n<td width=\"390\">0.1HR<\/td>\n<\/tr>\n<tr>\n<td width=\"158\">Dwelling time (s)<\/td>\n<td width=\"390\">1-60<\/td>\n<\/tr>\n<tr>\n<td width=\"158\">Hardness indication reading method<\/td>\n<td width=\"390\">7-inch touch LCD display<\/td>\n<\/tr>\n<tr>\n<td width=\"158\">Z axis<\/td>\n<td width=\"390\">Momentary lifting, automatic lifting, one-button testing<\/td>\n<\/tr>\n<tr>\n<td width=\"158\">Lighting brightness<\/td>\n<td width=\"390\">0-100%<\/td>\n<\/tr>\n<tr>\n<td width=\"158\">Maximum allowable height of test piece (mm)<\/td>\n<td width=\"390\">230<\/td>\n<\/tr>\n<tr>\n<td width=\"158\">Distance from center of indenter to body (mm)<\/td>\n<td width=\"390\">160<\/td>\n<\/tr>\n<tr>\n<td width=\"158\">Dimensions of hardness tester (mm)<\/td>\n<td width=\"390\">550\u00d7220\u00d7730<\/td>\n<\/tr>\n<tr>\n<td width=\"158\">Alimentaci\u00f3n<\/td>\n<td width=\"390\">220V\/50HZ<\/td>\n<\/tr>\n<tr>\n<td width=\"158\">Instrument weight (kg)<\/td>\n<td width=\"390\">85<\/td>\n<\/tr>\n<tr>\n<td width=\"158\">Hardness test range<\/td>\n<td width=\"390\">HRA:20-88 HRB:20-100 HRC:20-70 HRD:40-77 HRE:70-94 HRF:60-100 HRG:30-94 HRH:80-100\u00a0\u00a0HRK:40-100\u00a0\u00a0HRL:100-120\u00a0\u00a0HRM:85-110 HRR:114-125\u00a0\u00a0HRS<\/td>\n<\/tr>\n<\/tbody>\n<\/table>\n<h1 style=\"font-weight: 400;\">Instrument standard configuration<strong>\uff1a<\/strong><\/h1>\n<table>\n<tbody>\n<tr>\n<td width=\"114\"><strong>Serial number<\/strong><\/td>\n<td width=\"306\">Name (Specification)<\/td>\n<td width=\"132\">Quantity<\/td>\n<\/tr>\n<tr>\n<td width=\"114\">1<\/td>\n<td width=\"306\">Diamond Rockwell indenter, \u03c61.5875mm carbide indenter<\/td>\n<td width=\"132\">1 each<\/td>\n<\/tr>\n<tr>\n<td width=\"114\">2<\/td>\n<td width=\"306\">Large flat test bench, medium flat test bench, &#8220;V&#8221; test bench<\/td>\n<td width=\"132\">3 in total<\/td>\n<\/tr>\n<tr>\n<td width=\"114\">3<\/td>\n<td width=\"306\">HRB hardness block<\/td>\n<td width=\"132\">1 block<\/td>\n<\/tr>\n<tr>\n<td width=\"114\">4<\/td>\n<td width=\"306\">HRC high and low hardness blocks<\/td>\n<td width=\"132\">2 blocks in total<\/td>\n<\/tr>\n<tr>\n<td width=\"114\">5<\/td>\n<td width=\"306\">Fuse 2A<\/td>\n<td width=\"132\">2 sticks<\/td>\n<\/tr>\n<tr>\n<td width=\"114\">6<\/td>\n<td width=\"306\">Power cord<\/td>\n<td width=\"132\">1 stick<\/td>\n<\/tr>\n<tr>\n<td width=\"114\">7<\/td>\n<td width=\"306\">USB communication cable<\/td>\n<td width=\"132\">1 stick<\/td>\n<\/tr>\n<tr>\n<td width=\"114\">8<\/td>\n<td width=\"306\">Weights A, B, C<\/td>\n<td width=\"132\">3 in total<\/td>\n<\/tr>\n<tr>\n<td width=\"114\">9<\/td>\n<td width=\"306\">Dust-proof plastic cover<\/td>\n<td width=\"132\">1 stick<\/td>\n<\/tr>\n<tr>\n<td width=\"114\">10<\/td>\n<td width=\"306\">Product certificate<\/td>\n<td width=\"132\">1 copy<\/td>\n<\/tr>\n<tr>\n<td width=\"114\">11<\/td>\n<td width=\"306\">Printer paper,<\/td>\n<td width=\"132\">1 piece<\/td>\n<\/tr>\n<tr>\n<td width=\"114\">12<\/td>\n<td width=\"306\">Product instruction manual<\/td>\n<td width=\"132\">1 book<\/td>\n<\/tr>\n<\/tbody>\n<\/table>","protected":false},"excerpt":{"rendered":"<p>HRTS-150Z fully automatic color touch screen digital Rockwell hardness tester is a new generation of multifunctional, high-precision, stable performance fully automatic product of our company. It has a novel appearance, the shell is made of one-piece casting, and has high stability. Its touch screen interface is menu-based, and the operation is simple, intuitive and convenient. The measuring device uses a grating sensor and computer control. The hardness indication is directly displayed on the LCD screen. It is a mechatronic hardness tester. It can automatically convert various hardness parameters to each other and identify the minimum thickness of the test piece. When testing a cylinder, it can automatically add a correction amount. It has a built-in printer to read relevant test results. It realizes automatic operation and eliminates manual operation and reading errors! At the same time, this machine is also equipped with an emergency stop device, which is safer to use.<\/p>","protected":false},"featured_media":29823,"comment_status":"open","ping_status":"closed","template":"","meta":[],"product_brand":[],"product_cat":[70,74],"product_tag":[109],"class_list":{"0":"post-29822","1":"product","2":"type-product","3":"status-publish","4":"has-post-thumbnail","6":"product_cat-hardness-tester","7":"product_cat-rockwell-hardness-tester","8":"product_tag-methods-rockwell-hardness-test","10":"first","11":"instock","12":"shipping-taxable","13":"product-type-simple"},"yoast_head":"<!-- This site is optimized with the Yoast SEO Premium plugin v25.4 (Yoast SEO v27.4) - https:\/\/yoast.com\/product\/yoast-seo-premium-wordpress\/ -->\n<title>(HRTS-150Z) Fully automatic touch screen digital Rockwell hardness tester - hardnesstests<\/title>\n<meta name=\"robots\" content=\"index, follow, max-snippet:-1, max-image-preview:large, max-video-preview:-1\" \/>\n<link rel=\"canonical\" href=\"https:\/\/hardnesstests.com\/es\/producto\/hrts-150z-fully-automatic-touch-screen-digital-rockwell-hardness-tester\/\" \/>\n<meta property=\"og:locale\" content=\"es_ES\" \/>\n<meta property=\"og:type\" content=\"article\" \/>\n<meta property=\"og:title\" content=\"(HRTS-150Z) Fully automatic touch screen digital Rockwell hardness tester\" \/>\n<meta property=\"og:description\" content=\"HRTS-150Z fully automatic color touch screen digital Rockwell hardness tester is a new generation of multifunctional, high-precision, stable performance fully automatic product of our company. It has a novel appearance, the shell is made of one-piece casting, and has high stability. Its touch screen interface is menu-based, and the operation is simple, intuitive and convenient. The measuring device uses a grating sensor and computer control. The hardness indication is directly displayed on the LCD screen. It is a mechatronic hardness tester. It can automatically convert various hardness parameters to each other and identify the minimum thickness of the test piece. When testing a cylinder, it can automatically add a correction amount. It has a built-in printer to read relevant test results. It realizes automatic operation and eliminates manual operation and reading errors! At the same time, this machine is also equipped with an emergency stop device, which is safer to use.\" \/>\n<meta property=\"og:url\" content=\"https:\/\/hardnesstests.com\/es\/producto\/hrts-150z-fully-automatic-touch-screen-digital-rockwell-hardness-tester\/\" \/>\n<meta property=\"og:site_name\" content=\"hardnesstests\" \/>\n<meta property=\"article:modified_time\" content=\"2025-11-27T08:40:18+00:00\" \/>\n<meta property=\"og:image\" content=\"https:\/\/hardnesstests.com\/wp-content\/uploads\/2025\/11\/HRTS-150Z\u5168\u81ea\u52a8\u89e6\u6478\u5c4f\u6570\u5b57\u6d1b\u6c0f\u786c\u5ea6\u8ba1.jpg\" \/>\n\t<meta property=\"og:image:width\" content=\"800\" \/>\n\t<meta property=\"og:image:height\" content=\"800\" \/>\n\t<meta property=\"og:image:type\" content=\"image\/jpeg\" \/>\n<meta name=\"twitter:card\" content=\"summary_large_image\" \/>\n<meta name=\"twitter:label1\" content=\"Tiempo de lectura\" \/>\n\t<meta name=\"twitter:data1\" content=\"3 minutos\" \/>\n<script type=\"application\/ld+json\" class=\"yoast-schema-graph\">{\"@context\":\"https:\\\/\\\/schema.org\",\"@graph\":[{\"@type\":\"WebPage\",\"@id\":\"https:\\\/\\\/hardnesstests.com\\\/product\\\/hrts-150z-fully-automatic-touch-screen-digital-rockwell-hardness-tester\\\/\",\"url\":\"https:\\\/\\\/hardnesstests.com\\\/product\\\/hrts-150z-fully-automatic-touch-screen-digital-rockwell-hardness-tester\\\/\",\"name\":\"(HRTS-150Z) Fully automatic touch screen digital Rockwell hardness tester - hardnesstests\",\"isPartOf\":{\"@id\":\"https:\\\/\\\/hardnesstests.com\\\/tr\\\/#website\"},\"primaryImageOfPage\":{\"@id\":\"https:\\\/\\\/hardnesstests.com\\\/product\\\/hrts-150z-fully-automatic-touch-screen-digital-rockwell-hardness-tester\\\/#primaryimage\"},\"image\":{\"@id\":\"https:\\\/\\\/hardnesstests.com\\\/product\\\/hrts-150z-fully-automatic-touch-screen-digital-rockwell-hardness-tester\\\/#primaryimage\"},\"thumbnailUrl\":\"https:\\\/\\\/hardnesstests.com\\\/wp-content\\\/uploads\\\/2025\\\/11\\\/HRTS-150Z\u5168\u81ea\u52a8\u89e6\u6478\u5c4f\u6570\u5b57\u6d1b\u6c0f\u786c\u5ea6\u8ba1.jpg\",\"datePublished\":\"2025-11-27T08:40:17+00:00\",\"dateModified\":\"2025-11-27T08:40:18+00:00\",\"breadcrumb\":{\"@id\":\"https:\\\/\\\/hardnesstests.com\\\/product\\\/hrts-150z-fully-automatic-touch-screen-digital-rockwell-hardness-tester\\\/#breadcrumb\"},\"inLanguage\":\"es\",\"potentialAction\":[{\"@type\":\"ReadAction\",\"target\":[\"https:\\\/\\\/hardnesstests.com\\\/product\\\/hrts-150z-fully-automatic-touch-screen-digital-rockwell-hardness-tester\\\/\"]}]},{\"@type\":\"ImageObject\",\"inLanguage\":\"es\",\"@id\":\"https:\\\/\\\/hardnesstests.com\\\/product\\\/hrts-150z-fully-automatic-touch-screen-digital-rockwell-hardness-tester\\\/#primaryimage\",\"url\":\"https:\\\/\\\/hardnesstests.com\\\/wp-content\\\/uploads\\\/2025\\\/11\\\/HRTS-150Z\u5168\u81ea\u52a8\u89e6\u6478\u5c4f\u6570\u5b57\u6d1b\u6c0f\u786c\u5ea6\u8ba1.jpg\",\"contentUrl\":\"https:\\\/\\\/hardnesstests.com\\\/wp-content\\\/uploads\\\/2025\\\/11\\\/HRTS-150Z\u5168\u81ea\u52a8\u89e6\u6478\u5c4f\u6570\u5b57\u6d1b\u6c0f\u786c\u5ea6\u8ba1.jpg\",\"width\":800,\"height\":800,\"caption\":\"(HRTS-150Z) Fully automatic touch screen digital Rockwell hardness tester\"},{\"@type\":\"BreadcrumbList\",\"@id\":\"https:\\\/\\\/hardnesstests.com\\\/product\\\/hrts-150z-fully-automatic-touch-screen-digital-rockwell-hardness-tester\\\/#breadcrumb\",\"itemListElement\":[{\"@type\":\"ListItem\",\"position\":1,\"name\":\"\u9996\u9875\",\"item\":\"https:\\\/\\\/hardnesstests.com\\\/\"},{\"@type\":\"ListItem\",\"position\":2,\"name\":\"products\",\"item\":\"https:\\\/\\\/hardnesstests.com\\\/products\\\/\"},{\"@type\":\"ListItem\",\"position\":3,\"name\":\"(HRTS-150Z) Fully automatic touch screen digital Rockwell hardness tester\"}]},{\"@type\":\"WebSite\",\"@id\":\"https:\\\/\\\/hardnesstests.com\\\/tr\\\/#website\",\"url\":\"https:\\\/\\\/hardnesstests.com\\\/tr\\\/\",\"name\":\"hardnesstests\",\"description\":\"\",\"publisher\":{\"@id\":\"https:\\\/\\\/hardnesstests.com\\\/tr\\\/#organization\"},\"potentialAction\":[{\"@type\":\"SearchAction\",\"target\":{\"@type\":\"EntryPoint\",\"urlTemplate\":\"https:\\\/\\\/hardnesstests.com\\\/tr\\\/?s={search_term_string}\"},\"query-input\":{\"@type\":\"PropertyValueSpecification\",\"valueRequired\":true,\"valueName\":\"search_term_string\"}}],\"inLanguage\":\"es\"},{\"@type\":\"Organization\",\"@id\":\"https:\\\/\\\/hardnesstests.com\\\/tr\\\/#organization\",\"name\":\"hardnesstests\",\"url\":\"https:\\\/\\\/hardnesstests.com\\\/tr\\\/\",\"logo\":{\"@type\":\"ImageObject\",\"inLanguage\":\"es\",\"@id\":\"https:\\\/\\\/hardnesstests.com\\\/tr\\\/#\\\/schema\\\/logo\\\/image\\\/\",\"url\":\"https:\\\/\\\/hardnesstests.com\\\/wp-content\\\/uploads\\\/2021\\\/08\\\/\u5fae\u4fe1\u56fe\u7247_20251029102004_335_1287.png\",\"contentUrl\":\"https:\\\/\\\/hardnesstests.com\\\/wp-content\\\/uploads\\\/2021\\\/08\\\/\u5fae\u4fe1\u56fe\u7247_20251029102004_335_1287.png\",\"width\":1308,\"height\":467,\"caption\":\"hardnesstests\"},\"image\":{\"@id\":\"https:\\\/\\\/hardnesstests.com\\\/tr\\\/#\\\/schema\\\/logo\\\/image\\\/\"}}]}<\/script>\n<!-- \/ Yoast SEO Premium plugin. -->","yoast_head_json":{"title":"(HRTS-150Z) Fully automatic touch screen digital Rockwell hardness tester - hardnesstests","robots":{"index":"index","follow":"follow","max-snippet":"max-snippet:-1","max-image-preview":"max-image-preview:large","max-video-preview":"max-video-preview:-1"},"canonical":"https:\/\/hardnesstests.com\/es\/producto\/hrts-150z-fully-automatic-touch-screen-digital-rockwell-hardness-tester\/","og_locale":"es_ES","og_type":"article","og_title":"(HRTS-150Z) Fully automatic touch screen digital Rockwell hardness tester","og_description":"HRTS-150Z fully automatic color touch screen digital Rockwell hardness tester is a new generation of multifunctional, high-precision, stable performance fully automatic product of our company. It has a novel appearance, the shell is made of one-piece casting, and has high stability. Its touch screen interface is menu-based, and the operation is simple, intuitive and convenient. The measuring device uses a grating sensor and computer control. The hardness indication is directly displayed on the LCD screen. It is a mechatronic hardness tester. It can automatically convert various hardness parameters to each other and identify the minimum thickness of the test piece. When testing a cylinder, it can automatically add a correction amount. It has a built-in printer to read relevant test results. It realizes automatic operation and eliminates manual operation and reading errors! At the same time, this machine is also equipped with an emergency stop device, which is safer to use.","og_url":"https:\/\/hardnesstests.com\/es\/producto\/hrts-150z-fully-automatic-touch-screen-digital-rockwell-hardness-tester\/","og_site_name":"hardnesstests","article_modified_time":"2025-11-27T08:40:18+00:00","og_image":[{"width":800,"height":800,"url":"https:\/\/hardnesstests.com\/wp-content\/uploads\/2025\/11\/HRTS-150Z\u5168\u81ea\u52a8\u89e6\u6478\u5c4f\u6570\u5b57\u6d1b\u6c0f\u786c\u5ea6\u8ba1.jpg","type":"image\/jpeg"}],"twitter_card":"summary_large_image","twitter_misc":{"Tiempo de lectura":"3 minutos"},"schema":{"@context":"https:\/\/schema.org","@graph":[{"@type":"WebPage","@id":"https:\/\/hardnesstests.com\/product\/hrts-150z-fully-automatic-touch-screen-digital-rockwell-hardness-tester\/","url":"https:\/\/hardnesstests.com\/product\/hrts-150z-fully-automatic-touch-screen-digital-rockwell-hardness-tester\/","name":"(HRTS-150Z) Fully automatic touch screen digital Rockwell hardness tester - hardnesstests","isPartOf":{"@id":"https:\/\/hardnesstests.com\/tr\/#website"},"primaryImageOfPage":{"@id":"https:\/\/hardnesstests.com\/product\/hrts-150z-fully-automatic-touch-screen-digital-rockwell-hardness-tester\/#primaryimage"},"image":{"@id":"https:\/\/hardnesstests.com\/product\/hrts-150z-fully-automatic-touch-screen-digital-rockwell-hardness-tester\/#primaryimage"},"thumbnailUrl":"https:\/\/hardnesstests.com\/wp-content\/uploads\/2025\/11\/HRTS-150Z\u5168\u81ea\u52a8\u89e6\u6478\u5c4f\u6570\u5b57\u6d1b\u6c0f\u786c\u5ea6\u8ba1.jpg","datePublished":"2025-11-27T08:40:17+00:00","dateModified":"2025-11-27T08:40:18+00:00","breadcrumb":{"@id":"https:\/\/hardnesstests.com\/product\/hrts-150z-fully-automatic-touch-screen-digital-rockwell-hardness-tester\/#breadcrumb"},"inLanguage":"es","potentialAction":[{"@type":"ReadAction","target":["https:\/\/hardnesstests.com\/product\/hrts-150z-fully-automatic-touch-screen-digital-rockwell-hardness-tester\/"]}]},{"@type":"ImageObject","inLanguage":"es","@id":"https:\/\/hardnesstests.com\/product\/hrts-150z-fully-automatic-touch-screen-digital-rockwell-hardness-tester\/#primaryimage","url":"https:\/\/hardnesstests.com\/wp-content\/uploads\/2025\/11\/HRTS-150Z\u5168\u81ea\u52a8\u89e6\u6478\u5c4f\u6570\u5b57\u6d1b\u6c0f\u786c\u5ea6\u8ba1.jpg","contentUrl":"https:\/\/hardnesstests.com\/wp-content\/uploads\/2025\/11\/HRTS-150Z\u5168\u81ea\u52a8\u89e6\u6478\u5c4f\u6570\u5b57\u6d1b\u6c0f\u786c\u5ea6\u8ba1.jpg","width":800,"height":800,"caption":"(HRTS-150Z) Fully automatic touch screen digital Rockwell hardness tester"},{"@type":"BreadcrumbList","@id":"https:\/\/hardnesstests.com\/product\/hrts-150z-fully-automatic-touch-screen-digital-rockwell-hardness-tester\/#breadcrumb","itemListElement":[{"@type":"ListItem","position":1,"name":"\u9996\u9875","item":"https:\/\/hardnesstests.com\/"},{"@type":"ListItem","position":2,"name":"products","item":"https:\/\/hardnesstests.com\/products\/"},{"@type":"ListItem","position":3,"name":"(HRTS-150Z) Fully automatic touch screen digital Rockwell hardness tester"}]},{"@type":"WebSite","@id":"https:\/\/hardnesstests.com\/tr\/#website","url":"https:\/\/hardnesstests.com\/tr\/","name":"hardnesstests","description":"","publisher":{"@id":"https:\/\/hardnesstests.com\/tr\/#organization"},"potentialAction":[{"@type":"SearchAction","target":{"@type":"EntryPoint","urlTemplate":"https:\/\/hardnesstests.com\/tr\/?s={search_term_string}"},"query-input":{"@type":"PropertyValueSpecification","valueRequired":true,"valueName":"search_term_string"}}],"inLanguage":"es"},{"@type":"Organization","@id":"https:\/\/hardnesstests.com\/tr\/#organization","name":"hardnesstests","url":"https:\/\/hardnesstests.com\/tr\/","logo":{"@type":"ImageObject","inLanguage":"es","@id":"https:\/\/hardnesstests.com\/tr\/#\/schema\/logo\/image\/","url":"https:\/\/hardnesstests.com\/wp-content\/uploads\/2021\/08\/\u5fae\u4fe1\u56fe\u7247_20251029102004_335_1287.png","contentUrl":"https:\/\/hardnesstests.com\/wp-content\/uploads\/2021\/08\/\u5fae\u4fe1\u56fe\u7247_20251029102004_335_1287.png","width":1308,"height":467,"caption":"hardnesstests"},"image":{"@id":"https:\/\/hardnesstests.com\/tr\/#\/schema\/logo\/image\/"}}]}},"_links":{"self":[{"href":"https:\/\/hardnesstests.com\/es\/wp-json\/wp\/v2\/product\/29822","targetHints":{"allow":["GET"]}}],"collection":[{"href":"https:\/\/hardnesstests.com\/es\/wp-json\/wp\/v2\/product"}],"about":[{"href":"https:\/\/hardnesstests.com\/es\/wp-json\/wp\/v2\/types\/product"}],"replies":[{"embeddable":true,"href":"https:\/\/hardnesstests.com\/es\/wp-json\/wp\/v2\/comments?post=29822"}],"version-history":[{"count":2,"href":"https:\/\/hardnesstests.com\/es\/wp-json\/wp\/v2\/product\/29822\/revisions"}],"predecessor-version":[{"id":29826,"href":"https:\/\/hardnesstests.com\/es\/wp-json\/wp\/v2\/product\/29822\/revisions\/29826"}],"wp:featuredmedia":[{"embeddable":true,"href":"https:\/\/hardnesstests.com\/es\/wp-json\/wp\/v2\/media\/29823"}],"wp:attachment":[{"href":"https:\/\/hardnesstests.com\/es\/wp-json\/wp\/v2\/media?parent=29822"}],"wp:term":[{"taxonomy":"product_brand","embeddable":true,"href":"https:\/\/hardnesstests.com\/es\/wp-json\/wp\/v2\/product_brand?post=29822"},{"taxonomy":"product_cat","embeddable":true,"href":"https:\/\/hardnesstests.com\/es\/wp-json\/wp\/v2\/product_cat?post=29822"},{"taxonomy":"product_tag","embeddable":true,"href":"https:\/\/hardnesstests.com\/es\/wp-json\/wp\/v2\/product_tag?post=29822"}],"curies":[{"name":"wp","href":"https:\/\/api.w.org\/{rel}","templated":true}]}}