{"id":29819,"date":"2025-11-27T08:37:18","date_gmt":"2025-11-27T08:37:18","guid":{"rendered":"https:\/\/hardnesstests.com\/?post_type=product&#038;p=29819"},"modified":"2025-11-27T08:37:18","modified_gmt":"2025-11-27T08:37:18","slug":"hrts-45-touch-screen-digital-display-surface-rockwell-hardness-tester","status":"publish","type":"product","link":"https:\/\/hardnesstests.com\/es\/producto\/hrts-45-touch-screen-digital-display-surface-rockwell-hardness-tester\/","title":{"rendered":"(HRTS-45) Dur\u00f3metro Rockwell de superficie con pantalla digital t\u00e1ctil"},"content":{"rendered":"<h1 style=\"font-weight: 400;\"><strong>Principales funciones y caracter\u00edsticas del instrumento<\/strong><\/h1>\n<ol>\n<li style=\"font-weight: 400;\">The 7-inch LCD touch screen can directly display the hardness value, convert the hardness, test method, test force, brightness, initial test force retention time, total test force retention time, elastic recovery time, measurement times, statistical data, test time Wait for the test process to be intuitive and clear;<\/li>\n<li style=\"font-weight: 400;\">The system comes with a calibration function, which can automatically adjust the error range of 80-120%, or calibrate the instrument separately for low and high values<\/li>\n<li style=\"font-weight: 400;\">Al comprobar la superficie curva, se corrige autom\u00e1ticamente seg\u00fan el radio de superficie curva est\u00e1ndar;<\/li>\n<li style=\"font-weight: 400;\">100 sets of test data can be stored, and the test data can be viewed at any time, and the current data can also be deleted or all the test data can be cleared;<\/li>\n<li style=\"font-weight: 400;\">The test force units can be converted mutually, the conversion unit is: (Kgf, N)<\/li>\n<li style=\"font-weight: 400;\">Simultaneous display: maximum value, minimum value, average value, test times, product name;<\/li>\n<li style=\"font-weight: 400;\">The main interface can display 4 conversion scales at the same time, and can switch: National Standard (GB), American Standard (ASTM) and International (ISO) Standards. A total of 20 measuring scales can be converted: HRA, HRB, HRC, HRD, HRE, HRF, HRG, HRK, HR15N, HR30N, HR45N, HR15T, HR30T, HR45T, HK, HBW, HS, HBS, HV, Rm (tensile strength),<\/li>\n<li style=\"font-weight: 400;\">The screen sleep time can be set, and it will automatically enter the sleep state if it is not operated for a long time, saving environmental protection;<\/li>\n<li style=\"font-weight: 400;\">The upper and lower limit measurement range can be set, displayed on the main measurement interface, and the unqualified value will automatically prompt an alarm;<\/li>\n<li style=\"font-weight: 400;\">There are 14 languages in the operating system, which can be switched at will: Chinese, Traditional Chinese, English, Russian, German, French, Spanish, Portuguese, Turkish, Czech, Japanese, Korean, Thai, Vietnamese;<\/li>\n<li style=\"font-weight: 400;\">Equipped with a built-in printer, test data can also be output to U disk via USB for storage and analysis;<\/li>\n<li style=\"font-weight: 400;\">The casting shell has a stable and non-deformed structure once formed, the pure white car paint has a high grade, strong scratch resistance, and it is still bright as new after many years of use;<\/li>\n<li style=\"font-weight: 400;\">Our company has the ability to develop, design and produce on its own. Our machines provide parts replacement and maintenance upgrade services for life;<\/li>\n<\/ol>\n<h1 style=\"font-weight: 400;\"><strong>The main purpose and scope of use of the instrument<\/strong><strong>\uff1a<\/strong><\/h1>\n<p style=\"font-weight: 400;\">Surface hardened steel, copper, aluminum alloy sheet, strip steel, hard alloy steel<\/p>\n<p style=\"font-weight: 400;\">Various metal materials such as zinc plating, chrome plating, tin plating, material surface heat treatment and chemical surface treatment<\/p>\n<p style=\"font-weight: 400;\">Casting and forging parts \u00b7Sample test and acceptance inspection<\/p>\n<p style=\"font-weight: 400;\">Flat and cylindrical workpieces \u00b7 Steel, non-ferrous metals<\/p>\n<p style=\"font-weight: 400;\">Automobile and aviation industry \u00b7 Cemented carbide, ceramics, stainless steel<\/p>\n<p style=\"font-weight: 400;\">Laboratory and workshop<\/p>\n<h1 style=\"font-weight: 400;\"><strong>Detailed instrument parameters<\/strong><strong>\uff1a<\/strong><\/h1>\n<table>\n<tbody>\n<tr>\n<td width=\"158\">nombre del par\u00e1metro<\/td>\n<td width=\"390\">Datos de los par\u00e1metros<\/td>\n<\/tr>\n<tr>\n<td width=\"158\">Initial test force (N)<\/td>\n<td width=\"390\">3kgf(29.42N)\u00a0\u00a0\u00a0Allowable error\u00b12.0%<\/td>\n<\/tr>\n<tr>\n<td width=\"158\">Total test force (N)<\/td>\n<td width=\"390\">15kgf(147.1N) 30kgf(294.2N) 45kgf(441.3N)<\/td>\n<\/tr>\n<tr>\n<td width=\"158\">Rocket Ruler<\/td>\n<td width=\"390\">HR15N, HR30N, HR45N, HR15T, HR30T, HR45T<\/td>\n<\/tr>\n<tr>\n<td width=\"158\">Inspection standards<\/td>\n<td width=\"390\">GB\/T230.1, GB\/T230.2 Chinese Standard, JJG112 Verification Regulations<\/p>\n<p>GB\/T2848, GB\/T3773 original standard, EN10109, ASTM E18, ISO 6508<\/td>\n<\/tr>\n<tr>\n<td width=\"158\">Precisi\u00f3n<\/td>\n<td width=\"390\">0.1HR<\/td>\n<\/tr>\n<tr>\n<td width=\"158\">Dwell time(s)<\/td>\n<td width=\"390\">1-60<\/td>\n<\/tr>\n<tr>\n<td width=\"158\">Hardness reading method<\/td>\n<td width=\"390\">7 inch touch LCD screen<\/td>\n<\/tr>\n<tr>\n<td width=\"158\">Maximum allowable height of test piece (mm)<\/td>\n<td width=\"390\">190<\/td>\n<\/tr>\n<tr>\n<td width=\"158\">Distance from indenter center to fuselage (mm)<\/td>\n<td width=\"390\">165<\/td>\n<\/tr>\n<tr>\n<td width=\"158\">Dimensions of Hardness Tester (mm)<\/td>\n<td width=\"390\">550\u00d7220\u00d7730<\/td>\n<\/tr>\n<tr>\n<td width=\"158\">power supply<\/td>\n<td width=\"390\">220V\/50HZ<\/td>\n<\/tr>\n<tr>\n<td width=\"158\">Instrument weight (kg)<\/td>\n<td width=\"390\">75<\/td>\n<\/tr>\n<tr>\n<td width=\"158\">Hardness test range<\/td>\n<td width=\"390\">HR15N:70-94\u00a0\u00a0\u00a0\u00a0\u00a0HR30N:42-86\u00a0\u00a0\u00a0\u00a0\u00a0HR45N:20-77<\/p>\n<p>HR15T:67-93\u00a0\u00a0\u00a0\u00a0\u00a0HR-30T:29-82\u00a0\u00a0\u00a0\u00a0HR45T:10-72<\/td>\n<\/tr>\n<\/tbody>\n<\/table>\n<h1 style=\"font-weight: 400;\">\u00a0<strong>Instrument standard configuration<\/strong><strong>\uff1a<\/strong><\/h1>\n<table>\n<tbody>\n<tr>\n<td width=\"114\"><strong>No.<\/strong><\/td>\n<td width=\"306\"><strong>Name (specification)<\/strong><\/td>\n<td width=\"132\"><strong>Quantity<\/strong><\/td>\n<\/tr>\n<tr>\n<td width=\"114\">1<\/td>\n<td width=\"306\">Diamond Rockwell indenter, \u03c61.5875mm cemented carbide indenter<\/td>\n<td width=\"132\">1 each<\/td>\n<\/tr>\n<tr>\n<td width=\"114\">2<\/td>\n<td width=\"306\">Daping test bench, Zhongping test bench, &#8220;V&#8221; type test bench<\/td>\n<td width=\"132\">1 each<\/td>\n<\/tr>\n<tr>\n<td width=\"114\">3<\/td>\n<td width=\"306\">HR30T<\/td>\n<td width=\"132\">1<\/td>\n<\/tr>\n<tr>\n<td width=\"114\">4<\/td>\n<td width=\"306\">HR30N\u00a0\u00a0HR15N<\/td>\n<td width=\"132\">1 each<\/td>\n<\/tr>\n<tr>\n<td width=\"114\">5<\/td>\n<td width=\"306\">Fuse 2A<\/td>\n<td width=\"132\">2<\/td>\n<\/tr>\n<tr>\n<td width=\"114\">6<\/td>\n<td width=\"306\">power cable<\/td>\n<td width=\"132\">1<\/td>\n<\/tr>\n<tr>\n<td width=\"114\">7<\/td>\n<td width=\"306\">Weights A, B, C<\/td>\n<td width=\"132\">1 each<\/td>\n<\/tr>\n<tr>\n<td width=\"114\">8<\/td>\n<td width=\"306\">Dustproof plastic cover<\/td>\n<td width=\"132\">1<\/td>\n<\/tr>\n<tr>\n<td width=\"114\">9<\/td>\n<td width=\"306\">Product Certificate of Conformity<\/td>\n<td width=\"132\">1<\/td>\n<\/tr>\n<tr>\n<td width=\"114\">10<\/td>\n<td width=\"306\">Printer paper,<\/td>\n<td width=\"132\">1<\/td>\n<\/tr>\n<tr>\n<td width=\"114\">11<\/td>\n<td width=\"306\">Manual de instrucciones<\/td>\n<td width=\"132\">1<\/td>\n<\/tr>\n<\/tbody>\n<\/table>","protected":false},"excerpt":{"rendered":"<p>HRTS-45 color touch screen digital display surface Rockwell hardness tester is our new generation of high-tech products with multi-function, high precision and stable performance. Its appearance is novel, the shell adopts one-piece casting, the stability is high, and its touch screen interface is menu-oriented , The operation is simple, intuitive and convenient. The measuring device adopts grating sensor and computer control. The hardness value is directly displayed on the LCD screen. It is a mechatronics hardness tester. Various hardness parameters can be automatically converted to each other, and the minimum thickness of the test piece can be identified. When testing the cylinder, the correction amount can be automatically added. Built-in printer to read relevant test results. Automatic operation is realized, and human operation and reading errors are eliminated! At the same time, the machine is also equipped with an emergency stop device, which is safer to use.<\/p>","protected":false},"featured_media":29820,"comment_status":"open","ping_status":"closed","template":"","meta":[],"product_brand":[],"product_cat":[70,74],"product_tag":[109],"class_list":{"0":"post-29819","1":"product","2":"type-product","3":"status-publish","4":"has-post-thumbnail","6":"product_cat-hardness-tester","7":"product_cat-rockwell-hardness-tester","8":"product_tag-methods-rockwell-hardness-test","10":"first","11":"instock","12":"shipping-taxable","13":"product-type-simple"},"yoast_head":"<!-- This site is optimized with the Yoast SEO Premium plugin v25.4 (Yoast SEO v27.4) - https:\/\/yoast.com\/product\/yoast-seo-premium-wordpress\/ -->\n<title>(HRTS-45) Touch screen digital display surface Rockwell hardness tester - hardnesstests<\/title>\n<meta name=\"robots\" content=\"index, follow, max-snippet:-1, max-image-preview:large, max-video-preview:-1\" \/>\n<link rel=\"canonical\" href=\"https:\/\/hardnesstests.com\/es\/producto\/hrts-45-touch-screen-digital-display-surface-rockwell-hardness-tester\/\" \/>\n<meta property=\"og:locale\" content=\"es_ES\" \/>\n<meta property=\"og:type\" content=\"article\" \/>\n<meta property=\"og:title\" content=\"(HRTS-45) Touch screen digital display surface Rockwell hardness tester\" \/>\n<meta property=\"og:description\" content=\"HRTS-45 color touch screen digital display surface Rockwell hardness tester is our new generation of high-tech products with multi-function, high precision and stable performance. Its appearance is novel, the shell adopts one-piece casting, the stability is high, and its touch screen interface is menu-oriented , The operation is simple, intuitive and convenient. The measuring device adopts grating sensor and computer control. The hardness value is directly displayed on the LCD screen. It is a mechatronics hardness tester. Various hardness parameters can be automatically converted to each other, and the minimum thickness of the test piece can be identified. When testing the cylinder, the correction amount can be automatically added. Built-in printer to read relevant test results. Automatic operation is realized, and human operation and reading errors are eliminated! At the same time, the machine is also equipped with an emergency stop device, which is safer to use.\" \/>\n<meta property=\"og:url\" content=\"https:\/\/hardnesstests.com\/es\/producto\/hrts-45-touch-screen-digital-display-surface-rockwell-hardness-tester\/\" \/>\n<meta property=\"og:site_name\" content=\"hardnesstests\" \/>\n<meta property=\"og:image\" content=\"https:\/\/hardnesstests.com\/wp-content\/uploads\/2025\/11\/HRTS-45\u89e6\u6478\u5c4f\u6570\u663e\u8868\u9762\u6d1b\u6c0f\u786c\u5ea6\u8ba1.jpg\" \/>\n\t<meta property=\"og:image:width\" content=\"800\" \/>\n\t<meta property=\"og:image:height\" content=\"800\" \/>\n\t<meta property=\"og:image:type\" content=\"image\/jpeg\" \/>\n<meta name=\"twitter:card\" content=\"summary_large_image\" \/>\n<meta name=\"twitter:label1\" content=\"Tiempo de lectura\" \/>\n\t<meta name=\"twitter:data1\" content=\"3 minutos\" \/>\n<script type=\"application\/ld+json\" class=\"yoast-schema-graph\">{\"@context\":\"https:\\\/\\\/schema.org\",\"@graph\":[{\"@type\":\"WebPage\",\"@id\":\"https:\\\/\\\/hardnesstests.com\\\/product\\\/hrts-45-touch-screen-digital-display-surface-rockwell-hardness-tester\\\/\",\"url\":\"https:\\\/\\\/hardnesstests.com\\\/product\\\/hrts-45-touch-screen-digital-display-surface-rockwell-hardness-tester\\\/\",\"name\":\"(HRTS-45) Touch screen digital display surface Rockwell hardness tester - hardnesstests\",\"isPartOf\":{\"@id\":\"https:\\\/\\\/hardnesstests.com\\\/tr\\\/#website\"},\"primaryImageOfPage\":{\"@id\":\"https:\\\/\\\/hardnesstests.com\\\/product\\\/hrts-45-touch-screen-digital-display-surface-rockwell-hardness-tester\\\/#primaryimage\"},\"image\":{\"@id\":\"https:\\\/\\\/hardnesstests.com\\\/product\\\/hrts-45-touch-screen-digital-display-surface-rockwell-hardness-tester\\\/#primaryimage\"},\"thumbnailUrl\":\"https:\\\/\\\/hardnesstests.com\\\/wp-content\\\/uploads\\\/2025\\\/11\\\/HRTS-45\u89e6\u6478\u5c4f\u6570\u663e\u8868\u9762\u6d1b\u6c0f\u786c\u5ea6\u8ba1.jpg\",\"datePublished\":\"2025-11-27T08:37:18+00:00\",\"breadcrumb\":{\"@id\":\"https:\\\/\\\/hardnesstests.com\\\/product\\\/hrts-45-touch-screen-digital-display-surface-rockwell-hardness-tester\\\/#breadcrumb\"},\"inLanguage\":\"es\",\"potentialAction\":[{\"@type\":\"ReadAction\",\"target\":[\"https:\\\/\\\/hardnesstests.com\\\/product\\\/hrts-45-touch-screen-digital-display-surface-rockwell-hardness-tester\\\/\"]}]},{\"@type\":\"ImageObject\",\"inLanguage\":\"es\",\"@id\":\"https:\\\/\\\/hardnesstests.com\\\/product\\\/hrts-45-touch-screen-digital-display-surface-rockwell-hardness-tester\\\/#primaryimage\",\"url\":\"https:\\\/\\\/hardnesstests.com\\\/wp-content\\\/uploads\\\/2025\\\/11\\\/HRTS-45\u89e6\u6478\u5c4f\u6570\u663e\u8868\u9762\u6d1b\u6c0f\u786c\u5ea6\u8ba1.jpg\",\"contentUrl\":\"https:\\\/\\\/hardnesstests.com\\\/wp-content\\\/uploads\\\/2025\\\/11\\\/HRTS-45\u89e6\u6478\u5c4f\u6570\u663e\u8868\u9762\u6d1b\u6c0f\u786c\u5ea6\u8ba1.jpg\",\"width\":800,\"height\":800,\"caption\":\"(HRTS-45) Touch screen digital display surface Rockwell hardness tester\"},{\"@type\":\"BreadcrumbList\",\"@id\":\"https:\\\/\\\/hardnesstests.com\\\/product\\\/hrts-45-touch-screen-digital-display-surface-rockwell-hardness-tester\\\/#breadcrumb\",\"itemListElement\":[{\"@type\":\"ListItem\",\"position\":1,\"name\":\"\u9996\u9875\",\"item\":\"https:\\\/\\\/hardnesstests.com\\\/\"},{\"@type\":\"ListItem\",\"position\":2,\"name\":\"products\",\"item\":\"https:\\\/\\\/hardnesstests.com\\\/products\\\/\"},{\"@type\":\"ListItem\",\"position\":3,\"name\":\"(HRTS-45) Touch screen digital display surface Rockwell hardness tester\"}]},{\"@type\":\"WebSite\",\"@id\":\"https:\\\/\\\/hardnesstests.com\\\/tr\\\/#website\",\"url\":\"https:\\\/\\\/hardnesstests.com\\\/tr\\\/\",\"name\":\"hardnesstests\",\"description\":\"\",\"publisher\":{\"@id\":\"https:\\\/\\\/hardnesstests.com\\\/tr\\\/#organization\"},\"potentialAction\":[{\"@type\":\"SearchAction\",\"target\":{\"@type\":\"EntryPoint\",\"urlTemplate\":\"https:\\\/\\\/hardnesstests.com\\\/tr\\\/?s={search_term_string}\"},\"query-input\":{\"@type\":\"PropertyValueSpecification\",\"valueRequired\":true,\"valueName\":\"search_term_string\"}}],\"inLanguage\":\"es\"},{\"@type\":\"Organization\",\"@id\":\"https:\\\/\\\/hardnesstests.com\\\/tr\\\/#organization\",\"name\":\"hardnesstests\",\"url\":\"https:\\\/\\\/hardnesstests.com\\\/tr\\\/\",\"logo\":{\"@type\":\"ImageObject\",\"inLanguage\":\"es\",\"@id\":\"https:\\\/\\\/hardnesstests.com\\\/tr\\\/#\\\/schema\\\/logo\\\/image\\\/\",\"url\":\"https:\\\/\\\/hardnesstests.com\\\/wp-content\\\/uploads\\\/2021\\\/08\\\/\u5fae\u4fe1\u56fe\u7247_20251029102004_335_1287.png\",\"contentUrl\":\"https:\\\/\\\/hardnesstests.com\\\/wp-content\\\/uploads\\\/2021\\\/08\\\/\u5fae\u4fe1\u56fe\u7247_20251029102004_335_1287.png\",\"width\":1308,\"height\":467,\"caption\":\"hardnesstests\"},\"image\":{\"@id\":\"https:\\\/\\\/hardnesstests.com\\\/tr\\\/#\\\/schema\\\/logo\\\/image\\\/\"}}]}<\/script>\n<!-- \/ Yoast SEO Premium plugin. -->","yoast_head_json":{"title":"(HRTS-45) Touch screen digital display surface Rockwell hardness tester - hardnesstests","robots":{"index":"index","follow":"follow","max-snippet":"max-snippet:-1","max-image-preview":"max-image-preview:large","max-video-preview":"max-video-preview:-1"},"canonical":"https:\/\/hardnesstests.com\/es\/producto\/hrts-45-touch-screen-digital-display-surface-rockwell-hardness-tester\/","og_locale":"es_ES","og_type":"article","og_title":"(HRTS-45) Touch screen digital display surface Rockwell hardness tester","og_description":"HRTS-45 color touch screen digital display surface Rockwell hardness tester is our new generation of high-tech products with multi-function, high precision and stable performance. Its appearance is novel, the shell adopts one-piece casting, the stability is high, and its touch screen interface is menu-oriented , The operation is simple, intuitive and convenient. The measuring device adopts grating sensor and computer control. The hardness value is directly displayed on the LCD screen. It is a mechatronics hardness tester. Various hardness parameters can be automatically converted to each other, and the minimum thickness of the test piece can be identified. When testing the cylinder, the correction amount can be automatically added. Built-in printer to read relevant test results. Automatic operation is realized, and human operation and reading errors are eliminated! At the same time, the machine is also equipped with an emergency stop device, which is safer to use.","og_url":"https:\/\/hardnesstests.com\/es\/producto\/hrts-45-touch-screen-digital-display-surface-rockwell-hardness-tester\/","og_site_name":"hardnesstests","og_image":[{"width":800,"height":800,"url":"https:\/\/hardnesstests.com\/wp-content\/uploads\/2025\/11\/HRTS-45\u89e6\u6478\u5c4f\u6570\u663e\u8868\u9762\u6d1b\u6c0f\u786c\u5ea6\u8ba1.jpg","type":"image\/jpeg"}],"twitter_card":"summary_large_image","twitter_misc":{"Tiempo de lectura":"3 minutos"},"schema":{"@context":"https:\/\/schema.org","@graph":[{"@type":"WebPage","@id":"https:\/\/hardnesstests.com\/product\/hrts-45-touch-screen-digital-display-surface-rockwell-hardness-tester\/","url":"https:\/\/hardnesstests.com\/product\/hrts-45-touch-screen-digital-display-surface-rockwell-hardness-tester\/","name":"(HRTS-45) Touch screen digital display surface Rockwell hardness tester - hardnesstests","isPartOf":{"@id":"https:\/\/hardnesstests.com\/tr\/#website"},"primaryImageOfPage":{"@id":"https:\/\/hardnesstests.com\/product\/hrts-45-touch-screen-digital-display-surface-rockwell-hardness-tester\/#primaryimage"},"image":{"@id":"https:\/\/hardnesstests.com\/product\/hrts-45-touch-screen-digital-display-surface-rockwell-hardness-tester\/#primaryimage"},"thumbnailUrl":"https:\/\/hardnesstests.com\/wp-content\/uploads\/2025\/11\/HRTS-45\u89e6\u6478\u5c4f\u6570\u663e\u8868\u9762\u6d1b\u6c0f\u786c\u5ea6\u8ba1.jpg","datePublished":"2025-11-27T08:37:18+00:00","breadcrumb":{"@id":"https:\/\/hardnesstests.com\/product\/hrts-45-touch-screen-digital-display-surface-rockwell-hardness-tester\/#breadcrumb"},"inLanguage":"es","potentialAction":[{"@type":"ReadAction","target":["https:\/\/hardnesstests.com\/product\/hrts-45-touch-screen-digital-display-surface-rockwell-hardness-tester\/"]}]},{"@type":"ImageObject","inLanguage":"es","@id":"https:\/\/hardnesstests.com\/product\/hrts-45-touch-screen-digital-display-surface-rockwell-hardness-tester\/#primaryimage","url":"https:\/\/hardnesstests.com\/wp-content\/uploads\/2025\/11\/HRTS-45\u89e6\u6478\u5c4f\u6570\u663e\u8868\u9762\u6d1b\u6c0f\u786c\u5ea6\u8ba1.jpg","contentUrl":"https:\/\/hardnesstests.com\/wp-content\/uploads\/2025\/11\/HRTS-45\u89e6\u6478\u5c4f\u6570\u663e\u8868\u9762\u6d1b\u6c0f\u786c\u5ea6\u8ba1.jpg","width":800,"height":800,"caption":"(HRTS-45) Touch screen digital display surface Rockwell hardness tester"},{"@type":"BreadcrumbList","@id":"https:\/\/hardnesstests.com\/product\/hrts-45-touch-screen-digital-display-surface-rockwell-hardness-tester\/#breadcrumb","itemListElement":[{"@type":"ListItem","position":1,"name":"\u9996\u9875","item":"https:\/\/hardnesstests.com\/"},{"@type":"ListItem","position":2,"name":"products","item":"https:\/\/hardnesstests.com\/products\/"},{"@type":"ListItem","position":3,"name":"(HRTS-45) Touch screen digital display surface Rockwell hardness tester"}]},{"@type":"WebSite","@id":"https:\/\/hardnesstests.com\/tr\/#website","url":"https:\/\/hardnesstests.com\/tr\/","name":"hardnesstests","description":"","publisher":{"@id":"https:\/\/hardnesstests.com\/tr\/#organization"},"potentialAction":[{"@type":"SearchAction","target":{"@type":"EntryPoint","urlTemplate":"https:\/\/hardnesstests.com\/tr\/?s={search_term_string}"},"query-input":{"@type":"PropertyValueSpecification","valueRequired":true,"valueName":"search_term_string"}}],"inLanguage":"es"},{"@type":"Organization","@id":"https:\/\/hardnesstests.com\/tr\/#organization","name":"hardnesstests","url":"https:\/\/hardnesstests.com\/tr\/","logo":{"@type":"ImageObject","inLanguage":"es","@id":"https:\/\/hardnesstests.com\/tr\/#\/schema\/logo\/image\/","url":"https:\/\/hardnesstests.com\/wp-content\/uploads\/2021\/08\/\u5fae\u4fe1\u56fe\u7247_20251029102004_335_1287.png","contentUrl":"https:\/\/hardnesstests.com\/wp-content\/uploads\/2021\/08\/\u5fae\u4fe1\u56fe\u7247_20251029102004_335_1287.png","width":1308,"height":467,"caption":"hardnesstests"},"image":{"@id":"https:\/\/hardnesstests.com\/tr\/#\/schema\/logo\/image\/"}}]}},"_links":{"self":[{"href":"https:\/\/hardnesstests.com\/es\/wp-json\/wp\/v2\/product\/29819","targetHints":{"allow":["GET"]}}],"collection":[{"href":"https:\/\/hardnesstests.com\/es\/wp-json\/wp\/v2\/product"}],"about":[{"href":"https:\/\/hardnesstests.com\/es\/wp-json\/wp\/v2\/types\/product"}],"replies":[{"embeddable":true,"href":"https:\/\/hardnesstests.com\/es\/wp-json\/wp\/v2\/comments?post=29819"}],"version-history":[{"count":1,"href":"https:\/\/hardnesstests.com\/es\/wp-json\/wp\/v2\/product\/29819\/revisions"}],"predecessor-version":[{"id":29821,"href":"https:\/\/hardnesstests.com\/es\/wp-json\/wp\/v2\/product\/29819\/revisions\/29821"}],"wp:featuredmedia":[{"embeddable":true,"href":"https:\/\/hardnesstests.com\/es\/wp-json\/wp\/v2\/media\/29820"}],"wp:attachment":[{"href":"https:\/\/hardnesstests.com\/es\/wp-json\/wp\/v2\/media?parent=29819"}],"wp:term":[{"taxonomy":"product_brand","embeddable":true,"href":"https:\/\/hardnesstests.com\/es\/wp-json\/wp\/v2\/product_brand?post=29819"},{"taxonomy":"product_cat","embeddable":true,"href":"https:\/\/hardnesstests.com\/es\/wp-json\/wp\/v2\/product_cat?post=29819"},{"taxonomy":"product_tag","embeddable":true,"href":"https:\/\/hardnesstests.com\/es\/wp-json\/wp\/v2\/product_tag?post=29819"}],"curies":[{"name":"wp","href":"https:\/\/api.w.org\/{rel}","templated":true}]}}