{"id":29789,"date":"2025-11-27T08:08:07","date_gmt":"2025-11-27T08:08:07","guid":{"rendered":"https:\/\/hardnesstests.com\/?post_type=product&#038;p=29789"},"modified":"2025-11-27T08:08:07","modified_gmt":"2025-11-27T08:08:07","slug":"%ef%bc%88chrts-150zsd%ef%bc%89fully-automatic-rockwell-hardness-tester","status":"publish","type":"product","link":"https:\/\/hardnesstests.com\/es\/producto\/%ef%bc%88chrts-150zsd%ef%bc%89fully-automatic-rockwell-hardness-tester\/","title":{"rendered":"\uff08CHRTS-150ZSD\uff09Dur\u00f3metro Rockwell totalmente autom\u00e1tico"},"content":{"rendered":"<h1><strong>Principales funciones y caracter\u00edsticas del instrumento<\/strong><\/h1>\n<ol>\n<li>La pantalla t\u00e1ctil LCD de 8 pulgadas puede mostrar intuitivamente el valor de dureza, la dureza convertida, el m\u00e9todo de prueba, la fuerza de prueba, el brillo, el tiempo de retenci\u00f3n de la fuerza de prueba inicial, el tiempo de retenci\u00f3n de la fuerza de prueba total, el tiempo de recuperaci\u00f3n el\u00e1stica, el n\u00famero de mediciones, los datos estad\u00edsticos, el tiempo de prueba y otros procesos de prueba. El proceso de prueba es intuitivo y claro;<\/li>\n<li>El sistema tiene una funci\u00f3n de calibraci\u00f3n incorporada, que puede ajustar autom\u00e1ticamente el rango de error de 80-120%, o calibrar el instrumento por separado con valores bajos y altos<\/li>\n<li>Al comprobar la superficie curva, se corrige autom\u00e1ticamente seg\u00fan el radio de superficie curva est\u00e1ndar;<\/li>\n<li>Puede almacenar 100 conjuntos de datos de prueba, y puede ver los datos de prueba en cualquier momento, eliminar los datos actuales o borrar todos los datos de prueba, y establecer el nombre del producto;<\/li>\n<li>Las unidades de fuerza de ensayo pueden convertirse entre s\u00ed, y las unidades de conversi\u00f3n son: (Kgf, N)<\/li>\n<li>Puede mostrar simult\u00e1neamente: valor medio, n\u00famero de pruebas, nombre del producto;<\/li>\n<li>La interfaz principal puede mostrar 4 escalas de conversi\u00f3n al mismo tiempo, y puede alternar entre: norma nacional (GB), norma americana (ASTM) y norma internacional (ISO). Se pueden convertir un total de 20 escalas de medici\u00f3n: HRA, HRB, HRC, HRD, HRE, HRF, HRG, HRK, HR15N, HR30N, HR45N, HR15T, HR30T, HR45T, HK, HBW, HS, HBS, HV, Rm (resistencia a la tracci\u00f3n),<\/li>\n<li style=\"font-weight: 400;\">Se puede ajustar el tiempo de suspensi\u00f3n de la pantalla, que entrar\u00e1 autom\u00e1ticamente en estado de suspensi\u00f3n tras una inactividad prolongada, lo que es respetuoso con el medio ambiente;<\/li>\n<li>Se pueden establecer los l\u00edmites superior e inferior del rango de medici\u00f3n, que se mostrar\u00e1n en la interfaz de medici\u00f3n principal, y el valor no cualificado provocar\u00e1 autom\u00e1ticamente una alarma;<\/li>\n<li>El sistema operativo tiene 14 idiomas, que pueden cambiarse a voluntad: Chino, chino tradicional, ingl\u00e9s, ruso, alem\u00e1n, franc\u00e9s, espa\u00f1ol, portugu\u00e9s, turco, checo, japon\u00e9s, coreano, tailand\u00e9s y vietnamita;<\/li>\n<li>Equipada con una impresora integrada, los datos de las pruebas tambi\u00e9n se pueden exportar a una unidad flash USB para su almacenamiento y an\u00e1lisis (opcional);<\/li>\n<li>La estructura es estable y no se deforma, la pintura blanca pura del coche es de alto grado y tiene una fuerte resistencia a los ara\u00f1azos. Sigue siendo brillante como nuevo despu\u00e9s de a\u00f1os de uso;<\/li>\n<li>Nuestra empresa tiene capacidad para desarrollar, dise\u00f1ar y producir de forma independiente, y nuestras m\u00e1quinas ofrecen servicios de sustituci\u00f3n de piezas y actualizaci\u00f3n de mantenimiento de por vida;<\/li>\n<\/ol>\n<h1 style=\"font-weight: 400;\"><strong>Principales usos y alcance del instrumento:<\/strong><\/h1>\n<ol>\n<li style=\"font-weight: 400;\">Determinar la dureza Rockwell de metales ferrosos, metales no ferrosos y aleaciones duras:<\/li>\n<li style=\"font-weight: 400;\">Dureza Rockwell de piezas de fundici\u00f3n, acero recocido, acero normalizado, metales no ferrosos y aleaciones blandas;<\/li>\n<li style=\"font-weight: 400;\">Dureza Rockwell de los materiales tratados t\u00e9rmicamente, como el temple y el revenido;<\/li>\n<\/ol>\n<h1 style=\"font-weight: 400;\"><strong>Par\u00e1metros detallados del instrumento:<\/strong><\/h1>\n<table width=\"545\">\n<tbody>\n<tr>\n<td width=\"133\">Nombre del par\u00e1metro<\/td>\n<td width=\"412\">Datos de los par\u00e1metros<\/td>\n<\/tr>\n<tr>\n<td width=\"133\">Fuerza de ensayo inicial<\/td>\n<td width=\"412\">3kgf (29.42N)\/10kgf (98.07N) allowable error \u00b12.0%<\/td>\n<\/tr>\n<tr>\n<td width=\"133\">Fuerza total de ensayo<\/td>\n<td width=\"412\">15kgf\u300130kgf\u300145kgf\u300160kgf\u3001100kgf\u3001150kgf<\/td>\n<\/tr>\n<tr>\n<td width=\"133\">Escala de medici\u00f3n<\/td>\n<td width=\"412\">HRA\u3001HRB\u3001HRC\u3001HRD\u3001HRE\u3001HRF\u3001HRG\u3001HRH\u3001HRK\u3001HRL\u3001HRM\u3001HRP\u3001HRR\u3001HRS\u3001HRV\u3001HR15N\u3001HR30N\u3001HR45N\u3001HR15T\u3001HR30T\u3001HR45T\u3001HR15W\u3001HR30W\u3001HR45W\u3001HR15X\u3001HR30X\u3001HR45X\u3001HR15Y\u3001HR30Y\u3001HE45Y<\/td>\n<\/tr>\n<tr>\n<td width=\"133\">Conforme a la norma<\/td>\n<td width=\"412\">GB\/T230.1\u3001GB\/T230.2\u56fd\u5bb6\u6807\u51c6\u3001JJG112\u68c0\u5b9a\u89c4\u7a0b<\/p>\n<p>GB\/T2848\u3001GB\/T3773\u539f\u6807\u51c6\u3001EN10109\u3001ASTM E18\u3001ISO 6508<\/td>\n<\/tr>\n<tr>\n<td width=\"133\">Unidad de conversi\u00f3n<\/td>\n<td width=\"412\">Brinell, Rockwell, Vickers<\/td>\n<\/tr>\n<tr>\n<td width=\"133\">Norma de conversi\u00f3n<\/td>\n<td width=\"412\">ASTM, ISO, GBT<\/td>\n<\/tr>\n<tr>\n<td width=\"133\">Indicaci\u00f3n de dureza<\/td>\n<td width=\"412\">Pantalla t\u00e1ctil en color de 8 pulgadas<\/td>\n<\/tr>\n<tr>\n<td width=\"133\">Precisi\u00f3n de visualizaci\u00f3n (HR)<\/td>\n<td width=\"412\">0.1<\/td>\n<\/tr>\n<tr>\n<td width=\"133\">Tiempo total de mantenimiento de la fuerza de ensayo<\/td>\n<td width=\"412\">3-60S\u53ef\u8bbe\u7f6e<\/td>\n<\/tr>\n<tr>\n<td width=\"133\">Tiempo de mantenimiento de la fuerza de ensayo inicial<\/td>\n<td width=\"412\">0,1-4 S\u53ef\u8bbe\u7f6e<\/td>\n<\/tr>\n<tr>\n<td width=\"133\">Tiempo de recuperaci\u00f3n el\u00e1stica<\/td>\n<td width=\"412\">0,2-5 S\u53ef\u8bbe\u7f6e<\/td>\n<\/tr>\n<tr>\n<td width=\"133\">Conversi\u00f3n de la fuerza de ensayo<\/td>\n<td width=\"412\">Autom\u00e1tico<\/td>\n<\/tr>\n<tr>\n<td width=\"133\">Control de carga<\/td>\n<td width=\"412\">Autom\u00e1tico<\/td>\n<\/tr>\n<tr>\n<td width=\"133\">Control del sistema de elevaci\u00f3n del indentador<\/td>\n<td width=\"412\">Autom\u00e1tico<\/td>\n<\/tr>\n<tr>\n<td width=\"133\">M\u00e9todo de elevaci\u00f3n del indentador<\/td>\n<td width=\"412\">Inching lifting, automatic lifting, one-button testing<\/td>\n<\/tr>\n<tr>\n<td width=\"133\">Calibraci\u00f3n del valor de dureza<\/td>\n<td width=\"412\"><\/td>\n<\/tr>\n<tr>\n<td width=\"133\">Compensaci\u00f3n de la correcci\u00f3n del arco<\/td>\n<td width=\"412\"><\/td>\n<\/tr>\n<tr>\n<td width=\"133\">Compensaci\u00f3n de la fuerza de ensayo<\/td>\n<td width=\"412\"><\/td>\n<\/tr>\n<tr>\n<td width=\"133\">Juicio cualificado<\/td>\n<td width=\"412\"><\/td>\n<\/tr>\n<tr>\n<td width=\"133\">Estad\u00edsticas<\/td>\n<td width=\"412\">Calcule autom\u00e1ticamente el valor m\u00e1ximo, el valor m\u00ednimo, el valor medio, el error m\u00e1ximo, el n\u00famero de pruebas, etc.<\/td>\n<\/tr>\n<tr>\n<td width=\"133\">Salida de datos<\/td>\n<td width=\"412\">Impresora, interfaz de comunicaci\u00f3n, PC<\/td>\n<\/tr>\n<tr>\n<td width=\"133\">Tama\u00f1o de la plataforma de la muestra (mm)<\/td>\n<td width=\"412\">350X320<\/td>\n<\/tr>\n<tr>\n<td width=\"133\">Altura m\u00e1xima de la probeta (mm)<\/td>\n<td width=\"412\">170<\/td>\n<\/tr>\n<tr>\n<td width=\"133\">Distancia del penetrador a la m\u00e1quina (mm)<\/td>\n<td width=\"412\">160<\/td>\n<\/tr>\n<tr>\n<td width=\"133\">Dimensiones (mm)<\/td>\n<td width=\"412\">570X320X760<\/td>\n<\/tr>\n<tr>\n<td width=\"133\">Alimentaci\u00f3n<\/td>\n<td width=\"412\">220V\/50HZ<\/td>\n<\/tr>\n<tr>\n<td width=\"133\">Peso (Kg)<\/td>\n<td width=\"412\">130 kg<\/td>\n<\/tr>\n<\/tbody>\n<\/table>","protected":false},"excerpt":{"rendered":"<p>CHRTS-150ZSD fully automatic Rockwell hardness tester series is a new generation of high-tech intelligent products, adopting a closed-loop loading control system, high test force accuracy, good repeatability and stability of the indicated value, novel design, good reliability, operability and repeatability, and complete functions, one-button operation, fully automatic measurement, clear and intuitive display. Automatic loading and unloading of test force can be used to perform hardness tests on the full range of Rockwell scales. The hardness tester can be equipped with an optional XY automatic moving platform, automatic programming, and automatic dotting, which is suitable for end quenching tests; it can be equipped with a PC computer, and the hardness tester can be controlled and measured through multiple computer terminals, and statistical analysis of data can be performed to issue test reports, etc. The test report can also be customized according to user requirements. Automated operation is realized, eliminating human operation and reading errors! At the same time, the machine is also equipped with an emergency stop device.<\/p>","protected":false},"featured_media":29790,"comment_status":"open","ping_status":"closed","template":"","meta":[],"product_brand":[],"product_cat":[70,74],"product_tag":[109],"class_list":{"0":"post-29789","1":"product","2":"type-product","3":"status-publish","4":"has-post-thumbnail","6":"product_cat-hardness-tester","7":"product_cat-rockwell-hardness-tester","8":"product_tag-methods-rockwell-hardness-test","10":"first","11":"instock","12":"shipping-taxable","13":"product-type-simple"},"yoast_head":"<!-- This site is optimized with the Yoast SEO Premium plugin v25.4 (Yoast SEO v27.4) - https:\/\/yoast.com\/product\/yoast-seo-premium-wordpress\/ -->\n<title>\uff08CHRTS-150ZSD\uff09Fully automatic Rockwell hardness tester - hardnesstests<\/title>\n<meta name=\"robots\" content=\"index, follow, max-snippet:-1, max-image-preview:large, max-video-preview:-1\" \/>\n<link rel=\"canonical\" href=\"https:\/\/hardnesstests.com\/es\/producto\/\uff08chrts-150zsd\uff09fully-automatic-rockwell-hardness-tester\/\" \/>\n<meta property=\"og:locale\" content=\"es_ES\" \/>\n<meta property=\"og:type\" content=\"article\" \/>\n<meta property=\"og:title\" content=\"\uff08CHRTS-150ZSD\uff09Fully automatic Rockwell hardness tester\" \/>\n<meta property=\"og:description\" content=\"CHRTS-150ZSD fully automatic Rockwell hardness tester series is a new generation of high-tech intelligent products, adopting a closed-loop loading control system, high test force accuracy, good repeatability and stability of the indicated value, novel design, good reliability, operability and repeatability, and complete functions, one-button operation, fully automatic measurement, clear and intuitive display. Automatic loading and unloading of test force can be used to perform hardness tests on the full range of Rockwell scales. The hardness tester can be equipped with an optional XY automatic moving platform, automatic programming, and automatic dotting, which is suitable for end quenching tests; it can be equipped with a PC computer, and the hardness tester can be controlled and measured through multiple computer terminals, and statistical analysis of data can be performed to issue test reports, etc. The test report can also be customized according to user requirements. Automated operation is realized, eliminating human operation and reading errors! At the same time, the machine is also equipped with an emergency stop device.\" \/>\n<meta property=\"og:url\" content=\"https:\/\/hardnesstests.com\/es\/producto\/\uff08chrts-150zsd\uff09fully-automatic-rockwell-hardness-tester\/\" \/>\n<meta property=\"og:site_name\" content=\"hardnesstests\" \/>\n<meta property=\"og:image\" content=\"https:\/\/hardnesstests.com\/wp-content\/uploads\/2025\/11\/CHRTS-150ZSD\u5168\u81ea\u52a8\u6d1b\u6c0f\u786c\u5ea6\u8ba1.jpg\" \/>\n\t<meta property=\"og:image:width\" content=\"800\" \/>\n\t<meta property=\"og:image:height\" content=\"800\" \/>\n\t<meta property=\"og:image:type\" content=\"image\/jpeg\" \/>\n<meta name=\"twitter:card\" content=\"summary_large_image\" \/>\n<meta name=\"twitter:label1\" content=\"Tiempo de lectura\" \/>\n\t<meta name=\"twitter:data1\" content=\"3 minutos\" \/>\n<script type=\"application\/ld+json\" class=\"yoast-schema-graph\">{\"@context\":\"https:\\\/\\\/schema.org\",\"@graph\":[{\"@type\":\"WebPage\",\"@id\":\"https:\\\/\\\/hardnesstests.com\\\/product\\\/%ef%bc%88chrts-150zsd%ef%bc%89fully-automatic-rockwell-hardness-tester\\\/\",\"url\":\"https:\\\/\\\/hardnesstests.com\\\/product\\\/%ef%bc%88chrts-150zsd%ef%bc%89fully-automatic-rockwell-hardness-tester\\\/\",\"name\":\"\uff08CHRTS-150ZSD\uff09Fully automatic Rockwell hardness tester - hardnesstests\",\"isPartOf\":{\"@id\":\"https:\\\/\\\/hardnesstests.com\\\/tr\\\/#website\"},\"primaryImageOfPage\":{\"@id\":\"https:\\\/\\\/hardnesstests.com\\\/product\\\/%ef%bc%88chrts-150zsd%ef%bc%89fully-automatic-rockwell-hardness-tester\\\/#primaryimage\"},\"image\":{\"@id\":\"https:\\\/\\\/hardnesstests.com\\\/product\\\/%ef%bc%88chrts-150zsd%ef%bc%89fully-automatic-rockwell-hardness-tester\\\/#primaryimage\"},\"thumbnailUrl\":\"https:\\\/\\\/hardnesstests.com\\\/wp-content\\\/uploads\\\/2025\\\/11\\\/CHRTS-150ZSD\u5168\u81ea\u52a8\u6d1b\u6c0f\u786c\u5ea6\u8ba1.jpg\",\"datePublished\":\"2025-11-27T08:08:07+00:00\",\"breadcrumb\":{\"@id\":\"https:\\\/\\\/hardnesstests.com\\\/product\\\/%ef%bc%88chrts-150zsd%ef%bc%89fully-automatic-rockwell-hardness-tester\\\/#breadcrumb\"},\"inLanguage\":\"es\",\"potentialAction\":[{\"@type\":\"ReadAction\",\"target\":[\"https:\\\/\\\/hardnesstests.com\\\/product\\\/%ef%bc%88chrts-150zsd%ef%bc%89fully-automatic-rockwell-hardness-tester\\\/\"]}]},{\"@type\":\"ImageObject\",\"inLanguage\":\"es\",\"@id\":\"https:\\\/\\\/hardnesstests.com\\\/product\\\/%ef%bc%88chrts-150zsd%ef%bc%89fully-automatic-rockwell-hardness-tester\\\/#primaryimage\",\"url\":\"https:\\\/\\\/hardnesstests.com\\\/wp-content\\\/uploads\\\/2025\\\/11\\\/CHRTS-150ZSD\u5168\u81ea\u52a8\u6d1b\u6c0f\u786c\u5ea6\u8ba1.jpg\",\"contentUrl\":\"https:\\\/\\\/hardnesstests.com\\\/wp-content\\\/uploads\\\/2025\\\/11\\\/CHRTS-150ZSD\u5168\u81ea\u52a8\u6d1b\u6c0f\u786c\u5ea6\u8ba1.jpg\",\"width\":800,\"height\":800,\"caption\":\"\uff08CHRTS-150ZSD\uff09Fully automatic Rockwell hardness tester\"},{\"@type\":\"BreadcrumbList\",\"@id\":\"https:\\\/\\\/hardnesstests.com\\\/product\\\/%ef%bc%88chrts-150zsd%ef%bc%89fully-automatic-rockwell-hardness-tester\\\/#breadcrumb\",\"itemListElement\":[{\"@type\":\"ListItem\",\"position\":1,\"name\":\"\u9996\u9875\",\"item\":\"https:\\\/\\\/hardnesstests.com\\\/\"},{\"@type\":\"ListItem\",\"position\":2,\"name\":\"products\",\"item\":\"https:\\\/\\\/hardnesstests.com\\\/products\\\/\"},{\"@type\":\"ListItem\",\"position\":3,\"name\":\"\uff08CHRTS-150ZSD\uff09Fully automatic Rockwell hardness tester\"}]},{\"@type\":\"WebSite\",\"@id\":\"https:\\\/\\\/hardnesstests.com\\\/tr\\\/#website\",\"url\":\"https:\\\/\\\/hardnesstests.com\\\/tr\\\/\",\"name\":\"hardnesstests\",\"description\":\"\",\"publisher\":{\"@id\":\"https:\\\/\\\/hardnesstests.com\\\/tr\\\/#organization\"},\"potentialAction\":[{\"@type\":\"SearchAction\",\"target\":{\"@type\":\"EntryPoint\",\"urlTemplate\":\"https:\\\/\\\/hardnesstests.com\\\/tr\\\/?s={search_term_string}\"},\"query-input\":{\"@type\":\"PropertyValueSpecification\",\"valueRequired\":true,\"valueName\":\"search_term_string\"}}],\"inLanguage\":\"es\"},{\"@type\":\"Organization\",\"@id\":\"https:\\\/\\\/hardnesstests.com\\\/tr\\\/#organization\",\"name\":\"hardnesstests\",\"url\":\"https:\\\/\\\/hardnesstests.com\\\/tr\\\/\",\"logo\":{\"@type\":\"ImageObject\",\"inLanguage\":\"es\",\"@id\":\"https:\\\/\\\/hardnesstests.com\\\/tr\\\/#\\\/schema\\\/logo\\\/image\\\/\",\"url\":\"https:\\\/\\\/hardnesstests.com\\\/wp-content\\\/uploads\\\/2021\\\/08\\\/\u5fae\u4fe1\u56fe\u7247_20251029102004_335_1287.png\",\"contentUrl\":\"https:\\\/\\\/hardnesstests.com\\\/wp-content\\\/uploads\\\/2021\\\/08\\\/\u5fae\u4fe1\u56fe\u7247_20251029102004_335_1287.png\",\"width\":1308,\"height\":467,\"caption\":\"hardnesstests\"},\"image\":{\"@id\":\"https:\\\/\\\/hardnesstests.com\\\/tr\\\/#\\\/schema\\\/logo\\\/image\\\/\"}}]}<\/script>\n<!-- \/ Yoast SEO Premium plugin. -->","yoast_head_json":{"title":"\uff08CHRTS-150ZSD\uff09Fully automatic Rockwell hardness tester - hardnesstests","robots":{"index":"index","follow":"follow","max-snippet":"max-snippet:-1","max-image-preview":"max-image-preview:large","max-video-preview":"max-video-preview:-1"},"canonical":"https:\/\/hardnesstests.com\/es\/producto\/\uff08chrts-150zsd\uff09fully-automatic-rockwell-hardness-tester\/","og_locale":"es_ES","og_type":"article","og_title":"\uff08CHRTS-150ZSD\uff09Fully automatic Rockwell hardness tester","og_description":"CHRTS-150ZSD fully automatic Rockwell hardness tester series is a new generation of high-tech intelligent products, adopting a closed-loop loading control system, high test force accuracy, good repeatability and stability of the indicated value, novel design, good reliability, operability and repeatability, and complete functions, one-button operation, fully automatic measurement, clear and intuitive display. Automatic loading and unloading of test force can be used to perform hardness tests on the full range of Rockwell scales. The hardness tester can be equipped with an optional XY automatic moving platform, automatic programming, and automatic dotting, which is suitable for end quenching tests; it can be equipped with a PC computer, and the hardness tester can be controlled and measured through multiple computer terminals, and statistical analysis of data can be performed to issue test reports, etc. The test report can also be customized according to user requirements. Automated operation is realized, eliminating human operation and reading errors! At the same time, the machine is also equipped with an emergency stop device.","og_url":"https:\/\/hardnesstests.com\/es\/producto\/\uff08chrts-150zsd\uff09fully-automatic-rockwell-hardness-tester\/","og_site_name":"hardnesstests","og_image":[{"width":800,"height":800,"url":"https:\/\/hardnesstests.com\/wp-content\/uploads\/2025\/11\/CHRTS-150ZSD\u5168\u81ea\u52a8\u6d1b\u6c0f\u786c\u5ea6\u8ba1.jpg","type":"image\/jpeg"}],"twitter_card":"summary_large_image","twitter_misc":{"Tiempo de lectura":"3 minutos"},"schema":{"@context":"https:\/\/schema.org","@graph":[{"@type":"WebPage","@id":"https:\/\/hardnesstests.com\/product\/%ef%bc%88chrts-150zsd%ef%bc%89fully-automatic-rockwell-hardness-tester\/","url":"https:\/\/hardnesstests.com\/product\/%ef%bc%88chrts-150zsd%ef%bc%89fully-automatic-rockwell-hardness-tester\/","name":"\uff08CHRTS-150ZSD\uff09Fully automatic Rockwell hardness tester - hardnesstests","isPartOf":{"@id":"https:\/\/hardnesstests.com\/tr\/#website"},"primaryImageOfPage":{"@id":"https:\/\/hardnesstests.com\/product\/%ef%bc%88chrts-150zsd%ef%bc%89fully-automatic-rockwell-hardness-tester\/#primaryimage"},"image":{"@id":"https:\/\/hardnesstests.com\/product\/%ef%bc%88chrts-150zsd%ef%bc%89fully-automatic-rockwell-hardness-tester\/#primaryimage"},"thumbnailUrl":"https:\/\/hardnesstests.com\/wp-content\/uploads\/2025\/11\/CHRTS-150ZSD\u5168\u81ea\u52a8\u6d1b\u6c0f\u786c\u5ea6\u8ba1.jpg","datePublished":"2025-11-27T08:08:07+00:00","breadcrumb":{"@id":"https:\/\/hardnesstests.com\/product\/%ef%bc%88chrts-150zsd%ef%bc%89fully-automatic-rockwell-hardness-tester\/#breadcrumb"},"inLanguage":"es","potentialAction":[{"@type":"ReadAction","target":["https:\/\/hardnesstests.com\/product\/%ef%bc%88chrts-150zsd%ef%bc%89fully-automatic-rockwell-hardness-tester\/"]}]},{"@type":"ImageObject","inLanguage":"es","@id":"https:\/\/hardnesstests.com\/product\/%ef%bc%88chrts-150zsd%ef%bc%89fully-automatic-rockwell-hardness-tester\/#primaryimage","url":"https:\/\/hardnesstests.com\/wp-content\/uploads\/2025\/11\/CHRTS-150ZSD\u5168\u81ea\u52a8\u6d1b\u6c0f\u786c\u5ea6\u8ba1.jpg","contentUrl":"https:\/\/hardnesstests.com\/wp-content\/uploads\/2025\/11\/CHRTS-150ZSD\u5168\u81ea\u52a8\u6d1b\u6c0f\u786c\u5ea6\u8ba1.jpg","width":800,"height":800,"caption":"\uff08CHRTS-150ZSD\uff09Fully automatic Rockwell hardness tester"},{"@type":"BreadcrumbList","@id":"https:\/\/hardnesstests.com\/product\/%ef%bc%88chrts-150zsd%ef%bc%89fully-automatic-rockwell-hardness-tester\/#breadcrumb","itemListElement":[{"@type":"ListItem","position":1,"name":"\u9996\u9875","item":"https:\/\/hardnesstests.com\/"},{"@type":"ListItem","position":2,"name":"products","item":"https:\/\/hardnesstests.com\/products\/"},{"@type":"ListItem","position":3,"name":"\uff08CHRTS-150ZSD\uff09Fully automatic Rockwell hardness tester"}]},{"@type":"WebSite","@id":"https:\/\/hardnesstests.com\/tr\/#website","url":"https:\/\/hardnesstests.com\/tr\/","name":"hardnesstests","description":"","publisher":{"@id":"https:\/\/hardnesstests.com\/tr\/#organization"},"potentialAction":[{"@type":"SearchAction","target":{"@type":"EntryPoint","urlTemplate":"https:\/\/hardnesstests.com\/tr\/?s={search_term_string}"},"query-input":{"@type":"PropertyValueSpecification","valueRequired":true,"valueName":"search_term_string"}}],"inLanguage":"es"},{"@type":"Organization","@id":"https:\/\/hardnesstests.com\/tr\/#organization","name":"hardnesstests","url":"https:\/\/hardnesstests.com\/tr\/","logo":{"@type":"ImageObject","inLanguage":"es","@id":"https:\/\/hardnesstests.com\/tr\/#\/schema\/logo\/image\/","url":"https:\/\/hardnesstests.com\/wp-content\/uploads\/2021\/08\/\u5fae\u4fe1\u56fe\u7247_20251029102004_335_1287.png","contentUrl":"https:\/\/hardnesstests.com\/wp-content\/uploads\/2021\/08\/\u5fae\u4fe1\u56fe\u7247_20251029102004_335_1287.png","width":1308,"height":467,"caption":"hardnesstests"},"image":{"@id":"https:\/\/hardnesstests.com\/tr\/#\/schema\/logo\/image\/"}}]}},"_links":{"self":[{"href":"https:\/\/hardnesstests.com\/es\/wp-json\/wp\/v2\/product\/29789","targetHints":{"allow":["GET"]}}],"collection":[{"href":"https:\/\/hardnesstests.com\/es\/wp-json\/wp\/v2\/product"}],"about":[{"href":"https:\/\/hardnesstests.com\/es\/wp-json\/wp\/v2\/types\/product"}],"replies":[{"embeddable":true,"href":"https:\/\/hardnesstests.com\/es\/wp-json\/wp\/v2\/comments?post=29789"}],"version-history":[{"count":1,"href":"https:\/\/hardnesstests.com\/es\/wp-json\/wp\/v2\/product\/29789\/revisions"}],"predecessor-version":[{"id":29791,"href":"https:\/\/hardnesstests.com\/es\/wp-json\/wp\/v2\/product\/29789\/revisions\/29791"}],"wp:featuredmedia":[{"embeddable":true,"href":"https:\/\/hardnesstests.com\/es\/wp-json\/wp\/v2\/media\/29790"}],"wp:attachment":[{"href":"https:\/\/hardnesstests.com\/es\/wp-json\/wp\/v2\/media?parent=29789"}],"wp:term":[{"taxonomy":"product_brand","embeddable":true,"href":"https:\/\/hardnesstests.com\/es\/wp-json\/wp\/v2\/product_brand?post=29789"},{"taxonomy":"product_cat","embeddable":true,"href":"https:\/\/hardnesstests.com\/es\/wp-json\/wp\/v2\/product_cat?post=29789"},{"taxonomy":"product_tag","embeddable":true,"href":"https:\/\/hardnesstests.com\/es\/wp-json\/wp\/v2\/product_tag?post=29789"}],"curies":[{"name":"wp","href":"https:\/\/api.w.org\/{rel}","templated":true}]}}