{"id":29769,"date":"2025-11-27T07:35:59","date_gmt":"2025-11-27T07:35:59","guid":{"rendered":"https:\/\/hardnesstests.com\/?post_type=product&#038;p=29769"},"modified":"2025-11-27T07:35:59","modified_gmt":"2025-11-27T07:35:59","slug":"metallographic-sample-cutting-machine-q-2a","status":"publish","type":"product","link":"https:\/\/hardnesstests.com\/es\/producto\/metallographic-sample-cutting-machine-q-2a\/","title":{"rendered":"M\u00e1quina de corte de muestras metalogr\u00e1ficas Q-2A"},"content":{"rendered":"<h1><strong> Principales funciones y caracter\u00edsticas<\/strong><\/h1>\n<ol>\n<li>Funcionamiento sencillo<\/li>\n<li>Affordable price<\/li>\n<\/ol>\n<h1><strong> Technical parameters<\/strong><\/h1>\n<table width=\"629\">\n<tbody>\n<tr>\n<td width=\"145\">Cutting method<\/td>\n<td width=\"484\">Manual, Y-axis feed<\/td>\n<\/tr>\n<tr>\n<td width=\"145\">Cutting disc size<\/td>\n<td width=\"484\">\u03a6300\u00d72\u00d7\u03a632mm<\/td>\n<\/tr>\n<tr>\n<td width=\"145\">Maximum cutting section<\/td>\n<td width=\"484\">55X55mm<\/td>\n<\/tr>\n<tr>\n<td width=\"145\">Spindle speed<\/td>\n<td width=\"484\">2800r\/min<\/td>\n<\/tr>\n<tr>\n<td width=\"145\">Motor power<\/td>\n<td width=\"484\">2.2kw<\/td>\n<\/tr>\n<tr>\n<td width=\"145\">Cutting fixture<\/td>\n<td width=\"484\">Threaded clamp<\/td>\n<\/tr>\n<tr>\n<td width=\"145\">Input power<\/td>\n<td width=\"484\">380V, 50Hz, 8A, three-phase four-wire<\/td>\n<\/tr>\n<tr>\n<td width=\"145\">Dimensiones<\/td>\n<td width=\"484\">610X560X440mm<\/td>\n<\/tr>\n<tr>\n<td width=\"145\">Peso<\/td>\n<td width=\"484\">80kg<\/td>\n<\/tr>\n<\/tbody>\n<\/table>\n<h1><strong> Configuration List<\/strong><\/h1>\n<table width=\"619\">\n<tbody>\n<tr>\n<td width=\"125\">Product accessories<\/td>\n<td width=\"123\">Unidad<\/td>\n<td width=\"123\">cantidad<\/td>\n<td width=\"247\">Remark<\/td>\n<\/tr>\n<tr>\n<td width=\"125\">Cutting disc<\/td>\n<td width=\"123\">pieza<\/td>\n<td width=\"123\">1<\/td>\n<td width=\"247\"><\/td>\n<\/tr>\n<tr>\n<td width=\"125\">Wrench<\/td>\n<td width=\"123\">pieza<\/td>\n<td width=\"123\">1<\/td>\n<td width=\"247\"><\/td>\n<\/tr>\n<tr>\n<td width=\"125\">Tubo de entrada de agua<\/td>\n<td width=\"123\">ra\u00edz<\/td>\n<td width=\"123\">1<\/td>\n<td width=\"247\">6 points interface<\/td>\n<\/tr>\n<tr>\n<td width=\"125\">Tubo de salida de agua<\/td>\n<td width=\"123\">ra\u00edz<\/td>\n<td width=\"123\">1<\/td>\n<td width=\"247\">\u03a632<\/td>\n<\/tr>\n<tr>\n<td width=\"125\">Documentos t\u00e9cnicos<\/td>\n<td colspan=\"3\" width=\"494\">1. One copy of product manual 2. One copy of product certificate<\/td>\n<\/tr>\n<\/tbody>\n<\/table>","protected":false},"excerpt":{"rendered":"<p>In the process of metallographic sample preparation, cutting of sample materials is the first important step. This machine uses a high-speed rotating thin-slice grinding wheel to cut samples, which is suitable for straight cutting of harder metal materials. This machine has a cooling device to take away the heat generated during cutting to prevent the sample from overheating and changing the structure.<\/p>","protected":false},"featured_media":29770,"comment_status":"open","ping_status":"closed","template":"","meta":[],"product_brand":[],"product_cat":[93,81],"product_tag":[108],"class_list":{"0":"post-29769","1":"product","2":"type-product","3":"status-publish","4":"has-post-thumbnail","6":"product_cat-metallographic-cutting-machine","7":"product_cat-sample-preparation-and-analysis","8":"product_tag-metallographic-cutting-machine","10":"first","11":"instock","12":"shipping-taxable","13":"product-type-simple"},"yoast_head":"<!-- This site is optimized with the Yoast SEO Premium plugin v25.4 (Yoast SEO v27.4) - https:\/\/yoast.com\/product\/yoast-seo-premium-wordpress\/ -->\n<title>Metallographic Sample Cutting Machine Q-2A - hardnesstests<\/title>\n<meta name=\"robots\" content=\"index, follow, max-snippet:-1, max-image-preview:large, max-video-preview:-1\" \/>\n<link rel=\"canonical\" href=\"https:\/\/hardnesstests.com\/es\/producto\/metallographic-sample-cutting-machine-q-2a\/\" \/>\n<meta property=\"og:locale\" content=\"es_ES\" \/>\n<meta property=\"og:type\" content=\"article\" \/>\n<meta property=\"og:title\" content=\"Metallographic Sample Cutting Machine Q-2A\" \/>\n<meta property=\"og:description\" content=\"In the process of metallographic sample preparation, cutting of sample materials is the first important step. This machine uses a high-speed rotating thin-slice grinding wheel to cut samples, which is suitable for straight cutting of harder metal materials. This machine has a cooling device to take away the heat generated during cutting to prevent the sample from overheating and changing the structure.\" \/>\n<meta property=\"og:url\" content=\"https:\/\/hardnesstests.com\/es\/producto\/metallographic-sample-cutting-machine-q-2a\/\" \/>\n<meta property=\"og:site_name\" content=\"hardnesstests\" \/>\n<meta property=\"og:image\" content=\"https:\/\/hardnesstests.com\/wp-content\/uploads\/2025\/11\/Q-2A\u91d1\u76f8\u5207\u5272\u673a.jpg\" \/>\n\t<meta property=\"og:image:width\" content=\"800\" \/>\n\t<meta property=\"og:image:height\" content=\"800\" \/>\n\t<meta property=\"og:image:type\" content=\"image\/jpeg\" \/>\n<meta name=\"twitter:card\" content=\"summary_large_image\" \/>\n<script type=\"application\/ld+json\" class=\"yoast-schema-graph\">{\"@context\":\"https:\\\/\\\/schema.org\",\"@graph\":[{\"@type\":\"WebPage\",\"@id\":\"https:\\\/\\\/hardnesstests.com\\\/product\\\/metallographic-sample-cutting-machine-q-2a\\\/\",\"url\":\"https:\\\/\\\/hardnesstests.com\\\/product\\\/metallographic-sample-cutting-machine-q-2a\\\/\",\"name\":\"Metallographic Sample Cutting Machine Q-2A - hardnesstests\",\"isPartOf\":{\"@id\":\"https:\\\/\\\/hardnesstests.com\\\/tr\\\/#website\"},\"primaryImageOfPage\":{\"@id\":\"https:\\\/\\\/hardnesstests.com\\\/product\\\/metallographic-sample-cutting-machine-q-2a\\\/#primaryimage\"},\"image\":{\"@id\":\"https:\\\/\\\/hardnesstests.com\\\/product\\\/metallographic-sample-cutting-machine-q-2a\\\/#primaryimage\"},\"thumbnailUrl\":\"https:\\\/\\\/hardnesstests.com\\\/wp-content\\\/uploads\\\/2025\\\/11\\\/Q-2A\u91d1\u76f8\u5207\u5272\u673a.jpg\",\"datePublished\":\"2025-11-27T07:35:59+00:00\",\"breadcrumb\":{\"@id\":\"https:\\\/\\\/hardnesstests.com\\\/product\\\/metallographic-sample-cutting-machine-q-2a\\\/#breadcrumb\"},\"inLanguage\":\"es\",\"potentialAction\":[{\"@type\":\"ReadAction\",\"target\":[\"https:\\\/\\\/hardnesstests.com\\\/product\\\/metallographic-sample-cutting-machine-q-2a\\\/\"]}]},{\"@type\":\"ImageObject\",\"inLanguage\":\"es\",\"@id\":\"https:\\\/\\\/hardnesstests.com\\\/product\\\/metallographic-sample-cutting-machine-q-2a\\\/#primaryimage\",\"url\":\"https:\\\/\\\/hardnesstests.com\\\/wp-content\\\/uploads\\\/2025\\\/11\\\/Q-2A\u91d1\u76f8\u5207\u5272\u673a.jpg\",\"contentUrl\":\"https:\\\/\\\/hardnesstests.com\\\/wp-content\\\/uploads\\\/2025\\\/11\\\/Q-2A\u91d1\u76f8\u5207\u5272\u673a.jpg\",\"width\":800,\"height\":800,\"caption\":\"Metallographic Sample Cutting Machine Q-2A\"},{\"@type\":\"BreadcrumbList\",\"@id\":\"https:\\\/\\\/hardnesstests.com\\\/product\\\/metallographic-sample-cutting-machine-q-2a\\\/#breadcrumb\",\"itemListElement\":[{\"@type\":\"ListItem\",\"position\":1,\"name\":\"\u9996\u9875\",\"item\":\"https:\\\/\\\/hardnesstests.com\\\/\"},{\"@type\":\"ListItem\",\"position\":2,\"name\":\"products\",\"item\":\"https:\\\/\\\/hardnesstests.com\\\/products\\\/\"},{\"@type\":\"ListItem\",\"position\":3,\"name\":\"Metallographic Sample Cutting Machine Q-2A\"}]},{\"@type\":\"WebSite\",\"@id\":\"https:\\\/\\\/hardnesstests.com\\\/tr\\\/#website\",\"url\":\"https:\\\/\\\/hardnesstests.com\\\/tr\\\/\",\"name\":\"hardnesstests\",\"description\":\"\",\"publisher\":{\"@id\":\"https:\\\/\\\/hardnesstests.com\\\/tr\\\/#organization\"},\"potentialAction\":[{\"@type\":\"SearchAction\",\"target\":{\"@type\":\"EntryPoint\",\"urlTemplate\":\"https:\\\/\\\/hardnesstests.com\\\/tr\\\/?s={search_term_string}\"},\"query-input\":{\"@type\":\"PropertyValueSpecification\",\"valueRequired\":true,\"valueName\":\"search_term_string\"}}],\"inLanguage\":\"es\"},{\"@type\":\"Organization\",\"@id\":\"https:\\\/\\\/hardnesstests.com\\\/tr\\\/#organization\",\"name\":\"hardnesstests\",\"url\":\"https:\\\/\\\/hardnesstests.com\\\/tr\\\/\",\"logo\":{\"@type\":\"ImageObject\",\"inLanguage\":\"es\",\"@id\":\"https:\\\/\\\/hardnesstests.com\\\/tr\\\/#\\\/schema\\\/logo\\\/image\\\/\",\"url\":\"https:\\\/\\\/hardnesstests.com\\\/wp-content\\\/uploads\\\/2021\\\/08\\\/\u5fae\u4fe1\u56fe\u7247_20251029102004_335_1287.png\",\"contentUrl\":\"https:\\\/\\\/hardnesstests.com\\\/wp-content\\\/uploads\\\/2021\\\/08\\\/\u5fae\u4fe1\u56fe\u7247_20251029102004_335_1287.png\",\"width\":1308,\"height\":467,\"caption\":\"hardnesstests\"},\"image\":{\"@id\":\"https:\\\/\\\/hardnesstests.com\\\/tr\\\/#\\\/schema\\\/logo\\\/image\\\/\"}}]}<\/script>\n<!-- \/ Yoast SEO Premium plugin. -->","yoast_head_json":{"title":"Metallographic Sample Cutting Machine Q-2A - hardnesstests","robots":{"index":"index","follow":"follow","max-snippet":"max-snippet:-1","max-image-preview":"max-image-preview:large","max-video-preview":"max-video-preview:-1"},"canonical":"https:\/\/hardnesstests.com\/es\/producto\/metallographic-sample-cutting-machine-q-2a\/","og_locale":"es_ES","og_type":"article","og_title":"Metallographic Sample Cutting Machine Q-2A","og_description":"In the process of metallographic sample preparation, cutting of sample materials is the first important step. This machine uses a high-speed rotating thin-slice grinding wheel to cut samples, which is suitable for straight cutting of harder metal materials. This machine has a cooling device to take away the heat generated during cutting to prevent the sample from overheating and changing the structure.","og_url":"https:\/\/hardnesstests.com\/es\/producto\/metallographic-sample-cutting-machine-q-2a\/","og_site_name":"hardnesstests","og_image":[{"width":800,"height":800,"url":"https:\/\/hardnesstests.com\/wp-content\/uploads\/2025\/11\/Q-2A\u91d1\u76f8\u5207\u5272\u673a.jpg","type":"image\/jpeg"}],"twitter_card":"summary_large_image","schema":{"@context":"https:\/\/schema.org","@graph":[{"@type":"WebPage","@id":"https:\/\/hardnesstests.com\/product\/metallographic-sample-cutting-machine-q-2a\/","url":"https:\/\/hardnesstests.com\/product\/metallographic-sample-cutting-machine-q-2a\/","name":"Metallographic Sample Cutting Machine Q-2A - hardnesstests","isPartOf":{"@id":"https:\/\/hardnesstests.com\/tr\/#website"},"primaryImageOfPage":{"@id":"https:\/\/hardnesstests.com\/product\/metallographic-sample-cutting-machine-q-2a\/#primaryimage"},"image":{"@id":"https:\/\/hardnesstests.com\/product\/metallographic-sample-cutting-machine-q-2a\/#primaryimage"},"thumbnailUrl":"https:\/\/hardnesstests.com\/wp-content\/uploads\/2025\/11\/Q-2A\u91d1\u76f8\u5207\u5272\u673a.jpg","datePublished":"2025-11-27T07:35:59+00:00","breadcrumb":{"@id":"https:\/\/hardnesstests.com\/product\/metallographic-sample-cutting-machine-q-2a\/#breadcrumb"},"inLanguage":"es","potentialAction":[{"@type":"ReadAction","target":["https:\/\/hardnesstests.com\/product\/metallographic-sample-cutting-machine-q-2a\/"]}]},{"@type":"ImageObject","inLanguage":"es","@id":"https:\/\/hardnesstests.com\/product\/metallographic-sample-cutting-machine-q-2a\/#primaryimage","url":"https:\/\/hardnesstests.com\/wp-content\/uploads\/2025\/11\/Q-2A\u91d1\u76f8\u5207\u5272\u673a.jpg","contentUrl":"https:\/\/hardnesstests.com\/wp-content\/uploads\/2025\/11\/Q-2A\u91d1\u76f8\u5207\u5272\u673a.jpg","width":800,"height":800,"caption":"Metallographic Sample Cutting Machine Q-2A"},{"@type":"BreadcrumbList","@id":"https:\/\/hardnesstests.com\/product\/metallographic-sample-cutting-machine-q-2a\/#breadcrumb","itemListElement":[{"@type":"ListItem","position":1,"name":"\u9996\u9875","item":"https:\/\/hardnesstests.com\/"},{"@type":"ListItem","position":2,"name":"products","item":"https:\/\/hardnesstests.com\/products\/"},{"@type":"ListItem","position":3,"name":"Metallographic Sample Cutting Machine Q-2A"}]},{"@type":"WebSite","@id":"https:\/\/hardnesstests.com\/tr\/#website","url":"https:\/\/hardnesstests.com\/tr\/","name":"hardnesstests","description":"","publisher":{"@id":"https:\/\/hardnesstests.com\/tr\/#organization"},"potentialAction":[{"@type":"SearchAction","target":{"@type":"EntryPoint","urlTemplate":"https:\/\/hardnesstests.com\/tr\/?s={search_term_string}"},"query-input":{"@type":"PropertyValueSpecification","valueRequired":true,"valueName":"search_term_string"}}],"inLanguage":"es"},{"@type":"Organization","@id":"https:\/\/hardnesstests.com\/tr\/#organization","name":"hardnesstests","url":"https:\/\/hardnesstests.com\/tr\/","logo":{"@type":"ImageObject","inLanguage":"es","@id":"https:\/\/hardnesstests.com\/tr\/#\/schema\/logo\/image\/","url":"https:\/\/hardnesstests.com\/wp-content\/uploads\/2021\/08\/\u5fae\u4fe1\u56fe\u7247_20251029102004_335_1287.png","contentUrl":"https:\/\/hardnesstests.com\/wp-content\/uploads\/2021\/08\/\u5fae\u4fe1\u56fe\u7247_20251029102004_335_1287.png","width":1308,"height":467,"caption":"hardnesstests"},"image":{"@id":"https:\/\/hardnesstests.com\/tr\/#\/schema\/logo\/image\/"}}]}},"_links":{"self":[{"href":"https:\/\/hardnesstests.com\/es\/wp-json\/wp\/v2\/product\/29769","targetHints":{"allow":["GET"]}}],"collection":[{"href":"https:\/\/hardnesstests.com\/es\/wp-json\/wp\/v2\/product"}],"about":[{"href":"https:\/\/hardnesstests.com\/es\/wp-json\/wp\/v2\/types\/product"}],"replies":[{"embeddable":true,"href":"https:\/\/hardnesstests.com\/es\/wp-json\/wp\/v2\/comments?post=29769"}],"version-history":[{"count":1,"href":"https:\/\/hardnesstests.com\/es\/wp-json\/wp\/v2\/product\/29769\/revisions"}],"predecessor-version":[{"id":29771,"href":"https:\/\/hardnesstests.com\/es\/wp-json\/wp\/v2\/product\/29769\/revisions\/29771"}],"wp:featuredmedia":[{"embeddable":true,"href":"https:\/\/hardnesstests.com\/es\/wp-json\/wp\/v2\/media\/29770"}],"wp:attachment":[{"href":"https:\/\/hardnesstests.com\/es\/wp-json\/wp\/v2\/media?parent=29769"}],"wp:term":[{"taxonomy":"product_brand","embeddable":true,"href":"https:\/\/hardnesstests.com\/es\/wp-json\/wp\/v2\/product_brand?post=29769"},{"taxonomy":"product_cat","embeddable":true,"href":"https:\/\/hardnesstests.com\/es\/wp-json\/wp\/v2\/product_cat?post=29769"},{"taxonomy":"product_tag","embeddable":true,"href":"https:\/\/hardnesstests.com\/es\/wp-json\/wp\/v2\/product_tag?post=29769"}],"curies":[{"name":"wp","href":"https:\/\/api.w.org\/{rel}","templated":true}]}}