{"id":29741,"date":"2025-11-27T07:06:07","date_gmt":"2025-11-27T07:06:07","guid":{"rendered":"https:\/\/hardnesstests.com\/?post_type=product&#038;p=29741"},"modified":"2025-11-27T07:06:07","modified_gmt":"2025-11-27T07:06:07","slug":"chvs-50zdigital-display-automatic-turret-type-vickers-hardness-tester","status":"publish","type":"product","link":"https:\/\/hardnesstests.com\/es\/producto\/chvs-50zdigital-display-automatic-turret-type-vickers-hardness-tester\/","title":{"rendered":"(CHVS-50Z)Dur\u00f3metro Vickers autom\u00e1tico de torreta con pantalla digital"},"content":{"rendered":"<h1 style=\"font-weight: 400;\"><strong>Funciones y caracter\u00edsticas principales:<\/strong><\/h1>\n<ol>\n<li>El sistema \u00f3ptico dise\u00f1ado por ingenieros \u00f3pticos superiores no s\u00f3lo ofrece im\u00e1genes n\u00edtidas, sino que tambi\u00e9n puede utilizarse como un microscopio sencillo con brillo ajustable y visi\u00f3n c\u00f3moda.<\/li>\n<li>En la pantalla de visualizaci\u00f3n industrial, el valor de dureza se puede mostrar visualmente, la dureza se puede convertir, el m\u00e9todo de prueba, la fuerza de prueba, el tiempo de la carga y el n\u00famero de mediciones, y el proceso de prueba se puede entender intuitivamente.<\/li>\n<li style=\"font-weight: 400;\">Moldeado de aluminio fundido, la estructura es estable y no se deforma, pintura automotriz de alto grado, capacidad anti-ara\u00f1azos, el uso durante muchos a\u00f1os sigue siendo brillante como nuevo;<\/li>\n<li>Nuestra empresa tiene sus propias capacidades de I+D, producci\u00f3n y procesamiento. Nuestras m\u00e1quinas ofrecen servicios de sustituci\u00f3n de piezas y actualizaci\u00f3n de mantenimiento de por vida.<\/li>\n<li style=\"font-weight: 400;\">CHVS-50Z models can be achieved: observation &#8211; test &#8211; measurement of the position switch by the automatic turret<\/li>\n<li style=\"font-weight: 400;\">CHVS-50Z model can realize: the position switch of observation-test-measurement is completed by automatic turret;<\/li>\n<li>Equipped with a large LCD screen; the large LCD screen display is convenient for observation, and the test conditions and test process are intuitive and clear;<\/li>\n<li>Optional built-in printer; direct printing of test results and test data;<\/li>\n<\/ol>\n<h1 style=\"font-weight: 400;\"><strong>Objetivo principal y \u00e1mbito de aplicaci\u00f3n:<\/strong><\/h1>\n<ol>\n<li>Hierro y acero, metales no ferrosos, l\u00e1minas met\u00e1licas, aleaciones duras, chapas met\u00e1licas, microestructuras<\/li>\n<li>Carburizing, nitriding and decarburization layers, surface hardened layer, plating layer, coating<\/li>\n<li style=\"font-weight: 400;\">glass, wafers, ceramic materials, carbonization;<\/li>\n<\/ol>\n<p style=\"font-weight: 400;\"><strong>Par\u00e1metros t\u00e9cnicos:<\/strong><\/p>\n<table style=\"font-weight: 400;\" width=\"580\">\n<tbody>\n<tr>\n<td width=\"204\">nombre del par\u00e1metro<\/td>\n<td width=\"376\">Datos de los par\u00e1metros<\/td>\n<\/tr>\n<tr>\n<td width=\"204\">Escala de dureza Vickers<\/td>\n<td width=\"376\">HV0.3, HV0.5, HV1, HV2, HV2.5, HV3\uff0cHV5\uff0cHV10\uff0cHV20\uff0cHV30\uff0cHV50<\/td>\n<\/tr>\n<tr>\n<td width=\"204\">mostrar<\/td>\n<td width=\"376\">Valor de dureza de 5 d\u00edgitos, longitud diagonal de 4 d\u00edgitos (D1, D2),<\/p>\n<p>Hold time, number of tests, average value, etc.<\/td>\n<\/tr>\n<tr>\n<td width=\"204\">Fuerza de ensayo (Kgf)<\/td>\n<td width=\"376\">0.3\u30010.5\u30011\u30012\u30012.5\u30013\u30015\u300110\u300120\u300130\u300150kgf<\/td>\n<\/tr>\n<tr>\n<td width=\"204\">Test mode<\/td>\n<td width=\"376\">HV\/HK<\/td>\n<\/tr>\n<tr>\n<td width=\"204\">Objective lens and indenter switch<\/td>\n<td width=\"376\">automatic switch<\/td>\n<\/tr>\n<tr>\n<td width=\"204\">Measurement multiple<\/td>\n<td width=\"376\">double objective lens measurement 10X,20X can be measured<\/td>\n<\/tr>\n<tr>\n<td width=\"204\">Control de carga<\/td>\n<td width=\"376\">Autom\u00e1tico (carga\/retenci\u00f3n\/desinstalaci\u00f3n)<\/td>\n<\/tr>\n<tr>\n<td width=\"204\">Tiempo de retenci\u00f3n de la fuerza de ensayo<\/td>\n<td width=\"376\">1\uff5e99<\/td>\n<\/tr>\n<tr>\n<td width=\"204\">Canal \u00f3ptico<\/td>\n<td width=\"376\">Canales de luz dobles (oculares y canales de c\u00e1mara CCD)<\/td>\n<\/tr>\n<tr>\n<td width=\"204\">Sistema \u00f3ptico<\/td>\n<td width=\"376\">Objective lens: 10\u00d7, 20\u00d7 (optional 40X) Eyepiece magnification: 10\u00d7 (optional 15X)<\/p>\n<p>Total magnification (\u03bcm): 100\u00d7, 200\u00d7 Measuring range (\u03bcm): 400<\/p>\n<p>Resoluci\u00f3n (\u03bcm): 0.125<\/td>\n<\/tr>\n<tr>\n<td width=\"204\">Language<\/td>\n<td width=\"376\">Chinese and English<\/td>\n<\/tr>\n<tr>\n<td width=\"204\">Nivel ejecutivo<\/td>\n<td width=\"376\">ISO 6507, ASTM E92, JIS Z2244, GB\/T 4340.2<\/td>\n<\/tr>\n<tr>\n<td width=\"204\">Rango de medici\u00f3n de la dureza<\/td>\n<td width=\"376\">(5-3000)HV<\/td>\n<\/tr>\n<tr>\n<td width=\"204\">Banco de pruebas XY (opcional)<\/td>\n<td width=\"376\">Tama\u00f1o (mm): 100\u00d7100<\/p>\n<p>Rango de recorrido (mm): 25\u00d725<\/p>\n<p>Lectura m\u00ednima (mm): 0.01<\/td>\n<\/tr>\n<tr>\n<td width=\"204\">Altura m\u00e1xima de la probeta (mm)<\/td>\n<td width=\"376\">165<\/td>\n<\/tr>\n<tr>\n<td width=\"204\">Anchura m\u00e1xima de la probeta (mm)<\/td>\n<td width=\"376\">130 (distancia de la l\u00ednea central del penetrador a la pared)<\/td>\n<\/tr>\n<tr>\n<td width=\"204\">Salida de datos<\/td>\n<td width=\"376\">reserved built-in micro printer interface (optional)<\/td>\n<\/tr>\n<tr>\n<td width=\"204\">tensi\u00f3n<\/td>\n<td width=\"376\">AC220V\/50HZ<\/td>\n<\/tr>\n<tr>\n<td width=\"204\">Tama\u00f1o total (mm)<\/td>\n<td width=\"376\">585\u00d7200\u00d7630<\/td>\n<\/tr>\n<tr>\n<td width=\"204\">Peso (kg)<\/td>\n<td width=\"376\">42<\/td>\n<\/tr>\n<\/tbody>\n<\/table>","protected":false},"excerpt":{"rendered":"<p>The digital display automatic turret type Vickers hardness tester is a high-tech product integrating light, machine and electricity. It adopts a closed-loop loading control system with high test force accuracy, good repeatability and stability of the displayed value. The instrument adopts a brand-new high-resolution display, the display is intuitive and clear, easy to operate, and has an energy-saving mode. Equipped with digital display micrometer eyepiece, no need to look up the table or input the diagonal of the indentation. The test force, indentation length, dwell time, number of measurements, conversion ruler, date and time are displayed on the screen intuitively, and only need to be measured during operation. Press the eyepiece button for the indentation to automatically calculate the hardness value and display it on the screen. The hardness test results are saved in real time and printed out, and the maximum, minimum and average values are automatically calculated.<\/p>","protected":false},"featured_media":29742,"comment_status":"open","ping_status":"closed","template":"","meta":[],"product_brand":[],"product_cat":[70,73],"product_tag":[106],"class_list":{"0":"post-29741","1":"product","2":"type-product","3":"status-publish","4":"has-post-thumbnail","6":"product_cat-hardness-tester","7":"product_cat-sensor-vickers-hardness-tester","8":"product_tag-sensor-vickers-hardness-tester","10":"first","11":"instock","12":"shipping-taxable","13":"product-type-simple"},"yoast_head":"<!-- This site is optimized with the Yoast SEO Premium plugin v25.4 (Yoast SEO v27.4) - https:\/\/yoast.com\/product\/yoast-seo-premium-wordpress\/ -->\n<title>(CHVS-50Z)Digital display automatic turret type Vickers hardness tester - hardnesstests<\/title>\n<meta name=\"robots\" content=\"index, follow, max-snippet:-1, max-image-preview:large, max-video-preview:-1\" \/>\n<link rel=\"canonical\" href=\"https:\/\/hardnesstests.com\/es\/producto\/chvs-50zdigital-display-automatic-turret-type-vickers-hardness-tester\/\" \/>\n<meta property=\"og:locale\" content=\"es_ES\" \/>\n<meta property=\"og:type\" content=\"article\" \/>\n<meta property=\"og:title\" content=\"(CHVS-50Z)Digital display automatic turret type Vickers hardness tester\" \/>\n<meta property=\"og:description\" content=\"The digital display automatic turret type Vickers hardness tester is a high-tech product integrating light, machine and electricity. It adopts a closed-loop loading control system with high test force accuracy, good repeatability and stability of the displayed value. The instrument adopts a brand-new high-resolution display, the display is intuitive and clear, easy to operate, and has an energy-saving mode. Equipped with digital display micrometer eyepiece, no need to look up the table or input the diagonal of the indentation. The test force, indentation length, dwell time, number of measurements, conversion ruler, date and time are displayed on the screen intuitively, and only need to be measured during operation. Press the eyepiece button for the indentation to automatically calculate the hardness value and display it on the screen. The hardness test results are saved in real time and printed out, and the maximum, minimum and average values are automatically calculated.\" \/>\n<meta property=\"og:url\" content=\"https:\/\/hardnesstests.com\/es\/producto\/chvs-50zdigital-display-automatic-turret-type-vickers-hardness-tester\/\" \/>\n<meta property=\"og:site_name\" content=\"hardnesstests\" \/>\n<meta property=\"og:image\" content=\"https:\/\/hardnesstests.com\/wp-content\/uploads\/2025\/11\/CHVS-50Z-\u6570\u663e\u81ea\u52a8\u8f6c\u5854\u5f0f.jpg\" \/>\n\t<meta property=\"og:image:width\" content=\"800\" \/>\n\t<meta property=\"og:image:height\" content=\"800\" \/>\n\t<meta property=\"og:image:type\" content=\"image\/jpeg\" \/>\n<meta name=\"twitter:card\" content=\"summary_large_image\" \/>\n<meta name=\"twitter:label1\" content=\"Tiempo de lectura\" \/>\n\t<meta name=\"twitter:data1\" content=\"2 minutos\" \/>\n<script type=\"application\/ld+json\" class=\"yoast-schema-graph\">{\"@context\":\"https:\\\/\\\/schema.org\",\"@graph\":[{\"@type\":\"WebPage\",\"@id\":\"https:\\\/\\\/hardnesstests.com\\\/product\\\/chvs-50zdigital-display-automatic-turret-type-vickers-hardness-tester\\\/\",\"url\":\"https:\\\/\\\/hardnesstests.com\\\/product\\\/chvs-50zdigital-display-automatic-turret-type-vickers-hardness-tester\\\/\",\"name\":\"(CHVS-50Z)Digital display automatic turret type Vickers hardness tester - hardnesstests\",\"isPartOf\":{\"@id\":\"https:\\\/\\\/hardnesstests.com\\\/tr\\\/#website\"},\"primaryImageOfPage\":{\"@id\":\"https:\\\/\\\/hardnesstests.com\\\/product\\\/chvs-50zdigital-display-automatic-turret-type-vickers-hardness-tester\\\/#primaryimage\"},\"image\":{\"@id\":\"https:\\\/\\\/hardnesstests.com\\\/product\\\/chvs-50zdigital-display-automatic-turret-type-vickers-hardness-tester\\\/#primaryimage\"},\"thumbnailUrl\":\"https:\\\/\\\/hardnesstests.com\\\/wp-content\\\/uploads\\\/2025\\\/11\\\/CHVS-50Z-\u6570\u663e\u81ea\u52a8\u8f6c\u5854\u5f0f.jpg\",\"datePublished\":\"2025-11-27T07:06:07+00:00\",\"breadcrumb\":{\"@id\":\"https:\\\/\\\/hardnesstests.com\\\/product\\\/chvs-50zdigital-display-automatic-turret-type-vickers-hardness-tester\\\/#breadcrumb\"},\"inLanguage\":\"es\",\"potentialAction\":[{\"@type\":\"ReadAction\",\"target\":[\"https:\\\/\\\/hardnesstests.com\\\/product\\\/chvs-50zdigital-display-automatic-turret-type-vickers-hardness-tester\\\/\"]}]},{\"@type\":\"ImageObject\",\"inLanguage\":\"es\",\"@id\":\"https:\\\/\\\/hardnesstests.com\\\/product\\\/chvs-50zdigital-display-automatic-turret-type-vickers-hardness-tester\\\/#primaryimage\",\"url\":\"https:\\\/\\\/hardnesstests.com\\\/wp-content\\\/uploads\\\/2025\\\/11\\\/CHVS-50Z-\u6570\u663e\u81ea\u52a8\u8f6c\u5854\u5f0f.jpg\",\"contentUrl\":\"https:\\\/\\\/hardnesstests.com\\\/wp-content\\\/uploads\\\/2025\\\/11\\\/CHVS-50Z-\u6570\u663e\u81ea\u52a8\u8f6c\u5854\u5f0f.jpg\",\"width\":800,\"height\":800,\"caption\":\"(CHVS-50Z)Digital display automatic turret type Vickers hardness tester\"},{\"@type\":\"BreadcrumbList\",\"@id\":\"https:\\\/\\\/hardnesstests.com\\\/product\\\/chvs-50zdigital-display-automatic-turret-type-vickers-hardness-tester\\\/#breadcrumb\",\"itemListElement\":[{\"@type\":\"ListItem\",\"position\":1,\"name\":\"\u9996\u9875\",\"item\":\"https:\\\/\\\/hardnesstests.com\\\/\"},{\"@type\":\"ListItem\",\"position\":2,\"name\":\"products\",\"item\":\"https:\\\/\\\/hardnesstests.com\\\/products\\\/\"},{\"@type\":\"ListItem\",\"position\":3,\"name\":\"(CHVS-50Z)Digital display automatic turret type Vickers hardness tester\"}]},{\"@type\":\"WebSite\",\"@id\":\"https:\\\/\\\/hardnesstests.com\\\/tr\\\/#website\",\"url\":\"https:\\\/\\\/hardnesstests.com\\\/tr\\\/\",\"name\":\"hardnesstests\",\"description\":\"\",\"publisher\":{\"@id\":\"https:\\\/\\\/hardnesstests.com\\\/tr\\\/#organization\"},\"potentialAction\":[{\"@type\":\"SearchAction\",\"target\":{\"@type\":\"EntryPoint\",\"urlTemplate\":\"https:\\\/\\\/hardnesstests.com\\\/tr\\\/?s={search_term_string}\"},\"query-input\":{\"@type\":\"PropertyValueSpecification\",\"valueRequired\":true,\"valueName\":\"search_term_string\"}}],\"inLanguage\":\"es\"},{\"@type\":\"Organization\",\"@id\":\"https:\\\/\\\/hardnesstests.com\\\/tr\\\/#organization\",\"name\":\"hardnesstests\",\"url\":\"https:\\\/\\\/hardnesstests.com\\\/tr\\\/\",\"logo\":{\"@type\":\"ImageObject\",\"inLanguage\":\"es\",\"@id\":\"https:\\\/\\\/hardnesstests.com\\\/tr\\\/#\\\/schema\\\/logo\\\/image\\\/\",\"url\":\"https:\\\/\\\/hardnesstests.com\\\/wp-content\\\/uploads\\\/2021\\\/08\\\/\u5fae\u4fe1\u56fe\u7247_20251029102004_335_1287.png\",\"contentUrl\":\"https:\\\/\\\/hardnesstests.com\\\/wp-content\\\/uploads\\\/2021\\\/08\\\/\u5fae\u4fe1\u56fe\u7247_20251029102004_335_1287.png\",\"width\":1308,\"height\":467,\"caption\":\"hardnesstests\"},\"image\":{\"@id\":\"https:\\\/\\\/hardnesstests.com\\\/tr\\\/#\\\/schema\\\/logo\\\/image\\\/\"}}]}<\/script>\n<!-- \/ Yoast SEO Premium plugin. -->","yoast_head_json":{"title":"(CHVS-50Z)Digital display automatic turret type Vickers hardness tester - hardnesstests","robots":{"index":"index","follow":"follow","max-snippet":"max-snippet:-1","max-image-preview":"max-image-preview:large","max-video-preview":"max-video-preview:-1"},"canonical":"https:\/\/hardnesstests.com\/es\/producto\/chvs-50zdigital-display-automatic-turret-type-vickers-hardness-tester\/","og_locale":"es_ES","og_type":"article","og_title":"(CHVS-50Z)Digital display automatic turret type Vickers hardness tester","og_description":"The digital display automatic turret type Vickers hardness tester is a high-tech product integrating light, machine and electricity. It adopts a closed-loop loading control system with high test force accuracy, good repeatability and stability of the displayed value. The instrument adopts a brand-new high-resolution display, the display is intuitive and clear, easy to operate, and has an energy-saving mode. Equipped with digital display micrometer eyepiece, no need to look up the table or input the diagonal of the indentation. The test force, indentation length, dwell time, number of measurements, conversion ruler, date and time are displayed on the screen intuitively, and only need to be measured during operation. Press the eyepiece button for the indentation to automatically calculate the hardness value and display it on the screen. The hardness test results are saved in real time and printed out, and the maximum, minimum and average values are automatically calculated.","og_url":"https:\/\/hardnesstests.com\/es\/producto\/chvs-50zdigital-display-automatic-turret-type-vickers-hardness-tester\/","og_site_name":"hardnesstests","og_image":[{"width":800,"height":800,"url":"https:\/\/hardnesstests.com\/wp-content\/uploads\/2025\/11\/CHVS-50Z-\u6570\u663e\u81ea\u52a8\u8f6c\u5854\u5f0f.jpg","type":"image\/jpeg"}],"twitter_card":"summary_large_image","twitter_misc":{"Tiempo de lectura":"2 minutos"},"schema":{"@context":"https:\/\/schema.org","@graph":[{"@type":"WebPage","@id":"https:\/\/hardnesstests.com\/product\/chvs-50zdigital-display-automatic-turret-type-vickers-hardness-tester\/","url":"https:\/\/hardnesstests.com\/product\/chvs-50zdigital-display-automatic-turret-type-vickers-hardness-tester\/","name":"(CHVS-50Z)Digital display automatic turret type Vickers hardness tester - hardnesstests","isPartOf":{"@id":"https:\/\/hardnesstests.com\/tr\/#website"},"primaryImageOfPage":{"@id":"https:\/\/hardnesstests.com\/product\/chvs-50zdigital-display-automatic-turret-type-vickers-hardness-tester\/#primaryimage"},"image":{"@id":"https:\/\/hardnesstests.com\/product\/chvs-50zdigital-display-automatic-turret-type-vickers-hardness-tester\/#primaryimage"},"thumbnailUrl":"https:\/\/hardnesstests.com\/wp-content\/uploads\/2025\/11\/CHVS-50Z-\u6570\u663e\u81ea\u52a8\u8f6c\u5854\u5f0f.jpg","datePublished":"2025-11-27T07:06:07+00:00","breadcrumb":{"@id":"https:\/\/hardnesstests.com\/product\/chvs-50zdigital-display-automatic-turret-type-vickers-hardness-tester\/#breadcrumb"},"inLanguage":"es","potentialAction":[{"@type":"ReadAction","target":["https:\/\/hardnesstests.com\/product\/chvs-50zdigital-display-automatic-turret-type-vickers-hardness-tester\/"]}]},{"@type":"ImageObject","inLanguage":"es","@id":"https:\/\/hardnesstests.com\/product\/chvs-50zdigital-display-automatic-turret-type-vickers-hardness-tester\/#primaryimage","url":"https:\/\/hardnesstests.com\/wp-content\/uploads\/2025\/11\/CHVS-50Z-\u6570\u663e\u81ea\u52a8\u8f6c\u5854\u5f0f.jpg","contentUrl":"https:\/\/hardnesstests.com\/wp-content\/uploads\/2025\/11\/CHVS-50Z-\u6570\u663e\u81ea\u52a8\u8f6c\u5854\u5f0f.jpg","width":800,"height":800,"caption":"(CHVS-50Z)Digital display automatic turret type Vickers hardness tester"},{"@type":"BreadcrumbList","@id":"https:\/\/hardnesstests.com\/product\/chvs-50zdigital-display-automatic-turret-type-vickers-hardness-tester\/#breadcrumb","itemListElement":[{"@type":"ListItem","position":1,"name":"\u9996\u9875","item":"https:\/\/hardnesstests.com\/"},{"@type":"ListItem","position":2,"name":"products","item":"https:\/\/hardnesstests.com\/products\/"},{"@type":"ListItem","position":3,"name":"(CHVS-50Z)Digital display automatic turret type Vickers hardness tester"}]},{"@type":"WebSite","@id":"https:\/\/hardnesstests.com\/tr\/#website","url":"https:\/\/hardnesstests.com\/tr\/","name":"hardnesstests","description":"","publisher":{"@id":"https:\/\/hardnesstests.com\/tr\/#organization"},"potentialAction":[{"@type":"SearchAction","target":{"@type":"EntryPoint","urlTemplate":"https:\/\/hardnesstests.com\/tr\/?s={search_term_string}"},"query-input":{"@type":"PropertyValueSpecification","valueRequired":true,"valueName":"search_term_string"}}],"inLanguage":"es"},{"@type":"Organization","@id":"https:\/\/hardnesstests.com\/tr\/#organization","name":"hardnesstests","url":"https:\/\/hardnesstests.com\/tr\/","logo":{"@type":"ImageObject","inLanguage":"es","@id":"https:\/\/hardnesstests.com\/tr\/#\/schema\/logo\/image\/","url":"https:\/\/hardnesstests.com\/wp-content\/uploads\/2021\/08\/\u5fae\u4fe1\u56fe\u7247_20251029102004_335_1287.png","contentUrl":"https:\/\/hardnesstests.com\/wp-content\/uploads\/2021\/08\/\u5fae\u4fe1\u56fe\u7247_20251029102004_335_1287.png","width":1308,"height":467,"caption":"hardnesstests"},"image":{"@id":"https:\/\/hardnesstests.com\/tr\/#\/schema\/logo\/image\/"}}]}},"_links":{"self":[{"href":"https:\/\/hardnesstests.com\/es\/wp-json\/wp\/v2\/product\/29741","targetHints":{"allow":["GET"]}}],"collection":[{"href":"https:\/\/hardnesstests.com\/es\/wp-json\/wp\/v2\/product"}],"about":[{"href":"https:\/\/hardnesstests.com\/es\/wp-json\/wp\/v2\/types\/product"}],"replies":[{"embeddable":true,"href":"https:\/\/hardnesstests.com\/es\/wp-json\/wp\/v2\/comments?post=29741"}],"version-history":[{"count":1,"href":"https:\/\/hardnesstests.com\/es\/wp-json\/wp\/v2\/product\/29741\/revisions"}],"predecessor-version":[{"id":29743,"href":"https:\/\/hardnesstests.com\/es\/wp-json\/wp\/v2\/product\/29741\/revisions\/29743"}],"wp:featuredmedia":[{"embeddable":true,"href":"https:\/\/hardnesstests.com\/es\/wp-json\/wp\/v2\/media\/29742"}],"wp:attachment":[{"href":"https:\/\/hardnesstests.com\/es\/wp-json\/wp\/v2\/media?parent=29741"}],"wp:term":[{"taxonomy":"product_brand","embeddable":true,"href":"https:\/\/hardnesstests.com\/es\/wp-json\/wp\/v2\/product_brand?post=29741"},{"taxonomy":"product_cat","embeddable":true,"href":"https:\/\/hardnesstests.com\/es\/wp-json\/wp\/v2\/product_cat?post=29741"},{"taxonomy":"product_tag","embeddable":true,"href":"https:\/\/hardnesstests.com\/es\/wp-json\/wp\/v2\/product_tag?post=29741"}],"curies":[{"name":"wp","href":"https:\/\/api.w.org\/{rel}","templated":true}]}}