{"id":29738,"date":"2025-11-27T07:04:03","date_gmt":"2025-11-27T07:04:03","guid":{"rendered":"https:\/\/hardnesstests.com\/?post_type=product&#038;p=29738"},"modified":"2025-11-27T07:04:03","modified_gmt":"2025-11-27T07:04:03","slug":"chvs-30zdigital-display-automatic-turret-type-vickers-hardness-tester","status":"publish","type":"product","link":"https:\/\/hardnesstests.com\/es\/producto\/chvs-30zdigital-display-automatic-turret-type-vickers-hardness-tester\/","title":{"rendered":"(CHVS-30Z)Pantalla digital autom\u00e1tica tipo torreta Dur\u00f3metro Vickers"},"content":{"rendered":"<p style=\"font-weight: 400;\">The machine can be equipped with a Vickers measuring system: it can carry out successive experiments with each load and each indentation read. The convenient ccd camera can be used to observe and measure the indentation directly on the display. The measurement accuracy with the mouse is high, and manual measurement errors are avoided. For setting test conditions, display results, etc. can be operated and displayed clearly and quickly. Through the measurement software, the computer can be used for easy operation, realizing single-point measurement, multi-point measurement can be randomly measured, statistical measurement data, and the distance between two or multi-point measurement points can be set arbitrarily for seepage depth measurement Can be measured in both X or Y directions , Statistical measurement data, according to the judgment value input by the user, automatically calculate the depth of the hardened layer. Statistical calculation, conversion, display curve to judge whether it is qualified, etc. The length of the measured part can be saved and printed.<\/p>\n<h1 style=\"font-weight: 400;\"><strong>Software features<\/strong><strong>\uff1a<\/strong><\/h1>\n<p style=\"font-weight: 400;\">Hardening curve: The user manually enters the depth of the test point, and the software automatically draws the hardening curve and calculates the hardening layer depth. For convenience, users can save multiple depth points to a template file for recall during testing;<\/p>\n<p style=\"font-weight: 400;\">Hardness value conversion, correction, and effective verification: The system can convert the measured micro Vickers hardness value into other hardness values such as HB, HR, etc.; it can correct the measured value of the spherical cylindrical sample; the measured value of the sample can be effective verify;<\/p>\n<p style=\"font-weight: 400;\">Data statistics: automatically calculate the average value, variance, Cp, Cpk and other statistical values of the measured hardness;<\/p>\n<p style=\"font-weight: 400;\">Automatic alarm: automatically mark out the upper and lower limit values;<\/p>\n<p style=\"font-weight: 400;\">Test report: Automatically generate WORD or EXCEL document report; users can customize the report format; the standard format includes every single hardness measurement value, statistical value, indentation image, and hardening curve, etc.;<\/p>\n<p style=\"font-weight: 400;\">Data storage: the original measurement data and measurement images can be saved to a file;<\/p>\n<p style=\"font-weight: 400;\">Knoop hardness and fracture toughness: the software can be set to measure Knoop hardness or fracture toughness;<\/p>\n<p style=\"font-weight: 400;\">Other functions: including general functions such as: image capture, video capture, image processing,geometric size measurement, document annotation, album management, and fixed-magnification printing, etc.<\/p>\n<h1 style=\"font-weight: 400;\"><strong>Main functions and features of the machine<\/strong><strong>\uff1a<\/strong><\/h1>\n<ol>\n<li style=\"font-weight: 400;\">El sistema \u00f3ptico dise\u00f1ado por ingenieros \u00f3pticos superiores no s\u00f3lo ofrece im\u00e1genes n\u00edtidas, sino que tambi\u00e9n puede utilizarse como un microscopio sencillo, con brillo ajustable, visi\u00f3n c\u00f3moda y no es f\u00e1cil que se fatigue tras un funcionamiento prolongado;<\/li>\n<li style=\"font-weight: 400;\">The large LCD screen of the industrial display screen can display the test method, test force, measured indentation length, hardness value, test force retention time, measurement times and can enter the year, month, date, test results and data processing, etc.;<\/li>\n<li style=\"font-weight: 400;\">The cast aluminum shell is formed at one time, the structure is stable and does not deform, the car paint grade is high, the scratch resistance is strong, and it is still bright as new after years of use;<\/li>\n<li style=\"font-weight: 400;\">Nuestra empresa tiene la capacidad de investigar, desarrollar, dise\u00f1ar, producir y procesar por s\u00ed misma, y proporcionar servicios de sustituci\u00f3n de piezas y actualizaci\u00f3n de mantenimiento para nuestras m\u00e1quinas de por vida;<\/li>\n<li style=\"font-weight: 400;\">CHVS-5Z model can measure the actual length and directly confirm the hardness value;<\/li>\n<li style=\"font-weight: 400;\">The CHVS-5Z model can realize: the position switch of observation-test-measurement is completed by automatic turret;<\/li>\n<li style=\"font-weight: 400;\">Equipped with a large LCD screen; the large LCD screen display is convenient for observation, and the test conditions and test process are intuitive and clear;<\/li>\n<li style=\"font-weight: 400;\">Optional built-in printer; direct printing of test results and test data;<\/li>\n<\/ol>\n<h1 style=\"font-weight: 400;\"><strong>Objetivo principal y \u00e1mbito de aplicaci\u00f3n<\/strong><strong>\uff1a<\/strong><\/h1>\n<ol>\n<li style=\"font-weight: 400;\">Steel, non-ferrous metals, metal foil, cemented carbide, metal sheet, microstructure, carbonization;<\/li>\n<li style=\"font-weight: 400;\">Carburizing, nitriding and decarburizing layer, surface hardening layer, electroplating layer, coating, heat treatment;<\/li>\n<li style=\"font-weight: 400;\">Glass, wafers, ceramic materials;<\/li>\n<\/ol>\n<h1 style=\"font-weight: 400;\"><strong>technical parameter<\/strong><strong>\uff1a<\/strong><\/h1>\n<table>\n<tbody>\n<tr>\n<td width=\"151\">nombre del par\u00e1metro<\/td>\n<td width=\"406\">Datos de los par\u00e1metros<\/td>\n<\/tr>\n<tr>\n<td width=\"151\">Escala de dureza Vickers<\/td>\n<td width=\"406\">HV0.3,HV0.5,HV1,HV2\uff0cHV3\uff0cHV5\uff0cHV10\uff0cHV30,(Optional ruler)<\/td>\n<\/tr>\n<tr>\n<td width=\"151\">Mostrar<\/td>\n<td width=\"406\">Valor de dureza de 5 d\u00edgitos, longitud diagonal de 4 d\u00edgitos (D1, D2),<\/p>\n<p>Hold time, number of tests, average value, etc.<\/td>\n<\/tr>\n<tr>\n<td width=\"151\">Test force (Kgf)<\/td>\n<td width=\"406\">0.3\u30010.5\u30011\u30012\u30013\u30015\u300110\u300130kgf\uff08Optional test force\uff09<\/td>\n<\/tr>\n<tr>\n<td width=\"151\">Test mode<\/td>\n<td width=\"406\">HV\/HK<\/td>\n<\/tr>\n<tr>\n<td width=\"151\">Objective lens and indenter switch<\/td>\n<td width=\"406\">Automatic switching<\/td>\n<\/tr>\n<tr>\n<td width=\"151\">Measurement multiple<\/td>\n<td width=\"406\">Both 10X and 20X can be measured with double objective lens<\/td>\n<\/tr>\n<tr>\n<td width=\"151\">Load control<\/td>\n<td width=\"406\">Automatic (load\/hold\/unload)<\/td>\n<\/tr>\n<tr>\n<td width=\"151\">Tiempo de retenci\u00f3n de la fuerza de ensayo (s)<\/td>\n<td width=\"406\">1~99<\/td>\n<\/tr>\n<tr>\n<td width=\"151\">Canal \u00f3ptico<\/td>\n<td width=\"406\">Dual optical channel (eyepiece and CCD camera channel)<\/td>\n<\/tr>\n<tr>\n<td width=\"151\">Sistema \u00f3ptico<\/td>\n<td width=\"406\">Objective lens: 10\u00d7, 20\u00d7(Optional 40X) eyepiece magnification: 10\u00d7 (optional 15X)<\/p>\n<p>Total magnification (\u03bcm): 100\u00d7, 400\u00d7 Measuring range (\u03bcm): 200<\/p>\n<p>Resoluci\u00f3n (\u03bcm): 0.125<\/td>\n<\/tr>\n<tr>\n<td width=\"151\">Language<\/td>\n<td width=\"406\">Chinese-English<\/td>\n<\/tr>\n<tr>\n<td width=\"151\">Nivel ejecutivo<\/td>\n<td width=\"406\">ISO 6507\uff0cASTM E92\uff0cJIS Z2244\uff0cGB\/T 4340.2<\/td>\n<\/tr>\n<tr>\n<td width=\"151\">Rango de medici\u00f3n de la dureza<\/td>\n<td width=\"406\">(5-3000)HV<\/td>\n<\/tr>\n<tr>\n<td width=\"151\">XY test bench<\/td>\n<td width=\"406\">Size (mm): 100\u00d7100 Stroke range (mm): 25\u00d725<\/p>\n<p>Lectura m\u00ednima (mm): 0.01<\/td>\n<\/tr>\n<tr>\n<td width=\"151\">Altura m\u00e1xima de la probeta (mm)<\/td>\n<td width=\"406\">165<\/td>\n<\/tr>\n<tr>\n<td width=\"151\">Maximum width of test piece (mm)<\/td>\n<td width=\"406\">130 (The distance from the center line of the indenter to the wall of the machine)<\/td>\n<\/tr>\n<tr>\n<td width=\"151\">Salida de datos<\/td>\n<td width=\"406\">Reserved built-in micro printer interface (optional)<\/td>\n<\/tr>\n<tr>\n<td width=\"151\">Power supply voltage<\/td>\n<td width=\"406\">AC220V\/50HZ<\/td>\n<\/tr>\n<tr>\n<td width=\"151\">Appearance size (mm)<\/td>\n<td width=\"406\">585\u00d7200\u00d7630<\/td>\n<\/tr>\n<tr>\n<td width=\"151\">Peso (kg)<\/td>\n<td width=\"406\">42<\/td>\n<\/tr>\n<\/tbody>\n<\/table>\n<h1 style=\"font-weight: 500;\"><strong>Configuraci\u00f3n est\u00e1ndar<\/strong><\/h1>\n<table>\n<tbody>\n<tr>\n<td width=\"308\">Anfitri\u00f3n<\/td>\n<td width=\"238\">1<\/td>\n<\/tr>\n<tr>\n<td width=\"308\">Large and medium &#8220;V&#8221; type test bench<\/td>\n<td width=\"238\">1 por unidad<\/td>\n<\/tr>\n<tr>\n<td width=\"308\">Level adjustment screw<\/td>\n<td width=\"238\">4<\/td>\n<\/tr>\n<tr>\n<td width=\"308\">power cable<\/td>\n<td width=\"238\">1<\/td>\n<\/tr>\n<tr>\n<td width=\"308\">10X digital display micrometer eyepiece<\/td>\n<td width=\"238\">1<\/td>\n<\/tr>\n<tr>\n<td width=\"308\">Bloque de dureza Vickers<\/td>\n<td width=\"238\">2<\/td>\n<\/tr>\n<tr>\n<td width=\"308\">Fusible de repuesto 2A<\/td>\n<td width=\"238\">2<\/td>\n<\/tr>\n<tr>\n<td width=\"308\">Product certification<\/td>\n<td width=\"238\">1<\/td>\n<\/tr>\n<tr>\n<td width=\"308\">Manual de instrucciones<\/td>\n<td width=\"238\">1<\/td>\n<\/tr>\n<\/tbody>\n<\/table>\n<p style=\"font-weight: 400;\"><strong>Remarks: Optional built-in printer, one-key printing of measurement data, or upload to computer.<\/strong><\/p>\n<p style=\"font-weight: 400;\"><strong>Optional hardness tester measurement software to eliminate human error, computer operation, improve efficiency, and more precise accuracy.<\/strong><\/p>","protected":false},"excerpt":{"rendered":"<p>The digital display automatic turret type Vickers hardness tester is a high-tech product integrating light, machine and electricity. It adopts a closed-loop loading control system with high test force accuracy, good repeatability and stability of the displayed value. The instrument adopts a brand-new high-resolution display, the display is intuitive and clear, easy to operate, and has an energy-saving mode. Equipped with digital display micrometer eyepiece, no need to look up the table or input the diagonal of the indentation. The test force, indentation length, dwell time, number of measurements, conversion ruler, date and time are displayed on the screen intuitively, and only need to be measured during operation. Press the eyepiece button for the indentation to automatically calculate the hardness value and display it on the screen. The hardness test results are saved in real time and printed out, and the maximum, minimum and average values are automatically calculated.<\/p>","protected":false},"featured_media":29739,"comment_status":"open","ping_status":"closed","template":"","meta":[],"product_brand":[],"product_cat":[70,73],"product_tag":[106],"class_list":{"0":"post-29738","1":"product","2":"type-product","3":"status-publish","4":"has-post-thumbnail","6":"product_cat-hardness-tester","7":"product_cat-sensor-vickers-hardness-tester","8":"product_tag-sensor-vickers-hardness-tester","10":"first","11":"instock","12":"shipping-taxable","13":"product-type-simple"},"yoast_head":"<!-- This site is optimized with the Yoast SEO Premium plugin v25.4 (Yoast SEO v27.4) - https:\/\/yoast.com\/product\/yoast-seo-premium-wordpress\/ -->\n<title>(CHVS-30Z)Digital display automatic turret type Vickers Hardness Tester - hardnesstests<\/title>\n<meta name=\"robots\" content=\"index, follow, max-snippet:-1, max-image-preview:large, max-video-preview:-1\" \/>\n<link rel=\"canonical\" href=\"https:\/\/hardnesstests.com\/es\/producto\/chvs-30zdigital-display-automatic-turret-type-vickers-hardness-tester\/\" \/>\n<meta property=\"og:locale\" content=\"es_ES\" \/>\n<meta property=\"og:type\" content=\"article\" \/>\n<meta property=\"og:title\" content=\"(CHVS-30Z)Digital display automatic turret type Vickers Hardness Tester\" \/>\n<meta property=\"og:description\" content=\"The digital display automatic turret type Vickers hardness tester is a high-tech product integrating light, machine and electricity. It adopts a closed-loop loading control system with high test force accuracy, good repeatability and stability of the displayed value. The instrument adopts a brand-new high-resolution display, the display is intuitive and clear, easy to operate, and has an energy-saving mode. Equipped with digital display micrometer eyepiece, no need to look up the table or input the diagonal of the indentation. The test force, indentation length, dwell time, number of measurements, conversion ruler, date and time are displayed on the screen intuitively, and only need to be measured during operation. Press the eyepiece button for the indentation to automatically calculate the hardness value and display it on the screen. The hardness test results are saved in real time and printed out, and the maximum, minimum and average values are automatically calculated.\" \/>\n<meta property=\"og:url\" content=\"https:\/\/hardnesstests.com\/es\/producto\/chvs-30zdigital-display-automatic-turret-type-vickers-hardness-tester\/\" \/>\n<meta property=\"og:site_name\" content=\"hardnesstests\" \/>\n<meta property=\"og:image\" content=\"https:\/\/hardnesstests.com\/wp-content\/uploads\/2025\/11\/CHVS-30Z-\u6570\u663e\u81ea\u52a8\u8f6c\u5854\u5f0f.jpg\" \/>\n\t<meta property=\"og:image:width\" content=\"800\" \/>\n\t<meta property=\"og:image:height\" content=\"800\" \/>\n\t<meta property=\"og:image:type\" content=\"image\/jpeg\" \/>\n<meta name=\"twitter:card\" content=\"summary_large_image\" \/>\n<meta name=\"twitter:label1\" content=\"Tiempo de lectura\" \/>\n\t<meta name=\"twitter:data1\" content=\"4 minutos\" \/>\n<script type=\"application\/ld+json\" class=\"yoast-schema-graph\">{\"@context\":\"https:\\\/\\\/schema.org\",\"@graph\":[{\"@type\":\"WebPage\",\"@id\":\"https:\\\/\\\/hardnesstests.com\\\/product\\\/chvs-30zdigital-display-automatic-turret-type-vickers-hardness-tester\\\/\",\"url\":\"https:\\\/\\\/hardnesstests.com\\\/product\\\/chvs-30zdigital-display-automatic-turret-type-vickers-hardness-tester\\\/\",\"name\":\"(CHVS-30Z)Digital display automatic turret type Vickers Hardness Tester - hardnesstests\",\"isPartOf\":{\"@id\":\"https:\\\/\\\/hardnesstests.com\\\/tr\\\/#website\"},\"primaryImageOfPage\":{\"@id\":\"https:\\\/\\\/hardnesstests.com\\\/product\\\/chvs-30zdigital-display-automatic-turret-type-vickers-hardness-tester\\\/#primaryimage\"},\"image\":{\"@id\":\"https:\\\/\\\/hardnesstests.com\\\/product\\\/chvs-30zdigital-display-automatic-turret-type-vickers-hardness-tester\\\/#primaryimage\"},\"thumbnailUrl\":\"https:\\\/\\\/hardnesstests.com\\\/wp-content\\\/uploads\\\/2025\\\/11\\\/CHVS-30Z-\u6570\u663e\u81ea\u52a8\u8f6c\u5854\u5f0f.jpg\",\"datePublished\":\"2025-11-27T07:04:03+00:00\",\"breadcrumb\":{\"@id\":\"https:\\\/\\\/hardnesstests.com\\\/product\\\/chvs-30zdigital-display-automatic-turret-type-vickers-hardness-tester\\\/#breadcrumb\"},\"inLanguage\":\"es\",\"potentialAction\":[{\"@type\":\"ReadAction\",\"target\":[\"https:\\\/\\\/hardnesstests.com\\\/product\\\/chvs-30zdigital-display-automatic-turret-type-vickers-hardness-tester\\\/\"]}]},{\"@type\":\"ImageObject\",\"inLanguage\":\"es\",\"@id\":\"https:\\\/\\\/hardnesstests.com\\\/product\\\/chvs-30zdigital-display-automatic-turret-type-vickers-hardness-tester\\\/#primaryimage\",\"url\":\"https:\\\/\\\/hardnesstests.com\\\/wp-content\\\/uploads\\\/2025\\\/11\\\/CHVS-30Z-\u6570\u663e\u81ea\u52a8\u8f6c\u5854\u5f0f.jpg\",\"contentUrl\":\"https:\\\/\\\/hardnesstests.com\\\/wp-content\\\/uploads\\\/2025\\\/11\\\/CHVS-30Z-\u6570\u663e\u81ea\u52a8\u8f6c\u5854\u5f0f.jpg\",\"width\":800,\"height\":800,\"caption\":\"(CHVS-30Z)Digital display automatic turret type Vickers Hardness Tester\"},{\"@type\":\"BreadcrumbList\",\"@id\":\"https:\\\/\\\/hardnesstests.com\\\/product\\\/chvs-30zdigital-display-automatic-turret-type-vickers-hardness-tester\\\/#breadcrumb\",\"itemListElement\":[{\"@type\":\"ListItem\",\"position\":1,\"name\":\"\u9996\u9875\",\"item\":\"https:\\\/\\\/hardnesstests.com\\\/\"},{\"@type\":\"ListItem\",\"position\":2,\"name\":\"products\",\"item\":\"https:\\\/\\\/hardnesstests.com\\\/products\\\/\"},{\"@type\":\"ListItem\",\"position\":3,\"name\":\"(CHVS-30Z)Digital display automatic turret type Vickers Hardness Tester\"}]},{\"@type\":\"WebSite\",\"@id\":\"https:\\\/\\\/hardnesstests.com\\\/tr\\\/#website\",\"url\":\"https:\\\/\\\/hardnesstests.com\\\/tr\\\/\",\"name\":\"hardnesstests\",\"description\":\"\",\"publisher\":{\"@id\":\"https:\\\/\\\/hardnesstests.com\\\/tr\\\/#organization\"},\"potentialAction\":[{\"@type\":\"SearchAction\",\"target\":{\"@type\":\"EntryPoint\",\"urlTemplate\":\"https:\\\/\\\/hardnesstests.com\\\/tr\\\/?s={search_term_string}\"},\"query-input\":{\"@type\":\"PropertyValueSpecification\",\"valueRequired\":true,\"valueName\":\"search_term_string\"}}],\"inLanguage\":\"es\"},{\"@type\":\"Organization\",\"@id\":\"https:\\\/\\\/hardnesstests.com\\\/tr\\\/#organization\",\"name\":\"hardnesstests\",\"url\":\"https:\\\/\\\/hardnesstests.com\\\/tr\\\/\",\"logo\":{\"@type\":\"ImageObject\",\"inLanguage\":\"es\",\"@id\":\"https:\\\/\\\/hardnesstests.com\\\/tr\\\/#\\\/schema\\\/logo\\\/image\\\/\",\"url\":\"https:\\\/\\\/hardnesstests.com\\\/wp-content\\\/uploads\\\/2021\\\/08\\\/\u5fae\u4fe1\u56fe\u7247_20251029102004_335_1287.png\",\"contentUrl\":\"https:\\\/\\\/hardnesstests.com\\\/wp-content\\\/uploads\\\/2021\\\/08\\\/\u5fae\u4fe1\u56fe\u7247_20251029102004_335_1287.png\",\"width\":1308,\"height\":467,\"caption\":\"hardnesstests\"},\"image\":{\"@id\":\"https:\\\/\\\/hardnesstests.com\\\/tr\\\/#\\\/schema\\\/logo\\\/image\\\/\"}}]}<\/script>\n<!-- \/ Yoast SEO Premium plugin. -->","yoast_head_json":{"title":"(CHVS-30Z)Digital display automatic turret type Vickers Hardness Tester - hardnesstests","robots":{"index":"index","follow":"follow","max-snippet":"max-snippet:-1","max-image-preview":"max-image-preview:large","max-video-preview":"max-video-preview:-1"},"canonical":"https:\/\/hardnesstests.com\/es\/producto\/chvs-30zdigital-display-automatic-turret-type-vickers-hardness-tester\/","og_locale":"es_ES","og_type":"article","og_title":"(CHVS-30Z)Digital display automatic turret type Vickers Hardness Tester","og_description":"The digital display automatic turret type Vickers hardness tester is a high-tech product integrating light, machine and electricity. It adopts a closed-loop loading control system with high test force accuracy, good repeatability and stability of the displayed value. The instrument adopts a brand-new high-resolution display, the display is intuitive and clear, easy to operate, and has an energy-saving mode. Equipped with digital display micrometer eyepiece, no need to look up the table or input the diagonal of the indentation. The test force, indentation length, dwell time, number of measurements, conversion ruler, date and time are displayed on the screen intuitively, and only need to be measured during operation. Press the eyepiece button for the indentation to automatically calculate the hardness value and display it on the screen. The hardness test results are saved in real time and printed out, and the maximum, minimum and average values are automatically calculated.","og_url":"https:\/\/hardnesstests.com\/es\/producto\/chvs-30zdigital-display-automatic-turret-type-vickers-hardness-tester\/","og_site_name":"hardnesstests","og_image":[{"width":800,"height":800,"url":"https:\/\/hardnesstests.com\/wp-content\/uploads\/2025\/11\/CHVS-30Z-\u6570\u663e\u81ea\u52a8\u8f6c\u5854\u5f0f.jpg","type":"image\/jpeg"}],"twitter_card":"summary_large_image","twitter_misc":{"Tiempo de lectura":"4 minutos"},"schema":{"@context":"https:\/\/schema.org","@graph":[{"@type":"WebPage","@id":"https:\/\/hardnesstests.com\/product\/chvs-30zdigital-display-automatic-turret-type-vickers-hardness-tester\/","url":"https:\/\/hardnesstests.com\/product\/chvs-30zdigital-display-automatic-turret-type-vickers-hardness-tester\/","name":"(CHVS-30Z)Digital display automatic turret type Vickers Hardness Tester - hardnesstests","isPartOf":{"@id":"https:\/\/hardnesstests.com\/tr\/#website"},"primaryImageOfPage":{"@id":"https:\/\/hardnesstests.com\/product\/chvs-30zdigital-display-automatic-turret-type-vickers-hardness-tester\/#primaryimage"},"image":{"@id":"https:\/\/hardnesstests.com\/product\/chvs-30zdigital-display-automatic-turret-type-vickers-hardness-tester\/#primaryimage"},"thumbnailUrl":"https:\/\/hardnesstests.com\/wp-content\/uploads\/2025\/11\/CHVS-30Z-\u6570\u663e\u81ea\u52a8\u8f6c\u5854\u5f0f.jpg","datePublished":"2025-11-27T07:04:03+00:00","breadcrumb":{"@id":"https:\/\/hardnesstests.com\/product\/chvs-30zdigital-display-automatic-turret-type-vickers-hardness-tester\/#breadcrumb"},"inLanguage":"es","potentialAction":[{"@type":"ReadAction","target":["https:\/\/hardnesstests.com\/product\/chvs-30zdigital-display-automatic-turret-type-vickers-hardness-tester\/"]}]},{"@type":"ImageObject","inLanguage":"es","@id":"https:\/\/hardnesstests.com\/product\/chvs-30zdigital-display-automatic-turret-type-vickers-hardness-tester\/#primaryimage","url":"https:\/\/hardnesstests.com\/wp-content\/uploads\/2025\/11\/CHVS-30Z-\u6570\u663e\u81ea\u52a8\u8f6c\u5854\u5f0f.jpg","contentUrl":"https:\/\/hardnesstests.com\/wp-content\/uploads\/2025\/11\/CHVS-30Z-\u6570\u663e\u81ea\u52a8\u8f6c\u5854\u5f0f.jpg","width":800,"height":800,"caption":"(CHVS-30Z)Digital display automatic turret type Vickers Hardness Tester"},{"@type":"BreadcrumbList","@id":"https:\/\/hardnesstests.com\/product\/chvs-30zdigital-display-automatic-turret-type-vickers-hardness-tester\/#breadcrumb","itemListElement":[{"@type":"ListItem","position":1,"name":"\u9996\u9875","item":"https:\/\/hardnesstests.com\/"},{"@type":"ListItem","position":2,"name":"products","item":"https:\/\/hardnesstests.com\/products\/"},{"@type":"ListItem","position":3,"name":"(CHVS-30Z)Digital display automatic turret type Vickers Hardness Tester"}]},{"@type":"WebSite","@id":"https:\/\/hardnesstests.com\/tr\/#website","url":"https:\/\/hardnesstests.com\/tr\/","name":"hardnesstests","description":"","publisher":{"@id":"https:\/\/hardnesstests.com\/tr\/#organization"},"potentialAction":[{"@type":"SearchAction","target":{"@type":"EntryPoint","urlTemplate":"https:\/\/hardnesstests.com\/tr\/?s={search_term_string}"},"query-input":{"@type":"PropertyValueSpecification","valueRequired":true,"valueName":"search_term_string"}}],"inLanguage":"es"},{"@type":"Organization","@id":"https:\/\/hardnesstests.com\/tr\/#organization","name":"hardnesstests","url":"https:\/\/hardnesstests.com\/tr\/","logo":{"@type":"ImageObject","inLanguage":"es","@id":"https:\/\/hardnesstests.com\/tr\/#\/schema\/logo\/image\/","url":"https:\/\/hardnesstests.com\/wp-content\/uploads\/2021\/08\/\u5fae\u4fe1\u56fe\u7247_20251029102004_335_1287.png","contentUrl":"https:\/\/hardnesstests.com\/wp-content\/uploads\/2021\/08\/\u5fae\u4fe1\u56fe\u7247_20251029102004_335_1287.png","width":1308,"height":467,"caption":"hardnesstests"},"image":{"@id":"https:\/\/hardnesstests.com\/tr\/#\/schema\/logo\/image\/"}}]}},"_links":{"self":[{"href":"https:\/\/hardnesstests.com\/es\/wp-json\/wp\/v2\/product\/29738","targetHints":{"allow":["GET"]}}],"collection":[{"href":"https:\/\/hardnesstests.com\/es\/wp-json\/wp\/v2\/product"}],"about":[{"href":"https:\/\/hardnesstests.com\/es\/wp-json\/wp\/v2\/types\/product"}],"replies":[{"embeddable":true,"href":"https:\/\/hardnesstests.com\/es\/wp-json\/wp\/v2\/comments?post=29738"}],"version-history":[{"count":1,"href":"https:\/\/hardnesstests.com\/es\/wp-json\/wp\/v2\/product\/29738\/revisions"}],"predecessor-version":[{"id":29740,"href":"https:\/\/hardnesstests.com\/es\/wp-json\/wp\/v2\/product\/29738\/revisions\/29740"}],"wp:featuredmedia":[{"embeddable":true,"href":"https:\/\/hardnesstests.com\/es\/wp-json\/wp\/v2\/media\/29739"}],"wp:attachment":[{"href":"https:\/\/hardnesstests.com\/es\/wp-json\/wp\/v2\/media?parent=29738"}],"wp:term":[{"taxonomy":"product_brand","embeddable":true,"href":"https:\/\/hardnesstests.com\/es\/wp-json\/wp\/v2\/product_brand?post=29738"},{"taxonomy":"product_cat","embeddable":true,"href":"https:\/\/hardnesstests.com\/es\/wp-json\/wp\/v2\/product_cat?post=29738"},{"taxonomy":"product_tag","embeddable":true,"href":"https:\/\/hardnesstests.com\/es\/wp-json\/wp\/v2\/product_tag?post=29738"}],"curies":[{"name":"wp","href":"https:\/\/api.w.org\/{rel}","templated":true}]}}