{"id":29732,"date":"2025-11-27T06:33:53","date_gmt":"2025-11-27T06:33:53","guid":{"rendered":"https:\/\/hardnesstests.com\/?post_type=product&#038;p=29732"},"modified":"2025-11-27T06:33:53","modified_gmt":"2025-11-27T06:33:53","slug":"chvs-5z-digital-display-automatic-turret-type","status":"publish","type":"product","link":"https:\/\/hardnesstests.com\/es\/producto\/chvs-5z-digital-display-automatic-turret-type\/","title":{"rendered":"CHVS-5Z Pantalla digital autom\u00e1tica tipo torreta"},"content":{"rendered":"<div class=\"table-responsive\">\n<table border=\"1\">\n<tbody>\n<tr>\n<td><strong>Main functions and features\uff1a<\/strong><\/td>\n<\/tr>\n<\/tbody>\n<\/table>\n<\/div>\n<p>1. The optical system designed by senior optical engineers not only has clear images, but also can be used as a simple microscope, with adjustable brightness, comfortable vision, and not easy to fatigue after long-term operation;<\/p>\n<p>2. The large LCD screen of the industrial display screen can display the test method, test force, measured indentation length, hardness value, test force retention time, measurement times and can enter the year, month, date, test results and data processing, etc.;<\/p>\n<p>3. The cast aluminum shell is formed at one time, the structure is stable and does not deform, the car paint grade is high, the scratch resistance is strong, and it is still bright as new after years of use;<\/p>\n<p>4. Our company has the ability to research, develop, design, produce and process by ourselves, and provide parts replacement and maintenance upgrade services for our machines for life;<\/p>\n<p>5. CHVS-5Z model can measure the actual length and directly confirm the hardness value;<\/p>\n<p>6. The CHVS-5Z model can realize: the position switch of observation-test-measurement is completed by automatic turret;<\/p>\n<p>7. Equipped with a large LCD screen; the large LCD screen display is convenient for observation, and the test conditions and test process are intuitive and clear;<\/p>\n<p>8. Optional built-in printer; direct printing of test results and test data;<\/p>\n<p>&nbsp;<\/p>\n<h1><strong>Main purpose and scope of use\uff1a<\/strong><\/h1>\n<p>1. Steel, non-ferrous metals, metal foil, cemented carbide, metal sheet, microstructure, carbonization;<\/p>\n<p>2. Carburizing, nitriding and decarburizing layer, surface hardening layer, electroplating layer, coating, heat treatment;<\/p>\n<p>3. Glass, wafers, ceramic materials;<\/p>\n<p>&nbsp;<\/p>\n<div class=\"table-responsive\">\n<table border=\"1\">\n<tbody>\n<tr>\n<td><strong>Technical parameter\uff1a<\/strong><\/td>\n<\/tr>\n<\/tbody>\n<\/table>\n<\/div>\n<div class=\"table-responsive\">\n<div class=\"table-responsive\">\n<table border=\"1\" cellspacing=\"0\">\n<tbody>\n<tr>\n<td valign=\"top\" width=\"151\">\n<p align=\"center\">Nombre del par\u00e1metro<\/p>\n<\/td>\n<td valign=\"top\" width=\"406\">\n<p align=\"center\">Datos de los par\u00e1metros<\/p>\n<\/td>\n<\/tr>\n<tr>\n<td valign=\"top\" width=\"151\">Escala de dureza Vickers<\/td>\n<td valign=\"top\" width=\"406\">HV0.2,HV0.3,HV0.5,HV1,HV2,HV2.5,HV3,HV5,(Optional ruler)<\/td>\n<\/tr>\n<tr>\n<td valign=\"top\" width=\"151\">Mostrar<\/td>\n<td valign=\"top\" width=\"406\">Valor de dureza de 5 d\u00edgitos, longitud diagonal de 4 d\u00edgitos (D1, D2),<\/p>\n<p>Hold time, number of tests, average value, etc.<\/td>\n<\/tr>\n<tr>\n<td valign=\"top\" width=\"151\">Test force (Kgf)<\/td>\n<td valign=\"top\" width=\"406\">0.2\u30010.3\u30010.5\u30011\u30012\u30012.5\u30013\u30015kgf\uff08Optional test force\uff09<\/td>\n<\/tr>\n<tr>\n<td valign=\"top\" width=\"151\">Test mode<\/td>\n<td valign=\"top\" width=\"406\">HV\/HK<\/td>\n<\/tr>\n<tr>\n<td valign=\"top\" width=\"151\">Objective lens and indenter switch<\/td>\n<td valign=\"top\" width=\"406\">Automatic switching<\/td>\n<\/tr>\n<tr>\n<td valign=\"top\" width=\"151\">Measurement multiple<\/td>\n<td valign=\"top\" width=\"406\">Both 10X and 40X can be measured with double objective lens<\/td>\n<\/tr>\n<tr>\n<td valign=\"top\" width=\"151\">Load control<\/td>\n<td valign=\"top\" width=\"406\">Automatic (load\/hold\/unload)<\/td>\n<\/tr>\n<tr>\n<td valign=\"top\" width=\"151\">Tiempo de retenci\u00f3n de la fuerza de ensayo (s)<\/td>\n<td valign=\"top\" width=\"406\">1~99<\/td>\n<\/tr>\n<tr>\n<td valign=\"top\" width=\"151\">Canal \u00f3ptico<\/td>\n<td valign=\"top\" width=\"406\">Dual optical channel (eyepiece and CCD camera channel)<\/td>\n<\/tr>\n<tr>\n<td valign=\"top\" width=\"151\">Sistema \u00f3ptico<\/td>\n<td valign=\"top\" width=\"406\">Objective lens: 10\u00d7, 40\u00d7 eyepiece magnification: 10\u00d7 (optional 15X)<\/p>\n<p>Total magnification (\u03bcm): 100\u00d7, 400\u00d7 Measuring range (\u03bcm): 200<\/p>\n<p>Resolution (\u03bcm): 0.0625<\/td>\n<\/tr>\n<tr>\n<td valign=\"top\" width=\"151\">Language<\/td>\n<td valign=\"top\" width=\"406\">Chinese-English<\/td>\n<\/tr>\n<tr>\n<td valign=\"top\" width=\"151\">Nivel ejecutivo<\/td>\n<td valign=\"top\" width=\"406\">ISO 6507\uff0cASTM E92\uff0cJIS Z2244\uff0cGB\/T 4340.2<\/td>\n<\/tr>\n<tr>\n<td valign=\"top\" width=\"151\">Rango de medici\u00f3n de la dureza<\/td>\n<td valign=\"top\" width=\"406\">(5-3000)HV<\/td>\n<\/tr>\n<tr>\n<td valign=\"top\" width=\"151\">XY test bench<\/td>\n<td valign=\"top\" width=\"406\">Size (mm): 100\u00d7100 Stroke range (mm): 25\u00d725<\/p>\n<p>Lectura m\u00ednima (mm): 0.01<\/td>\n<\/tr>\n<tr>\n<td valign=\"top\" width=\"151\">Altura m\u00e1xima de la probeta (mm)<\/td>\n<td valign=\"top\" width=\"406\">165<\/td>\n<\/tr>\n<tr>\n<td valign=\"top\" width=\"151\">Maximum width of test piece (mm)<\/td>\n<td valign=\"top\" width=\"406\">130 (The distance from the center line of the indenter to the wall of the machine)<\/td>\n<\/tr>\n<tr>\n<td valign=\"top\" width=\"151\">Salida de datos<\/td>\n<td valign=\"top\" width=\"406\">Reserved built-in micro printer interface (optional)<\/td>\n<\/tr>\n<tr>\n<td valign=\"top\" width=\"151\">Power supply voltage<\/td>\n<td valign=\"top\" width=\"406\">AC220V\/50HZ<\/td>\n<\/tr>\n<tr>\n<td valign=\"top\" width=\"151\">Appearance size (mm)<\/td>\n<td valign=\"top\" width=\"406\">585\u00d7200\u00d7630<\/td>\n<\/tr>\n<tr>\n<td valign=\"top\" width=\"151\">Peso (kg)<\/td>\n<td valign=\"top\" width=\"406\">42<\/td>\n<\/tr>\n<\/tbody>\n<\/table>\n<\/div>\n<\/div>","protected":false},"excerpt":{"rendered":"<p>The digital display automatic turret type Vickers hardness tester is a high-tech product integrating light, machine and electricity. It adopts a closed-loop loading control system with high test force accuracy, good repeatability and stability of the displayed value. The instrument adopts a brand-new high-resolution display, the display is intuitive and clear, easy to operate, and has an energy-saving mode. Equipped with digital display micrometer eyepiece, no need to look up the table or input the diagonal of the indentation. The test force, indentation length, dwell time, number of measurements, conversion ruler, date and time are displayed on the screen intuitively, and only need to be measured during operation. Press the eyepiece button for the indentation to automatically calculate the hardness value and display it on the screen. The hardness test results are saved in real time and printed out, and the maximum, minimum and average values are automatically calculated.<\/p>","protected":false},"featured_media":29733,"comment_status":"open","ping_status":"closed","template":"","meta":[],"product_brand":[],"product_cat":[70,73],"product_tag":[106],"class_list":{"0":"post-29732","1":"product","2":"type-product","3":"status-publish","4":"has-post-thumbnail","6":"product_cat-hardness-tester","7":"product_cat-sensor-vickers-hardness-tester","8":"product_tag-sensor-vickers-hardness-tester","10":"first","11":"instock","12":"shipping-taxable","13":"product-type-simple"},"yoast_head":"<!-- This site is optimized with the Yoast SEO Premium plugin v25.4 (Yoast SEO v27.4) - https:\/\/yoast.com\/product\/yoast-seo-premium-wordpress\/ -->\n<title>CHVS-5Z Digital display automatic turret type - hardnesstests<\/title>\n<meta name=\"robots\" content=\"index, follow, max-snippet:-1, max-image-preview:large, max-video-preview:-1\" \/>\n<link rel=\"canonical\" href=\"https:\/\/hardnesstests.com\/es\/producto\/chvs-5z-digital-display-automatic-turret-type\/\" \/>\n<meta property=\"og:locale\" content=\"es_ES\" \/>\n<meta property=\"og:type\" content=\"article\" \/>\n<meta property=\"og:title\" content=\"CHVS-5Z Digital display automatic turret type\" \/>\n<meta property=\"og:description\" content=\"The digital display automatic turret type Vickers hardness tester is a high-tech product integrating light, machine and electricity. It adopts a closed-loop loading control system with high test force accuracy, good repeatability and stability of the displayed value. The instrument adopts a brand-new high-resolution display, the display is intuitive and clear, easy to operate, and has an energy-saving mode. Equipped with digital display micrometer eyepiece, no need to look up the table or input the diagonal of the indentation. The test force, indentation length, dwell time, number of measurements, conversion ruler, date and time are displayed on the screen intuitively, and only need to be measured during operation. Press the eyepiece button for the indentation to automatically calculate the hardness value and display it on the screen. The hardness test results are saved in real time and printed out, and the maximum, minimum and average values are automatically calculated.\" \/>\n<meta property=\"og:url\" content=\"https:\/\/hardnesstests.com\/es\/producto\/chvs-5z-digital-display-automatic-turret-type\/\" \/>\n<meta property=\"og:site_name\" content=\"hardnesstests\" \/>\n<meta property=\"og:image\" content=\"https:\/\/hardnesstests.com\/wp-content\/uploads\/2025\/11\/CHVS-5Z-\u6570\u663e\u81ea\u52a8\u8f6c\u5854\u5f0f.jpg\" \/>\n\t<meta property=\"og:image:width\" content=\"800\" \/>\n\t<meta property=\"og:image:height\" content=\"800\" \/>\n\t<meta property=\"og:image:type\" content=\"image\/jpeg\" \/>\n<meta name=\"twitter:card\" content=\"summary_large_image\" \/>\n<meta name=\"twitter:label1\" content=\"Tiempo de lectura\" \/>\n\t<meta name=\"twitter:data1\" content=\"2 minutos\" \/>\n<script type=\"application\/ld+json\" class=\"yoast-schema-graph\">{\"@context\":\"https:\\\/\\\/schema.org\",\"@graph\":[{\"@type\":\"WebPage\",\"@id\":\"https:\\\/\\\/hardnesstests.com\\\/product\\\/chvs-5z-digital-display-automatic-turret-type\\\/\",\"url\":\"https:\\\/\\\/hardnesstests.com\\\/product\\\/chvs-5z-digital-display-automatic-turret-type\\\/\",\"name\":\"CHVS-5Z Digital display automatic turret type - hardnesstests\",\"isPartOf\":{\"@id\":\"https:\\\/\\\/hardnesstests.com\\\/tr\\\/#website\"},\"primaryImageOfPage\":{\"@id\":\"https:\\\/\\\/hardnesstests.com\\\/product\\\/chvs-5z-digital-display-automatic-turret-type\\\/#primaryimage\"},\"image\":{\"@id\":\"https:\\\/\\\/hardnesstests.com\\\/product\\\/chvs-5z-digital-display-automatic-turret-type\\\/#primaryimage\"},\"thumbnailUrl\":\"https:\\\/\\\/hardnesstests.com\\\/wp-content\\\/uploads\\\/2025\\\/11\\\/CHVS-5Z-\u6570\u663e\u81ea\u52a8\u8f6c\u5854\u5f0f.jpg\",\"datePublished\":\"2025-11-27T06:33:53+00:00\",\"breadcrumb\":{\"@id\":\"https:\\\/\\\/hardnesstests.com\\\/product\\\/chvs-5z-digital-display-automatic-turret-type\\\/#breadcrumb\"},\"inLanguage\":\"es\",\"potentialAction\":[{\"@type\":\"ReadAction\",\"target\":[\"https:\\\/\\\/hardnesstests.com\\\/product\\\/chvs-5z-digital-display-automatic-turret-type\\\/\"]}]},{\"@type\":\"ImageObject\",\"inLanguage\":\"es\",\"@id\":\"https:\\\/\\\/hardnesstests.com\\\/product\\\/chvs-5z-digital-display-automatic-turret-type\\\/#primaryimage\",\"url\":\"https:\\\/\\\/hardnesstests.com\\\/wp-content\\\/uploads\\\/2025\\\/11\\\/CHVS-5Z-\u6570\u663e\u81ea\u52a8\u8f6c\u5854\u5f0f.jpg\",\"contentUrl\":\"https:\\\/\\\/hardnesstests.com\\\/wp-content\\\/uploads\\\/2025\\\/11\\\/CHVS-5Z-\u6570\u663e\u81ea\u52a8\u8f6c\u5854\u5f0f.jpg\",\"width\":800,\"height\":800,\"caption\":\"CHVS-5Z Digital display automatic turret type\"},{\"@type\":\"BreadcrumbList\",\"@id\":\"https:\\\/\\\/hardnesstests.com\\\/product\\\/chvs-5z-digital-display-automatic-turret-type\\\/#breadcrumb\",\"itemListElement\":[{\"@type\":\"ListItem\",\"position\":1,\"name\":\"\u9996\u9875\",\"item\":\"https:\\\/\\\/hardnesstests.com\\\/\"},{\"@type\":\"ListItem\",\"position\":2,\"name\":\"products\",\"item\":\"https:\\\/\\\/hardnesstests.com\\\/products\\\/\"},{\"@type\":\"ListItem\",\"position\":3,\"name\":\"CHVS-5Z Digital display automatic turret type\"}]},{\"@type\":\"WebSite\",\"@id\":\"https:\\\/\\\/hardnesstests.com\\\/tr\\\/#website\",\"url\":\"https:\\\/\\\/hardnesstests.com\\\/tr\\\/\",\"name\":\"hardnesstests\",\"description\":\"\",\"publisher\":{\"@id\":\"https:\\\/\\\/hardnesstests.com\\\/tr\\\/#organization\"},\"potentialAction\":[{\"@type\":\"SearchAction\",\"target\":{\"@type\":\"EntryPoint\",\"urlTemplate\":\"https:\\\/\\\/hardnesstests.com\\\/tr\\\/?s={search_term_string}\"},\"query-input\":{\"@type\":\"PropertyValueSpecification\",\"valueRequired\":true,\"valueName\":\"search_term_string\"}}],\"inLanguage\":\"es\"},{\"@type\":\"Organization\",\"@id\":\"https:\\\/\\\/hardnesstests.com\\\/tr\\\/#organization\",\"name\":\"hardnesstests\",\"url\":\"https:\\\/\\\/hardnesstests.com\\\/tr\\\/\",\"logo\":{\"@type\":\"ImageObject\",\"inLanguage\":\"es\",\"@id\":\"https:\\\/\\\/hardnesstests.com\\\/tr\\\/#\\\/schema\\\/logo\\\/image\\\/\",\"url\":\"https:\\\/\\\/hardnesstests.com\\\/wp-content\\\/uploads\\\/2021\\\/08\\\/\u5fae\u4fe1\u56fe\u7247_20251029102004_335_1287.png\",\"contentUrl\":\"https:\\\/\\\/hardnesstests.com\\\/wp-content\\\/uploads\\\/2021\\\/08\\\/\u5fae\u4fe1\u56fe\u7247_20251029102004_335_1287.png\",\"width\":1308,\"height\":467,\"caption\":\"hardnesstests\"},\"image\":{\"@id\":\"https:\\\/\\\/hardnesstests.com\\\/tr\\\/#\\\/schema\\\/logo\\\/image\\\/\"}}]}<\/script>\n<!-- \/ Yoast SEO Premium plugin. -->","yoast_head_json":{"title":"CHVS-5Z Digital display automatic turret type - hardnesstests","robots":{"index":"index","follow":"follow","max-snippet":"max-snippet:-1","max-image-preview":"max-image-preview:large","max-video-preview":"max-video-preview:-1"},"canonical":"https:\/\/hardnesstests.com\/es\/producto\/chvs-5z-digital-display-automatic-turret-type\/","og_locale":"es_ES","og_type":"article","og_title":"CHVS-5Z Digital display automatic turret type","og_description":"The digital display automatic turret type Vickers hardness tester is a high-tech product integrating light, machine and electricity. It adopts a closed-loop loading control system with high test force accuracy, good repeatability and stability of the displayed value. The instrument adopts a brand-new high-resolution display, the display is intuitive and clear, easy to operate, and has an energy-saving mode. Equipped with digital display micrometer eyepiece, no need to look up the table or input the diagonal of the indentation. The test force, indentation length, dwell time, number of measurements, conversion ruler, date and time are displayed on the screen intuitively, and only need to be measured during operation. Press the eyepiece button for the indentation to automatically calculate the hardness value and display it on the screen. The hardness test results are saved in real time and printed out, and the maximum, minimum and average values are automatically calculated.","og_url":"https:\/\/hardnesstests.com\/es\/producto\/chvs-5z-digital-display-automatic-turret-type\/","og_site_name":"hardnesstests","og_image":[{"width":800,"height":800,"url":"https:\/\/hardnesstests.com\/wp-content\/uploads\/2025\/11\/CHVS-5Z-\u6570\u663e\u81ea\u52a8\u8f6c\u5854\u5f0f.jpg","type":"image\/jpeg"}],"twitter_card":"summary_large_image","twitter_misc":{"Tiempo de lectura":"2 minutos"},"schema":{"@context":"https:\/\/schema.org","@graph":[{"@type":"WebPage","@id":"https:\/\/hardnesstests.com\/product\/chvs-5z-digital-display-automatic-turret-type\/","url":"https:\/\/hardnesstests.com\/product\/chvs-5z-digital-display-automatic-turret-type\/","name":"CHVS-5Z Digital display automatic turret type - hardnesstests","isPartOf":{"@id":"https:\/\/hardnesstests.com\/tr\/#website"},"primaryImageOfPage":{"@id":"https:\/\/hardnesstests.com\/product\/chvs-5z-digital-display-automatic-turret-type\/#primaryimage"},"image":{"@id":"https:\/\/hardnesstests.com\/product\/chvs-5z-digital-display-automatic-turret-type\/#primaryimage"},"thumbnailUrl":"https:\/\/hardnesstests.com\/wp-content\/uploads\/2025\/11\/CHVS-5Z-\u6570\u663e\u81ea\u52a8\u8f6c\u5854\u5f0f.jpg","datePublished":"2025-11-27T06:33:53+00:00","breadcrumb":{"@id":"https:\/\/hardnesstests.com\/product\/chvs-5z-digital-display-automatic-turret-type\/#breadcrumb"},"inLanguage":"es","potentialAction":[{"@type":"ReadAction","target":["https:\/\/hardnesstests.com\/product\/chvs-5z-digital-display-automatic-turret-type\/"]}]},{"@type":"ImageObject","inLanguage":"es","@id":"https:\/\/hardnesstests.com\/product\/chvs-5z-digital-display-automatic-turret-type\/#primaryimage","url":"https:\/\/hardnesstests.com\/wp-content\/uploads\/2025\/11\/CHVS-5Z-\u6570\u663e\u81ea\u52a8\u8f6c\u5854\u5f0f.jpg","contentUrl":"https:\/\/hardnesstests.com\/wp-content\/uploads\/2025\/11\/CHVS-5Z-\u6570\u663e\u81ea\u52a8\u8f6c\u5854\u5f0f.jpg","width":800,"height":800,"caption":"CHVS-5Z Digital display automatic turret type"},{"@type":"BreadcrumbList","@id":"https:\/\/hardnesstests.com\/product\/chvs-5z-digital-display-automatic-turret-type\/#breadcrumb","itemListElement":[{"@type":"ListItem","position":1,"name":"\u9996\u9875","item":"https:\/\/hardnesstests.com\/"},{"@type":"ListItem","position":2,"name":"products","item":"https:\/\/hardnesstests.com\/products\/"},{"@type":"ListItem","position":3,"name":"CHVS-5Z Digital display automatic turret type"}]},{"@type":"WebSite","@id":"https:\/\/hardnesstests.com\/tr\/#website","url":"https:\/\/hardnesstests.com\/tr\/","name":"hardnesstests","description":"","publisher":{"@id":"https:\/\/hardnesstests.com\/tr\/#organization"},"potentialAction":[{"@type":"SearchAction","target":{"@type":"EntryPoint","urlTemplate":"https:\/\/hardnesstests.com\/tr\/?s={search_term_string}"},"query-input":{"@type":"PropertyValueSpecification","valueRequired":true,"valueName":"search_term_string"}}],"inLanguage":"es"},{"@type":"Organization","@id":"https:\/\/hardnesstests.com\/tr\/#organization","name":"hardnesstests","url":"https:\/\/hardnesstests.com\/tr\/","logo":{"@type":"ImageObject","inLanguage":"es","@id":"https:\/\/hardnesstests.com\/tr\/#\/schema\/logo\/image\/","url":"https:\/\/hardnesstests.com\/wp-content\/uploads\/2021\/08\/\u5fae\u4fe1\u56fe\u7247_20251029102004_335_1287.png","contentUrl":"https:\/\/hardnesstests.com\/wp-content\/uploads\/2021\/08\/\u5fae\u4fe1\u56fe\u7247_20251029102004_335_1287.png","width":1308,"height":467,"caption":"hardnesstests"},"image":{"@id":"https:\/\/hardnesstests.com\/tr\/#\/schema\/logo\/image\/"}}]}},"_links":{"self":[{"href":"https:\/\/hardnesstests.com\/es\/wp-json\/wp\/v2\/product\/29732","targetHints":{"allow":["GET"]}}],"collection":[{"href":"https:\/\/hardnesstests.com\/es\/wp-json\/wp\/v2\/product"}],"about":[{"href":"https:\/\/hardnesstests.com\/es\/wp-json\/wp\/v2\/types\/product"}],"replies":[{"embeddable":true,"href":"https:\/\/hardnesstests.com\/es\/wp-json\/wp\/v2\/comments?post=29732"}],"version-history":[{"count":1,"href":"https:\/\/hardnesstests.com\/es\/wp-json\/wp\/v2\/product\/29732\/revisions"}],"predecessor-version":[{"id":29734,"href":"https:\/\/hardnesstests.com\/es\/wp-json\/wp\/v2\/product\/29732\/revisions\/29734"}],"wp:featuredmedia":[{"embeddable":true,"href":"https:\/\/hardnesstests.com\/es\/wp-json\/wp\/v2\/media\/29733"}],"wp:attachment":[{"href":"https:\/\/hardnesstests.com\/es\/wp-json\/wp\/v2\/media?parent=29732"}],"wp:term":[{"taxonomy":"product_brand","embeddable":true,"href":"https:\/\/hardnesstests.com\/es\/wp-json\/wp\/v2\/product_brand?post=29732"},{"taxonomy":"product_cat","embeddable":true,"href":"https:\/\/hardnesstests.com\/es\/wp-json\/wp\/v2\/product_cat?post=29732"},{"taxonomy":"product_tag","embeddable":true,"href":"https:\/\/hardnesstests.com\/es\/wp-json\/wp\/v2\/product_tag?post=29732"}],"curies":[{"name":"wp","href":"https:\/\/api.w.org\/{rel}","templated":true}]}}