{"id":29677,"date":"2025-11-26T07:48:02","date_gmt":"2025-11-26T07:48:02","guid":{"rendered":"https:\/\/hardnesstests.com\/?post_type=product&#038;p=29677"},"modified":"2025-11-27T06:15:54","modified_gmt":"2025-11-27T06:15:54","slug":"jhb-1brinell-hardness-indentation-automatic-measurement-system","status":"publish","type":"product","link":"https:\/\/hardnesstests.com\/es\/producto\/jhb-1brinell-hardness-indentation-automatic-measurement-system\/","title":{"rendered":"JHB-1Sistema autom\u00e1tico de medici\u00f3n de la dureza por indentaci\u00f3n Brinell"},"content":{"rendered":"<h1 style=\"font-weight: 400;\"><strong>Par\u00e1metros t\u00e9cnicos:<\/strong><\/h1>\n<ol>\n<li>Use:for Brinell hardness indentation measurement<\/li>\n<li>Applicable test force range:1, 5, 10, 15.625, 30, 31.25, 62.5, 100, 125, 187.5, 250, 500, 750, 1000, 1500, 3000kgf<\/li>\n<li>Applicable indenter diameter:1mm, 2.5mm, 5mm, 10mm<\/li>\n<li>Applicable indentation measurement range:0.24-6.0mm, it is recommended that the indentation diameter be within 0.4mm &#8211; 6.0mm for better results<\/li>\n<li>Four fixed magnifications can be adjusted to ensure measurement accuracy, respectively applicable to indentation size range:0.5-1.6mm (70X),<br \/>\n1-2.0mm (55X), 2-4.0mm (30X), and 3-6.0mm (20X)<\/li>\n<li style=\"font-weight: 400;\">Indentation measurement accuracy: \u00b10.5%<\/li>\n<li>Camera:2 million pixel 1\/3 inch CMOS USB camera, aluminum alloy metal shell with 304 stainless steel magnetic base, with button switch to directly start software and trigger measurement, maximum resolution: 1600 \u00d7 1200, power consumption: 75mW, letter Noise ratio: 68db<\/li>\n<li>USB cable:one<\/li>\n<li>Power supply:computer USB power supply<\/li>\n<li>Computer (optional) system requirements: Windows XP, Windows 7, Windows 8, Windows 10 32-bit or 64-bit desktop or notebook PC, occupying two USB ports, Microsoft Office (WORD and EXCEL) 2007 version or The above is used to generate the report<\/li>\n<li>Software configuration:<br \/>\n1) Automatically measure indentation and calculate Brinell hardness value in accordance with ASTM E10 standard;<br \/>\n2) In line with the German industrial standard DIN1605, it can automatically measure the indentation of the test sample and the indentation of the standard block and calculate the hammer Brinell hardness value HB2;<\/li>\n<\/ol>\n<h1><b>The main function:<\/b><b><\/b><\/h1>\n<ol>\n<li><b>Automatic measurement:<\/b>\u00a0automatically or manually capture the indentation and measure the indentation diameter and calculate the corresponding Brinell hardness value;<\/li>\n<li><b>HB2 automatic measurement (German industrial standard DIN1605):<\/b>\u00a0automatically or manually measure the indentation diameter of the standard test block and the test piece, and automatically calculate the HB value of the test piece by looking up the table and interpolating;<\/li>\n<li><b>Hardness value conversion and effective verification: <\/b>The system can convert the measured Brinell hardness value HB into other hardness values such as HV, HR, etc.;<\/li>\n<li><b>Data statistics:<\/b>\u00a0The system automatically calculates and saves the average, variance and other statistical values of the measured hardness;<\/li>\n<li><b>Exceeding the standard alarm:<\/b>\u00a0automatically indicate the abnormal value, when the hardness exceeds the specified value, it will automatically alarm;<\/li>\n<li><b>Test report:<\/b>\u00a0Automatically generate WORD or EXCEL format report, report template can be customized;<\/li>\n<li><b>Data storage:<\/b>\u00a0measurement data including indentation images and other available document storage;<\/li>\n<li><b>Other functions: <\/b>Contains all the functions of the microscopic image processing and measurement system, including image capture, calibration, image processing, geometric dimension measurement, document annotation, album management, and fixed-size printing, etc.<\/li>\n<\/ol>\n<h1><b>System Features:<\/b><\/h1>\n<p class=\"\"><b>1. Easy to use:<\/b>\u00a0click the interface button or press the camera button or press the run key to complete all the work automatically; if you need to manually measure or modify the results, just drag the mouse;<\/p>\n<p class=\"\"><b>2.Strong noise resistance:\u00a0<\/b>advanced and reliable image recognition technology can handle indentation recognition on complex sample surfaces, and two automatic measurement modes to handle extreme situations;<\/p>","protected":false},"excerpt":{"rendered":"<p data-start=\"159\" data-end=\"228\"><strong data-start=\"159\" data-end=\"226\">JHB-1 Brinell Hardness Indentation Automatic Measurement System<\/strong><\/p>\n<p data-start=\"230\" data-end=\"656\">En <strong data-start=\"234\" data-end=\"243\">JHB-1<\/strong> is a high-precision system designed for <strong data-start=\"284\" data-end=\"338\">automatic Brinell hardness indentation measurement<\/strong>. It supports a wide range of test forces from <strong data-start=\"385\" data-end=\"406\">1\u202fkgf to 3000\u202fkgf<\/strong> and indenter diameters of <strong data-start=\"433\" data-end=\"457\">1, 2.5, 5, and 10\u202fmm<\/strong>, with a recommended indentation diameter range of <strong data-start=\"508\" data-end=\"522\">0.4\u20136.0\u202fmm<\/strong> for optimal accuracy. Four adjustable fixed magnifications (20X\u201370X) ensure precise measurement across different indentation sizes.<\/p>\n<p data-start=\"658\" data-end=\"1032\">Equipped with a <strong data-start=\"674\" data-end=\"705\">2-megapixel CMOS USB camera<\/strong> housed in a durable aluminum alloy shell with a <strong data-start=\"754\" data-end=\"791\">304 stainless steel magnetic base<\/strong>, the system allows <strong data-start=\"811\" data-end=\"854\">automatic or manual indentation capture<\/strong>, and measurement with an accuracy of <strong data-start=\"892\" data-end=\"901\">\u00b10.5%<\/strong>. It connects via USB to a Windows PC (XP\u201310) and supports <strong data-start=\"960\" data-end=\"980\">Microsoft Office<\/strong> for automatic report generation in WORD or EXCEL.<\/p>","protected":false},"featured_media":29679,"comment_status":"open","ping_status":"closed","template":"","meta":[],"product_brand":[],"product_cat":[75,70],"product_tag":[105],"class_list":{"0":"post-29677","1":"product","2":"type-product","3":"status-publish","4":"has-post-thumbnail","6":"product_cat-brinell-hardness-tester","7":"product_cat-hardness-tester","8":"product_tag-brinell-hardness-tester","10":"first","11":"instock","12":"shipping-taxable","13":"product-type-simple"},"yoast_head":"<!-- This site is optimized with the Yoast SEO Premium plugin v25.4 (Yoast SEO v27.4) - https:\/\/yoast.com\/product\/yoast-seo-premium-wordpress\/ -->\n<title>JHB-1Brinell Hardness Indentation Automatic Measurement System - hardnesstests<\/title>\n<meta name=\"robots\" content=\"index, follow, max-snippet:-1, max-image-preview:large, max-video-preview:-1\" \/>\n<link rel=\"canonical\" href=\"https:\/\/hardnesstests.com\/es\/producto\/jhb-1brinell-hardness-indentation-automatic-measurement-system\/\" \/>\n<meta property=\"og:locale\" content=\"es_ES\" \/>\n<meta property=\"og:type\" content=\"article\" \/>\n<meta property=\"og:title\" content=\"JHB-1Brinell Hardness Indentation Automatic Measurement System\" \/>\n<meta property=\"og:description\" content=\"JHB-1 Brinell Hardness Indentation Automatic Measurement System The JHB-1 is a high-precision system designed for automatic Brinell hardness indentation measurement. It supports a wide range of test forces from 1\u202fkgf to 3000\u202fkgf and indenter diameters of 1, 2.5, 5, and 10\u202fmm, with a recommended indentation diameter range of 0.4\u20136.0\u202fmm for optimal accuracy. Four adjustable fixed magnifications (20X\u201370X) ensure precise measurement across different indentation sizes. Equipped with a 2-megapixel CMOS USB camera housed in a durable aluminum alloy shell with a 304 stainless steel magnetic base, the system allows automatic or manual indentation capture, and measurement with an accuracy of \u00b10.5%. It connects via USB to a Windows PC (XP\u201310) and supports Microsoft Office for automatic report generation in WORD or EXCEL.\" \/>\n<meta property=\"og:url\" content=\"https:\/\/hardnesstests.com\/es\/producto\/jhb-1brinell-hardness-indentation-automatic-measurement-system\/\" \/>\n<meta property=\"og:site_name\" content=\"hardnesstests\" \/>\n<meta property=\"article:modified_time\" content=\"2025-11-27T06:15:54+00:00\" \/>\n<meta property=\"og:image\" content=\"https:\/\/hardnesstests.com\/wp-content\/uploads\/2025\/11\/\u5e03\u6c0f\u81ea\u52a8\u6d4b\u91cf\u7cfb\u7edf.jpg\" \/>\n\t<meta property=\"og:image:width\" content=\"800\" \/>\n\t<meta property=\"og:image:height\" content=\"800\" \/>\n\t<meta property=\"og:image:type\" content=\"image\/jpeg\" \/>\n<meta name=\"twitter:card\" content=\"summary_large_image\" \/>\n<meta name=\"twitter:label1\" content=\"Tiempo de lectura\" \/>\n\t<meta name=\"twitter:data1\" content=\"2 minutos\" \/>\n<script type=\"application\/ld+json\" class=\"yoast-schema-graph\">{\"@context\":\"https:\\\/\\\/schema.org\",\"@graph\":[{\"@type\":\"WebPage\",\"@id\":\"https:\\\/\\\/hardnesstests.com\\\/product\\\/jhb-1brinell-hardness-indentation-automatic-measurement-system\\\/\",\"url\":\"https:\\\/\\\/hardnesstests.com\\\/product\\\/jhb-1brinell-hardness-indentation-automatic-measurement-system\\\/\",\"name\":\"JHB-1Brinell Hardness Indentation Automatic Measurement System - hardnesstests\",\"isPartOf\":{\"@id\":\"https:\\\/\\\/hardnesstests.com\\\/tr\\\/#website\"},\"primaryImageOfPage\":{\"@id\":\"https:\\\/\\\/hardnesstests.com\\\/product\\\/jhb-1brinell-hardness-indentation-automatic-measurement-system\\\/#primaryimage\"},\"image\":{\"@id\":\"https:\\\/\\\/hardnesstests.com\\\/product\\\/jhb-1brinell-hardness-indentation-automatic-measurement-system\\\/#primaryimage\"},\"thumbnailUrl\":\"https:\\\/\\\/hardnesstests.com\\\/wp-content\\\/uploads\\\/2025\\\/11\\\/\u5e03\u6c0f\u81ea\u52a8\u6d4b\u91cf\u7cfb\u7edf.jpg\",\"datePublished\":\"2025-11-26T07:48:02+00:00\",\"dateModified\":\"2025-11-27T06:15:54+00:00\",\"breadcrumb\":{\"@id\":\"https:\\\/\\\/hardnesstests.com\\\/product\\\/jhb-1brinell-hardness-indentation-automatic-measurement-system\\\/#breadcrumb\"},\"inLanguage\":\"es\",\"potentialAction\":[{\"@type\":\"ReadAction\",\"target\":[\"https:\\\/\\\/hardnesstests.com\\\/product\\\/jhb-1brinell-hardness-indentation-automatic-measurement-system\\\/\"]}]},{\"@type\":\"ImageObject\",\"inLanguage\":\"es\",\"@id\":\"https:\\\/\\\/hardnesstests.com\\\/product\\\/jhb-1brinell-hardness-indentation-automatic-measurement-system\\\/#primaryimage\",\"url\":\"https:\\\/\\\/hardnesstests.com\\\/wp-content\\\/uploads\\\/2025\\\/11\\\/\u5e03\u6c0f\u81ea\u52a8\u6d4b\u91cf\u7cfb\u7edf.jpg\",\"contentUrl\":\"https:\\\/\\\/hardnesstests.com\\\/wp-content\\\/uploads\\\/2025\\\/11\\\/\u5e03\u6c0f\u81ea\u52a8\u6d4b\u91cf\u7cfb\u7edf.jpg\",\"width\":800,\"height\":800,\"caption\":\"JHB-1Brinell Hardness Indentation Automatic Measurement System\"},{\"@type\":\"BreadcrumbList\",\"@id\":\"https:\\\/\\\/hardnesstests.com\\\/product\\\/jhb-1brinell-hardness-indentation-automatic-measurement-system\\\/#breadcrumb\",\"itemListElement\":[{\"@type\":\"ListItem\",\"position\":1,\"name\":\"\u9996\u9875\",\"item\":\"https:\\\/\\\/hardnesstests.com\\\/\"},{\"@type\":\"ListItem\",\"position\":2,\"name\":\"products\",\"item\":\"https:\\\/\\\/hardnesstests.com\\\/products\\\/\"},{\"@type\":\"ListItem\",\"position\":3,\"name\":\"JHB-1Brinell Hardness Indentation Automatic Measurement System\"}]},{\"@type\":\"WebSite\",\"@id\":\"https:\\\/\\\/hardnesstests.com\\\/tr\\\/#website\",\"url\":\"https:\\\/\\\/hardnesstests.com\\\/tr\\\/\",\"name\":\"hardnesstests\",\"description\":\"\",\"publisher\":{\"@id\":\"https:\\\/\\\/hardnesstests.com\\\/tr\\\/#organization\"},\"potentialAction\":[{\"@type\":\"SearchAction\",\"target\":{\"@type\":\"EntryPoint\",\"urlTemplate\":\"https:\\\/\\\/hardnesstests.com\\\/tr\\\/?s={search_term_string}\"},\"query-input\":{\"@type\":\"PropertyValueSpecification\",\"valueRequired\":true,\"valueName\":\"search_term_string\"}}],\"inLanguage\":\"es\"},{\"@type\":\"Organization\",\"@id\":\"https:\\\/\\\/hardnesstests.com\\\/tr\\\/#organization\",\"name\":\"hardnesstests\",\"url\":\"https:\\\/\\\/hardnesstests.com\\\/tr\\\/\",\"logo\":{\"@type\":\"ImageObject\",\"inLanguage\":\"es\",\"@id\":\"https:\\\/\\\/hardnesstests.com\\\/tr\\\/#\\\/schema\\\/logo\\\/image\\\/\",\"url\":\"https:\\\/\\\/hardnesstests.com\\\/wp-content\\\/uploads\\\/2021\\\/08\\\/\u5fae\u4fe1\u56fe\u7247_20251029102004_335_1287.png\",\"contentUrl\":\"https:\\\/\\\/hardnesstests.com\\\/wp-content\\\/uploads\\\/2021\\\/08\\\/\u5fae\u4fe1\u56fe\u7247_20251029102004_335_1287.png\",\"width\":1308,\"height\":467,\"caption\":\"hardnesstests\"},\"image\":{\"@id\":\"https:\\\/\\\/hardnesstests.com\\\/tr\\\/#\\\/schema\\\/logo\\\/image\\\/\"}}]}<\/script>\n<!-- \/ Yoast SEO Premium plugin. -->","yoast_head_json":{"title":"JHB-1Brinell Hardness Indentation Automatic Measurement System - hardnesstests","robots":{"index":"index","follow":"follow","max-snippet":"max-snippet:-1","max-image-preview":"max-image-preview:large","max-video-preview":"max-video-preview:-1"},"canonical":"https:\/\/hardnesstests.com\/es\/producto\/jhb-1brinell-hardness-indentation-automatic-measurement-system\/","og_locale":"es_ES","og_type":"article","og_title":"JHB-1Brinell Hardness Indentation Automatic Measurement System","og_description":"JHB-1 Brinell Hardness Indentation Automatic Measurement System The JHB-1 is a high-precision system designed for automatic Brinell hardness indentation measurement. It supports a wide range of test forces from 1\u202fkgf to 3000\u202fkgf and indenter diameters of 1, 2.5, 5, and 10\u202fmm, with a recommended indentation diameter range of 0.4\u20136.0\u202fmm for optimal accuracy. Four adjustable fixed magnifications (20X\u201370X) ensure precise measurement across different indentation sizes. Equipped with a 2-megapixel CMOS USB camera housed in a durable aluminum alloy shell with a 304 stainless steel magnetic base, the system allows automatic or manual indentation capture, and measurement with an accuracy of \u00b10.5%. It connects via USB to a Windows PC (XP\u201310) and supports Microsoft Office for automatic report generation in WORD or EXCEL.","og_url":"https:\/\/hardnesstests.com\/es\/producto\/jhb-1brinell-hardness-indentation-automatic-measurement-system\/","og_site_name":"hardnesstests","article_modified_time":"2025-11-27T06:15:54+00:00","og_image":[{"width":800,"height":800,"url":"https:\/\/hardnesstests.com\/wp-content\/uploads\/2025\/11\/\u5e03\u6c0f\u81ea\u52a8\u6d4b\u91cf\u7cfb\u7edf.jpg","type":"image\/jpeg"}],"twitter_card":"summary_large_image","twitter_misc":{"Tiempo de lectura":"2 minutos"},"schema":{"@context":"https:\/\/schema.org","@graph":[{"@type":"WebPage","@id":"https:\/\/hardnesstests.com\/product\/jhb-1brinell-hardness-indentation-automatic-measurement-system\/","url":"https:\/\/hardnesstests.com\/product\/jhb-1brinell-hardness-indentation-automatic-measurement-system\/","name":"JHB-1Brinell Hardness Indentation Automatic Measurement System - hardnesstests","isPartOf":{"@id":"https:\/\/hardnesstests.com\/tr\/#website"},"primaryImageOfPage":{"@id":"https:\/\/hardnesstests.com\/product\/jhb-1brinell-hardness-indentation-automatic-measurement-system\/#primaryimage"},"image":{"@id":"https:\/\/hardnesstests.com\/product\/jhb-1brinell-hardness-indentation-automatic-measurement-system\/#primaryimage"},"thumbnailUrl":"https:\/\/hardnesstests.com\/wp-content\/uploads\/2025\/11\/\u5e03\u6c0f\u81ea\u52a8\u6d4b\u91cf\u7cfb\u7edf.jpg","datePublished":"2025-11-26T07:48:02+00:00","dateModified":"2025-11-27T06:15:54+00:00","breadcrumb":{"@id":"https:\/\/hardnesstests.com\/product\/jhb-1brinell-hardness-indentation-automatic-measurement-system\/#breadcrumb"},"inLanguage":"es","potentialAction":[{"@type":"ReadAction","target":["https:\/\/hardnesstests.com\/product\/jhb-1brinell-hardness-indentation-automatic-measurement-system\/"]}]},{"@type":"ImageObject","inLanguage":"es","@id":"https:\/\/hardnesstests.com\/product\/jhb-1brinell-hardness-indentation-automatic-measurement-system\/#primaryimage","url":"https:\/\/hardnesstests.com\/wp-content\/uploads\/2025\/11\/\u5e03\u6c0f\u81ea\u52a8\u6d4b\u91cf\u7cfb\u7edf.jpg","contentUrl":"https:\/\/hardnesstests.com\/wp-content\/uploads\/2025\/11\/\u5e03\u6c0f\u81ea\u52a8\u6d4b\u91cf\u7cfb\u7edf.jpg","width":800,"height":800,"caption":"JHB-1Brinell Hardness Indentation Automatic Measurement System"},{"@type":"BreadcrumbList","@id":"https:\/\/hardnesstests.com\/product\/jhb-1brinell-hardness-indentation-automatic-measurement-system\/#breadcrumb","itemListElement":[{"@type":"ListItem","position":1,"name":"\u9996\u9875","item":"https:\/\/hardnesstests.com\/"},{"@type":"ListItem","position":2,"name":"products","item":"https:\/\/hardnesstests.com\/products\/"},{"@type":"ListItem","position":3,"name":"JHB-1Brinell Hardness Indentation Automatic Measurement System"}]},{"@type":"WebSite","@id":"https:\/\/hardnesstests.com\/tr\/#website","url":"https:\/\/hardnesstests.com\/tr\/","name":"hardnesstests","description":"","publisher":{"@id":"https:\/\/hardnesstests.com\/tr\/#organization"},"potentialAction":[{"@type":"SearchAction","target":{"@type":"EntryPoint","urlTemplate":"https:\/\/hardnesstests.com\/tr\/?s={search_term_string}"},"query-input":{"@type":"PropertyValueSpecification","valueRequired":true,"valueName":"search_term_string"}}],"inLanguage":"es"},{"@type":"Organization","@id":"https:\/\/hardnesstests.com\/tr\/#organization","name":"hardnesstests","url":"https:\/\/hardnesstests.com\/tr\/","logo":{"@type":"ImageObject","inLanguage":"es","@id":"https:\/\/hardnesstests.com\/tr\/#\/schema\/logo\/image\/","url":"https:\/\/hardnesstests.com\/wp-content\/uploads\/2021\/08\/\u5fae\u4fe1\u56fe\u7247_20251029102004_335_1287.png","contentUrl":"https:\/\/hardnesstests.com\/wp-content\/uploads\/2021\/08\/\u5fae\u4fe1\u56fe\u7247_20251029102004_335_1287.png","width":1308,"height":467,"caption":"hardnesstests"},"image":{"@id":"https:\/\/hardnesstests.com\/tr\/#\/schema\/logo\/image\/"}}]}},"_links":{"self":[{"href":"https:\/\/hardnesstests.com\/es\/wp-json\/wp\/v2\/product\/29677","targetHints":{"allow":["GET"]}}],"collection":[{"href":"https:\/\/hardnesstests.com\/es\/wp-json\/wp\/v2\/product"}],"about":[{"href":"https:\/\/hardnesstests.com\/es\/wp-json\/wp\/v2\/types\/product"}],"replies":[{"embeddable":true,"href":"https:\/\/hardnesstests.com\/es\/wp-json\/wp\/v2\/comments?post=29677"}],"version-history":[{"count":3,"href":"https:\/\/hardnesstests.com\/es\/wp-json\/wp\/v2\/product\/29677\/revisions"}],"predecessor-version":[{"id":29716,"href":"https:\/\/hardnesstests.com\/es\/wp-json\/wp\/v2\/product\/29677\/revisions\/29716"}],"wp:featuredmedia":[{"embeddable":true,"href":"https:\/\/hardnesstests.com\/es\/wp-json\/wp\/v2\/media\/29679"}],"wp:attachment":[{"href":"https:\/\/hardnesstests.com\/es\/wp-json\/wp\/v2\/media?parent=29677"}],"wp:term":[{"taxonomy":"product_brand","embeddable":true,"href":"https:\/\/hardnesstests.com\/es\/wp-json\/wp\/v2\/product_brand?post=29677"},{"taxonomy":"product_cat","embeddable":true,"href":"https:\/\/hardnesstests.com\/es\/wp-json\/wp\/v2\/product_cat?post=29677"},{"taxonomy":"product_tag","embeddable":true,"href":"https:\/\/hardnesstests.com\/es\/wp-json\/wp\/v2\/product_tag?post=29677"}],"curies":[{"name":"wp","href":"https:\/\/api.w.org\/{rel}","templated":true}]}}