{"id":29642,"date":"2025-11-26T07:07:20","date_gmt":"2025-11-26T07:07:20","guid":{"rendered":"https:\/\/hardnesstests.com\/?post_type=product&#038;p=29642"},"modified":"2025-11-27T05:55:16","modified_gmt":"2025-11-27T05:55:16","slug":"hbrv-187-5electric-bulowie-hardness-tester","status":"publish","type":"product","link":"https:\/\/hardnesstests.com\/es\/producto\/hbrv-187-5electric-bulowie-hardness-tester\/","title":{"rendered":"(HBRV-187.5)Dur\u00f3metro el\u00e9ctrico Bulowie"},"content":{"rendered":"<h1 style=\"font-weight: 400;\"><strong>Main features of the instrument<\/strong><\/h1>\n<ol>\n<li style=\"font-weight: 400;\">El sistema \u00f3ptico dise\u00f1ado por ingenieros \u00f3pticos superiores no s\u00f3lo ofrece im\u00e1genes n\u00edtidas, sino que tambi\u00e9n puede utilizarse como un microscopio sencillo, con brillo ajustable, visi\u00f3n c\u00f3moda y no es f\u00e1cil que se fatigue tras un funcionamiento prolongado;<\/li>\n<li style=\"font-weight: 400;\">It has three test methods, Brinell, Rockwell and Vickers, and seven-level test force, which can meet various hardness test requirements;<\/li>\n<li style=\"font-weight: 400;\">The cast shell has a stable and non-deformed structure in one-time molding, high-grade pure white car paint, strong scratch resistance, and it is still bright as new after many years of use;<\/li>\n<li style=\"font-weight: 400;\">Nuestra empresa tiene la capacidad de investigar, desarrollar, dise\u00f1ar, producir y procesar por s\u00ed misma, y proporcionar servicios de sustituci\u00f3n de piezas y actualizaci\u00f3n de mantenimiento para nuestras m\u00e1quinas de por vida;<\/li>\n<\/ol>\n<h1 style=\"font-weight: 400;\"><strong>The main purpose and scope of use of the instrument:<\/strong><\/h1>\n<ol>\n<li style=\"font-weight: 400;\">Determine the Brinell, Vickers and Rockwell hardness of ferrous metals, non-ferrous metals and cemented carbides:<\/li>\n<li style=\"font-weight: 400;\">Brinell hardness of castings, annealed steel, normalized steel, non-ferrous metals and soft alloys;<\/li>\n<li style=\"font-weight: 400;\">Rockwell hardness of heat-treated materials such as quenching and quenching and tempering;<\/li>\n<li style=\"font-weight: 400;\">Vickers hardness of nitriding layer, ceramics, thin plates, metal flakes, electroplating layers, and small parts;<\/li>\n<\/ol>\n<h1><strong>Technical Data Sheet:<\/strong><\/h1>\n<table>\n<tbody>\n<tr>\n<td width=\"130\">Modelo de producto<\/td>\n<td width=\"468\">HBRV-187.5<\/td>\n<\/tr>\n<tr>\n<td width=\"130\">Force value<\/td>\n<td width=\"468\">30 -187.5kgf,Level 7 test force<\/td>\n<\/tr>\n<tr>\n<td width=\"130\">Brinell Ruler<\/td>\n<td width=\"468\">HB1\/30\u3001HB2.5\/31.25\u3001HB2.5\/62.5\u3001HB2.5\/187.5\u3001HB5\/62.5\u3001HB10\/100<\/td>\n<\/tr>\n<tr>\n<td width=\"130\">Brinell test force<\/td>\n<td width=\"468\">30\u300131.25\u300162.5\u3001100\u3001187.5Kgf\uff08294.2\u3001306.5\u3001612.9\u3001980.7\u30011839N\uff09<\/td>\n<\/tr>\n<tr>\n<td width=\"130\">Rocket Ruler<\/td>\n<td width=\"468\">HRA\u3001HRB\u3001HRC\u3001HRD\u3001HRE\u3001HRF\u3001HRG\u3001HRH\u3001HRK\u3001HRL\u3001HRM\u3001HEP\u3001HRR\u3001HRS\u3001HRV<\/td>\n<\/tr>\n<tr>\n<td width=\"130\">Rocket test force<\/td>\n<td width=\"468\">60kgf(588N)\u00a0\u00a0100kgf(980.7N)\u00a0\u00a0150kgf(1471N)<\/td>\n<\/tr>\n<tr>\n<td width=\"130\">Vickers Ruler<\/td>\n<td width=\"468\">HV30\u00a0\u00a0\u00a0HV100<\/td>\n<\/tr>\n<tr>\n<td width=\"130\">Vickers test force<\/td>\n<td width=\"468\">30kgf(294.2N)\u00a0\u00a0\u00a0100kgf(980.7N)<\/td>\n<\/tr>\n<tr>\n<td width=\"130\">Objective lens<\/td>\n<td width=\"468\">2.5X objective lens 5X objective lens<\/td>\n<\/tr>\n<tr>\n<td width=\"130\">Microscope magnification<\/td>\n<td width=\"468\">Brinell\uff1a37.5\u00d7\uff0cVickers\u00a0\uff1a75\u00d7<\/td>\n<\/tr>\n<tr>\n<td width=\"130\">Smallest unit of measurement<\/td>\n<td width=\"468\">Brinell\uff1a0.004mm\u00a0\u00a0\u00a0Vickers\u00a0\uff1a0.002mm<\/td>\n<\/tr>\n<tr>\n<td width=\"130\">Maximum test height<\/td>\n<td width=\"468\">Rocket\uff1a185mm\u00a0\u00a0Brinell\u3001Vickers\u00a0\uff1a120mm<\/td>\n<\/tr>\n<tr>\n<td width=\"130\">Holding Time<\/td>\n<td width=\"468\">2~60s<\/td>\n<\/tr>\n<tr>\n<td width=\"130\">Hardness test range<\/td>\n<td width=\"468\">Rocket\uff1a20~100\u00a0\u00a0\u00a0Vickers\u00a0\uff1a8~2900\u00a0\u00a0Brinell\uff1a3~650HBW<\/td>\n<\/tr>\n<tr>\n<td width=\"130\"><strong>\u00a0<\/strong>power supply<\/td>\n<td width=\"468\">AC220+5%,50~60Hz<\/td>\n<\/tr>\n<tr>\n<td width=\"130\">Dimensiones (mm)<\/td>\n<td width=\"468\">530*200*700<\/td>\n<\/tr>\n<tr>\n<td width=\"130\">Host weight<\/td>\n<td width=\"468\">95kg<\/td>\n<\/tr>\n<\/tbody>\n<\/table>\n<h1 style=\"font-weight: 400;\"><strong>Appendix:<\/strong><\/h1>\n<table>\n<tbody>\n<tr>\n<td width=\"136\"><strong>name<\/strong><\/td>\n<td width=\"81\"><strong>cantidad<\/strong><\/td>\n<td width=\"268\"><strong>name<\/strong><\/td>\n<td width=\"110\"><strong>cantidad<\/strong><\/td>\n<\/tr>\n<tr>\n<td width=\"136\">Rockwell Diamond Indenter<\/td>\n<td width=\"81\">1<\/td>\n<td width=\"268\">Rockwell 1.5875mm carbide indenter<\/td>\n<td width=\"110\">1<\/td>\n<\/tr>\n<tr>\n<td width=\"136\">Vickers diamond indenter<\/td>\n<td width=\"81\">1<\/td>\n<td width=\"268\">Brinell 2.5mm carbide indenter<\/td>\n<td width=\"110\">1<\/td>\n<\/tr>\n<tr>\n<td width=\"136\">Measuring microscope<\/td>\n<td width=\"81\">1<\/td>\n<td width=\"268\">flashlight<\/td>\n<td width=\"110\">1<\/td>\n<\/tr>\n<tr>\n<td width=\"136\">Hardness block<\/td>\n<td width=\"81\">3<\/td>\n<td width=\"268\">Medium and V type test bench<\/td>\n<td width=\"110\">1 each<\/td>\n<\/tr>\n<tr>\n<td width=\"136\">power cable<\/td>\n<td width=\"81\">1<\/td>\n<td width=\"268\">Sliding test bench<\/td>\n<td width=\"110\">1<\/td>\n<\/tr>\n<tr>\n<td width=\"136\">Objective lens<\/td>\n<td width=\"81\">2<\/td>\n<td width=\"268\">Product Manual<\/td>\n<td width=\"110\">1<\/td>\n<\/tr>\n<\/tbody>\n<\/table>","protected":false},"excerpt":{"rendered":"<p>HBRV-187.5 Blowi hardness tester is a multi-purpose multi-purpose hardness tester with three test methods of Brinell, Rockwell and Vickers and seven-level test force, which can meet the requirements of users for various hardness tests. After the initial test force is manually loaded, the loading, holding and unloading of the total test force are automatically completed. It has a wide range of use and convenient operation. It is a hardness tester commonly used by industrial and mining enterprises and scientific research institutions.<\/p>","protected":false},"featured_media":29643,"comment_status":"open","ping_status":"closed","template":"","meta":[],"product_brand":[],"product_cat":[75,70],"product_tag":[105],"class_list":{"0":"post-29642","1":"product","2":"type-product","3":"status-publish","4":"has-post-thumbnail","6":"product_cat-brinell-hardness-tester","7":"product_cat-hardness-tester","8":"product_tag-brinell-hardness-tester","10":"first","11":"instock","12":"shipping-taxable","13":"product-type-simple"},"yoast_head":"<!-- This site is optimized with the Yoast SEO Premium plugin v25.4 (Yoast SEO v27.4) - https:\/\/yoast.com\/product\/yoast-seo-premium-wordpress\/ -->\n<title>(HBRV-187.5)Electric Bulowie Hardness Tester - hardnesstests<\/title>\n<meta name=\"robots\" content=\"index, follow, max-snippet:-1, max-image-preview:large, max-video-preview:-1\" \/>\n<link rel=\"canonical\" href=\"https:\/\/hardnesstests.com\/es\/producto\/hbrv-187-5electric-bulowie-hardness-tester\/\" \/>\n<meta property=\"og:locale\" content=\"es_ES\" \/>\n<meta property=\"og:type\" content=\"article\" \/>\n<meta property=\"og:title\" content=\"(HBRV-187.5)Electric Bulowie Hardness Tester\" \/>\n<meta property=\"og:description\" content=\"HBRV-187.5 Blowi hardness tester is a multi-purpose multi-purpose hardness tester with three test methods of Brinell, Rockwell and Vickers and seven-level test force, which can meet the requirements of users for various hardness tests. After the initial test force is manually loaded, the loading, holding and unloading of the total test force are automatically completed. It has a wide range of use and convenient operation. It is a hardness tester commonly used by industrial and mining enterprises and scientific research institutions.\" \/>\n<meta property=\"og:url\" content=\"https:\/\/hardnesstests.com\/es\/producto\/hbrv-187-5electric-bulowie-hardness-tester\/\" \/>\n<meta property=\"og:site_name\" content=\"hardnesstests\" \/>\n<meta property=\"article:modified_time\" content=\"2025-11-27T05:55:16+00:00\" \/>\n<meta property=\"og:image\" content=\"https:\/\/hardnesstests.com\/wp-content\/uploads\/2025\/11\/HBRV-187.5\u7535\u52a8\u5e03\u6c0f\u786c\u5ea6\u8ba1.jpg\" \/>\n\t<meta property=\"og:image:width\" content=\"800\" \/>\n\t<meta property=\"og:image:height\" content=\"800\" \/>\n\t<meta property=\"og:image:type\" content=\"image\/jpeg\" \/>\n<meta name=\"twitter:card\" content=\"summary_large_image\" \/>\n<meta name=\"twitter:label1\" content=\"Tiempo de lectura\" \/>\n\t<meta name=\"twitter:data1\" content=\"2 minutos\" \/>\n<script type=\"application\/ld+json\" class=\"yoast-schema-graph\">{\"@context\":\"https:\\\/\\\/schema.org\",\"@graph\":[{\"@type\":\"WebPage\",\"@id\":\"https:\\\/\\\/hardnesstests.com\\\/product\\\/hbrv-187-5electric-bulowie-hardness-tester\\\/\",\"url\":\"https:\\\/\\\/hardnesstests.com\\\/product\\\/hbrv-187-5electric-bulowie-hardness-tester\\\/\",\"name\":\"(HBRV-187.5)Electric Bulowie Hardness Tester - hardnesstests\",\"isPartOf\":{\"@id\":\"https:\\\/\\\/hardnesstests.com\\\/tr\\\/#website\"},\"primaryImageOfPage\":{\"@id\":\"https:\\\/\\\/hardnesstests.com\\\/product\\\/hbrv-187-5electric-bulowie-hardness-tester\\\/#primaryimage\"},\"image\":{\"@id\":\"https:\\\/\\\/hardnesstests.com\\\/product\\\/hbrv-187-5electric-bulowie-hardness-tester\\\/#primaryimage\"},\"thumbnailUrl\":\"https:\\\/\\\/hardnesstests.com\\\/wp-content\\\/uploads\\\/2025\\\/11\\\/HBRV-187.5\u7535\u52a8\u5e03\u6c0f\u786c\u5ea6\u8ba1.jpg\",\"datePublished\":\"2025-11-26T07:07:20+00:00\",\"dateModified\":\"2025-11-27T05:55:16+00:00\",\"breadcrumb\":{\"@id\":\"https:\\\/\\\/hardnesstests.com\\\/product\\\/hbrv-187-5electric-bulowie-hardness-tester\\\/#breadcrumb\"},\"inLanguage\":\"es\",\"potentialAction\":[{\"@type\":\"ReadAction\",\"target\":[\"https:\\\/\\\/hardnesstests.com\\\/product\\\/hbrv-187-5electric-bulowie-hardness-tester\\\/\"]}]},{\"@type\":\"ImageObject\",\"inLanguage\":\"es\",\"@id\":\"https:\\\/\\\/hardnesstests.com\\\/product\\\/hbrv-187-5electric-bulowie-hardness-tester\\\/#primaryimage\",\"url\":\"https:\\\/\\\/hardnesstests.com\\\/wp-content\\\/uploads\\\/2025\\\/11\\\/HBRV-187.5\u7535\u52a8\u5e03\u6c0f\u786c\u5ea6\u8ba1.jpg\",\"contentUrl\":\"https:\\\/\\\/hardnesstests.com\\\/wp-content\\\/uploads\\\/2025\\\/11\\\/HBRV-187.5\u7535\u52a8\u5e03\u6c0f\u786c\u5ea6\u8ba1.jpg\",\"width\":800,\"height\":800,\"caption\":\"(HBRV-187.5)Electric Bulowie Hardness Tester\"},{\"@type\":\"BreadcrumbList\",\"@id\":\"https:\\\/\\\/hardnesstests.com\\\/product\\\/hbrv-187-5electric-bulowie-hardness-tester\\\/#breadcrumb\",\"itemListElement\":[{\"@type\":\"ListItem\",\"position\":1,\"name\":\"\u9996\u9875\",\"item\":\"https:\\\/\\\/hardnesstests.com\\\/\"},{\"@type\":\"ListItem\",\"position\":2,\"name\":\"products\",\"item\":\"https:\\\/\\\/hardnesstests.com\\\/products\\\/\"},{\"@type\":\"ListItem\",\"position\":3,\"name\":\"(HBRV-187.5)Electric Bulowie Hardness Tester\"}]},{\"@type\":\"WebSite\",\"@id\":\"https:\\\/\\\/hardnesstests.com\\\/tr\\\/#website\",\"url\":\"https:\\\/\\\/hardnesstests.com\\\/tr\\\/\",\"name\":\"hardnesstests\",\"description\":\"\",\"publisher\":{\"@id\":\"https:\\\/\\\/hardnesstests.com\\\/tr\\\/#organization\"},\"potentialAction\":[{\"@type\":\"SearchAction\",\"target\":{\"@type\":\"EntryPoint\",\"urlTemplate\":\"https:\\\/\\\/hardnesstests.com\\\/tr\\\/?s={search_term_string}\"},\"query-input\":{\"@type\":\"PropertyValueSpecification\",\"valueRequired\":true,\"valueName\":\"search_term_string\"}}],\"inLanguage\":\"es\"},{\"@type\":\"Organization\",\"@id\":\"https:\\\/\\\/hardnesstests.com\\\/tr\\\/#organization\",\"name\":\"hardnesstests\",\"url\":\"https:\\\/\\\/hardnesstests.com\\\/tr\\\/\",\"logo\":{\"@type\":\"ImageObject\",\"inLanguage\":\"es\",\"@id\":\"https:\\\/\\\/hardnesstests.com\\\/tr\\\/#\\\/schema\\\/logo\\\/image\\\/\",\"url\":\"https:\\\/\\\/hardnesstests.com\\\/wp-content\\\/uploads\\\/2021\\\/08\\\/\u5fae\u4fe1\u56fe\u7247_20251029102004_335_1287.png\",\"contentUrl\":\"https:\\\/\\\/hardnesstests.com\\\/wp-content\\\/uploads\\\/2021\\\/08\\\/\u5fae\u4fe1\u56fe\u7247_20251029102004_335_1287.png\",\"width\":1308,\"height\":467,\"caption\":\"hardnesstests\"},\"image\":{\"@id\":\"https:\\\/\\\/hardnesstests.com\\\/tr\\\/#\\\/schema\\\/logo\\\/image\\\/\"}}]}<\/script>\n<!-- \/ Yoast SEO Premium plugin. -->","yoast_head_json":{"title":"(HBRV-187.5)Electric Bulowie Hardness Tester - hardnesstests","robots":{"index":"index","follow":"follow","max-snippet":"max-snippet:-1","max-image-preview":"max-image-preview:large","max-video-preview":"max-video-preview:-1"},"canonical":"https:\/\/hardnesstests.com\/es\/producto\/hbrv-187-5electric-bulowie-hardness-tester\/","og_locale":"es_ES","og_type":"article","og_title":"(HBRV-187.5)Electric Bulowie Hardness Tester","og_description":"HBRV-187.5 Blowi hardness tester is a multi-purpose multi-purpose hardness tester with three test methods of Brinell, Rockwell and Vickers and seven-level test force, which can meet the requirements of users for various hardness tests. After the initial test force is manually loaded, the loading, holding and unloading of the total test force are automatically completed. It has a wide range of use and convenient operation. It is a hardness tester commonly used by industrial and mining enterprises and scientific research institutions.","og_url":"https:\/\/hardnesstests.com\/es\/producto\/hbrv-187-5electric-bulowie-hardness-tester\/","og_site_name":"hardnesstests","article_modified_time":"2025-11-27T05:55:16+00:00","og_image":[{"width":800,"height":800,"url":"https:\/\/hardnesstests.com\/wp-content\/uploads\/2025\/11\/HBRV-187.5\u7535\u52a8\u5e03\u6c0f\u786c\u5ea6\u8ba1.jpg","type":"image\/jpeg"}],"twitter_card":"summary_large_image","twitter_misc":{"Tiempo de lectura":"2 minutos"},"schema":{"@context":"https:\/\/schema.org","@graph":[{"@type":"WebPage","@id":"https:\/\/hardnesstests.com\/product\/hbrv-187-5electric-bulowie-hardness-tester\/","url":"https:\/\/hardnesstests.com\/product\/hbrv-187-5electric-bulowie-hardness-tester\/","name":"(HBRV-187.5)Electric Bulowie Hardness Tester - hardnesstests","isPartOf":{"@id":"https:\/\/hardnesstests.com\/tr\/#website"},"primaryImageOfPage":{"@id":"https:\/\/hardnesstests.com\/product\/hbrv-187-5electric-bulowie-hardness-tester\/#primaryimage"},"image":{"@id":"https:\/\/hardnesstests.com\/product\/hbrv-187-5electric-bulowie-hardness-tester\/#primaryimage"},"thumbnailUrl":"https:\/\/hardnesstests.com\/wp-content\/uploads\/2025\/11\/HBRV-187.5\u7535\u52a8\u5e03\u6c0f\u786c\u5ea6\u8ba1.jpg","datePublished":"2025-11-26T07:07:20+00:00","dateModified":"2025-11-27T05:55:16+00:00","breadcrumb":{"@id":"https:\/\/hardnesstests.com\/product\/hbrv-187-5electric-bulowie-hardness-tester\/#breadcrumb"},"inLanguage":"es","potentialAction":[{"@type":"ReadAction","target":["https:\/\/hardnesstests.com\/product\/hbrv-187-5electric-bulowie-hardness-tester\/"]}]},{"@type":"ImageObject","inLanguage":"es","@id":"https:\/\/hardnesstests.com\/product\/hbrv-187-5electric-bulowie-hardness-tester\/#primaryimage","url":"https:\/\/hardnesstests.com\/wp-content\/uploads\/2025\/11\/HBRV-187.5\u7535\u52a8\u5e03\u6c0f\u786c\u5ea6\u8ba1.jpg","contentUrl":"https:\/\/hardnesstests.com\/wp-content\/uploads\/2025\/11\/HBRV-187.5\u7535\u52a8\u5e03\u6c0f\u786c\u5ea6\u8ba1.jpg","width":800,"height":800,"caption":"(HBRV-187.5)Electric Bulowie Hardness Tester"},{"@type":"BreadcrumbList","@id":"https:\/\/hardnesstests.com\/product\/hbrv-187-5electric-bulowie-hardness-tester\/#breadcrumb","itemListElement":[{"@type":"ListItem","position":1,"name":"\u9996\u9875","item":"https:\/\/hardnesstests.com\/"},{"@type":"ListItem","position":2,"name":"products","item":"https:\/\/hardnesstests.com\/products\/"},{"@type":"ListItem","position":3,"name":"(HBRV-187.5)Electric Bulowie Hardness Tester"}]},{"@type":"WebSite","@id":"https:\/\/hardnesstests.com\/tr\/#website","url":"https:\/\/hardnesstests.com\/tr\/","name":"hardnesstests","description":"","publisher":{"@id":"https:\/\/hardnesstests.com\/tr\/#organization"},"potentialAction":[{"@type":"SearchAction","target":{"@type":"EntryPoint","urlTemplate":"https:\/\/hardnesstests.com\/tr\/?s={search_term_string}"},"query-input":{"@type":"PropertyValueSpecification","valueRequired":true,"valueName":"search_term_string"}}],"inLanguage":"es"},{"@type":"Organization","@id":"https:\/\/hardnesstests.com\/tr\/#organization","name":"hardnesstests","url":"https:\/\/hardnesstests.com\/tr\/","logo":{"@type":"ImageObject","inLanguage":"es","@id":"https:\/\/hardnesstests.com\/tr\/#\/schema\/logo\/image\/","url":"https:\/\/hardnesstests.com\/wp-content\/uploads\/2021\/08\/\u5fae\u4fe1\u56fe\u7247_20251029102004_335_1287.png","contentUrl":"https:\/\/hardnesstests.com\/wp-content\/uploads\/2021\/08\/\u5fae\u4fe1\u56fe\u7247_20251029102004_335_1287.png","width":1308,"height":467,"caption":"hardnesstests"},"image":{"@id":"https:\/\/hardnesstests.com\/tr\/#\/schema\/logo\/image\/"}}]}},"_links":{"self":[{"href":"https:\/\/hardnesstests.com\/es\/wp-json\/wp\/v2\/product\/29642","targetHints":{"allow":["GET"]}}],"collection":[{"href":"https:\/\/hardnesstests.com\/es\/wp-json\/wp\/v2\/product"}],"about":[{"href":"https:\/\/hardnesstests.com\/es\/wp-json\/wp\/v2\/types\/product"}],"replies":[{"embeddable":true,"href":"https:\/\/hardnesstests.com\/es\/wp-json\/wp\/v2\/comments?post=29642"}],"version-history":[{"count":1,"href":"https:\/\/hardnesstests.com\/es\/wp-json\/wp\/v2\/product\/29642\/revisions"}],"predecessor-version":[{"id":29644,"href":"https:\/\/hardnesstests.com\/es\/wp-json\/wp\/v2\/product\/29642\/revisions\/29644"}],"wp:featuredmedia":[{"embeddable":true,"href":"https:\/\/hardnesstests.com\/es\/wp-json\/wp\/v2\/media\/29643"}],"wp:attachment":[{"href":"https:\/\/hardnesstests.com\/es\/wp-json\/wp\/v2\/media?parent=29642"}],"wp:term":[{"taxonomy":"product_brand","embeddable":true,"href":"https:\/\/hardnesstests.com\/es\/wp-json\/wp\/v2\/product_brand?post=29642"},{"taxonomy":"product_cat","embeddable":true,"href":"https:\/\/hardnesstests.com\/es\/wp-json\/wp\/v2\/product_cat?post=29642"},{"taxonomy":"product_tag","embeddable":true,"href":"https:\/\/hardnesstests.com\/es\/wp-json\/wp\/v2\/product_tag?post=29642"}],"curies":[{"name":"wp","href":"https:\/\/api.w.org\/{rel}","templated":true}]}}