{"id":29066,"date":"2025-10-20T06:29:11","date_gmt":"2025-10-20T06:29:11","guid":{"rendered":"https:\/\/hardnesstests.com\/?post_type=product&#038;p=29066"},"modified":"2025-11-27T09:13:47","modified_gmt":"2025-11-27T09:13:47","slug":"fully-automatic-metallographic-specimen-mounting-machine-machine-pressinghxqz-1","status":"publish","type":"product","link":"https:\/\/hardnesstests.com\/es\/producto\/fully-automatic-metallographic-specimen-mounting-machine-machine-pressinghxqz-1\/","title":{"rendered":"M\u00e1quina de montaje de muestras metalogr\u00e1ficas totalmente autom\u00e1tica (prensado a m\u00e1quina)HXQZ-1"},"content":{"rendered":"<h1 style=\"font-weight: 400;\"><strong>Ventajas del producto:<\/strong><\/h1>\n<ol>\n<li style=\"font-weight: 400;\">La carcasa est\u00e1 fabricada en ABS de alta calidad moldeado en una sola pieza, con un aspecto novedoso, ambiente de alta gama y alto grado.<\/li>\n<li style=\"font-weight: 400;\">Control de pantalla t\u00e1ctil, interfaz clara e intuitiva, f\u00e1cil de manejar.<\/li>\n<li style=\"font-weight: 400;\">Adopta presurizaci\u00f3n de transmisi\u00f3n mec\u00e1nica de precisi\u00f3n, duradera.<\/li>\n<li style=\"font-weight: 400;\">Todo el proceso es totalmente autom\u00e1tico con control de bucle cerrado, y todos los procesos de incrustaci\u00f3n pueden completarse autom\u00e1ticamente con un solo bot\u00f3n.<\/li>\n<li style=\"font-weight: 400;\">Dispone de su propio sistema de refrigeraci\u00f3n, que enfr\u00eda m\u00e1s r\u00e1pido y tiene mayor eficacia de incrustaci\u00f3n.<\/li>\n<li style=\"font-weight: 400;\">Existe una gran variedad de especificaciones de moldes, y se pueden personalizar moldes especiales seg\u00fan las necesidades del cliente.<\/li>\n<li style=\"font-weight: 400;\">Puede funcionar de forma manual o autom\u00e1tica. Puede ser DIY operado de acuerdo a las necesidades del cliente, que es m\u00e1s flexible y c\u00f3modo de usar.<\/li>\n<li style=\"font-weight: 400;\">Puede almacenar m\u00e1s de 100 conjuntos de f\u00f3rmulas de proceso de incrustaci\u00f3n, lo que resulta pr\u00e1ctico para la llamada r\u00e1pida y la producci\u00f3n en serie.<\/li>\n<li style=\"font-weight: 400;\">Puede satisfacer diversas necesidades personalizadas de los clientes seg\u00fan sus necesidades y ofrecer un servicio integral de ventanilla \u00fanica.<\/li>\n<li style=\"font-weight: 400;\">Puede incrustar 2 muestras al mismo tiempo, lo que duplica instant\u00e1neamente la eficacia de la incrustaci\u00f3n.<\/li>\n<li style=\"font-weight: 400;\">El programa tiene incorporado un algoritmo inteligente, y se puede seleccionar el modo de tiempo y el modo de temperatura (especialmente para los usuarios noveles).<\/li>\n<li style=\"font-weight: 400;\">Se puede equipar opcionalmente un enfriador para realizar el ciclo de refrigeraci\u00f3n y resolver la limitaci\u00f3n del grifo. (Opcional)<\/li>\n<\/ol>\n<h1 style=\"font-weight: 400;\"><strong>Par\u00e1metros t\u00e9cnicos:<\/strong><\/h1>\n<table width=\"100%\">\n<tbody>\n<tr>\n<td width=\"28%\">Nombre<\/td>\n<td width=\"71%\">Especificaciones<\/td>\n<\/tr>\n<tr>\n<td width=\"28%\">Especificaciones del molde<\/td>\n<td width=\"71%\">Est\u00e1ndar \u03c630 (opcional: \u03c622, \u03c645), personalizaci\u00f3n especial disponible<\/td>\n<\/tr>\n<tr>\n<td width=\"28%\">Potencia calor\u00edfica<\/td>\n<td width=\"71%\">2KW<\/td>\n<\/tr>\n<tr>\n<td width=\"28%\">Rango de ajuste de la temperatura<\/td>\n<td width=\"71%\">0-200 grados Celsius<\/td>\n<\/tr>\n<tr>\n<td width=\"28%\">Rango de ajuste del aislamiento<\/td>\n<td width=\"71%\">0-99 minutos<\/td>\n<\/tr>\n<tr>\n<td width=\"28%\">Rango de ajuste de refrigeraci\u00f3n<\/td>\n<td width=\"71%\">0-99 minutos (<\/td>\n<\/tr>\n<tr>\n<td width=\"28%\">Alimentaci\u00f3n<\/td>\n<td width=\"71%\">Voltaje: 220V Frecuencia: 50HZ<\/td>\n<\/tr>\n<tr>\n<td width=\"28%\">Potencia total<\/td>\n<td width=\"71%\">2,2 KW<\/td>\n<\/tr>\n<tr>\n<td width=\"28%\">Dimensiones<\/td>\n<td width=\"71%\">460X600X500<\/td>\n<\/tr>\n<tr>\n<td width=\"28%\">Dimensiones de la caja de madera<\/td>\n<td width=\"71%\">530X680X630<\/td>\n<\/tr>\n<tr>\n<td width=\"28%\">Peso<\/td>\n<td width=\"71%\">60KG<\/td>\n<\/tr>\n<\/tbody>\n<\/table>\n<h1 style=\"font-weight: 400;\"><strong>Accesorios de env\u00edo:<\/strong><\/h1>\n<table width=\"100%\">\n<tbody>\n<tr>\n<td width=\"30%\">Nombre<\/td>\n<td width=\"14%\"><strong>cantidad<\/strong><\/td>\n<td width=\"14%\">Unidad<\/td>\n<td width=\"40%\">Notas<\/td>\n<\/tr>\n<tr>\n<td width=\"30%\">\u03a630 montaje del molde<\/td>\n<td width=\"14%\"><strong>1<\/strong><\/td>\n<td width=\"14%\">pieza<\/td>\n<td width=\"40%\">Ya instalado en el dispositivo<\/td>\n<\/tr>\n<tr>\n<td width=\"30%\">Material de incrustaci\u00f3n (negro)<\/td>\n<td width=\"14%\"><strong>500<\/strong><\/td>\n<td width=\"14%\">gramo<\/td>\n<td width=\"40%\">Accesorios de entrega<\/td>\n<\/tr>\n<tr>\n<td width=\"30%\">Cuchara<\/td>\n<td width=\"14%\"><strong>1<\/strong><\/td>\n<td width=\"14%\">pieza<\/td>\n<td width=\"40%\">Accesorios de entrega<\/td>\n<\/tr>\n<tr>\n<td width=\"30%\">Embudo<\/td>\n<td width=\"14%\"><strong>1<\/strong><\/td>\n<td width=\"14%\">pieza<\/td>\n<td width=\"40%\">Accesorios de entrega<\/td>\n<\/tr>\n<tr>\n<td width=\"30%\">Cepillo<\/td>\n<td width=\"14%\"><strong>1<\/strong><\/td>\n<td width=\"14%\">pieza<\/td>\n<td width=\"40%\">Accesorios de entrega<\/td>\n<\/tr>\n<tr>\n<td width=\"30%\">Tubo de entrada de agua<\/td>\n<td width=\"14%\"><strong>1<\/strong><\/td>\n<td width=\"14%\">pieza<\/td>\n<td width=\"40%\">Interfaz de 6 puntos<\/td>\n<\/tr>\n<tr>\n<td width=\"30%\">Tubo de salida de agua<\/td>\n<td width=\"14%\"><strong>1<\/strong><\/td>\n<td width=\"14%\">ra\u00edz<\/td>\n<td width=\"40%\">\u03a632<\/td>\n<\/tr>\n<tr>\n<td width=\"30%\">Documentos t\u00e9cnicos<\/td>\n<td colspan=\"3\" width=\"69%\">1 copia del manual del producto 1 copia del certificado del producto<\/td>\n<\/tr>\n<\/tbody>\n<\/table>","protected":false},"excerpt":{"rendered":"<p>La incrustaci\u00f3n de muestras metalogr\u00e1ficas es un eslab\u00f3n muy importante en el proceso de preparaci\u00f3n de muestras metalogr\u00e1ficas, especialmente para algunas muestras peque\u00f1as que no son f\u00e1ciles de sujetar o muestras con formas irregulares. Despu\u00e9s de la incrustaci\u00f3n, el tama\u00f1o de la muestra se fija y se unifica, lo que es conveniente para la celebraci\u00f3n o posterior esmerilado y pulido autom\u00e1tico (se puede utilizar junto con la m\u00e1quina autom\u00e1tica de esmerilado y pulido de nuestra empresa para obtener mejores resultados). Es especialmente adecuado para muestras que necesitan proteger los bordes o muestras que necesitan ser pulidas autom\u00e1ticamente. La incrustaci\u00f3n de muestras es un proceso indispensable. Es especialmente adecuado para laboratorios metalogr\u00e1ficos en f\u00e1bricas, colegios y universidades e instituciones de investigaci\u00f3n cient\u00edfica. Es la mejor opci\u00f3n para la incrustaci\u00f3n de muestras metalogr\u00e1ficas.<\/p>","protected":false},"featured_media":29067,"comment_status":"open","ping_status":"closed","template":"","meta":[],"product_brand":[],"product_cat":[95,81],"product_tag":[111],"class_list":{"0":"post-29066","1":"product","2":"type-product","3":"status-publish","4":"has-post-thumbnail","6":"product_cat-metallographic-mounting-machine","7":"product_cat-sample-preparation-and-analysis","8":"product_tag-metallographic-mounting-machine","10":"first","11":"instock","12":"shipping-taxable","13":"product-type-simple"},"yoast_head":"<!-- This site is optimized with the Yoast SEO Premium plugin v25.4 (Yoast SEO v27.4) - https:\/\/yoast.com\/product\/yoast-seo-premium-wordpress\/ -->\n<title>Fully automatic metallographic specimen mounting machine (machine pressing)HXQZ-1 - hardnesstests<\/title>\n<meta name=\"robots\" content=\"index, follow, max-snippet:-1, max-image-preview:large, max-video-preview:-1\" \/>\n<link rel=\"canonical\" href=\"https:\/\/hardnesstests.com\/es\/producto\/fully-automatic-metallographic-specimen-mounting-machine-machine-pressinghxqz-1\/\" \/>\n<meta property=\"og:locale\" content=\"es_ES\" \/>\n<meta property=\"og:type\" content=\"article\" \/>\n<meta property=\"og:title\" content=\"Fully automatic metallographic specimen mounting machine (machine pressing)HXQZ-1\" \/>\n<meta property=\"og:description\" content=\"Inlaying of metallographic samples is a very important link in the preparation process of metallographic samples, especially for some small samples that are not easy to hold or samples with irregular shapes. After inlaying, the size of the sample is fixed and unified, which is convenient for holding or subsequent automatic grinding and polishing (it can be used together with our company&#039;s automatic grinding and polishing machine for better results.). It is especially suitable for samples that need to protect the edges or samples that need to be automatically polished. Inlaying of samples is an indispensable process. It is especially suitable for metallographic laboratories in factories, colleges and universities and scientific research institutions. It is the best choice for inlaying metallographic samples.\" \/>\n<meta property=\"og:url\" content=\"https:\/\/hardnesstests.com\/es\/producto\/fully-automatic-metallographic-specimen-mounting-machine-machine-pressinghxqz-1\/\" \/>\n<meta property=\"og:site_name\" content=\"hardnesstests\" \/>\n<meta property=\"article:modified_time\" content=\"2025-11-27T09:13:47+00:00\" \/>\n<meta property=\"og:image\" content=\"https:\/\/hardnesstests.com\/wp-content\/uploads\/2025\/10\/HXQZ-1\u5168\u81ea\u52a8\u9576\u5d4c\u673a.jpg\" \/>\n\t<meta property=\"og:image:width\" content=\"800\" \/>\n\t<meta property=\"og:image:height\" content=\"800\" \/>\n\t<meta property=\"og:image:type\" content=\"image\/jpeg\" \/>\n<meta name=\"twitter:card\" content=\"summary_large_image\" \/>\n<meta name=\"twitter:label1\" content=\"Tiempo de lectura\" \/>\n\t<meta name=\"twitter:data1\" content=\"1 minuto\" \/>\n<script type=\"application\/ld+json\" class=\"yoast-schema-graph\">{\"@context\":\"https:\\\/\\\/schema.org\",\"@graph\":[{\"@type\":\"WebPage\",\"@id\":\"https:\\\/\\\/hardnesstests.com\\\/product\\\/fully-automatic-metallographic-specimen-mounting-machine-machine-pressinghxqz-1\\\/\",\"url\":\"https:\\\/\\\/hardnesstests.com\\\/product\\\/fully-automatic-metallographic-specimen-mounting-machine-machine-pressinghxqz-1\\\/\",\"name\":\"Fully automatic metallographic specimen mounting machine (machine pressing)HXQZ-1 - hardnesstests\",\"isPartOf\":{\"@id\":\"https:\\\/\\\/hardnesstests.com\\\/tr\\\/#website\"},\"primaryImageOfPage\":{\"@id\":\"https:\\\/\\\/hardnesstests.com\\\/product\\\/fully-automatic-metallographic-specimen-mounting-machine-machine-pressinghxqz-1\\\/#primaryimage\"},\"image\":{\"@id\":\"https:\\\/\\\/hardnesstests.com\\\/product\\\/fully-automatic-metallographic-specimen-mounting-machine-machine-pressinghxqz-1\\\/#primaryimage\"},\"thumbnailUrl\":\"https:\\\/\\\/hardnesstests.com\\\/wp-content\\\/uploads\\\/2025\\\/10\\\/HXQZ-1\u5168\u81ea\u52a8\u9576\u5d4c\u673a.jpg\",\"datePublished\":\"2025-10-20T06:29:11+00:00\",\"dateModified\":\"2025-11-27T09:13:47+00:00\",\"breadcrumb\":{\"@id\":\"https:\\\/\\\/hardnesstests.com\\\/product\\\/fully-automatic-metallographic-specimen-mounting-machine-machine-pressinghxqz-1\\\/#breadcrumb\"},\"inLanguage\":\"es\",\"potentialAction\":[{\"@type\":\"ReadAction\",\"target\":[\"https:\\\/\\\/hardnesstests.com\\\/product\\\/fully-automatic-metallographic-specimen-mounting-machine-machine-pressinghxqz-1\\\/\"]}]},{\"@type\":\"ImageObject\",\"inLanguage\":\"es\",\"@id\":\"https:\\\/\\\/hardnesstests.com\\\/product\\\/fully-automatic-metallographic-specimen-mounting-machine-machine-pressinghxqz-1\\\/#primaryimage\",\"url\":\"https:\\\/\\\/hardnesstests.com\\\/wp-content\\\/uploads\\\/2025\\\/10\\\/HXQZ-1\u5168\u81ea\u52a8\u9576\u5d4c\u673a.jpg\",\"contentUrl\":\"https:\\\/\\\/hardnesstests.com\\\/wp-content\\\/uploads\\\/2025\\\/10\\\/HXQZ-1\u5168\u81ea\u52a8\u9576\u5d4c\u673a.jpg\",\"width\":800,\"height\":800,\"caption\":\"Fully automatic metallographic specimen mounting machine (machine pressing)HXQZ-1\"},{\"@type\":\"BreadcrumbList\",\"@id\":\"https:\\\/\\\/hardnesstests.com\\\/product\\\/fully-automatic-metallographic-specimen-mounting-machine-machine-pressinghxqz-1\\\/#breadcrumb\",\"itemListElement\":[{\"@type\":\"ListItem\",\"position\":1,\"name\":\"\u9996\u9875\",\"item\":\"https:\\\/\\\/hardnesstests.com\\\/\"},{\"@type\":\"ListItem\",\"position\":2,\"name\":\"products\",\"item\":\"https:\\\/\\\/hardnesstests.com\\\/products\\\/\"},{\"@type\":\"ListItem\",\"position\":3,\"name\":\"Fully automatic metallographic specimen mounting machine (machine pressing)HXQZ-1\"}]},{\"@type\":\"WebSite\",\"@id\":\"https:\\\/\\\/hardnesstests.com\\\/tr\\\/#website\",\"url\":\"https:\\\/\\\/hardnesstests.com\\\/tr\\\/\",\"name\":\"hardnesstests\",\"description\":\"\",\"publisher\":{\"@id\":\"https:\\\/\\\/hardnesstests.com\\\/tr\\\/#organization\"},\"potentialAction\":[{\"@type\":\"SearchAction\",\"target\":{\"@type\":\"EntryPoint\",\"urlTemplate\":\"https:\\\/\\\/hardnesstests.com\\\/tr\\\/?s={search_term_string}\"},\"query-input\":{\"@type\":\"PropertyValueSpecification\",\"valueRequired\":true,\"valueName\":\"search_term_string\"}}],\"inLanguage\":\"es\"},{\"@type\":\"Organization\",\"@id\":\"https:\\\/\\\/hardnesstests.com\\\/tr\\\/#organization\",\"name\":\"hardnesstests\",\"url\":\"https:\\\/\\\/hardnesstests.com\\\/tr\\\/\",\"logo\":{\"@type\":\"ImageObject\",\"inLanguage\":\"es\",\"@id\":\"https:\\\/\\\/hardnesstests.com\\\/tr\\\/#\\\/schema\\\/logo\\\/image\\\/\",\"url\":\"https:\\\/\\\/hardnesstests.com\\\/wp-content\\\/uploads\\\/2021\\\/08\\\/\u5fae\u4fe1\u56fe\u7247_20251029102004_335_1287.png\",\"contentUrl\":\"https:\\\/\\\/hardnesstests.com\\\/wp-content\\\/uploads\\\/2021\\\/08\\\/\u5fae\u4fe1\u56fe\u7247_20251029102004_335_1287.png\",\"width\":1308,\"height\":467,\"caption\":\"hardnesstests\"},\"image\":{\"@id\":\"https:\\\/\\\/hardnesstests.com\\\/tr\\\/#\\\/schema\\\/logo\\\/image\\\/\"}}]}<\/script>\n<!-- \/ Yoast SEO Premium plugin. -->","yoast_head_json":{"title":"Fully automatic metallographic specimen mounting machine (machine pressing)HXQZ-1 - hardnesstests","robots":{"index":"index","follow":"follow","max-snippet":"max-snippet:-1","max-image-preview":"max-image-preview:large","max-video-preview":"max-video-preview:-1"},"canonical":"https:\/\/hardnesstests.com\/es\/producto\/fully-automatic-metallographic-specimen-mounting-machine-machine-pressinghxqz-1\/","og_locale":"es_ES","og_type":"article","og_title":"Fully automatic metallographic specimen mounting machine (machine pressing)HXQZ-1","og_description":"Inlaying of metallographic samples is a very important link in the preparation process of metallographic samples, especially for some small samples that are not easy to hold or samples with irregular shapes. After inlaying, the size of the sample is fixed and unified, which is convenient for holding or subsequent automatic grinding and polishing (it can be used together with our company's automatic grinding and polishing machine for better results.). It is especially suitable for samples that need to protect the edges or samples that need to be automatically polished. Inlaying of samples is an indispensable process. It is especially suitable for metallographic laboratories in factories, colleges and universities and scientific research institutions. It is the best choice for inlaying metallographic samples.","og_url":"https:\/\/hardnesstests.com\/es\/producto\/fully-automatic-metallographic-specimen-mounting-machine-machine-pressinghxqz-1\/","og_site_name":"hardnesstests","article_modified_time":"2025-11-27T09:13:47+00:00","og_image":[{"width":800,"height":800,"url":"https:\/\/hardnesstests.com\/wp-content\/uploads\/2025\/10\/HXQZ-1\u5168\u81ea\u52a8\u9576\u5d4c\u673a.jpg","type":"image\/jpeg"}],"twitter_card":"summary_large_image","twitter_misc":{"Tiempo de lectura":"1 minuto"},"schema":{"@context":"https:\/\/schema.org","@graph":[{"@type":"WebPage","@id":"https:\/\/hardnesstests.com\/product\/fully-automatic-metallographic-specimen-mounting-machine-machine-pressinghxqz-1\/","url":"https:\/\/hardnesstests.com\/product\/fully-automatic-metallographic-specimen-mounting-machine-machine-pressinghxqz-1\/","name":"Fully automatic metallographic specimen mounting machine (machine pressing)HXQZ-1 - hardnesstests","isPartOf":{"@id":"https:\/\/hardnesstests.com\/tr\/#website"},"primaryImageOfPage":{"@id":"https:\/\/hardnesstests.com\/product\/fully-automatic-metallographic-specimen-mounting-machine-machine-pressinghxqz-1\/#primaryimage"},"image":{"@id":"https:\/\/hardnesstests.com\/product\/fully-automatic-metallographic-specimen-mounting-machine-machine-pressinghxqz-1\/#primaryimage"},"thumbnailUrl":"https:\/\/hardnesstests.com\/wp-content\/uploads\/2025\/10\/HXQZ-1\u5168\u81ea\u52a8\u9576\u5d4c\u673a.jpg","datePublished":"2025-10-20T06:29:11+00:00","dateModified":"2025-11-27T09:13:47+00:00","breadcrumb":{"@id":"https:\/\/hardnesstests.com\/product\/fully-automatic-metallographic-specimen-mounting-machine-machine-pressinghxqz-1\/#breadcrumb"},"inLanguage":"es","potentialAction":[{"@type":"ReadAction","target":["https:\/\/hardnesstests.com\/product\/fully-automatic-metallographic-specimen-mounting-machine-machine-pressinghxqz-1\/"]}]},{"@type":"ImageObject","inLanguage":"es","@id":"https:\/\/hardnesstests.com\/product\/fully-automatic-metallographic-specimen-mounting-machine-machine-pressinghxqz-1\/#primaryimage","url":"https:\/\/hardnesstests.com\/wp-content\/uploads\/2025\/10\/HXQZ-1\u5168\u81ea\u52a8\u9576\u5d4c\u673a.jpg","contentUrl":"https:\/\/hardnesstests.com\/wp-content\/uploads\/2025\/10\/HXQZ-1\u5168\u81ea\u52a8\u9576\u5d4c\u673a.jpg","width":800,"height":800,"caption":"Fully automatic metallographic specimen mounting machine (machine pressing)HXQZ-1"},{"@type":"BreadcrumbList","@id":"https:\/\/hardnesstests.com\/product\/fully-automatic-metallographic-specimen-mounting-machine-machine-pressinghxqz-1\/#breadcrumb","itemListElement":[{"@type":"ListItem","position":1,"name":"\u9996\u9875","item":"https:\/\/hardnesstests.com\/"},{"@type":"ListItem","position":2,"name":"products","item":"https:\/\/hardnesstests.com\/products\/"},{"@type":"ListItem","position":3,"name":"Fully automatic metallographic specimen mounting machine (machine pressing)HXQZ-1"}]},{"@type":"WebSite","@id":"https:\/\/hardnesstests.com\/tr\/#website","url":"https:\/\/hardnesstests.com\/tr\/","name":"hardnesstests","description":"","publisher":{"@id":"https:\/\/hardnesstests.com\/tr\/#organization"},"potentialAction":[{"@type":"SearchAction","target":{"@type":"EntryPoint","urlTemplate":"https:\/\/hardnesstests.com\/tr\/?s={search_term_string}"},"query-input":{"@type":"PropertyValueSpecification","valueRequired":true,"valueName":"search_term_string"}}],"inLanguage":"es"},{"@type":"Organization","@id":"https:\/\/hardnesstests.com\/tr\/#organization","name":"hardnesstests","url":"https:\/\/hardnesstests.com\/tr\/","logo":{"@type":"ImageObject","inLanguage":"es","@id":"https:\/\/hardnesstests.com\/tr\/#\/schema\/logo\/image\/","url":"https:\/\/hardnesstests.com\/wp-content\/uploads\/2021\/08\/\u5fae\u4fe1\u56fe\u7247_20251029102004_335_1287.png","contentUrl":"https:\/\/hardnesstests.com\/wp-content\/uploads\/2021\/08\/\u5fae\u4fe1\u56fe\u7247_20251029102004_335_1287.png","width":1308,"height":467,"caption":"hardnesstests"},"image":{"@id":"https:\/\/hardnesstests.com\/tr\/#\/schema\/logo\/image\/"}}]}},"_links":{"self":[{"href":"https:\/\/hardnesstests.com\/es\/wp-json\/wp\/v2\/product\/29066","targetHints":{"allow":["GET"]}}],"collection":[{"href":"https:\/\/hardnesstests.com\/es\/wp-json\/wp\/v2\/product"}],"about":[{"href":"https:\/\/hardnesstests.com\/es\/wp-json\/wp\/v2\/types\/product"}],"replies":[{"embeddable":true,"href":"https:\/\/hardnesstests.com\/es\/wp-json\/wp\/v2\/comments?post=29066"}],"version-history":[{"count":3,"href":"https:\/\/hardnesstests.com\/es\/wp-json\/wp\/v2\/product\/29066\/revisions"}],"predecessor-version":[{"id":29847,"href":"https:\/\/hardnesstests.com\/es\/wp-json\/wp\/v2\/product\/29066\/revisions\/29847"}],"wp:featuredmedia":[{"embeddable":true,"href":"https:\/\/hardnesstests.com\/es\/wp-json\/wp\/v2\/media\/29067"}],"wp:attachment":[{"href":"https:\/\/hardnesstests.com\/es\/wp-json\/wp\/v2\/media?parent=29066"}],"wp:term":[{"taxonomy":"product_brand","embeddable":true,"href":"https:\/\/hardnesstests.com\/es\/wp-json\/wp\/v2\/product_brand?post=29066"},{"taxonomy":"product_cat","embeddable":true,"href":"https:\/\/hardnesstests.com\/es\/wp-json\/wp\/v2\/product_cat?post=29066"},{"taxonomy":"product_tag","embeddable":true,"href":"https:\/\/hardnesstests.com\/es\/wp-json\/wp\/v2\/product_tag?post=29066"}],"curies":[{"name":"wp","href":"https:\/\/api.w.org\/{rel}","templated":true}]}}