{"id":4400,"date":"2021-10-12T15:51:09","date_gmt":"2021-10-12T15:51:09","guid":{"rendered":"http:\/\/dummy.xtemos.com\/woodmart2\/elementor\/?page_id=4400"},"modified":"2026-03-04T02:27:39","modified_gmt":"2026-03-04T02:27:39","slug":"about-us","status":"publish","type":"page","link":"https:\/\/hardnesstests.com\/es\/about-us\/","title":{"rendered":"Qui\u00e9nes somos"},"content":{"rendered":"<p><img loading=\"lazy\" decoding=\"async\" src=\"https:\/\/hardnesstests.com\/wp-content\/uploads\/2025\/10\/f1503619f3cf0c5d529614ea81691c3f.jpg\" sizes=\"auto, (max-width: 453px) 100vw, 453px\" srcset=\"https:\/\/hardnesstests.com\/wp-content\/uploads\/2025\/10\/f1503619f3cf0c5d529614ea81691c3f.jpg 453w, https:\/\/hardnesstests.com\/wp-content\/uploads\/2025\/10\/f1503619f3cf0c5d529614ea81691c3f-430x361.jpg 430w, https:\/\/hardnesstests.com\/wp-content\/uploads\/2025\/10\/f1503619f3cf0c5d529614ea81691c3f-150x126.jpg 150w, https:\/\/hardnesstests.com\/wp-content\/uploads\/2025\/10\/f1503619f3cf0c5d529614ea81691c3f-358x300.jpg 358w\" alt=\"\" width=\"453\" height=\"380\" \/><br \/><img loading=\"lazy\" decoding=\"async\" src=\"https:\/\/hardnesstests.com\/wp-content\/uploads\/2025\/10\/f7efa8c3fc0982c76f99894b5fdd0675.jpg\" sizes=\"auto, (max-width: 453px) 100vw, 453px\" srcset=\"https:\/\/hardnesstests.com\/wp-content\/uploads\/2025\/10\/f7efa8c3fc0982c76f99894b5fdd0675.jpg 453w, https:\/\/hardnesstests.com\/wp-content\/uploads\/2025\/10\/f7efa8c3fc0982c76f99894b5fdd0675-430x361.jpg 430w, https:\/\/hardnesstests.com\/wp-content\/uploads\/2025\/10\/f7efa8c3fc0982c76f99894b5fdd0675-150x126.jpg 150w, https:\/\/hardnesstests.com\/wp-content\/uploads\/2025\/10\/f7efa8c3fc0982c76f99894b5fdd0675-358x300.jpg 358w\" alt=\"\" width=\"453\" height=\"380\" \/><\/p>\n<h4>About Us<\/h4>\n<p>More than 14 years ago, the founder of Juhui Instrument began exploring the field of hardness testing equipment with the dream of &#8220;making the world recognize Chinese manufacturing&#8221;. At that time, most high-end hardness testers in China relied on imports, with high prices and numerous technical barriers. The founding team deeply understands that only by adhering to independent research and continuous innovation can we break through limitations. So, a group of engineers worked day and night to study, building experimental platforms from scratch, repeatedly overturning plans and improving processes, and finally developed a hardness tester with international competitiveness.<\/p>\n<p>Durante muchos a\u00f1os, Juhui Instrument siempre se ha adherido al principio de \u201cla calidad es lo primero\u201d, no s\u00f3lo persiguiendo la excelencia en el rendimiento del producto, sino tambi\u00e9n centr\u00e1ndose en la experiencia del cliente y la garant\u00eda de servicio. Nuestro crecimiento es inseparable de la confianza y la cooperaci\u00f3n de innumerables clientes, as\u00ed como de la b\u00fasqueda persistente del progreso tecnol\u00f3gico y la modernizaci\u00f3n industrial.<\/p>\n<p>En la actualidad, Juhui Instrument ha pasado de ser un peque\u00f1o equipo de I+D a convertirse en un conocido proveedor de equipos de ensayo de dureza tanto a nivel nacional como internacional. De cara al futuro, seguiremos impulsando el desarrollo con innovaci\u00f3n, aportando soluciones de ensayo m\u00e1s inteligentes y automatizadas a clientes de todo el mundo, y comprometidos a convertirnos en un socio de confianza a largo plazo en el campo del ensayo de materiales.<\/p>\n<p><img loading=\"lazy\" decoding=\"async\" src=\"https:\/\/hardnesstests.com\/wp-content\/uploads\/2025\/10\/f1503619f3cf0c5d529614ea81691c3f-150x150.jpg\" alt=\"\" width=\"150\" height=\"150\" \/><\/p>\n<h4>2012-2014<\/h4>\n<p class=\"ds-markdown-paragraph\">2012: Began independent research, development, and production of the full series of human resource plans.<\/p>\n<p class=\"ds-markdown-paragraph\">2013: Officially entered the market under the &#8220;Juhui&#8221; brand, marking the beginning of brand development.<\/p>\n<p class=\"ds-markdown-paragraph\">2014: Shanghai Juhui Instrument Manufacturing Co., Ltd. was formally established, entering a phase of standardized operations.<\/p>\n<h4>Etapa fundacional<\/h4>\n<p><img loading=\"lazy\" decoding=\"async\" src=\"https:\/\/hardnesstests.com\/wp-content\/uploads\/2025\/10\/f7efa8c3fc0982c76f99894b5fdd0675-150x150.jpg\" alt=\"\" width=\"150\" height=\"150\" \/><\/p>\n<h4>2015-2017<\/h4>\n<p data-start=\"628\" data-end=\"777\"><strong data-start=\"628\" data-end=\"637\">2015:<\/strong> Obtenido <strong data-start=\"647\" data-end=\"687\">derechos de importaci\u00f3n y exportaci\u00f3n independientes<\/strong>, La empresa se expandi\u00f3 a los mercados mundiales y lanz\u00f3 una l\u00ednea completa de productos metalogr\u00e1ficos.<\/p>\n<p data-start=\"780\" data-end=\"900\"><strong data-start=\"780\" data-end=\"789\">2016:<\/strong> Construy\u00f3 y puso en funcionamiento un <strong data-start=\"815\" data-end=\"857\">nueva planta de fabricaci\u00f3n en Hangzhou<\/strong>, aumentando considerablemente la capacidad de producci\u00f3n.<\/p>\n<p data-start=\"903\" data-end=\"1023\"><strong data-start=\"903\" data-end=\"912\">2017:<\/strong> Conseguido <strong data-start=\"922\" data-end=\"979\">Certificaci\u00f3n del sistema de gesti\u00f3n de la calidad ISO 9001:2015<\/strong> y estableci\u00f3 el <strong data-start=\"1000\" data-end=\"1020\">Oficina de Chongqing<\/strong>.<\/p>\n<h4>Expansi\u00f3n y crecimiento<\/h4>\n<p><img loading=\"lazy\" decoding=\"async\" src=\"https:\/\/hardnesstests.com\/wp-content\/uploads\/2025\/10\/b25eb1665e05c3c224dab99e4e1253e1-150x150.jpg\" alt=\"\" width=\"150\" height=\"150\" \/><\/p>\n<h4>2018-2020<\/h4>\n<p data-start=\"1096\" data-end=\"1224\"><strong data-start=\"1096\" data-end=\"1105\">2018:<\/strong> Tras m\u00faltiples actualizaciones de los productos y rigurosas pruebas, el rendimiento de los equipos alcanz\u00f3 <strong data-start=\"1194\" data-end=\"1221\">niveles l\u00edderes del sector<\/strong>.<\/p>\n<p data-start=\"1227\" data-end=\"1373\"><strong data-start=\"1227\" data-end=\"1236\">2019:<\/strong> Creaci\u00f3n de la filial <strong data-start=\"1264\" data-end=\"1286\">\u201cInstrumentos del sitio\u201d<\/strong> y obtuvo <strong data-start=\"1300\" data-end=\"1320\">Certificaci\u00f3n CE<\/strong>, Garantizar el cumplimiento de las normas internacionales.<\/p>\n<p data-start=\"1376\" data-end=\"1512\"><strong data-start=\"1376\" data-end=\"1385\">2020:<\/strong> Configure el <strong data-start=\"1397\" data-end=\"1414\">Oficina de Suzhou<\/strong>, y obtuvo m\u00e1s de diez <strong data-start=\"1443\" data-end=\"1509\">patentes de modelos de utilidad, patentes de dise\u00f1o y derechos de autor de programas inform\u00e1ticos<\/strong>.<\/p>\n<h4>Actualizaciones tecnol\u00f3gicas y mejora de la marca<\/h4>\n<p><img loading=\"lazy\" decoding=\"async\" src=\"https:\/\/hardnesstests.com\/wp-content\/uploads\/2025\/10\/f7efa8c3fc0982c76f99894b5fdd0675-150x150.jpg\" alt=\"\" width=\"150\" height=\"150\" \/><\/p>\n<h4>2021-2023<\/h4>\n<p data-start=\"1580\" data-end=\"1736\"><strong data-start=\"1580\" data-end=\"1589\">2021:<\/strong> Se convirti\u00f3 en <strong data-start=\"1600\" data-end=\"1639\">Pr\u00e1ctica industrial y base de formaci\u00f3n<\/strong> para la <strong data-start=\"1648\" data-end=\"1733\">Departamento de Ciencia e Ingenier\u00eda de Instrumentos de la Universidad Jiao Tong de Shanghai<\/strong>.<\/p>\n<p data-start=\"1739\" data-end=\"1933\"><strong data-start=\"1739\" data-end=\"1748\">2022:<\/strong> Certificado como <strong data-start=\"1764\" data-end=\"1818\">Peque\u00f1a y mediana empresa de base tecnol\u00f3gica<\/strong>, y entr\u00f3 en <strong data-start=\"1834\" data-end=\"1930\">Asociaci\u00f3n estrat\u00e9gica con el Instituto de Investigaci\u00f3n Tecnol\u00f3gica de Ensayos Aeroespaciales de Leishan (Pek\u00edn).<\/strong>.<\/p>\n<p data-start=\"1936\" data-end=\"2046\"><strong data-start=\"1936\" data-end=\"1945\">2023:<\/strong> Distinguido como <strong data-start=\"1959\" data-end=\"1992\">Empresa nacional de alta tecnolog\u00eda<\/strong> y se le concedi\u00f3 el t\u00edtulo de <strong data-start=\"2018\" data-end=\"2043\">Empresa de cr\u00e9dito AAA<\/strong>.<\/p>\n<h4>Innovaci\u00f3n y cooperaci\u00f3n estrat\u00e9gica<\/h4>\n<p><img loading=\"lazy\" decoding=\"async\" src=\"https:\/\/hardnesstests.com\/wp-content\/uploads\/2025\/10\/b25eb1665e05c3c224dab99e4e1253e1-150x150.jpg\" alt=\"\" width=\"150\" height=\"150\" \/><\/p>\n<h4>2024\u20132026<\/h4>\n<p><strong data-start=\"2091\" data-end=\"2100\">2024:<\/strong> En <strong data-start=\"2105\" data-end=\"2139\">nueva base de producci\u00f3n en Wenzhou<\/strong> que ampl\u00eda a\u00fan m\u00e1s la capacidad de producci\u00f3n para satisfacer la creciente demanda del mercado.<\/p>\n<p class=\"ds-markdown-paragraph\"><strong>2025<\/strong>: Deepened the &#8220;Quality First&#8221; strategy, leveraging the advanced manufacturing capabilities of the new Wenzhou base to comprehensively optimize the supply chain management system, achieving a dual leap in production efficiency and product quality.<\/p>\n<p class=\"ds-markdown-paragraph\"><strong>2026<\/strong>: While consolidating the domestic market, accelerating the expansion of overseas service networks, committed to promoting reliable &#8220;Made in China&#8221; testing solutions to a broader international stage and co-creating value with global users.<\/p>\n<p class=\"ds-markdown-paragraph\">With technical strength as our foundation and customer needs as our guide, we are dedicated to providing global users with reliable and innovative testing instrument solutions. Reflecting on our growth journey, we have consistently adhered to the development philosophy of &#8220;Quality First, Innovation and Collaboration, Global Presence.&#8221; Through continuous technological innovation and capacity upgrades, we persistently create value for the industry and our customers.<\/p>\n\n\n<p><\/p>","protected":false},"excerpt":{"rendered":"<p>About Us More than 14 years ago, the founder of Juhui Instrument began exploring the field of hardness testing equipment<\/p>","protected":false},"author":1,"featured_media":0,"parent":0,"menu_order":0,"comment_status":"closed","ping_status":"closed","template":"","meta":{"footnotes":""},"class_list":["post-4400","page","type-page","status-publish","hentry"],"yoast_head":"<!-- This site is optimized with the Yoast SEO Premium plugin v25.4 (Yoast SEO v27.4) - https:\/\/yoast.com\/product\/yoast-seo-premium-wordpress\/ -->\n<title>About us - hardnesstests<\/title>\n<meta name=\"description\" content=\"Learn about HardnessTests.com, a trusted provider of hardness testing equipment and metallography instruments. Expertise, quality, and reliable solutions.\" \/>\n<meta name=\"robots\" content=\"index, follow, max-snippet:-1, max-image-preview:large, max-video-preview:-1\" \/>\n<link rel=\"canonical\" href=\"https:\/\/hardnesstests.com\/es\/about-us\/\" \/>\n<meta property=\"og:locale\" content=\"es_ES\" \/>\n<meta property=\"og:type\" content=\"article\" \/>\n<meta property=\"og:title\" content=\"About us\" \/>\n<meta property=\"og:description\" content=\"Learn about HardnessTests.com, a trusted provider of hardness testing equipment and metallography instruments. Expertise, quality, and reliable solutions.\" \/>\n<meta property=\"og:url\" content=\"https:\/\/hardnesstests.com\/es\/about-us\/\" \/>\n<meta property=\"og:site_name\" content=\"hardnesstests\" \/>\n<meta property=\"article:modified_time\" content=\"2026-03-04T02:27:39+00:00\" \/>\n<meta property=\"og:image\" content=\"https:\/\/hardnesstests.com\/wp-content\/uploads\/2025\/10\/f1503619f3cf0c5d529614ea81691c3f.jpg\" \/>\n<meta name=\"twitter:card\" content=\"summary_large_image\" \/>\n<meta name=\"twitter:label1\" content=\"Tiempo de lectura\" \/>\n\t<meta name=\"twitter:data1\" content=\"5 minutos\" \/>\n<script type=\"application\/ld+json\" class=\"yoast-schema-graph\">{\"@context\":\"https:\\\/\\\/schema.org\",\"@graph\":[{\"@type\":\"WebPage\",\"@id\":\"https:\\\/\\\/hardnesstests.com\\\/about-us\\\/\",\"url\":\"https:\\\/\\\/hardnesstests.com\\\/about-us\\\/\",\"name\":\"About us - hardnesstests\",\"isPartOf\":{\"@id\":\"https:\\\/\\\/hardnesstests.com\\\/tr\\\/#website\"},\"primaryImageOfPage\":{\"@id\":\"https:\\\/\\\/hardnesstests.com\\\/about-us\\\/#primaryimage\"},\"image\":{\"@id\":\"https:\\\/\\\/hardnesstests.com\\\/about-us\\\/#primaryimage\"},\"thumbnailUrl\":\"https:\\\/\\\/hardnesstests.com\\\/wp-content\\\/uploads\\\/2025\\\/10\\\/f1503619f3cf0c5d529614ea81691c3f.jpg\",\"datePublished\":\"2021-10-12T15:51:09+00:00\",\"dateModified\":\"2026-03-04T02:27:39+00:00\",\"description\":\"Learn about HardnessTests.com, a trusted provider of hardness testing equipment and metallography instruments. Expertise, quality, and reliable solutions.\",\"breadcrumb\":{\"@id\":\"https:\\\/\\\/hardnesstests.com\\\/about-us\\\/#breadcrumb\"},\"inLanguage\":\"es\",\"potentialAction\":[{\"@type\":\"ReadAction\",\"target\":[\"https:\\\/\\\/hardnesstests.com\\\/about-us\\\/\"]}]},{\"@type\":\"ImageObject\",\"inLanguage\":\"es\",\"@id\":\"https:\\\/\\\/hardnesstests.com\\\/about-us\\\/#primaryimage\",\"url\":\"https:\\\/\\\/hardnesstests.com\\\/wp-content\\\/uploads\\\/2025\\\/10\\\/f1503619f3cf0c5d529614ea81691c3f.jpg\",\"contentUrl\":\"https:\\\/\\\/hardnesstests.com\\\/wp-content\\\/uploads\\\/2025\\\/10\\\/f1503619f3cf0c5d529614ea81691c3f.jpg\"},{\"@type\":\"BreadcrumbList\",\"@id\":\"https:\\\/\\\/hardnesstests.com\\\/about-us\\\/#breadcrumb\",\"itemListElement\":[{\"@type\":\"ListItem\",\"position\":1,\"name\":\"\u9996\u9875\",\"item\":\"https:\\\/\\\/hardnesstests.com\\\/\"},{\"@type\":\"ListItem\",\"position\":2,\"name\":\"About us\"}]},{\"@type\":\"WebSite\",\"@id\":\"https:\\\/\\\/hardnesstests.com\\\/tr\\\/#website\",\"url\":\"https:\\\/\\\/hardnesstests.com\\\/tr\\\/\",\"name\":\"hardnesstests\",\"description\":\"\",\"publisher\":{\"@id\":\"https:\\\/\\\/hardnesstests.com\\\/tr\\\/#organization\"},\"potentialAction\":[{\"@type\":\"SearchAction\",\"target\":{\"@type\":\"EntryPoint\",\"urlTemplate\":\"https:\\\/\\\/hardnesstests.com\\\/tr\\\/?s={search_term_string}\"},\"query-input\":{\"@type\":\"PropertyValueSpecification\",\"valueRequired\":true,\"valueName\":\"search_term_string\"}}],\"inLanguage\":\"es\"},{\"@type\":\"Organization\",\"@id\":\"https:\\\/\\\/hardnesstests.com\\\/tr\\\/#organization\",\"name\":\"hardnesstests\",\"url\":\"https:\\\/\\\/hardnesstests.com\\\/tr\\\/\",\"logo\":{\"@type\":\"ImageObject\",\"inLanguage\":\"es\",\"@id\":\"https:\\\/\\\/hardnesstests.com\\\/tr\\\/#\\\/schema\\\/logo\\\/image\\\/\",\"url\":\"https:\\\/\\\/hardnesstests.com\\\/wp-content\\\/uploads\\\/2021\\\/08\\\/\u5fae\u4fe1\u56fe\u7247_20251029102004_335_1287.png\",\"contentUrl\":\"https:\\\/\\\/hardnesstests.com\\\/wp-content\\\/uploads\\\/2021\\\/08\\\/\u5fae\u4fe1\u56fe\u7247_20251029102004_335_1287.png\",\"width\":1308,\"height\":467,\"caption\":\"hardnesstests\"},\"image\":{\"@id\":\"https:\\\/\\\/hardnesstests.com\\\/tr\\\/#\\\/schema\\\/logo\\\/image\\\/\"}}]}<\/script>\n<!-- \/ Yoast SEO Premium plugin. -->","yoast_head_json":{"title":"About us - hardnesstests","description":"Learn about HardnessTests.com, a trusted provider of hardness testing equipment and metallography instruments. Expertise, quality, and reliable solutions.","robots":{"index":"index","follow":"follow","max-snippet":"max-snippet:-1","max-image-preview":"max-image-preview:large","max-video-preview":"max-video-preview:-1"},"canonical":"https:\/\/hardnesstests.com\/es\/about-us\/","og_locale":"es_ES","og_type":"article","og_title":"About us","og_description":"Learn about HardnessTests.com, a trusted provider of hardness testing equipment and metallography instruments. Expertise, quality, and reliable solutions.","og_url":"https:\/\/hardnesstests.com\/es\/about-us\/","og_site_name":"hardnesstests","article_modified_time":"2026-03-04T02:27:39+00:00","og_image":[{"url":"https:\/\/hardnesstests.com\/wp-content\/uploads\/2025\/10\/f1503619f3cf0c5d529614ea81691c3f.jpg","type":"","width":"","height":""}],"twitter_card":"summary_large_image","twitter_misc":{"Tiempo de lectura":"5 minutos"},"schema":{"@context":"https:\/\/schema.org","@graph":[{"@type":"WebPage","@id":"https:\/\/hardnesstests.com\/about-us\/","url":"https:\/\/hardnesstests.com\/about-us\/","name":"About us - hardnesstests","isPartOf":{"@id":"https:\/\/hardnesstests.com\/tr\/#website"},"primaryImageOfPage":{"@id":"https:\/\/hardnesstests.com\/about-us\/#primaryimage"},"image":{"@id":"https:\/\/hardnesstests.com\/about-us\/#primaryimage"},"thumbnailUrl":"https:\/\/hardnesstests.com\/wp-content\/uploads\/2025\/10\/f1503619f3cf0c5d529614ea81691c3f.jpg","datePublished":"2021-10-12T15:51:09+00:00","dateModified":"2026-03-04T02:27:39+00:00","description":"Learn about HardnessTests.com, a trusted provider of hardness testing equipment and metallography instruments. Expertise, quality, and reliable solutions.","breadcrumb":{"@id":"https:\/\/hardnesstests.com\/about-us\/#breadcrumb"},"inLanguage":"es","potentialAction":[{"@type":"ReadAction","target":["https:\/\/hardnesstests.com\/about-us\/"]}]},{"@type":"ImageObject","inLanguage":"es","@id":"https:\/\/hardnesstests.com\/about-us\/#primaryimage","url":"https:\/\/hardnesstests.com\/wp-content\/uploads\/2025\/10\/f1503619f3cf0c5d529614ea81691c3f.jpg","contentUrl":"https:\/\/hardnesstests.com\/wp-content\/uploads\/2025\/10\/f1503619f3cf0c5d529614ea81691c3f.jpg"},{"@type":"BreadcrumbList","@id":"https:\/\/hardnesstests.com\/about-us\/#breadcrumb","itemListElement":[{"@type":"ListItem","position":1,"name":"\u9996\u9875","item":"https:\/\/hardnesstests.com\/"},{"@type":"ListItem","position":2,"name":"About us"}]},{"@type":"WebSite","@id":"https:\/\/hardnesstests.com\/tr\/#website","url":"https:\/\/hardnesstests.com\/tr\/","name":"hardnesstests","description":"","publisher":{"@id":"https:\/\/hardnesstests.com\/tr\/#organization"},"potentialAction":[{"@type":"SearchAction","target":{"@type":"EntryPoint","urlTemplate":"https:\/\/hardnesstests.com\/tr\/?s={search_term_string}"},"query-input":{"@type":"PropertyValueSpecification","valueRequired":true,"valueName":"search_term_string"}}],"inLanguage":"es"},{"@type":"Organization","@id":"https:\/\/hardnesstests.com\/tr\/#organization","name":"hardnesstests","url":"https:\/\/hardnesstests.com\/tr\/","logo":{"@type":"ImageObject","inLanguage":"es","@id":"https:\/\/hardnesstests.com\/tr\/#\/schema\/logo\/image\/","url":"https:\/\/hardnesstests.com\/wp-content\/uploads\/2021\/08\/\u5fae\u4fe1\u56fe\u7247_20251029102004_335_1287.png","contentUrl":"https:\/\/hardnesstests.com\/wp-content\/uploads\/2021\/08\/\u5fae\u4fe1\u56fe\u7247_20251029102004_335_1287.png","width":1308,"height":467,"caption":"hardnesstests"},"image":{"@id":"https:\/\/hardnesstests.com\/tr\/#\/schema\/logo\/image\/"}}]}},"_hostinger_reach_plugin_has_subscription_block":false,"_hostinger_reach_plugin_is_elementor":false,"_links":{"self":[{"href":"https:\/\/hardnesstests.com\/es\/wp-json\/wp\/v2\/pages\/4400","targetHints":{"allow":["GET"]}}],"collection":[{"href":"https:\/\/hardnesstests.com\/es\/wp-json\/wp\/v2\/pages"}],"about":[{"href":"https:\/\/hardnesstests.com\/es\/wp-json\/wp\/v2\/types\/page"}],"author":[{"embeddable":true,"href":"https:\/\/hardnesstests.com\/es\/wp-json\/wp\/v2\/users\/1"}],"replies":[{"embeddable":true,"href":"https:\/\/hardnesstests.com\/es\/wp-json\/wp\/v2\/comments?post=4400"}],"version-history":[{"count":16,"href":"https:\/\/hardnesstests.com\/es\/wp-json\/wp\/v2\/pages\/4400\/revisions"}],"predecessor-version":[{"id":30516,"href":"https:\/\/hardnesstests.com\/es\/wp-json\/wp\/v2\/pages\/4400\/revisions\/30516"}],"wp:attachment":[{"href":"https:\/\/hardnesstests.com\/es\/wp-json\/wp\/v2\/media?parent=4400"}],"curies":[{"name":"wp","href":"https:\/\/api.w.org\/{rel}","templated":true}]}}