{"id":29984,"date":"2025-11-28T03:29:35","date_gmt":"2025-11-28T03:29:35","guid":{"rendered":"https:\/\/hardnesstests.com\/?post_type=product&#038;p=29984"},"modified":"2025-11-28T03:29:35","modified_gmt":"2025-11-28T03:29:35","slug":"hvt-5vickers-hardness-tester","status":"publish","type":"product","link":"https:\/\/hardnesstests.com\/de_de_formal\/produkt\/hvt-5vickers-hardness-tester\/","title":{"rendered":"(HVT-5)Vickers-H\u00e4rtepr\u00fcfer"},"content":{"rendered":"<h1 style=\"font-weight: 400;\"><strong>Die wichtigsten Funktionen und Merkmale:<\/strong><\/h1>\n<ol>\n<li style=\"font-weight: 400;\">Das von erfahrenen Optik-Ingenieuren entwickelte optische System liefert nicht nur klare Bilder, sondern kann auch als einfaches Mikroskop mit einstellbarer Helligkeit und komfortabler Sicht verwendet werden, das auch nach l\u00e4ngerem Betrieb nicht leicht erm\u00fcdet;<\/li>\n<li style=\"font-weight: 400;\">Der 7-Zoll-Touchscreen kann die Pr\u00fcfmethode, die Pr\u00fcfkraft, die obere und untere Grenze des H\u00e4rtewerts, die gemessene Eindrucksl\u00e4nge, den H\u00e4rtewert, die Pr\u00fcfkraftaufbewahrungszeit und die Messzeiten anzeigen und kann Jahr, Monat, Datum, Pr\u00fcfergebnisse und Datenverarbeitung eingeben Warten;<\/li>\n<li style=\"font-weight: 400;\">Das System verf\u00fcgt \u00fcber eine Kalibrierungsfunktion, und jede Pr\u00fcfkraft kann manuell eingestellt werden, um das Instrument zur Fehlerkalibrierung einzugeben;<\/li>\n<li style=\"font-weight: 400;\">Der einstellbare Bereich der Helligkeit des optischen Systems: 0-100;<\/li>\n<li style=\"font-weight: 400;\">Es kann bis zu 100 S\u00e4tze von Testdaten speichern und zeigt den Durchschnittswert und die Testzeiten auf der Hauptschnittstelle an;<\/li>\n<li style=\"font-weight: 400;\">Die Einheit der Pr\u00fcfkraft kann manuell f\u00fcr die gegenseitige Umrechnung ausgew\u00e4hlt werden. Die Umrechnungseinheit ist: (Kgf, N)<\/li>\n<li style=\"font-weight: 400;\">Die Hauptschnittstelle kann 4 Umrechnungsskalen gleichzeitig anzeigen und zwischen nationalen Standards, amerikanischen Standards und internationalen Standards umschalten. Insgesamt k\u00f6nnen 18 Messskalen umgerechnet werden: HRA, HRB, HRC, HRD, HRE, HRF, HRG, HRH, HRK , HR15N, HR30N, HR45N, HR15T, HR30T, HR45T, HV, HK, HBW;<\/li>\n<li style=\"font-weight: 400;\">Beide Objektivlinsen k\u00f6nnen die H\u00e4rte direkt messen,<\/li>\n<li style=\"font-weight: 400;\">Der obere und untere Grenzmessbereich kann auf der Hauptmessoberfl\u00e4che eingestellt und angezeigt werden;<\/li>\n<li style=\"font-weight: 400;\">Die Testdaten k\u00f6nnen direkt \u00fcber USB exportiert werden;<\/li>\n<li style=\"font-weight: 400;\">Die Messskala kann in HK Knoop-H\u00e4rte umgerechnet werden;<\/li>\n<li style=\"font-weight: 400;\">Das Betriebssystem kann zwischen Chinesisch und Englisch umgeschaltet werden;<\/li>\n<li style=\"font-weight: 400;\">Optionaler eingebauter Drucker, Testdaten k\u00f6nnen auch \u00fcber USB zur Speicherung und Analyse auf eine Festplatte ausgegeben werden;<\/li>\n<li style=\"font-weight: 400;\">Die gegossene Aluminiumschale hat eine stabile Struktur, die sich nicht verformt. Die reinwei\u00dfe Autolackierung ist hochwertig und kratzfest und leuchtet auch nach jahrelangem Gebrauch noch wie neu;<\/li>\n<li style=\"font-weight: 400;\">Unser Unternehmen ist in der Lage, selbst zu entwickeln, zu konstruieren, zu produzieren und zu verarbeiten. Unsere Maschinen bieten lebenslangen Ersatzteil- und Wartungs-Upgrade-Service<\/li>\n<\/ol>\n<h1 style=\"font-weight: 400;\"><strong>Hauptanwendungsbereich:<\/strong><\/h1>\n<ol>\n<li style=\"font-weight: 400;\">Stahl, Nichteisenmetalle, Metallfolien, Hartmetall, Bleche, Mikrostruktur, Verkohlung;<\/li>\n<li style=\"font-weight: 400;\">Aufkohlung, Nitrierung und Entkohlung, Oberfl\u00e4chenh\u00e4rtung, Galvanisierung, Beschichtung, W\u00e4rmebehandlung;<\/li>\n<li style=\"font-weight: 400;\">Glas, Wafer, keramische Materialien;<\/li>\n<\/ol>\n<h1 style=\"font-weight: 400;\"><strong>Technische Parameter:<\/strong><\/h1>\n<table style=\"font-weight: 400;\" width=\"614\">\n<tbody>\n<tr>\n<td width=\"259\">Parametername<\/td>\n<td width=\"355\">Parameter Daten<\/td>\n<\/tr>\n<tr>\n<td width=\"259\">Vickers-H\u00e4rteskala<\/td>\n<td width=\"355\">HV0.3,HV0.5,HV1.0,HV2.0,HV3.0,HV5.0<\/td>\n<\/tr>\n<tr>\n<td width=\"259\">anzeigen<\/td>\n<td width=\"355\">5-stelliger H\u00e4rtewert, 4-stellige diagonale L\u00e4nge (D1, D2),<\/p>\n<p>Haltezeit, Anzahl der Tests, Durchschnitt, Standardabweichung, Ertrag<\/td>\n<\/tr>\n<tr>\n<td width=\"259\">Testkraft(Kgf)<\/td>\n<td width=\"355\">0.3,0.5,1.0,2.0,3.0,5.0<\/td>\n<\/tr>\n<tr>\n<td width=\"259\">Ladekontrolle<\/td>\n<td width=\"355\">Automatisch (Laden\/Halten\/Deinstallieren)<\/td>\n<\/tr>\n<tr>\n<td width=\"259\">Testkraft Haltezeit(en)<\/td>\n<td width=\"355\">1\uff5e99<\/td>\n<\/tr>\n<tr>\n<td width=\"259\">Optischer Kanal<\/td>\n<td width=\"355\">Zwei Lichtkan\u00e4le (Okulare und CCD-Kamerakan\u00e4le)<\/td>\n<\/tr>\n<tr>\n<td width=\"259\">Optisches System<\/td>\n<td width=\"355\">Objektive: 10\u00d7, 20\u00d7(Optional 40X)<\/p>\n<p>Vergr\u00f6\u00dferung des Okulars: 10\u00d7<\/p>\n<p>Gesamtvergr\u00f6\u00dferung (\u03bcm): 100\u00d7, 200\u00d7<\/p>\n<p>Messbereich (\u03bcm): 400<\/p>\n<p>Aufl\u00f6sung (\u03bcm): 0.5<\/td>\n<\/tr>\n<tr>\n<td width=\"259\">Messbereich H\u00e4rte<\/td>\n<td width=\"355\">(5-3000)HV<\/td>\n<\/tr>\n<tr>\n<td width=\"259\">XY-Pr\u00fcfstand (optional)<\/td>\n<td width=\"355\">Gr\u00f6\u00dfe (mm): 100\u00d7100<\/p>\n<p>Verfahrbereich (mm): 25\u00d725<\/p>\n<p>Minimaler Messwert (mm): 0.01<\/td>\n<\/tr>\n<tr>\n<td width=\"259\">Maximale H\u00f6he des Exemplars (mm)<\/td>\n<td width=\"355\">165<\/td>\n<\/tr>\n<tr>\n<td width=\"259\">Maximale Breite des Exemplars (mm)<\/td>\n<td width=\"355\">130 (Abstand von der Mittellinie des Eindringk\u00f6rpers zur Wand)<\/td>\n<\/tr>\n<tr>\n<td width=\"259\">Datenausgabe (optional)<\/td>\n<td width=\"355\">Eingebauter Drucker, Testdaten k\u00f6nnen auch \u00fcber USB zur Speicherung und Analyse auf eine Festplatte ausgegeben werden<\/td>\n<\/tr>\n<tr>\n<td width=\"259\">Spannung<\/td>\n<td width=\"355\">AC220V\/50HZ<\/td>\n<\/tr>\n<tr>\n<td width=\"259\">Gesamtgr\u00f6\u00dfe (mm)<\/td>\n<td width=\"355\">585\u00d7200\u00d7630<\/td>\n<\/tr>\n<tr>\n<td width=\"259\">Gewicht (kg)<\/td>\n<td width=\"355\">42<\/td>\n<\/tr>\n<\/tbody>\n<\/table>\n<h1 style=\"font-weight: 400;\"><strong>Standard-Konfiguration<\/strong><\/h1>\n<table style=\"font-weight: 400;\">\n<tbody>\n<tr>\n<td width=\"277\">Host-Computer<\/td>\n<td width=\"277\">1<\/td>\n<\/tr>\n<tr>\n<td width=\"277\">Gewicht<\/td>\n<td width=\"277\">3<\/td>\n<\/tr>\n<tr>\n<td width=\"277\">Plattform f\u00fcr Kreuzmessungen<\/td>\n<td width=\"277\">1<\/td>\n<\/tr>\n<tr>\n<td width=\"277\">Flacher Spanntisch<\/td>\n<td width=\"277\">1<\/td>\n<\/tr>\n<tr>\n<td width=\"277\">Horizontale Einstellschraube<\/td>\n<td width=\"277\">4<\/td>\n<\/tr>\n<tr>\n<td width=\"277\">Stromkabel<\/td>\n<td width=\"277\">1<\/td>\n<\/tr>\n<tr>\n<td width=\"277\">10X digitales Mikroskop Okular<\/td>\n<td width=\"277\">1<\/td>\n<\/tr>\n<tr>\n<td width=\"277\">Vickers-H\u00e4rteblock<\/td>\n<td width=\"277\">2<\/td>\n<\/tr>\n<tr>\n<td width=\"277\">Ersatz-Sicherung 2A<\/td>\n<td width=\"277\">2<\/td>\n<\/tr>\n<tr>\n<td width=\"277\">Produkt-Zertifikat<\/td>\n<td width=\"277\">1<\/td>\n<\/tr>\n<tr>\n<td width=\"277\">Gebrauchsanweisung<\/td>\n<td width=\"277\">1<\/td>\n<\/tr>\n<\/tbody>\n<\/table>\n<p style=\"font-weight: 400;\">Bemerkungen: Optionale H\u00e4rtepr\u00fcfger\u00e4t Messsoftware, um menschliche Fehler zu beseitigen, Computerbetrieb, Verbesserung der Effizienz und pr\u00e4zisere Genauigkeit.<\/p>\n<p style=\"font-weight: 400;\">Optionaler integrierter Drucker, Ausdrucken der Messdaten mit einem Tastendruck<\/p>","protected":false},"excerpt":{"rendered":"<p style=\"font-weight: 400;\">Das Vickers-H\u00e4rtepr\u00fcfger\u00e4t erf\u00fcllt die grundlegenden Anforderungen an ein Vickers-H\u00e4rtepr\u00fcfger\u00e4t, und das aktualisierte Steuerungssystem kann mehr Messdaten liefern.<\/p>\n<p style=\"font-weight: 400;\">Den Daten zufolge ist die Steuerung umfassender und genauer, wodurch die Besch\u00e4digung des Ger\u00e4ts durch manuelle Fehler vermieden und die Effizienz erheblich verbessert wird. Der 7-Zoll-LCD-Touchscreen kann mehr Messdaten liefern und die Steuerung ist umfassender und genauer.<\/p>","protected":false},"featured_media":29985,"comment_status":"open","ping_status":"closed","template":"","meta":[],"product_brand":[],"product_cat":[70,72],"product_tag":[113],"class_list":{"0":"post-29984","1":"product","2":"type-product","3":"status-publish","4":"has-post-thumbnail","6":"product_cat-hardness-tester","7":"product_cat-vickers-hardness-tester","8":"product_tag-vickers-hardness-tester","10":"first","11":"instock","12":"shipping-taxable","13":"product-type-simple"},"yoast_head":"<!-- This site is optimized with the Yoast SEO Premium plugin v25.4 (Yoast SEO v27.4) - https:\/\/yoast.com\/product\/yoast-seo-premium-wordpress\/ -->\n<title>(HVT-5)Vickers Hardness Tester - hardnesstests<\/title>\n<meta name=\"robots\" content=\"index, follow, max-snippet:-1, max-image-preview:large, max-video-preview:-1\" \/>\n<link rel=\"canonical\" href=\"https:\/\/hardnesstests.com\/de_de_formal\/produkt\/hvt-5vickers-hardness-tester\/\" \/>\n<meta property=\"og:locale\" content=\"de_DE\" \/>\n<meta property=\"og:type\" content=\"article\" \/>\n<meta property=\"og:title\" content=\"(HVT-5)Vickers Hardness Tester\" \/>\n<meta property=\"og:description\" content=\"The Vickers hardness tester can meet the basic Vickers hardness tester test requirements, and the upgraded control system can provide more measurement data. According to the data, the control is more comprehensive and accurate, avoiding the damage of the instrument caused by manual error, and also greatly improving the efficiency. The 7-inch LCD touch screen can provide more measurement data and the control is more comprehensive and accurate.\" \/>\n<meta property=\"og:url\" content=\"https:\/\/hardnesstests.com\/de_de_formal\/produkt\/hvt-5vickers-hardness-tester\/\" \/>\n<meta property=\"og:site_name\" content=\"hardnesstests\" \/>\n<meta property=\"og:image\" content=\"https:\/\/hardnesstests.com\/wp-content\/uploads\/2025\/11\/HVT-5-\u89e6\u6478\u5c4f\u7ef4\u6c0f\u786c\u5ea6\u8ba1.jpg\" \/>\n\t<meta property=\"og:image:width\" content=\"800\" \/>\n\t<meta property=\"og:image:height\" content=\"800\" \/>\n\t<meta property=\"og:image:type\" content=\"image\/jpeg\" \/>\n<meta name=\"twitter:card\" content=\"summary_large_image\" \/>\n<meta name=\"twitter:label1\" content=\"Gesch\u00e4tzte Lesezeit\" \/>\n\t<meta name=\"twitter:data1\" content=\"3\u00a0Minuten\" \/>\n<script type=\"application\/ld+json\" class=\"yoast-schema-graph\">{\"@context\":\"https:\\\/\\\/schema.org\",\"@graph\":[{\"@type\":\"WebPage\",\"@id\":\"https:\\\/\\\/hardnesstests.com\\\/product\\\/hvt-5vickers-hardness-tester\\\/\",\"url\":\"https:\\\/\\\/hardnesstests.com\\\/product\\\/hvt-5vickers-hardness-tester\\\/\",\"name\":\"(HVT-5)Vickers Hardness Tester - hardnesstests\",\"isPartOf\":{\"@id\":\"https:\\\/\\\/hardnesstests.com\\\/tr\\\/#website\"},\"primaryImageOfPage\":{\"@id\":\"https:\\\/\\\/hardnesstests.com\\\/product\\\/hvt-5vickers-hardness-tester\\\/#primaryimage\"},\"image\":{\"@id\":\"https:\\\/\\\/hardnesstests.com\\\/product\\\/hvt-5vickers-hardness-tester\\\/#primaryimage\"},\"thumbnailUrl\":\"https:\\\/\\\/hardnesstests.com\\\/wp-content\\\/uploads\\\/2025\\\/11\\\/HVT-5-\u89e6\u6478\u5c4f\u7ef4\u6c0f\u786c\u5ea6\u8ba1.jpg\",\"datePublished\":\"2025-11-28T03:29:35+00:00\",\"breadcrumb\":{\"@id\":\"https:\\\/\\\/hardnesstests.com\\\/product\\\/hvt-5vickers-hardness-tester\\\/#breadcrumb\"},\"inLanguage\":\"de\",\"potentialAction\":[{\"@type\":\"ReadAction\",\"target\":[\"https:\\\/\\\/hardnesstests.com\\\/product\\\/hvt-5vickers-hardness-tester\\\/\"]}]},{\"@type\":\"ImageObject\",\"inLanguage\":\"de\",\"@id\":\"https:\\\/\\\/hardnesstests.com\\\/product\\\/hvt-5vickers-hardness-tester\\\/#primaryimage\",\"url\":\"https:\\\/\\\/hardnesstests.com\\\/wp-content\\\/uploads\\\/2025\\\/11\\\/HVT-5-\u89e6\u6478\u5c4f\u7ef4\u6c0f\u786c\u5ea6\u8ba1.jpg\",\"contentUrl\":\"https:\\\/\\\/hardnesstests.com\\\/wp-content\\\/uploads\\\/2025\\\/11\\\/HVT-5-\u89e6\u6478\u5c4f\u7ef4\u6c0f\u786c\u5ea6\u8ba1.jpg\",\"width\":800,\"height\":800,\"caption\":\"(HVT-5)Vickers Hardness Tester\"},{\"@type\":\"BreadcrumbList\",\"@id\":\"https:\\\/\\\/hardnesstests.com\\\/product\\\/hvt-5vickers-hardness-tester\\\/#breadcrumb\",\"itemListElement\":[{\"@type\":\"ListItem\",\"position\":1,\"name\":\"\u9996\u9875\",\"item\":\"https:\\\/\\\/hardnesstests.com\\\/\"},{\"@type\":\"ListItem\",\"position\":2,\"name\":\"products\",\"item\":\"https:\\\/\\\/hardnesstests.com\\\/products\\\/\"},{\"@type\":\"ListItem\",\"position\":3,\"name\":\"(HVT-5)Vickers Hardness Tester\"}]},{\"@type\":\"WebSite\",\"@id\":\"https:\\\/\\\/hardnesstests.com\\\/tr\\\/#website\",\"url\":\"https:\\\/\\\/hardnesstests.com\\\/tr\\\/\",\"name\":\"hardnesstests\",\"description\":\"\",\"publisher\":{\"@id\":\"https:\\\/\\\/hardnesstests.com\\\/tr\\\/#organization\"},\"potentialAction\":[{\"@type\":\"SearchAction\",\"target\":{\"@type\":\"EntryPoint\",\"urlTemplate\":\"https:\\\/\\\/hardnesstests.com\\\/tr\\\/?s={search_term_string}\"},\"query-input\":{\"@type\":\"PropertyValueSpecification\",\"valueRequired\":true,\"valueName\":\"search_term_string\"}}],\"inLanguage\":\"de\"},{\"@type\":\"Organization\",\"@id\":\"https:\\\/\\\/hardnesstests.com\\\/tr\\\/#organization\",\"name\":\"hardnesstests\",\"url\":\"https:\\\/\\\/hardnesstests.com\\\/tr\\\/\",\"logo\":{\"@type\":\"ImageObject\",\"inLanguage\":\"de\",\"@id\":\"https:\\\/\\\/hardnesstests.com\\\/tr\\\/#\\\/schema\\\/logo\\\/image\\\/\",\"url\":\"https:\\\/\\\/hardnesstests.com\\\/wp-content\\\/uploads\\\/2021\\\/08\\\/\u5fae\u4fe1\u56fe\u7247_20251029102004_335_1287.png\",\"contentUrl\":\"https:\\\/\\\/hardnesstests.com\\\/wp-content\\\/uploads\\\/2021\\\/08\\\/\u5fae\u4fe1\u56fe\u7247_20251029102004_335_1287.png\",\"width\":1308,\"height\":467,\"caption\":\"hardnesstests\"},\"image\":{\"@id\":\"https:\\\/\\\/hardnesstests.com\\\/tr\\\/#\\\/schema\\\/logo\\\/image\\\/\"}}]}<\/script>\n<!-- \/ Yoast SEO Premium plugin. -->","yoast_head_json":{"title":"(HVT-5)Vickers Hardness Tester - hardnesstests","robots":{"index":"index","follow":"follow","max-snippet":"max-snippet:-1","max-image-preview":"max-image-preview:large","max-video-preview":"max-video-preview:-1"},"canonical":"https:\/\/hardnesstests.com\/de_de_formal\/produkt\/hvt-5vickers-hardness-tester\/","og_locale":"de_DE","og_type":"article","og_title":"(HVT-5)Vickers Hardness Tester","og_description":"The Vickers hardness tester can meet the basic Vickers hardness tester test requirements, and the upgraded control system can provide more measurement data. According to the data, the control is more comprehensive and accurate, avoiding the damage of the instrument caused by manual error, and also greatly improving the efficiency. The 7-inch LCD touch screen can provide more measurement data and the control is more comprehensive and accurate.","og_url":"https:\/\/hardnesstests.com\/de_de_formal\/produkt\/hvt-5vickers-hardness-tester\/","og_site_name":"hardnesstests","og_image":[{"width":800,"height":800,"url":"https:\/\/hardnesstests.com\/wp-content\/uploads\/2025\/11\/HVT-5-\u89e6\u6478\u5c4f\u7ef4\u6c0f\u786c\u5ea6\u8ba1.jpg","type":"image\/jpeg"}],"twitter_card":"summary_large_image","twitter_misc":{"Gesch\u00e4tzte Lesezeit":"3\u00a0Minuten"},"schema":{"@context":"https:\/\/schema.org","@graph":[{"@type":"WebPage","@id":"https:\/\/hardnesstests.com\/product\/hvt-5vickers-hardness-tester\/","url":"https:\/\/hardnesstests.com\/product\/hvt-5vickers-hardness-tester\/","name":"(HVT-5)Vickers Hardness Tester - hardnesstests","isPartOf":{"@id":"https:\/\/hardnesstests.com\/tr\/#website"},"primaryImageOfPage":{"@id":"https:\/\/hardnesstests.com\/product\/hvt-5vickers-hardness-tester\/#primaryimage"},"image":{"@id":"https:\/\/hardnesstests.com\/product\/hvt-5vickers-hardness-tester\/#primaryimage"},"thumbnailUrl":"https:\/\/hardnesstests.com\/wp-content\/uploads\/2025\/11\/HVT-5-\u89e6\u6478\u5c4f\u7ef4\u6c0f\u786c\u5ea6\u8ba1.jpg","datePublished":"2025-11-28T03:29:35+00:00","breadcrumb":{"@id":"https:\/\/hardnesstests.com\/product\/hvt-5vickers-hardness-tester\/#breadcrumb"},"inLanguage":"de","potentialAction":[{"@type":"ReadAction","target":["https:\/\/hardnesstests.com\/product\/hvt-5vickers-hardness-tester\/"]}]},{"@type":"ImageObject","inLanguage":"de","@id":"https:\/\/hardnesstests.com\/product\/hvt-5vickers-hardness-tester\/#primaryimage","url":"https:\/\/hardnesstests.com\/wp-content\/uploads\/2025\/11\/HVT-5-\u89e6\u6478\u5c4f\u7ef4\u6c0f\u786c\u5ea6\u8ba1.jpg","contentUrl":"https:\/\/hardnesstests.com\/wp-content\/uploads\/2025\/11\/HVT-5-\u89e6\u6478\u5c4f\u7ef4\u6c0f\u786c\u5ea6\u8ba1.jpg","width":800,"height":800,"caption":"(HVT-5)Vickers Hardness Tester"},{"@type":"BreadcrumbList","@id":"https:\/\/hardnesstests.com\/product\/hvt-5vickers-hardness-tester\/#breadcrumb","itemListElement":[{"@type":"ListItem","position":1,"name":"\u9996\u9875","item":"https:\/\/hardnesstests.com\/"},{"@type":"ListItem","position":2,"name":"products","item":"https:\/\/hardnesstests.com\/products\/"},{"@type":"ListItem","position":3,"name":"(HVT-5)Vickers Hardness Tester"}]},{"@type":"WebSite","@id":"https:\/\/hardnesstests.com\/tr\/#website","url":"https:\/\/hardnesstests.com\/tr\/","name":"hardnesstests","description":"","publisher":{"@id":"https:\/\/hardnesstests.com\/tr\/#organization"},"potentialAction":[{"@type":"SearchAction","target":{"@type":"EntryPoint","urlTemplate":"https:\/\/hardnesstests.com\/tr\/?s={search_term_string}"},"query-input":{"@type":"PropertyValueSpecification","valueRequired":true,"valueName":"search_term_string"}}],"inLanguage":"de"},{"@type":"Organization","@id":"https:\/\/hardnesstests.com\/tr\/#organization","name":"hardnesstests","url":"https:\/\/hardnesstests.com\/tr\/","logo":{"@type":"ImageObject","inLanguage":"de","@id":"https:\/\/hardnesstests.com\/tr\/#\/schema\/logo\/image\/","url":"https:\/\/hardnesstests.com\/wp-content\/uploads\/2021\/08\/\u5fae\u4fe1\u56fe\u7247_20251029102004_335_1287.png","contentUrl":"https:\/\/hardnesstests.com\/wp-content\/uploads\/2021\/08\/\u5fae\u4fe1\u56fe\u7247_20251029102004_335_1287.png","width":1308,"height":467,"caption":"hardnesstests"},"image":{"@id":"https:\/\/hardnesstests.com\/tr\/#\/schema\/logo\/image\/"}}]}},"_links":{"self":[{"href":"https:\/\/hardnesstests.com\/de_de_formal\/wp-json\/wp\/v2\/product\/29984","targetHints":{"allow":["GET"]}}],"collection":[{"href":"https:\/\/hardnesstests.com\/de_de_formal\/wp-json\/wp\/v2\/product"}],"about":[{"href":"https:\/\/hardnesstests.com\/de_de_formal\/wp-json\/wp\/v2\/types\/product"}],"replies":[{"embeddable":true,"href":"https:\/\/hardnesstests.com\/de_de_formal\/wp-json\/wp\/v2\/comments?post=29984"}],"version-history":[{"count":1,"href":"https:\/\/hardnesstests.com\/de_de_formal\/wp-json\/wp\/v2\/product\/29984\/revisions"}],"predecessor-version":[{"id":29986,"href":"https:\/\/hardnesstests.com\/de_de_formal\/wp-json\/wp\/v2\/product\/29984\/revisions\/29986"}],"wp:featuredmedia":[{"embeddable":true,"href":"https:\/\/hardnesstests.com\/de_de_formal\/wp-json\/wp\/v2\/media\/29985"}],"wp:attachment":[{"href":"https:\/\/hardnesstests.com\/de_de_formal\/wp-json\/wp\/v2\/media?parent=29984"}],"wp:term":[{"taxonomy":"product_brand","embeddable":true,"href":"https:\/\/hardnesstests.com\/de_de_formal\/wp-json\/wp\/v2\/product_brand?post=29984"},{"taxonomy":"product_cat","embeddable":true,"href":"https:\/\/hardnesstests.com\/de_de_formal\/wp-json\/wp\/v2\/product_cat?post=29984"},{"taxonomy":"product_tag","embeddable":true,"href":"https:\/\/hardnesstests.com\/de_de_formal\/wp-json\/wp\/v2\/product_tag?post=29984"}],"curies":[{"name":"wp","href":"https:\/\/api.w.org\/{rel}","templated":true}]}}