{"id":29956,"date":"2025-11-28T03:13:25","date_gmt":"2025-11-28T03:13:25","guid":{"rendered":"https:\/\/hardnesstests.com\/?post_type=product&#038;p=29956"},"modified":"2025-11-28T03:13:25","modified_gmt":"2025-11-28T03:13:25","slug":"hvs-10digital-display-manual-turret-vickers-hardness-tester","status":"publish","type":"product","link":"https:\/\/hardnesstests.com\/de_de_formal\/produkt\/hvs-10digital-display-manual-turret-vickers-hardness-tester\/","title":{"rendered":"(HVS-10)Digitales Display, manueller Revolver Vickers H\u00e4rtepr\u00fcfger\u00e4t"},"content":{"rendered":"<h1 style=\"font-weight: 400;\"><strong>Die wichtigsten Funktionen und Merkmale:<\/strong><\/h1>\n<ol>\n<li style=\"font-weight: 400;\">Das von erfahrenen Optikern entwickelte optische System liefert nicht nur klare Bilder, sondern kann auch als einfaches Mikroskop mit einstellbarer Helligkeit und komfortabler Sicht verwendet werden.<\/li>\n<li style=\"font-weight: 400;\">Die industrielle LCD-Gro\u00dfbildanzeige kann Testmethoden, Pr\u00fcfkraft, Messung der Eindrucksl\u00e4nge, H\u00e4rtewert, Pr\u00fcfkraftaufbewahrungszeit, Anzahl der Messungen und Typ in Jahr, Monat, Datum, Testergebnisse und Datenverarbeitung anzeigen;<\/li>\n<li style=\"font-weight: 400;\">Gegossenes Aluminium, die Struktur ist stabil und verformt sich nicht, hochwertiger Autolack, kratzfest, viele Jahre im Einsatz und immer noch wie neu;<\/li>\n<\/ol>\n<ol start=\"4\">\n<li style=\"font-weight: 400;\">Unser Unternehmen verf\u00fcgt \u00fcber eigene F&amp;E-, Produktions- und Verarbeitungskapazit\u00e4ten. Unsere Maschinen bieten einen lebenslangen Ersatzteil- und Wartungs-Upgrade-Service.<\/li>\n<li style=\"font-weight: 400;\">HVS-10 model can directly confirm the hardness value by measuring the actual length;<\/li>\n<li style=\"font-weight: 400;\">Optionaler LCD-Gro\u00dfbildschirm; LCD-Gro\u00dfbildschirm zur Erleichterung der Beobachtung, Testbedingungen, der Testablauf ist unkompliziert;<\/li>\n<li style=\"font-weight: 400;\">optionaler interner Drucker; Testergebnisse und Testdaten werden direkt ausgedruckt;<\/li>\n<\/ol>\n<h1 style=\"font-weight: 400;\"><strong>Hauptanwendungsbereich:<\/strong><\/h1>\n<ol>\n<li style=\"font-weight: 400;\">Eisen und Stahl, Nichteisenmetalle, Metallfolien, Hartlegierungen, Metallbleche, Mikrostrukturen, Karbonisierung;<\/li>\n<li style=\"font-weight: 400;\">Aufkohlungs-, Nitrier- und Entkohlungsschichten, oberfl\u00e4chengeh\u00e4rtete Schicht, Plattierungsschicht, Beschichtung, W\u00e4rmebehandlung;<\/li>\n<li style=\"font-weight: 400;\">Glas, Wafer, keramische Materialien;<\/li>\n<\/ol>\n<h1 style=\"font-weight: 400;\"><strong>Technische Parameter:<\/strong><\/h1>\n<table>\n<tbody>\n<tr>\n<td width=\"259\">Parametername<\/td>\n<td width=\"294\">Parameter Daten<\/td>\n<\/tr>\n<tr>\n<td width=\"259\">Vickers-H\u00e4rteskala<\/td>\n<td width=\"294\">HV0.3,HV0.5,HV1.0,HV3.0,HV5.0,HV10.0<\/td>\n<\/tr>\n<tr>\n<td width=\"259\">anzeigen<\/td>\n<td width=\"294\">5-stelliger H\u00e4rtewert, 4-stellige diagonale L\u00e4nge (D1, D2),<\/p>\n<p>Haltezeit, Anzahl der Tests, Durchschnitt, Standardabweichung, Ertrag<\/td>\n<\/tr>\n<tr>\n<td width=\"259\">Testkraft(Kgf)<\/td>\n<td width=\"294\">0.3\u30010.5\u00a0\u30011.0\u00a0\u30013.0\u30015.0\u300110.0<\/td>\n<\/tr>\n<tr>\n<td width=\"259\">Ladekontrolle<\/td>\n<td width=\"294\">Automatisch (Laden\/Halten\/Deinstallieren)<\/td>\n<\/tr>\n<tr>\n<td width=\"259\">Testkraft Haltezeit(en)<\/td>\n<td width=\"294\">1\uff5e99<\/td>\n<\/tr>\n<tr>\n<td width=\"259\">Optischer Kanal<\/td>\n<td width=\"294\">Zwei Lichtkan\u00e4le (Okulare und CCD-Kamerakan\u00e4le)<\/td>\n<\/tr>\n<tr>\n<td width=\"259\">Optisches System<\/td>\n<td width=\"294\">Objektive: 10\u00d7, 20\u00d7<\/p>\n<p>Vergr\u00f6\u00dferung des Okulars: 10\u00d7<\/p>\n<p>Gesamtvergr\u00f6\u00dferung (\u03bcm): 100\u00d7, 200\u00d7<\/p>\n<p>Messbereich (\u03bcm): 400<\/p>\n<p>Aufl\u00f6sung (\u03bcm): 0.125<\/td>\n<\/tr>\n<tr>\n<td width=\"259\">Messbereich H\u00e4rte<\/td>\n<td width=\"294\">(5-3000)HV<\/td>\n<\/tr>\n<tr>\n<td width=\"259\">XY-Pr\u00fcfstand (optional)<\/td>\n<td width=\"294\">Gr\u00f6\u00dfe (mm): 100\u00d7100<\/p>\n<p>Verfahrbereich (mm): 25\u00d725<\/p>\n<p>Minimaler Messwert (mm): 0.01<\/td>\n<\/tr>\n<tr>\n<td width=\"259\">Maximale H\u00f6he des Exemplars (mm)<\/td>\n<td width=\"294\">165<\/td>\n<\/tr>\n<tr>\n<td width=\"259\">Maximale Breite des Exemplars (mm)<\/td>\n<td width=\"294\">130 (Abstand von der Mittellinie des Eindringk\u00f6rpers zur Wand)<\/td>\n<\/tr>\n<tr>\n<td width=\"259\">Datenausgabe<\/td>\n<td width=\"294\">Reservieren Sie eine eingebaute Mini-Druckerschnittstelle, (RS232 serielle Schnittstelle) optionale Installation<\/td>\n<\/tr>\n<tr>\n<td width=\"259\">Spannung<\/td>\n<td width=\"294\">AC220V\/50HZ<\/td>\n<\/tr>\n<tr>\n<td width=\"259\">Gesamtgr\u00f6\u00dfe (mm)<\/td>\n<td width=\"294\">585\u00d7200\u00d7630<\/td>\n<\/tr>\n<tr>\n<td width=\"259\">Gewicht (kg)<\/td>\n<td width=\"294\">42<\/td>\n<\/tr>\n<\/tbody>\n<\/table>\n<h1 style=\"font-weight: 400;\"><strong>Standard-Konfiguration<\/strong><\/h1>\n<table>\n<tbody>\n<tr>\n<td width=\"277\">Host-Computer<\/td>\n<td width=\"277\">1<\/td>\n<\/tr>\n<tr>\n<td width=\"277\">Gewicht<\/td>\n<td width=\"277\">3<\/td>\n<\/tr>\n<tr>\n<td width=\"277\">Flacher Spanntisch<\/td>\n<td width=\"277\">1<\/td>\n<\/tr>\n<tr>\n<td width=\"277\">Plattform f\u00fcr Kreuzmessungen<\/td>\n<td width=\"277\">1<\/td>\n<\/tr>\n<tr>\n<td width=\"277\">Horizontale Einstellschraube<\/td>\n<td width=\"277\">4<\/td>\n<\/tr>\n<tr>\n<td width=\"277\">Stromkabel<\/td>\n<td width=\"277\">1<\/td>\n<\/tr>\n<tr>\n<td width=\"277\">10X digitales Mikroskop Okular<\/td>\n<td width=\"277\">1<\/td>\n<\/tr>\n<tr>\n<td width=\"277\">Vickers-H\u00e4rteblock<\/td>\n<td width=\"277\">2<\/td>\n<\/tr>\n<tr>\n<td width=\"277\">Ersatz-Sicherung 2A<\/td>\n<td width=\"277\">2<\/td>\n<\/tr>\n<tr>\n<td width=\"277\">Produkt-Zertifikat<\/td>\n<td width=\"277\">1<\/td>\n<\/tr>\n<tr>\n<td width=\"277\">Gebrauchsanweisung<\/td>\n<td width=\"277\">1<\/td>\n<\/tr>\n<\/tbody>\n<\/table>\n<p style=\"font-weight: 400;\">Bemerkungen: Optionale H\u00e4rtemesssoftware, eliminiert menschliche Fehler, Computerbedienung, verbessert die Effizienz, die Genauigkeit ist pr\u00e4ziser.<\/p>","protected":false},"excerpt":{"rendered":"<p>The digital Vickers hardness tester can meet the basic Vickers hardness test requirements. The upgraded digital micrometer eyepiece can directly read the measurement length, so that the measured value can be obtained more quickly and accurately.<\/p>","protected":false},"featured_media":29957,"comment_status":"open","ping_status":"closed","template":"","meta":[],"product_brand":[],"product_cat":[70,72],"product_tag":[113],"class_list":{"0":"post-29956","1":"product","2":"type-product","3":"status-publish","4":"has-post-thumbnail","6":"product_cat-hardness-tester","7":"product_cat-vickers-hardness-tester","8":"product_tag-vickers-hardness-tester","10":"first","11":"instock","12":"shipping-taxable","13":"product-type-simple"},"yoast_head":"<!-- This site is optimized with the Yoast SEO Premium plugin v25.4 (Yoast SEO v27.4) - https:\/\/yoast.com\/product\/yoast-seo-premium-wordpress\/ -->\n<title>(HVS-10)Digital display manual turret Vickers hardness tester - hardnesstests<\/title>\n<meta name=\"robots\" content=\"index, follow, max-snippet:-1, max-image-preview:large, max-video-preview:-1\" \/>\n<link rel=\"canonical\" href=\"https:\/\/hardnesstests.com\/de_de_formal\/produkt\/hvs-10digital-display-manual-turret-vickers-hardness-tester\/\" \/>\n<meta property=\"og:locale\" content=\"de_DE\" \/>\n<meta property=\"og:type\" content=\"article\" \/>\n<meta property=\"og:title\" content=\"(HVS-10)Digital display manual turret Vickers hardness tester\" \/>\n<meta property=\"og:description\" content=\"The digital Vickers hardness tester can meet the basic Vickers hardness test requirements. The upgraded digital micrometer eyepiece can directly read the measurement length, so that the measured value can be obtained more quickly and accurately.\" \/>\n<meta property=\"og:url\" content=\"https:\/\/hardnesstests.com\/de_de_formal\/produkt\/hvs-10digital-display-manual-turret-vickers-hardness-tester\/\" \/>\n<meta property=\"og:site_name\" content=\"hardnesstests\" \/>\n<meta property=\"og:image\" content=\"https:\/\/hardnesstests.com\/wp-content\/uploads\/2025\/11\/HVS-10\u624b\u52a8\u8f6c\u5854\u6570\u663e\u7ef4\u6c0f\u786c\u5ea6\u8ba1.jpg\" \/>\n\t<meta property=\"og:image:width\" content=\"800\" \/>\n\t<meta property=\"og:image:height\" content=\"800\" \/>\n\t<meta property=\"og:image:type\" content=\"image\/jpeg\" \/>\n<meta name=\"twitter:card\" content=\"summary_large_image\" \/>\n<meta name=\"twitter:label1\" content=\"Gesch\u00e4tzte Lesezeit\" \/>\n\t<meta name=\"twitter:data1\" content=\"2\u00a0Minuten\" \/>\n<script type=\"application\/ld+json\" class=\"yoast-schema-graph\">{\"@context\":\"https:\\\/\\\/schema.org\",\"@graph\":[{\"@type\":\"WebPage\",\"@id\":\"https:\\\/\\\/hardnesstests.com\\\/product\\\/hvs-10digital-display-manual-turret-vickers-hardness-tester\\\/\",\"url\":\"https:\\\/\\\/hardnesstests.com\\\/product\\\/hvs-10digital-display-manual-turret-vickers-hardness-tester\\\/\",\"name\":\"(HVS-10)Digital display manual turret Vickers hardness tester - hardnesstests\",\"isPartOf\":{\"@id\":\"https:\\\/\\\/hardnesstests.com\\\/tr\\\/#website\"},\"primaryImageOfPage\":{\"@id\":\"https:\\\/\\\/hardnesstests.com\\\/product\\\/hvs-10digital-display-manual-turret-vickers-hardness-tester\\\/#primaryimage\"},\"image\":{\"@id\":\"https:\\\/\\\/hardnesstests.com\\\/product\\\/hvs-10digital-display-manual-turret-vickers-hardness-tester\\\/#primaryimage\"},\"thumbnailUrl\":\"https:\\\/\\\/hardnesstests.com\\\/wp-content\\\/uploads\\\/2025\\\/11\\\/HVS-10\u624b\u52a8\u8f6c\u5854\u6570\u663e\u7ef4\u6c0f\u786c\u5ea6\u8ba1.jpg\",\"datePublished\":\"2025-11-28T03:13:25+00:00\",\"breadcrumb\":{\"@id\":\"https:\\\/\\\/hardnesstests.com\\\/product\\\/hvs-10digital-display-manual-turret-vickers-hardness-tester\\\/#breadcrumb\"},\"inLanguage\":\"de\",\"potentialAction\":[{\"@type\":\"ReadAction\",\"target\":[\"https:\\\/\\\/hardnesstests.com\\\/product\\\/hvs-10digital-display-manual-turret-vickers-hardness-tester\\\/\"]}]},{\"@type\":\"ImageObject\",\"inLanguage\":\"de\",\"@id\":\"https:\\\/\\\/hardnesstests.com\\\/product\\\/hvs-10digital-display-manual-turret-vickers-hardness-tester\\\/#primaryimage\",\"url\":\"https:\\\/\\\/hardnesstests.com\\\/wp-content\\\/uploads\\\/2025\\\/11\\\/HVS-10\u624b\u52a8\u8f6c\u5854\u6570\u663e\u7ef4\u6c0f\u786c\u5ea6\u8ba1.jpg\",\"contentUrl\":\"https:\\\/\\\/hardnesstests.com\\\/wp-content\\\/uploads\\\/2025\\\/11\\\/HVS-10\u624b\u52a8\u8f6c\u5854\u6570\u663e\u7ef4\u6c0f\u786c\u5ea6\u8ba1.jpg\",\"width\":800,\"height\":800,\"caption\":\"(HVS-10)Digital display manual turret Vickers hardness tester\"},{\"@type\":\"BreadcrumbList\",\"@id\":\"https:\\\/\\\/hardnesstests.com\\\/product\\\/hvs-10digital-display-manual-turret-vickers-hardness-tester\\\/#breadcrumb\",\"itemListElement\":[{\"@type\":\"ListItem\",\"position\":1,\"name\":\"\u9996\u9875\",\"item\":\"https:\\\/\\\/hardnesstests.com\\\/\"},{\"@type\":\"ListItem\",\"position\":2,\"name\":\"products\",\"item\":\"https:\\\/\\\/hardnesstests.com\\\/products\\\/\"},{\"@type\":\"ListItem\",\"position\":3,\"name\":\"(HVS-10)Digital display manual turret Vickers hardness tester\"}]},{\"@type\":\"WebSite\",\"@id\":\"https:\\\/\\\/hardnesstests.com\\\/tr\\\/#website\",\"url\":\"https:\\\/\\\/hardnesstests.com\\\/tr\\\/\",\"name\":\"hardnesstests\",\"description\":\"\",\"publisher\":{\"@id\":\"https:\\\/\\\/hardnesstests.com\\\/tr\\\/#organization\"},\"potentialAction\":[{\"@type\":\"SearchAction\",\"target\":{\"@type\":\"EntryPoint\",\"urlTemplate\":\"https:\\\/\\\/hardnesstests.com\\\/tr\\\/?s={search_term_string}\"},\"query-input\":{\"@type\":\"PropertyValueSpecification\",\"valueRequired\":true,\"valueName\":\"search_term_string\"}}],\"inLanguage\":\"de\"},{\"@type\":\"Organization\",\"@id\":\"https:\\\/\\\/hardnesstests.com\\\/tr\\\/#organization\",\"name\":\"hardnesstests\",\"url\":\"https:\\\/\\\/hardnesstests.com\\\/tr\\\/\",\"logo\":{\"@type\":\"ImageObject\",\"inLanguage\":\"de\",\"@id\":\"https:\\\/\\\/hardnesstests.com\\\/tr\\\/#\\\/schema\\\/logo\\\/image\\\/\",\"url\":\"https:\\\/\\\/hardnesstests.com\\\/wp-content\\\/uploads\\\/2021\\\/08\\\/\u5fae\u4fe1\u56fe\u7247_20251029102004_335_1287.png\",\"contentUrl\":\"https:\\\/\\\/hardnesstests.com\\\/wp-content\\\/uploads\\\/2021\\\/08\\\/\u5fae\u4fe1\u56fe\u7247_20251029102004_335_1287.png\",\"width\":1308,\"height\":467,\"caption\":\"hardnesstests\"},\"image\":{\"@id\":\"https:\\\/\\\/hardnesstests.com\\\/tr\\\/#\\\/schema\\\/logo\\\/image\\\/\"}}]}<\/script>\n<!-- \/ Yoast SEO Premium plugin. -->","yoast_head_json":{"title":"(HVS-10)Digital display manual turret Vickers hardness tester - hardnesstests","robots":{"index":"index","follow":"follow","max-snippet":"max-snippet:-1","max-image-preview":"max-image-preview:large","max-video-preview":"max-video-preview:-1"},"canonical":"https:\/\/hardnesstests.com\/de_de_formal\/produkt\/hvs-10digital-display-manual-turret-vickers-hardness-tester\/","og_locale":"de_DE","og_type":"article","og_title":"(HVS-10)Digital display manual turret Vickers hardness tester","og_description":"The digital Vickers hardness tester can meet the basic Vickers hardness test requirements. The upgraded digital micrometer eyepiece can directly read the measurement length, so that the measured value can be obtained more quickly and accurately.","og_url":"https:\/\/hardnesstests.com\/de_de_formal\/produkt\/hvs-10digital-display-manual-turret-vickers-hardness-tester\/","og_site_name":"hardnesstests","og_image":[{"width":800,"height":800,"url":"https:\/\/hardnesstests.com\/wp-content\/uploads\/2025\/11\/HVS-10\u624b\u52a8\u8f6c\u5854\u6570\u663e\u7ef4\u6c0f\u786c\u5ea6\u8ba1.jpg","type":"image\/jpeg"}],"twitter_card":"summary_large_image","twitter_misc":{"Gesch\u00e4tzte Lesezeit":"2\u00a0Minuten"},"schema":{"@context":"https:\/\/schema.org","@graph":[{"@type":"WebPage","@id":"https:\/\/hardnesstests.com\/product\/hvs-10digital-display-manual-turret-vickers-hardness-tester\/","url":"https:\/\/hardnesstests.com\/product\/hvs-10digital-display-manual-turret-vickers-hardness-tester\/","name":"(HVS-10)Digital display manual turret Vickers hardness tester - hardnesstests","isPartOf":{"@id":"https:\/\/hardnesstests.com\/tr\/#website"},"primaryImageOfPage":{"@id":"https:\/\/hardnesstests.com\/product\/hvs-10digital-display-manual-turret-vickers-hardness-tester\/#primaryimage"},"image":{"@id":"https:\/\/hardnesstests.com\/product\/hvs-10digital-display-manual-turret-vickers-hardness-tester\/#primaryimage"},"thumbnailUrl":"https:\/\/hardnesstests.com\/wp-content\/uploads\/2025\/11\/HVS-10\u624b\u52a8\u8f6c\u5854\u6570\u663e\u7ef4\u6c0f\u786c\u5ea6\u8ba1.jpg","datePublished":"2025-11-28T03:13:25+00:00","breadcrumb":{"@id":"https:\/\/hardnesstests.com\/product\/hvs-10digital-display-manual-turret-vickers-hardness-tester\/#breadcrumb"},"inLanguage":"de","potentialAction":[{"@type":"ReadAction","target":["https:\/\/hardnesstests.com\/product\/hvs-10digital-display-manual-turret-vickers-hardness-tester\/"]}]},{"@type":"ImageObject","inLanguage":"de","@id":"https:\/\/hardnesstests.com\/product\/hvs-10digital-display-manual-turret-vickers-hardness-tester\/#primaryimage","url":"https:\/\/hardnesstests.com\/wp-content\/uploads\/2025\/11\/HVS-10\u624b\u52a8\u8f6c\u5854\u6570\u663e\u7ef4\u6c0f\u786c\u5ea6\u8ba1.jpg","contentUrl":"https:\/\/hardnesstests.com\/wp-content\/uploads\/2025\/11\/HVS-10\u624b\u52a8\u8f6c\u5854\u6570\u663e\u7ef4\u6c0f\u786c\u5ea6\u8ba1.jpg","width":800,"height":800,"caption":"(HVS-10)Digital display manual turret Vickers hardness tester"},{"@type":"BreadcrumbList","@id":"https:\/\/hardnesstests.com\/product\/hvs-10digital-display-manual-turret-vickers-hardness-tester\/#breadcrumb","itemListElement":[{"@type":"ListItem","position":1,"name":"\u9996\u9875","item":"https:\/\/hardnesstests.com\/"},{"@type":"ListItem","position":2,"name":"products","item":"https:\/\/hardnesstests.com\/products\/"},{"@type":"ListItem","position":3,"name":"(HVS-10)Digital display manual turret Vickers hardness tester"}]},{"@type":"WebSite","@id":"https:\/\/hardnesstests.com\/tr\/#website","url":"https:\/\/hardnesstests.com\/tr\/","name":"hardnesstests","description":"","publisher":{"@id":"https:\/\/hardnesstests.com\/tr\/#organization"},"potentialAction":[{"@type":"SearchAction","target":{"@type":"EntryPoint","urlTemplate":"https:\/\/hardnesstests.com\/tr\/?s={search_term_string}"},"query-input":{"@type":"PropertyValueSpecification","valueRequired":true,"valueName":"search_term_string"}}],"inLanguage":"de"},{"@type":"Organization","@id":"https:\/\/hardnesstests.com\/tr\/#organization","name":"hardnesstests","url":"https:\/\/hardnesstests.com\/tr\/","logo":{"@type":"ImageObject","inLanguage":"de","@id":"https:\/\/hardnesstests.com\/tr\/#\/schema\/logo\/image\/","url":"https:\/\/hardnesstests.com\/wp-content\/uploads\/2021\/08\/\u5fae\u4fe1\u56fe\u7247_20251029102004_335_1287.png","contentUrl":"https:\/\/hardnesstests.com\/wp-content\/uploads\/2021\/08\/\u5fae\u4fe1\u56fe\u7247_20251029102004_335_1287.png","width":1308,"height":467,"caption":"hardnesstests"},"image":{"@id":"https:\/\/hardnesstests.com\/tr\/#\/schema\/logo\/image\/"}}]}},"_links":{"self":[{"href":"https:\/\/hardnesstests.com\/de_de_formal\/wp-json\/wp\/v2\/product\/29956","targetHints":{"allow":["GET"]}}],"collection":[{"href":"https:\/\/hardnesstests.com\/de_de_formal\/wp-json\/wp\/v2\/product"}],"about":[{"href":"https:\/\/hardnesstests.com\/de_de_formal\/wp-json\/wp\/v2\/types\/product"}],"replies":[{"embeddable":true,"href":"https:\/\/hardnesstests.com\/de_de_formal\/wp-json\/wp\/v2\/comments?post=29956"}],"version-history":[{"count":1,"href":"https:\/\/hardnesstests.com\/de_de_formal\/wp-json\/wp\/v2\/product\/29956\/revisions"}],"predecessor-version":[{"id":29958,"href":"https:\/\/hardnesstests.com\/de_de_formal\/wp-json\/wp\/v2\/product\/29956\/revisions\/29958"}],"wp:featuredmedia":[{"embeddable":true,"href":"https:\/\/hardnesstests.com\/de_de_formal\/wp-json\/wp\/v2\/media\/29957"}],"wp:attachment":[{"href":"https:\/\/hardnesstests.com\/de_de_formal\/wp-json\/wp\/v2\/media?parent=29956"}],"wp:term":[{"taxonomy":"product_brand","embeddable":true,"href":"https:\/\/hardnesstests.com\/de_de_formal\/wp-json\/wp\/v2\/product_brand?post=29956"},{"taxonomy":"product_cat","embeddable":true,"href":"https:\/\/hardnesstests.com\/de_de_formal\/wp-json\/wp\/v2\/product_cat?post=29956"},{"taxonomy":"product_tag","embeddable":true,"href":"https:\/\/hardnesstests.com\/de_de_formal\/wp-json\/wp\/v2\/product_tag?post=29956"}],"curies":[{"name":"wp","href":"https:\/\/api.w.org\/{rel}","templated":true}]}}