{"id":29932,"date":"2025-11-28T02:48:23","date_gmt":"2025-11-28T02:48:23","guid":{"rendered":"https:\/\/hardnesstests.com\/?post_type=product&#038;p=29932"},"modified":"2025-11-28T02:48:23","modified_gmt":"2025-11-28T02:48:23","slug":"hv-10-manual-turret-vickers-hardness-tester","status":"publish","type":"product","link":"https:\/\/hardnesstests.com\/de_de_formal\/produkt\/hv-10-manual-turret-vickers-hardness-tester\/","title":{"rendered":"(HV-10) Manuelles Vickers-H\u00e4rtepr\u00fcfger\u00e4t mit Revolver"},"content":{"rendered":"<h1 style=\"font-weight: 400;\"><strong>Die wichtigsten Funktionen und Merkmale:<\/strong><\/h1>\n<ol>\n<li style=\"font-weight: 400;\">Das von erfahrenen Optikern entwickelte optische System liefert nicht nur klare Bilder, sondern kann auch als einfaches Mikroskop mit einstellbarer Helligkeit und komfortabler Sicht verwendet werden.<\/li>\n<li style=\"font-weight: 400;\">On the industrial display screen, the hardness value can be visually displayed, the hardness can be converted, the test method, the test force, the time of the charge and the number of measurements, and the test process can be intuitively understood.<\/li>\n<li style=\"font-weight: 400;\">Gegossenes Aluminium, die Struktur ist stabil und verformt sich nicht, hochwertiger Autolack, kratzfest, viele Jahre im Einsatz und immer noch wie neu;<\/li>\n<\/ol>\n<ol start=\"4\">\n<li style=\"font-weight: 400;\">Unser Unternehmen verf\u00fcgt \u00fcber eigene F&amp;E-, Produktions- und Verarbeitungskapazit\u00e4ten. Unsere Maschinen bieten einen lebenslangen Ersatzteil- und Wartungs-Upgrade-Service.<\/li>\n<\/ol>\n<h1 style=\"font-weight: 400;\"><strong>Hauptanwendungsbereich:<\/strong><\/h1>\n<ol>\n<li style=\"font-weight: 400;\">Eisen und Stahl, Nichteisenmetalle, Metallfolien, Hartlegierungen, Metallbleche, Mikrostrukturen, Karbonisierung;<\/li>\n<li style=\"font-weight: 400;\">Carburizing, nitriding and decarburization layers, surface hardened layer, plating layer, coating, Heat treatment;\\<\/li>\n<li style=\"font-weight: 400;\">Glas, Wafer, keramische Materialien;<\/li>\n<\/ol>\n<h1 style=\"font-weight: 400;\"><strong>Technische Parameter:<\/strong><\/h1>\n<table>\n<tbody>\n<tr>\n<td width=\"259\">Parametername<\/td>\n<td width=\"294\">Parameter Daten<\/td>\n<\/tr>\n<tr>\n<td width=\"259\">Vickers-H\u00e4rteskala<\/td>\n<td width=\"294\">HV0.3,HV0.5,HV1.0,HV3.0,HV5.0,HV10.0<\/td>\n<\/tr>\n<tr>\n<td width=\"259\">anzeigen<\/td>\n<td width=\"294\">Automatic Reading Menu Display 5-digit hardness value, 4-digit diagonal length (D1, D2),<\/p>\n<p>Haltezeit, Anzahl der Tests, Durchschnitt, Standardabweichung, Ertrag<\/td>\n<\/tr>\n<tr>\n<td width=\"259\">Testkraft(Kgf)<\/td>\n<td width=\"294\">0.3,0.5,1.0,3.0,5.0,10.0<\/td>\n<\/tr>\n<tr>\n<td width=\"259\">Ladekontrolle<\/td>\n<td width=\"294\">Automatisch (Laden\/Halten\/Deinstallieren)<\/td>\n<\/tr>\n<tr>\n<td width=\"259\">Testkraft Haltezeit(en)<\/td>\n<td width=\"294\">1\uff5e99<\/td>\n<\/tr>\n<tr>\n<td width=\"259\">Optischer Kanal<\/td>\n<td width=\"294\">Zwei Lichtkan\u00e4le (Okulare und CCD-Kamerakan\u00e4le)<\/td>\n<\/tr>\n<tr>\n<td width=\"259\">Optisches System<\/td>\n<td width=\"294\">Objektive: 10\u00d7, 20\u00d7<\/p>\n<p>Vergr\u00f6\u00dferung des Okulars: 10\u00d7<\/p>\n<p>Gesamtvergr\u00f6\u00dferung (\u03bcm): 100\u00d7, 200\u00d7<\/p>\n<p>Measuring range: 800\u03bcm 400\u03bcm<\/p>\n<p>Resolution :1\u03bcm 0.5\u03bcm<\/td>\n<\/tr>\n<tr>\n<td width=\"259\">Messbereich H\u00e4rte<\/td>\n<td width=\"294\">(5-3000)HV<\/td>\n<\/tr>\n<tr>\n<td width=\"259\">XY-Pr\u00fcfstand (optional)<\/td>\n<td width=\"294\">Gr\u00f6\u00dfe (mm): 100\u00d7100<\/p>\n<p>Verfahrbereich (mm): 25\u00d725<\/p>\n<p>Minimaler Messwert (mm): 0.01<\/td>\n<\/tr>\n<tr>\n<td width=\"259\">Maximale H\u00f6he des Exemplars (mm)<\/td>\n<td width=\"294\">165<\/td>\n<\/tr>\n<tr>\n<td width=\"259\">Maximale Breite des Exemplars (mm)<\/td>\n<td width=\"294\">130 (Abstand von der Mittellinie des Eindringk\u00f6rpers zur Wand)<\/td>\n<\/tr>\n<tr>\n<td width=\"259\">Exekutive Standard<\/td>\n<td width=\"294\">GB\/T4340.2 Chinese Standard,<\/p>\n<p>JJG151 Inspection Rule<\/td>\n<\/tr>\n<tr>\n<td width=\"259\">Spannung<\/td>\n<td width=\"294\">AC220V\/50HZ<\/td>\n<\/tr>\n<tr>\n<td width=\"259\">Gesamtgr\u00f6\u00dfe (mm)<\/td>\n<td width=\"294\">585\u00d7200\u00d7630<\/td>\n<\/tr>\n<tr>\n<td width=\"259\">Gewicht (kg)<\/td>\n<td width=\"294\">42<\/td>\n<\/tr>\n<\/tbody>\n<\/table>\n<h1 style=\"font-weight: 400;\"><strong>Standard-Konfiguration<\/strong><\/h1>\n<table>\n<tbody>\n<tr>\n<td width=\"277\">Host-Computer<\/td>\n<td width=\"277\">1<\/td>\n<\/tr>\n<tr>\n<td width=\"277\">Gewicht<\/td>\n<td width=\"277\">3<\/td>\n<\/tr>\n<tr>\n<td width=\"277\">Plattform f\u00fcr Kreuzmessungen<\/td>\n<td width=\"277\">1<\/td>\n<\/tr>\n<tr>\n<td width=\"277\">Flacher Spanntisch<\/td>\n<td width=\"277\">1<\/td>\n<\/tr>\n<tr>\n<td width=\"277\">Stromkabel<\/td>\n<td width=\"277\">1<\/td>\n<\/tr>\n<tr>\n<td width=\"277\">10X digitales Mikroskop Okular<\/td>\n<td width=\"277\">1<\/td>\n<\/tr>\n<tr>\n<td width=\"277\">Vickers-H\u00e4rteblock<\/td>\n<td width=\"277\">2<\/td>\n<\/tr>\n<tr>\n<td width=\"277\">Ersatz-Sicherung 2A<\/td>\n<td width=\"277\">2<\/td>\n<\/tr>\n<tr>\n<td width=\"277\">Produkt-Zertifikat<\/td>\n<td width=\"277\">1<\/td>\n<\/tr>\n<tr>\n<td width=\"277\">Gebrauchsanweisung<\/td>\n<td width=\"277\">1<\/td>\n<\/tr>\n<\/tbody>\n<\/table>\n<p style=\"font-weight: 400;\">Bemerkungen: Optionale H\u00e4rtemesssoftware, eliminiert menschliche Fehler, Computerbedienung, verbessert die Effizienz, die Genauigkeit ist pr\u00e4ziser.<\/p>","protected":false},"excerpt":{"rendered":"<p style=\"font-weight: 400;\">Manual turret Vickers gauges meet basic Vickers hardness test requirements, and upgraded control systems provide more measurements<\/p>\n<p style=\"font-weight: 400;\">According to reports, the control is also more comprehensive and accurate.<\/p>","protected":false},"featured_media":29933,"comment_status":"open","ping_status":"closed","template":"","meta":[],"product_brand":[],"product_cat":[70,72],"product_tag":[113],"class_list":{"0":"post-29932","1":"product","2":"type-product","3":"status-publish","4":"has-post-thumbnail","6":"product_cat-hardness-tester","7":"product_cat-vickers-hardness-tester","8":"product_tag-vickers-hardness-tester","10":"first","11":"instock","12":"shipping-taxable","13":"product-type-simple"},"yoast_head":"<!-- This site is optimized with the Yoast SEO Premium plugin v25.4 (Yoast SEO v27.4) - https:\/\/yoast.com\/product\/yoast-seo-premium-wordpress\/ -->\n<title>(HV-10) Manual turret Vickers hardness tester - hardnesstests<\/title>\n<meta name=\"robots\" content=\"index, follow, max-snippet:-1, max-image-preview:large, max-video-preview:-1\" \/>\n<link rel=\"canonical\" href=\"https:\/\/hardnesstests.com\/de_de_formal\/produkt\/hv-10-manual-turret-vickers-hardness-tester\/\" \/>\n<meta property=\"og:locale\" content=\"de_DE\" \/>\n<meta property=\"og:type\" content=\"article\" \/>\n<meta property=\"og:title\" content=\"(HV-10) Manual turret Vickers hardness tester\" \/>\n<meta property=\"og:description\" content=\"Manual turret Vickers gauges meet basic Vickers hardness test requirements, and upgraded control systems provide more measurements According to reports, the control is also more comprehensive and accurate.\" \/>\n<meta property=\"og:url\" content=\"https:\/\/hardnesstests.com\/de_de_formal\/produkt\/hv-10-manual-turret-vickers-hardness-tester\/\" \/>\n<meta property=\"og:site_name\" content=\"hardnesstests\" \/>\n<meta property=\"og:image\" content=\"https:\/\/hardnesstests.com\/wp-content\/uploads\/2025\/11\/HV-10\u624b\u52a8\u8f6c\u5854\u7ef4\u6c0f\u786c\u5ea6\u8ba1.jpg\" \/>\n\t<meta property=\"og:image:width\" content=\"800\" \/>\n\t<meta property=\"og:image:height\" content=\"800\" \/>\n\t<meta property=\"og:image:type\" content=\"image\/jpeg\" \/>\n<meta name=\"twitter:card\" content=\"summary_large_image\" \/>\n<meta name=\"twitter:label1\" content=\"Gesch\u00e4tzte Lesezeit\" \/>\n\t<meta name=\"twitter:data1\" content=\"2\u00a0Minuten\" \/>\n<script type=\"application\/ld+json\" class=\"yoast-schema-graph\">{\"@context\":\"https:\\\/\\\/schema.org\",\"@graph\":[{\"@type\":\"WebPage\",\"@id\":\"https:\\\/\\\/hardnesstests.com\\\/product\\\/hv-10-manual-turret-vickers-hardness-tester\\\/\",\"url\":\"https:\\\/\\\/hardnesstests.com\\\/product\\\/hv-10-manual-turret-vickers-hardness-tester\\\/\",\"name\":\"(HV-10) Manual turret Vickers hardness tester - hardnesstests\",\"isPartOf\":{\"@id\":\"https:\\\/\\\/hardnesstests.com\\\/tr\\\/#website\"},\"primaryImageOfPage\":{\"@id\":\"https:\\\/\\\/hardnesstests.com\\\/product\\\/hv-10-manual-turret-vickers-hardness-tester\\\/#primaryimage\"},\"image\":{\"@id\":\"https:\\\/\\\/hardnesstests.com\\\/product\\\/hv-10-manual-turret-vickers-hardness-tester\\\/#primaryimage\"},\"thumbnailUrl\":\"https:\\\/\\\/hardnesstests.com\\\/wp-content\\\/uploads\\\/2025\\\/11\\\/HV-10\u624b\u52a8\u8f6c\u5854\u7ef4\u6c0f\u786c\u5ea6\u8ba1.jpg\",\"datePublished\":\"2025-11-28T02:48:23+00:00\",\"breadcrumb\":{\"@id\":\"https:\\\/\\\/hardnesstests.com\\\/product\\\/hv-10-manual-turret-vickers-hardness-tester\\\/#breadcrumb\"},\"inLanguage\":\"de\",\"potentialAction\":[{\"@type\":\"ReadAction\",\"target\":[\"https:\\\/\\\/hardnesstests.com\\\/product\\\/hv-10-manual-turret-vickers-hardness-tester\\\/\"]}]},{\"@type\":\"ImageObject\",\"inLanguage\":\"de\",\"@id\":\"https:\\\/\\\/hardnesstests.com\\\/product\\\/hv-10-manual-turret-vickers-hardness-tester\\\/#primaryimage\",\"url\":\"https:\\\/\\\/hardnesstests.com\\\/wp-content\\\/uploads\\\/2025\\\/11\\\/HV-10\u624b\u52a8\u8f6c\u5854\u7ef4\u6c0f\u786c\u5ea6\u8ba1.jpg\",\"contentUrl\":\"https:\\\/\\\/hardnesstests.com\\\/wp-content\\\/uploads\\\/2025\\\/11\\\/HV-10\u624b\u52a8\u8f6c\u5854\u7ef4\u6c0f\u786c\u5ea6\u8ba1.jpg\",\"width\":800,\"height\":800,\"caption\":\"(HV-10) Manual turret Vickers hardness tester\"},{\"@type\":\"BreadcrumbList\",\"@id\":\"https:\\\/\\\/hardnesstests.com\\\/product\\\/hv-10-manual-turret-vickers-hardness-tester\\\/#breadcrumb\",\"itemListElement\":[{\"@type\":\"ListItem\",\"position\":1,\"name\":\"\u9996\u9875\",\"item\":\"https:\\\/\\\/hardnesstests.com\\\/\"},{\"@type\":\"ListItem\",\"position\":2,\"name\":\"products\",\"item\":\"https:\\\/\\\/hardnesstests.com\\\/products\\\/\"},{\"@type\":\"ListItem\",\"position\":3,\"name\":\"(HV-10) Manual turret Vickers hardness tester\"}]},{\"@type\":\"WebSite\",\"@id\":\"https:\\\/\\\/hardnesstests.com\\\/tr\\\/#website\",\"url\":\"https:\\\/\\\/hardnesstests.com\\\/tr\\\/\",\"name\":\"hardnesstests\",\"description\":\"\",\"publisher\":{\"@id\":\"https:\\\/\\\/hardnesstests.com\\\/tr\\\/#organization\"},\"potentialAction\":[{\"@type\":\"SearchAction\",\"target\":{\"@type\":\"EntryPoint\",\"urlTemplate\":\"https:\\\/\\\/hardnesstests.com\\\/tr\\\/?s={search_term_string}\"},\"query-input\":{\"@type\":\"PropertyValueSpecification\",\"valueRequired\":true,\"valueName\":\"search_term_string\"}}],\"inLanguage\":\"de\"},{\"@type\":\"Organization\",\"@id\":\"https:\\\/\\\/hardnesstests.com\\\/tr\\\/#organization\",\"name\":\"hardnesstests\",\"url\":\"https:\\\/\\\/hardnesstests.com\\\/tr\\\/\",\"logo\":{\"@type\":\"ImageObject\",\"inLanguage\":\"de\",\"@id\":\"https:\\\/\\\/hardnesstests.com\\\/tr\\\/#\\\/schema\\\/logo\\\/image\\\/\",\"url\":\"https:\\\/\\\/hardnesstests.com\\\/wp-content\\\/uploads\\\/2021\\\/08\\\/\u5fae\u4fe1\u56fe\u7247_20251029102004_335_1287.png\",\"contentUrl\":\"https:\\\/\\\/hardnesstests.com\\\/wp-content\\\/uploads\\\/2021\\\/08\\\/\u5fae\u4fe1\u56fe\u7247_20251029102004_335_1287.png\",\"width\":1308,\"height\":467,\"caption\":\"hardnesstests\"},\"image\":{\"@id\":\"https:\\\/\\\/hardnesstests.com\\\/tr\\\/#\\\/schema\\\/logo\\\/image\\\/\"}}]}<\/script>\n<!-- \/ Yoast SEO Premium plugin. -->","yoast_head_json":{"title":"(HV-10) Manual turret Vickers hardness tester - hardnesstests","robots":{"index":"index","follow":"follow","max-snippet":"max-snippet:-1","max-image-preview":"max-image-preview:large","max-video-preview":"max-video-preview:-1"},"canonical":"https:\/\/hardnesstests.com\/de_de_formal\/produkt\/hv-10-manual-turret-vickers-hardness-tester\/","og_locale":"de_DE","og_type":"article","og_title":"(HV-10) Manual turret Vickers hardness tester","og_description":"Manual turret Vickers gauges meet basic Vickers hardness test requirements, and upgraded control systems provide more measurements According to reports, the control is also more comprehensive and accurate.","og_url":"https:\/\/hardnesstests.com\/de_de_formal\/produkt\/hv-10-manual-turret-vickers-hardness-tester\/","og_site_name":"hardnesstests","og_image":[{"width":800,"height":800,"url":"https:\/\/hardnesstests.com\/wp-content\/uploads\/2025\/11\/HV-10\u624b\u52a8\u8f6c\u5854\u7ef4\u6c0f\u786c\u5ea6\u8ba1.jpg","type":"image\/jpeg"}],"twitter_card":"summary_large_image","twitter_misc":{"Gesch\u00e4tzte Lesezeit":"2\u00a0Minuten"},"schema":{"@context":"https:\/\/schema.org","@graph":[{"@type":"WebPage","@id":"https:\/\/hardnesstests.com\/product\/hv-10-manual-turret-vickers-hardness-tester\/","url":"https:\/\/hardnesstests.com\/product\/hv-10-manual-turret-vickers-hardness-tester\/","name":"(HV-10) Manual turret Vickers hardness tester - hardnesstests","isPartOf":{"@id":"https:\/\/hardnesstests.com\/tr\/#website"},"primaryImageOfPage":{"@id":"https:\/\/hardnesstests.com\/product\/hv-10-manual-turret-vickers-hardness-tester\/#primaryimage"},"image":{"@id":"https:\/\/hardnesstests.com\/product\/hv-10-manual-turret-vickers-hardness-tester\/#primaryimage"},"thumbnailUrl":"https:\/\/hardnesstests.com\/wp-content\/uploads\/2025\/11\/HV-10\u624b\u52a8\u8f6c\u5854\u7ef4\u6c0f\u786c\u5ea6\u8ba1.jpg","datePublished":"2025-11-28T02:48:23+00:00","breadcrumb":{"@id":"https:\/\/hardnesstests.com\/product\/hv-10-manual-turret-vickers-hardness-tester\/#breadcrumb"},"inLanguage":"de","potentialAction":[{"@type":"ReadAction","target":["https:\/\/hardnesstests.com\/product\/hv-10-manual-turret-vickers-hardness-tester\/"]}]},{"@type":"ImageObject","inLanguage":"de","@id":"https:\/\/hardnesstests.com\/product\/hv-10-manual-turret-vickers-hardness-tester\/#primaryimage","url":"https:\/\/hardnesstests.com\/wp-content\/uploads\/2025\/11\/HV-10\u624b\u52a8\u8f6c\u5854\u7ef4\u6c0f\u786c\u5ea6\u8ba1.jpg","contentUrl":"https:\/\/hardnesstests.com\/wp-content\/uploads\/2025\/11\/HV-10\u624b\u52a8\u8f6c\u5854\u7ef4\u6c0f\u786c\u5ea6\u8ba1.jpg","width":800,"height":800,"caption":"(HV-10) Manual turret Vickers hardness tester"},{"@type":"BreadcrumbList","@id":"https:\/\/hardnesstests.com\/product\/hv-10-manual-turret-vickers-hardness-tester\/#breadcrumb","itemListElement":[{"@type":"ListItem","position":1,"name":"\u9996\u9875","item":"https:\/\/hardnesstests.com\/"},{"@type":"ListItem","position":2,"name":"products","item":"https:\/\/hardnesstests.com\/products\/"},{"@type":"ListItem","position":3,"name":"(HV-10) Manual turret Vickers hardness tester"}]},{"@type":"WebSite","@id":"https:\/\/hardnesstests.com\/tr\/#website","url":"https:\/\/hardnesstests.com\/tr\/","name":"hardnesstests","description":"","publisher":{"@id":"https:\/\/hardnesstests.com\/tr\/#organization"},"potentialAction":[{"@type":"SearchAction","target":{"@type":"EntryPoint","urlTemplate":"https:\/\/hardnesstests.com\/tr\/?s={search_term_string}"},"query-input":{"@type":"PropertyValueSpecification","valueRequired":true,"valueName":"search_term_string"}}],"inLanguage":"de"},{"@type":"Organization","@id":"https:\/\/hardnesstests.com\/tr\/#organization","name":"hardnesstests","url":"https:\/\/hardnesstests.com\/tr\/","logo":{"@type":"ImageObject","inLanguage":"de","@id":"https:\/\/hardnesstests.com\/tr\/#\/schema\/logo\/image\/","url":"https:\/\/hardnesstests.com\/wp-content\/uploads\/2021\/08\/\u5fae\u4fe1\u56fe\u7247_20251029102004_335_1287.png","contentUrl":"https:\/\/hardnesstests.com\/wp-content\/uploads\/2021\/08\/\u5fae\u4fe1\u56fe\u7247_20251029102004_335_1287.png","width":1308,"height":467,"caption":"hardnesstests"},"image":{"@id":"https:\/\/hardnesstests.com\/tr\/#\/schema\/logo\/image\/"}}]}},"_links":{"self":[{"href":"https:\/\/hardnesstests.com\/de_de_formal\/wp-json\/wp\/v2\/product\/29932","targetHints":{"allow":["GET"]}}],"collection":[{"href":"https:\/\/hardnesstests.com\/de_de_formal\/wp-json\/wp\/v2\/product"}],"about":[{"href":"https:\/\/hardnesstests.com\/de_de_formal\/wp-json\/wp\/v2\/types\/product"}],"replies":[{"embeddable":true,"href":"https:\/\/hardnesstests.com\/de_de_formal\/wp-json\/wp\/v2\/comments?post=29932"}],"version-history":[{"count":1,"href":"https:\/\/hardnesstests.com\/de_de_formal\/wp-json\/wp\/v2\/product\/29932\/revisions"}],"predecessor-version":[{"id":29934,"href":"https:\/\/hardnesstests.com\/de_de_formal\/wp-json\/wp\/v2\/product\/29932\/revisions\/29934"}],"wp:featuredmedia":[{"embeddable":true,"href":"https:\/\/hardnesstests.com\/de_de_formal\/wp-json\/wp\/v2\/media\/29933"}],"wp:attachment":[{"href":"https:\/\/hardnesstests.com\/de_de_formal\/wp-json\/wp\/v2\/media?parent=29932"}],"wp:term":[{"taxonomy":"product_brand","embeddable":true,"href":"https:\/\/hardnesstests.com\/de_de_formal\/wp-json\/wp\/v2\/product_brand?post=29932"},{"taxonomy":"product_cat","embeddable":true,"href":"https:\/\/hardnesstests.com\/de_de_formal\/wp-json\/wp\/v2\/product_cat?post=29932"},{"taxonomy":"product_tag","embeddable":true,"href":"https:\/\/hardnesstests.com\/de_de_formal\/wp-json\/wp\/v2\/product_tag?post=29932"}],"curies":[{"name":"wp","href":"https:\/\/api.w.org\/{rel}","templated":true}]}}