{"id":29895,"date":"2025-11-28T01:49:54","date_gmt":"2025-11-28T01:49:54","guid":{"rendered":"https:\/\/hardnesstests.com\/?post_type=product&#038;p=29895"},"modified":"2025-11-28T01:49:54","modified_gmt":"2025-11-28T01:49:54","slug":"hvst-1000-touch-screen-digital-microhardness-tester","status":"publish","type":"product","link":"https:\/\/hardnesstests.com\/de_de_formal\/produkt\/hvst-1000-touch-screen-digital-microhardness-tester\/","title":{"rendered":"(HVST-1000) Digitales Mikroh\u00e4rtepr\u00fcfger\u00e4t mit Touchscreen"},"content":{"rendered":"<h1 style=\"font-weight: 400;\"><strong>Die wichtigsten Funktionen und Merkmale:<\/strong><\/h1>\n<ol>\n<li style=\"font-weight: 400;\">Das von erfahrenen Optik-Ingenieuren entwickelte optische System liefert nicht nur klare Bilder, sondern kann auch als einfaches Mikroskop mit einstellbarer Helligkeit und komfortabler Sicht verwendet werden, das auch nach l\u00e4ngerem Betrieb nicht leicht erm\u00fcdet;<\/li>\n<li style=\"font-weight: 400;\">The 7-inch LCD touch screen can directly display the hardness value, conversion hardness, test method, test force, brightness, dwell time, measurement times, statistical data, upper and lower limit measurement range, test time and other test processes are intuitive and clear;<\/li>\n<li style=\"font-weight: 400;\">The system comes with a calibration function, which can manually adjust the input error calibration instrument;<\/li>\n<li style=\"font-weight: 400;\">Der einstellbare Bereich der Helligkeit des optischen Systems: 0-100;<\/li>\n<li style=\"font-weight: 400;\">It can store up to 100 sets of test data, and display the latest 5 sets of test data on the main interface;<\/li>\n<li style=\"font-weight: 400;\">Die Einheit der Pr\u00fcfkraft kann manuell f\u00fcr die gegenseitige Umrechnung ausgew\u00e4hlt werden. Die Umrechnungseinheit ist: (Kgf, N)<\/li>\n<li style=\"font-weight: 400;\">Simultaneous display: maximum value, minimum value, average value, maximum error, sample difference;<\/li>\n<li style=\"font-weight: 400;\">The main interface can display 4 conversion rulers at the same time, and can switch: national standard, American standard and international standard. A total of 18 measurement rulers can be converted: HRA, HRB, HRC, HRD, HRE, HRF, HRG, HRH, HRK , HR15N, HR30N, HR45N, HR15T, HR30T, HR45T, HV, HK, HBW;<\/li>\n<li style=\"font-weight: 400;\">Beide Objektivlinsen k\u00f6nnen die H\u00e4rte direkt messen,<\/li>\n<li style=\"font-weight: 400;\">With diagonal length memory function, the diagonal length will be automatically memorized after shutting down, and it will be measured directly after turning on, without the need for secondary reset.<\/li>\n<li style=\"font-weight: 400;\">Der obere und untere Grenzmessbereich kann auf der Hauptmessoberfl\u00e4che eingestellt und angezeigt werden;<\/li>\n<li style=\"font-weight: 400;\">Die Messskala kann in HK Knoop-H\u00e4rte umgerechnet werden;<\/li>\n<li style=\"font-weight: 400;\">Das Betriebssystem kann zwischen Chinesisch und Englisch umgeschaltet werden;<\/li>\n<li style=\"font-weight: 400;\">Optionaler eingebauter Drucker, Testdaten k\u00f6nnen auch \u00fcber USB zur Speicherung und Analyse auf eine Festplatte ausgegeben werden;<\/li>\n<li style=\"font-weight: 400;\">The HVST-1000 model can directly confirm the hardness value by measuring the actual length;<\/li>\n<li style=\"font-weight: 400;\">The cast aluminum shell has a stable and non-deformed structure in one-time molding. The pure white car paint is of high grade and has strong scratch resistance. It is still bright as new after years of use;<\/li>\n<li style=\"font-weight: 400;\">Our company has the ability of self-developed design, production and processing, and our machines provide parts replacement and maintenance upgrade services for life;<\/li>\n<\/ol>\n<h1 style=\"font-weight: 400;\"><strong>The main purpose and scope of application:<\/strong><\/h1>\n<ol>\n<li style=\"font-weight: 400;\">Iron and steel, non-ferrous metals, metal foils, hard alloys, metal sheets, microstructures<\/li>\n<li style=\"font-weight: 400;\">Carburizing, Nitriding and Decarburization Layers, Surface Hardening Layers, Plating, Coatings<\/li>\n<li style=\"font-weight: 400;\">Glass, wafer,<\/li>\n<\/ol>\n<h1 style=\"font-weight: 400;\"><strong>Technische Parameter:<\/strong><\/h1>\n<table style=\"font-weight: 400;\" width=\"568\">\n<tbody>\n<tr>\n<td width=\"213\">Parameter name<\/td>\n<td width=\"355\">Parameter Daten<\/td>\n<\/tr>\n<tr>\n<td width=\"213\">Micro hardness scale<\/td>\n<td width=\"355\">HV0.01,HV0.025,HV0.05,HV0.1,HV0.2,HV0.3,HV0.5,HV1<\/td>\n<\/tr>\n<tr>\n<td width=\"213\">Display<\/td>\n<td width=\"355\">7- inch LCD touch screen<\/td>\n<\/tr>\n<tr>\n<td width=\"213\">Test force (gf)<\/td>\n<td width=\"355\">10,25,50,100,200,300,500,1000<\/td>\n<\/tr>\n<tr>\n<td width=\"213\">Ladekontrolle<\/td>\n<td width=\"355\">Automatisch (Laden\/Halten\/Deinstallieren)<\/td>\n<\/tr>\n<tr>\n<td width=\"213\">Test force retention time (s)<\/td>\n<td width=\"355\">5~60<\/td>\n<\/tr>\n<tr>\n<td width=\"213\">Test force selection<\/td>\n<td width=\"355\">External force selection knob, the test force is automatically displayed on the 7-inch LCD touch display<\/td>\n<\/tr>\n<tr>\n<td width=\"213\">Objective magnification<\/td>\n<td width=\"355\">10\u00d7, 40\u00d7<\/td>\n<\/tr>\n<tr>\n<td width=\"213\">Optischer Kanal<\/td>\n<td width=\"355\">Zwei Lichtkan\u00e4le (Okulare und CCD-Kamerakan\u00e4le)<\/td>\n<\/tr>\n<tr>\n<td width=\"213\">Optisches System<\/td>\n<td width=\"355\">1. Automatic digital encoder;<br \/>\n2. The total magnification (\u03bcm): 100 \u00d7 (observation), 400 \u00d7 (measurement);<br \/>\n3. Measuring range (\u03bcm): 200;<br \/>\n4. Resolution (\u03bcm): 0.01<\/td>\n<\/tr>\n<tr>\n<td width=\"213\">Messbereich H\u00e4rte<\/td>\n<td width=\"355\">(5-3000) HV<\/td>\n<\/tr>\n<tr>\n<td width=\"213\">XY test platform<\/td>\n<td width=\"355\">Gr\u00f6\u00dfe (mm): 100\u00d7100<br \/>\nVerfahrbereich (mm): 25\u00d725<br \/>\nMinimaler Messwert (mm): 0.01<\/td>\n<\/tr>\n<tr>\n<td width=\"213\">Datenausgabe (optional)<\/td>\n<td width=\"355\">Eingebauter Drucker, Testdaten k\u00f6nnen auch \u00fcber USB zur Speicherung und Analyse auf eine Festplatte ausgegeben werden<\/td>\n<\/tr>\n<tr>\n<td width=\"213\">Maximale H\u00f6he des Exemplars (mm)<\/td>\n<td width=\"355\">110<\/td>\n<\/tr>\n<tr>\n<td width=\"213\">Maximale Breite des Exemplars (mm)<\/td>\n<td width=\"355\">85(The distance from the center line of the indenter to the wall of the machine)<\/td>\n<\/tr>\n<tr>\n<td width=\"213\">Voltage<\/td>\n<td width=\"355\">AC220V\/50HZ<\/td>\n<\/tr>\n<tr>\n<td width=\"213\">Gewicht (kg)<\/td>\n<td width=\"355\">35<\/td>\n<\/tr>\n<tr>\n<td width=\"213\">Dimensions<\/td>\n<td width=\"355\">(540\u00d7200\u00d7530)mm<\/td>\n<\/tr>\n<\/tbody>\n<\/table>\n<h1 style=\"font-weight: 400;\"><strong>Standard configuration:<\/strong><\/h1>\n<table style=\"font-weight: 400;\" width=\"568\">\n<tbody>\n<tr>\n<td width=\"268\">1.\u00a0Host ( Micro Vickers indenter\u00a0x1, 10x objective x1, 40x objective x1)<\/td>\n<td width=\"300\">2.\u00a0Test platform, weight, microscope accessory box;<\/td>\n<\/tr>\n<tr>\n<td width=\"268\">3. Weights x6<\/td>\n<td width=\"300\">4. Weight bar x1<\/td>\n<\/tr>\n<tr>\n<td width=\"268\">5. Cross table x1<\/td>\n<td width=\"300\">6. Sheet clamping table x1<\/td>\n<\/tr>\n<tr>\n<td width=\"268\">7. Flat mouth clamping table x1<\/td>\n<td width=\"300\">8. Filament holding table x1<\/td>\n<\/tr>\n<tr>\n<td width=\"268\">9. Level meter x1<\/td>\n<td width=\"300\">10. Screwdriver x2<\/td>\n<\/tr>\n<tr>\n<td width=\"268\">11. Horizontal adjustment screws x4<\/td>\n<td width=\"300\">12. External power cord x1<\/td>\n<\/tr>\n<tr>\n<td width=\"268\">13.10\u00d7 Digital Micrometer Eyepieces x1<\/td>\n<td width=\"300\">14. Micro Vickers hardness block x2 (HV1, HV0.2\u00a0x1 for each )<\/td>\n<\/tr>\n<tr>\n<td width=\"268\">15. Fuses (1 A) x2<\/td>\n<td width=\"300\">16. Product certification x1<\/td>\n<\/tr>\n<tr>\n<td width=\"268\">17. Product Instruction Manual x1<\/td>\n<td width=\"300\">18. Dust cover x1<\/td>\n<\/tr>\n<\/tbody>\n<\/table>\n<h1 style=\"font-weight: 400;\"><strong>Note:<\/strong><\/h1>\n<ol>\n<li style=\"font-weight: 400;\">Optional side-sway lifting system makes the lifting system more stable and accurate.<\/li>\n<li style=\"font-weight: 400;\">Side-sway lifting system, optional Z-axis jog, improve efficiency.<\/li>\n<li style=\"font-weight: 400;\">Optional built-in printer, one-click printing of measurement data.<\/li>\n<li style=\"font-weight: 400;\">Optional computer measurement software, computer operation, improve efficiency, eliminate human error, more accurate accuracy, can produce data reports.<\/li>\n<\/ol>","protected":false},"excerpt":{"rendered":"<p style=\"font-weight: 400;\">This digital display micro hardness tester is a new generation of multifunctional touch screen micro hardness tester newly developed by our company. The hardness tester is novel in shape, has good reliability, operability and repeatability, and is ideal for testing micro hardness. product. The machine uses C language programming, high-magnification optical measurement system and optical dual-channel structure, new technologies such as optoelectronics, photocouple sensing, etc., in addition to meeting the basic Vickers hardness test requirements, the upgraded digital display micrometer eyepiece can directly Read the measured length to obtain the measured value more quickly and accurately. The upgraded control operating system adopts a 7-inch LCD touch screen, which can provide more measurement data, and the control is more comprehensive and accurate.<\/p>\n<p style=\"font-weight: 400;\">(Side-sway lifting system is optional, standard hand-screw)<\/p>","protected":false},"featured_media":29896,"comment_status":"open","ping_status":"closed","template":"","meta":[],"product_brand":[],"product_cat":[70,91],"product_tag":[101],"class_list":{"0":"post-29895","1":"product","2":"type-product","3":"status-publish","4":"has-post-thumbnail","6":"product_cat-hardness-tester","7":"product_cat-micro-vickers-hardness-tester","8":"product_tag-micro-vickers-hardness-tester","10":"first","11":"instock","12":"shipping-taxable","13":"product-type-simple"},"yoast_head":"<!-- This site is optimized with the Yoast SEO Premium plugin v25.4 (Yoast SEO v27.4) - https:\/\/yoast.com\/product\/yoast-seo-premium-wordpress\/ -->\n<title>(HVST-1000) Touch Screen Digital Microhardness Tester - hardnesstests<\/title>\n<meta name=\"robots\" content=\"index, follow, max-snippet:-1, max-image-preview:large, max-video-preview:-1\" \/>\n<link rel=\"canonical\" href=\"https:\/\/hardnesstests.com\/de_de_formal\/produkt\/hvst-1000-touch-screen-digital-microhardness-tester\/\" \/>\n<meta property=\"og:locale\" content=\"de_DE\" \/>\n<meta property=\"og:type\" content=\"article\" \/>\n<meta property=\"og:title\" content=\"(HVST-1000) Touch Screen Digital Microhardness Tester\" \/>\n<meta property=\"og:description\" content=\"This digital display micro hardness tester is a new generation of multifunctional touch screen micro hardness tester newly developed by our company. The hardness tester is novel in shape, has good reliability, operability and repeatability, and is ideal for testing micro hardness. product. The machine uses C language programming, high-magnification optical measurement system and optical dual-channel structure, new technologies such as optoelectronics, photocouple sensing, etc., in addition to meeting the basic Vickers hardness test requirements, the upgraded digital display micrometer eyepiece can directly Read the measured length to obtain the measured value more quickly and accurately. The upgraded control operating system adopts a 7-inch LCD touch screen, which can provide more measurement data, and the control is more comprehensive and accurate. (Side-sway lifting system is optional, standard hand-screw)\" \/>\n<meta property=\"og:url\" content=\"https:\/\/hardnesstests.com\/de_de_formal\/produkt\/hvst-1000-touch-screen-digital-microhardness-tester\/\" \/>\n<meta property=\"og:site_name\" content=\"hardnesstests\" \/>\n<meta property=\"og:image\" content=\"https:\/\/hardnesstests.com\/wp-content\/uploads\/2025\/11\/HVST-1000-\u89e6\u6478\u5c4f\u6570\u663e\u663e\u5fae\u7ef4\u6c0f\u786c\u5ea6\u8ba1.jpg\" \/>\n\t<meta property=\"og:image:width\" content=\"800\" \/>\n\t<meta property=\"og:image:height\" content=\"800\" \/>\n\t<meta property=\"og:image:type\" content=\"image\/jpeg\" \/>\n<meta name=\"twitter:card\" content=\"summary_large_image\" \/>\n<meta name=\"twitter:label1\" content=\"Gesch\u00e4tzte Lesezeit\" \/>\n\t<meta name=\"twitter:data1\" content=\"3\u00a0Minuten\" \/>\n<script type=\"application\/ld+json\" class=\"yoast-schema-graph\">{\"@context\":\"https:\\\/\\\/schema.org\",\"@graph\":[{\"@type\":\"WebPage\",\"@id\":\"https:\\\/\\\/hardnesstests.com\\\/product\\\/hvst-1000-touch-screen-digital-microhardness-tester\\\/\",\"url\":\"https:\\\/\\\/hardnesstests.com\\\/product\\\/hvst-1000-touch-screen-digital-microhardness-tester\\\/\",\"name\":\"(HVST-1000) Touch Screen Digital Microhardness Tester - hardnesstests\",\"isPartOf\":{\"@id\":\"https:\\\/\\\/hardnesstests.com\\\/tr\\\/#website\"},\"primaryImageOfPage\":{\"@id\":\"https:\\\/\\\/hardnesstests.com\\\/product\\\/hvst-1000-touch-screen-digital-microhardness-tester\\\/#primaryimage\"},\"image\":{\"@id\":\"https:\\\/\\\/hardnesstests.com\\\/product\\\/hvst-1000-touch-screen-digital-microhardness-tester\\\/#primaryimage\"},\"thumbnailUrl\":\"https:\\\/\\\/hardnesstests.com\\\/wp-content\\\/uploads\\\/2025\\\/11\\\/HVST-1000-\u89e6\u6478\u5c4f\u6570\u663e\u663e\u5fae\u7ef4\u6c0f\u786c\u5ea6\u8ba1.jpg\",\"datePublished\":\"2025-11-28T01:49:54+00:00\",\"breadcrumb\":{\"@id\":\"https:\\\/\\\/hardnesstests.com\\\/product\\\/hvst-1000-touch-screen-digital-microhardness-tester\\\/#breadcrumb\"},\"inLanguage\":\"de\",\"potentialAction\":[{\"@type\":\"ReadAction\",\"target\":[\"https:\\\/\\\/hardnesstests.com\\\/product\\\/hvst-1000-touch-screen-digital-microhardness-tester\\\/\"]}]},{\"@type\":\"ImageObject\",\"inLanguage\":\"de\",\"@id\":\"https:\\\/\\\/hardnesstests.com\\\/product\\\/hvst-1000-touch-screen-digital-microhardness-tester\\\/#primaryimage\",\"url\":\"https:\\\/\\\/hardnesstests.com\\\/wp-content\\\/uploads\\\/2025\\\/11\\\/HVST-1000-\u89e6\u6478\u5c4f\u6570\u663e\u663e\u5fae\u7ef4\u6c0f\u786c\u5ea6\u8ba1.jpg\",\"contentUrl\":\"https:\\\/\\\/hardnesstests.com\\\/wp-content\\\/uploads\\\/2025\\\/11\\\/HVST-1000-\u89e6\u6478\u5c4f\u6570\u663e\u663e\u5fae\u7ef4\u6c0f\u786c\u5ea6\u8ba1.jpg\",\"width\":800,\"height\":800,\"caption\":\"(HVST-1000) Touch Screen Digital Microhardness Tester\"},{\"@type\":\"BreadcrumbList\",\"@id\":\"https:\\\/\\\/hardnesstests.com\\\/product\\\/hvst-1000-touch-screen-digital-microhardness-tester\\\/#breadcrumb\",\"itemListElement\":[{\"@type\":\"ListItem\",\"position\":1,\"name\":\"\u9996\u9875\",\"item\":\"https:\\\/\\\/hardnesstests.com\\\/\"},{\"@type\":\"ListItem\",\"position\":2,\"name\":\"products\",\"item\":\"https:\\\/\\\/hardnesstests.com\\\/products\\\/\"},{\"@type\":\"ListItem\",\"position\":3,\"name\":\"(HVST-1000) Touch Screen Digital Microhardness Tester\"}]},{\"@type\":\"WebSite\",\"@id\":\"https:\\\/\\\/hardnesstests.com\\\/tr\\\/#website\",\"url\":\"https:\\\/\\\/hardnesstests.com\\\/tr\\\/\",\"name\":\"hardnesstests\",\"description\":\"\",\"publisher\":{\"@id\":\"https:\\\/\\\/hardnesstests.com\\\/tr\\\/#organization\"},\"potentialAction\":[{\"@type\":\"SearchAction\",\"target\":{\"@type\":\"EntryPoint\",\"urlTemplate\":\"https:\\\/\\\/hardnesstests.com\\\/tr\\\/?s={search_term_string}\"},\"query-input\":{\"@type\":\"PropertyValueSpecification\",\"valueRequired\":true,\"valueName\":\"search_term_string\"}}],\"inLanguage\":\"de\"},{\"@type\":\"Organization\",\"@id\":\"https:\\\/\\\/hardnesstests.com\\\/tr\\\/#organization\",\"name\":\"hardnesstests\",\"url\":\"https:\\\/\\\/hardnesstests.com\\\/tr\\\/\",\"logo\":{\"@type\":\"ImageObject\",\"inLanguage\":\"de\",\"@id\":\"https:\\\/\\\/hardnesstests.com\\\/tr\\\/#\\\/schema\\\/logo\\\/image\\\/\",\"url\":\"https:\\\/\\\/hardnesstests.com\\\/wp-content\\\/uploads\\\/2021\\\/08\\\/\u5fae\u4fe1\u56fe\u7247_20251029102004_335_1287.png\",\"contentUrl\":\"https:\\\/\\\/hardnesstests.com\\\/wp-content\\\/uploads\\\/2021\\\/08\\\/\u5fae\u4fe1\u56fe\u7247_20251029102004_335_1287.png\",\"width\":1308,\"height\":467,\"caption\":\"hardnesstests\"},\"image\":{\"@id\":\"https:\\\/\\\/hardnesstests.com\\\/tr\\\/#\\\/schema\\\/logo\\\/image\\\/\"}}]}<\/script>\n<!-- \/ Yoast SEO Premium plugin. -->","yoast_head_json":{"title":"(HVST-1000) Touch Screen Digital Microhardness Tester - hardnesstests","robots":{"index":"index","follow":"follow","max-snippet":"max-snippet:-1","max-image-preview":"max-image-preview:large","max-video-preview":"max-video-preview:-1"},"canonical":"https:\/\/hardnesstests.com\/de_de_formal\/produkt\/hvst-1000-touch-screen-digital-microhardness-tester\/","og_locale":"de_DE","og_type":"article","og_title":"(HVST-1000) Touch Screen Digital Microhardness Tester","og_description":"This digital display micro hardness tester is a new generation of multifunctional touch screen micro hardness tester newly developed by our company. The hardness tester is novel in shape, has good reliability, operability and repeatability, and is ideal for testing micro hardness. product. The machine uses C language programming, high-magnification optical measurement system and optical dual-channel structure, new technologies such as optoelectronics, photocouple sensing, etc., in addition to meeting the basic Vickers hardness test requirements, the upgraded digital display micrometer eyepiece can directly Read the measured length to obtain the measured value more quickly and accurately. The upgraded control operating system adopts a 7-inch LCD touch screen, which can provide more measurement data, and the control is more comprehensive and accurate. (Side-sway lifting system is optional, standard hand-screw)","og_url":"https:\/\/hardnesstests.com\/de_de_formal\/produkt\/hvst-1000-touch-screen-digital-microhardness-tester\/","og_site_name":"hardnesstests","og_image":[{"width":800,"height":800,"url":"https:\/\/hardnesstests.com\/wp-content\/uploads\/2025\/11\/HVST-1000-\u89e6\u6478\u5c4f\u6570\u663e\u663e\u5fae\u7ef4\u6c0f\u786c\u5ea6\u8ba1.jpg","type":"image\/jpeg"}],"twitter_card":"summary_large_image","twitter_misc":{"Gesch\u00e4tzte Lesezeit":"3\u00a0Minuten"},"schema":{"@context":"https:\/\/schema.org","@graph":[{"@type":"WebPage","@id":"https:\/\/hardnesstests.com\/product\/hvst-1000-touch-screen-digital-microhardness-tester\/","url":"https:\/\/hardnesstests.com\/product\/hvst-1000-touch-screen-digital-microhardness-tester\/","name":"(HVST-1000) Touch Screen Digital Microhardness Tester - hardnesstests","isPartOf":{"@id":"https:\/\/hardnesstests.com\/tr\/#website"},"primaryImageOfPage":{"@id":"https:\/\/hardnesstests.com\/product\/hvst-1000-touch-screen-digital-microhardness-tester\/#primaryimage"},"image":{"@id":"https:\/\/hardnesstests.com\/product\/hvst-1000-touch-screen-digital-microhardness-tester\/#primaryimage"},"thumbnailUrl":"https:\/\/hardnesstests.com\/wp-content\/uploads\/2025\/11\/HVST-1000-\u89e6\u6478\u5c4f\u6570\u663e\u663e\u5fae\u7ef4\u6c0f\u786c\u5ea6\u8ba1.jpg","datePublished":"2025-11-28T01:49:54+00:00","breadcrumb":{"@id":"https:\/\/hardnesstests.com\/product\/hvst-1000-touch-screen-digital-microhardness-tester\/#breadcrumb"},"inLanguage":"de","potentialAction":[{"@type":"ReadAction","target":["https:\/\/hardnesstests.com\/product\/hvst-1000-touch-screen-digital-microhardness-tester\/"]}]},{"@type":"ImageObject","inLanguage":"de","@id":"https:\/\/hardnesstests.com\/product\/hvst-1000-touch-screen-digital-microhardness-tester\/#primaryimage","url":"https:\/\/hardnesstests.com\/wp-content\/uploads\/2025\/11\/HVST-1000-\u89e6\u6478\u5c4f\u6570\u663e\u663e\u5fae\u7ef4\u6c0f\u786c\u5ea6\u8ba1.jpg","contentUrl":"https:\/\/hardnesstests.com\/wp-content\/uploads\/2025\/11\/HVST-1000-\u89e6\u6478\u5c4f\u6570\u663e\u663e\u5fae\u7ef4\u6c0f\u786c\u5ea6\u8ba1.jpg","width":800,"height":800,"caption":"(HVST-1000) Touch Screen Digital Microhardness Tester"},{"@type":"BreadcrumbList","@id":"https:\/\/hardnesstests.com\/product\/hvst-1000-touch-screen-digital-microhardness-tester\/#breadcrumb","itemListElement":[{"@type":"ListItem","position":1,"name":"\u9996\u9875","item":"https:\/\/hardnesstests.com\/"},{"@type":"ListItem","position":2,"name":"products","item":"https:\/\/hardnesstests.com\/products\/"},{"@type":"ListItem","position":3,"name":"(HVST-1000) Touch Screen Digital Microhardness Tester"}]},{"@type":"WebSite","@id":"https:\/\/hardnesstests.com\/tr\/#website","url":"https:\/\/hardnesstests.com\/tr\/","name":"hardnesstests","description":"","publisher":{"@id":"https:\/\/hardnesstests.com\/tr\/#organization"},"potentialAction":[{"@type":"SearchAction","target":{"@type":"EntryPoint","urlTemplate":"https:\/\/hardnesstests.com\/tr\/?s={search_term_string}"},"query-input":{"@type":"PropertyValueSpecification","valueRequired":true,"valueName":"search_term_string"}}],"inLanguage":"de"},{"@type":"Organization","@id":"https:\/\/hardnesstests.com\/tr\/#organization","name":"hardnesstests","url":"https:\/\/hardnesstests.com\/tr\/","logo":{"@type":"ImageObject","inLanguage":"de","@id":"https:\/\/hardnesstests.com\/tr\/#\/schema\/logo\/image\/","url":"https:\/\/hardnesstests.com\/wp-content\/uploads\/2021\/08\/\u5fae\u4fe1\u56fe\u7247_20251029102004_335_1287.png","contentUrl":"https:\/\/hardnesstests.com\/wp-content\/uploads\/2021\/08\/\u5fae\u4fe1\u56fe\u7247_20251029102004_335_1287.png","width":1308,"height":467,"caption":"hardnesstests"},"image":{"@id":"https:\/\/hardnesstests.com\/tr\/#\/schema\/logo\/image\/"}}]}},"_links":{"self":[{"href":"https:\/\/hardnesstests.com\/de_de_formal\/wp-json\/wp\/v2\/product\/29895","targetHints":{"allow":["GET"]}}],"collection":[{"href":"https:\/\/hardnesstests.com\/de_de_formal\/wp-json\/wp\/v2\/product"}],"about":[{"href":"https:\/\/hardnesstests.com\/de_de_formal\/wp-json\/wp\/v2\/types\/product"}],"replies":[{"embeddable":true,"href":"https:\/\/hardnesstests.com\/de_de_formal\/wp-json\/wp\/v2\/comments?post=29895"}],"version-history":[{"count":1,"href":"https:\/\/hardnesstests.com\/de_de_formal\/wp-json\/wp\/v2\/product\/29895\/revisions"}],"predecessor-version":[{"id":29897,"href":"https:\/\/hardnesstests.com\/de_de_formal\/wp-json\/wp\/v2\/product\/29895\/revisions\/29897"}],"wp:featuredmedia":[{"embeddable":true,"href":"https:\/\/hardnesstests.com\/de_de_formal\/wp-json\/wp\/v2\/media\/29896"}],"wp:attachment":[{"href":"https:\/\/hardnesstests.com\/de_de_formal\/wp-json\/wp\/v2\/media?parent=29895"}],"wp:term":[{"taxonomy":"product_brand","embeddable":true,"href":"https:\/\/hardnesstests.com\/de_de_formal\/wp-json\/wp\/v2\/product_brand?post=29895"},{"taxonomy":"product_cat","embeddable":true,"href":"https:\/\/hardnesstests.com\/de_de_formal\/wp-json\/wp\/v2\/product_cat?post=29895"},{"taxonomy":"product_tag","embeddable":true,"href":"https:\/\/hardnesstests.com\/de_de_formal\/wp-json\/wp\/v2\/product_tag?post=29895"}],"curies":[{"name":"wp","href":"https:\/\/api.w.org\/{rel}","templated":true}]}}