{"id":29865,"date":"2025-11-27T09:28:39","date_gmt":"2025-11-27T09:28:39","guid":{"rendered":"https:\/\/hardnesstests.com\/?post_type=product&#038;p=29865"},"modified":"2025-11-27T09:28:39","modified_gmt":"2025-11-27T09:28:39","slug":"w-20-webster-hardness-tester","status":"publish","type":"product","link":"https:\/\/hardnesstests.com\/de_de_formal\/produkt\/w-20-webster-hardness-tester\/","title":{"rendered":"W-20 Webster H\u00e4rtepr\u00fcfger\u00e4t"},"content":{"rendered":"<h1 style=\"font-weight: 400;\"><strong>Die wichtigsten Funktionen und Merkmale:<\/strong><\/h1>\n<ol>\n<li>The Webster hardness tester is suitable for testing profiles, tubes and plates. It is particularly suitable for the rapid and non-destructive inspection of product hardness at the production site, sales site or construction site.<\/li>\n<li>The standard hardness block is tested by the standard hardness machine;<\/li>\n<li>Webster hardness value can be converted into commonly used Vickers, Rockwell, Brinell hardness and tensile strength values;<\/li>\n<\/ol>\n<h1 style=\"font-weight: 400;\"><strong>Main purpose and application:<\/strong><\/h1>\n<ol>\n<li>Determine whether the workpiece heat treatment, check the heat treatment effect<\/li>\n<li>Determine whether the workpiece is not processed by the appropriate alloy<\/li>\n<li>Test inconvenience to the laboratory&#8217;s long, heavy workpiece or assembly<\/li>\n<li>For production inspection, acceptance inspection and quality supervision and inspection<\/li>\n<\/ol>","protected":false},"excerpt":{"rendered":"<p>W-20 Aluminum Alloy Webster Hardness Tester (also known as the clamp-type hardness tester) is a lightweight, on-site instrument that can quickly test the hardness of aluminum alloys. The test is rapid, simple, and one card can be used. The hardness value can be read directly. It conforms to the China Nonferrous Metals Standard YS\/T420 and American Standard ASTM B647. It is one of the two instruments recommended by the standard YS\/T420.<\/p>","protected":false},"featured_media":29866,"comment_status":"open","ping_status":"closed","template":"","meta":[],"product_brand":[],"product_cat":[70,77],"product_tag":[112],"class_list":{"0":"post-29865","1":"product","2":"type-product","3":"status-publish","4":"has-post-thumbnail","6":"product_cat-hardness-tester","7":"product_cat-webster-hardness-tester","8":"product_tag-webster-hardness-tester","10":"first","11":"instock","12":"shipping-taxable","13":"product-type-simple"},"yoast_head":"<!-- This site is optimized with the Yoast SEO Premium plugin v25.4 (Yoast SEO v27.4) - https:\/\/yoast.com\/product\/yoast-seo-premium-wordpress\/ -->\n<title>W-20 Webster hardness tester - hardnesstests<\/title>\n<meta name=\"robots\" content=\"index, follow, max-snippet:-1, max-image-preview:large, max-video-preview:-1\" \/>\n<link rel=\"canonical\" href=\"https:\/\/hardnesstests.com\/de_de_formal\/produkt\/w-20-webster-hardness-tester\/\" \/>\n<meta property=\"og:locale\" content=\"de_DE\" \/>\n<meta property=\"og:type\" content=\"article\" \/>\n<meta property=\"og:title\" content=\"W-20 Webster hardness tester\" \/>\n<meta property=\"og:description\" content=\"W-20 Aluminum Alloy Webster Hardness Tester (also known as the clamp-type hardness tester) is a lightweight, on-site instrument that can quickly test the hardness of aluminum alloys. The test is rapid, simple, and one card can be used. The hardness value can be read directly. It conforms to the China Nonferrous Metals Standard YS\/T420 and American Standard ASTM B647. It is one of the two instruments recommended by the standard YS\/T420.\" \/>\n<meta property=\"og:url\" content=\"https:\/\/hardnesstests.com\/de_de_formal\/produkt\/w-20-webster-hardness-tester\/\" \/>\n<meta property=\"og:site_name\" content=\"hardnesstests\" \/>\n<meta property=\"og:image\" content=\"https:\/\/hardnesstests.com\/wp-content\/uploads\/2025\/11\/W-20-\u97e6\u6c0f\u786c\u5ea6\u8ba1.jpg\" \/>\n\t<meta property=\"og:image:width\" content=\"550\" \/>\n\t<meta property=\"og:image:height\" content=\"550\" \/>\n\t<meta property=\"og:image:type\" content=\"image\/jpeg\" \/>\n<meta name=\"twitter:card\" content=\"summary_large_image\" \/>\n<meta name=\"twitter:label1\" content=\"Gesch\u00e4tzte Lesezeit\" \/>\n\t<meta name=\"twitter:data1\" content=\"1\u00a0Minute\" \/>\n<script type=\"application\/ld+json\" class=\"yoast-schema-graph\">{\"@context\":\"https:\\\/\\\/schema.org\",\"@graph\":[{\"@type\":\"WebPage\",\"@id\":\"https:\\\/\\\/hardnesstests.com\\\/product\\\/w-20-webster-hardness-tester\\\/\",\"url\":\"https:\\\/\\\/hardnesstests.com\\\/product\\\/w-20-webster-hardness-tester\\\/\",\"name\":\"W-20 Webster hardness tester - hardnesstests\",\"isPartOf\":{\"@id\":\"https:\\\/\\\/hardnesstests.com\\\/tr\\\/#website\"},\"primaryImageOfPage\":{\"@id\":\"https:\\\/\\\/hardnesstests.com\\\/product\\\/w-20-webster-hardness-tester\\\/#primaryimage\"},\"image\":{\"@id\":\"https:\\\/\\\/hardnesstests.com\\\/product\\\/w-20-webster-hardness-tester\\\/#primaryimage\"},\"thumbnailUrl\":\"https:\\\/\\\/hardnesstests.com\\\/wp-content\\\/uploads\\\/2025\\\/11\\\/W-20-\u97e6\u6c0f\u786c\u5ea6\u8ba1.jpg\",\"datePublished\":\"2025-11-27T09:28:39+00:00\",\"breadcrumb\":{\"@id\":\"https:\\\/\\\/hardnesstests.com\\\/product\\\/w-20-webster-hardness-tester\\\/#breadcrumb\"},\"inLanguage\":\"de\",\"potentialAction\":[{\"@type\":\"ReadAction\",\"target\":[\"https:\\\/\\\/hardnesstests.com\\\/product\\\/w-20-webster-hardness-tester\\\/\"]}]},{\"@type\":\"ImageObject\",\"inLanguage\":\"de\",\"@id\":\"https:\\\/\\\/hardnesstests.com\\\/product\\\/w-20-webster-hardness-tester\\\/#primaryimage\",\"url\":\"https:\\\/\\\/hardnesstests.com\\\/wp-content\\\/uploads\\\/2025\\\/11\\\/W-20-\u97e6\u6c0f\u786c\u5ea6\u8ba1.jpg\",\"contentUrl\":\"https:\\\/\\\/hardnesstests.com\\\/wp-content\\\/uploads\\\/2025\\\/11\\\/W-20-\u97e6\u6c0f\u786c\u5ea6\u8ba1.jpg\",\"width\":550,\"height\":550,\"caption\":\"W-20 Webster hardness tester\"},{\"@type\":\"BreadcrumbList\",\"@id\":\"https:\\\/\\\/hardnesstests.com\\\/product\\\/w-20-webster-hardness-tester\\\/#breadcrumb\",\"itemListElement\":[{\"@type\":\"ListItem\",\"position\":1,\"name\":\"\u9996\u9875\",\"item\":\"https:\\\/\\\/hardnesstests.com\\\/\"},{\"@type\":\"ListItem\",\"position\":2,\"name\":\"products\",\"item\":\"https:\\\/\\\/hardnesstests.com\\\/products\\\/\"},{\"@type\":\"ListItem\",\"position\":3,\"name\":\"W-20 Webster hardness tester\"}]},{\"@type\":\"WebSite\",\"@id\":\"https:\\\/\\\/hardnesstests.com\\\/tr\\\/#website\",\"url\":\"https:\\\/\\\/hardnesstests.com\\\/tr\\\/\",\"name\":\"hardnesstests\",\"description\":\"\",\"publisher\":{\"@id\":\"https:\\\/\\\/hardnesstests.com\\\/tr\\\/#organization\"},\"potentialAction\":[{\"@type\":\"SearchAction\",\"target\":{\"@type\":\"EntryPoint\",\"urlTemplate\":\"https:\\\/\\\/hardnesstests.com\\\/tr\\\/?s={search_term_string}\"},\"query-input\":{\"@type\":\"PropertyValueSpecification\",\"valueRequired\":true,\"valueName\":\"search_term_string\"}}],\"inLanguage\":\"de\"},{\"@type\":\"Organization\",\"@id\":\"https:\\\/\\\/hardnesstests.com\\\/tr\\\/#organization\",\"name\":\"hardnesstests\",\"url\":\"https:\\\/\\\/hardnesstests.com\\\/tr\\\/\",\"logo\":{\"@type\":\"ImageObject\",\"inLanguage\":\"de\",\"@id\":\"https:\\\/\\\/hardnesstests.com\\\/tr\\\/#\\\/schema\\\/logo\\\/image\\\/\",\"url\":\"https:\\\/\\\/hardnesstests.com\\\/wp-content\\\/uploads\\\/2021\\\/08\\\/\u5fae\u4fe1\u56fe\u7247_20251029102004_335_1287.png\",\"contentUrl\":\"https:\\\/\\\/hardnesstests.com\\\/wp-content\\\/uploads\\\/2021\\\/08\\\/\u5fae\u4fe1\u56fe\u7247_20251029102004_335_1287.png\",\"width\":1308,\"height\":467,\"caption\":\"hardnesstests\"},\"image\":{\"@id\":\"https:\\\/\\\/hardnesstests.com\\\/tr\\\/#\\\/schema\\\/logo\\\/image\\\/\"}}]}<\/script>\n<!-- \/ Yoast SEO Premium plugin. -->","yoast_head_json":{"title":"W-20 Webster hardness tester - hardnesstests","robots":{"index":"index","follow":"follow","max-snippet":"max-snippet:-1","max-image-preview":"max-image-preview:large","max-video-preview":"max-video-preview:-1"},"canonical":"https:\/\/hardnesstests.com\/de_de_formal\/produkt\/w-20-webster-hardness-tester\/","og_locale":"de_DE","og_type":"article","og_title":"W-20 Webster hardness tester","og_description":"W-20 Aluminum Alloy Webster Hardness Tester (also known as the clamp-type hardness tester) is a lightweight, on-site instrument that can quickly test the hardness of aluminum alloys. The test is rapid, simple, and one card can be used. The hardness value can be read directly. It conforms to the China Nonferrous Metals Standard YS\/T420 and American Standard ASTM B647. It is one of the two instruments recommended by the standard YS\/T420.","og_url":"https:\/\/hardnesstests.com\/de_de_formal\/produkt\/w-20-webster-hardness-tester\/","og_site_name":"hardnesstests","og_image":[{"width":550,"height":550,"url":"https:\/\/hardnesstests.com\/wp-content\/uploads\/2025\/11\/W-20-\u97e6\u6c0f\u786c\u5ea6\u8ba1.jpg","type":"image\/jpeg"}],"twitter_card":"summary_large_image","twitter_misc":{"Gesch\u00e4tzte Lesezeit":"1\u00a0Minute"},"schema":{"@context":"https:\/\/schema.org","@graph":[{"@type":"WebPage","@id":"https:\/\/hardnesstests.com\/product\/w-20-webster-hardness-tester\/","url":"https:\/\/hardnesstests.com\/product\/w-20-webster-hardness-tester\/","name":"W-20 Webster hardness tester - hardnesstests","isPartOf":{"@id":"https:\/\/hardnesstests.com\/tr\/#website"},"primaryImageOfPage":{"@id":"https:\/\/hardnesstests.com\/product\/w-20-webster-hardness-tester\/#primaryimage"},"image":{"@id":"https:\/\/hardnesstests.com\/product\/w-20-webster-hardness-tester\/#primaryimage"},"thumbnailUrl":"https:\/\/hardnesstests.com\/wp-content\/uploads\/2025\/11\/W-20-\u97e6\u6c0f\u786c\u5ea6\u8ba1.jpg","datePublished":"2025-11-27T09:28:39+00:00","breadcrumb":{"@id":"https:\/\/hardnesstests.com\/product\/w-20-webster-hardness-tester\/#breadcrumb"},"inLanguage":"de","potentialAction":[{"@type":"ReadAction","target":["https:\/\/hardnesstests.com\/product\/w-20-webster-hardness-tester\/"]}]},{"@type":"ImageObject","inLanguage":"de","@id":"https:\/\/hardnesstests.com\/product\/w-20-webster-hardness-tester\/#primaryimage","url":"https:\/\/hardnesstests.com\/wp-content\/uploads\/2025\/11\/W-20-\u97e6\u6c0f\u786c\u5ea6\u8ba1.jpg","contentUrl":"https:\/\/hardnesstests.com\/wp-content\/uploads\/2025\/11\/W-20-\u97e6\u6c0f\u786c\u5ea6\u8ba1.jpg","width":550,"height":550,"caption":"W-20 Webster hardness tester"},{"@type":"BreadcrumbList","@id":"https:\/\/hardnesstests.com\/product\/w-20-webster-hardness-tester\/#breadcrumb","itemListElement":[{"@type":"ListItem","position":1,"name":"\u9996\u9875","item":"https:\/\/hardnesstests.com\/"},{"@type":"ListItem","position":2,"name":"products","item":"https:\/\/hardnesstests.com\/products\/"},{"@type":"ListItem","position":3,"name":"W-20 Webster hardness tester"}]},{"@type":"WebSite","@id":"https:\/\/hardnesstests.com\/tr\/#website","url":"https:\/\/hardnesstests.com\/tr\/","name":"hardnesstests","description":"","publisher":{"@id":"https:\/\/hardnesstests.com\/tr\/#organization"},"potentialAction":[{"@type":"SearchAction","target":{"@type":"EntryPoint","urlTemplate":"https:\/\/hardnesstests.com\/tr\/?s={search_term_string}"},"query-input":{"@type":"PropertyValueSpecification","valueRequired":true,"valueName":"search_term_string"}}],"inLanguage":"de"},{"@type":"Organization","@id":"https:\/\/hardnesstests.com\/tr\/#organization","name":"hardnesstests","url":"https:\/\/hardnesstests.com\/tr\/","logo":{"@type":"ImageObject","inLanguage":"de","@id":"https:\/\/hardnesstests.com\/tr\/#\/schema\/logo\/image\/","url":"https:\/\/hardnesstests.com\/wp-content\/uploads\/2021\/08\/\u5fae\u4fe1\u56fe\u7247_20251029102004_335_1287.png","contentUrl":"https:\/\/hardnesstests.com\/wp-content\/uploads\/2021\/08\/\u5fae\u4fe1\u56fe\u7247_20251029102004_335_1287.png","width":1308,"height":467,"caption":"hardnesstests"},"image":{"@id":"https:\/\/hardnesstests.com\/tr\/#\/schema\/logo\/image\/"}}]}},"_links":{"self":[{"href":"https:\/\/hardnesstests.com\/de_de_formal\/wp-json\/wp\/v2\/product\/29865","targetHints":{"allow":["GET"]}}],"collection":[{"href":"https:\/\/hardnesstests.com\/de_de_formal\/wp-json\/wp\/v2\/product"}],"about":[{"href":"https:\/\/hardnesstests.com\/de_de_formal\/wp-json\/wp\/v2\/types\/product"}],"replies":[{"embeddable":true,"href":"https:\/\/hardnesstests.com\/de_de_formal\/wp-json\/wp\/v2\/comments?post=29865"}],"version-history":[{"count":1,"href":"https:\/\/hardnesstests.com\/de_de_formal\/wp-json\/wp\/v2\/product\/29865\/revisions"}],"predecessor-version":[{"id":29867,"href":"https:\/\/hardnesstests.com\/de_de_formal\/wp-json\/wp\/v2\/product\/29865\/revisions\/29867"}],"wp:featuredmedia":[{"embeddable":true,"href":"https:\/\/hardnesstests.com\/de_de_formal\/wp-json\/wp\/v2\/media\/29866"}],"wp:attachment":[{"href":"https:\/\/hardnesstests.com\/de_de_formal\/wp-json\/wp\/v2\/media?parent=29865"}],"wp:term":[{"taxonomy":"product_brand","embeddable":true,"href":"https:\/\/hardnesstests.com\/de_de_formal\/wp-json\/wp\/v2\/product_brand?post=29865"},{"taxonomy":"product_cat","embeddable":true,"href":"https:\/\/hardnesstests.com\/de_de_formal\/wp-json\/wp\/v2\/product_cat?post=29865"},{"taxonomy":"product_tag","embeddable":true,"href":"https:\/\/hardnesstests.com\/de_de_formal\/wp-json\/wp\/v2\/product_tag?post=29865"}],"curies":[{"name":"wp","href":"https:\/\/api.w.org\/{rel}","templated":true}]}}