{"id":29838,"date":"2025-11-27T08:58:02","date_gmt":"2025-11-27T08:58:02","guid":{"rendered":"https:\/\/hardnesstests.com\/?post_type=product&#038;p=29838"},"modified":"2025-11-27T08:58:02","modified_gmt":"2025-11-27T08:58:02","slug":"xhrts-150a-touch-screen-digital-display-plastic-metal-rockwell-hardness-tester","status":"publish","type":"product","link":"https:\/\/hardnesstests.com\/de_de_formal\/produkt\/xhrts-150a-touch-screen-digital-display-plastic-metal-rockwell-hardness-tester\/","title":{"rendered":"(XHRTS-150A) Touchscreen-Digitalanzeige Kunststoff-Metall Rockwell-H\u00e4rtepr\u00fcfger\u00e4t"},"content":{"rendered":"<h1>Hauptfunktionen und Merkmale des Ger\u00e4ts\uff1a<\/h1>\n<p>1. Der 7-Zoll-LCD-Touchscreen kann direkt den H\u00e4rtewert anzeigen, die H\u00e4rte umrechnen, die Pr\u00fcfmethode, die Pr\u00fcfkraft, die Helligkeit, die anf\u00e4ngliche Pr\u00fcfkraftaufbewahrungszeit, die Gesamtpr\u00fcfkraftaufbewahrungszeit, die elastische Erholungszeit, die Messzeiten, die statistischen Daten, die Pr\u00fcfzeit Warten Sie, damit der Pr\u00fcfvorgang intuitiv und klar ist;<\/p>\n<p>2. Das System verf\u00fcgt \u00fcber eine Kalibrierungsfunktion, mit der Sie den Fehlerbereich des 80-120% automatisch anpassen oder das Ger\u00e4t separat f\u00fcr niedrige und hohe Werte kalibrieren k\u00f6nnen<\/p>\n<p>3. Wenn Sie die gekr\u00fcmmte Oberfl\u00e4che testen, wird sie automatisch entsprechend dem Standardradius der gekr\u00fcmmten Oberfl\u00e4che korrigiert;<\/p>\n<p>4. Es k\u00f6nnen 100 Testdatens\u00e4tze gespeichert werden. Die Testdaten k\u00f6nnen jederzeit eingesehen werden, und die aktuellen Daten k\u00f6nnen auch gel\u00f6scht oder alle Testdaten k\u00f6nnen gel\u00f6scht werden;<\/p>\n<p>5. Die Einheiten der Pr\u00fcfkraft k\u00f6nnen gegenseitig umgerechnet werden, die Umrechnungseinheit ist: (Kgf, N)<\/p>\n<p>6. Gleichzeitige Anzeige: Maximalwert, Minimalwert, Durchschnittswert, Testzeiten, Produktname;<\/p>\n<p>7. Die Hauptschnittstelle kann 4 Umrechnungsskalen gleichzeitig anzeigen und umschalten: Nationaler Standard (GB), amerikanischer Standard (ASTM) und internationaler Standard (ISO). Insgesamt k\u00f6nnen 20 Messskalen umgerechnet werden: HRA, HRB, HRC, HRD, HRE, HRF, HRG, HRK, HR15N, HR30N, HR45N, HR15T, HR30T, HR45T, HK, HBW, HS, HBS, HV, Rm (Zugfestigkeit),<\/p>\n<p>8. Sie k\u00f6nnen die Ruhezeit des Bildschirms einstellen. Das Ger\u00e4t schaltet sich automatisch in den Ruhezustand, wenn es l\u00e4ngere Zeit nicht bedient wird, um die Umwelt zu schonen;<\/p>\n<p>9. Sie k\u00f6nnen den oberen und unteren Grenzwert f\u00fcr den Messbereich festlegen, der auf der Hauptmessschnittstelle angezeigt wird, und bei einem nicht qualifizierten Wert wird automatisch ein Alarm ausgel\u00f6st;<\/p>\n<p>10. Das Betriebssystem verf\u00fcgt \u00fcber 14 Sprachen, die nach Belieben umgeschaltet werden k\u00f6nnen: Chinesisch, traditionelles Chinesisch, Englisch, Russisch, Deutsch, Franz\u00f6sisch, Spanisch, Portugiesisch, T\u00fcrkisch, Tschechisch, Japanisch, Koreanisch, Thail\u00e4ndisch, Vietnamesisch;<\/p>\n<p>11. Ausgestattet mit einem eingebauten Drucker k\u00f6nnen die Testdaten auch \u00fcber USB zur Speicherung und Analyse auf eine Festplatte ausgegeben werden;<\/p>\n<p>12. Die Gussschale hat eine stabile und unverformte Struktur beim einmaligen Gie\u00dfen, und die rein wei\u00dfe Autolackierung ist hochwertig, kratzfest und auch nach vielen Jahren noch strahlend wie neu;<\/p>\n<p>13. Unser Unternehmen ist in der Lage, selbst zu entwickeln, zu konstruieren und zu produzieren, und unsere Maschinen bieten lebenslangen Ersatzteilservice und Wartungs-Upgrade<\/p>\n<h1>Hauptzweck und Anwendungsbereich:<\/h1>\n<p>1. guss- und schmiedeteile -Musterpr\u00fcfung und Abnahmepr\u00fcfung<\/p>\n<p>2. flache und zylindrische Werkst\u00fccke - Stahl, Nichteisenmetalle<\/p>\n<p>3. die Automobil- und Luftfahrtindustrie - Hartmetall, Keramik, rostfreier Stahl<\/p>\n<p>4. nicht-metallische Kunststoffe, Hartgummi, Kunstharze, Reibmaterialien und weichere Metalle in Labors und Werkst\u00e4tten<\/p>\n<h1>Wichtigste technische Parameter\uff1a<\/h1>\n<div class=\"table-responsive\">\n<table border=\"1\">\n<tbody>\n<tr>\n<td>Name<\/td>\n<td>Daten<\/td>\n<\/tr>\n<tr>\n<td>Initiale Testkraft(N)<\/td>\n<td>10kgf(98.07N) zul\u00e4ssiger Fehler\u00b12.0%<\/td>\n<\/tr>\n<tr>\n<td>Gesamtkraft (N)<\/td>\n<td>60kgf(588N) 100kgf(980N) 150kgf(1471N)<\/td>\n<\/tr>\n<tr>\n<td>Rockwell Lineal<\/td>\n<td>HRA\u3001HRB\u3001HRC\u3001HRD\u3001HRE\u3001HRF\u3001HRG\u3001HRH\u3001HRK HRL\u3001HRM\u3001HRP\u3001HRR\u3001HRS\u3001HRV<\/td>\n<\/tr>\n<tr>\n<td>Inspektionsstandard<\/td>\n<td>JJG884 \u00dcberpr\u00fcfungsverfahren<\/p>\n<p>GB\/T230.2Nationale Norm\u3001JJG112Verifizierungsverfahren<\/td>\n<\/tr>\n<tr>\n<td>Genauigkeit<\/td>\n<td>0.1HR<\/td>\n<\/tr>\n<tr>\n<td>Zeitdauer(n)<\/td>\n<td>1-60<\/td>\n<\/tr>\n<tr>\n<td>H\u00e4rteanzeige<\/td>\n<td>Tourch Bildschirm LCD-Anzeige<\/td>\n<\/tr>\n<tr>\n<td>Maximale H\u00f6he des Testst\u00fccks (mm)<\/td>\n<td>170<\/td>\n<\/tr>\n<tr>\n<td>Abstand zwischen Eindringk\u00f6rper und K\u00f6rper (mm)<\/td>\n<td>165<\/td>\n<\/tr>\n<tr>\n<td>Abmessung(mm)<\/td>\n<td>550\u00d7220\u00d7730<\/td>\n<\/tr>\n<tr>\n<td>Energieversorgung<\/td>\n<td>220V\/50HZ<\/td>\n<\/tr>\n<tr>\n<td>Gewicht(kg)<\/td>\n<td>85<\/td>\n<\/tr>\n<tr>\n<td>Messbereich<\/td>\n<td>HRA:20-88 HRB:20-100 HRC:20-70 HRD:40-77 HRE:70-94 HRF:60-100 HRG:30-94 HRH:80-100 HRK:40-100 HRL:100-120 HRM:85-110 HRR:114-125<\/td>\n<\/tr>\n<\/tbody>\n<\/table>\n<\/div>\n<h1>Packliste\uff1a<\/h1>\n<div class=\"table-responsive\">\n<table border=\"1\">\n<tbody>\n<tr>\n<td>NEIN.<\/td>\n<td>Name (Spezifikation)<\/td>\n<td>Menge<\/td>\n<\/tr>\n<tr>\n<td>1<\/td>\n<td>Diamant Rockwell Eindringk\u00f6rper<\/td>\n<td>1<\/td>\n<\/tr>\n<tr>\n<td>2<\/td>\n<td>\u03c61.5875mm Kugel Eindringk\u00f6rper<\/td>\n<td>1<\/td>\n<\/tr>\n<tr>\n<td>3<\/td>\n<td>\u03c63.175mm Kugel Eindringk\u00f6rper<\/td>\n<td>1<\/td>\n<\/tr>\n<tr>\n<td>4<\/td>\n<td>\u03c66.35mm Kugel Eindringk\u00f6rper<\/td>\n<td>1<\/td>\n<\/tr>\n<tr>\n<td>5<\/td>\n<td>\u03c612.7mm Kugel Eindringk\u00f6rper<\/td>\n<td>1<\/td>\n<\/tr>\n<tr>\n<td>6<\/td>\n<td>Gro\u00dfe, mittlere und V-f\u00f6rmige Teststr\u00e4nde<\/td>\n<td>3<\/td>\n<\/tr>\n<tr>\n<td>\u00a0\u00a0\u00a0\u00a0\u00a0\u00a0\u00a07<\/td>\n<td>HRC-Ebene, HRB, HRE, HRL, HRM, HRR<\/td>\n<td>1 St\u00fcck<\/td>\n<\/tr>\n<tr>\n<td>8<\/td>\n<td>Sicherung 2A<\/td>\n<td>2<\/td>\n<\/tr>\n<tr>\n<td>9<\/td>\n<td>Stromversorgungsleitung<\/td>\n<td>1<\/td>\n<\/tr>\n<tr>\n<td>10<\/td>\n<td>USB-Kommunikationsleitung<\/td>\n<td>1<\/td>\n<\/tr>\n<tr>\n<td>11<\/td>\n<td>Gewicht A\u3001B\u3001C<\/td>\n<td>3<\/td>\n<\/tr>\n<tr>\n<td>12<\/td>\n<td>Staubdichte Kunststoffabdeckung<\/td>\n<td>1<\/td>\n<\/tr>\n<tr>\n<td>13<\/td>\n<td>Handbuch zum Produktzertifikat<\/td>\n<td>1<\/td>\n<\/tr>\n<tr>\n<td>14<\/td>\n<td>Druckerpapier ,Drucker Gebrauchsanweisung<\/td>\n<td>1 St\u00fcck<\/td>\n<\/tr>\n<tr>\n<td>15<\/td>\n<td>Bedienungsanleitung f\u00fcr das Produkt<\/td>\n<td>1<\/td>\n<\/tr>\n<\/tbody>\n<\/table>\n<\/div>","protected":false},"excerpt":{"rendered":"<p>Das XHRTS-150A Farb-Touchscreen-Digitaldisplay Kunststoff-Metall-Rockwell-H\u00e4rtepr\u00fcfger\u00e4t ist unsere neue Generation von High-Tech-Produkten mit Multifunktionalit\u00e4t, hoher Pr\u00e4zision und stabiler Leistung. Sein Aussehen ist neuartig, das Geh\u00e4use ist in einem St\u00fcck gegossen, und seine Stabilit\u00e4t ist hoch. Sein Touchscreen-Men\u00fc ist einfach zu bedienen, intuitiv und bequem. Das Messger\u00e4t verf\u00fcgt \u00fcber einen Gittersensor und eine Computersteuerung. Der H\u00e4rtewert wird direkt auf dem LCD-Bildschirm angezeigt. Es handelt sich um ein mechatronisches H\u00e4rtepr\u00fcfger\u00e4t. Verschiedene H\u00e4rteparameter k\u00f6nnen automatisch ineinander umgerechnet werden, und die Mindestdicke des Pr\u00fcfst\u00fccks kann ermittelt werden. Bei der Pr\u00fcfung des Zylinders kann der Korrekturbetrag automatisch hinzugef\u00fcgt werden. Eingebauter Drucker zum Ablesen der relevanten Pr\u00fcfergebnisse. Der Betrieb ist automatisiert, und menschliche Bedienungs- und Ablesefehler sind ausgeschlossen! Gleichzeitig ist die Maschine mit einer Not-Aus-Vorrichtung ausgestattet, die die Benutzung sicherer macht!<\/p>","protected":false},"featured_media":29839,"comment_status":"open","ping_status":"closed","template":"","meta":[],"product_brand":[],"product_cat":[70,74],"product_tag":[109],"class_list":{"0":"post-29838","1":"product","2":"type-product","3":"status-publish","4":"has-post-thumbnail","6":"product_cat-hardness-tester","7":"product_cat-rockwell-hardness-tester","8":"product_tag-methods-rockwell-hardness-test","10":"first","11":"instock","12":"shipping-taxable","13":"product-type-simple"},"yoast_head":"<!-- This site is optimized with the Yoast SEO Premium plugin v25.4 (Yoast SEO v27.4) - https:\/\/yoast.com\/product\/yoast-seo-premium-wordpress\/ -->\n<title>(XHRTS-150A) Touch screen digital display plastic metal Rockwell hardness tester - hardnesstests<\/title>\n<meta name=\"robots\" content=\"index, follow, max-snippet:-1, max-image-preview:large, max-video-preview:-1\" \/>\n<link rel=\"canonical\" href=\"https:\/\/hardnesstests.com\/de_de_formal\/produkt\/xhrts-150a-touch-screen-digital-display-plastic-metal-rockwell-hardness-tester\/\" \/>\n<meta property=\"og:locale\" content=\"de_DE\" \/>\n<meta property=\"og:type\" content=\"article\" \/>\n<meta property=\"og:title\" content=\"(XHRTS-150A) Touch screen digital display plastic metal Rockwell hardness tester\" \/>\n<meta property=\"og:description\" content=\"XHRTS-150A color touch screen digital display plastic metal Rockwell hardness tester is our new generation of high-tech products with multi-function, high precision and stable performance. Its appearance is novel, the shell is cast in one piece, and its stability is high. Its touch screen interface menu It is easy to operate, intuitive and convenient. The measuring device adopts grating sensor and computer control. The hardness value is directly displayed on the LCD screen. It is a mechatronics hardness tester. Various hardness parameters can be automatically converted to each other, and the minimum thickness of the test piece can be identified. When testing the cylinder, the correction amount can be automatically added. Built-in printer to read relevant test results. Automated operation is realized, and human operation and reading errors are eliminated! At the same time, the machine is also equipped with an emergency stop device, which is safer to use!\" \/>\n<meta property=\"og:url\" content=\"https:\/\/hardnesstests.com\/de_de_formal\/produkt\/xhrts-150a-touch-screen-digital-display-plastic-metal-rockwell-hardness-tester\/\" \/>\n<meta property=\"og:site_name\" content=\"hardnesstests\" \/>\n<meta property=\"og:image\" content=\"https:\/\/hardnesstests.com\/wp-content\/uploads\/2025\/11\/XHRTS-150A\u89e6\u6478\u5c4f\u6570\u663e\u5851\u6599\u91d1\u5c5e\u6d1b\u6c0f\u786c\u5ea6\u8ba1.jpg\" \/>\n\t<meta property=\"og:image:width\" content=\"800\" \/>\n\t<meta property=\"og:image:height\" content=\"800\" \/>\n\t<meta property=\"og:image:type\" content=\"image\/jpeg\" \/>\n<meta name=\"twitter:card\" content=\"summary_large_image\" \/>\n<meta name=\"twitter:label1\" content=\"Gesch\u00e4tzte Lesezeit\" \/>\n\t<meta name=\"twitter:data1\" content=\"3\u00a0Minuten\" \/>\n<script type=\"application\/ld+json\" class=\"yoast-schema-graph\">{\"@context\":\"https:\\\/\\\/schema.org\",\"@graph\":[{\"@type\":\"WebPage\",\"@id\":\"https:\\\/\\\/hardnesstests.com\\\/product\\\/xhrts-150a-touch-screen-digital-display-plastic-metal-rockwell-hardness-tester\\\/\",\"url\":\"https:\\\/\\\/hardnesstests.com\\\/product\\\/xhrts-150a-touch-screen-digital-display-plastic-metal-rockwell-hardness-tester\\\/\",\"name\":\"(XHRTS-150A) Touch screen digital display plastic metal Rockwell hardness tester - hardnesstests\",\"isPartOf\":{\"@id\":\"https:\\\/\\\/hardnesstests.com\\\/tr\\\/#website\"},\"primaryImageOfPage\":{\"@id\":\"https:\\\/\\\/hardnesstests.com\\\/product\\\/xhrts-150a-touch-screen-digital-display-plastic-metal-rockwell-hardness-tester\\\/#primaryimage\"},\"image\":{\"@id\":\"https:\\\/\\\/hardnesstests.com\\\/product\\\/xhrts-150a-touch-screen-digital-display-plastic-metal-rockwell-hardness-tester\\\/#primaryimage\"},\"thumbnailUrl\":\"https:\\\/\\\/hardnesstests.com\\\/wp-content\\\/uploads\\\/2025\\\/11\\\/XHRTS-150A\u89e6\u6478\u5c4f\u6570\u663e\u5851\u6599\u91d1\u5c5e\u6d1b\u6c0f\u786c\u5ea6\u8ba1.jpg\",\"datePublished\":\"2025-11-27T08:58:02+00:00\",\"breadcrumb\":{\"@id\":\"https:\\\/\\\/hardnesstests.com\\\/product\\\/xhrts-150a-touch-screen-digital-display-plastic-metal-rockwell-hardness-tester\\\/#breadcrumb\"},\"inLanguage\":\"de\",\"potentialAction\":[{\"@type\":\"ReadAction\",\"target\":[\"https:\\\/\\\/hardnesstests.com\\\/product\\\/xhrts-150a-touch-screen-digital-display-plastic-metal-rockwell-hardness-tester\\\/\"]}]},{\"@type\":\"ImageObject\",\"inLanguage\":\"de\",\"@id\":\"https:\\\/\\\/hardnesstests.com\\\/product\\\/xhrts-150a-touch-screen-digital-display-plastic-metal-rockwell-hardness-tester\\\/#primaryimage\",\"url\":\"https:\\\/\\\/hardnesstests.com\\\/wp-content\\\/uploads\\\/2025\\\/11\\\/XHRTS-150A\u89e6\u6478\u5c4f\u6570\u663e\u5851\u6599\u91d1\u5c5e\u6d1b\u6c0f\u786c\u5ea6\u8ba1.jpg\",\"contentUrl\":\"https:\\\/\\\/hardnesstests.com\\\/wp-content\\\/uploads\\\/2025\\\/11\\\/XHRTS-150A\u89e6\u6478\u5c4f\u6570\u663e\u5851\u6599\u91d1\u5c5e\u6d1b\u6c0f\u786c\u5ea6\u8ba1.jpg\",\"width\":800,\"height\":800,\"caption\":\"(XHRTS-150A) Touch screen digital display plastic metal Rockwell hardness tester\"},{\"@type\":\"BreadcrumbList\",\"@id\":\"https:\\\/\\\/hardnesstests.com\\\/product\\\/xhrts-150a-touch-screen-digital-display-plastic-metal-rockwell-hardness-tester\\\/#breadcrumb\",\"itemListElement\":[{\"@type\":\"ListItem\",\"position\":1,\"name\":\"\u9996\u9875\",\"item\":\"https:\\\/\\\/hardnesstests.com\\\/\"},{\"@type\":\"ListItem\",\"position\":2,\"name\":\"products\",\"item\":\"https:\\\/\\\/hardnesstests.com\\\/products\\\/\"},{\"@type\":\"ListItem\",\"position\":3,\"name\":\"(XHRTS-150A) Touch screen digital display plastic metal Rockwell hardness tester\"}]},{\"@type\":\"WebSite\",\"@id\":\"https:\\\/\\\/hardnesstests.com\\\/tr\\\/#website\",\"url\":\"https:\\\/\\\/hardnesstests.com\\\/tr\\\/\",\"name\":\"hardnesstests\",\"description\":\"\",\"publisher\":{\"@id\":\"https:\\\/\\\/hardnesstests.com\\\/tr\\\/#organization\"},\"potentialAction\":[{\"@type\":\"SearchAction\",\"target\":{\"@type\":\"EntryPoint\",\"urlTemplate\":\"https:\\\/\\\/hardnesstests.com\\\/tr\\\/?s={search_term_string}\"},\"query-input\":{\"@type\":\"PropertyValueSpecification\",\"valueRequired\":true,\"valueName\":\"search_term_string\"}}],\"inLanguage\":\"de\"},{\"@type\":\"Organization\",\"@id\":\"https:\\\/\\\/hardnesstests.com\\\/tr\\\/#organization\",\"name\":\"hardnesstests\",\"url\":\"https:\\\/\\\/hardnesstests.com\\\/tr\\\/\",\"logo\":{\"@type\":\"ImageObject\",\"inLanguage\":\"de\",\"@id\":\"https:\\\/\\\/hardnesstests.com\\\/tr\\\/#\\\/schema\\\/logo\\\/image\\\/\",\"url\":\"https:\\\/\\\/hardnesstests.com\\\/wp-content\\\/uploads\\\/2021\\\/08\\\/\u5fae\u4fe1\u56fe\u7247_20251029102004_335_1287.png\",\"contentUrl\":\"https:\\\/\\\/hardnesstests.com\\\/wp-content\\\/uploads\\\/2021\\\/08\\\/\u5fae\u4fe1\u56fe\u7247_20251029102004_335_1287.png\",\"width\":1308,\"height\":467,\"caption\":\"hardnesstests\"},\"image\":{\"@id\":\"https:\\\/\\\/hardnesstests.com\\\/tr\\\/#\\\/schema\\\/logo\\\/image\\\/\"}}]}<\/script>\n<!-- \/ Yoast SEO Premium plugin. -->","yoast_head_json":{"title":"(XHRTS-150A) Touch screen digital display plastic metal Rockwell hardness tester - hardnesstests","robots":{"index":"index","follow":"follow","max-snippet":"max-snippet:-1","max-image-preview":"max-image-preview:large","max-video-preview":"max-video-preview:-1"},"canonical":"https:\/\/hardnesstests.com\/de_de_formal\/produkt\/xhrts-150a-touch-screen-digital-display-plastic-metal-rockwell-hardness-tester\/","og_locale":"de_DE","og_type":"article","og_title":"(XHRTS-150A) Touch screen digital display plastic metal Rockwell hardness tester","og_description":"XHRTS-150A color touch screen digital display plastic metal Rockwell hardness tester is our new generation of high-tech products with multi-function, high precision and stable performance. Its appearance is novel, the shell is cast in one piece, and its stability is high. Its touch screen interface menu It is easy to operate, intuitive and convenient. The measuring device adopts grating sensor and computer control. The hardness value is directly displayed on the LCD screen. It is a mechatronics hardness tester. Various hardness parameters can be automatically converted to each other, and the minimum thickness of the test piece can be identified. When testing the cylinder, the correction amount can be automatically added. Built-in printer to read relevant test results. Automated operation is realized, and human operation and reading errors are eliminated! At the same time, the machine is also equipped with an emergency stop device, which is safer to use!","og_url":"https:\/\/hardnesstests.com\/de_de_formal\/produkt\/xhrts-150a-touch-screen-digital-display-plastic-metal-rockwell-hardness-tester\/","og_site_name":"hardnesstests","og_image":[{"width":800,"height":800,"url":"https:\/\/hardnesstests.com\/wp-content\/uploads\/2025\/11\/XHRTS-150A\u89e6\u6478\u5c4f\u6570\u663e\u5851\u6599\u91d1\u5c5e\u6d1b\u6c0f\u786c\u5ea6\u8ba1.jpg","type":"image\/jpeg"}],"twitter_card":"summary_large_image","twitter_misc":{"Gesch\u00e4tzte Lesezeit":"3\u00a0Minuten"},"schema":{"@context":"https:\/\/schema.org","@graph":[{"@type":"WebPage","@id":"https:\/\/hardnesstests.com\/product\/xhrts-150a-touch-screen-digital-display-plastic-metal-rockwell-hardness-tester\/","url":"https:\/\/hardnesstests.com\/product\/xhrts-150a-touch-screen-digital-display-plastic-metal-rockwell-hardness-tester\/","name":"(XHRTS-150A) Touch screen digital display plastic metal Rockwell hardness tester - hardnesstests","isPartOf":{"@id":"https:\/\/hardnesstests.com\/tr\/#website"},"primaryImageOfPage":{"@id":"https:\/\/hardnesstests.com\/product\/xhrts-150a-touch-screen-digital-display-plastic-metal-rockwell-hardness-tester\/#primaryimage"},"image":{"@id":"https:\/\/hardnesstests.com\/product\/xhrts-150a-touch-screen-digital-display-plastic-metal-rockwell-hardness-tester\/#primaryimage"},"thumbnailUrl":"https:\/\/hardnesstests.com\/wp-content\/uploads\/2025\/11\/XHRTS-150A\u89e6\u6478\u5c4f\u6570\u663e\u5851\u6599\u91d1\u5c5e\u6d1b\u6c0f\u786c\u5ea6\u8ba1.jpg","datePublished":"2025-11-27T08:58:02+00:00","breadcrumb":{"@id":"https:\/\/hardnesstests.com\/product\/xhrts-150a-touch-screen-digital-display-plastic-metal-rockwell-hardness-tester\/#breadcrumb"},"inLanguage":"de","potentialAction":[{"@type":"ReadAction","target":["https:\/\/hardnesstests.com\/product\/xhrts-150a-touch-screen-digital-display-plastic-metal-rockwell-hardness-tester\/"]}]},{"@type":"ImageObject","inLanguage":"de","@id":"https:\/\/hardnesstests.com\/product\/xhrts-150a-touch-screen-digital-display-plastic-metal-rockwell-hardness-tester\/#primaryimage","url":"https:\/\/hardnesstests.com\/wp-content\/uploads\/2025\/11\/XHRTS-150A\u89e6\u6478\u5c4f\u6570\u663e\u5851\u6599\u91d1\u5c5e\u6d1b\u6c0f\u786c\u5ea6\u8ba1.jpg","contentUrl":"https:\/\/hardnesstests.com\/wp-content\/uploads\/2025\/11\/XHRTS-150A\u89e6\u6478\u5c4f\u6570\u663e\u5851\u6599\u91d1\u5c5e\u6d1b\u6c0f\u786c\u5ea6\u8ba1.jpg","width":800,"height":800,"caption":"(XHRTS-150A) Touch screen digital display plastic metal Rockwell hardness tester"},{"@type":"BreadcrumbList","@id":"https:\/\/hardnesstests.com\/product\/xhrts-150a-touch-screen-digital-display-plastic-metal-rockwell-hardness-tester\/#breadcrumb","itemListElement":[{"@type":"ListItem","position":1,"name":"\u9996\u9875","item":"https:\/\/hardnesstests.com\/"},{"@type":"ListItem","position":2,"name":"products","item":"https:\/\/hardnesstests.com\/products\/"},{"@type":"ListItem","position":3,"name":"(XHRTS-150A) Touch screen digital display plastic metal Rockwell hardness tester"}]},{"@type":"WebSite","@id":"https:\/\/hardnesstests.com\/tr\/#website","url":"https:\/\/hardnesstests.com\/tr\/","name":"hardnesstests","description":"","publisher":{"@id":"https:\/\/hardnesstests.com\/tr\/#organization"},"potentialAction":[{"@type":"SearchAction","target":{"@type":"EntryPoint","urlTemplate":"https:\/\/hardnesstests.com\/tr\/?s={search_term_string}"},"query-input":{"@type":"PropertyValueSpecification","valueRequired":true,"valueName":"search_term_string"}}],"inLanguage":"de"},{"@type":"Organization","@id":"https:\/\/hardnesstests.com\/tr\/#organization","name":"hardnesstests","url":"https:\/\/hardnesstests.com\/tr\/","logo":{"@type":"ImageObject","inLanguage":"de","@id":"https:\/\/hardnesstests.com\/tr\/#\/schema\/logo\/image\/","url":"https:\/\/hardnesstests.com\/wp-content\/uploads\/2021\/08\/\u5fae\u4fe1\u56fe\u7247_20251029102004_335_1287.png","contentUrl":"https:\/\/hardnesstests.com\/wp-content\/uploads\/2021\/08\/\u5fae\u4fe1\u56fe\u7247_20251029102004_335_1287.png","width":1308,"height":467,"caption":"hardnesstests"},"image":{"@id":"https:\/\/hardnesstests.com\/tr\/#\/schema\/logo\/image\/"}}]}},"_links":{"self":[{"href":"https:\/\/hardnesstests.com\/de_de_formal\/wp-json\/wp\/v2\/product\/29838","targetHints":{"allow":["GET"]}}],"collection":[{"href":"https:\/\/hardnesstests.com\/de_de_formal\/wp-json\/wp\/v2\/product"}],"about":[{"href":"https:\/\/hardnesstests.com\/de_de_formal\/wp-json\/wp\/v2\/types\/product"}],"replies":[{"embeddable":true,"href":"https:\/\/hardnesstests.com\/de_de_formal\/wp-json\/wp\/v2\/comments?post=29838"}],"version-history":[{"count":1,"href":"https:\/\/hardnesstests.com\/de_de_formal\/wp-json\/wp\/v2\/product\/29838\/revisions"}],"predecessor-version":[{"id":29840,"href":"https:\/\/hardnesstests.com\/de_de_formal\/wp-json\/wp\/v2\/product\/29838\/revisions\/29840"}],"wp:featuredmedia":[{"embeddable":true,"href":"https:\/\/hardnesstests.com\/de_de_formal\/wp-json\/wp\/v2\/media\/29839"}],"wp:attachment":[{"href":"https:\/\/hardnesstests.com\/de_de_formal\/wp-json\/wp\/v2\/media?parent=29838"}],"wp:term":[{"taxonomy":"product_brand","embeddable":true,"href":"https:\/\/hardnesstests.com\/de_de_formal\/wp-json\/wp\/v2\/product_brand?post=29838"},{"taxonomy":"product_cat","embeddable":true,"href":"https:\/\/hardnesstests.com\/de_de_formal\/wp-json\/wp\/v2\/product_cat?post=29838"},{"taxonomy":"product_tag","embeddable":true,"href":"https:\/\/hardnesstests.com\/de_de_formal\/wp-json\/wp\/v2\/product_tag?post=29838"}],"curies":[{"name":"wp","href":"https:\/\/api.w.org\/{rel}","templated":true}]}}