{"id":29816,"date":"2025-11-27T08:35:21","date_gmt":"2025-11-27T08:35:21","guid":{"rendered":"https:\/\/hardnesstests.com\/?post_type=product&#038;p=29816"},"modified":"2025-11-27T08:35:21","modified_gmt":"2025-11-27T08:35:21","slug":"digital-display-automatic-rockwell-hardness-tester-hrs-150","status":"publish","type":"product","link":"https:\/\/hardnesstests.com\/de_de_formal\/produkt\/digital-display-automatic-rockwell-hardness-tester-hrs-150\/","title":{"rendered":"Automatisches Rockwell-H\u00e4rtepr\u00fcfger\u00e4t mit Digitalanzeige HRS-150"},"content":{"rendered":"<div class=\"table-responsive\">\n<table border=\"1\">\n<tbody>\n<tr>\n<td>Main functions and features\uff1a<\/td>\n<\/tr>\n<\/tbody>\n<\/table>\n<\/div>\n<p>1. Directly display the test hardness value through the large LCD screen;<\/p>\n<p>2. The shell is made of one-time molding and casting by a special sand-finding process, with a stable structure and no deformation, and can work in a relatively harsh environment; the car paint has high grades, strong scratch resistance, and it is still bright as new after many years of use;<\/p>\n<p>3. We have the ability to develop, design, produce and process by ourselves, and provide parts replacement and maintenance and upgrade services for the machine for life;<\/p>\n<h1><strong>Main purpose and scope of use\uff1a<\/strong><\/h1>\n<p>1\u3001Cast and forged parts \u00b7 Sample testing and acceptance testing<\/p>\n<p>2\u3001Planar and cylindrical workpieces \u00b7Steel, non-ferrous metals<\/p>\n<p>3\u3001Automotive and aerospace industry \u00b7Carbide, ceramic, stainless steel<\/p>\n<p>4\u3001Laboratory and workshop<\/p>\n<div class=\"table-responsive\">\n<table border=\"1\">\n<tbody>\n<tr>\n<td><strong>Technicial parameter\uff1a<\/strong><\/td>\n<\/tr>\n<\/tbody>\n<\/table>\n<\/div>\n<div class=\"table-responsive\">\n<div class=\"table-responsive\">\n<table border=\"1\" cellspacing=\"0\">\n<tbody>\n<tr>\n<td valign=\"top\" width=\"165\">\n<p align=\"center\">Parameters name<\/p>\n<\/td>\n<td valign=\"top\" width=\"330\">\n<p align=\"center\">Parameters data<\/p>\n<\/td>\n<\/tr>\n<tr>\n<td valign=\"top\" width=\"165\">Initiale Testkraft(N)<\/td>\n<td valign=\"top\" width=\"330\">10kgf(98.07N) \u00a0\u00a0allowable error \u00b12.0%<\/td>\n<\/tr>\n<tr>\n<td valign=\"top\" width=\"165\">Total test force(N)<\/td>\n<td valign=\"top\" width=\"330\">60kgf(588N) \u3001100kgf(980N) \u3001150kgf(1471N)<\/td>\n<\/tr>\n<tr>\n<td valign=\"top\" width=\"165\">Rockwell Lineal<\/td>\n<td valign=\"top\" width=\"330\">HRA\u3001HRB\u3001HRC\u3001HRD\u3001HRE\u3001HRF\u3001HRG\u3001HRH\u3001HRK<\/td>\n<\/tr>\n<tr>\n<td valign=\"top\" width=\"165\">Inspektionsstandard<\/td>\n<td valign=\"top\" width=\"330\">GB\/T230.1 \u00a0GB\/T230.2national standard \u00a0JJG112 vertification procedure ASTM E18<\/td>\n<\/tr>\n<tr>\n<td valign=\"top\" width=\"165\">Genauigkeit<\/td>\n<td valign=\"top\" width=\"330\">0.1HR<\/td>\n<\/tr>\n<tr>\n<td valign=\"top\" width=\"165\">Zeitdauer(n)<\/td>\n<td valign=\"top\" width=\"330\">1-60<\/td>\n<\/tr>\n<tr>\n<td valign=\"top\" width=\"165\">H\u00e4rteanzeige<\/td>\n<td valign=\"top\" width=\"330\">LCD<\/td>\n<\/tr>\n<tr>\n<td valign=\"top\" width=\"165\">Max height of the test piece (mm)<\/td>\n<td valign=\"top\" width=\"330\">230<\/td>\n<\/tr>\n<tr>\n<td valign=\"top\" width=\"165\">Intender center to body distance(mm)<\/td>\n<td valign=\"top\" width=\"330\">165<\/td>\n<\/tr>\n<tr>\n<td valign=\"top\" width=\"165\">Hardness tester dimension(mm)<\/td>\n<td valign=\"top\" width=\"330\">520\u00d7240\u00d7720<\/td>\n<\/tr>\n<tr>\n<td valign=\"top\" width=\"165\">Energieversorgung<\/td>\n<td valign=\"top\" width=\"330\">220V\/50HZ<\/td>\n<\/tr>\n<tr>\n<td valign=\"top\" width=\"165\">Tester weight(kg)<\/td>\n<td valign=\"top\" width=\"330\">70<\/td>\n<\/tr>\n<tr>\n<td valign=\"top\" width=\"165\">Hardness measuring range<\/td>\n<td valign=\"top\" width=\"330\">HRA:20-88 HRB:20-100 HRC:20-70 HRD:40-77 HRE:70-94 HRF:60-100 HRG:30-94 HRH:80-100 \u00a0HRK:40-100 \u00a0HRL:100-120 \u00a0HRM:85-110 HRR:114-125<\/td>\n<\/tr>\n<\/tbody>\n<\/table>\n<\/div>\n<\/div>","protected":false},"excerpt":{"rendered":"<p>https:\/\/youtu.be\/AL8OdceJhyY<\/p>","protected":false},"featured_media":29817,"comment_status":"open","ping_status":"closed","template":"","meta":[],"product_brand":[],"product_cat":[70,74],"product_tag":[109],"class_list":{"0":"post-29816","1":"product","2":"type-product","3":"status-publish","4":"has-post-thumbnail","6":"product_cat-hardness-tester","7":"product_cat-rockwell-hardness-tester","8":"product_tag-methods-rockwell-hardness-test","10":"first","11":"instock","12":"shipping-taxable","13":"product-type-simple"},"yoast_head":"<!-- This site is optimized with the Yoast SEO Premium plugin v25.4 (Yoast SEO v27.4) - https:\/\/yoast.com\/product\/yoast-seo-premium-wordpress\/ -->\n<title>Digital display automatic Rockwell hardness tester HRS-150 - hardnesstests<\/title>\n<meta name=\"robots\" content=\"index, follow, max-snippet:-1, max-image-preview:large, max-video-preview:-1\" \/>\n<link rel=\"canonical\" href=\"https:\/\/hardnesstests.com\/de_de_formal\/produkt\/digital-display-automatic-rockwell-hardness-tester-hrs-150\/\" \/>\n<meta property=\"og:locale\" content=\"de_DE\" \/>\n<meta property=\"og:type\" content=\"article\" \/>\n<meta property=\"og:title\" content=\"Digital display automatic Rockwell hardness tester HRS-150\" \/>\n<meta property=\"og:description\" content=\"https:\/\/youtu.be\/AL8OdceJhyY\" \/>\n<meta property=\"og:url\" content=\"https:\/\/hardnesstests.com\/de_de_formal\/produkt\/digital-display-automatic-rockwell-hardness-tester-hrs-150\/\" \/>\n<meta property=\"og:site_name\" content=\"hardnesstests\" \/>\n<meta property=\"og:image\" content=\"https:\/\/hardnesstests.com\/wp-content\/uploads\/2025\/11\/HRS-150\u6570\u663e\u81ea\u52a8\u6d1b\u6c0f\u786c\u5ea6\u8ba1.jpg\" \/>\n\t<meta property=\"og:image:width\" content=\"800\" \/>\n\t<meta property=\"og:image:height\" content=\"800\" \/>\n\t<meta property=\"og:image:type\" content=\"image\/jpeg\" \/>\n<meta name=\"twitter:card\" content=\"summary_large_image\" \/>\n<meta name=\"twitter:label1\" content=\"Gesch\u00e4tzte Lesezeit\" \/>\n\t<meta name=\"twitter:data1\" content=\"1\u00a0Minute\" \/>\n<script type=\"application\/ld+json\" class=\"yoast-schema-graph\">{\"@context\":\"https:\\\/\\\/schema.org\",\"@graph\":[{\"@type\":\"WebPage\",\"@id\":\"https:\\\/\\\/hardnesstests.com\\\/product\\\/digital-display-automatic-rockwell-hardness-tester-hrs-150\\\/\",\"url\":\"https:\\\/\\\/hardnesstests.com\\\/product\\\/digital-display-automatic-rockwell-hardness-tester-hrs-150\\\/\",\"name\":\"Digital display automatic Rockwell hardness tester HRS-150 - hardnesstests\",\"isPartOf\":{\"@id\":\"https:\\\/\\\/hardnesstests.com\\\/tr\\\/#website\"},\"primaryImageOfPage\":{\"@id\":\"https:\\\/\\\/hardnesstests.com\\\/product\\\/digital-display-automatic-rockwell-hardness-tester-hrs-150\\\/#primaryimage\"},\"image\":{\"@id\":\"https:\\\/\\\/hardnesstests.com\\\/product\\\/digital-display-automatic-rockwell-hardness-tester-hrs-150\\\/#primaryimage\"},\"thumbnailUrl\":\"https:\\\/\\\/hardnesstests.com\\\/wp-content\\\/uploads\\\/2025\\\/11\\\/HRS-150\u6570\u663e\u81ea\u52a8\u6d1b\u6c0f\u786c\u5ea6\u8ba1.jpg\",\"datePublished\":\"2025-11-27T08:35:21+00:00\",\"breadcrumb\":{\"@id\":\"https:\\\/\\\/hardnesstests.com\\\/product\\\/digital-display-automatic-rockwell-hardness-tester-hrs-150\\\/#breadcrumb\"},\"inLanguage\":\"de\",\"potentialAction\":[{\"@type\":\"ReadAction\",\"target\":[\"https:\\\/\\\/hardnesstests.com\\\/product\\\/digital-display-automatic-rockwell-hardness-tester-hrs-150\\\/\"]}]},{\"@type\":\"ImageObject\",\"inLanguage\":\"de\",\"@id\":\"https:\\\/\\\/hardnesstests.com\\\/product\\\/digital-display-automatic-rockwell-hardness-tester-hrs-150\\\/#primaryimage\",\"url\":\"https:\\\/\\\/hardnesstests.com\\\/wp-content\\\/uploads\\\/2025\\\/11\\\/HRS-150\u6570\u663e\u81ea\u52a8\u6d1b\u6c0f\u786c\u5ea6\u8ba1.jpg\",\"contentUrl\":\"https:\\\/\\\/hardnesstests.com\\\/wp-content\\\/uploads\\\/2025\\\/11\\\/HRS-150\u6570\u663e\u81ea\u52a8\u6d1b\u6c0f\u786c\u5ea6\u8ba1.jpg\",\"width\":800,\"height\":800,\"caption\":\"Digital display automatic Rockwell hardness tester HRS-150\"},{\"@type\":\"BreadcrumbList\",\"@id\":\"https:\\\/\\\/hardnesstests.com\\\/product\\\/digital-display-automatic-rockwell-hardness-tester-hrs-150\\\/#breadcrumb\",\"itemListElement\":[{\"@type\":\"ListItem\",\"position\":1,\"name\":\"\u9996\u9875\",\"item\":\"https:\\\/\\\/hardnesstests.com\\\/\"},{\"@type\":\"ListItem\",\"position\":2,\"name\":\"products\",\"item\":\"https:\\\/\\\/hardnesstests.com\\\/products\\\/\"},{\"@type\":\"ListItem\",\"position\":3,\"name\":\"Digital display automatic Rockwell hardness tester HRS-150\"}]},{\"@type\":\"WebSite\",\"@id\":\"https:\\\/\\\/hardnesstests.com\\\/tr\\\/#website\",\"url\":\"https:\\\/\\\/hardnesstests.com\\\/tr\\\/\",\"name\":\"hardnesstests\",\"description\":\"\",\"publisher\":{\"@id\":\"https:\\\/\\\/hardnesstests.com\\\/tr\\\/#organization\"},\"potentialAction\":[{\"@type\":\"SearchAction\",\"target\":{\"@type\":\"EntryPoint\",\"urlTemplate\":\"https:\\\/\\\/hardnesstests.com\\\/tr\\\/?s={search_term_string}\"},\"query-input\":{\"@type\":\"PropertyValueSpecification\",\"valueRequired\":true,\"valueName\":\"search_term_string\"}}],\"inLanguage\":\"de\"},{\"@type\":\"Organization\",\"@id\":\"https:\\\/\\\/hardnesstests.com\\\/tr\\\/#organization\",\"name\":\"hardnesstests\",\"url\":\"https:\\\/\\\/hardnesstests.com\\\/tr\\\/\",\"logo\":{\"@type\":\"ImageObject\",\"inLanguage\":\"de\",\"@id\":\"https:\\\/\\\/hardnesstests.com\\\/tr\\\/#\\\/schema\\\/logo\\\/image\\\/\",\"url\":\"https:\\\/\\\/hardnesstests.com\\\/wp-content\\\/uploads\\\/2021\\\/08\\\/\u5fae\u4fe1\u56fe\u7247_20251029102004_335_1287.png\",\"contentUrl\":\"https:\\\/\\\/hardnesstests.com\\\/wp-content\\\/uploads\\\/2021\\\/08\\\/\u5fae\u4fe1\u56fe\u7247_20251029102004_335_1287.png\",\"width\":1308,\"height\":467,\"caption\":\"hardnesstests\"},\"image\":{\"@id\":\"https:\\\/\\\/hardnesstests.com\\\/tr\\\/#\\\/schema\\\/logo\\\/image\\\/\"}}]}<\/script>\n<!-- \/ Yoast SEO Premium plugin. -->","yoast_head_json":{"title":"Digital display automatic Rockwell hardness tester HRS-150 - hardnesstests","robots":{"index":"index","follow":"follow","max-snippet":"max-snippet:-1","max-image-preview":"max-image-preview:large","max-video-preview":"max-video-preview:-1"},"canonical":"https:\/\/hardnesstests.com\/de_de_formal\/produkt\/digital-display-automatic-rockwell-hardness-tester-hrs-150\/","og_locale":"de_DE","og_type":"article","og_title":"Digital display automatic Rockwell hardness tester HRS-150","og_description":"https:\/\/youtu.be\/AL8OdceJhyY","og_url":"https:\/\/hardnesstests.com\/de_de_formal\/produkt\/digital-display-automatic-rockwell-hardness-tester-hrs-150\/","og_site_name":"hardnesstests","og_image":[{"width":800,"height":800,"url":"https:\/\/hardnesstests.com\/wp-content\/uploads\/2025\/11\/HRS-150\u6570\u663e\u81ea\u52a8\u6d1b\u6c0f\u786c\u5ea6\u8ba1.jpg","type":"image\/jpeg"}],"twitter_card":"summary_large_image","twitter_misc":{"Gesch\u00e4tzte Lesezeit":"1\u00a0Minute"},"schema":{"@context":"https:\/\/schema.org","@graph":[{"@type":"WebPage","@id":"https:\/\/hardnesstests.com\/product\/digital-display-automatic-rockwell-hardness-tester-hrs-150\/","url":"https:\/\/hardnesstests.com\/product\/digital-display-automatic-rockwell-hardness-tester-hrs-150\/","name":"Digital display automatic Rockwell hardness tester HRS-150 - hardnesstests","isPartOf":{"@id":"https:\/\/hardnesstests.com\/tr\/#website"},"primaryImageOfPage":{"@id":"https:\/\/hardnesstests.com\/product\/digital-display-automatic-rockwell-hardness-tester-hrs-150\/#primaryimage"},"image":{"@id":"https:\/\/hardnesstests.com\/product\/digital-display-automatic-rockwell-hardness-tester-hrs-150\/#primaryimage"},"thumbnailUrl":"https:\/\/hardnesstests.com\/wp-content\/uploads\/2025\/11\/HRS-150\u6570\u663e\u81ea\u52a8\u6d1b\u6c0f\u786c\u5ea6\u8ba1.jpg","datePublished":"2025-11-27T08:35:21+00:00","breadcrumb":{"@id":"https:\/\/hardnesstests.com\/product\/digital-display-automatic-rockwell-hardness-tester-hrs-150\/#breadcrumb"},"inLanguage":"de","potentialAction":[{"@type":"ReadAction","target":["https:\/\/hardnesstests.com\/product\/digital-display-automatic-rockwell-hardness-tester-hrs-150\/"]}]},{"@type":"ImageObject","inLanguage":"de","@id":"https:\/\/hardnesstests.com\/product\/digital-display-automatic-rockwell-hardness-tester-hrs-150\/#primaryimage","url":"https:\/\/hardnesstests.com\/wp-content\/uploads\/2025\/11\/HRS-150\u6570\u663e\u81ea\u52a8\u6d1b\u6c0f\u786c\u5ea6\u8ba1.jpg","contentUrl":"https:\/\/hardnesstests.com\/wp-content\/uploads\/2025\/11\/HRS-150\u6570\u663e\u81ea\u52a8\u6d1b\u6c0f\u786c\u5ea6\u8ba1.jpg","width":800,"height":800,"caption":"Digital display automatic Rockwell hardness tester HRS-150"},{"@type":"BreadcrumbList","@id":"https:\/\/hardnesstests.com\/product\/digital-display-automatic-rockwell-hardness-tester-hrs-150\/#breadcrumb","itemListElement":[{"@type":"ListItem","position":1,"name":"\u9996\u9875","item":"https:\/\/hardnesstests.com\/"},{"@type":"ListItem","position":2,"name":"products","item":"https:\/\/hardnesstests.com\/products\/"},{"@type":"ListItem","position":3,"name":"Digital display automatic Rockwell hardness tester HRS-150"}]},{"@type":"WebSite","@id":"https:\/\/hardnesstests.com\/tr\/#website","url":"https:\/\/hardnesstests.com\/tr\/","name":"hardnesstests","description":"","publisher":{"@id":"https:\/\/hardnesstests.com\/tr\/#organization"},"potentialAction":[{"@type":"SearchAction","target":{"@type":"EntryPoint","urlTemplate":"https:\/\/hardnesstests.com\/tr\/?s={search_term_string}"},"query-input":{"@type":"PropertyValueSpecification","valueRequired":true,"valueName":"search_term_string"}}],"inLanguage":"de"},{"@type":"Organization","@id":"https:\/\/hardnesstests.com\/tr\/#organization","name":"hardnesstests","url":"https:\/\/hardnesstests.com\/tr\/","logo":{"@type":"ImageObject","inLanguage":"de","@id":"https:\/\/hardnesstests.com\/tr\/#\/schema\/logo\/image\/","url":"https:\/\/hardnesstests.com\/wp-content\/uploads\/2021\/08\/\u5fae\u4fe1\u56fe\u7247_20251029102004_335_1287.png","contentUrl":"https:\/\/hardnesstests.com\/wp-content\/uploads\/2021\/08\/\u5fae\u4fe1\u56fe\u7247_20251029102004_335_1287.png","width":1308,"height":467,"caption":"hardnesstests"},"image":{"@id":"https:\/\/hardnesstests.com\/tr\/#\/schema\/logo\/image\/"}}]}},"_links":{"self":[{"href":"https:\/\/hardnesstests.com\/de_de_formal\/wp-json\/wp\/v2\/product\/29816","targetHints":{"allow":["GET"]}}],"collection":[{"href":"https:\/\/hardnesstests.com\/de_de_formal\/wp-json\/wp\/v2\/product"}],"about":[{"href":"https:\/\/hardnesstests.com\/de_de_formal\/wp-json\/wp\/v2\/types\/product"}],"replies":[{"embeddable":true,"href":"https:\/\/hardnesstests.com\/de_de_formal\/wp-json\/wp\/v2\/comments?post=29816"}],"version-history":[{"count":1,"href":"https:\/\/hardnesstests.com\/de_de_formal\/wp-json\/wp\/v2\/product\/29816\/revisions"}],"predecessor-version":[{"id":29818,"href":"https:\/\/hardnesstests.com\/de_de_formal\/wp-json\/wp\/v2\/product\/29816\/revisions\/29818"}],"wp:featuredmedia":[{"embeddable":true,"href":"https:\/\/hardnesstests.com\/de_de_formal\/wp-json\/wp\/v2\/media\/29817"}],"wp:attachment":[{"href":"https:\/\/hardnesstests.com\/de_de_formal\/wp-json\/wp\/v2\/media?parent=29816"}],"wp:term":[{"taxonomy":"product_brand","embeddable":true,"href":"https:\/\/hardnesstests.com\/de_de_formal\/wp-json\/wp\/v2\/product_brand?post=29816"},{"taxonomy":"product_cat","embeddable":true,"href":"https:\/\/hardnesstests.com\/de_de_formal\/wp-json\/wp\/v2\/product_cat?post=29816"},{"taxonomy":"product_tag","embeddable":true,"href":"https:\/\/hardnesstests.com\/de_de_formal\/wp-json\/wp\/v2\/product_tag?post=29816"}],"curies":[{"name":"wp","href":"https:\/\/api.w.org\/{rel}","templated":true}]}}