{"id":29677,"date":"2025-11-26T07:48:02","date_gmt":"2025-11-26T07:48:02","guid":{"rendered":"https:\/\/hardnesstests.com\/?post_type=product&#038;p=29677"},"modified":"2025-11-27T06:15:54","modified_gmt":"2025-11-27T06:15:54","slug":"jhb-1brinell-hardness-indentation-automatic-measurement-system","status":"publish","type":"product","link":"https:\/\/hardnesstests.com\/de_de_formal\/produkt\/jhb-1brinell-hardness-indentation-automatic-measurement-system\/","title":{"rendered":"JHB-1Brinell H\u00e4rteeindruck Automatisches Messsystem"},"content":{"rendered":"<h1 style=\"font-weight: 400;\"><strong>Technische Parameter:<\/strong><\/h1>\n<ol>\n<li>Verwendung:f\u00fcr die Messung der Brinell-H\u00e4rte im Eindruck<\/li>\n<li>Anwendbarer Pr\u00fcfkraftbereich:1, 5, 10, 15,625, 30, 31,25, 62,5, 100, 125, 187,5, 250, 500, 750, 1000, 1500, 3000kgf<\/li>\n<li>Anwendbarer Eindringk\u00f6rperdurchmesser:1mm, 2,5mm, 5mm, 10mm<\/li>\n<li>Anwendbarer Messbereich f\u00fcr Eindr\u00fccke:0,24-6,0mm, es wird empfohlen, dass der Durchmesser des Eindrucks zwischen 0,4mm und 6,0mm liegt, um bessere Ergebnisse zu erzielen.<\/li>\n<li>Vier feste Vergr\u00f6\u00dferungen k\u00f6nnen eingestellt werden, um die Messgenauigkeit zu gew\u00e4hrleisten, jeweils anwendbar f\u00fcr den Gr\u00f6\u00dfenbereich von 0,5-1,6 mm (70X),<br \/>\n1-2,0mm (55X), 2-4,0mm (30X), und 3-6,0mm (20X)<\/li>\n<li style=\"font-weight: 400;\">Genauigkeit bei der Messung des Eindrucks: \u00b10,5%<\/li>\n<li>Kamera:2 Millionen Pixel 1\/3 Zoll CMOS-USB-Kamera, Metallgeh\u00e4use aus Aluminiumlegierung mit Magnetfu\u00df aus Edelstahl 304, mit Tastenschalter zum direkten Starten der Software und Ausl\u00f6sen der Messung, maximale Aufl\u00f6sung: 1600 \u00d7 1200, Leistungsaufnahme: 75mW, Buchstaben Rauschabstand: 68db<\/li>\n<li>USB-Kabel: eins<\/li>\n<li>Stromversorgung:Computer USB-Netzteil<\/li>\n<li>Computer (optional) Systemanforderungen: Windows XP, Windows 7, Windows 8, Windows 10 32-Bit- oder 64-Bit-Desktop- oder Notebook-PC, der zwei USB-Anschl\u00fcsse belegt, Microsoft Office (WORD und EXCEL) in der Version 2007 oder Die obige Version wird zur Erstellung des Berichts verwendet<\/li>\n<li>Software-Konfiguration:<br \/>\n1) Messen Sie automatisch den Eindruck und berechnen Sie den Brinell-H\u00e4rtewert gem\u00e4\u00df der Norm ASTM E10;<br \/>\n2) In \u00dcbereinstimmung mit der deutschen Industrienorm DIN1605 kann es automatisch den Eindruck des Pr\u00fcfmusters und den Eindruck des Standardblocks messen und den Hammer-Brinell-H\u00e4rtewert HB2 berechnen;<\/li>\n<\/ol>\n<h1><b>Die Hauptfunktion:<\/b><b><\/b><\/h1>\n<ol>\n<li><b>Automatische Messung:<\/b>\u00a0automatisch oder manuell den Eindruck erfassen, den Eindrucksdurchmesser messen und den entsprechenden Brinell-H\u00e4rtewert berechnen;<\/li>\n<li><b>HB2 automatische Messung (Deutsche Industrienorm DIN1605):<\/b>\u00a0Messen Sie automatisch oder manuell den Eindrucksdurchmesser des Standard-Testblocks und des Testst\u00fccks und berechnen Sie automatisch den HB-Wert des Testst\u00fccks, indem Sie in der Tabelle nachsehen und interpolieren;<\/li>\n<li><b>Umrechnung von H\u00e4rtewerten und effektive \u00dcberpr\u00fcfung: <\/b>Das System kann den gemessenen Brinell-H\u00e4rtewert HB in andere H\u00e4rtewerte wie HV, HR, usw. umrechnen;<\/li>\n<li><b>Daten-Statistiken:<\/b>\u00a0Das System berechnet und speichert automatisch den Durchschnitt, die Varianz und andere statistische Werte der gemessenen H\u00e4rte;<\/li>\n<li><b>\u00dcberschreitung des Standardalarms:<\/b>\u00a0zeigt automatisch den abnormalen Wert an. Wenn die H\u00e4rte den angegebenen Wert \u00fcberschreitet, schl\u00e4gt das Ger\u00e4t automatisch Alarm;<\/li>\n<li><b>Testbericht:<\/b>\u00a0Generieren Sie automatisch einen Bericht im WORD- oder EXCEL-Format, die Berichtsvorlage kann angepasst werden;<\/li>\n<li><b>Datenspeicherung:<\/b>\u00a0Messdaten, einschlie\u00dflich Bildern von Einr\u00fcckungen und anderen verf\u00fcgbaren Dokumenten;<\/li>\n<li><b>Andere Funktionen: <\/b>Enth\u00e4lt alle Funktionen des mikroskopischen Bildverarbeitungs- und Messsystems, einschlie\u00dflich Bildaufnahme, Kalibrierung, Bildverarbeitung, Messung geometrischer Abmessungen, Dokumentanmerkungen, Albumverwaltung und Druck in fester Gr\u00f6\u00dfe usw.<\/li>\n<\/ol>\n<h1><b>Systemfunktionen:<\/b><\/h1>\n<p class=\"\"><b>1. Einfach zu benutzen:<\/b>\u00a0Klicken Sie auf die Schaltfl\u00e4che Schnittstelle oder dr\u00fccken Sie die Kamerataste oder dr\u00fccken Sie die Ausf\u00fchrtaste, um die gesamte Arbeit automatisch zu erledigen; wenn Sie die Ergebnisse manuell messen oder \u00e4ndern m\u00fcssen, ziehen Sie einfach die Maus;<\/p>\n<p class=\"\"><b>2. starke L\u00e4rmresistenz:\u00a0<\/b>Die fortschrittliche und zuverl\u00e4ssige Bilderkennungstechnologie erm\u00f6glicht die Erkennung von Vertiefungen auf komplexen Probenoberfl\u00e4chen und zwei automatische Messmodi f\u00fcr extreme Situationen;<\/p>","protected":false},"excerpt":{"rendered":"<p data-start=\"159\" data-end=\"228\"><strong data-start=\"159\" data-end=\"226\">JHB-1 Automatisches Messsystem f\u00fcr Brinell-H\u00e4rteeindr\u00fccke<\/strong><\/p>\n<p data-start=\"230\" data-end=\"656\">Die <strong data-start=\"234\" data-end=\"243\">JHB-1<\/strong> ist ein hochpr\u00e4zises System, das f\u00fcr <strong data-start=\"284\" data-end=\"338\">automatische Messung der Brinell-H\u00e4rte durch Eindr\u00fccken<\/strong>. Er unterst\u00fctzt eine breite Palette von Pr\u00fcfkr\u00e4ften von <strong data-start=\"385\" data-end=\"406\">1 kgf bis 3000 kgf<\/strong> und Eindringk\u00f6rperdurchmesser von <strong data-start=\"433\" data-end=\"457\">1, 2,5, 5, und 10 mm<\/strong>mit einem empfohlenen Einzugsdurchmesserbereich von <strong data-start=\"508\" data-end=\"522\">0,4-6,0 mm<\/strong> f\u00fcr optimale Genauigkeit. Vier einstellbare feste Vergr\u00f6\u00dferungen (20X-70X) sorgen f\u00fcr eine pr\u00e4zise Messung bei unterschiedlichen Eindruckgr\u00f6\u00dfen.<\/p>\n<p data-start=\"658\" data-end=\"1032\">Ausgestattet mit einem <strong data-start=\"674\" data-end=\"705\">2-Megapixel-CMOS-USB-Kamera<\/strong> in einem robusten Geh\u00e4use aus Aluminiumlegierung mit einem <strong data-start=\"754\" data-end=\"791\">Magnetische Basis aus Edelstahl 304<\/strong>erm\u00f6glicht das System <strong data-start=\"811\" data-end=\"854\">Automatische oder manuelle Erfassung von Einz\u00fcgen<\/strong>und Messung mit einer Genauigkeit von <strong data-start=\"892\" data-end=\"901\">\u00b10,5%<\/strong>. Er wird \u00fcber USB an einen Windows-PC (XP-10) angeschlossen und unterst\u00fctzt <strong data-start=\"960\" data-end=\"980\">Microsoft B\u00fcro<\/strong> f\u00fcr die automatische Erstellung von Berichten in WORD oder EXCEL.<\/p>","protected":false},"featured_media":29679,"comment_status":"open","ping_status":"closed","template":"","meta":[],"product_brand":[],"product_cat":[75,70],"product_tag":[105],"class_list":{"0":"post-29677","1":"product","2":"type-product","3":"status-publish","4":"has-post-thumbnail","6":"product_cat-brinell-hardness-tester","7":"product_cat-hardness-tester","8":"product_tag-brinell-hardness-tester","10":"first","11":"instock","12":"shipping-taxable","13":"product-type-simple"},"yoast_head":"<!-- This site is optimized with the Yoast SEO Premium plugin v25.4 (Yoast SEO v27.4) - https:\/\/yoast.com\/product\/yoast-seo-premium-wordpress\/ -->\n<title>JHB-1Brinell Hardness Indentation Automatic Measurement System - hardnesstests<\/title>\n<meta name=\"robots\" content=\"index, follow, max-snippet:-1, max-image-preview:large, max-video-preview:-1\" \/>\n<link rel=\"canonical\" href=\"https:\/\/hardnesstests.com\/de_de_formal\/produkt\/jhb-1brinell-hardness-indentation-automatic-measurement-system\/\" \/>\n<meta property=\"og:locale\" content=\"de_DE\" \/>\n<meta property=\"og:type\" content=\"article\" \/>\n<meta property=\"og:title\" content=\"JHB-1Brinell Hardness Indentation Automatic Measurement System\" \/>\n<meta property=\"og:description\" content=\"JHB-1 Brinell Hardness Indentation Automatic Measurement System The JHB-1 is a high-precision system designed for automatic Brinell hardness indentation measurement. It supports a wide range of test forces from 1\u202fkgf to 3000\u202fkgf and indenter diameters of 1, 2.5, 5, and 10\u202fmm, with a recommended indentation diameter range of 0.4\u20136.0\u202fmm for optimal accuracy. Four adjustable fixed magnifications (20X\u201370X) ensure precise measurement across different indentation sizes. Equipped with a 2-megapixel CMOS USB camera housed in a durable aluminum alloy shell with a 304 stainless steel magnetic base, the system allows automatic or manual indentation capture, and measurement with an accuracy of \u00b10.5%. It connects via USB to a Windows PC (XP\u201310) and supports Microsoft Office for automatic report generation in WORD or EXCEL.\" \/>\n<meta property=\"og:url\" content=\"https:\/\/hardnesstests.com\/de_de_formal\/produkt\/jhb-1brinell-hardness-indentation-automatic-measurement-system\/\" \/>\n<meta property=\"og:site_name\" content=\"hardnesstests\" \/>\n<meta property=\"article:modified_time\" content=\"2025-11-27T06:15:54+00:00\" \/>\n<meta property=\"og:image\" content=\"https:\/\/hardnesstests.com\/wp-content\/uploads\/2025\/11\/\u5e03\u6c0f\u81ea\u52a8\u6d4b\u91cf\u7cfb\u7edf.jpg\" \/>\n\t<meta property=\"og:image:width\" content=\"800\" \/>\n\t<meta property=\"og:image:height\" content=\"800\" \/>\n\t<meta property=\"og:image:type\" content=\"image\/jpeg\" \/>\n<meta name=\"twitter:card\" content=\"summary_large_image\" \/>\n<meta name=\"twitter:label1\" content=\"Gesch\u00e4tzte Lesezeit\" \/>\n\t<meta name=\"twitter:data1\" content=\"2\u00a0Minuten\" \/>\n<script type=\"application\/ld+json\" class=\"yoast-schema-graph\">{\"@context\":\"https:\\\/\\\/schema.org\",\"@graph\":[{\"@type\":\"WebPage\",\"@id\":\"https:\\\/\\\/hardnesstests.com\\\/product\\\/jhb-1brinell-hardness-indentation-automatic-measurement-system\\\/\",\"url\":\"https:\\\/\\\/hardnesstests.com\\\/product\\\/jhb-1brinell-hardness-indentation-automatic-measurement-system\\\/\",\"name\":\"JHB-1Brinell Hardness Indentation Automatic Measurement System - hardnesstests\",\"isPartOf\":{\"@id\":\"https:\\\/\\\/hardnesstests.com\\\/tr\\\/#website\"},\"primaryImageOfPage\":{\"@id\":\"https:\\\/\\\/hardnesstests.com\\\/product\\\/jhb-1brinell-hardness-indentation-automatic-measurement-system\\\/#primaryimage\"},\"image\":{\"@id\":\"https:\\\/\\\/hardnesstests.com\\\/product\\\/jhb-1brinell-hardness-indentation-automatic-measurement-system\\\/#primaryimage\"},\"thumbnailUrl\":\"https:\\\/\\\/hardnesstests.com\\\/wp-content\\\/uploads\\\/2025\\\/11\\\/\u5e03\u6c0f\u81ea\u52a8\u6d4b\u91cf\u7cfb\u7edf.jpg\",\"datePublished\":\"2025-11-26T07:48:02+00:00\",\"dateModified\":\"2025-11-27T06:15:54+00:00\",\"breadcrumb\":{\"@id\":\"https:\\\/\\\/hardnesstests.com\\\/product\\\/jhb-1brinell-hardness-indentation-automatic-measurement-system\\\/#breadcrumb\"},\"inLanguage\":\"de\",\"potentialAction\":[{\"@type\":\"ReadAction\",\"target\":[\"https:\\\/\\\/hardnesstests.com\\\/product\\\/jhb-1brinell-hardness-indentation-automatic-measurement-system\\\/\"]}]},{\"@type\":\"ImageObject\",\"inLanguage\":\"de\",\"@id\":\"https:\\\/\\\/hardnesstests.com\\\/product\\\/jhb-1brinell-hardness-indentation-automatic-measurement-system\\\/#primaryimage\",\"url\":\"https:\\\/\\\/hardnesstests.com\\\/wp-content\\\/uploads\\\/2025\\\/11\\\/\u5e03\u6c0f\u81ea\u52a8\u6d4b\u91cf\u7cfb\u7edf.jpg\",\"contentUrl\":\"https:\\\/\\\/hardnesstests.com\\\/wp-content\\\/uploads\\\/2025\\\/11\\\/\u5e03\u6c0f\u81ea\u52a8\u6d4b\u91cf\u7cfb\u7edf.jpg\",\"width\":800,\"height\":800,\"caption\":\"JHB-1Brinell Hardness Indentation Automatic Measurement System\"},{\"@type\":\"BreadcrumbList\",\"@id\":\"https:\\\/\\\/hardnesstests.com\\\/product\\\/jhb-1brinell-hardness-indentation-automatic-measurement-system\\\/#breadcrumb\",\"itemListElement\":[{\"@type\":\"ListItem\",\"position\":1,\"name\":\"\u9996\u9875\",\"item\":\"https:\\\/\\\/hardnesstests.com\\\/\"},{\"@type\":\"ListItem\",\"position\":2,\"name\":\"products\",\"item\":\"https:\\\/\\\/hardnesstests.com\\\/products\\\/\"},{\"@type\":\"ListItem\",\"position\":3,\"name\":\"JHB-1Brinell Hardness Indentation Automatic Measurement System\"}]},{\"@type\":\"WebSite\",\"@id\":\"https:\\\/\\\/hardnesstests.com\\\/tr\\\/#website\",\"url\":\"https:\\\/\\\/hardnesstests.com\\\/tr\\\/\",\"name\":\"hardnesstests\",\"description\":\"\",\"publisher\":{\"@id\":\"https:\\\/\\\/hardnesstests.com\\\/tr\\\/#organization\"},\"potentialAction\":[{\"@type\":\"SearchAction\",\"target\":{\"@type\":\"EntryPoint\",\"urlTemplate\":\"https:\\\/\\\/hardnesstests.com\\\/tr\\\/?s={search_term_string}\"},\"query-input\":{\"@type\":\"PropertyValueSpecification\",\"valueRequired\":true,\"valueName\":\"search_term_string\"}}],\"inLanguage\":\"de\"},{\"@type\":\"Organization\",\"@id\":\"https:\\\/\\\/hardnesstests.com\\\/tr\\\/#organization\",\"name\":\"hardnesstests\",\"url\":\"https:\\\/\\\/hardnesstests.com\\\/tr\\\/\",\"logo\":{\"@type\":\"ImageObject\",\"inLanguage\":\"de\",\"@id\":\"https:\\\/\\\/hardnesstests.com\\\/tr\\\/#\\\/schema\\\/logo\\\/image\\\/\",\"url\":\"https:\\\/\\\/hardnesstests.com\\\/wp-content\\\/uploads\\\/2021\\\/08\\\/\u5fae\u4fe1\u56fe\u7247_20251029102004_335_1287.png\",\"contentUrl\":\"https:\\\/\\\/hardnesstests.com\\\/wp-content\\\/uploads\\\/2021\\\/08\\\/\u5fae\u4fe1\u56fe\u7247_20251029102004_335_1287.png\",\"width\":1308,\"height\":467,\"caption\":\"hardnesstests\"},\"image\":{\"@id\":\"https:\\\/\\\/hardnesstests.com\\\/tr\\\/#\\\/schema\\\/logo\\\/image\\\/\"}}]}<\/script>\n<!-- \/ Yoast SEO Premium plugin. -->","yoast_head_json":{"title":"JHB-1Brinell Hardness Indentation Automatic Measurement System - hardnesstests","robots":{"index":"index","follow":"follow","max-snippet":"max-snippet:-1","max-image-preview":"max-image-preview:large","max-video-preview":"max-video-preview:-1"},"canonical":"https:\/\/hardnesstests.com\/de_de_formal\/produkt\/jhb-1brinell-hardness-indentation-automatic-measurement-system\/","og_locale":"de_DE","og_type":"article","og_title":"JHB-1Brinell Hardness Indentation Automatic Measurement System","og_description":"JHB-1 Brinell Hardness Indentation Automatic Measurement System The JHB-1 is a high-precision system designed for automatic Brinell hardness indentation measurement. It supports a wide range of test forces from 1\u202fkgf to 3000\u202fkgf and indenter diameters of 1, 2.5, 5, and 10\u202fmm, with a recommended indentation diameter range of 0.4\u20136.0\u202fmm for optimal accuracy. Four adjustable fixed magnifications (20X\u201370X) ensure precise measurement across different indentation sizes. Equipped with a 2-megapixel CMOS USB camera housed in a durable aluminum alloy shell with a 304 stainless steel magnetic base, the system allows automatic or manual indentation capture, and measurement with an accuracy of \u00b10.5%. It connects via USB to a Windows PC (XP\u201310) and supports Microsoft Office for automatic report generation in WORD or EXCEL.","og_url":"https:\/\/hardnesstests.com\/de_de_formal\/produkt\/jhb-1brinell-hardness-indentation-automatic-measurement-system\/","og_site_name":"hardnesstests","article_modified_time":"2025-11-27T06:15:54+00:00","og_image":[{"width":800,"height":800,"url":"https:\/\/hardnesstests.com\/wp-content\/uploads\/2025\/11\/\u5e03\u6c0f\u81ea\u52a8\u6d4b\u91cf\u7cfb\u7edf.jpg","type":"image\/jpeg"}],"twitter_card":"summary_large_image","twitter_misc":{"Gesch\u00e4tzte Lesezeit":"2\u00a0Minuten"},"schema":{"@context":"https:\/\/schema.org","@graph":[{"@type":"WebPage","@id":"https:\/\/hardnesstests.com\/product\/jhb-1brinell-hardness-indentation-automatic-measurement-system\/","url":"https:\/\/hardnesstests.com\/product\/jhb-1brinell-hardness-indentation-automatic-measurement-system\/","name":"JHB-1Brinell Hardness Indentation Automatic Measurement System - hardnesstests","isPartOf":{"@id":"https:\/\/hardnesstests.com\/tr\/#website"},"primaryImageOfPage":{"@id":"https:\/\/hardnesstests.com\/product\/jhb-1brinell-hardness-indentation-automatic-measurement-system\/#primaryimage"},"image":{"@id":"https:\/\/hardnesstests.com\/product\/jhb-1brinell-hardness-indentation-automatic-measurement-system\/#primaryimage"},"thumbnailUrl":"https:\/\/hardnesstests.com\/wp-content\/uploads\/2025\/11\/\u5e03\u6c0f\u81ea\u52a8\u6d4b\u91cf\u7cfb\u7edf.jpg","datePublished":"2025-11-26T07:48:02+00:00","dateModified":"2025-11-27T06:15:54+00:00","breadcrumb":{"@id":"https:\/\/hardnesstests.com\/product\/jhb-1brinell-hardness-indentation-automatic-measurement-system\/#breadcrumb"},"inLanguage":"de","potentialAction":[{"@type":"ReadAction","target":["https:\/\/hardnesstests.com\/product\/jhb-1brinell-hardness-indentation-automatic-measurement-system\/"]}]},{"@type":"ImageObject","inLanguage":"de","@id":"https:\/\/hardnesstests.com\/product\/jhb-1brinell-hardness-indentation-automatic-measurement-system\/#primaryimage","url":"https:\/\/hardnesstests.com\/wp-content\/uploads\/2025\/11\/\u5e03\u6c0f\u81ea\u52a8\u6d4b\u91cf\u7cfb\u7edf.jpg","contentUrl":"https:\/\/hardnesstests.com\/wp-content\/uploads\/2025\/11\/\u5e03\u6c0f\u81ea\u52a8\u6d4b\u91cf\u7cfb\u7edf.jpg","width":800,"height":800,"caption":"JHB-1Brinell Hardness Indentation Automatic Measurement System"},{"@type":"BreadcrumbList","@id":"https:\/\/hardnesstests.com\/product\/jhb-1brinell-hardness-indentation-automatic-measurement-system\/#breadcrumb","itemListElement":[{"@type":"ListItem","position":1,"name":"\u9996\u9875","item":"https:\/\/hardnesstests.com\/"},{"@type":"ListItem","position":2,"name":"products","item":"https:\/\/hardnesstests.com\/products\/"},{"@type":"ListItem","position":3,"name":"JHB-1Brinell Hardness Indentation Automatic Measurement System"}]},{"@type":"WebSite","@id":"https:\/\/hardnesstests.com\/tr\/#website","url":"https:\/\/hardnesstests.com\/tr\/","name":"hardnesstests","description":"","publisher":{"@id":"https:\/\/hardnesstests.com\/tr\/#organization"},"potentialAction":[{"@type":"SearchAction","target":{"@type":"EntryPoint","urlTemplate":"https:\/\/hardnesstests.com\/tr\/?s={search_term_string}"},"query-input":{"@type":"PropertyValueSpecification","valueRequired":true,"valueName":"search_term_string"}}],"inLanguage":"de"},{"@type":"Organization","@id":"https:\/\/hardnesstests.com\/tr\/#organization","name":"hardnesstests","url":"https:\/\/hardnesstests.com\/tr\/","logo":{"@type":"ImageObject","inLanguage":"de","@id":"https:\/\/hardnesstests.com\/tr\/#\/schema\/logo\/image\/","url":"https:\/\/hardnesstests.com\/wp-content\/uploads\/2021\/08\/\u5fae\u4fe1\u56fe\u7247_20251029102004_335_1287.png","contentUrl":"https:\/\/hardnesstests.com\/wp-content\/uploads\/2021\/08\/\u5fae\u4fe1\u56fe\u7247_20251029102004_335_1287.png","width":1308,"height":467,"caption":"hardnesstests"},"image":{"@id":"https:\/\/hardnesstests.com\/tr\/#\/schema\/logo\/image\/"}}]}},"_links":{"self":[{"href":"https:\/\/hardnesstests.com\/de_de_formal\/wp-json\/wp\/v2\/product\/29677","targetHints":{"allow":["GET"]}}],"collection":[{"href":"https:\/\/hardnesstests.com\/de_de_formal\/wp-json\/wp\/v2\/product"}],"about":[{"href":"https:\/\/hardnesstests.com\/de_de_formal\/wp-json\/wp\/v2\/types\/product"}],"replies":[{"embeddable":true,"href":"https:\/\/hardnesstests.com\/de_de_formal\/wp-json\/wp\/v2\/comments?post=29677"}],"version-history":[{"count":3,"href":"https:\/\/hardnesstests.com\/de_de_formal\/wp-json\/wp\/v2\/product\/29677\/revisions"}],"predecessor-version":[{"id":29716,"href":"https:\/\/hardnesstests.com\/de_de_formal\/wp-json\/wp\/v2\/product\/29677\/revisions\/29716"}],"wp:featuredmedia":[{"embeddable":true,"href":"https:\/\/hardnesstests.com\/de_de_formal\/wp-json\/wp\/v2\/media\/29679"}],"wp:attachment":[{"href":"https:\/\/hardnesstests.com\/de_de_formal\/wp-json\/wp\/v2\/media?parent=29677"}],"wp:term":[{"taxonomy":"product_brand","embeddable":true,"href":"https:\/\/hardnesstests.com\/de_de_formal\/wp-json\/wp\/v2\/product_brand?post=29677"},{"taxonomy":"product_cat","embeddable":true,"href":"https:\/\/hardnesstests.com\/de_de_formal\/wp-json\/wp\/v2\/product_cat?post=29677"},{"taxonomy":"product_tag","embeddable":true,"href":"https:\/\/hardnesstests.com\/de_de_formal\/wp-json\/wp\/v2\/product_tag?post=29677"}],"curies":[{"name":"wp","href":"https:\/\/api.w.org\/{rel}","templated":true}]}}