{"id":29671,"date":"2025-11-26T07:38:52","date_gmt":"2025-11-26T07:38:52","guid":{"rendered":"https:\/\/hardnesstests.com\/?post_type=product&#038;p=29671"},"modified":"2025-11-27T06:09:13","modified_gmt":"2025-11-27T06:09:13","slug":"pchbst-3000-visual-touch-screen-digital-display-brinell-hardness-tester","status":"publish","type":"product","link":"https:\/\/hardnesstests.com\/de_de_formal\/produkt\/pchbst-3000-visual-touch-screen-digital-display-brinell-hardness-tester\/","title":{"rendered":"(PCHBST-3000) visuelles Touchscreen-Digitaldisplay Brinell-H\u00e4rtepr\u00fcfger\u00e4t"},"content":{"rendered":"<p>Integration eines industriellen Tablet-Computers, Unterst\u00fctzung von USB-Erweiterungen<\/p>\n<p>Visuelle Anzeige des Eindrucks und automatische H\u00e4rtemessung<\/p>\n<p>Erstellen Sie automatisch einen WORD-Bericht, der den Anforderungen des Testpersonals entspricht.<\/p>\n<p style=\"font-weight: 400;\">PCHBST-3000 touch screen digital display Brinell hardness tester, only need to operate a touch tablet computer, easy to get the measurement! And all the parameters required for the test can be selected, modified and analyzed directly on the computer. By linking the CCD measurement and acquisition system, it can display clear indentation image dynamics on the PC in real time, and can also directly lock the indentation to automatically measure the hardness value, automatically save the test data, and generate a report. The operation is very simple and fast, eliminating human measurement errors. With a tablet computer as a platform, more application functions can be extended through the Internet, and devices such as external monitors and printers can also be connected.<\/p>\n<p style=\"font-weight: 400;\">Das Softwaresystem des H\u00e4rtepr\u00fcfers basiert auf intelligenter Computerprogrammierung, verwendet fotoelektrische Sensortechnologie und w\u00e4hlt die Pr\u00fcfbedingungen unabh\u00e4ngig aus. Auf dem 5,6-Zoll-Touch-Multifunktionsdisplay k\u00f6nnen die Pr\u00fcfmethode, der obere und untere Grenzbereich angezeigt und die Eindrucksl\u00e4nge, der H\u00e4rtewert und der Umrechnungswert gemessen werden. Sie k\u00f6nnen die Pr\u00fcfkraft, die Haltezeit und die Anzahl der Messungen eingeben und Jahr, Monat, Datum, Pr\u00fcfergebnisse und Datenverarbeitung usw. eingeben und die Messdaten \u00fcber einen eingebauten Drucker ausgeben oder \u00fcber eine Datenschnittstelle an einen Computer anschlie\u00dfen. Das optische System verwendet eine optische LED-Messung mit hoher Vergr\u00f6\u00dferung, die Bildsch\u00e4rfe ist hoch, die Helligkeit ist einstellbar und der Langzeitbetrieb ist nicht f\u00fcr Erm\u00fcdung geeignet. Das Hardwaresystem verwendet eine fortschrittliche elektronische Sensorladetechnik. Durch das geschlossene Kontrollsystem steuert die CPU den Sensor, um Signale zu sammeln. Der Schrittmotor l\u00e4dt und entl\u00e4dt die Testkraft automatisch und kann die Testkraft automatisch kompensieren, um genauere Kraftwerte und bessere Anzeigen zu gew\u00e4hrleisten. Stabilisieren. Gleichzeitig ist das Ger\u00e4t mit einer Not-Aus-Vorrichtung ausgestattet, die den EU-CE-Sicherheitsstandards entspricht. Mit humanisierter Bedienbarkeit, zuverl\u00e4ssiger Stabilit\u00e4t und Sicherheit.<\/p>\n<table>\n<tbody>\n<tr>\n<td>\n<h1><strong>Die wichtigsten Funktionen und Merkmale:<\/strong><\/h1>\n<\/td>\n<\/tr>\n<\/tbody>\n<\/table>\n<ol>\n<li style=\"font-weight: 400;\">Diese Maschine zeichnet sich durch hohe Pr\u00e4zision, hohe Wiederholgenauigkeit und Stabilit\u00e4t, einfache Bedienung, Bequemlichkeit und Praxisn\u00e4he sowie eine hohe Kostenwirksamkeit aus;<\/li>\n<li style=\"font-weight: 400;\">Besitzt die Testf\u00e4higkeit der Stufe 10 und kann einen gr\u00f6\u00dferen Bereich testen;<\/li>\n<li style=\"font-weight: 400;\">Ausgestattet mit einem Okular mit digitaler Anzeige und einem pr\u00e4zisen Datenberechnungssystem, kann der H\u00e4rtewert mit nur einem Fingertipp direkt angezeigt werden;<\/li>\n<li style=\"font-weight: 400;\">The system comes with a calibration function, which can manually adjust the input calibration instrument, and can also calibrate the eyepiece magnification.<\/li>\n<li style=\"font-weight: 400;\">Adjustable range of optical system brightness: 0-100<\/li>\n<li style=\"font-weight: 400;\">It can store up to 100 sets of test data<\/li>\n<li style=\"font-weight: 400;\">The operating system can be converted between Chinese and English<\/li>\n<li style=\"font-weight: 400;\">The main interface can display 5 conversion rulers at the same time<\/li>\n<li style=\"font-weight: 400;\">Ausgestattet mit einem eingebauten Drucker zur Ausgabe der Messdaten oder zum Anschluss an den Computer, um die Messdaten des Hosts zur Bearbeitung und Speicherung an den Computer zu \u00fcbertragen;<\/li>\n<li style=\"font-weight: 400;\">Ausgestattet mit einem leistungsstarken Schrittmotor zum automatischen Be- und Entladen der Testkraft, ist der L\u00e4rm, der w\u00e4hrend des Tests entsteht, geringer<\/li>\n<li style=\"font-weight: 400;\">Durch die Verwendung von fotoelektrischer Sensortechnologie und einem Mikrocomputer-Steuerungssystem kann es automatisch kompensieren, und die Testergebnisse sind genau und stabil;<\/li>\n<li style=\"font-weight: 400;\">Geben Sie automatisch den Eindrucksdurchmesser ein und zeigen Sie direkt den H\u00e4rtewert an. So k\u00f6nnen Sie jede beliebige H\u00e4rteeinheit doppelt anzeigen lassen, ohne dass Sie eine umst\u00e4ndliche Pr\u00fcftabelle ben\u00f6tigen;<\/li>\n<li style=\"font-weight: 400;\">Eigenst\u00e4ndiges Design der hochvergr\u00f6\u00dfernden optischen LED-Messung, hohe Bildsch\u00e4rfe, einstellbare Helligkeit, Langzeitbetrieb ist nicht f\u00fcr Erm\u00fcdung geeignet;<\/li>\n<li style=\"font-weight: 400;\">Die Schale wird auf einmal gegossen, die Struktur ist stabil und verformt sich nicht, und sie kann in einer relativ rauen Umgebung arbeiten;<\/li>\n<li style=\"font-weight: 400;\">The surface is treated with the car paint process, which has strong scratching ability and is still bright as new after years of use;<\/li>\n<\/ol>\n<h1 style=\"font-weight: 400;\">\u00a0<strong>Main purpose and scope of use<\/strong>:<\/h1>\n<ol>\n<li style=\"font-weight: 400;\">It is suitable for the hardness tester test of metal materials with large grains, which can reflect the comprehensive performance of the material;<\/li>\n<li style=\"font-weight: 400;\">Cast iron, steel, non-ferrous metals, especially for softer metals, such as pure aluminum, lead, tin, etc.<\/li>\n<li style=\"font-weight: 400;\">It can be used to measure the hardness of some non-metallic materials such as hard plastics, bakelite, etc.<\/li>\n<\/ol>\n<table>\n<tbody>\n<tr>\n<td>\n<h1><strong>Technische Parameter:<\/strong><\/h1>\n<\/td>\n<\/tr>\n<\/tbody>\n<\/table>\n<table>\n<tbody>\n<tr>\n<td width=\"138\">Modell des Produkts<\/td>\n<td width=\"450\">PCHBST-3000<\/td>\n<\/tr>\n<tr>\n<td width=\"138\">Brinell Lineal<\/td>\n<td width=\"450\">HBW2.5\/62.5 HBW2.5\/187.5 HBW5\/62.5 HBW5\/125 HBW5\/250 HBW5\/750 HBW10\/100\u3001 HBW10\/250 HBW10\/500 HBW10\/1000 HBW10\/1500 HBW10\/3000<\/td>\n<\/tr>\n<tr>\n<td width=\"138\">Test Kraft<\/td>\n<td width=\"450\">62.5kgf(612.9N)100kgf(980.7N)125kgf(1226N)187.5kgf(1839N)250kgf(2452N)500kgf(4903N)750kgf(7355N)1000kgf(8907N)1500kgf(14710N)3000kgf(29420N)<\/td>\n<\/tr>\n<tr>\n<td width=\"138\">Ladekontrolle<\/td>\n<td width=\"450\">Automatisch (Laden\/Halten\/Entladen)<\/td>\n<\/tr>\n<tr>\n<td width=\"138\">Maximale H\u00f6he des Exemplars<\/td>\n<td width=\"450\">220mm<\/td>\n<\/tr>\n<tr>\n<td width=\"138\">Abstand zwischen Eindringk\u00f6rper und Au\u00dfenwand<\/td>\n<td width=\"450\">135mm<\/td>\n<\/tr>\n<tr>\n<td width=\"138\">Abstand Eindringk\u00f6rper - obere Wand<\/td>\n<td width=\"450\">55mm\uff08Der Abstand zwischen dem Eindringk\u00f6rper und der oberen Maschinenwand kann durch Anpassung des Eindringk\u00f6rpers vergr\u00f6\u00dfert werden \uff09<\/td>\n<\/tr>\n<tr>\n<td width=\"138\">Kleinste Ma\u00dfeinheit<\/td>\n<td width=\"450\">0.125um<\/td>\n<\/tr>\n<tr>\n<td width=\"138\">Verweilzeit<\/td>\n<td width=\"450\">0~60s<\/td>\n<\/tr>\n<tr>\n<td width=\"138\">H\u00e4rte-Testbereich<\/td>\n<td width=\"450\">8~650HBW<\/td>\n<\/tr>\n<tr>\n<td width=\"138\">H\u00e4rteanzeige<\/td>\n<td width=\"450\">PCAutomatische H\u00e4rtemessung<\/td>\n<\/tr>\n<tr>\n<td width=\"138\">Fehlerkorrektur<\/td>\n<td width=\"450\">Das System kalibriert die H\u00e4rte zu jeder Zeit<\/td>\n<\/tr>\n<tr>\n<td width=\"138\">Qualifiziertes Urteil<\/td>\n<td width=\"450\">Der qualifizierte Bereich kann eingestellt werden, und das Ger\u00e4t erinnert automatisch daran, ob er qualifiziert ist<\/td>\n<\/tr>\n<tr>\n<td width=\"138\">Gesamtvergr\u00f6\u00dferung<\/td>\n<td width=\"450\">20X<\/td>\n<\/tr>\n<tr>\n<td width=\"138\">Exekutive Standard<\/td>\n<td width=\"450\">EN ISO 6506, , ASTM E-10-08, GB\/T231.2\uff0cJJG150 -2005<\/td>\n<\/tr>\n<tr>\n<td width=\"138\">Datenausgabe<\/td>\n<td width=\"450\">Built-in printer, hyper terminal.<\/td>\n<\/tr>\n<tr>\n<td width=\"138\">Stromzufuhr<\/td>\n<td width=\"450\">AC220<u>+<\/u>5%,50~60Hz<\/td>\n<\/tr>\n<tr>\n<td width=\"138\">Gesamtgr\u00f6\u00dfe (mm)<\/td>\n<td width=\"450\">520*210*745mm<\/td>\n<\/tr>\n<tr>\n<td width=\"138\">Host Gewicht<\/td>\n<td width=\"450\">Etwa 125kg<\/td>\n<\/tr>\n<\/tbody>\n<\/table>","protected":false},"excerpt":{"rendered":"<p data-start=\"171\" data-end=\"538\">Die <strong data-start=\"175\" data-end=\"190\">PCHBST-3000<\/strong> integrates an industrial tablet computer for <strong data-start=\"236\" data-end=\"265\">intuitive touch operation<\/strong> and supports <strong data-start=\"279\" data-end=\"296\">USB expansion<\/strong> for external devices like monitors and printers. It provides <strong data-start=\"358\" data-end=\"388\">Anzeige des visuellen Einzugs<\/strong> with real-time CCD imaging, enabling automatic hardness measurement, data saving, and <strong data-start=\"475\" data-end=\"509\">instant WORD report generation<\/strong>, eliminating human errors.<\/p>\n<p data-start=\"540\" data-end=\"973\">Its <strong data-start=\"544\" data-end=\"575\">intelligent software system<\/strong> allows direct selection, modification, and analysis of test parameters. The <strong data-start=\"652\" data-end=\"692\">5.6-inch multifunctional touchscreen<\/strong> displays test force, hold time, indentation length, hardness value, conversions, and other test data. Advanced <strong data-start=\"804\" data-end=\"829\">photoelectric sensors<\/strong>, <strong data-start=\"831\" data-end=\"864\">high-magnification LED optics<\/strong>, and a <strong data-start=\"872\" data-end=\"914\">stepper motor with closed-loop control<\/strong> ensure <strong data-start=\"922\" data-end=\"970\">pr\u00e4zises, stabiles und erm\u00fcdungsfreies Arbeiten<\/strong>.<\/p>\n<p data-start=\"975\" data-end=\"1143\">Built-in <strong data-start=\"984\" data-end=\"1002\">emergency stop<\/strong> and EU CE compliance provide <strong data-start=\"1032\" data-end=\"1051\">reliable safety<\/strong>, while the tablet platform allows <strong data-start=\"1086\" data-end=\"1114\">internet-based expansion<\/strong> and flexible connectivity.<\/p>","protected":false},"featured_media":29672,"comment_status":"open","ping_status":"closed","template":"","meta":[],"product_brand":[],"product_cat":[75,70],"product_tag":[105],"class_list":{"0":"post-29671","1":"product","2":"type-product","3":"status-publish","4":"has-post-thumbnail","6":"product_cat-brinell-hardness-tester","7":"product_cat-hardness-tester","8":"product_tag-brinell-hardness-tester","10":"first","11":"instock","12":"shipping-taxable","13":"product-type-simple"},"yoast_head":"<!-- This site is optimized with the Yoast SEO Premium plugin v25.4 (Yoast SEO v27.4) - https:\/\/yoast.com\/product\/yoast-seo-premium-wordpress\/ -->\n<title>(PCHBST-3000) visual touch screen digital display Brinell hardness tester - hardnesstests<\/title>\n<meta name=\"robots\" content=\"index, follow, max-snippet:-1, max-image-preview:large, max-video-preview:-1\" \/>\n<link rel=\"canonical\" href=\"https:\/\/hardnesstests.com\/de_de_formal\/produkt\/pchbst-3000-visual-touch-screen-digital-display-brinell-hardness-tester\/\" \/>\n<meta property=\"og:locale\" content=\"de_DE\" \/>\n<meta property=\"og:type\" content=\"article\" \/>\n<meta property=\"og:title\" content=\"(PCHBST-3000) visual touch screen digital display Brinell hardness tester\" \/>\n<meta property=\"og:description\" content=\"The PCHBST-3000 integrates an industrial tablet computer for intuitive touch operation and supports USB expansion for external devices like monitors and printers. It provides visual indentation display with real-time CCD imaging, enabling automatic hardness measurement, data saving, and instant WORD report generation, eliminating human errors. Its intelligent software system allows direct selection, modification, and analysis of test parameters. The 5.6-inch multifunctional touchscreen displays test force, hold time, indentation length, hardness value, conversions, and other test data. Advanced photoelectric sensors, high-magnification LED optics, and a stepper motor with closed-loop control ensure accurate, stable, and fatigue-free operation. Built-in emergency stop and EU CE compliance provide reliable safety, while the tablet platform allows internet-based expansion and flexible connectivity.\" \/>\n<meta property=\"og:url\" content=\"https:\/\/hardnesstests.com\/de_de_formal\/produkt\/pchbst-3000-visual-touch-screen-digital-display-brinell-hardness-tester\/\" \/>\n<meta property=\"og:site_name\" content=\"hardnesstests\" \/>\n<meta property=\"article:modified_time\" content=\"2025-11-27T06:09:13+00:00\" \/>\n<meta property=\"og:image\" content=\"https:\/\/hardnesstests.com\/wp-content\/uploads\/2025\/11\/PCHBST-3000\u89c6\u89c9\u89e6\u6478\u5c4f\u6570\u663e\u5e03\u6c0f\u786c\u5ea6\u8ba1.jpg\" \/>\n\t<meta property=\"og:image:width\" content=\"800\" \/>\n\t<meta property=\"og:image:height\" content=\"800\" \/>\n\t<meta property=\"og:image:type\" content=\"image\/jpeg\" \/>\n<meta name=\"twitter:card\" content=\"summary_large_image\" \/>\n<meta name=\"twitter:label1\" content=\"Gesch\u00e4tzte Lesezeit\" \/>\n\t<meta name=\"twitter:data1\" content=\"4\u00a0Minuten\" \/>\n<script type=\"application\/ld+json\" class=\"yoast-schema-graph\">{\"@context\":\"https:\\\/\\\/schema.org\",\"@graph\":[{\"@type\":\"WebPage\",\"@id\":\"https:\\\/\\\/hardnesstests.com\\\/product\\\/pchbst-3000-visual-touch-screen-digital-display-brinell-hardness-tester\\\/\",\"url\":\"https:\\\/\\\/hardnesstests.com\\\/product\\\/pchbst-3000-visual-touch-screen-digital-display-brinell-hardness-tester\\\/\",\"name\":\"(PCHBST-3000) visual touch screen digital display Brinell hardness tester - hardnesstests\",\"isPartOf\":{\"@id\":\"https:\\\/\\\/hardnesstests.com\\\/tr\\\/#website\"},\"primaryImageOfPage\":{\"@id\":\"https:\\\/\\\/hardnesstests.com\\\/product\\\/pchbst-3000-visual-touch-screen-digital-display-brinell-hardness-tester\\\/#primaryimage\"},\"image\":{\"@id\":\"https:\\\/\\\/hardnesstests.com\\\/product\\\/pchbst-3000-visual-touch-screen-digital-display-brinell-hardness-tester\\\/#primaryimage\"},\"thumbnailUrl\":\"https:\\\/\\\/hardnesstests.com\\\/wp-content\\\/uploads\\\/2025\\\/11\\\/PCHBST-3000\u89c6\u89c9\u89e6\u6478\u5c4f\u6570\u663e\u5e03\u6c0f\u786c\u5ea6\u8ba1.jpg\",\"datePublished\":\"2025-11-26T07:38:52+00:00\",\"dateModified\":\"2025-11-27T06:09:13+00:00\",\"breadcrumb\":{\"@id\":\"https:\\\/\\\/hardnesstests.com\\\/product\\\/pchbst-3000-visual-touch-screen-digital-display-brinell-hardness-tester\\\/#breadcrumb\"},\"inLanguage\":\"de\",\"potentialAction\":[{\"@type\":\"ReadAction\",\"target\":[\"https:\\\/\\\/hardnesstests.com\\\/product\\\/pchbst-3000-visual-touch-screen-digital-display-brinell-hardness-tester\\\/\"]}]},{\"@type\":\"ImageObject\",\"inLanguage\":\"de\",\"@id\":\"https:\\\/\\\/hardnesstests.com\\\/product\\\/pchbst-3000-visual-touch-screen-digital-display-brinell-hardness-tester\\\/#primaryimage\",\"url\":\"https:\\\/\\\/hardnesstests.com\\\/wp-content\\\/uploads\\\/2025\\\/11\\\/PCHBST-3000\u89c6\u89c9\u89e6\u6478\u5c4f\u6570\u663e\u5e03\u6c0f\u786c\u5ea6\u8ba1.jpg\",\"contentUrl\":\"https:\\\/\\\/hardnesstests.com\\\/wp-content\\\/uploads\\\/2025\\\/11\\\/PCHBST-3000\u89c6\u89c9\u89e6\u6478\u5c4f\u6570\u663e\u5e03\u6c0f\u786c\u5ea6\u8ba1.jpg\",\"width\":800,\"height\":800,\"caption\":\"(PCHBST-3000) visual touch screen digital display Brinell hardness tester\"},{\"@type\":\"BreadcrumbList\",\"@id\":\"https:\\\/\\\/hardnesstests.com\\\/product\\\/pchbst-3000-visual-touch-screen-digital-display-brinell-hardness-tester\\\/#breadcrumb\",\"itemListElement\":[{\"@type\":\"ListItem\",\"position\":1,\"name\":\"\u9996\u9875\",\"item\":\"https:\\\/\\\/hardnesstests.com\\\/\"},{\"@type\":\"ListItem\",\"position\":2,\"name\":\"products\",\"item\":\"https:\\\/\\\/hardnesstests.com\\\/products\\\/\"},{\"@type\":\"ListItem\",\"position\":3,\"name\":\"(PCHBST-3000) visual touch screen digital display Brinell hardness tester\"}]},{\"@type\":\"WebSite\",\"@id\":\"https:\\\/\\\/hardnesstests.com\\\/tr\\\/#website\",\"url\":\"https:\\\/\\\/hardnesstests.com\\\/tr\\\/\",\"name\":\"hardnesstests\",\"description\":\"\",\"publisher\":{\"@id\":\"https:\\\/\\\/hardnesstests.com\\\/tr\\\/#organization\"},\"potentialAction\":[{\"@type\":\"SearchAction\",\"target\":{\"@type\":\"EntryPoint\",\"urlTemplate\":\"https:\\\/\\\/hardnesstests.com\\\/tr\\\/?s={search_term_string}\"},\"query-input\":{\"@type\":\"PropertyValueSpecification\",\"valueRequired\":true,\"valueName\":\"search_term_string\"}}],\"inLanguage\":\"de\"},{\"@type\":\"Organization\",\"@id\":\"https:\\\/\\\/hardnesstests.com\\\/tr\\\/#organization\",\"name\":\"hardnesstests\",\"url\":\"https:\\\/\\\/hardnesstests.com\\\/tr\\\/\",\"logo\":{\"@type\":\"ImageObject\",\"inLanguage\":\"de\",\"@id\":\"https:\\\/\\\/hardnesstests.com\\\/tr\\\/#\\\/schema\\\/logo\\\/image\\\/\",\"url\":\"https:\\\/\\\/hardnesstests.com\\\/wp-content\\\/uploads\\\/2021\\\/08\\\/\u5fae\u4fe1\u56fe\u7247_20251029102004_335_1287.png\",\"contentUrl\":\"https:\\\/\\\/hardnesstests.com\\\/wp-content\\\/uploads\\\/2021\\\/08\\\/\u5fae\u4fe1\u56fe\u7247_20251029102004_335_1287.png\",\"width\":1308,\"height\":467,\"caption\":\"hardnesstests\"},\"image\":{\"@id\":\"https:\\\/\\\/hardnesstests.com\\\/tr\\\/#\\\/schema\\\/logo\\\/image\\\/\"}}]}<\/script>\n<!-- \/ Yoast SEO Premium plugin. -->","yoast_head_json":{"title":"(PCHBST-3000) visual touch screen digital display Brinell hardness tester - hardnesstests","robots":{"index":"index","follow":"follow","max-snippet":"max-snippet:-1","max-image-preview":"max-image-preview:large","max-video-preview":"max-video-preview:-1"},"canonical":"https:\/\/hardnesstests.com\/de_de_formal\/produkt\/pchbst-3000-visual-touch-screen-digital-display-brinell-hardness-tester\/","og_locale":"de_DE","og_type":"article","og_title":"(PCHBST-3000) visual touch screen digital display Brinell hardness tester","og_description":"The PCHBST-3000 integrates an industrial tablet computer for intuitive touch operation and supports USB expansion for external devices like monitors and printers. It provides visual indentation display with real-time CCD imaging, enabling automatic hardness measurement, data saving, and instant WORD report generation, eliminating human errors. Its intelligent software system allows direct selection, modification, and analysis of test parameters. The 5.6-inch multifunctional touchscreen displays test force, hold time, indentation length, hardness value, conversions, and other test data. Advanced photoelectric sensors, high-magnification LED optics, and a stepper motor with closed-loop control ensure accurate, stable, and fatigue-free operation. Built-in emergency stop and EU CE compliance provide reliable safety, while the tablet platform allows internet-based expansion and flexible connectivity.","og_url":"https:\/\/hardnesstests.com\/de_de_formal\/produkt\/pchbst-3000-visual-touch-screen-digital-display-brinell-hardness-tester\/","og_site_name":"hardnesstests","article_modified_time":"2025-11-27T06:09:13+00:00","og_image":[{"width":800,"height":800,"url":"https:\/\/hardnesstests.com\/wp-content\/uploads\/2025\/11\/PCHBST-3000\u89c6\u89c9\u89e6\u6478\u5c4f\u6570\u663e\u5e03\u6c0f\u786c\u5ea6\u8ba1.jpg","type":"image\/jpeg"}],"twitter_card":"summary_large_image","twitter_misc":{"Gesch\u00e4tzte Lesezeit":"4\u00a0Minuten"},"schema":{"@context":"https:\/\/schema.org","@graph":[{"@type":"WebPage","@id":"https:\/\/hardnesstests.com\/product\/pchbst-3000-visual-touch-screen-digital-display-brinell-hardness-tester\/","url":"https:\/\/hardnesstests.com\/product\/pchbst-3000-visual-touch-screen-digital-display-brinell-hardness-tester\/","name":"(PCHBST-3000) visual touch screen digital display Brinell hardness tester - hardnesstests","isPartOf":{"@id":"https:\/\/hardnesstests.com\/tr\/#website"},"primaryImageOfPage":{"@id":"https:\/\/hardnesstests.com\/product\/pchbst-3000-visual-touch-screen-digital-display-brinell-hardness-tester\/#primaryimage"},"image":{"@id":"https:\/\/hardnesstests.com\/product\/pchbst-3000-visual-touch-screen-digital-display-brinell-hardness-tester\/#primaryimage"},"thumbnailUrl":"https:\/\/hardnesstests.com\/wp-content\/uploads\/2025\/11\/PCHBST-3000\u89c6\u89c9\u89e6\u6478\u5c4f\u6570\u663e\u5e03\u6c0f\u786c\u5ea6\u8ba1.jpg","datePublished":"2025-11-26T07:38:52+00:00","dateModified":"2025-11-27T06:09:13+00:00","breadcrumb":{"@id":"https:\/\/hardnesstests.com\/product\/pchbst-3000-visual-touch-screen-digital-display-brinell-hardness-tester\/#breadcrumb"},"inLanguage":"de","potentialAction":[{"@type":"ReadAction","target":["https:\/\/hardnesstests.com\/product\/pchbst-3000-visual-touch-screen-digital-display-brinell-hardness-tester\/"]}]},{"@type":"ImageObject","inLanguage":"de","@id":"https:\/\/hardnesstests.com\/product\/pchbst-3000-visual-touch-screen-digital-display-brinell-hardness-tester\/#primaryimage","url":"https:\/\/hardnesstests.com\/wp-content\/uploads\/2025\/11\/PCHBST-3000\u89c6\u89c9\u89e6\u6478\u5c4f\u6570\u663e\u5e03\u6c0f\u786c\u5ea6\u8ba1.jpg","contentUrl":"https:\/\/hardnesstests.com\/wp-content\/uploads\/2025\/11\/PCHBST-3000\u89c6\u89c9\u89e6\u6478\u5c4f\u6570\u663e\u5e03\u6c0f\u786c\u5ea6\u8ba1.jpg","width":800,"height":800,"caption":"(PCHBST-3000) visual touch screen digital display Brinell hardness tester"},{"@type":"BreadcrumbList","@id":"https:\/\/hardnesstests.com\/product\/pchbst-3000-visual-touch-screen-digital-display-brinell-hardness-tester\/#breadcrumb","itemListElement":[{"@type":"ListItem","position":1,"name":"\u9996\u9875","item":"https:\/\/hardnesstests.com\/"},{"@type":"ListItem","position":2,"name":"products","item":"https:\/\/hardnesstests.com\/products\/"},{"@type":"ListItem","position":3,"name":"(PCHBST-3000) visual touch screen digital display Brinell hardness tester"}]},{"@type":"WebSite","@id":"https:\/\/hardnesstests.com\/tr\/#website","url":"https:\/\/hardnesstests.com\/tr\/","name":"hardnesstests","description":"","publisher":{"@id":"https:\/\/hardnesstests.com\/tr\/#organization"},"potentialAction":[{"@type":"SearchAction","target":{"@type":"EntryPoint","urlTemplate":"https:\/\/hardnesstests.com\/tr\/?s={search_term_string}"},"query-input":{"@type":"PropertyValueSpecification","valueRequired":true,"valueName":"search_term_string"}}],"inLanguage":"de"},{"@type":"Organization","@id":"https:\/\/hardnesstests.com\/tr\/#organization","name":"hardnesstests","url":"https:\/\/hardnesstests.com\/tr\/","logo":{"@type":"ImageObject","inLanguage":"de","@id":"https:\/\/hardnesstests.com\/tr\/#\/schema\/logo\/image\/","url":"https:\/\/hardnesstests.com\/wp-content\/uploads\/2021\/08\/\u5fae\u4fe1\u56fe\u7247_20251029102004_335_1287.png","contentUrl":"https:\/\/hardnesstests.com\/wp-content\/uploads\/2021\/08\/\u5fae\u4fe1\u56fe\u7247_20251029102004_335_1287.png","width":1308,"height":467,"caption":"hardnesstests"},"image":{"@id":"https:\/\/hardnesstests.com\/tr\/#\/schema\/logo\/image\/"}}]}},"_links":{"self":[{"href":"https:\/\/hardnesstests.com\/de_de_formal\/wp-json\/wp\/v2\/product\/29671","targetHints":{"allow":["GET"]}}],"collection":[{"href":"https:\/\/hardnesstests.com\/de_de_formal\/wp-json\/wp\/v2\/product"}],"about":[{"href":"https:\/\/hardnesstests.com\/de_de_formal\/wp-json\/wp\/v2\/types\/product"}],"replies":[{"embeddable":true,"href":"https:\/\/hardnesstests.com\/de_de_formal\/wp-json\/wp\/v2\/comments?post=29671"}],"version-history":[{"count":3,"href":"https:\/\/hardnesstests.com\/de_de_formal\/wp-json\/wp\/v2\/product\/29671\/revisions"}],"predecessor-version":[{"id":29714,"href":"https:\/\/hardnesstests.com\/de_de_formal\/wp-json\/wp\/v2\/product\/29671\/revisions\/29714"}],"wp:featuredmedia":[{"embeddable":true,"href":"https:\/\/hardnesstests.com\/de_de_formal\/wp-json\/wp\/v2\/media\/29672"}],"wp:attachment":[{"href":"https:\/\/hardnesstests.com\/de_de_formal\/wp-json\/wp\/v2\/media?parent=29671"}],"wp:term":[{"taxonomy":"product_brand","embeddable":true,"href":"https:\/\/hardnesstests.com\/de_de_formal\/wp-json\/wp\/v2\/product_brand?post=29671"},{"taxonomy":"product_cat","embeddable":true,"href":"https:\/\/hardnesstests.com\/de_de_formal\/wp-json\/wp\/v2\/product_cat?post=29671"},{"taxonomy":"product_tag","embeddable":true,"href":"https:\/\/hardnesstests.com\/de_de_formal\/wp-json\/wp\/v2\/product_tag?post=29671"}],"curies":[{"name":"wp","href":"https:\/\/api.w.org\/{rel}","templated":true}]}}