{"id":29654,"date":"2025-11-26T07:19:00","date_gmt":"2025-11-26T07:19:00","guid":{"rendered":"https:\/\/hardnesstests.com\/?post_type=product&#038;p=29654"},"modified":"2025-11-27T05:57:41","modified_gmt":"2025-11-27T05:57:41","slug":"hbst-3000z-digital-display-automatic-brick-tower-brinell-hardness-tester","status":"publish","type":"product","link":"https:\/\/hardnesstests.com\/de_de_formal\/produkt\/hbst-3000z-digital-display-automatic-brick-tower-brinell-hardness-tester\/","title":{"rendered":"(HBST-3000Z )Digitales Display automatischer Ziegelturm Brinell-H\u00e4rtepr\u00fcfger\u00e4t"},"content":{"rendered":"<table>\n<tbody>\n<tr>\n<td>\n<h1><strong>Die wichtigsten Funktionen und Merkmale:<\/strong><\/h1>\n<\/td>\n<\/tr>\n<\/tbody>\n<\/table>\n<ol>\n<li style=\"font-weight: 400;\">Diese Maschine zeichnet sich durch hohe Pr\u00e4zision, hohe Wiederholgenauigkeit und Stabilit\u00e4t, einfache Bedienung, Bequemlichkeit und Praxisn\u00e4he sowie eine hohe Kostenwirksamkeit aus;<\/li>\n<li style=\"font-weight: 400;\">Besitzt die Testf\u00e4higkeit der Stufe 10 und kann einen gr\u00f6\u00dferen Bereich testen;<\/li>\n<li style=\"font-weight: 400;\">Ausgestattet mit einem Okular mit digitaler Anzeige und einem pr\u00e4zisen Datenberechnungssystem, kann der H\u00e4rtewert mit nur einem Fingertipp direkt angezeigt werden;<\/li>\n<li style=\"font-weight: 400;\">The system comes with a calibration function, which can manually adjust the input calibration instrument, and can also calibrate the eyepiece magnification.<\/li>\n<li style=\"font-weight: 400;\">Adjustable range of optical system brightness: 0-100<\/li>\n<li style=\"font-weight: 400;\">It can store up to 100 sets of test data<\/li>\n<li style=\"font-weight: 400;\">The operating system can be converted between Chinese and English<\/li>\n<li style=\"font-weight: 400;\">The main interface can display 5 conversion rulers at the same time<\/li>\n<li style=\"font-weight: 400;\">Ausgestattet mit einem eingebauten Drucker zur Ausgabe der Messdaten oder zum Anschluss an den Computer, um die Messdaten des Hosts zur Bearbeitung und Speicherung an den Computer zu \u00fcbertragen;<\/li>\n<li style=\"font-weight: 400;\">Ausgestattet mit einem leistungsstarken Schrittmotor zum automatischen Be- und Entladen der Testkraft, ist der L\u00e4rm, der w\u00e4hrend des Tests entsteht, geringer<\/li>\n<li style=\"font-weight: 400;\">Durch die Verwendung von fotoelektrischer Sensortechnologie und einem Mikrocomputer-Steuerungssystem kann es automatisch kompensieren, und die Testergebnisse sind genau und stabil;<\/li>\n<li style=\"font-weight: 400;\">Geben Sie automatisch den Eindrucksdurchmesser ein und zeigen Sie direkt den H\u00e4rtewert an. So k\u00f6nnen Sie jede beliebige H\u00e4rteeinheit doppelt anzeigen lassen, ohne dass Sie eine umst\u00e4ndliche Pr\u00fcftabelle ben\u00f6tigen;<\/li>\n<li style=\"font-weight: 400;\">Eigenst\u00e4ndiges Design der hochvergr\u00f6\u00dfernden optischen LED-Messung, hohe Bildsch\u00e4rfe, einstellbare Helligkeit, Langzeitbetrieb ist nicht f\u00fcr Erm\u00fcdung geeignet;<\/li>\n<li style=\"font-weight: 400;\">Die Schale wird auf einmal gegossen, die Struktur ist stabil und verformt sich nicht, und sie kann in einer relativ rauen Umgebung arbeiten;<\/li>\n<li style=\"font-weight: 400;\">The surface is treated with the car paint process, which has strong scratching ability and is still bright as new after years of use;<\/li>\n<\/ol>\n<h1 style=\"font-weight: 400;\"><strong>Hauptzweck und Anwendungsbereich:<\/strong><\/h1>\n<ol>\n<li style=\"font-weight: 400;\">It is suitable for the hardness tester test of metal materials with large grains, which can reflect the comprehensive performance of the material;<\/li>\n<li style=\"font-weight: 400;\">Cast iron, steel, non-ferrous metals, especially for softer metals, such as pure aluminum, lead, tin, etc.<\/li>\n<li style=\"font-weight: 400;\">It can be used to measure the hardness of some non-metallic materials such as hard plastics, bakelite, etc.<\/li>\n<\/ol>\n<table>\n<tbody>\n<tr>\n<td>\n<h1><strong>Technische Parameter:<\/strong><\/h1>\n<\/td>\n<\/tr>\n<\/tbody>\n<\/table>\n<table>\n<tbody>\n<tr>\n<td width=\"138\">Product number<\/td>\n<td width=\"449\">HBST-3000Z<\/td>\n<\/tr>\n<tr>\n<td width=\"138\">Brinell ruler<\/td>\n<td width=\"449\">HBW2.5\/62.5 \u00a0HBW2.5\/187.5 HBW5\/62.5 \u00a0HBW5\/125 \u00a0HBW5\/250 \u00a0HBW5\/750 \u00a0\u00a0\u00a0\u00a0 HBW10\/100\u3001 \u00a0\u00a0HBW10\/250 \u00a0\u00a0HBW10\/500 \u00a0\u00a0HBW10\/1000 \u00a0HBW10\/1500 \u00a0\u00a0\u00a0\u00a0\u00a0HBW10\/3000<\/td>\n<\/tr>\n<tr>\n<td width=\"138\">Test Kraft<\/td>\n<td width=\"449\">62.5kgf(612.9N)\u3001100kgf(980.7N)\u3001125kgf(1226N)\u3001187.5kgf(1839N)\u3001250kgf(2452N)\u3001500kgf(4903N)\u3001750kgf(7355N)\u30011000kgf(8907N)\u30011500kgf(14710N)\u30013000kgf(29420N)<\/td>\n<\/tr>\n<tr>\n<td width=\"138\">conversion<\/td>\n<td width=\"449\">Automatic change to Vickers and Rockwell<\/td>\n<\/tr>\n<tr>\n<td width=\"138\">Load control<\/td>\n<td width=\"449\">Automatic (loading\/loading\/unloading)<\/td>\n<\/tr>\n<tr>\n<td width=\"138\">T\u00fcrmchen<\/td>\n<td width=\"449\">Automatic turret head and objective lens rotate automatically<\/td>\n<\/tr>\n<tr>\n<td width=\"138\">Maximum height of the test piece<\/td>\n<td width=\"449\">220mm<\/td>\n<\/tr>\n<tr>\n<td width=\"138\">Abstand zwischen Eindringk\u00f6rper und Au\u00dfenwand<\/td>\n<td width=\"449\">135mm<\/td>\n<\/tr>\n<tr>\n<td width=\"138\">Abstand Eindringk\u00f6rper - obere Wand<\/td>\n<td width=\"449\">55mm\uff08The head to the upper wall can be increased by customizing the indenter\uff09<\/td>\n<\/tr>\n<tr>\n<td width=\"138\">Minimum unit of measure<\/td>\n<td width=\"449\">0.125um<\/td>\n<\/tr>\n<tr>\n<td width=\"138\">Time of protection<\/td>\n<td width=\"449\">0~60s<\/td>\n<\/tr>\n<tr>\n<td width=\"138\">H\u00e4rte-Testbereich<\/td>\n<td width=\"449\">3.18~653HBW<\/td>\n<\/tr>\n<tr>\n<td width=\"138\">Gesamtvergr\u00f6\u00dferung<\/td>\n<td width=\"449\">20X<\/td>\n<\/tr>\n<tr>\n<td width=\"138\">Exekutive Standard<\/td>\n<td width=\"449\">EN ISO 6506,\u00a0 ASTM E-10-08, GB\/T231.2\uff0cJJG150 -2005<\/td>\n<\/tr>\n<tr>\n<td width=\"138\">H\u00e4rteanzeige<\/td>\n<td width=\"449\">Automatic calculation<\/td>\n<\/tr>\n<tr>\n<td width=\"138\">Datenausgabe<\/td>\n<td width=\"449\">Built-in printer, HyperTerminal.<\/td>\n<\/tr>\n<tr>\n<td width=\"138\">Energieversorgung<\/td>\n<td width=\"449\">AC220+5%,50~60Hz<\/td>\n<\/tr>\n<tr>\n<td width=\"138\">Dimensions(mm)<\/td>\n<td width=\"449\">520*210*745mm<\/td>\n<\/tr>\n<tr>\n<td width=\"138\">Weight of host<\/td>\n<td width=\"449\">Etwa 125kg<\/td>\n<\/tr>\n<\/tbody>\n<\/table>","protected":false},"excerpt":{"rendered":"<p>HBST-3000Z touch screen digital display automatic brick tower Brinell hardness tester, the software system adopts computer intelligent programming, uses photoelectric sensor technology, through independent selection of test conditions, the test method, upper and lower limit range, and pressure measurement can be displayed on the 5.6-inch touch multifunctional display Trace length, hardness value, conversion value, test force, retention time, number of measurements, and can enter year, month, date, test results and data processing, etc., and can output measurement data through a built-in printer or connect to a computer through a data interface net. The optical system adopts high-magnification LED optical measurement, the image clarity is high, the brightness is adjustable, and the long-term operation is not suitable for fatigue. The hardware system adopts advanced electronic sensor loading technology. Through the closed-loop control system, the CPU controls the sensor to collect signals. The stepper motor automatically loads and unloads the test force, and can automatically compensate the test force to ensure more accurate force values and better indications. stability. At the same time, it is equipped with an emergency stop device, which meets the EU CE safety standards. With humanized operability, more reliable stability and safety.<\/p>","protected":false},"featured_media":29655,"comment_status":"open","ping_status":"closed","template":"","meta":[],"product_brand":[],"product_cat":[75,70],"product_tag":[105],"class_list":{"0":"post-29654","1":"product","2":"type-product","3":"status-publish","4":"has-post-thumbnail","6":"product_cat-brinell-hardness-tester","7":"product_cat-hardness-tester","8":"product_tag-brinell-hardness-tester","10":"first","11":"instock","12":"shipping-taxable","13":"product-type-simple"},"yoast_head":"<!-- This site is optimized with the Yoast SEO Premium plugin v25.4 (Yoast SEO v27.4) - https:\/\/yoast.com\/product\/yoast-seo-premium-wordpress\/ -->\n<title>(HBST-3000Z )Digital display automatic brick tower Brinell hardness tester - hardnesstests<\/title>\n<meta name=\"robots\" content=\"index, follow, max-snippet:-1, max-image-preview:large, max-video-preview:-1\" \/>\n<link rel=\"canonical\" href=\"https:\/\/hardnesstests.com\/de_de_formal\/produkt\/hbst-3000z-digital-display-automatic-brick-tower-brinell-hardness-tester\/\" \/>\n<meta property=\"og:locale\" content=\"de_DE\" \/>\n<meta property=\"og:type\" content=\"article\" \/>\n<meta property=\"og:title\" content=\"(HBST-3000Z )Digital display automatic brick tower Brinell hardness tester\" \/>\n<meta property=\"og:description\" content=\"HBST-3000Z touch screen digital display automatic brick tower Brinell hardness tester, the software system adopts computer intelligent programming, uses photoelectric sensor technology, through independent selection of test conditions, the test method, upper and lower limit range, and pressure measurement can be displayed on the 5.6-inch touch multifunctional display Trace length, hardness value, conversion value, test force, retention time, number of measurements, and can enter year, month, date, test results and data processing, etc., and can output measurement data through a built-in printer or connect to a computer through a data interface net. The optical system adopts high-magnification LED optical measurement, the image clarity is high, the brightness is adjustable, and the long-term operation is not suitable for fatigue. The hardware system adopts advanced electronic sensor loading technology. Through the closed-loop control system, the CPU controls the sensor to collect signals. The stepper motor automatically loads and unloads the test force, and can automatically compensate the test force to ensure more accurate force values and better indications. stability. At the same time, it is equipped with an emergency stop device, which meets the EU CE safety standards. With humanized operability, more reliable stability and safety.\" \/>\n<meta property=\"og:url\" content=\"https:\/\/hardnesstests.com\/de_de_formal\/produkt\/hbst-3000z-digital-display-automatic-brick-tower-brinell-hardness-tester\/\" \/>\n<meta property=\"og:site_name\" content=\"hardnesstests\" \/>\n<meta property=\"article:modified_time\" content=\"2025-11-27T05:57:41+00:00\" \/>\n<meta property=\"og:image\" content=\"https:\/\/hardnesstests.com\/wp-content\/uploads\/2025\/11\/HBST-3000Z\u6570\u663e\u81ea\u52a8\u8f6c\u5854\u5e03\u6c0f\u786c\u5ea6\u8ba1.jpg\" \/>\n\t<meta property=\"og:image:width\" content=\"800\" \/>\n\t<meta property=\"og:image:height\" content=\"800\" \/>\n\t<meta property=\"og:image:type\" content=\"image\/jpeg\" \/>\n<meta name=\"twitter:card\" content=\"summary_large_image\" \/>\n<meta name=\"twitter:label1\" content=\"Gesch\u00e4tzte Lesezeit\" \/>\n\t<meta name=\"twitter:data1\" content=\"2\u00a0Minuten\" \/>\n<script type=\"application\/ld+json\" class=\"yoast-schema-graph\">{\"@context\":\"https:\\\/\\\/schema.org\",\"@graph\":[{\"@type\":\"WebPage\",\"@id\":\"https:\\\/\\\/hardnesstests.com\\\/product\\\/hbst-3000z-digital-display-automatic-brick-tower-brinell-hardness-tester\\\/\",\"url\":\"https:\\\/\\\/hardnesstests.com\\\/product\\\/hbst-3000z-digital-display-automatic-brick-tower-brinell-hardness-tester\\\/\",\"name\":\"(HBST-3000Z )Digital display automatic brick tower Brinell hardness tester - hardnesstests\",\"isPartOf\":{\"@id\":\"https:\\\/\\\/hardnesstests.com\\\/tr\\\/#website\"},\"primaryImageOfPage\":{\"@id\":\"https:\\\/\\\/hardnesstests.com\\\/product\\\/hbst-3000z-digital-display-automatic-brick-tower-brinell-hardness-tester\\\/#primaryimage\"},\"image\":{\"@id\":\"https:\\\/\\\/hardnesstests.com\\\/product\\\/hbst-3000z-digital-display-automatic-brick-tower-brinell-hardness-tester\\\/#primaryimage\"},\"thumbnailUrl\":\"https:\\\/\\\/hardnesstests.com\\\/wp-content\\\/uploads\\\/2025\\\/11\\\/HBST-3000Z\u6570\u663e\u81ea\u52a8\u8f6c\u5854\u5e03\u6c0f\u786c\u5ea6\u8ba1.jpg\",\"datePublished\":\"2025-11-26T07:19:00+00:00\",\"dateModified\":\"2025-11-27T05:57:41+00:00\",\"breadcrumb\":{\"@id\":\"https:\\\/\\\/hardnesstests.com\\\/product\\\/hbst-3000z-digital-display-automatic-brick-tower-brinell-hardness-tester\\\/#breadcrumb\"},\"inLanguage\":\"de\",\"potentialAction\":[{\"@type\":\"ReadAction\",\"target\":[\"https:\\\/\\\/hardnesstests.com\\\/product\\\/hbst-3000z-digital-display-automatic-brick-tower-brinell-hardness-tester\\\/\"]}]},{\"@type\":\"ImageObject\",\"inLanguage\":\"de\",\"@id\":\"https:\\\/\\\/hardnesstests.com\\\/product\\\/hbst-3000z-digital-display-automatic-brick-tower-brinell-hardness-tester\\\/#primaryimage\",\"url\":\"https:\\\/\\\/hardnesstests.com\\\/wp-content\\\/uploads\\\/2025\\\/11\\\/HBST-3000Z\u6570\u663e\u81ea\u52a8\u8f6c\u5854\u5e03\u6c0f\u786c\u5ea6\u8ba1.jpg\",\"contentUrl\":\"https:\\\/\\\/hardnesstests.com\\\/wp-content\\\/uploads\\\/2025\\\/11\\\/HBST-3000Z\u6570\u663e\u81ea\u52a8\u8f6c\u5854\u5e03\u6c0f\u786c\u5ea6\u8ba1.jpg\",\"width\":800,\"height\":800,\"caption\":\"(HBST-3000Z )Digital display automatic brick tower Brinell hardness tester\"},{\"@type\":\"BreadcrumbList\",\"@id\":\"https:\\\/\\\/hardnesstests.com\\\/product\\\/hbst-3000z-digital-display-automatic-brick-tower-brinell-hardness-tester\\\/#breadcrumb\",\"itemListElement\":[{\"@type\":\"ListItem\",\"position\":1,\"name\":\"\u9996\u9875\",\"item\":\"https:\\\/\\\/hardnesstests.com\\\/\"},{\"@type\":\"ListItem\",\"position\":2,\"name\":\"products\",\"item\":\"https:\\\/\\\/hardnesstests.com\\\/products\\\/\"},{\"@type\":\"ListItem\",\"position\":3,\"name\":\"(HBST-3000Z )Digital display automatic brick tower Brinell hardness tester\"}]},{\"@type\":\"WebSite\",\"@id\":\"https:\\\/\\\/hardnesstests.com\\\/tr\\\/#website\",\"url\":\"https:\\\/\\\/hardnesstests.com\\\/tr\\\/\",\"name\":\"hardnesstests\",\"description\":\"\",\"publisher\":{\"@id\":\"https:\\\/\\\/hardnesstests.com\\\/tr\\\/#organization\"},\"potentialAction\":[{\"@type\":\"SearchAction\",\"target\":{\"@type\":\"EntryPoint\",\"urlTemplate\":\"https:\\\/\\\/hardnesstests.com\\\/tr\\\/?s={search_term_string}\"},\"query-input\":{\"@type\":\"PropertyValueSpecification\",\"valueRequired\":true,\"valueName\":\"search_term_string\"}}],\"inLanguage\":\"de\"},{\"@type\":\"Organization\",\"@id\":\"https:\\\/\\\/hardnesstests.com\\\/tr\\\/#organization\",\"name\":\"hardnesstests\",\"url\":\"https:\\\/\\\/hardnesstests.com\\\/tr\\\/\",\"logo\":{\"@type\":\"ImageObject\",\"inLanguage\":\"de\",\"@id\":\"https:\\\/\\\/hardnesstests.com\\\/tr\\\/#\\\/schema\\\/logo\\\/image\\\/\",\"url\":\"https:\\\/\\\/hardnesstests.com\\\/wp-content\\\/uploads\\\/2021\\\/08\\\/\u5fae\u4fe1\u56fe\u7247_20251029102004_335_1287.png\",\"contentUrl\":\"https:\\\/\\\/hardnesstests.com\\\/wp-content\\\/uploads\\\/2021\\\/08\\\/\u5fae\u4fe1\u56fe\u7247_20251029102004_335_1287.png\",\"width\":1308,\"height\":467,\"caption\":\"hardnesstests\"},\"image\":{\"@id\":\"https:\\\/\\\/hardnesstests.com\\\/tr\\\/#\\\/schema\\\/logo\\\/image\\\/\"}}]}<\/script>\n<!-- \/ Yoast SEO Premium plugin. -->","yoast_head_json":{"title":"(HBST-3000Z )Digital display automatic brick tower Brinell hardness tester - hardnesstests","robots":{"index":"index","follow":"follow","max-snippet":"max-snippet:-1","max-image-preview":"max-image-preview:large","max-video-preview":"max-video-preview:-1"},"canonical":"https:\/\/hardnesstests.com\/de_de_formal\/produkt\/hbst-3000z-digital-display-automatic-brick-tower-brinell-hardness-tester\/","og_locale":"de_DE","og_type":"article","og_title":"(HBST-3000Z )Digital display automatic brick tower Brinell hardness tester","og_description":"HBST-3000Z touch screen digital display automatic brick tower Brinell hardness tester, the software system adopts computer intelligent programming, uses photoelectric sensor technology, through independent selection of test conditions, the test method, upper and lower limit range, and pressure measurement can be displayed on the 5.6-inch touch multifunctional display Trace length, hardness value, conversion value, test force, retention time, number of measurements, and can enter year, month, date, test results and data processing, etc., and can output measurement data through a built-in printer or connect to a computer through a data interface net. The optical system adopts high-magnification LED optical measurement, the image clarity is high, the brightness is adjustable, and the long-term operation is not suitable for fatigue. The hardware system adopts advanced electronic sensor loading technology. Through the closed-loop control system, the CPU controls the sensor to collect signals. The stepper motor automatically loads and unloads the test force, and can automatically compensate the test force to ensure more accurate force values and better indications. stability. At the same time, it is equipped with an emergency stop device, which meets the EU CE safety standards. With humanized operability, more reliable stability and safety.","og_url":"https:\/\/hardnesstests.com\/de_de_formal\/produkt\/hbst-3000z-digital-display-automatic-brick-tower-brinell-hardness-tester\/","og_site_name":"hardnesstests","article_modified_time":"2025-11-27T05:57:41+00:00","og_image":[{"width":800,"height":800,"url":"https:\/\/hardnesstests.com\/wp-content\/uploads\/2025\/11\/HBST-3000Z\u6570\u663e\u81ea\u52a8\u8f6c\u5854\u5e03\u6c0f\u786c\u5ea6\u8ba1.jpg","type":"image\/jpeg"}],"twitter_card":"summary_large_image","twitter_misc":{"Gesch\u00e4tzte Lesezeit":"2\u00a0Minuten"},"schema":{"@context":"https:\/\/schema.org","@graph":[{"@type":"WebPage","@id":"https:\/\/hardnesstests.com\/product\/hbst-3000z-digital-display-automatic-brick-tower-brinell-hardness-tester\/","url":"https:\/\/hardnesstests.com\/product\/hbst-3000z-digital-display-automatic-brick-tower-brinell-hardness-tester\/","name":"(HBST-3000Z )Digital display automatic brick tower Brinell hardness tester - hardnesstests","isPartOf":{"@id":"https:\/\/hardnesstests.com\/tr\/#website"},"primaryImageOfPage":{"@id":"https:\/\/hardnesstests.com\/product\/hbst-3000z-digital-display-automatic-brick-tower-brinell-hardness-tester\/#primaryimage"},"image":{"@id":"https:\/\/hardnesstests.com\/product\/hbst-3000z-digital-display-automatic-brick-tower-brinell-hardness-tester\/#primaryimage"},"thumbnailUrl":"https:\/\/hardnesstests.com\/wp-content\/uploads\/2025\/11\/HBST-3000Z\u6570\u663e\u81ea\u52a8\u8f6c\u5854\u5e03\u6c0f\u786c\u5ea6\u8ba1.jpg","datePublished":"2025-11-26T07:19:00+00:00","dateModified":"2025-11-27T05:57:41+00:00","breadcrumb":{"@id":"https:\/\/hardnesstests.com\/product\/hbst-3000z-digital-display-automatic-brick-tower-brinell-hardness-tester\/#breadcrumb"},"inLanguage":"de","potentialAction":[{"@type":"ReadAction","target":["https:\/\/hardnesstests.com\/product\/hbst-3000z-digital-display-automatic-brick-tower-brinell-hardness-tester\/"]}]},{"@type":"ImageObject","inLanguage":"de","@id":"https:\/\/hardnesstests.com\/product\/hbst-3000z-digital-display-automatic-brick-tower-brinell-hardness-tester\/#primaryimage","url":"https:\/\/hardnesstests.com\/wp-content\/uploads\/2025\/11\/HBST-3000Z\u6570\u663e\u81ea\u52a8\u8f6c\u5854\u5e03\u6c0f\u786c\u5ea6\u8ba1.jpg","contentUrl":"https:\/\/hardnesstests.com\/wp-content\/uploads\/2025\/11\/HBST-3000Z\u6570\u663e\u81ea\u52a8\u8f6c\u5854\u5e03\u6c0f\u786c\u5ea6\u8ba1.jpg","width":800,"height":800,"caption":"(HBST-3000Z )Digital display automatic brick tower Brinell hardness tester"},{"@type":"BreadcrumbList","@id":"https:\/\/hardnesstests.com\/product\/hbst-3000z-digital-display-automatic-brick-tower-brinell-hardness-tester\/#breadcrumb","itemListElement":[{"@type":"ListItem","position":1,"name":"\u9996\u9875","item":"https:\/\/hardnesstests.com\/"},{"@type":"ListItem","position":2,"name":"products","item":"https:\/\/hardnesstests.com\/products\/"},{"@type":"ListItem","position":3,"name":"(HBST-3000Z )Digital display automatic brick tower Brinell hardness tester"}]},{"@type":"WebSite","@id":"https:\/\/hardnesstests.com\/tr\/#website","url":"https:\/\/hardnesstests.com\/tr\/","name":"hardnesstests","description":"","publisher":{"@id":"https:\/\/hardnesstests.com\/tr\/#organization"},"potentialAction":[{"@type":"SearchAction","target":{"@type":"EntryPoint","urlTemplate":"https:\/\/hardnesstests.com\/tr\/?s={search_term_string}"},"query-input":{"@type":"PropertyValueSpecification","valueRequired":true,"valueName":"search_term_string"}}],"inLanguage":"de"},{"@type":"Organization","@id":"https:\/\/hardnesstests.com\/tr\/#organization","name":"hardnesstests","url":"https:\/\/hardnesstests.com\/tr\/","logo":{"@type":"ImageObject","inLanguage":"de","@id":"https:\/\/hardnesstests.com\/tr\/#\/schema\/logo\/image\/","url":"https:\/\/hardnesstests.com\/wp-content\/uploads\/2021\/08\/\u5fae\u4fe1\u56fe\u7247_20251029102004_335_1287.png","contentUrl":"https:\/\/hardnesstests.com\/wp-content\/uploads\/2021\/08\/\u5fae\u4fe1\u56fe\u7247_20251029102004_335_1287.png","width":1308,"height":467,"caption":"hardnesstests"},"image":{"@id":"https:\/\/hardnesstests.com\/tr\/#\/schema\/logo\/image\/"}}]}},"_links":{"self":[{"href":"https:\/\/hardnesstests.com\/de_de_formal\/wp-json\/wp\/v2\/product\/29654","targetHints":{"allow":["GET"]}}],"collection":[{"href":"https:\/\/hardnesstests.com\/de_de_formal\/wp-json\/wp\/v2\/product"}],"about":[{"href":"https:\/\/hardnesstests.com\/de_de_formal\/wp-json\/wp\/v2\/types\/product"}],"replies":[{"embeddable":true,"href":"https:\/\/hardnesstests.com\/de_de_formal\/wp-json\/wp\/v2\/comments?post=29654"}],"version-history":[{"count":2,"href":"https:\/\/hardnesstests.com\/de_de_formal\/wp-json\/wp\/v2\/product\/29654\/revisions"}],"predecessor-version":[{"id":29706,"href":"https:\/\/hardnesstests.com\/de_de_formal\/wp-json\/wp\/v2\/product\/29654\/revisions\/29706"}],"wp:featuredmedia":[{"embeddable":true,"href":"https:\/\/hardnesstests.com\/de_de_formal\/wp-json\/wp\/v2\/media\/29655"}],"wp:attachment":[{"href":"https:\/\/hardnesstests.com\/de_de_formal\/wp-json\/wp\/v2\/media?parent=29654"}],"wp:term":[{"taxonomy":"product_brand","embeddable":true,"href":"https:\/\/hardnesstests.com\/de_de_formal\/wp-json\/wp\/v2\/product_brand?post=29654"},{"taxonomy":"product_cat","embeddable":true,"href":"https:\/\/hardnesstests.com\/de_de_formal\/wp-json\/wp\/v2\/product_cat?post=29654"},{"taxonomy":"product_tag","embeddable":true,"href":"https:\/\/hardnesstests.com\/de_de_formal\/wp-json\/wp\/v2\/product_tag?post=29654"}],"curies":[{"name":"wp","href":"https:\/\/api.w.org\/{rel}","templated":true}]}}