{"id":29069,"date":"2025-10-20T06:29:42","date_gmt":"2025-10-20T06:29:42","guid":{"rendered":"https:\/\/hardnesstests.com\/?post_type=product&#038;p=29069"},"modified":"2025-11-27T05:41:22","modified_gmt":"2025-11-27T05:41:22","slug":"jh-200-roughness-testing-platform","status":"publish","type":"product","link":"https:\/\/hardnesstests.com\/de_de_formal\/produkt\/jh-200-roughness-testing-platform\/","title":{"rendered":"JH-200 Rauheitspr\u00fcfstand"},"content":{"rendered":"<h1 data-zone-id=\"0\" data-line-index=\"0\" data-line=\"true\"><strong>1. Wartung:<\/strong><\/h1>\n<div data-zone-id=\"0\" data-line-index=\"1\" data-line=\"true\">1. H\u00e4ufige Reinigung und Rostschutz;<\/div>\n<div data-zone-id=\"0\" data-line-index=\"2\" data-line=\"true\">2. Bewegen Sie den Schlitten nicht gewaltsam seitw\u00e4rts;<\/div>\n<div data-zone-id=\"0\" data-line-index=\"3\" data-line=\"true\">3. Bewegen Sie beim Verschieben nicht direkt die S\u00e4ule, sondern die Plattform, um ein L\u00f6sen der S\u00e4ule und Positionierungsfehler zu vermeiden.<\/div>\n<div data-zone-id=\"0\" data-line-index=\"4\" data-line=\"true\"><\/div>\n<h1 data-zone-id=\"0\" data-line-index=\"5\" data-line=\"true\"><strong>2. Technische Parameter:<\/strong><\/h1>\n<div data-zone-id=\"0\" data-line-index=\"6\" data-line=\"true\">1. Hebeh\u00f6he: 280\u00b13mm;<\/div>\n<div data-zone-id=\"0\" data-line-index=\"7\" data-line=\"true\">2. R\u00fcckgabefehler: nicht mehr als 1\/6 Umdrehung des Handrads;<\/div>\n<div data-zone-id=\"0\" data-line-index=\"8\" data-line=\"true\">3. Gr\u00f6\u00dfe der Messplattform: 350mm\u00d7180mm\u00d712mm. Elektrophoretische Farbbehandlung der Plattformoberfl\u00e4che<\/div>\n<div data-zone-id=\"0\" data-line-index=\"9\" data-line=\"true\">Merkmale: Der Unterschied zwischen dem Hub der S\u00e4ule und dem R\u00fcckhub ist sehr gering<strong>\u00b7<\/strong>die Hubs\u00e4ule ist leicht und flexibel<strong>\u00b7<\/strong>die Positionierungsgenauigkeit ist pr\u00e4zise und zuverl\u00e4ssig<\/div>\n<div data-zone-id=\"0\" data-line-index=\"9\" data-line=\"true\"><\/div>\n<h1 data-zone-id=\"0\" data-line-index=\"9\" data-line=\"true\"><strong>3. standardm\u00e4\u00dfige Konfiguration:<\/strong><\/h1>\n<table width=\"614\">\n<tbody>\n<tr>\n<td width=\"170\">Nr. 3 Kreuzschlitzschraubendreher<\/td>\n<td width=\"123\">1\u628a<\/td>\n<td width=\"142\">M6\u4e94\u661f\u87ba\u4e1d<\/td>\n<td width=\"180\">1\u628a<\/td>\n<\/tr>\n<tr>\n<td width=\"170\">\u87ba\u4e1d<\/td>\n<td width=\"123\">1\u5305<\/td>\n<td width=\"142\">\u5185\u516d\u89d2\u6273\u624b<\/td>\n<td width=\"180\">2\u628a\uff08M3\u3001M6\u3001\uff09<\/td>\n<\/tr>\n<tr>\n<td width=\"170\">Benutzerhandbuch<\/td>\n<td width=\"123\">\u4e00\u4efd<\/td>\n<td width=\"142\"><\/td>\n<td width=\"180\"><\/td>\n<\/tr>\n<\/tbody>\n<\/table>\n<p style=\"font-weight: 400;\">Bemerkungen: Verschiedene kundenspezifische Anforderungen k\u00f6nnen bereitgestellt werden, um sich an die Verwendung verschiedener Modelle von Rauheitsmessger\u00e4ten von verschiedenen Herstellern anzupassen.<\/p>","protected":false},"excerpt":{"rendered":"<div data-zone-id=\"0\" data-line-index=\"0\" data-line=\"true\">Die Rauheitsmessplattform ist eines der wichtigsten Zubeh\u00f6rteile des tragbaren Rauheitsmessger\u00e4ts. Sie ist f\u00fcr verschiedene handgef\u00fchrte Rauheitsmessger\u00e4te geeignet. Sie bietet eine hochpr\u00e4zise Messplattform und ein Hebesystem f\u00fcr die S\u00e4ule, mit dem das Ger\u00e4t leicht eingestellt werden kann und dessen Wirkung erheblich verbessert wird. Die Bedienung des Ger\u00e4ts wird vereinfacht, insbesondere bei der Messung hochpr\u00e4ziser Teile wird der Effekt deutlicher. Dieses Produkt eignet sich auch f\u00fcr Benutzer, die Rauheitsmessger\u00e4te anderer Hersteller (einschlie\u00dflich ausl\u00e4ndischer Hersteller) verwenden, aber ein spezielles Anschlussteil muss angepasst werden. Nat\u00fcrlich sind auch spezielle Anwender f\u00fcr andere Zwecke nicht ausgeschlossen. F\u00fcr spezielle Sensoren muss dieses Zubeh\u00f6rset verwendet werden, um komplexe und pr\u00e4zise Anpassungen vorzunehmen.<\/div>","protected":false},"featured_media":29070,"comment_status":"open","ping_status":"closed","template":"","meta":[],"product_brand":[],"product_cat":[81,98],"product_tag":[104],"class_list":{"0":"post-29069","1":"product","2":"type-product","3":"status-publish","4":"has-post-thumbnail","6":"product_cat-sample-preparation-and-analysis","7":"product_cat-surface-roughness-tester","8":"product_tag-surface-roughness-tester","10":"first","11":"instock","12":"shipping-taxable","13":"product-type-simple"},"yoast_head":"<!-- This site is optimized with the Yoast SEO Premium plugin v25.4 (Yoast SEO v27.4) - https:\/\/yoast.com\/product\/yoast-seo-premium-wordpress\/ -->\n<title>JH-200 roughness testing platform - hardnesstests<\/title>\n<meta name=\"robots\" content=\"index, follow, max-snippet:-1, max-image-preview:large, max-video-preview:-1\" \/>\n<link rel=\"canonical\" href=\"https:\/\/hardnesstests.com\/de_de_formal\/produkt\/jh-200-roughness-testing-platform\/\" \/>\n<meta property=\"og:locale\" content=\"de_DE\" \/>\n<meta property=\"og:type\" content=\"article\" \/>\n<meta property=\"og:title\" content=\"JH-200 roughness testing platform\" \/>\n<meta property=\"og:description\" content=\"The roughness meter platform is one of the main accessories of the portable roughness measuring instrument. It is suitable for various domestic hand-held roughness meters. It provides a high-precision measuring platform and a column lifting system, which can easily adjust the instrument, and its effect will be greatly improved. Reduce the operating difficulty of the instrument, especially when measuring high-precision parts, the effect will be more obvious. This product is also suitable for users who use roughness measuring instruments from other manufacturers (including foreign manufacturers), but a special connection part needs to be customized. Of course, special users for other purposes are not excluded. For special sensors, this set of accessories must be used to make complex and precise adjustments.\" \/>\n<meta property=\"og:url\" content=\"https:\/\/hardnesstests.com\/de_de_formal\/produkt\/jh-200-roughness-testing-platform\/\" \/>\n<meta property=\"og:site_name\" content=\"hardnesstests\" \/>\n<meta property=\"article:modified_time\" content=\"2025-11-27T05:41:22+00:00\" \/>\n<meta property=\"og:image\" content=\"https:\/\/hardnesstests.com\/wp-content\/uploads\/2025\/10\/JH-200-\u7c97\u7cd9\u5ea6\u6d4b\u8bd5\u5e73\u53f0.jpg\" \/>\n\t<meta property=\"og:image:width\" content=\"550\" \/>\n\t<meta property=\"og:image:height\" content=\"550\" \/>\n\t<meta property=\"og:image:type\" content=\"image\/jpeg\" \/>\n<meta name=\"twitter:card\" content=\"summary_large_image\" \/>\n<meta name=\"twitter:label1\" content=\"Gesch\u00e4tzte Lesezeit\" \/>\n\t<meta name=\"twitter:data1\" content=\"1\u00a0Minute\" \/>\n<script type=\"application\/ld+json\" class=\"yoast-schema-graph\">{\"@context\":\"https:\\\/\\\/schema.org\",\"@graph\":[{\"@type\":\"WebPage\",\"@id\":\"https:\\\/\\\/hardnesstests.com\\\/product\\\/jh-200-roughness-testing-platform\\\/\",\"url\":\"https:\\\/\\\/hardnesstests.com\\\/product\\\/jh-200-roughness-testing-platform\\\/\",\"name\":\"JH-200 roughness testing platform - hardnesstests\",\"isPartOf\":{\"@id\":\"https:\\\/\\\/hardnesstests.com\\\/tr\\\/#website\"},\"primaryImageOfPage\":{\"@id\":\"https:\\\/\\\/hardnesstests.com\\\/product\\\/jh-200-roughness-testing-platform\\\/#primaryimage\"},\"image\":{\"@id\":\"https:\\\/\\\/hardnesstests.com\\\/product\\\/jh-200-roughness-testing-platform\\\/#primaryimage\"},\"thumbnailUrl\":\"https:\\\/\\\/hardnesstests.com\\\/wp-content\\\/uploads\\\/2025\\\/10\\\/JH-200-\u7c97\u7cd9\u5ea6\u6d4b\u8bd5\u5e73\u53f0.jpg\",\"datePublished\":\"2025-10-20T06:29:42+00:00\",\"dateModified\":\"2025-11-27T05:41:22+00:00\",\"breadcrumb\":{\"@id\":\"https:\\\/\\\/hardnesstests.com\\\/product\\\/jh-200-roughness-testing-platform\\\/#breadcrumb\"},\"inLanguage\":\"de\",\"potentialAction\":[{\"@type\":\"ReadAction\",\"target\":[\"https:\\\/\\\/hardnesstests.com\\\/product\\\/jh-200-roughness-testing-platform\\\/\"]}]},{\"@type\":\"ImageObject\",\"inLanguage\":\"de\",\"@id\":\"https:\\\/\\\/hardnesstests.com\\\/product\\\/jh-200-roughness-testing-platform\\\/#primaryimage\",\"url\":\"https:\\\/\\\/hardnesstests.com\\\/wp-content\\\/uploads\\\/2025\\\/10\\\/JH-200-\u7c97\u7cd9\u5ea6\u6d4b\u8bd5\u5e73\u53f0.jpg\",\"contentUrl\":\"https:\\\/\\\/hardnesstests.com\\\/wp-content\\\/uploads\\\/2025\\\/10\\\/JH-200-\u7c97\u7cd9\u5ea6\u6d4b\u8bd5\u5e73\u53f0.jpg\",\"width\":550,\"height\":550},{\"@type\":\"BreadcrumbList\",\"@id\":\"https:\\\/\\\/hardnesstests.com\\\/product\\\/jh-200-roughness-testing-platform\\\/#breadcrumb\",\"itemListElement\":[{\"@type\":\"ListItem\",\"position\":1,\"name\":\"\u9996\u9875\",\"item\":\"https:\\\/\\\/hardnesstests.com\\\/\"},{\"@type\":\"ListItem\",\"position\":2,\"name\":\"products\",\"item\":\"https:\\\/\\\/hardnesstests.com\\\/products\\\/\"},{\"@type\":\"ListItem\",\"position\":3,\"name\":\"JH-200 roughness testing platform\"}]},{\"@type\":\"WebSite\",\"@id\":\"https:\\\/\\\/hardnesstests.com\\\/tr\\\/#website\",\"url\":\"https:\\\/\\\/hardnesstests.com\\\/tr\\\/\",\"name\":\"hardnesstests\",\"description\":\"\",\"publisher\":{\"@id\":\"https:\\\/\\\/hardnesstests.com\\\/tr\\\/#organization\"},\"potentialAction\":[{\"@type\":\"SearchAction\",\"target\":{\"@type\":\"EntryPoint\",\"urlTemplate\":\"https:\\\/\\\/hardnesstests.com\\\/tr\\\/?s={search_term_string}\"},\"query-input\":{\"@type\":\"PropertyValueSpecification\",\"valueRequired\":true,\"valueName\":\"search_term_string\"}}],\"inLanguage\":\"de\"},{\"@type\":\"Organization\",\"@id\":\"https:\\\/\\\/hardnesstests.com\\\/tr\\\/#organization\",\"name\":\"hardnesstests\",\"url\":\"https:\\\/\\\/hardnesstests.com\\\/tr\\\/\",\"logo\":{\"@type\":\"ImageObject\",\"inLanguage\":\"de\",\"@id\":\"https:\\\/\\\/hardnesstests.com\\\/tr\\\/#\\\/schema\\\/logo\\\/image\\\/\",\"url\":\"https:\\\/\\\/hardnesstests.com\\\/wp-content\\\/uploads\\\/2021\\\/08\\\/\u5fae\u4fe1\u56fe\u7247_20251029102004_335_1287.png\",\"contentUrl\":\"https:\\\/\\\/hardnesstests.com\\\/wp-content\\\/uploads\\\/2021\\\/08\\\/\u5fae\u4fe1\u56fe\u7247_20251029102004_335_1287.png\",\"width\":1308,\"height\":467,\"caption\":\"hardnesstests\"},\"image\":{\"@id\":\"https:\\\/\\\/hardnesstests.com\\\/tr\\\/#\\\/schema\\\/logo\\\/image\\\/\"}}]}<\/script>\n<!-- \/ Yoast SEO Premium plugin. -->","yoast_head_json":{"title":"JH-200 roughness testing platform - hardnesstests","robots":{"index":"index","follow":"follow","max-snippet":"max-snippet:-1","max-image-preview":"max-image-preview:large","max-video-preview":"max-video-preview:-1"},"canonical":"https:\/\/hardnesstests.com\/de_de_formal\/produkt\/jh-200-roughness-testing-platform\/","og_locale":"de_DE","og_type":"article","og_title":"JH-200 roughness testing platform","og_description":"The roughness meter platform is one of the main accessories of the portable roughness measuring instrument. It is suitable for various domestic hand-held roughness meters. It provides a high-precision measuring platform and a column lifting system, which can easily adjust the instrument, and its effect will be greatly improved. Reduce the operating difficulty of the instrument, especially when measuring high-precision parts, the effect will be more obvious. This product is also suitable for users who use roughness measuring instruments from other manufacturers (including foreign manufacturers), but a special connection part needs to be customized. Of course, special users for other purposes are not excluded. For special sensors, this set of accessories must be used to make complex and precise adjustments.","og_url":"https:\/\/hardnesstests.com\/de_de_formal\/produkt\/jh-200-roughness-testing-platform\/","og_site_name":"hardnesstests","article_modified_time":"2025-11-27T05:41:22+00:00","og_image":[{"width":550,"height":550,"url":"https:\/\/hardnesstests.com\/wp-content\/uploads\/2025\/10\/JH-200-\u7c97\u7cd9\u5ea6\u6d4b\u8bd5\u5e73\u53f0.jpg","type":"image\/jpeg"}],"twitter_card":"summary_large_image","twitter_misc":{"Gesch\u00e4tzte Lesezeit":"1\u00a0Minute"},"schema":{"@context":"https:\/\/schema.org","@graph":[{"@type":"WebPage","@id":"https:\/\/hardnesstests.com\/product\/jh-200-roughness-testing-platform\/","url":"https:\/\/hardnesstests.com\/product\/jh-200-roughness-testing-platform\/","name":"JH-200 roughness testing platform - hardnesstests","isPartOf":{"@id":"https:\/\/hardnesstests.com\/tr\/#website"},"primaryImageOfPage":{"@id":"https:\/\/hardnesstests.com\/product\/jh-200-roughness-testing-platform\/#primaryimage"},"image":{"@id":"https:\/\/hardnesstests.com\/product\/jh-200-roughness-testing-platform\/#primaryimage"},"thumbnailUrl":"https:\/\/hardnesstests.com\/wp-content\/uploads\/2025\/10\/JH-200-\u7c97\u7cd9\u5ea6\u6d4b\u8bd5\u5e73\u53f0.jpg","datePublished":"2025-10-20T06:29:42+00:00","dateModified":"2025-11-27T05:41:22+00:00","breadcrumb":{"@id":"https:\/\/hardnesstests.com\/product\/jh-200-roughness-testing-platform\/#breadcrumb"},"inLanguage":"de","potentialAction":[{"@type":"ReadAction","target":["https:\/\/hardnesstests.com\/product\/jh-200-roughness-testing-platform\/"]}]},{"@type":"ImageObject","inLanguage":"de","@id":"https:\/\/hardnesstests.com\/product\/jh-200-roughness-testing-platform\/#primaryimage","url":"https:\/\/hardnesstests.com\/wp-content\/uploads\/2025\/10\/JH-200-\u7c97\u7cd9\u5ea6\u6d4b\u8bd5\u5e73\u53f0.jpg","contentUrl":"https:\/\/hardnesstests.com\/wp-content\/uploads\/2025\/10\/JH-200-\u7c97\u7cd9\u5ea6\u6d4b\u8bd5\u5e73\u53f0.jpg","width":550,"height":550},{"@type":"BreadcrumbList","@id":"https:\/\/hardnesstests.com\/product\/jh-200-roughness-testing-platform\/#breadcrumb","itemListElement":[{"@type":"ListItem","position":1,"name":"\u9996\u9875","item":"https:\/\/hardnesstests.com\/"},{"@type":"ListItem","position":2,"name":"products","item":"https:\/\/hardnesstests.com\/products\/"},{"@type":"ListItem","position":3,"name":"JH-200 roughness testing platform"}]},{"@type":"WebSite","@id":"https:\/\/hardnesstests.com\/tr\/#website","url":"https:\/\/hardnesstests.com\/tr\/","name":"hardnesstests","description":"","publisher":{"@id":"https:\/\/hardnesstests.com\/tr\/#organization"},"potentialAction":[{"@type":"SearchAction","target":{"@type":"EntryPoint","urlTemplate":"https:\/\/hardnesstests.com\/tr\/?s={search_term_string}"},"query-input":{"@type":"PropertyValueSpecification","valueRequired":true,"valueName":"search_term_string"}}],"inLanguage":"de"},{"@type":"Organization","@id":"https:\/\/hardnesstests.com\/tr\/#organization","name":"hardnesstests","url":"https:\/\/hardnesstests.com\/tr\/","logo":{"@type":"ImageObject","inLanguage":"de","@id":"https:\/\/hardnesstests.com\/tr\/#\/schema\/logo\/image\/","url":"https:\/\/hardnesstests.com\/wp-content\/uploads\/2021\/08\/\u5fae\u4fe1\u56fe\u7247_20251029102004_335_1287.png","contentUrl":"https:\/\/hardnesstests.com\/wp-content\/uploads\/2021\/08\/\u5fae\u4fe1\u56fe\u7247_20251029102004_335_1287.png","width":1308,"height":467,"caption":"hardnesstests"},"image":{"@id":"https:\/\/hardnesstests.com\/tr\/#\/schema\/logo\/image\/"}}]}},"_links":{"self":[{"href":"https:\/\/hardnesstests.com\/de_de_formal\/wp-json\/wp\/v2\/product\/29069","targetHints":{"allow":["GET"]}}],"collection":[{"href":"https:\/\/hardnesstests.com\/de_de_formal\/wp-json\/wp\/v2\/product"}],"about":[{"href":"https:\/\/hardnesstests.com\/de_de_formal\/wp-json\/wp\/v2\/types\/product"}],"replies":[{"embeddable":true,"href":"https:\/\/hardnesstests.com\/de_de_formal\/wp-json\/wp\/v2\/comments?post=29069"}],"version-history":[{"count":4,"href":"https:\/\/hardnesstests.com\/de_de_formal\/wp-json\/wp\/v2\/product\/29069\/revisions"}],"predecessor-version":[{"id":29692,"href":"https:\/\/hardnesstests.com\/de_de_formal\/wp-json\/wp\/v2\/product\/29069\/revisions\/29692"}],"wp:featuredmedia":[{"embeddable":true,"href":"https:\/\/hardnesstests.com\/de_de_formal\/wp-json\/wp\/v2\/media\/29070"}],"wp:attachment":[{"href":"https:\/\/hardnesstests.com\/de_de_formal\/wp-json\/wp\/v2\/media?parent=29069"}],"wp:term":[{"taxonomy":"product_brand","embeddable":true,"href":"https:\/\/hardnesstests.com\/de_de_formal\/wp-json\/wp\/v2\/product_brand?post=29069"},{"taxonomy":"product_cat","embeddable":true,"href":"https:\/\/hardnesstests.com\/de_de_formal\/wp-json\/wp\/v2\/product_cat?post=29069"},{"taxonomy":"product_tag","embeddable":true,"href":"https:\/\/hardnesstests.com\/de_de_formal\/wp-json\/wp\/v2\/product_tag?post=29069"}],"curies":[{"name":"wp","href":"https:\/\/api.w.org\/{rel}","templated":true}]}}